{"id":18179,"date":"2023-12-13T09:07:18","date_gmt":"2023-12-13T09:07:18","guid":{"rendered":"https:\/\/tajkertesz.com\/?post_type=product&#038;p=18179"},"modified":"2023-12-13T12:21:54","modified_gmt":"2023-12-13T12:21:54","slug":"crataegus-lavallei-carrierei-fenylo-levelu-galagonya","status":"publish","type":"product","link":"https:\/\/tajkertesz.com\/en_US\/product\/crataegus-lavallei-carrierei-fenylo-levelu-galagonya\/","title":{"rendered":"Crataegus lavallei &#8216;Carrierei&#8217;-F\u00e9nyl\u0151 level\u0171 galagonya"},"content":{"rendered":"<div>\n<div dir=\"auto\">Crataegus lavallei &#8216;Carrierei&#8217;-F\u00e9nyl\u0151 level\u0171 galagonya<\/div>\n<div dir=\"auto\"><\/div>\n<\/div>\n<div>\n<div dir=\"auto\">Kb. 6-8m-es magass\u00e1got el\u00e9r\u0151 toj\u00e1sdad koron\u00e1j\u00fa kis termet\u0171 lombhullat\u00f3 fa.<\/div>\n<div dir=\"auto\">F\u00e9nyes levelei toj\u00e1sdad alak\u00faak, feh\u00e9r sz\u00edn\u0171 vir\u00e1gai m\u00e1jusban ny\u00edlnak. \u00c9l\u00e9nkv\u00f6r\u00f6s sz\u00edn\u0171 term\u00e9st hoz, mely a fagyokik a f\u00e1n marad.<\/div>\n<div dir=\"auto\">Napos vil\u00e1gos helyre \u00fcltess\u00fck, toler\u00e1lja a v\u00e1rosi k\u00f6r\u00fclm\u00e9nyeket, a kevesebb f\u00e9nyt \u00e9s \u00e1tmeneti sz\u00e1razs\u00e1got.<\/div>\n<div dir=\"auto\">J\u00f3\u00a0v\u00edz\u00e1tereszt\u0151 k\u00e9pess\u00e9g\u0171 semleges talajba \u00fcltess\u00fck.<\/div>\n<\/div>\n<div>\n<div dir=\"auto\">A k\u00e9pek a kert\u00e9szet\u00fcnkben\u00a0 k\u00e9sz\u00fcltek.<\/div>\n<div dir=\"auto\">A term\u00e9k m\u00e9ret\u00e9n\u00e9l fogva fut\u00e1rszolg\u00e1lattal nem sz\u00e1ll\u00edthat\u00f3!<\/div>\n<div dir=\"auto\">\n<p>Jelen term\u00e9k\u00fcnk 35 literes kont\u00e9nerben kaphat\u00f3 \u00e9s kb 4m magass\u00e1g\u00fa.<\/p>\n<p>T\u00f6rzsk\u00f6rm\u00e9rete 10\/12<\/p>\n<p><strong>K\u00e9szlet\u00fcnk napi szinten v\u00e1ltozik, ez\u00e9rt k\u00e9rj\u00fck, \u00e9rdekl\u0151dj\u00f6n szem\u00e9lyesen, telefonon vagy email-en.<br \/>\nA v\u00e1ltoztat\u00e1s jog\u00e1t fenntartjuk!\u00a0<\/strong><\/p>\n<p>&nbsp;<\/p>\n<p><a href=\"https:\/\/tajkertesz.com\/\">https:\/\/tajkertesz.com\/<\/a><\/p>\n<p><a href=\"https:\/\/www.facebook.com\/tajkertesz\/\">https:\/\/www.facebook.com\/tajkertesz\/<\/a><\/p>\n<p>Kisz\u00e1ll\u00edt\u00e1s: 200cm-ig \u00a0\u00e9s 40 kg-ig a sz\u00e1ll\u00edt\u00e1s fut\u00e1rszolg\u00e1lattal \u00a0t\u00f6rt\u00e9nik.<\/p>\n<p>Szem\u00e9lyes \u00e1tv\u00e9tel nyitvatart\u00e1si id\u0151ben a 17. ker\u00fclet Bakancsos utca 7. sz\u00e1m alatti Kert\u00e9szeti \u00e1rud\u00e1ban.<\/p>\n<div>\n<div dir=\"auto\">Crataegus lavallei &#8216;Carrierei&#8217;-F\u00e9nyl\u0151 level\u0171 galagonya<\/div>\n<\/div>\n<div>\n<div dir=\"auto\">Kb. 6-8m-es magass\u00e1got el\u00e9r\u0151 toj\u00e1sdad koron\u00e1j\u00fa kis termet\u0171 lombhullat\u00f3 fa.<\/div>\n<div dir=\"auto\">F\u00e9nyes levelei toj\u00e1sdad alak\u00faak, feh\u00e9r sz\u00edn\u0171 vir\u00e1gai m\u00e1jusban ny\u00edlnak. \u00c9l\u00e9nkv\u00f6r\u00f6s sz\u00edn\u0171 term\u00e9st hoz, mely a fagyokik a f\u00e1n marad.<\/div>\n<div dir=\"auto\">Napos vil\u00e1gos helyre \u00fcltess\u00fck, toler\u00e1lja a v\u00e1rosi k\u00f6r\u00fclm\u00e9nyeket, a kevesebb f\u00e9nyt \u00e9s \u00e1tmeneti sz\u00e1razs\u00e1got.<\/div>\n<div dir=\"auto\">J\u00f3\u00a0v\u00edz\u00e1tereszt\u0151 k\u00e9pess\u00e9g\u0171 semleges talajba \u00fcltess\u00fck.<\/div>\n<\/div>\n<div>\n<div dir=\"auto\">A k\u00e9pek a kert\u00e9szet\u00fcnkben\u00a0 k\u00e9sz\u00fcltek. Jelen term\u00e9k\u00fcnk 35 literes kont\u00e9nerben 10\/12- es m\u00e9retben kb: 250\/300 magas. El\u00e9rhet\u0151 t\u00f6bbf\u00e9le m\u00e9retben \u00e9s \u00e1rban. <strong>K\u00e9szlet\u00fcnk napi szinten v\u00e1ltozik, ez\u00e9rt k\u00e9rj\u00fck, \u00e9rdekl\u0151dj\u00f6n szem\u00e9lyesen, telefonon vagy email-en. <\/strong><strong>A v\u00e1ltoztat\u00e1s jog\u00e1t fenntartjuk!\u00a0<\/strong><\/div>\n<div dir=\"auto\">\n<p>&nbsp;<\/p>\n<\/div>\n<\/div>\n<\/div>\n<\/div>","protected":false},"excerpt":{"rendered":"<div>\n<div dir=\"auto\">Crataegus lavallei &#8216;Carrierei&#8217;-F\u00e9nyl\u0151 level\u0171 galagonya<\/div>\n<div dir=\"auto\"><\/div>\n<\/div>\n<div>\n<div dir=\"auto\">Kb. 6-8m-es magass\u00e1got el\u00e9r\u0151 toj\u00e1sdad koron\u00e1j\u00fa kis termet\u0171 lombhullat\u00f3 fa.<\/div>\n<div dir=\"auto\">F\u00e9nyes levelei toj\u00e1sdad alak\u00faak, feh\u00e9r sz\u00edn\u0171 vir\u00e1gai m\u00e1jusban ny\u00edlnak. \u00c9l\u00e9nkv\u00f6r\u00f6s sz\u00edn\u0171 term\u00e9st hoz, mely a fagyokik a f\u00e1n marad.<\/div>\n<div dir=\"auto\">Napos vil\u00e1gos helyre \u00fcltess\u00fck, toler\u00e1lja a v\u00e1rosi k\u00f6r\u00fclm\u00e9nyeket, a kevesebb f\u00e9nyt \u00e9s \u00e1tmeneti sz\u00e1razs\u00e1got.<\/div>\n<div dir=\"auto\">J\u00f3\u00a0v\u00edz\u00e1tereszt\u0151 k\u00e9pess\u00e9g\u0171 semleges talajba \u00fcltess\u00fck.<\/div>\n<\/div>\n<div>\n<div dir=\"auto\">A k\u00e9pek a kert\u00e9szet\u00fcnkben\u00a0 k\u00e9sz\u00fcltek.<\/div>\n<h5 dir=\"auto\"><span style=\"color: #000000;\">Jelen term\u00e9k\u00fcnk 35 literes kont\u00e9nerben 10\/12- es m\u00e9retben kb: 4m magas.<\/span><\/h5>\n<\/div>\n<h2 dir=\"auto\"><span style=\"color: #ff0000;\">A term\u00e9k m\u00e9ret\u00e9n\u00e9l fogva fut\u00e1rszolg\u00e1lattal nem sz\u00e1ll\u00edthat\u00f3!<\/span><\/h2>","protected":false},"featured_media":18183,"template":"","meta":{"_et_pb_use_builder":"","_et_pb_old_content":"","_et_gb_content_width":""},"product_brand":[],"product_cat":[28],"product_tag":[4520,4519,4521,4193,4522,254],"class_list":{"0":"post-18179","1":"product","2":"type-product","3":"status-publish","4":"has-post-thumbnail","6":"product_cat-diszfak","7":"product_tag-carrierei","8":"product_tag-crataegus-lavallei","9":"product_tag-fenylo","10":"product_tag-galagonya","11":"product_tag-lavallei","12":"product_tag-levelu","14":"first","15":"instock","16":"shipping-taxable","17":"purchasable","18":"product-type-simple"},"yoast_head":"<!-- This site is optimized with the Yoast SEO plugin v27.4 - https:\/\/yoast.com\/product\/yoast-seo-wordpress\/ -->\n<title>Crataegus lavallei &#039;Carrierei&#039;-F\u00e9nyl\u0151 level\u0171 galagonya - T\u00e1jkert\u00e9sz<\/title>\n<meta name=\"description\" content=\"Crataegus lavallei &#039;Carrierei&#039;-F\u00e9nyl\u0151 level\u0171 galagonya Kb. 6-8m-es magass\u00e1got el\u00e9r\u0151 toj\u00e1sdad koron\u00e1j\u00fa kis termet\u0171 lombhullat\u00f3 fa.\" \/>\n<meta name=\"robots\" content=\"index, follow, max-snippet:-1, max-image-preview:large, max-video-preview:-1\" \/>\n<link rel=\"canonical\" href=\"https:\/\/tajkertesz.com\/en_US\/product\/crataegus-lavallei-carrierei-fenylo-levelu-galagonya\/\" \/>\n<meta property=\"og:locale\" content=\"en_US\" \/>\n<meta property=\"og:type\" content=\"article\" \/>\n<meta property=\"og:title\" content=\"Crataegus lavallei &#039;Carrierei&#039;-F\u00e9nyl\u0151 level\u0171 galagonya - T\u00e1jkert\u00e9sz\" \/>\n<meta property=\"og:description\" content=\"Crataegus lavallei &#039;Carrierei&#039;-F\u00e9nyl\u0151 level\u0171 galagonya Kb. 6-8m-es magass\u00e1got el\u00e9r\u0151 toj\u00e1sdad koron\u00e1j\u00fa kis termet\u0171 lombhullat\u00f3 fa.\" \/>\n<meta property=\"og:url\" content=\"https:\/\/tajkertesz.com\/en_US\/product\/crataegus-lavallei-carrierei-fenylo-levelu-galagonya\/\" \/>\n<meta property=\"og:site_name\" content=\"T\u00e1jkert\u00e9sz\" \/>\n<meta property=\"article:publisher\" content=\"https:\/\/www.facebook.com\/Tajkertesz\/\" \/>\n<meta property=\"article:modified_time\" content=\"2023-12-13T12:21:54+00:00\" \/>\n<meta property=\"og:image\" content=\"https:\/\/tajkertesz.com\/wp-content\/uploads\/2023\/12\/galagonya-1.jpg\" \/>\n\t<meta property=\"og:image:width\" content=\"923\" \/>\n\t<meta property=\"og:image:height\" content=\"2048\" \/>\n\t<meta property=\"og:image:type\" content=\"image\/jpeg\" \/>\n<meta name=\"twitter:card\" content=\"summary_large_image\" \/>\n<meta name=\"twitter:label1\" content=\"Est. reading time\" \/>\n\t<meta name=\"twitter:data1\" content=\"2 minutes\" \/>\n<script type=\"application\/ld+json\" class=\"yoast-schema-graph\">{\"@context\":\"https:\\\/\\\/schema.org\",\"@graph\":[{\"@type\":\"WebPage\",\"@id\":\"https:\\\/\\\/tajkertesz.com\\\/termek\\\/crataegus-lavallei-carrierei-fenylo-levelu-galagonya\\\/\",\"url\":\"https:\\\/\\\/tajkertesz.com\\\/termek\\\/crataegus-lavallei-carrierei-fenylo-levelu-galagonya\\\/\",\"name\":\"Crataegus lavallei 'Carrierei'-F\u00e9nyl\u0151 level\u0171 galagonya - T\u00e1jkert\u00e9sz\",\"isPartOf\":{\"@id\":\"https:\\\/\\\/tajkertesz.com\\\/#website\"},\"primaryImageOfPage\":{\"@id\":\"https:\\\/\\\/tajkertesz.com\\\/termek\\\/crataegus-lavallei-carrierei-fenylo-levelu-galagonya\\\/#primaryimage\"},\"image\":{\"@id\":\"https:\\\/\\\/tajkertesz.com\\\/termek\\\/crataegus-lavallei-carrierei-fenylo-levelu-galagonya\\\/#primaryimage\"},\"thumbnailUrl\":\"https:\\\/\\\/tajkertesz.com\\\/wp-content\\\/uploads\\\/2023\\\/12\\\/galagonya-1.jpg\",\"datePublished\":\"2023-12-13T09:07:18+00:00\",\"dateModified\":\"2023-12-13T12:21:54+00:00\",\"description\":\"Crataegus lavallei 'Carrierei'-F\u00e9nyl\u0151 level\u0171 galagonya Kb. 6-8m-es magass\u00e1got el\u00e9r\u0151 toj\u00e1sdad koron\u00e1j\u00fa kis termet\u0171 lombhullat\u00f3 fa.\",\"breadcrumb\":{\"@id\":\"https:\\\/\\\/tajkertesz.com\\\/termek\\\/crataegus-lavallei-carrierei-fenylo-levelu-galagonya\\\/#breadcrumb\"},\"inLanguage\":\"en-US\",\"potentialAction\":[{\"@type\":\"ReadAction\",\"target\":[\"https:\\\/\\\/tajkertesz.com\\\/termek\\\/crataegus-lavallei-carrierei-fenylo-levelu-galagonya\\\/\"]}]},{\"@type\":\"ImageObject\",\"inLanguage\":\"en-US\",\"@id\":\"https:\\\/\\\/tajkertesz.com\\\/termek\\\/crataegus-lavallei-carrierei-fenylo-levelu-galagonya\\\/#primaryimage\",\"url\":\"https:\\\/\\\/tajkertesz.com\\\/wp-content\\\/uploads\\\/2023\\\/12\\\/galagonya-1.jpg\",\"contentUrl\":\"https:\\\/\\\/tajkertesz.com\\\/wp-content\\\/uploads\\\/2023\\\/12\\\/galagonya-1.jpg\",\"width\":923,\"height\":2048},{\"@type\":\"BreadcrumbList\",\"@id\":\"https:\\\/\\\/tajkertesz.com\\\/termek\\\/crataegus-lavallei-carrierei-fenylo-levelu-galagonya\\\/#breadcrumb\",\"itemListElement\":[{\"@type\":\"ListItem\",\"position\":1,\"name\":\"Home\",\"item\":\"https:\\\/\\\/tajkertesz.com\\\/\"},{\"@type\":\"ListItem\",\"position\":2,\"name\":\"Kezd\u0151lap\",\"item\":\"https:\\\/\\\/tajkertesz.com\\\/\"},{\"@type\":\"ListItem\",\"position\":3,\"name\":\"Crataegus lavallei &#8216;Carrierei&#8217;-F\u00e9nyl\u0151 level\u0171 galagonya\"}]},{\"@type\":\"WebSite\",\"@id\":\"https:\\\/\\\/tajkertesz.com\\\/#website\",\"url\":\"https:\\\/\\\/tajkertesz.com\\\/\",\"name\":\"T\u00e1j-Kert\u00e9sz 84 Kft.\",\"description\":\"Kert\u00e9szeti kis- \u00e9s nagykeresked\u00e9s, D\u00edszn\u00f6v\u00e9ny web\u00e1ruh\u00e1z orsz\u00e1gos h\u00e1zhozsz\u00e1ll\u00edt\u00e1ssal!\",\"publisher\":{\"@id\":\"https:\\\/\\\/tajkertesz.com\\\/#organization\"},\"potentialAction\":[{\"@type\":\"SearchAction\",\"target\":{\"@type\":\"EntryPoint\",\"urlTemplate\":\"https:\\\/\\\/tajkertesz.com\\\/?s={search_term_string}\"},\"query-input\":{\"@type\":\"PropertyValueSpecification\",\"valueRequired\":true,\"valueName\":\"search_term_string\"}}],\"inLanguage\":\"en-US\"},{\"@type\":\"Organization\",\"@id\":\"https:\\\/\\\/tajkertesz.com\\\/#organization\",\"name\":\"T\u00e1j-Kert\u00e9sz 84 Kft.\",\"url\":\"https:\\\/\\\/tajkertesz.com\\\/\",\"logo\":{\"@type\":\"ImageObject\",\"inLanguage\":\"en-US\",\"@id\":\"https:\\\/\\\/tajkertesz.com\\\/#\\\/schema\\\/logo\\\/image\\\/\",\"url\":\"https:\\\/\\\/tajkertesz.com\\\/wp-content\\\/uploads\\\/2018\\\/02\\\/logo-2-e1518678052539.png\",\"contentUrl\":\"https:\\\/\\\/tajkertesz.com\\\/wp-content\\\/uploads\\\/2018\\\/02\\\/logo-2-e1518678052539.png\",\"width\":81,\"height\":140,\"caption\":\"T\u00e1j-Kert\u00e9sz 84 Kft.\"},\"image\":{\"@id\":\"https:\\\/\\\/tajkertesz.com\\\/#\\\/schema\\\/logo\\\/image\\\/\"},\"sameAs\":[\"https:\\\/\\\/www.facebook.com\\\/Tajkertesz\\\/\"]}]}<\/script>\n<!-- \/ Yoast SEO plugin. -->","yoast_head_json":{"title":"Crataegus lavallei 'Carrierei'-F\u00e9nyl\u0151 level\u0171 galagonya - T\u00e1jkert\u00e9sz","description":"Crataegus lavallei 'Carrierei'-F\u00e9nyl\u0151 level\u0171 galagonya Kb. 6-8m-es magass\u00e1got el\u00e9r\u0151 toj\u00e1sdad koron\u00e1j\u00fa kis termet\u0171 lombhullat\u00f3 fa.","robots":{"index":"index","follow":"follow","max-snippet":"max-snippet:-1","max-image-preview":"max-image-preview:large","max-video-preview":"max-video-preview:-1"},"canonical":"https:\/\/tajkertesz.com\/en_US\/product\/crataegus-lavallei-carrierei-fenylo-levelu-galagonya\/","og_locale":"en_US","og_type":"article","og_title":"Crataegus lavallei 'Carrierei'-F\u00e9nyl\u0151 level\u0171 galagonya - T\u00e1jkert\u00e9sz","og_description":"Crataegus lavallei 'Carrierei'-F\u00e9nyl\u0151 level\u0171 galagonya Kb. 6-8m-es magass\u00e1got el\u00e9r\u0151 toj\u00e1sdad koron\u00e1j\u00fa kis termet\u0171 lombhullat\u00f3 fa.","og_url":"https:\/\/tajkertesz.com\/en_US\/product\/crataegus-lavallei-carrierei-fenylo-levelu-galagonya\/","og_site_name":"T\u00e1jkert\u00e9sz","article_publisher":"https:\/\/www.facebook.com\/Tajkertesz\/","article_modified_time":"2023-12-13T12:21:54+00:00","og_image":[{"width":923,"height":2048,"url":"https:\/\/tajkertesz.com\/wp-content\/uploads\/2023\/12\/galagonya-1.jpg","type":"image\/jpeg"}],"twitter_card":"summary_large_image","twitter_misc":{"Est. reading time":"2 minutes"},"schema":{"@context":"https:\/\/schema.org","@graph":[{"@type":"WebPage","@id":"https:\/\/tajkertesz.com\/termek\/crataegus-lavallei-carrierei-fenylo-levelu-galagonya\/","url":"https:\/\/tajkertesz.com\/termek\/crataegus-lavallei-carrierei-fenylo-levelu-galagonya\/","name":"Crataegus lavallei 'Carrierei'-F\u00e9nyl\u0151 level\u0171 galagonya - T\u00e1jkert\u00e9sz","isPartOf":{"@id":"https:\/\/tajkertesz.com\/#website"},"primaryImageOfPage":{"@id":"https:\/\/tajkertesz.com\/termek\/crataegus-lavallei-carrierei-fenylo-levelu-galagonya\/#primaryimage"},"image":{"@id":"https:\/\/tajkertesz.com\/termek\/crataegus-lavallei-carrierei-fenylo-levelu-galagonya\/#primaryimage"},"thumbnailUrl":"https:\/\/tajkertesz.com\/wp-content\/uploads\/2023\/12\/galagonya-1.jpg","datePublished":"2023-12-13T09:07:18+00:00","dateModified":"2023-12-13T12:21:54+00:00","description":"Crataegus lavallei 'Carrierei'-F\u00e9nyl\u0151 level\u0171 galagonya Kb. 6-8m-es magass\u00e1got el\u00e9r\u0151 toj\u00e1sdad koron\u00e1j\u00fa kis termet\u0171 lombhullat\u00f3 fa.","breadcrumb":{"@id":"https:\/\/tajkertesz.com\/termek\/crataegus-lavallei-carrierei-fenylo-levelu-galagonya\/#breadcrumb"},"inLanguage":"en-US","potentialAction":[{"@type":"ReadAction","target":["https:\/\/tajkertesz.com\/termek\/crataegus-lavallei-carrierei-fenylo-levelu-galagonya\/"]}]},{"@type":"ImageObject","inLanguage":"en-US","@id":"https:\/\/tajkertesz.com\/termek\/crataegus-lavallei-carrierei-fenylo-levelu-galagonya\/#primaryimage","url":"https:\/\/tajkertesz.com\/wp-content\/uploads\/2023\/12\/galagonya-1.jpg","contentUrl":"https:\/\/tajkertesz.com\/wp-content\/uploads\/2023\/12\/galagonya-1.jpg","width":923,"height":2048},{"@type":"BreadcrumbList","@id":"https:\/\/tajkertesz.com\/termek\/crataegus-lavallei-carrierei-fenylo-levelu-galagonya\/#breadcrumb","itemListElement":[{"@type":"ListItem","position":1,"name":"Home","item":"https:\/\/tajkertesz.com\/"},{"@type":"ListItem","position":2,"name":"Kezd\u0151lap","item":"https:\/\/tajkertesz.com\/"},{"@type":"ListItem","position":3,"name":"Crataegus lavallei &#8216;Carrierei&#8217;-F\u00e9nyl\u0151 level\u0171 galagonya"}]},{"@type":"WebSite","@id":"https:\/\/tajkertesz.com\/#website","url":"https:\/\/tajkertesz.com\/","name":"T\u00e1j-Kert\u00e9sz 84 Kft.","description":"Kert\u00e9szeti kis- \u00e9s nagykeresked\u00e9s, D\u00edszn\u00f6v\u00e9ny web\u00e1ruh\u00e1z orsz\u00e1gos h\u00e1zhozsz\u00e1ll\u00edt\u00e1ssal!","publisher":{"@id":"https:\/\/tajkertesz.com\/#organization"},"potentialAction":[{"@type":"SearchAction","target":{"@type":"EntryPoint","urlTemplate":"https:\/\/tajkertesz.com\/?s={search_term_string}"},"query-input":{"@type":"PropertyValueSpecification","valueRequired":true,"valueName":"search_term_string"}}],"inLanguage":"en-US"},{"@type":"Organization","@id":"https:\/\/tajkertesz.com\/#organization","name":"T\u00e1j-Kert\u00e9sz 84 Kft.","url":"https:\/\/tajkertesz.com\/","logo":{"@type":"ImageObject","inLanguage":"en-US","@id":"https:\/\/tajkertesz.com\/#\/schema\/logo\/image\/","url":"https:\/\/tajkertesz.com\/wp-content\/uploads\/2018\/02\/logo-2-e1518678052539.png","contentUrl":"https:\/\/tajkertesz.com\/wp-content\/uploads\/2018\/02\/logo-2-e1518678052539.png","width":81,"height":140,"caption":"T\u00e1j-Kert\u00e9sz 84 Kft."},"image":{"@id":"https:\/\/tajkertesz.com\/#\/schema\/logo\/image\/"},"sameAs":["https:\/\/www.facebook.com\/Tajkertesz\/"]}]}},"_links":{"self":[{"href":"https:\/\/tajkertesz.com\/en_US\/wp-json\/wp\/v2\/product\/18179","targetHints":{"allow":["GET"]}}],"collection":[{"href":"https:\/\/tajkertesz.com\/en_US\/wp-json\/wp\/v2\/product"}],"about":[{"href":"https:\/\/tajkertesz.com\/en_US\/wp-json\/wp\/v2\/types\/product"}],"wp:featuredmedia":[{"embeddable":true,"href":"https:\/\/tajkertesz.com\/en_US\/wp-json\/wp\/v2\/media\/18183"}],"wp:attachment":[{"href":"https:\/\/tajkertesz.com\/en_US\/wp-json\/wp\/v2\/media?parent=18179"}],"wp:term":[{"taxonomy":"product_brand","embeddable":true,"href":"https:\/\/tajkertesz.com\/en_US\/wp-json\/wp\/v2\/product_brand?post=18179"},{"taxonomy":"product_cat","embeddable":true,"href":"https:\/\/tajkertesz.com\/en_US\/wp-json\/wp\/v2\/product_cat?post=18179"},{"taxonomy":"product_tag","embeddable":true,"href":"https:\/\/tajkertesz.com\/en_US\/wp-json\/wp\/v2\/product_tag?post=18179"}],"curies":[{"name":"wp","href":"https:\/\/api.w.org\/{rel}","templated":true}]}}