{"id":18189,"date":"2023-12-13T11:17:15","date_gmt":"2023-12-13T11:17:15","guid":{"rendered":"https:\/\/tajkertesz.com\/?post_type=product&#038;p=18189"},"modified":"2025-12-08T09:47:02","modified_gmt":"2025-12-08T09:47:02","slug":"szuperfoszfat-5kg","status":"publish","type":"product","link":"https:\/\/tajkertesz.com\/en_US\/product\/szuperfoszfat-5kg\/","title":{"rendered":"Szuperfoszf\u00e1t 5Kg"},"content":{"rendered":"<h1 class=\"page-head-title product-page-head-title position-relative\"><span class=\"product-page-product-name\">Szuperfoszf\u00e1t 5Kg<\/span><\/h1>\n<div class=\"abstract\">\n<p>A Szuperfoszf\u00e1t\u00a0 5 kg elengedhetetlen a n\u00f6v\u00e9nyeink sz\u00e1m\u00e1ra.<\/p>\n<p>A makrot\u00e1panyagok elengedhetetlenek a n\u00f6v\u00e9nyek n\u00f6veked\u00e9s\u00e9hez \u00e9s fejl\u0151d\u00e9s\u00e9hez. A h\u00e1rom legfontosabb makrot\u00e1panyag egy n\u00f6v\u00e9ny sz\u00e1m\u00e1ra a nitrog\u00e9n, a foszfor \u00e9s a k\u00e1lium. E h\u00e1rom k\u00f6z\u00fcl a foszfor felel a vir\u00e1gz\u00e1s\u00e9rt \u00e9s a gy\u00fcm\u00f6lcsterm\u00e9s\u00e9rt. Ezek a folyamatok egy \u00fagynevezett szuperfoszf\u00e1t seg\u00edts\u00e9g\u00e9vel is el\u0151seg\u00edthet\u0151k. De mi is ez a tudom\u00e1nyosnak hangz\u00f3 valami? N\u00e9zz\u00fck meg, hogy mi mindent \u00e9rdemes tudni r\u00f3la \u00e9s haszn\u00e1lat\u00e1r\u00f3l.<\/p>\n<p>Kell-e a kertbe szuperfoszf\u00e1t?<br \/>\nMin\u00e9l t\u00f6bb vir\u00e1got \u00e9s term\u00e9st siker\u00fclt el\u00e9rned n\u00f6v\u00e9nyeiden, ann\u00e1l gazdagabb sz\u00fcretre sz\u00e1m\u00edthatsz. Ha t\u00f6bb paradicsomot, vagy nagyobb, d\u00fasabb r\u00f3zs\u00e1kat szeretn\u00e9l, akkor a szuperfoszf\u00e1t lehet az, ami seg\u00edthet ebben. Az ipari szuperfoszf\u00e1t a gy\u00f6k\u00e9rfejl\u0151d\u00e9s serkent\u00e9s\u00e9t szolg\u00e1lja, illetve seg\u00edt, hogy a n\u00f6v\u00e9nyben tal\u00e1lhat\u00f3 cukrok hat\u00e9konyabban mozogjanak a n\u00f6v\u00e9nyen bel\u00fcl, felgyors\u00edtva ezzel az \u00e9r\u00e9si folyamatot. Leggyakrabban nagyobb vir\u00e1gok \u00e9s t\u00f6bb gy\u00fcm\u00f6lcs termeszt\u00e9s\u00e9hez haszn\u00e1lj\u00e1k.<\/p>\n<p>&nbsp;<\/p>\n<p>\u00c1ltal\u00e1ban z\u00f6lds\u00e9geken, hagym\u00e1kon, gum\u00f3kon, vir\u00e1gz\u00f3 f\u00e1kon, gy\u00fcm\u00f6lcs\u00f6k\u00f6n, r\u00f3zs\u00e1kon \u00e9s m\u00e1s vir\u00e1gz\u00f3 n\u00f6v\u00e9nyeken haszn\u00e1lj\u00e1k. Egy hossz\u00fa t\u00e1v\u00fa kutat\u00e1s sor\u00e1n kimutatt\u00e1k, hogy a magas d\u00f3zis\u00fa t\u00e1panyag jav\u00edtja a talaj min\u0151s\u00e9g\u00e9t, ami a szerves k\u00f6rforg\u00e1s serkent\u00e9s\u00e9ben \u00e9s a term\u00e9s mennyis\u00e9g\u00e9nek n\u00f6vel\u00e9s\u00e9ben jelenik meg. Mindemellett a talaj pH-\u00e9rt\u00e9k\u00e9nek cs\u00f6kken\u00e9s\u00e9t is k\u00f6t\u00f6tt\u00e9k m\u00e1r hozz\u00e1, tov\u00e1bb\u00e1 a giliszt\u00e1k szaporulat\u00e1t is cs\u00f6kkentheti. A k\u00e9rd\u00e9s nem felt\u00e9tlen\u00fcl az, hogy van-e sz\u00fcks\u00e9g r\u00e1, hanem hogy mikor \u00e9rdemes haszn\u00e1lni a szuperfoszf\u00e1t.<\/p>\n<\/div>\n<p>El\u00e9rhet\u0151 t\u00f6bbf\u00e9le m\u00e9retben \u00e9s \u00e1rban.<\/p>\n<p>&nbsp;<\/p>\n<p><strong>K\u00e9szlet\u00fcnk napi szinten v\u00e1ltozik, ez\u00e9rt k\u00e9rj\u00fck, \u00e9rdekl\u0151dj\u00f6n szem\u00e9lyesen, telefonon vagy email-en.<br \/>\nA v\u00e1ltoztat\u00e1s jog\u00e1t fenntartjuk!\u00a0<\/strong><\/p>\n<p>&nbsp;<\/p>\n<p><a href=\"https:\/\/tajkertesz.com\/\">https:\/\/tajkertesz.com\/<\/a><\/p>\n<p><a href=\"https:\/\/www.facebook.com\/tajkertesz\/\">https:\/\/www.facebook.com\/tajkertesz\/<\/a><\/p>\n<p><a href=\"https:\/\/webshop.bagikft.hu\/btadatlapok\/R%C3%A9zszulf%C3%A1t%202016.01.04..pdf\">Biztons\u00e1gi adatlap<\/a><\/p>\n<p>Kisz\u00e1ll\u00edt\u00e1s: 200cm-ig \u00a0\u00e9s 40 kg-ig a sz\u00e1ll\u00edt\u00e1s fut\u00e1rszolg\u00e1lattal \u00a0t\u00f6rt\u00e9nik.<\/p>\n<p>Szem\u00e9lyes \u00e1tv\u00e9tel nyitvatart\u00e1si id\u0151ben a 17. ker\u00fclet Bakancsos utca 7. sz\u00e1m alatti Kert\u00e9szeti \u00e1rud\u00e1ban.<\/p>\n<p>Forr\u00e1s:www.agraroldal.hu<\/p>\n<p>&nbsp;<\/p>","protected":false},"excerpt":{"rendered":"<p>A makrot\u00e1panyagok elengedhetetlenek a n\u00f6v\u00e9nyek n\u00f6veked\u00e9s\u00e9hez \u00e9s fejl\u0151d\u00e9s\u00e9hez. A h\u00e1rom legfontosabb makrot\u00e1panyag egy n\u00f6v\u00e9ny sz\u00e1m\u00e1ra a nitrog\u00e9n, a foszfor \u00e9s a k\u00e1lium. E h\u00e1rom k\u00f6z\u00fcl a foszfor felel a vir\u00e1gz\u00e1s\u00e9rt \u00e9s a gy\u00fcm\u00f6lcsterm\u00e9s\u00e9rt. Ezek a folyamatok egy \u00fagynevezett szuperfoszf\u00e1t seg\u00edts\u00e9g\u00e9vel is el\u0151seg\u00edthet\u0151k. De mi is ez a tudom\u00e1nyosnak hangz\u00f3 valami? N\u00e9zz\u00fck meg, hogy mi mindent \u00e9rdemes tudni r\u00f3la \u00e9s haszn\u00e1lat\u00e1r\u00f3l.<\/p>","protected":false},"featured_media":18190,"template":"","meta":{"_et_pb_use_builder":"","_et_pb_old_content":"","_et_gb_content_width":""},"product_brand":[],"product_cat":[1457],"product_tag":[703,4523],"class_list":{"0":"post-18189","1":"product","2":"type-product","3":"status-publish","4":"has-post-thumbnail","6":"product_cat-npk-mutragyak-petiso","7":"product_tag-5kg","8":"product_tag-szuperfoszfat","10":"first","11":"instock","12":"shipping-taxable","13":"purchasable","14":"product-type-simple"},"yoast_head":"<!-- This site is optimized with the Yoast SEO plugin v27.3 - https:\/\/yoast.com\/product\/yoast-seo-wordpress\/ -->\n<title>Szuperfoszf\u00e1t 5Kg - T\u00e1jkert\u00e9sz<\/title>\n<meta name=\"description\" content=\"Szuperfoszf\u00e1t 5Kg a makrot\u00e1panyagok elengedhetetlenek a n\u00f6v\u00e9nyek n\u00f6veked\u00e9s\u00e9hez \u00e9s fejl\u0151d\u00e9s\u00e9hez. A legfontosabbak a nitrog\u00e9n, a foszfor \u00e9s a k\u00e1lium.\" \/>\n<meta name=\"robots\" content=\"index, follow, max-snippet:-1, max-image-preview:large, max-video-preview:-1\" \/>\n<link rel=\"canonical\" href=\"https:\/\/tajkertesz.com\/en_US\/product\/szuperfoszfat-5kg\/\" \/>\n<meta property=\"og:locale\" content=\"en_US\" \/>\n<meta property=\"og:type\" content=\"article\" \/>\n<meta property=\"og:title\" content=\"Szuperfoszf\u00e1t 5Kg - T\u00e1jkert\u00e9sz\" \/>\n<meta property=\"og:description\" content=\"Szuperfoszf\u00e1t 5Kg a makrot\u00e1panyagok elengedhetetlenek a n\u00f6v\u00e9nyek n\u00f6veked\u00e9s\u00e9hez \u00e9s fejl\u0151d\u00e9s\u00e9hez. A legfontosabbak a nitrog\u00e9n, a foszfor \u00e9s a k\u00e1lium.\" \/>\n<meta property=\"og:url\" content=\"https:\/\/tajkertesz.com\/en_US\/product\/szuperfoszfat-5kg\/\" \/>\n<meta property=\"og:site_name\" content=\"T\u00e1jkert\u00e9sz\" \/>\n<meta property=\"article:publisher\" content=\"https:\/\/www.facebook.com\/Tajkertesz\/\" \/>\n<meta property=\"article:modified_time\" content=\"2025-12-08T09:47:02+00:00\" \/>\n<meta property=\"og:image\" content=\"https:\/\/tajkertesz.com\/wp-content\/uploads\/2023\/12\/szuperfoszfat-1.jpg\" \/>\n\t<meta property=\"og:image:width\" content=\"500\" \/>\n\t<meta property=\"og:image:height\" content=\"500\" \/>\n\t<meta property=\"og:image:type\" content=\"image\/jpeg\" \/>\n<meta name=\"twitter:card\" content=\"summary_large_image\" \/>\n<meta name=\"twitter:label1\" content=\"Est. reading time\" \/>\n\t<meta name=\"twitter:data1\" content=\"2 minutes\" \/>\n<script type=\"application\/ld+json\" class=\"yoast-schema-graph\">{\"@context\":\"https:\\\/\\\/schema.org\",\"@graph\":[{\"@type\":\"WebPage\",\"@id\":\"https:\\\/\\\/tajkertesz.com\\\/termek\\\/szuperfoszfat-5kg\\\/\",\"url\":\"https:\\\/\\\/tajkertesz.com\\\/termek\\\/szuperfoszfat-5kg\\\/\",\"name\":\"Szuperfoszf\u00e1t 5Kg - T\u00e1jkert\u00e9sz\",\"isPartOf\":{\"@id\":\"https:\\\/\\\/tajkertesz.com\\\/#website\"},\"primaryImageOfPage\":{\"@id\":\"https:\\\/\\\/tajkertesz.com\\\/termek\\\/szuperfoszfat-5kg\\\/#primaryimage\"},\"image\":{\"@id\":\"https:\\\/\\\/tajkertesz.com\\\/termek\\\/szuperfoszfat-5kg\\\/#primaryimage\"},\"thumbnailUrl\":\"https:\\\/\\\/tajkertesz.com\\\/wp-content\\\/uploads\\\/2023\\\/12\\\/szuperfoszfat-1.jpg\",\"datePublished\":\"2023-12-13T11:17:15+00:00\",\"dateModified\":\"2025-12-08T09:47:02+00:00\",\"description\":\"Szuperfoszf\u00e1t 5Kg a makrot\u00e1panyagok elengedhetetlenek a n\u00f6v\u00e9nyek n\u00f6veked\u00e9s\u00e9hez \u00e9s fejl\u0151d\u00e9s\u00e9hez. A legfontosabbak a nitrog\u00e9n, a foszfor \u00e9s a k\u00e1lium.\",\"breadcrumb\":{\"@id\":\"https:\\\/\\\/tajkertesz.com\\\/termek\\\/szuperfoszfat-5kg\\\/#breadcrumb\"},\"inLanguage\":\"en-US\",\"potentialAction\":[{\"@type\":\"ReadAction\",\"target\":[\"https:\\\/\\\/tajkertesz.com\\\/termek\\\/szuperfoszfat-5kg\\\/\"]}]},{\"@type\":\"ImageObject\",\"inLanguage\":\"en-US\",\"@id\":\"https:\\\/\\\/tajkertesz.com\\\/termek\\\/szuperfoszfat-5kg\\\/#primaryimage\",\"url\":\"https:\\\/\\\/tajkertesz.com\\\/wp-content\\\/uploads\\\/2023\\\/12\\\/szuperfoszfat-1.jpg\",\"contentUrl\":\"https:\\\/\\\/tajkertesz.com\\\/wp-content\\\/uploads\\\/2023\\\/12\\\/szuperfoszfat-1.jpg\",\"width\":500,\"height\":500},{\"@type\":\"BreadcrumbList\",\"@id\":\"https:\\\/\\\/tajkertesz.com\\\/termek\\\/szuperfoszfat-5kg\\\/#breadcrumb\",\"itemListElement\":[{\"@type\":\"ListItem\",\"position\":1,\"name\":\"Home\",\"item\":\"https:\\\/\\\/tajkertesz.com\\\/\"},{\"@type\":\"ListItem\",\"position\":2,\"name\":\"Kezd\u0151lap\",\"item\":\"https:\\\/\\\/tajkertesz.com\\\/\"},{\"@type\":\"ListItem\",\"position\":3,\"name\":\"Szuperfoszf\u00e1t 5Kg\"}]},{\"@type\":\"WebSite\",\"@id\":\"https:\\\/\\\/tajkertesz.com\\\/#website\",\"url\":\"https:\\\/\\\/tajkertesz.com\\\/\",\"name\":\"T\u00e1j-Kert\u00e9sz 84 Kft.\",\"description\":\"Kert\u00e9szeti kis- \u00e9s nagykeresked\u00e9s, D\u00edszn\u00f6v\u00e9ny web\u00e1ruh\u00e1z orsz\u00e1gos h\u00e1zhozsz\u00e1ll\u00edt\u00e1ssal!\",\"publisher\":{\"@id\":\"https:\\\/\\\/tajkertesz.com\\\/#organization\"},\"potentialAction\":[{\"@type\":\"SearchAction\",\"target\":{\"@type\":\"EntryPoint\",\"urlTemplate\":\"https:\\\/\\\/tajkertesz.com\\\/?s={search_term_string}\"},\"query-input\":{\"@type\":\"PropertyValueSpecification\",\"valueRequired\":true,\"valueName\":\"search_term_string\"}}],\"inLanguage\":\"en-US\"},{\"@type\":\"Organization\",\"@id\":\"https:\\\/\\\/tajkertesz.com\\\/#organization\",\"name\":\"T\u00e1j-Kert\u00e9sz 84 Kft.\",\"url\":\"https:\\\/\\\/tajkertesz.com\\\/\",\"logo\":{\"@type\":\"ImageObject\",\"inLanguage\":\"en-US\",\"@id\":\"https:\\\/\\\/tajkertesz.com\\\/#\\\/schema\\\/logo\\\/image\\\/\",\"url\":\"https:\\\/\\\/tajkertesz.com\\\/wp-content\\\/uploads\\\/2018\\\/02\\\/logo-2-e1518678052539.png\",\"contentUrl\":\"https:\\\/\\\/tajkertesz.com\\\/wp-content\\\/uploads\\\/2018\\\/02\\\/logo-2-e1518678052539.png\",\"width\":81,\"height\":140,\"caption\":\"T\u00e1j-Kert\u00e9sz 84 Kft.\"},\"image\":{\"@id\":\"https:\\\/\\\/tajkertesz.com\\\/#\\\/schema\\\/logo\\\/image\\\/\"},\"sameAs\":[\"https:\\\/\\\/www.facebook.com\\\/Tajkertesz\\\/\"]}]}<\/script>\n<!-- \/ Yoast SEO plugin. -->","yoast_head_json":{"title":"Szuperfoszf\u00e1t 5Kg - T\u00e1jkert\u00e9sz","description":"Szuperfoszf\u00e1t 5Kg a makrot\u00e1panyagok elengedhetetlenek a n\u00f6v\u00e9nyek n\u00f6veked\u00e9s\u00e9hez \u00e9s fejl\u0151d\u00e9s\u00e9hez. A legfontosabbak a nitrog\u00e9n, a foszfor \u00e9s a k\u00e1lium.","robots":{"index":"index","follow":"follow","max-snippet":"max-snippet:-1","max-image-preview":"max-image-preview:large","max-video-preview":"max-video-preview:-1"},"canonical":"https:\/\/tajkertesz.com\/en_US\/product\/szuperfoszfat-5kg\/","og_locale":"en_US","og_type":"article","og_title":"Szuperfoszf\u00e1t 5Kg - T\u00e1jkert\u00e9sz","og_description":"Szuperfoszf\u00e1t 5Kg a makrot\u00e1panyagok elengedhetetlenek a n\u00f6v\u00e9nyek n\u00f6veked\u00e9s\u00e9hez \u00e9s fejl\u0151d\u00e9s\u00e9hez. A legfontosabbak a nitrog\u00e9n, a foszfor \u00e9s a k\u00e1lium.","og_url":"https:\/\/tajkertesz.com\/en_US\/product\/szuperfoszfat-5kg\/","og_site_name":"T\u00e1jkert\u00e9sz","article_publisher":"https:\/\/www.facebook.com\/Tajkertesz\/","article_modified_time":"2025-12-08T09:47:02+00:00","og_image":[{"width":500,"height":500,"url":"https:\/\/tajkertesz.com\/wp-content\/uploads\/2023\/12\/szuperfoszfat-1.jpg","type":"image\/jpeg"}],"twitter_card":"summary_large_image","twitter_misc":{"Est. reading time":"2 minutes"},"schema":{"@context":"https:\/\/schema.org","@graph":[{"@type":"WebPage","@id":"https:\/\/tajkertesz.com\/termek\/szuperfoszfat-5kg\/","url":"https:\/\/tajkertesz.com\/termek\/szuperfoszfat-5kg\/","name":"Szuperfoszf\u00e1t 5Kg - T\u00e1jkert\u00e9sz","isPartOf":{"@id":"https:\/\/tajkertesz.com\/#website"},"primaryImageOfPage":{"@id":"https:\/\/tajkertesz.com\/termek\/szuperfoszfat-5kg\/#primaryimage"},"image":{"@id":"https:\/\/tajkertesz.com\/termek\/szuperfoszfat-5kg\/#primaryimage"},"thumbnailUrl":"https:\/\/tajkertesz.com\/wp-content\/uploads\/2023\/12\/szuperfoszfat-1.jpg","datePublished":"2023-12-13T11:17:15+00:00","dateModified":"2025-12-08T09:47:02+00:00","description":"Szuperfoszf\u00e1t 5Kg a makrot\u00e1panyagok elengedhetetlenek a n\u00f6v\u00e9nyek n\u00f6veked\u00e9s\u00e9hez \u00e9s fejl\u0151d\u00e9s\u00e9hez. A legfontosabbak a nitrog\u00e9n, a foszfor \u00e9s a k\u00e1lium.","breadcrumb":{"@id":"https:\/\/tajkertesz.com\/termek\/szuperfoszfat-5kg\/#breadcrumb"},"inLanguage":"en-US","potentialAction":[{"@type":"ReadAction","target":["https:\/\/tajkertesz.com\/termek\/szuperfoszfat-5kg\/"]}]},{"@type":"ImageObject","inLanguage":"en-US","@id":"https:\/\/tajkertesz.com\/termek\/szuperfoszfat-5kg\/#primaryimage","url":"https:\/\/tajkertesz.com\/wp-content\/uploads\/2023\/12\/szuperfoszfat-1.jpg","contentUrl":"https:\/\/tajkertesz.com\/wp-content\/uploads\/2023\/12\/szuperfoszfat-1.jpg","width":500,"height":500},{"@type":"BreadcrumbList","@id":"https:\/\/tajkertesz.com\/termek\/szuperfoszfat-5kg\/#breadcrumb","itemListElement":[{"@type":"ListItem","position":1,"name":"Home","item":"https:\/\/tajkertesz.com\/"},{"@type":"ListItem","position":2,"name":"Kezd\u0151lap","item":"https:\/\/tajkertesz.com\/"},{"@type":"ListItem","position":3,"name":"Szuperfoszf\u00e1t 5Kg"}]},{"@type":"WebSite","@id":"https:\/\/tajkertesz.com\/#website","url":"https:\/\/tajkertesz.com\/","name":"T\u00e1j-Kert\u00e9sz 84 Kft.","description":"Kert\u00e9szeti kis- \u00e9s nagykeresked\u00e9s, D\u00edszn\u00f6v\u00e9ny web\u00e1ruh\u00e1z orsz\u00e1gos h\u00e1zhozsz\u00e1ll\u00edt\u00e1ssal!","publisher":{"@id":"https:\/\/tajkertesz.com\/#organization"},"potentialAction":[{"@type":"SearchAction","target":{"@type":"EntryPoint","urlTemplate":"https:\/\/tajkertesz.com\/?s={search_term_string}"},"query-input":{"@type":"PropertyValueSpecification","valueRequired":true,"valueName":"search_term_string"}}],"inLanguage":"en-US"},{"@type":"Organization","@id":"https:\/\/tajkertesz.com\/#organization","name":"T\u00e1j-Kert\u00e9sz 84 Kft.","url":"https:\/\/tajkertesz.com\/","logo":{"@type":"ImageObject","inLanguage":"en-US","@id":"https:\/\/tajkertesz.com\/#\/schema\/logo\/image\/","url":"https:\/\/tajkertesz.com\/wp-content\/uploads\/2018\/02\/logo-2-e1518678052539.png","contentUrl":"https:\/\/tajkertesz.com\/wp-content\/uploads\/2018\/02\/logo-2-e1518678052539.png","width":81,"height":140,"caption":"T\u00e1j-Kert\u00e9sz 84 Kft."},"image":{"@id":"https:\/\/tajkertesz.com\/#\/schema\/logo\/image\/"},"sameAs":["https:\/\/www.facebook.com\/Tajkertesz\/"]}]}},"_links":{"self":[{"href":"https:\/\/tajkertesz.com\/en_US\/wp-json\/wp\/v2\/product\/18189","targetHints":{"allow":["GET"]}}],"collection":[{"href":"https:\/\/tajkertesz.com\/en_US\/wp-json\/wp\/v2\/product"}],"about":[{"href":"https:\/\/tajkertesz.com\/en_US\/wp-json\/wp\/v2\/types\/product"}],"wp:featuredmedia":[{"embeddable":true,"href":"https:\/\/tajkertesz.com\/en_US\/wp-json\/wp\/v2\/media\/18190"}],"wp:attachment":[{"href":"https:\/\/tajkertesz.com\/en_US\/wp-json\/wp\/v2\/media?parent=18189"}],"wp:term":[{"taxonomy":"product_brand","embeddable":true,"href":"https:\/\/tajkertesz.com\/en_US\/wp-json\/wp\/v2\/product_brand?post=18189"},{"taxonomy":"product_cat","embeddable":true,"href":"https:\/\/tajkertesz.com\/en_US\/wp-json\/wp\/v2\/product_cat?post=18189"},{"taxonomy":"product_tag","embeddable":true,"href":"https:\/\/tajkertesz.com\/en_US\/wp-json\/wp\/v2\/product_tag?post=18189"}],"curies":[{"name":"wp","href":"https:\/\/api.w.org\/{rel}","templated":true}]}}