{"id":18214,"date":"2023-12-14T09:25:46","date_gmt":"2023-12-14T09:25:46","guid":{"rendered":"https:\/\/tajkertesz.com\/?post_type=product&#038;p=18214"},"modified":"2025-10-28T14:25:46","modified_gmt":"2025-10-28T14:25:46","slug":"tulipa-elegant-lady","status":"publish","type":"product","link":"https:\/\/tajkertesz.com\/en_US\/product\/tulipa-elegant-lady\/","title":{"rendered":"Tulipa Elegant Lady \/ Tulip\u00e1n Elegant Lady 10 db"},"content":{"rendered":"<h1 class=\"product_title entry-title\">Tulipa Elegant Lady \/ Tulip\u00e1n Elegant Lady 10 db<\/h1>\n<p>A vir\u00e1gforma alapj\u00e1n l\u00e9tre hozott csoport hossz\u00fa, magas sz\u00e1r\u00fa fajt\u00e1k. Leveleik a t\u00f6bbi tulip\u00e1n\u00e9n\u00e1l keskenyebbek. Mag\u00e1nyosan \u00e1ll\u00f3 nagy, eleg\u00e1ns, karcs\u00fa vir\u00e1guk hossza a 12 cm -t is el\u00e9rhetik. Hegyes lepelleveleik cs\u00facsa kifel\u00e9 hajlik. A fajt\u00e1k sz\u00e1ma viszonylag kev\u00e9s. V\u00e1gott vir\u00e1gnak kifejezetten alkalmas, de \u00fcltethetj\u00fck vir\u00e1g\u00e1gyba, \u00e9vel\u0151 \u00e1gyba is. A fajt\u00e1k t\u00f6bbs\u00e9ge hajtat\u00e1sra is megfelel\u0151.<\/p>\n<p>A n\u00f6v\u00e9ny \u00e1ttelel\u0151 r\u00e9sze t\u00e9len a szabadban, hely\u00e9n hagyhat\u00f3, a hagym\u00e1t, gum\u00f3t stb. nem sz\u00fcks\u00e9ges \u0151sszel felszedni. Amennyiben az \u00e1ttelelt n\u00f6v\u00e9ny\u00e1llom\u00e1ny t\u00fals\u00e1gosan els\u0171r\u0171s\u00f6d\u00f6tt, sz\u00e9toszt\u00e1suk, fel\u00faj\u00edt\u00e1suk, \u00e1t\u00fcltet\u00e9s\u00fck a ny\u00e1ri h\u00f3napokban v\u00e9gezhet\u0151. \u00c1ssuk ki a n\u00f6v\u00e9nyeket lombjuk lesz\u00e1rad\u00e1sakor vagy k\u00f6zvetlen\u00fcl ut\u00e1na. A sz\u00e9tv\u00e1laszt\u00e1s, oszt\u00e1lyoz\u00e1s ut\u00e1n a vissza\u00fcltet\u00e9se sz\u00e1nt hagym\u00e1k, gum\u00f3k esetleges sebeit hagyjuk szell\u0151s, h\u0171v\u00f6s helyen besz\u00e1radni. Ezut\u00e1n, m\u00e9g a ny\u00e1r v\u00e9g\u00e9n vagy kora \u0151sszel, \u00fcltess\u00fck el \u0151ket, hogy a telet m\u00e1r a j\u00f3l begy\u00f6keresedve v\u00e1rhass\u00e1k.<\/p>\n<p>T\u00e9l\u00e1ll\u00f3.<\/p>\n<ul>\n<li>M\u00e9ret: 55 cm<\/li>\n<li>Vir\u00e1gz\u00e1s: \u00e1prilis<\/li>\n<li>\u00dcltet\u00e9s: augusztus\/okt\u00f3ber<\/li>\n<li>F\u00e9nyig\u00e9ny: nap, f\u00e9l\u00e1rny\u00e9k<\/li>\n<li>T\u00e9l\u00e1ll\u00f3s\u00e1g: igen<\/li>\n<li>Felhaszn\u00e1l\u00e1s: \u00e9vel\u0151\u00e1gy, v\u00e1gott-vir\u00e1g, vir\u00e1gszeg\u00e9ly<\/li>\n<li>Kiszerel\u00e9s: 10db\/csomag<\/li>\n<\/ul>\n<p><em>\u00a0<\/em><\/p>\n<p>El\u00e9rhet\u0151 t\u00f6bbf\u00e9le m\u00e9retben \u00e9s \u00e1rban.<\/p>\n<p><strong>K\u00e9szlet\u00fcnk napi szinten v\u00e1ltozik, ez\u00e9rt k\u00e9rj\u00fck, \u00e9rdekl\u0151dj\u00f6n szem\u00e9lyesen, telefonon vagy email-en.<br \/>\nA v\u00e1ltoztat\u00e1s jog\u00e1t fenntartjuk!\u00a0<\/strong><\/p>\n<p>&nbsp;<\/p>\n<p><a href=\"https:\/\/tajkertesz.com\/\">https:\/\/tajkertesz.com\/<\/a><\/p>\n<p><a href=\"https:\/\/www.facebook.com\/tajkertesz\/\">https:\/\/www.facebook.com\/tajkertesz\/<\/a><\/p>\n<p>Kisz\u00e1ll\u00edt\u00e1s: 200cm-ig \u00a0\u00e9s 40 kg-ig a sz\u00e1ll\u00edt\u00e1s fut\u00e1rszolg\u00e1lattal \u00a0t\u00f6rt\u00e9nik.<\/p>\n<p>Szem\u00e9lyes \u00e1tv\u00e9tel nyitvatart\u00e1si id\u0151ben a 17. ker\u00fclet Bakancsos utca 7. sz\u00e1m alatti Kert\u00e9szeti \u00e1rud\u00e1ban.<\/p>\n<p>A vir\u00e1gforma alapj\u00e1n l\u00e9tre hozott csoport hossz\u00fa, magas sz\u00e1r\u00fa fajt\u00e1k. Leveleik a t\u00f6bbi tulip\u00e1n\u00e9n\u00e1l keskenyebbek. Mag\u00e1nyosan \u00e1ll\u00f3 nagy, eleg\u00e1ns, karcs\u00fa vir\u00e1guk hossza a 12 cm -t is el\u00e9rhetik. Hegyes lepelleveleik cs\u00facsa kifel\u00e9 hajlik. A fajt\u00e1k sz\u00e1ma viszonylag kev\u00e9s. V\u00e1gott vir\u00e1gnak kifejezetten alkalmas, de \u00fcltethetj\u00fck vir\u00e1g\u00e1gyba, \u00e9vel\u0151 \u00e1gyba is. A fajt\u00e1k t\u00f6bbs\u00e9ge hajtat\u00e1sra is megfelel\u0151.<\/p>\n<p>A n\u00f6v\u00e9ny \u00e1ttelel\u0151 r\u00e9sze t\u00e9len a szabadban, hely\u00e9n hagyhat\u00f3, a hagym\u00e1t, gum\u00f3t stb. nem sz\u00fcks\u00e9ges \u0151sszel felszedni. Amennyiben az \u00e1ttelelt n\u00f6v\u00e9ny\u00e1llom\u00e1ny t\u00fals\u00e1gosan els\u0171r\u0171s\u00f6d\u00f6tt, sz\u00e9toszt\u00e1suk, fel\u00faj\u00edt\u00e1suk, \u00e1t\u00fcltet\u00e9s\u00fck a ny\u00e1ri h\u00f3napokban v\u00e9gezhet\u0151. \u00c1ssuk ki a n\u00f6v\u00e9nyeket lombjuk lesz\u00e1rad\u00e1sakor vagy k\u00f6zvetlen\u00fcl ut\u00e1na. A sz\u00e9tv\u00e1laszt\u00e1s, oszt\u00e1lyoz\u00e1s ut\u00e1n a vissza\u00fcltet\u00e9se sz\u00e1nt hagym\u00e1k, gum\u00f3k esetleges sebeit hagyjuk szell\u0151s, h\u0171v\u00f6s helyen besz\u00e1radni. Ezut\u00e1n, m\u00e9g a ny\u00e1r v\u00e9g\u00e9n vagy kora \u0151sszel, \u00fcltess\u00fck el \u0151ket, hogy a telet m\u00e1r a j\u00f3l begy\u00f6keresedve v\u00e1rhass\u00e1k.<\/p>\n<p>&nbsp;<\/p>\n<p>&nbsp;<\/p>\n<p>&nbsp;<\/p>","protected":false},"excerpt":{"rendered":"<p>&nbsp;<\/p>\n<h1 class=\"product_title entry-title\">Tulipa Elegant Lady \/ Tulip\u00e1n Elegant Lady 10 db<\/h1>\n<p>A vir\u00e1gforma alapj\u00e1n l\u00e9tre hozott csoport hossz\u00fa, magas sz\u00e1r\u00fa fajt\u00e1k. Leveleik a t\u00f6bbi tulip\u00e1n\u00e9n\u00e1l keskenyebbek. Mag\u00e1nyosan \u00e1ll\u00f3 nagy, eleg\u00e1ns, karcs\u00fa vir\u00e1guk hossza a 12 cm -t is el\u00e9rhetik. Hegyes lepelleveleik cs\u00facsa kifel\u00e9 hajlik. A fajt\u00e1k sz\u00e1ma viszonylag kev\u00e9s. V\u00e1gott vir\u00e1gnak kifejezetten alkalmas, de \u00fcltethetj\u00fck vir\u00e1g\u00e1gyba, \u00e9vel\u0151 \u00e1gyba is. A fajt\u00e1k t\u00f6bbs\u00e9ge hajtat\u00e1sra is megfelel\u0151.<\/p>","protected":false},"featured_media":18215,"template":"","meta":{"_et_pb_use_builder":"","_et_pb_old_content":"","_et_gb_content_width":""},"product_brand":[],"product_cat":[3857],"product_tag":[1942,4527,4529,4528,4289,4273],"class_list":{"0":"post-18214","1":"product","2":"type-product","3":"status-publish","4":"has-post-thumbnail","6":"product_cat-viraghagyma-dughagyma","7":"product_tag-10-db","8":"product_tag-elegant","9":"product_tag-elegant-lady","10":"product_tag-lady","11":"product_tag-tulipa","12":"product_tag-tulipan","14":"first","15":"outofstock","16":"shipping-taxable","17":"product-type-simple"},"yoast_head":"<!-- This site is optimized with the Yoast SEO plugin v27.3 - https:\/\/yoast.com\/product\/yoast-seo-wordpress\/ -->\n<title>Tulipa Elegant Lady \/ Tulip\u00e1n Elegant Lady 10 db - T\u00e1jkert\u00e9sz<\/title>\n<meta name=\"description\" content=\"Tulipa Elegant Lady v\u00e1gott vir\u00e1gnak kifejezetten alkalmas, de \u00fcltethetj\u00fck vir\u00e1g\u00e1gyba, \u00e9vel\u0151 \u00e1gyba is. A fajt\u00e1k t\u00f6bbs\u00e9ge hajtat\u00e1sra is megfelel\u0151.\" \/>\n<meta name=\"robots\" content=\"index, follow, max-snippet:-1, max-image-preview:large, max-video-preview:-1\" \/>\n<link rel=\"canonical\" href=\"https:\/\/tajkertesz.com\/en_US\/product\/tulipa-elegant-lady\/\" \/>\n<meta property=\"og:locale\" content=\"en_US\" \/>\n<meta property=\"og:type\" content=\"article\" \/>\n<meta property=\"og:title\" content=\"Tulipa Elegant Lady \/ Tulip\u00e1n Elegant Lady 10 db - T\u00e1jkert\u00e9sz\" \/>\n<meta property=\"og:description\" content=\"Tulipa Elegant Lady v\u00e1gott vir\u00e1gnak kifejezetten alkalmas, de \u00fcltethetj\u00fck vir\u00e1g\u00e1gyba, \u00e9vel\u0151 \u00e1gyba is. A fajt\u00e1k t\u00f6bbs\u00e9ge hajtat\u00e1sra is megfelel\u0151.\" \/>\n<meta property=\"og:url\" content=\"https:\/\/tajkertesz.com\/en_US\/product\/tulipa-elegant-lady\/\" \/>\n<meta property=\"og:site_name\" content=\"T\u00e1jkert\u00e9sz\" \/>\n<meta property=\"article:publisher\" content=\"https:\/\/www.facebook.com\/Tajkertesz\/\" \/>\n<meta property=\"article:modified_time\" content=\"2025-10-28T14:25:46+00:00\" \/>\n<meta property=\"og:image\" content=\"https:\/\/tajkertesz.com\/wp-content\/uploads\/2023\/12\/Elegant-Lady-1.png\" \/>\n\t<meta property=\"og:image:width\" content=\"380\" \/>\n\t<meta property=\"og:image:height\" content=\"569\" \/>\n\t<meta property=\"og:image:type\" content=\"image\/png\" \/>\n<meta name=\"twitter:card\" content=\"summary_large_image\" \/>\n<meta name=\"twitter:label1\" content=\"Est. reading time\" \/>\n\t<meta name=\"twitter:data1\" content=\"2 minutes\" \/>\n<script type=\"application\/ld+json\" class=\"yoast-schema-graph\">{\"@context\":\"https:\\\/\\\/schema.org\",\"@graph\":[{\"@type\":\"WebPage\",\"@id\":\"https:\\\/\\\/tajkertesz.com\\\/termek\\\/tulipa-elegant-lady\\\/\",\"url\":\"https:\\\/\\\/tajkertesz.com\\\/termek\\\/tulipa-elegant-lady\\\/\",\"name\":\"Tulipa Elegant Lady \\\/ Tulip\u00e1n Elegant Lady 10 db - T\u00e1jkert\u00e9sz\",\"isPartOf\":{\"@id\":\"https:\\\/\\\/tajkertesz.com\\\/#website\"},\"primaryImageOfPage\":{\"@id\":\"https:\\\/\\\/tajkertesz.com\\\/termek\\\/tulipa-elegant-lady\\\/#primaryimage\"},\"image\":{\"@id\":\"https:\\\/\\\/tajkertesz.com\\\/termek\\\/tulipa-elegant-lady\\\/#primaryimage\"},\"thumbnailUrl\":\"https:\\\/\\\/tajkertesz.com\\\/wp-content\\\/uploads\\\/2023\\\/12\\\/Elegant-Lady-1.png\",\"datePublished\":\"2023-12-14T09:25:46+00:00\",\"dateModified\":\"2025-10-28T14:25:46+00:00\",\"description\":\"Tulipa Elegant Lady v\u00e1gott vir\u00e1gnak kifejezetten alkalmas, de \u00fcltethetj\u00fck vir\u00e1g\u00e1gyba, \u00e9vel\u0151 \u00e1gyba is. A fajt\u00e1k t\u00f6bbs\u00e9ge hajtat\u00e1sra is megfelel\u0151.\",\"breadcrumb\":{\"@id\":\"https:\\\/\\\/tajkertesz.com\\\/termek\\\/tulipa-elegant-lady\\\/#breadcrumb\"},\"inLanguage\":\"en-US\",\"potentialAction\":[{\"@type\":\"ReadAction\",\"target\":[\"https:\\\/\\\/tajkertesz.com\\\/termek\\\/tulipa-elegant-lady\\\/\"]}]},{\"@type\":\"ImageObject\",\"inLanguage\":\"en-US\",\"@id\":\"https:\\\/\\\/tajkertesz.com\\\/termek\\\/tulipa-elegant-lady\\\/#primaryimage\",\"url\":\"https:\\\/\\\/tajkertesz.com\\\/wp-content\\\/uploads\\\/2023\\\/12\\\/Elegant-Lady-1.png\",\"contentUrl\":\"https:\\\/\\\/tajkertesz.com\\\/wp-content\\\/uploads\\\/2023\\\/12\\\/Elegant-Lady-1.png\",\"width\":380,\"height\":569},{\"@type\":\"BreadcrumbList\",\"@id\":\"https:\\\/\\\/tajkertesz.com\\\/termek\\\/tulipa-elegant-lady\\\/#breadcrumb\",\"itemListElement\":[{\"@type\":\"ListItem\",\"position\":1,\"name\":\"Home\",\"item\":\"https:\\\/\\\/tajkertesz.com\\\/\"},{\"@type\":\"ListItem\",\"position\":2,\"name\":\"Kezd\u0151lap\",\"item\":\"https:\\\/\\\/tajkertesz.com\\\/\"},{\"@type\":\"ListItem\",\"position\":3,\"name\":\"Tulipa Elegant Lady \\\/ Tulip\u00e1n Elegant Lady 10 db\"}]},{\"@type\":\"WebSite\",\"@id\":\"https:\\\/\\\/tajkertesz.com\\\/#website\",\"url\":\"https:\\\/\\\/tajkertesz.com\\\/\",\"name\":\"T\u00e1j-Kert\u00e9sz 84 Kft.\",\"description\":\"Kert\u00e9szeti kis- \u00e9s nagykeresked\u00e9s, D\u00edszn\u00f6v\u00e9ny web\u00e1ruh\u00e1z orsz\u00e1gos h\u00e1zhozsz\u00e1ll\u00edt\u00e1ssal!\",\"publisher\":{\"@id\":\"https:\\\/\\\/tajkertesz.com\\\/#organization\"},\"potentialAction\":[{\"@type\":\"SearchAction\",\"target\":{\"@type\":\"EntryPoint\",\"urlTemplate\":\"https:\\\/\\\/tajkertesz.com\\\/?s={search_term_string}\"},\"query-input\":{\"@type\":\"PropertyValueSpecification\",\"valueRequired\":true,\"valueName\":\"search_term_string\"}}],\"inLanguage\":\"en-US\"},{\"@type\":\"Organization\",\"@id\":\"https:\\\/\\\/tajkertesz.com\\\/#organization\",\"name\":\"T\u00e1j-Kert\u00e9sz 84 Kft.\",\"url\":\"https:\\\/\\\/tajkertesz.com\\\/\",\"logo\":{\"@type\":\"ImageObject\",\"inLanguage\":\"en-US\",\"@id\":\"https:\\\/\\\/tajkertesz.com\\\/#\\\/schema\\\/logo\\\/image\\\/\",\"url\":\"https:\\\/\\\/tajkertesz.com\\\/wp-content\\\/uploads\\\/2018\\\/02\\\/logo-2-e1518678052539.png\",\"contentUrl\":\"https:\\\/\\\/tajkertesz.com\\\/wp-content\\\/uploads\\\/2018\\\/02\\\/logo-2-e1518678052539.png\",\"width\":81,\"height\":140,\"caption\":\"T\u00e1j-Kert\u00e9sz 84 Kft.\"},\"image\":{\"@id\":\"https:\\\/\\\/tajkertesz.com\\\/#\\\/schema\\\/logo\\\/image\\\/\"},\"sameAs\":[\"https:\\\/\\\/www.facebook.com\\\/Tajkertesz\\\/\"]}]}<\/script>\n<!-- \/ Yoast SEO plugin. -->","yoast_head_json":{"title":"Tulipa Elegant Lady \/ Tulip\u00e1n Elegant Lady 10 db - T\u00e1jkert\u00e9sz","description":"Tulipa Elegant Lady v\u00e1gott vir\u00e1gnak kifejezetten alkalmas, de \u00fcltethetj\u00fck vir\u00e1g\u00e1gyba, \u00e9vel\u0151 \u00e1gyba is. A fajt\u00e1k t\u00f6bbs\u00e9ge hajtat\u00e1sra is megfelel\u0151.","robots":{"index":"index","follow":"follow","max-snippet":"max-snippet:-1","max-image-preview":"max-image-preview:large","max-video-preview":"max-video-preview:-1"},"canonical":"https:\/\/tajkertesz.com\/en_US\/product\/tulipa-elegant-lady\/","og_locale":"en_US","og_type":"article","og_title":"Tulipa Elegant Lady \/ Tulip\u00e1n Elegant Lady 10 db - T\u00e1jkert\u00e9sz","og_description":"Tulipa Elegant Lady v\u00e1gott vir\u00e1gnak kifejezetten alkalmas, de \u00fcltethetj\u00fck vir\u00e1g\u00e1gyba, \u00e9vel\u0151 \u00e1gyba is. A fajt\u00e1k t\u00f6bbs\u00e9ge hajtat\u00e1sra is megfelel\u0151.","og_url":"https:\/\/tajkertesz.com\/en_US\/product\/tulipa-elegant-lady\/","og_site_name":"T\u00e1jkert\u00e9sz","article_publisher":"https:\/\/www.facebook.com\/Tajkertesz\/","article_modified_time":"2025-10-28T14:25:46+00:00","og_image":[{"width":380,"height":569,"url":"https:\/\/tajkertesz.com\/wp-content\/uploads\/2023\/12\/Elegant-Lady-1.png","type":"image\/png"}],"twitter_card":"summary_large_image","twitter_misc":{"Est. reading time":"2 minutes"},"schema":{"@context":"https:\/\/schema.org","@graph":[{"@type":"WebPage","@id":"https:\/\/tajkertesz.com\/termek\/tulipa-elegant-lady\/","url":"https:\/\/tajkertesz.com\/termek\/tulipa-elegant-lady\/","name":"Tulipa Elegant Lady \/ Tulip\u00e1n Elegant Lady 10 db - T\u00e1jkert\u00e9sz","isPartOf":{"@id":"https:\/\/tajkertesz.com\/#website"},"primaryImageOfPage":{"@id":"https:\/\/tajkertesz.com\/termek\/tulipa-elegant-lady\/#primaryimage"},"image":{"@id":"https:\/\/tajkertesz.com\/termek\/tulipa-elegant-lady\/#primaryimage"},"thumbnailUrl":"https:\/\/tajkertesz.com\/wp-content\/uploads\/2023\/12\/Elegant-Lady-1.png","datePublished":"2023-12-14T09:25:46+00:00","dateModified":"2025-10-28T14:25:46+00:00","description":"Tulipa Elegant Lady v\u00e1gott vir\u00e1gnak kifejezetten alkalmas, de \u00fcltethetj\u00fck vir\u00e1g\u00e1gyba, \u00e9vel\u0151 \u00e1gyba is. A fajt\u00e1k t\u00f6bbs\u00e9ge hajtat\u00e1sra is megfelel\u0151.","breadcrumb":{"@id":"https:\/\/tajkertesz.com\/termek\/tulipa-elegant-lady\/#breadcrumb"},"inLanguage":"en-US","potentialAction":[{"@type":"ReadAction","target":["https:\/\/tajkertesz.com\/termek\/tulipa-elegant-lady\/"]}]},{"@type":"ImageObject","inLanguage":"en-US","@id":"https:\/\/tajkertesz.com\/termek\/tulipa-elegant-lady\/#primaryimage","url":"https:\/\/tajkertesz.com\/wp-content\/uploads\/2023\/12\/Elegant-Lady-1.png","contentUrl":"https:\/\/tajkertesz.com\/wp-content\/uploads\/2023\/12\/Elegant-Lady-1.png","width":380,"height":569},{"@type":"BreadcrumbList","@id":"https:\/\/tajkertesz.com\/termek\/tulipa-elegant-lady\/#breadcrumb","itemListElement":[{"@type":"ListItem","position":1,"name":"Home","item":"https:\/\/tajkertesz.com\/"},{"@type":"ListItem","position":2,"name":"Kezd\u0151lap","item":"https:\/\/tajkertesz.com\/"},{"@type":"ListItem","position":3,"name":"Tulipa Elegant Lady \/ Tulip\u00e1n Elegant Lady 10 db"}]},{"@type":"WebSite","@id":"https:\/\/tajkertesz.com\/#website","url":"https:\/\/tajkertesz.com\/","name":"T\u00e1j-Kert\u00e9sz 84 Kft.","description":"Kert\u00e9szeti kis- \u00e9s nagykeresked\u00e9s, D\u00edszn\u00f6v\u00e9ny web\u00e1ruh\u00e1z orsz\u00e1gos h\u00e1zhozsz\u00e1ll\u00edt\u00e1ssal!","publisher":{"@id":"https:\/\/tajkertesz.com\/#organization"},"potentialAction":[{"@type":"SearchAction","target":{"@type":"EntryPoint","urlTemplate":"https:\/\/tajkertesz.com\/?s={search_term_string}"},"query-input":{"@type":"PropertyValueSpecification","valueRequired":true,"valueName":"search_term_string"}}],"inLanguage":"en-US"},{"@type":"Organization","@id":"https:\/\/tajkertesz.com\/#organization","name":"T\u00e1j-Kert\u00e9sz 84 Kft.","url":"https:\/\/tajkertesz.com\/","logo":{"@type":"ImageObject","inLanguage":"en-US","@id":"https:\/\/tajkertesz.com\/#\/schema\/logo\/image\/","url":"https:\/\/tajkertesz.com\/wp-content\/uploads\/2018\/02\/logo-2-e1518678052539.png","contentUrl":"https:\/\/tajkertesz.com\/wp-content\/uploads\/2018\/02\/logo-2-e1518678052539.png","width":81,"height":140,"caption":"T\u00e1j-Kert\u00e9sz 84 Kft."},"image":{"@id":"https:\/\/tajkertesz.com\/#\/schema\/logo\/image\/"},"sameAs":["https:\/\/www.facebook.com\/Tajkertesz\/"]}]}},"_links":{"self":[{"href":"https:\/\/tajkertesz.com\/en_US\/wp-json\/wp\/v2\/product\/18214","targetHints":{"allow":["GET"]}}],"collection":[{"href":"https:\/\/tajkertesz.com\/en_US\/wp-json\/wp\/v2\/product"}],"about":[{"href":"https:\/\/tajkertesz.com\/en_US\/wp-json\/wp\/v2\/types\/product"}],"wp:featuredmedia":[{"embeddable":true,"href":"https:\/\/tajkertesz.com\/en_US\/wp-json\/wp\/v2\/media\/18215"}],"wp:attachment":[{"href":"https:\/\/tajkertesz.com\/en_US\/wp-json\/wp\/v2\/media?parent=18214"}],"wp:term":[{"taxonomy":"product_brand","embeddable":true,"href":"https:\/\/tajkertesz.com\/en_US\/wp-json\/wp\/v2\/product_brand?post=18214"},{"taxonomy":"product_cat","embeddable":true,"href":"https:\/\/tajkertesz.com\/en_US\/wp-json\/wp\/v2\/product_cat?post=18214"},{"taxonomy":"product_tag","embeddable":true,"href":"https:\/\/tajkertesz.com\/en_US\/wp-json\/wp\/v2\/product_tag?post=18214"}],"curies":[{"name":"wp","href":"https:\/\/api.w.org\/{rel}","templated":true}]}}