{"id":18230,"date":"2023-12-15T14:34:47","date_gmt":"2023-12-15T14:34:47","guid":{"rendered":"https:\/\/tajkertesz.com\/?post_type=product&#038;p=18230"},"modified":"2024-11-28T15:15:34","modified_gmt":"2024-11-28T15:15:34","slug":"ubbink-szolar-zuhany-deluxe-premium-208","status":"publish","type":"product","link":"https:\/\/tajkertesz.com\/en_US\/product\/ubbink-szolar-zuhany-deluxe-premium-208\/","title":{"rendered":"Ubbink Szol\u00e1r zuhany DELUXE PREMIUM"},"content":{"rendered":"<h2>Ubbink Szol\u00e1r zuhany DELUXE PREMIUM<\/h2>\n<p>Ubbink Szol\u00e1r zuhany DELUXE PREMIUM<\/p>\n<p>(208 cm magas, 35 l kapacit\u00e1s)<\/p>\n<p>Az Ubbink Szol\u00e1r zuhany DELUXE PREMIUM (208 cm magas, 35 l kapacit\u00e1s) exkluz\u00edv megjelen\u00e9st biztos\u00edt a kertben. Gyorsan \u00e9s egyszer\u0171en \u00fczembe helyezhet\u0151!<\/p>\n<p>Ubbink solar kerti zuhanyz\u00f3 exkluz\u00edv megjelen\u00e9st biztos\u00edt a kertben. Gyorsan \u00e9s egyszer\u0171en \u00fczembe helyezhet\u0151!<\/p>\n<p>Gyorsan \u00e9s egyszer\u0171en \u00fczembehelyezhet\u0151 szol\u00e1r zuhany, m\u0171anyag tart\u00e1ly testtel.<\/p>\n<p>Holland gy\u00e1rt\u00e1s\u00fa, a nap \u00e1ltal felmeleg\u00edtett kerti zuhanyz\u00f3. A napenergi\u00e1t \u00a0kihaszn\u00e1lva lehet\u0151s\u00e9ge van hideg-meleg vizes zuhanyz\u00e1sra kint a kertj\u00e9ben. A zuhany m\u0171k\u00f6dtet\u00e9se a gyors-csatlakoz\u00f3nak k\u00f6sz\u00f6nhet\u0151en nem ig\u00e9nyel v\u00edzvezet\u00e9k szerel\u00e9st, mivel egyszer\u0171en a kerti csapr\u00f3l t\u00e1pl\u00e1lhatjuk. A f\u00e9m csap \u00e9s kever\u0151szelep seg\u00edts\u00e9g\u00e9vel\u00a0 k\u00edv\u00e1nt v\u00edzh\u0151m\u00e9rs\u00e9klet \u00e1ll\u00edthat\u00f3 be.<\/p>\n<p>F\u00fart f\u00e9m talp az egyszer\u0171 r\u00f6gz\u00edt\u00e9shez (csavarok mell\u00e9kelve)<\/p>\n<p>Gyors-csatlakoz\u00f3 az egyszer\u0171 bek\u00f6t\u00e9shez.<\/p>\n<p>Telep\u00edt\u00e9se: A mell\u00e9kelt csavarokkal r\u00f6gz\u00edtse a betonhoz vagy nagyobb j\u00e1rdalaphoz.<\/p>\n<div id=\"page_artdet_product_param_title_1851380\" class=\"page_artdet_param_title\">Gy\u00e1rt\u00f3: Ubbink<\/div>\n<div class=\"page_artdet_param_title\">Magass\u00e1g: 208 cm<br \/>\nSzol\u00e1rtart\u00e1ly: 35 liter<\/div>\n<div id=\"page_artdet_product_param_value_2465311\" class=\"page_artdet_param_value\"><\/div>\n<p>El\u00e9rhet\u0151 t\u00f6bbf\u00e9le m\u00e9retben \u00e9s \u00e1rban.<\/p>\n<p>&nbsp;<\/p>\n<h4><span style=\"text-decoration: underline;\">\u00dcGYF\u00c9LSZOLG\u00c1LAT<\/span><\/h4>\n<p>K\u00e9rd\u00e9se van?<\/p>\n<p>H\u00edvjon minket b\u00e1tran vagy \u00edrjon nek\u00fcnk e-mailt!<\/p>\n<p><strong>H\u00e9tk\u00f6znap 8:00-17:00 k\u00f6z\u00f6tt: <\/strong><a href=\"tel:++36203193770\"><strong>+36 203193770<\/strong><\/a><\/p>\n<p><strong>K\u00e9szlet\u00fcnk napi szinten v\u00e1ltozik, ez\u00e9rt k\u00e9rj\u00fck, \u00e9rdekl\u0151dj\u00f6n szem\u00e9lyesen, telefonon vagy email-en.<br \/>\nA v\u00e1ltoztat\u00e1s jog\u00e1t fenntartjuk!\u00a0<\/strong><\/p>\n<p><a href=\"https:\/\/tajkertesz.com\/\">https:\/\/tajkertesz.com\/<\/a><\/p>\n<p><a href=\"https:\/\/www.facebook.com\/tajkertesz\/\">https:\/\/www.facebook.com\/tajkertesz\/<\/a><\/p>\n<p>Kisz\u00e1ll\u00edt\u00e1s: 200cm-ig \u00a0\u00e9s 40 kg-ig a sz\u00e1ll\u00edt\u00e1s fut\u00e1rszolg\u00e1lattal \u00a0t\u00f6rt\u00e9nik.<\/p>\n<p>Szem\u00e9lyes \u00e1tv\u00e9tel nyitvatart\u00e1si id\u0151ben a 17. ker\u00fclet Bakancsos utca 7. sz\u00e1m alatti Kert\u00e9szeti \u00e1rud\u00e1nkban.<\/p>\n<p>&nbsp;<\/p>","protected":false},"excerpt":{"rendered":"<h2>35 l kapacit\u00e1s<\/h2>\n<p>Ubbink solar kerti zuhanyz\u00f3 exkluz\u00edv megjelen\u00e9st biztos\u00edt a kertben. Gyorsan \u00e9s egyszer\u0171en \u00fczembe helyezhet\u0151!<\/p>\n<div id=\"bodyContent\" class=\"mw-body-content\">\n<div id=\"mw-content-text\" class=\"mw-content-ltr\" dir=\"ltr\" lang=\"hu\">\n<div id=\"bodyContent\" class=\"mw-body-content\">\n<div id=\"mw-content-text\" class=\"mw-content-ltr\" dir=\"ltr\" lang=\"hu\">\n<p><b>K\u00e9szlet\u00fcnk napi szinten v\u00e1ltozik, ez\u00e9rt k\u00e9rj\u00fck, \u00e9rdekl\u0151dj\u00f6n szem\u00e9lyesen, telefonon vagy email-en.<\/b><\/p>\n<p>Term\u00e9keinket szem\u00e9lyesen is \u00e1tveheti a h\u00e9t minden napj\u00e1n nyitvatart\u00e1si id\u0151ben!<\/p>\n<p>Kisz\u00e1ll\u00edt\u00e1s: 200 cm \u00e9s 40 kg-ig a sz\u00e1ll\u00edt\u00e1s fut\u00e1rszolg\u00e1lattal t\u00f6rt\u00e9nik.<\/p>\n<\/div>\n<\/div>\n<\/div>\n<\/div>\n<p><b>A v\u00e1ltoztat\u00e1s jog\u00e1t fenntartjuk!\u00a0<\/b><\/p>","protected":false},"featured_media":18231,"template":"","meta":{"_et_pb_use_builder":"","_et_pb_old_content":"","_et_gb_content_width":""},"product_brand":[],"product_cat":[4002],"product_tag":[4533,4532,4531,1545],"class_list":{"0":"post-18230","1":"product","2":"type-product","3":"status-publish","4":"has-post-thumbnail","6":"product_cat-muanyag-folyokak-esovizgyujtes-szikkasztas-kerti-kutak","7":"product_tag-kerti-zuhanyzo","8":"product_tag-szolarzuhany","9":"product_tag-ubbink","10":"product_tag-zuhany","12":"first","13":"instock","14":"shipping-taxable","15":"purchasable","16":"product-type-simple"},"yoast_head":"<!-- This site is optimized with the Yoast SEO plugin v27.4 - https:\/\/yoast.com\/product\/yoast-seo-wordpress\/ -->\n<title>Ubbink Szol\u00e1r zuhany DELUXE PREMIUM - T\u00e1jkert\u00e9sz<\/title>\n<meta name=\"description\" content=\"Ubbink Szol\u00e1r zuhany DELUXE PREMIUM Ubbink solar kerti zuhanyz\u00f3 exkluz\u00edv megjelen\u00e9st biztos\u00edt a kertben. Gyorsan \u00e9s egyszer\u0171en \u00fczembe helyezhet\u0151!\" \/>\n<meta name=\"robots\" content=\"index, follow, max-snippet:-1, max-image-preview:large, max-video-preview:-1\" \/>\n<link rel=\"canonical\" href=\"https:\/\/tajkertesz.com\/en_US\/product\/ubbink-szolar-zuhany-deluxe-premium-208\/\" \/>\n<meta property=\"og:locale\" content=\"en_US\" \/>\n<meta property=\"og:type\" content=\"article\" \/>\n<meta property=\"og:title\" content=\"Ubbink Szol\u00e1r zuhany DELUXE PREMIUM - T\u00e1jkert\u00e9sz\" \/>\n<meta property=\"og:description\" content=\"Ubbink Szol\u00e1r zuhany DELUXE PREMIUM Ubbink solar kerti zuhanyz\u00f3 exkluz\u00edv megjelen\u00e9st biztos\u00edt a kertben. Gyorsan \u00e9s egyszer\u0171en \u00fczembe helyezhet\u0151!\" \/>\n<meta property=\"og:url\" content=\"https:\/\/tajkertesz.com\/en_US\/product\/ubbink-szolar-zuhany-deluxe-premium-208\/\" \/>\n<meta property=\"og:site_name\" content=\"T\u00e1jkert\u00e9sz\" \/>\n<meta property=\"article:publisher\" content=\"https:\/\/www.facebook.com\/Tajkertesz\/\" \/>\n<meta property=\"article:modified_time\" content=\"2024-11-28T15:15:34+00:00\" \/>\n<meta property=\"og:image\" content=\"https:\/\/tajkertesz.com\/wp-content\/uploads\/2023\/12\/7514021_ubbink_deluxe_solarzuhany.jpg\" \/>\n\t<meta property=\"og:image:width\" content=\"900\" \/>\n\t<meta property=\"og:image:height\" content=\"900\" \/>\n\t<meta property=\"og:image:type\" content=\"image\/jpeg\" \/>\n<meta name=\"twitter:card\" content=\"summary_large_image\" \/>\n<meta name=\"twitter:label1\" content=\"Est. reading time\" \/>\n\t<meta name=\"twitter:data1\" content=\"2 minutes\" \/>\n<script type=\"application\/ld+json\" class=\"yoast-schema-graph\">{\"@context\":\"https:\\\/\\\/schema.org\",\"@graph\":[{\"@type\":\"WebPage\",\"@id\":\"https:\\\/\\\/tajkertesz.com\\\/termek\\\/ubbink-szolar-zuhany-deluxe-premium-208\\\/\",\"url\":\"https:\\\/\\\/tajkertesz.com\\\/termek\\\/ubbink-szolar-zuhany-deluxe-premium-208\\\/\",\"name\":\"Ubbink Szol\u00e1r zuhany DELUXE PREMIUM - T\u00e1jkert\u00e9sz\",\"isPartOf\":{\"@id\":\"https:\\\/\\\/tajkertesz.com\\\/#website\"},\"primaryImageOfPage\":{\"@id\":\"https:\\\/\\\/tajkertesz.com\\\/termek\\\/ubbink-szolar-zuhany-deluxe-premium-208\\\/#primaryimage\"},\"image\":{\"@id\":\"https:\\\/\\\/tajkertesz.com\\\/termek\\\/ubbink-szolar-zuhany-deluxe-premium-208\\\/#primaryimage\"},\"thumbnailUrl\":\"https:\\\/\\\/tajkertesz.com\\\/wp-content\\\/uploads\\\/2023\\\/12\\\/7514021_ubbink_deluxe_solarzuhany.jpg\",\"datePublished\":\"2023-12-15T14:34:47+00:00\",\"dateModified\":\"2024-11-28T15:15:34+00:00\",\"description\":\"Ubbink Szol\u00e1r zuhany DELUXE PREMIUM Ubbink solar kerti zuhanyz\u00f3 exkluz\u00edv megjelen\u00e9st biztos\u00edt a kertben. Gyorsan \u00e9s egyszer\u0171en \u00fczembe helyezhet\u0151!\",\"breadcrumb\":{\"@id\":\"https:\\\/\\\/tajkertesz.com\\\/termek\\\/ubbink-szolar-zuhany-deluxe-premium-208\\\/#breadcrumb\"},\"inLanguage\":\"en-US\",\"potentialAction\":[{\"@type\":\"ReadAction\",\"target\":[\"https:\\\/\\\/tajkertesz.com\\\/termek\\\/ubbink-szolar-zuhany-deluxe-premium-208\\\/\"]}]},{\"@type\":\"ImageObject\",\"inLanguage\":\"en-US\",\"@id\":\"https:\\\/\\\/tajkertesz.com\\\/termek\\\/ubbink-szolar-zuhany-deluxe-premium-208\\\/#primaryimage\",\"url\":\"https:\\\/\\\/tajkertesz.com\\\/wp-content\\\/uploads\\\/2023\\\/12\\\/7514021_ubbink_deluxe_solarzuhany.jpg\",\"contentUrl\":\"https:\\\/\\\/tajkertesz.com\\\/wp-content\\\/uploads\\\/2023\\\/12\\\/7514021_ubbink_deluxe_solarzuhany.jpg\",\"width\":900,\"height\":900,\"caption\":\"Ubbink Szol\u00e1r zuhany DELUXE PREMIUM\"},{\"@type\":\"BreadcrumbList\",\"@id\":\"https:\\\/\\\/tajkertesz.com\\\/termek\\\/ubbink-szolar-zuhany-deluxe-premium-208\\\/#breadcrumb\",\"itemListElement\":[{\"@type\":\"ListItem\",\"position\":1,\"name\":\"Home\",\"item\":\"https:\\\/\\\/tajkertesz.com\\\/\"},{\"@type\":\"ListItem\",\"position\":2,\"name\":\"Kezd\u0151lap\",\"item\":\"https:\\\/\\\/tajkertesz.com\\\/\"},{\"@type\":\"ListItem\",\"position\":3,\"name\":\"Ubbink Szol\u00e1r zuhany DELUXE PREMIUM\"}]},{\"@type\":\"WebSite\",\"@id\":\"https:\\\/\\\/tajkertesz.com\\\/#website\",\"url\":\"https:\\\/\\\/tajkertesz.com\\\/\",\"name\":\"T\u00e1j-Kert\u00e9sz 84 Kft.\",\"description\":\"Kert\u00e9szeti kis- \u00e9s nagykeresked\u00e9s, D\u00edszn\u00f6v\u00e9ny web\u00e1ruh\u00e1z orsz\u00e1gos h\u00e1zhozsz\u00e1ll\u00edt\u00e1ssal!\",\"publisher\":{\"@id\":\"https:\\\/\\\/tajkertesz.com\\\/#organization\"},\"potentialAction\":[{\"@type\":\"SearchAction\",\"target\":{\"@type\":\"EntryPoint\",\"urlTemplate\":\"https:\\\/\\\/tajkertesz.com\\\/?s={search_term_string}\"},\"query-input\":{\"@type\":\"PropertyValueSpecification\",\"valueRequired\":true,\"valueName\":\"search_term_string\"}}],\"inLanguage\":\"en-US\"},{\"@type\":\"Organization\",\"@id\":\"https:\\\/\\\/tajkertesz.com\\\/#organization\",\"name\":\"T\u00e1j-Kert\u00e9sz 84 Kft.\",\"url\":\"https:\\\/\\\/tajkertesz.com\\\/\",\"logo\":{\"@type\":\"ImageObject\",\"inLanguage\":\"en-US\",\"@id\":\"https:\\\/\\\/tajkertesz.com\\\/#\\\/schema\\\/logo\\\/image\\\/\",\"url\":\"https:\\\/\\\/tajkertesz.com\\\/wp-content\\\/uploads\\\/2018\\\/02\\\/logo-2-e1518678052539.png\",\"contentUrl\":\"https:\\\/\\\/tajkertesz.com\\\/wp-content\\\/uploads\\\/2018\\\/02\\\/logo-2-e1518678052539.png\",\"width\":81,\"height\":140,\"caption\":\"T\u00e1j-Kert\u00e9sz 84 Kft.\"},\"image\":{\"@id\":\"https:\\\/\\\/tajkertesz.com\\\/#\\\/schema\\\/logo\\\/image\\\/\"},\"sameAs\":[\"https:\\\/\\\/www.facebook.com\\\/Tajkertesz\\\/\"]}]}<\/script>\n<!-- \/ Yoast SEO plugin. -->","yoast_head_json":{"title":"Ubbink Szol\u00e1r zuhany DELUXE PREMIUM - T\u00e1jkert\u00e9sz","description":"Ubbink Szol\u00e1r zuhany DELUXE PREMIUM Ubbink solar kerti zuhanyz\u00f3 exkluz\u00edv megjelen\u00e9st biztos\u00edt a kertben. Gyorsan \u00e9s egyszer\u0171en \u00fczembe helyezhet\u0151!","robots":{"index":"index","follow":"follow","max-snippet":"max-snippet:-1","max-image-preview":"max-image-preview:large","max-video-preview":"max-video-preview:-1"},"canonical":"https:\/\/tajkertesz.com\/en_US\/product\/ubbink-szolar-zuhany-deluxe-premium-208\/","og_locale":"en_US","og_type":"article","og_title":"Ubbink Szol\u00e1r zuhany DELUXE PREMIUM - T\u00e1jkert\u00e9sz","og_description":"Ubbink Szol\u00e1r zuhany DELUXE PREMIUM Ubbink solar kerti zuhanyz\u00f3 exkluz\u00edv megjelen\u00e9st biztos\u00edt a kertben. Gyorsan \u00e9s egyszer\u0171en \u00fczembe helyezhet\u0151!","og_url":"https:\/\/tajkertesz.com\/en_US\/product\/ubbink-szolar-zuhany-deluxe-premium-208\/","og_site_name":"T\u00e1jkert\u00e9sz","article_publisher":"https:\/\/www.facebook.com\/Tajkertesz\/","article_modified_time":"2024-11-28T15:15:34+00:00","og_image":[{"width":900,"height":900,"url":"https:\/\/tajkertesz.com\/wp-content\/uploads\/2023\/12\/7514021_ubbink_deluxe_solarzuhany.jpg","type":"image\/jpeg"}],"twitter_card":"summary_large_image","twitter_misc":{"Est. reading time":"2 minutes"},"schema":{"@context":"https:\/\/schema.org","@graph":[{"@type":"WebPage","@id":"https:\/\/tajkertesz.com\/termek\/ubbink-szolar-zuhany-deluxe-premium-208\/","url":"https:\/\/tajkertesz.com\/termek\/ubbink-szolar-zuhany-deluxe-premium-208\/","name":"Ubbink Szol\u00e1r zuhany DELUXE PREMIUM - T\u00e1jkert\u00e9sz","isPartOf":{"@id":"https:\/\/tajkertesz.com\/#website"},"primaryImageOfPage":{"@id":"https:\/\/tajkertesz.com\/termek\/ubbink-szolar-zuhany-deluxe-premium-208\/#primaryimage"},"image":{"@id":"https:\/\/tajkertesz.com\/termek\/ubbink-szolar-zuhany-deluxe-premium-208\/#primaryimage"},"thumbnailUrl":"https:\/\/tajkertesz.com\/wp-content\/uploads\/2023\/12\/7514021_ubbink_deluxe_solarzuhany.jpg","datePublished":"2023-12-15T14:34:47+00:00","dateModified":"2024-11-28T15:15:34+00:00","description":"Ubbink Szol\u00e1r zuhany DELUXE PREMIUM Ubbink solar kerti zuhanyz\u00f3 exkluz\u00edv megjelen\u00e9st biztos\u00edt a kertben. Gyorsan \u00e9s egyszer\u0171en \u00fczembe helyezhet\u0151!","breadcrumb":{"@id":"https:\/\/tajkertesz.com\/termek\/ubbink-szolar-zuhany-deluxe-premium-208\/#breadcrumb"},"inLanguage":"en-US","potentialAction":[{"@type":"ReadAction","target":["https:\/\/tajkertesz.com\/termek\/ubbink-szolar-zuhany-deluxe-premium-208\/"]}]},{"@type":"ImageObject","inLanguage":"en-US","@id":"https:\/\/tajkertesz.com\/termek\/ubbink-szolar-zuhany-deluxe-premium-208\/#primaryimage","url":"https:\/\/tajkertesz.com\/wp-content\/uploads\/2023\/12\/7514021_ubbink_deluxe_solarzuhany.jpg","contentUrl":"https:\/\/tajkertesz.com\/wp-content\/uploads\/2023\/12\/7514021_ubbink_deluxe_solarzuhany.jpg","width":900,"height":900,"caption":"Ubbink Szol\u00e1r zuhany DELUXE PREMIUM"},{"@type":"BreadcrumbList","@id":"https:\/\/tajkertesz.com\/termek\/ubbink-szolar-zuhany-deluxe-premium-208\/#breadcrumb","itemListElement":[{"@type":"ListItem","position":1,"name":"Home","item":"https:\/\/tajkertesz.com\/"},{"@type":"ListItem","position":2,"name":"Kezd\u0151lap","item":"https:\/\/tajkertesz.com\/"},{"@type":"ListItem","position":3,"name":"Ubbink Szol\u00e1r zuhany DELUXE PREMIUM"}]},{"@type":"WebSite","@id":"https:\/\/tajkertesz.com\/#website","url":"https:\/\/tajkertesz.com\/","name":"T\u00e1j-Kert\u00e9sz 84 Kft.","description":"Kert\u00e9szeti kis- \u00e9s nagykeresked\u00e9s, D\u00edszn\u00f6v\u00e9ny web\u00e1ruh\u00e1z orsz\u00e1gos h\u00e1zhozsz\u00e1ll\u00edt\u00e1ssal!","publisher":{"@id":"https:\/\/tajkertesz.com\/#organization"},"potentialAction":[{"@type":"SearchAction","target":{"@type":"EntryPoint","urlTemplate":"https:\/\/tajkertesz.com\/?s={search_term_string}"},"query-input":{"@type":"PropertyValueSpecification","valueRequired":true,"valueName":"search_term_string"}}],"inLanguage":"en-US"},{"@type":"Organization","@id":"https:\/\/tajkertesz.com\/#organization","name":"T\u00e1j-Kert\u00e9sz 84 Kft.","url":"https:\/\/tajkertesz.com\/","logo":{"@type":"ImageObject","inLanguage":"en-US","@id":"https:\/\/tajkertesz.com\/#\/schema\/logo\/image\/","url":"https:\/\/tajkertesz.com\/wp-content\/uploads\/2018\/02\/logo-2-e1518678052539.png","contentUrl":"https:\/\/tajkertesz.com\/wp-content\/uploads\/2018\/02\/logo-2-e1518678052539.png","width":81,"height":140,"caption":"T\u00e1j-Kert\u00e9sz 84 Kft."},"image":{"@id":"https:\/\/tajkertesz.com\/#\/schema\/logo\/image\/"},"sameAs":["https:\/\/www.facebook.com\/Tajkertesz\/"]}]}},"_links":{"self":[{"href":"https:\/\/tajkertesz.com\/en_US\/wp-json\/wp\/v2\/product\/18230","targetHints":{"allow":["GET"]}}],"collection":[{"href":"https:\/\/tajkertesz.com\/en_US\/wp-json\/wp\/v2\/product"}],"about":[{"href":"https:\/\/tajkertesz.com\/en_US\/wp-json\/wp\/v2\/types\/product"}],"wp:featuredmedia":[{"embeddable":true,"href":"https:\/\/tajkertesz.com\/en_US\/wp-json\/wp\/v2\/media\/18231"}],"wp:attachment":[{"href":"https:\/\/tajkertesz.com\/en_US\/wp-json\/wp\/v2\/media?parent=18230"}],"wp:term":[{"taxonomy":"product_brand","embeddable":true,"href":"https:\/\/tajkertesz.com\/en_US\/wp-json\/wp\/v2\/product_brand?post=18230"},{"taxonomy":"product_cat","embeddable":true,"href":"https:\/\/tajkertesz.com\/en_US\/wp-json\/wp\/v2\/product_cat?post=18230"},{"taxonomy":"product_tag","embeddable":true,"href":"https:\/\/tajkertesz.com\/en_US\/wp-json\/wp\/v2\/product_tag?post=18230"}],"curies":[{"name":"wp","href":"https:\/\/api.w.org\/{rel}","templated":true}]}}