{"id":18328,"date":"2024-01-10T11:31:36","date_gmt":"2024-01-10T11:31:36","guid":{"rendered":"https:\/\/tajkertesz.com\/?post_type=product&#038;p=18328"},"modified":"2026-02-13T15:10:45","modified_gmt":"2026-02-13T15:10:45","slug":"fa-diotoro-katona-figura-bordo-arany-zold","status":"publish","type":"product","link":"https:\/\/tajkertesz.com\/en_US\/product\/fa-diotoro-katona-figura-bordo-arany-zold\/","title":{"rendered":"Fa di\u00f3t\u00f6r\u0151 katona figura bord\u00f3\/arany\/z\u00f6ld \/k\u00e9k 15cm  25-5-16"},"content":{"rendered":"<h2>Fa di\u00f3t\u00f6r\u0151 katona figura bord\u00f3\/arany\/z\u00f6ld\/k\u00e9k 15 cm<\/h2>\n<p>Igazi klasszikus Di\u00f3t\u00f6r\u0151. T\u00f6k\u00e9letes l\u00e1tv\u00e1ny.<\/p>\n<p>Sokunk sz\u00e1m\u00e1ra a di\u00f3t\u00f6r\u0151 figura a kar\u00e1csonyi dekor\u00e1ci\u00f3 szerves r\u00e9sz\u00e9v\u00e9 v\u00e1lt.<\/p>\n<p>Ez a kar\u00e1csonyi klasszikus di\u00f3t\u00f6r\u0151 vintage st\u00edlus a m\u00falt hangulat\u00e1t \u00f6tv\u00f6zi.<\/p>\n<p>Hangol\u00f3dj az \u00fcnnepekre, mer\u00edts ihletet, koron\u00e1zd meg a kar\u00e1csonyi k\u00e9sz\u00fcl\u0151d\u00e9st egy-egy gy\u00f6ny\u00f6r\u0171 dekor\u00e1ci\u00f3val! N\u00e1lunk mindent beszerezhetsz a kar\u00e1csonyi el\u0151k\u00e9sz\u00fcletekhez \u2013 d\u00edszg\u00f6mb\u00f6ket, gyerty\u00e1kat, man\u00f3kat, adventi koszor\u00fakat, \u00e9g\u0151sorokat\u2026<\/p>\n<p>&nbsp;<\/p>\n<p><strong>Anyaga<\/strong>: Fa<\/p>\n<p><strong>Sz\u00edne<\/strong>: piros\/arany\/z\u00f6ld\/ k\u00e9k<\/p>\n<p><strong>Magass\u00e1ga<\/strong>: 15 cm<\/p>\n<p><b>K\u00e9szlet\u00fcnk napi szinten v\u00e1ltozik, ez\u00e9rt k\u00e9rj\u00fck, \u00e9rdekl\u0151dj\u00f6n szem\u00e9lyesen, telefonon vagy email-en.<\/b><\/p>\n<p><b>A v\u00e1ltoztat\u00e1s jog\u00e1t fenntartjuk!\u00a0<\/b><\/p>\n<p>Term\u00e9keinket szem\u00e9lyesen is \u00e1tveheti a h\u00e9t minden napj\u00e1n nyitvatart\u00e1si id\u0151ben!<\/p>\n<p><a href=\"https:\/\/tajkertesz.com\/\">https:\/\/tajkertesz.com\/<\/a><\/p>\n<p><a href=\"https:\/\/www.facebook.com\/tajkertesz\">https:\/\/www.facebook.com\/tajkertesz<\/a><\/p>\n<p>Kisz\u00e1ll\u00edt\u00e1s: 200cm-ig \u00a0\u00e9s 40 kg-ig a sz\u00e1ll\u00edt\u00e1s fut\u00e1rszolg\u00e1lattal \u00a0t\u00f6rt\u00e9nik.<\/p>\n<p>Szem\u00e9lyes \u00e1tv\u00e9tel nyitvatart\u00e1si id\u0151ben a 17. ker\u00fclet Bakancsos utca 7. sz\u00e1m alatti Kert\u00e9szeti \u00e1rud\u00e1ban.<\/p>\n<p>&nbsp;<\/p>\n<p>&nbsp;<\/p>\n<h6><span style=\"color: #ffffff;\">A gyerekek el\u00f6z\u00f6nlik a termet, s \u00f6r\u00f6m\u00fckben k\u00f6r\u00fclt\u00e1ncolj\u00e1k a kar\u00e1csonyf\u00e1t. A sz\u00fcl\u0151k megillet\u0151d\u00f6tten figyelik \u0151ket. Minden gyermeknek jut aj\u00e1nd\u00e9k: a kisl\u00e1nyoknak baba, a fi\u00faknak cs\u00e1k\u00f3, kard \u00e9s fapuska. Mindj\u00e1rt ki is pr\u00f3b\u00e1lj\u00e1k az \u00faj j\u00e1t\u00e9kokat. A kisfi\u00fak katon\u00e1s rendben mas\u00edroznak, a l\u00e1nyk\u00e1k pedig k\u00f6rt\u00e1ncot j\u00e1rnak, karjukban bab\u00e1val. Ezut\u00e1n szembek\u00f6t\u0151sdi k\u00f6vetkezik. Drosselmeyer b\u00e1csi Marik\u00e1t, Stahlbaum\u00e9k kisl\u00e1ny\u00e1t fogja meg, akinek b\u00fcntet\u00e9sb\u0151l egy kis t\u00e1ncot kell elj\u00e1rnia, b\u00e1jos\u00a0<a class=\"new\" style=\"color: #ffffff;\" title=\"Galopp (t\u00e1nc) (a lap nem l\u00e9tezik)\" href=\"https:\/\/hu.wikipedia.org\/w\/index.php?title=Galopp_(t%C3%A1nc)&amp;action=edit&amp;redlink=1\">galoppzen\u00e9re<\/a>. A feln\u0151ttek koccintanak az \u00fcnnep tisztelet\u00e9re, azt\u00e1n \u0151k is t\u00e1ncra perd\u00fclnek. A t\u00e1ncnak Drosselmeyer vet v\u00e9get, aki var\u00e1zsl\u00f3nak \u00f6lt\u00f6zve\u00a0<a style=\"color: #ffffff;\" title=\"B\u00e1bsz\u00ednh\u00e1z\" href=\"https:\/\/hu.wikipedia.org\/wiki\/B%C3%A1bsz%C3%ADnh%C3%A1z\">b\u00e1bsz\u00ednh\u00e1zat<\/a>\u00a0szervez a gyermekeknek: a Herceg \u00e9s a gonosz Eg\u00e9rkir\u00e1ly k\u00fczdelm\u00e9t a Hercegkisasszony\u00e9rt. A b\u00e1bj\u00e1t\u00e9k ut\u00e1n Drosselmeyer egy kis di\u00f3t\u00f6r\u0151b\u00e1but csemp\u00e9sz a j\u00e1t\u00e9kv\u00e1r al\u00e1, meglepet\u00e9s\u00fcl. De egyetlen gyermeknek sem kell a nagy sz\u00e1j\u00fa, cs\u00faf figura.<\/span><\/h6>\n<p>&nbsp;<\/p>","protected":false},"excerpt":{"rendered":"<p>Fa di\u00f3t\u00f6r\u0151 katona figura bord\u00f3\/arany\/z\u00f6ld\/k\u00e9k 15 cm Igazi klasszikus Di\u00f3t\u00f6r\u0151. T\u00f6k\u00e9letes l\u00e1tv\u00e1ny. Sokunk sz\u00e1m\u00e1ra a di\u00f3t\u00f6r\u0151 figura a kar\u00e1csonyi dekor\u00e1ci\u00f3 szerves r\u00e9sz\u00e9v\u00e9 v\u00e1lt. Ez a kar\u00e1csonyi klasszikus di\u00f3t\u00f6r\u0151 vintage st\u00edlus a m\u00falt hangulat\u00e1t \u00f6tv\u00f6zi. Hangol\u00f3dj az \u00fcnnepekre, mer\u00edts ihletet, koron\u00e1zd meg a kar\u00e1csonyi k\u00e9sz\u00fcl\u0151d\u00e9st egy-egy gy\u00f6ny\u00f6r\u0171 dekor\u00e1ci\u00f3val! N\u00e1lunk mindent beszerezhetsz a kar\u00e1csonyi el\u0151k\u00e9sz\u00fcletekhez \u2013 d\u00edszg\u00f6mb\u00f6ket, [&hellip;]<\/p>\n","protected":false},"featured_media":18329,"template":"","meta":{"_et_pb_use_builder":"","_et_pb_old_content":"","_et_gb_content_width":""},"product_brand":[],"product_cat":[4495,4034],"product_tag":[],"class_list":{"0":"post-18328","1":"product","2":"type-product","3":"status-publish","4":"has-post-thumbnail","6":"product_cat-diotoro","7":"product_cat-karacsonyi-diszek-dekorok","9":"first","10":"instock","11":"shipping-taxable","12":"purchasable","13":"product-type-simple"},"yoast_head":"<!-- This site is optimized with the Yoast SEO plugin v27.5 - https:\/\/yoast.com\/product\/yoast-seo-wordpress\/ -->\n<title>Fa di\u00f3t\u00f6r\u0151 katona figura bord\u00f3\/arany\/z\u00f6ld \/k\u00e9k 15cm 25-5-16 - T\u00e1jkert\u00e9sz<\/title>\n<meta name=\"description\" content=\"Sokunk sz\u00e1m\u00e1ra a di\u00f3t\u00f6r\u0151 figura a kar\u00e1csonyi dekor\u00e1ci\u00f3 szerves r\u00e9sz\u00e9v\u00e9 v\u00e1lt. Ez a kar\u00e1csonyi klasszikus di\u00f3t\u00f6r\u0151 vintage st\u00edlus a m\u00falt hangulat\u00e1t \u00f6tv\u00f6zi.\" \/>\n<meta name=\"robots\" content=\"index, follow, max-snippet:-1, max-image-preview:large, max-video-preview:-1\" \/>\n<link rel=\"canonical\" href=\"https:\/\/tajkertesz.com\/en_US\/product\/fa-diotoro-katona-figura-bordo-arany-zold\/\" \/>\n<meta property=\"og:locale\" content=\"en_US\" \/>\n<meta property=\"og:type\" content=\"article\" \/>\n<meta property=\"og:title\" content=\"Fa di\u00f3t\u00f6r\u0151 katona figura bord\u00f3\/arany\/z\u00f6ld \/k\u00e9k 15cm 25-5-16 - T\u00e1jkert\u00e9sz\" \/>\n<meta property=\"og:description\" content=\"Sokunk sz\u00e1m\u00e1ra a di\u00f3t\u00f6r\u0151 figura a kar\u00e1csonyi dekor\u00e1ci\u00f3 szerves r\u00e9sz\u00e9v\u00e9 v\u00e1lt. Ez a kar\u00e1csonyi klasszikus di\u00f3t\u00f6r\u0151 vintage st\u00edlus a m\u00falt hangulat\u00e1t \u00f6tv\u00f6zi.\" \/>\n<meta property=\"og:url\" content=\"https:\/\/tajkertesz.com\/en_US\/product\/fa-diotoro-katona-figura-bordo-arany-zold\/\" \/>\n<meta property=\"og:site_name\" content=\"T\u00e1jkert\u00e9sz\" \/>\n<meta property=\"article:publisher\" content=\"https:\/\/www.facebook.com\/Tajkertesz\/\" \/>\n<meta property=\"article:modified_time\" content=\"2026-02-13T15:10:45+00:00\" \/>\n<meta property=\"og:image\" content=\"https:\/\/tajkertesz.com\/wp-content\/uploads\/2024\/01\/20240110_123758.jpg\" \/>\n\t<meta property=\"og:image:width\" content=\"1873\" \/>\n\t<meta property=\"og:image:height\" content=\"843\" \/>\n\t<meta property=\"og:image:type\" content=\"image\/jpeg\" \/>\n<meta name=\"twitter:card\" content=\"summary_large_image\" \/>\n<meta name=\"twitter:label1\" content=\"Est. reading time\" \/>\n\t<meta name=\"twitter:data1\" content=\"2 minutes\" \/>\n<script type=\"application\/ld+json\" class=\"yoast-schema-graph\">{\"@context\":\"https:\\\/\\\/schema.org\",\"@graph\":[{\"@type\":\"WebPage\",\"@id\":\"https:\\\/\\\/tajkertesz.com\\\/termek\\\/fa-diotoro-katona-figura-bordo-arany-zold\\\/\",\"url\":\"https:\\\/\\\/tajkertesz.com\\\/termek\\\/fa-diotoro-katona-figura-bordo-arany-zold\\\/\",\"name\":\"Fa di\u00f3t\u00f6r\u0151 katona figura bord\u00f3\\\/arany\\\/z\u00f6ld \\\/k\u00e9k 15cm 25-5-16 - T\u00e1jkert\u00e9sz\",\"isPartOf\":{\"@id\":\"https:\\\/\\\/tajkertesz.com\\\/#website\"},\"primaryImageOfPage\":{\"@id\":\"https:\\\/\\\/tajkertesz.com\\\/termek\\\/fa-diotoro-katona-figura-bordo-arany-zold\\\/#primaryimage\"},\"image\":{\"@id\":\"https:\\\/\\\/tajkertesz.com\\\/termek\\\/fa-diotoro-katona-figura-bordo-arany-zold\\\/#primaryimage\"},\"thumbnailUrl\":\"https:\\\/\\\/tajkertesz.com\\\/wp-content\\\/uploads\\\/2024\\\/01\\\/20240110_123758.jpg\",\"datePublished\":\"2024-01-10T11:31:36+00:00\",\"dateModified\":\"2026-02-13T15:10:45+00:00\",\"description\":\"Sokunk sz\u00e1m\u00e1ra a di\u00f3t\u00f6r\u0151 figura a kar\u00e1csonyi dekor\u00e1ci\u00f3 szerves r\u00e9sz\u00e9v\u00e9 v\u00e1lt. Ez a kar\u00e1csonyi klasszikus di\u00f3t\u00f6r\u0151 vintage st\u00edlus a m\u00falt hangulat\u00e1t \u00f6tv\u00f6zi.\",\"breadcrumb\":{\"@id\":\"https:\\\/\\\/tajkertesz.com\\\/termek\\\/fa-diotoro-katona-figura-bordo-arany-zold\\\/#breadcrumb\"},\"inLanguage\":\"en-US\",\"potentialAction\":[{\"@type\":\"ReadAction\",\"target\":[\"https:\\\/\\\/tajkertesz.com\\\/termek\\\/fa-diotoro-katona-figura-bordo-arany-zold\\\/\"]}]},{\"@type\":\"ImageObject\",\"inLanguage\":\"en-US\",\"@id\":\"https:\\\/\\\/tajkertesz.com\\\/termek\\\/fa-diotoro-katona-figura-bordo-arany-zold\\\/#primaryimage\",\"url\":\"https:\\\/\\\/tajkertesz.com\\\/wp-content\\\/uploads\\\/2024\\\/01\\\/20240110_123758.jpg\",\"contentUrl\":\"https:\\\/\\\/tajkertesz.com\\\/wp-content\\\/uploads\\\/2024\\\/01\\\/20240110_123758.jpg\",\"width\":1873,\"height\":843},{\"@type\":\"BreadcrumbList\",\"@id\":\"https:\\\/\\\/tajkertesz.com\\\/termek\\\/fa-diotoro-katona-figura-bordo-arany-zold\\\/#breadcrumb\",\"itemListElement\":[{\"@type\":\"ListItem\",\"position\":1,\"name\":\"Home\",\"item\":\"https:\\\/\\\/tajkertesz.com\\\/\"},{\"@type\":\"ListItem\",\"position\":2,\"name\":\"Kezd\u0151lap\",\"item\":\"https:\\\/\\\/tajkertesz.com\\\/\"},{\"@type\":\"ListItem\",\"position\":3,\"name\":\"Fa di\u00f3t\u00f6r\u0151 katona figura bord\u00f3\\\/arany\\\/z\u00f6ld \\\/k\u00e9k 15cm 25-5-16\"}]},{\"@type\":\"WebSite\",\"@id\":\"https:\\\/\\\/tajkertesz.com\\\/#website\",\"url\":\"https:\\\/\\\/tajkertesz.com\\\/\",\"name\":\"T\u00e1j-Kert\u00e9sz 84 Kft.\",\"description\":\"Kert\u00e9szeti kis- \u00e9s nagykeresked\u00e9s, D\u00edszn\u00f6v\u00e9ny web\u00e1ruh\u00e1z orsz\u00e1gos h\u00e1zhozsz\u00e1ll\u00edt\u00e1ssal!\",\"publisher\":{\"@id\":\"https:\\\/\\\/tajkertesz.com\\\/#organization\"},\"potentialAction\":[{\"@type\":\"SearchAction\",\"target\":{\"@type\":\"EntryPoint\",\"urlTemplate\":\"https:\\\/\\\/tajkertesz.com\\\/?s={search_term_string}\"},\"query-input\":{\"@type\":\"PropertyValueSpecification\",\"valueRequired\":true,\"valueName\":\"search_term_string\"}}],\"inLanguage\":\"en-US\"},{\"@type\":\"Organization\",\"@id\":\"https:\\\/\\\/tajkertesz.com\\\/#organization\",\"name\":\"T\u00e1j-Kert\u00e9sz 84 Kft.\",\"url\":\"https:\\\/\\\/tajkertesz.com\\\/\",\"logo\":{\"@type\":\"ImageObject\",\"inLanguage\":\"en-US\",\"@id\":\"https:\\\/\\\/tajkertesz.com\\\/#\\\/schema\\\/logo\\\/image\\\/\",\"url\":\"https:\\\/\\\/tajkertesz.com\\\/wp-content\\\/uploads\\\/2018\\\/02\\\/logo-2-e1518678052539.png\",\"contentUrl\":\"https:\\\/\\\/tajkertesz.com\\\/wp-content\\\/uploads\\\/2018\\\/02\\\/logo-2-e1518678052539.png\",\"width\":81,\"height\":140,\"caption\":\"T\u00e1j-Kert\u00e9sz 84 Kft.\"},\"image\":{\"@id\":\"https:\\\/\\\/tajkertesz.com\\\/#\\\/schema\\\/logo\\\/image\\\/\"},\"sameAs\":[\"https:\\\/\\\/www.facebook.com\\\/Tajkertesz\\\/\"]}]}<\/script>\n<!-- \/ Yoast SEO plugin. -->","yoast_head_json":{"title":"Fa di\u00f3t\u00f6r\u0151 katona figura bord\u00f3\/arany\/z\u00f6ld \/k\u00e9k 15cm 25-5-16 - T\u00e1jkert\u00e9sz","description":"Sokunk sz\u00e1m\u00e1ra a di\u00f3t\u00f6r\u0151 figura a kar\u00e1csonyi dekor\u00e1ci\u00f3 szerves r\u00e9sz\u00e9v\u00e9 v\u00e1lt. Ez a kar\u00e1csonyi klasszikus di\u00f3t\u00f6r\u0151 vintage st\u00edlus a m\u00falt hangulat\u00e1t \u00f6tv\u00f6zi.","robots":{"index":"index","follow":"follow","max-snippet":"max-snippet:-1","max-image-preview":"max-image-preview:large","max-video-preview":"max-video-preview:-1"},"canonical":"https:\/\/tajkertesz.com\/en_US\/product\/fa-diotoro-katona-figura-bordo-arany-zold\/","og_locale":"en_US","og_type":"article","og_title":"Fa di\u00f3t\u00f6r\u0151 katona figura bord\u00f3\/arany\/z\u00f6ld \/k\u00e9k 15cm 25-5-16 - T\u00e1jkert\u00e9sz","og_description":"Sokunk sz\u00e1m\u00e1ra a di\u00f3t\u00f6r\u0151 figura a kar\u00e1csonyi dekor\u00e1ci\u00f3 szerves r\u00e9sz\u00e9v\u00e9 v\u00e1lt. Ez a kar\u00e1csonyi klasszikus di\u00f3t\u00f6r\u0151 vintage st\u00edlus a m\u00falt hangulat\u00e1t \u00f6tv\u00f6zi.","og_url":"https:\/\/tajkertesz.com\/en_US\/product\/fa-diotoro-katona-figura-bordo-arany-zold\/","og_site_name":"T\u00e1jkert\u00e9sz","article_publisher":"https:\/\/www.facebook.com\/Tajkertesz\/","article_modified_time":"2026-02-13T15:10:45+00:00","og_image":[{"width":1873,"height":843,"url":"https:\/\/tajkertesz.com\/wp-content\/uploads\/2024\/01\/20240110_123758.jpg","type":"image\/jpeg"}],"twitter_card":"summary_large_image","twitter_misc":{"Est. reading time":"2 minutes"},"schema":{"@context":"https:\/\/schema.org","@graph":[{"@type":"WebPage","@id":"https:\/\/tajkertesz.com\/termek\/fa-diotoro-katona-figura-bordo-arany-zold\/","url":"https:\/\/tajkertesz.com\/termek\/fa-diotoro-katona-figura-bordo-arany-zold\/","name":"Fa di\u00f3t\u00f6r\u0151 katona figura bord\u00f3\/arany\/z\u00f6ld \/k\u00e9k 15cm 25-5-16 - T\u00e1jkert\u00e9sz","isPartOf":{"@id":"https:\/\/tajkertesz.com\/#website"},"primaryImageOfPage":{"@id":"https:\/\/tajkertesz.com\/termek\/fa-diotoro-katona-figura-bordo-arany-zold\/#primaryimage"},"image":{"@id":"https:\/\/tajkertesz.com\/termek\/fa-diotoro-katona-figura-bordo-arany-zold\/#primaryimage"},"thumbnailUrl":"https:\/\/tajkertesz.com\/wp-content\/uploads\/2024\/01\/20240110_123758.jpg","datePublished":"2024-01-10T11:31:36+00:00","dateModified":"2026-02-13T15:10:45+00:00","description":"Sokunk sz\u00e1m\u00e1ra a di\u00f3t\u00f6r\u0151 figura a kar\u00e1csonyi dekor\u00e1ci\u00f3 szerves r\u00e9sz\u00e9v\u00e9 v\u00e1lt. Ez a kar\u00e1csonyi klasszikus di\u00f3t\u00f6r\u0151 vintage st\u00edlus a m\u00falt hangulat\u00e1t \u00f6tv\u00f6zi.","breadcrumb":{"@id":"https:\/\/tajkertesz.com\/termek\/fa-diotoro-katona-figura-bordo-arany-zold\/#breadcrumb"},"inLanguage":"en-US","potentialAction":[{"@type":"ReadAction","target":["https:\/\/tajkertesz.com\/termek\/fa-diotoro-katona-figura-bordo-arany-zold\/"]}]},{"@type":"ImageObject","inLanguage":"en-US","@id":"https:\/\/tajkertesz.com\/termek\/fa-diotoro-katona-figura-bordo-arany-zold\/#primaryimage","url":"https:\/\/tajkertesz.com\/wp-content\/uploads\/2024\/01\/20240110_123758.jpg","contentUrl":"https:\/\/tajkertesz.com\/wp-content\/uploads\/2024\/01\/20240110_123758.jpg","width":1873,"height":843},{"@type":"BreadcrumbList","@id":"https:\/\/tajkertesz.com\/termek\/fa-diotoro-katona-figura-bordo-arany-zold\/#breadcrumb","itemListElement":[{"@type":"ListItem","position":1,"name":"Home","item":"https:\/\/tajkertesz.com\/"},{"@type":"ListItem","position":2,"name":"Kezd\u0151lap","item":"https:\/\/tajkertesz.com\/"},{"@type":"ListItem","position":3,"name":"Fa di\u00f3t\u00f6r\u0151 katona figura bord\u00f3\/arany\/z\u00f6ld \/k\u00e9k 15cm 25-5-16"}]},{"@type":"WebSite","@id":"https:\/\/tajkertesz.com\/#website","url":"https:\/\/tajkertesz.com\/","name":"T\u00e1j-Kert\u00e9sz 84 Kft.","description":"Kert\u00e9szeti kis- \u00e9s nagykeresked\u00e9s, D\u00edszn\u00f6v\u00e9ny web\u00e1ruh\u00e1z orsz\u00e1gos h\u00e1zhozsz\u00e1ll\u00edt\u00e1ssal!","publisher":{"@id":"https:\/\/tajkertesz.com\/#organization"},"potentialAction":[{"@type":"SearchAction","target":{"@type":"EntryPoint","urlTemplate":"https:\/\/tajkertesz.com\/?s={search_term_string}"},"query-input":{"@type":"PropertyValueSpecification","valueRequired":true,"valueName":"search_term_string"}}],"inLanguage":"en-US"},{"@type":"Organization","@id":"https:\/\/tajkertesz.com\/#organization","name":"T\u00e1j-Kert\u00e9sz 84 Kft.","url":"https:\/\/tajkertesz.com\/","logo":{"@type":"ImageObject","inLanguage":"en-US","@id":"https:\/\/tajkertesz.com\/#\/schema\/logo\/image\/","url":"https:\/\/tajkertesz.com\/wp-content\/uploads\/2018\/02\/logo-2-e1518678052539.png","contentUrl":"https:\/\/tajkertesz.com\/wp-content\/uploads\/2018\/02\/logo-2-e1518678052539.png","width":81,"height":140,"caption":"T\u00e1j-Kert\u00e9sz 84 Kft."},"image":{"@id":"https:\/\/tajkertesz.com\/#\/schema\/logo\/image\/"},"sameAs":["https:\/\/www.facebook.com\/Tajkertesz\/"]}]}},"_links":{"self":[{"href":"https:\/\/tajkertesz.com\/en_US\/wp-json\/wp\/v2\/product\/18328","targetHints":{"allow":["GET"]}}],"collection":[{"href":"https:\/\/tajkertesz.com\/en_US\/wp-json\/wp\/v2\/product"}],"about":[{"href":"https:\/\/tajkertesz.com\/en_US\/wp-json\/wp\/v2\/types\/product"}],"wp:featuredmedia":[{"embeddable":true,"href":"https:\/\/tajkertesz.com\/en_US\/wp-json\/wp\/v2\/media\/18329"}],"wp:attachment":[{"href":"https:\/\/tajkertesz.com\/en_US\/wp-json\/wp\/v2\/media?parent=18328"}],"wp:term":[{"taxonomy":"product_brand","embeddable":true,"href":"https:\/\/tajkertesz.com\/en_US\/wp-json\/wp\/v2\/product_brand?post=18328"},{"taxonomy":"product_cat","embeddable":true,"href":"https:\/\/tajkertesz.com\/en_US\/wp-json\/wp\/v2\/product_cat?post=18328"},{"taxonomy":"product_tag","embeddable":true,"href":"https:\/\/tajkertesz.com\/en_US\/wp-json\/wp\/v2\/product_tag?post=18328"}],"curies":[{"name":"wp","href":"https:\/\/api.w.org\/{rel}","templated":true}]}}