{"id":18338,"date":"2024-01-10T15:02:13","date_gmt":"2024-01-10T15:02:13","guid":{"rendered":"https:\/\/tajkertesz.com\/?post_type=product&#038;p=18338"},"modified":"2026-02-13T15:11:11","modified_gmt":"2026-02-13T15:11:11","slug":"karacsonyi-fa-tabla-24-2-7","status":"publish","type":"product","link":"https:\/\/tajkertesz.com\/en_US\/product\/karacsonyi-fa-tabla-24-2-7\/","title":{"rendered":"Kar\u00e1csonyi fa t\u00e1bla\u00a024-2-7"},"content":{"rendered":"<h2>Kar\u00e1csonyi fa t\u00e1bla 24-2-7<\/h2>\n<p>D\u00edsz\u00edtse otthon\u00e1t egy igaz\u00e1n k\u00fcl\u00f6nleges dekor\u00e1ci\u00f3val. Eleg\u00e1ns \u00e9s letisztult kar\u00e1csonyi dekor\u00e1ci\u00f3. Aj\u00e1nljuk azon v\u00e1s\u00e1rl\u00f3inknak, akik egyedi dekor\u00e1ci\u00f3t keresnek kar\u00e1csonyra.<\/p>\n<p><strong><em>Sz\u00edne<\/em><\/strong>:piros, feh\u00e9r<br \/>\n<strong><em>Anyaga<\/em><\/strong>:fa \u00e9s f\u00e9m<br \/>\n<strong><em>M\u00e9rete<\/em><\/strong>: 38*24*0,5 cm<\/p>\n<p>&nbsp;<\/p>\n<p><b>K\u00e9szlet\u00fcnk napi szinten v\u00e1ltozik, ez\u00e9rt k\u00e9rj\u00fck, \u00e9rdekl\u0151dj\u00f6n szem\u00e9lyesen, telefonon vagy email-en.<\/b><\/p>\n<p><b>A v\u00e1ltoztat\u00e1s jog\u00e1t fenntartjuk!\u00a0<\/b><\/p>\n<p><a href=\"https:\/\/tajkertesz.com\/\">https:\/\/tajkertesz.com\/<\/a><\/p>\n<p><a href=\"https:\/\/www.facebook.com\/tajkertesz\">https:\/\/www.facebook.com\/tajkertesz<\/a><\/p>\n<p>&nbsp;<\/p>","protected":false},"excerpt":{"rendered":"<p>Kar\u00e1csonyi fa t\u00e1bla 24-2-7 D\u00edsz\u00edtse otthon\u00e1t egy igaz\u00e1n k\u00fcl\u00f6nleges dekor\u00e1ci\u00f3val. Eleg\u00e1ns \u00e9s letisztult kar\u00e1csonyi dekor\u00e1ci\u00f3. Aj\u00e1nljuk azon v\u00e1s\u00e1rl\u00f3inknak, akik egyedi dekor\u00e1ci\u00f3t keresnek kar\u00e1csonyra. Sz\u00edne:piros, feh\u00e9r Anyaga:fa \u00e9s f\u00e9m M\u00e9rete: 38*24*0,5 cm &nbsp; K\u00e9szlet\u00fcnk napi szinten v\u00e1ltozik, ez\u00e9rt k\u00e9rj\u00fck, \u00e9rdekl\u0151dj\u00f6n szem\u00e9lyesen, telefonon vagy email-en. A v\u00e1ltoztat\u00e1s jog\u00e1t fenntartjuk!\u00a0 https:\/\/tajkertesz.com\/ https:\/\/www.facebook.com\/tajkertesz &nbsp;<\/p>","protected":false},"featured_media":18339,"template":"","meta":{"_et_pb_use_builder":"","_et_pb_old_content":"","_et_gb_content_width":""},"product_brand":[],"product_cat":[1115],"product_tag":[4541,21,1500,4539],"class_list":{"0":"post-18338","1":"product","2":"type-product","3":"status-publish","4":"has-post-thumbnail","6":"product_cat-grincsfak-karacsonyi-dekoraciok","7":"product_tag-best","8":"product_tag-fa","9":"product_tag-fem","10":"product_tag-tabla","12":"first","13":"instock","14":"shipping-taxable","15":"purchasable","16":"product-type-simple"},"yoast_head":"<!-- This site is optimized with the Yoast SEO plugin v27.3 - https:\/\/yoast.com\/product\/yoast-seo-wordpress\/ -->\n<title>Kar\u00e1csonyi fa t\u00e1bla\u00a024-2-7 - T\u00e1jkert\u00e9sz<\/title>\n<meta name=\"description\" content=\"D\u00edsz\u00edtse otthon\u00e1t egy igaz\u00e1n k\u00fcl\u00f6nleges dekor\u00e1ci\u00f3val. Eleg\u00e1ns \u00e9s letisztult kar\u00e1csonyi dekor\u00e1ci\u00f3, var\u00e1zsolja otthon\u00e1t kar\u00e1csonyi hangulatba.\" \/>\n<meta name=\"robots\" content=\"index, follow, max-snippet:-1, max-image-preview:large, max-video-preview:-1\" \/>\n<link rel=\"canonical\" href=\"https:\/\/tajkertesz.com\/en_US\/product\/karacsonyi-fa-tabla-24-2-7\/\" \/>\n<meta property=\"og:locale\" content=\"en_US\" \/>\n<meta property=\"og:type\" content=\"article\" \/>\n<meta property=\"og:title\" content=\"Kar\u00e1csonyi fa t\u00e1bla\u00a024-2-7 - T\u00e1jkert\u00e9sz\" \/>\n<meta property=\"og:description\" content=\"D\u00edsz\u00edtse otthon\u00e1t egy igaz\u00e1n k\u00fcl\u00f6nleges dekor\u00e1ci\u00f3val. Eleg\u00e1ns \u00e9s letisztult kar\u00e1csonyi dekor\u00e1ci\u00f3, var\u00e1zsolja otthon\u00e1t kar\u00e1csonyi hangulatba.\" \/>\n<meta property=\"og:url\" content=\"https:\/\/tajkertesz.com\/en_US\/product\/karacsonyi-fa-tabla-24-2-7\/\" \/>\n<meta property=\"og:site_name\" content=\"T\u00e1jkert\u00e9sz\" \/>\n<meta property=\"article:publisher\" content=\"https:\/\/www.facebook.com\/Tajkertesz\/\" \/>\n<meta property=\"article:modified_time\" content=\"2026-02-13T15:11:11+00:00\" \/>\n<meta property=\"og:image\" content=\"https:\/\/tajkertesz.com\/wp-content\/uploads\/2024\/01\/Best-karacsonyDD63347.webp\" \/>\n\t<meta property=\"og:image:width\" content=\"640\" \/>\n\t<meta property=\"og:image:height\" content=\"640\" \/>\n\t<meta property=\"og:image:type\" content=\"image\/webp\" \/>\n<meta name=\"twitter:card\" content=\"summary_large_image\" \/>\n<meta name=\"twitter:label1\" content=\"Est. reading time\" \/>\n\t<meta name=\"twitter:data1\" content=\"1 minute\" \/>\n<script type=\"application\/ld+json\" class=\"yoast-schema-graph\">{\"@context\":\"https:\\\/\\\/schema.org\",\"@graph\":[{\"@type\":\"WebPage\",\"@id\":\"https:\\\/\\\/tajkertesz.com\\\/termek\\\/karacsonyi-fa-tabla-24-2-7\\\/\",\"url\":\"https:\\\/\\\/tajkertesz.com\\\/termek\\\/karacsonyi-fa-tabla-24-2-7\\\/\",\"name\":\"Kar\u00e1csonyi fa t\u00e1bla\u00a024-2-7 - T\u00e1jkert\u00e9sz\",\"isPartOf\":{\"@id\":\"https:\\\/\\\/tajkertesz.com\\\/#website\"},\"primaryImageOfPage\":{\"@id\":\"https:\\\/\\\/tajkertesz.com\\\/termek\\\/karacsonyi-fa-tabla-24-2-7\\\/#primaryimage\"},\"image\":{\"@id\":\"https:\\\/\\\/tajkertesz.com\\\/termek\\\/karacsonyi-fa-tabla-24-2-7\\\/#primaryimage\"},\"thumbnailUrl\":\"https:\\\/\\\/tajkertesz.com\\\/wp-content\\\/uploads\\\/2024\\\/01\\\/Best-karacsonyDD63347.webp\",\"datePublished\":\"2024-01-10T15:02:13+00:00\",\"dateModified\":\"2026-02-13T15:11:11+00:00\",\"description\":\"D\u00edsz\u00edtse otthon\u00e1t egy igaz\u00e1n k\u00fcl\u00f6nleges dekor\u00e1ci\u00f3val. Eleg\u00e1ns \u00e9s letisztult kar\u00e1csonyi dekor\u00e1ci\u00f3, var\u00e1zsolja otthon\u00e1t kar\u00e1csonyi hangulatba.\",\"breadcrumb\":{\"@id\":\"https:\\\/\\\/tajkertesz.com\\\/termek\\\/karacsonyi-fa-tabla-24-2-7\\\/#breadcrumb\"},\"inLanguage\":\"en-US\",\"potentialAction\":[{\"@type\":\"ReadAction\",\"target\":[\"https:\\\/\\\/tajkertesz.com\\\/termek\\\/karacsonyi-fa-tabla-24-2-7\\\/\"]}]},{\"@type\":\"ImageObject\",\"inLanguage\":\"en-US\",\"@id\":\"https:\\\/\\\/tajkertesz.com\\\/termek\\\/karacsonyi-fa-tabla-24-2-7\\\/#primaryimage\",\"url\":\"https:\\\/\\\/tajkertesz.com\\\/wp-content\\\/uploads\\\/2024\\\/01\\\/Best-karacsonyDD63347.webp\",\"contentUrl\":\"https:\\\/\\\/tajkertesz.com\\\/wp-content\\\/uploads\\\/2024\\\/01\\\/Best-karacsonyDD63347.webp\",\"width\":640,\"height\":640},{\"@type\":\"BreadcrumbList\",\"@id\":\"https:\\\/\\\/tajkertesz.com\\\/termek\\\/karacsonyi-fa-tabla-24-2-7\\\/#breadcrumb\",\"itemListElement\":[{\"@type\":\"ListItem\",\"position\":1,\"name\":\"Home\",\"item\":\"https:\\\/\\\/tajkertesz.com\\\/\"},{\"@type\":\"ListItem\",\"position\":2,\"name\":\"Kezd\u0151lap\",\"item\":\"https:\\\/\\\/tajkertesz.com\\\/\"},{\"@type\":\"ListItem\",\"position\":3,\"name\":\"Kar\u00e1csonyi fa t\u00e1bla\u00a024-2-7\"}]},{\"@type\":\"WebSite\",\"@id\":\"https:\\\/\\\/tajkertesz.com\\\/#website\",\"url\":\"https:\\\/\\\/tajkertesz.com\\\/\",\"name\":\"T\u00e1j-Kert\u00e9sz 84 Kft.\",\"description\":\"Kert\u00e9szeti kis- \u00e9s nagykeresked\u00e9s, D\u00edszn\u00f6v\u00e9ny web\u00e1ruh\u00e1z orsz\u00e1gos h\u00e1zhozsz\u00e1ll\u00edt\u00e1ssal!\",\"publisher\":{\"@id\":\"https:\\\/\\\/tajkertesz.com\\\/#organization\"},\"potentialAction\":[{\"@type\":\"SearchAction\",\"target\":{\"@type\":\"EntryPoint\",\"urlTemplate\":\"https:\\\/\\\/tajkertesz.com\\\/?s={search_term_string}\"},\"query-input\":{\"@type\":\"PropertyValueSpecification\",\"valueRequired\":true,\"valueName\":\"search_term_string\"}}],\"inLanguage\":\"en-US\"},{\"@type\":\"Organization\",\"@id\":\"https:\\\/\\\/tajkertesz.com\\\/#organization\",\"name\":\"T\u00e1j-Kert\u00e9sz 84 Kft.\",\"url\":\"https:\\\/\\\/tajkertesz.com\\\/\",\"logo\":{\"@type\":\"ImageObject\",\"inLanguage\":\"en-US\",\"@id\":\"https:\\\/\\\/tajkertesz.com\\\/#\\\/schema\\\/logo\\\/image\\\/\",\"url\":\"https:\\\/\\\/tajkertesz.com\\\/wp-content\\\/uploads\\\/2018\\\/02\\\/logo-2-e1518678052539.png\",\"contentUrl\":\"https:\\\/\\\/tajkertesz.com\\\/wp-content\\\/uploads\\\/2018\\\/02\\\/logo-2-e1518678052539.png\",\"width\":81,\"height\":140,\"caption\":\"T\u00e1j-Kert\u00e9sz 84 Kft.\"},\"image\":{\"@id\":\"https:\\\/\\\/tajkertesz.com\\\/#\\\/schema\\\/logo\\\/image\\\/\"},\"sameAs\":[\"https:\\\/\\\/www.facebook.com\\\/Tajkertesz\\\/\"]}]}<\/script>\n<!-- \/ Yoast SEO plugin. -->","yoast_head_json":{"title":"Kar\u00e1csonyi fa t\u00e1bla\u00a024-2-7 - T\u00e1jkert\u00e9sz","description":"D\u00edsz\u00edtse otthon\u00e1t egy igaz\u00e1n k\u00fcl\u00f6nleges dekor\u00e1ci\u00f3val. Eleg\u00e1ns \u00e9s letisztult kar\u00e1csonyi dekor\u00e1ci\u00f3, var\u00e1zsolja otthon\u00e1t kar\u00e1csonyi hangulatba.","robots":{"index":"index","follow":"follow","max-snippet":"max-snippet:-1","max-image-preview":"max-image-preview:large","max-video-preview":"max-video-preview:-1"},"canonical":"https:\/\/tajkertesz.com\/en_US\/product\/karacsonyi-fa-tabla-24-2-7\/","og_locale":"en_US","og_type":"article","og_title":"Kar\u00e1csonyi fa t\u00e1bla\u00a024-2-7 - T\u00e1jkert\u00e9sz","og_description":"D\u00edsz\u00edtse otthon\u00e1t egy igaz\u00e1n k\u00fcl\u00f6nleges dekor\u00e1ci\u00f3val. Eleg\u00e1ns \u00e9s letisztult kar\u00e1csonyi dekor\u00e1ci\u00f3, var\u00e1zsolja otthon\u00e1t kar\u00e1csonyi hangulatba.","og_url":"https:\/\/tajkertesz.com\/en_US\/product\/karacsonyi-fa-tabla-24-2-7\/","og_site_name":"T\u00e1jkert\u00e9sz","article_publisher":"https:\/\/www.facebook.com\/Tajkertesz\/","article_modified_time":"2026-02-13T15:11:11+00:00","og_image":[{"width":640,"height":640,"url":"https:\/\/tajkertesz.com\/wp-content\/uploads\/2024\/01\/Best-karacsonyDD63347.webp","type":"image\/webp"}],"twitter_card":"summary_large_image","twitter_misc":{"Est. reading time":"1 minute"},"schema":{"@context":"https:\/\/schema.org","@graph":[{"@type":"WebPage","@id":"https:\/\/tajkertesz.com\/termek\/karacsonyi-fa-tabla-24-2-7\/","url":"https:\/\/tajkertesz.com\/termek\/karacsonyi-fa-tabla-24-2-7\/","name":"Kar\u00e1csonyi fa t\u00e1bla\u00a024-2-7 - T\u00e1jkert\u00e9sz","isPartOf":{"@id":"https:\/\/tajkertesz.com\/#website"},"primaryImageOfPage":{"@id":"https:\/\/tajkertesz.com\/termek\/karacsonyi-fa-tabla-24-2-7\/#primaryimage"},"image":{"@id":"https:\/\/tajkertesz.com\/termek\/karacsonyi-fa-tabla-24-2-7\/#primaryimage"},"thumbnailUrl":"https:\/\/tajkertesz.com\/wp-content\/uploads\/2024\/01\/Best-karacsonyDD63347.webp","datePublished":"2024-01-10T15:02:13+00:00","dateModified":"2026-02-13T15:11:11+00:00","description":"D\u00edsz\u00edtse otthon\u00e1t egy igaz\u00e1n k\u00fcl\u00f6nleges dekor\u00e1ci\u00f3val. Eleg\u00e1ns \u00e9s letisztult kar\u00e1csonyi dekor\u00e1ci\u00f3, var\u00e1zsolja otthon\u00e1t kar\u00e1csonyi hangulatba.","breadcrumb":{"@id":"https:\/\/tajkertesz.com\/termek\/karacsonyi-fa-tabla-24-2-7\/#breadcrumb"},"inLanguage":"en-US","potentialAction":[{"@type":"ReadAction","target":["https:\/\/tajkertesz.com\/termek\/karacsonyi-fa-tabla-24-2-7\/"]}]},{"@type":"ImageObject","inLanguage":"en-US","@id":"https:\/\/tajkertesz.com\/termek\/karacsonyi-fa-tabla-24-2-7\/#primaryimage","url":"https:\/\/tajkertesz.com\/wp-content\/uploads\/2024\/01\/Best-karacsonyDD63347.webp","contentUrl":"https:\/\/tajkertesz.com\/wp-content\/uploads\/2024\/01\/Best-karacsonyDD63347.webp","width":640,"height":640},{"@type":"BreadcrumbList","@id":"https:\/\/tajkertesz.com\/termek\/karacsonyi-fa-tabla-24-2-7\/#breadcrumb","itemListElement":[{"@type":"ListItem","position":1,"name":"Home","item":"https:\/\/tajkertesz.com\/"},{"@type":"ListItem","position":2,"name":"Kezd\u0151lap","item":"https:\/\/tajkertesz.com\/"},{"@type":"ListItem","position":3,"name":"Kar\u00e1csonyi fa t\u00e1bla\u00a024-2-7"}]},{"@type":"WebSite","@id":"https:\/\/tajkertesz.com\/#website","url":"https:\/\/tajkertesz.com\/","name":"T\u00e1j-Kert\u00e9sz 84 Kft.","description":"Kert\u00e9szeti kis- \u00e9s nagykeresked\u00e9s, D\u00edszn\u00f6v\u00e9ny web\u00e1ruh\u00e1z orsz\u00e1gos h\u00e1zhozsz\u00e1ll\u00edt\u00e1ssal!","publisher":{"@id":"https:\/\/tajkertesz.com\/#organization"},"potentialAction":[{"@type":"SearchAction","target":{"@type":"EntryPoint","urlTemplate":"https:\/\/tajkertesz.com\/?s={search_term_string}"},"query-input":{"@type":"PropertyValueSpecification","valueRequired":true,"valueName":"search_term_string"}}],"inLanguage":"en-US"},{"@type":"Organization","@id":"https:\/\/tajkertesz.com\/#organization","name":"T\u00e1j-Kert\u00e9sz 84 Kft.","url":"https:\/\/tajkertesz.com\/","logo":{"@type":"ImageObject","inLanguage":"en-US","@id":"https:\/\/tajkertesz.com\/#\/schema\/logo\/image\/","url":"https:\/\/tajkertesz.com\/wp-content\/uploads\/2018\/02\/logo-2-e1518678052539.png","contentUrl":"https:\/\/tajkertesz.com\/wp-content\/uploads\/2018\/02\/logo-2-e1518678052539.png","width":81,"height":140,"caption":"T\u00e1j-Kert\u00e9sz 84 Kft."},"image":{"@id":"https:\/\/tajkertesz.com\/#\/schema\/logo\/image\/"},"sameAs":["https:\/\/www.facebook.com\/Tajkertesz\/"]}]}},"_links":{"self":[{"href":"https:\/\/tajkertesz.com\/en_US\/wp-json\/wp\/v2\/product\/18338","targetHints":{"allow":["GET"]}}],"collection":[{"href":"https:\/\/tajkertesz.com\/en_US\/wp-json\/wp\/v2\/product"}],"about":[{"href":"https:\/\/tajkertesz.com\/en_US\/wp-json\/wp\/v2\/types\/product"}],"wp:featuredmedia":[{"embeddable":true,"href":"https:\/\/tajkertesz.com\/en_US\/wp-json\/wp\/v2\/media\/18339"}],"wp:attachment":[{"href":"https:\/\/tajkertesz.com\/en_US\/wp-json\/wp\/v2\/media?parent=18338"}],"wp:term":[{"taxonomy":"product_brand","embeddable":true,"href":"https:\/\/tajkertesz.com\/en_US\/wp-json\/wp\/v2\/product_brand?post=18338"},{"taxonomy":"product_cat","embeddable":true,"href":"https:\/\/tajkertesz.com\/en_US\/wp-json\/wp\/v2\/product_cat?post=18338"},{"taxonomy":"product_tag","embeddable":true,"href":"https:\/\/tajkertesz.com\/en_US\/wp-json\/wp\/v2\/product_tag?post=18338"}],"curies":[{"name":"wp","href":"https:\/\/api.w.org\/{rel}","templated":true}]}}