{"id":18340,"date":"2024-01-10T15:37:37","date_gmt":"2024-01-10T15:37:37","guid":{"rendered":"https:\/\/tajkertesz.com\/?post_type=product&#038;p=18340"},"modified":"2026-02-13T15:11:17","modified_gmt":"2026-02-13T15:11:17","slug":"karacsonyi-dekoracio-madareteto-25-8-1","status":"publish","type":"product","link":"https:\/\/tajkertesz.com\/en_US\/product\/karacsonyi-dekoracio-madareteto-25-8-1\/","title":{"rendered":"KAR\u00c1CSONYi DEKOR\u00c1CI\u00d3 MAD\u00c1RETET\u0150\u00a0 25-8-1"},"content":{"rendered":"<h1 class=\"page-head-title product-page-head-title position-relative\"><span class=\"product-page-product-name\">KAR\u00c1CSONYi DEKOR\u00c1CI\u00d3 MAD\u00c1RETET\u0150 25-8-1<\/span><\/h1>\n<p class=\"page-head-title product-page-head-title position-relative\"><span class=\"product-page-product-name\">KAR\u00c1CSONYi DEKOR\u00c1CI\u00d3 MAD\u00c1RETET\u0150 25-8-1<\/span><\/p>\n<p class=\"page-head-title product-page-head-title position-relative\">Hangol\u00f3dj az \u00fcnnepekre, mer\u00edts ihletet, koron\u00e1zd meg a kar\u00e1csonyi k\u00e9sz\u00fcl\u0151d\u00e9st ezzel a gy\u00f6ny\u00f6r\u0171 dekor\u00e1ci\u00f3val!<\/p>\n<p>M\u00e9rete: 86 * 33 *20<\/p>\n<p>Hangol\u00f3dj az \u00fcnnepekre, mer\u00edts ihletet, koron\u00e1zd meg a kar\u00e1csonyi k\u00e9sz\u00fcl\u0151d\u00e9st egy-egy gy\u00f6ny\u00f6r\u0171 dekor\u00e1ci\u00f3val! N\u00e1lunk mindent beszerezhetsz a kar\u00e1csonyi el\u0151k\u00e9sz\u00fcletekhez \u2013 d\u00edszg\u00f6mb\u00f6ket, gyerty\u00e1kat, man\u00f3kat, adventi koszor\u00fakat, \u00e9g\u0151sorokat\u2026<\/p>\n<div><\/div>\n<div><strong>K\u00e9szlet\u00fcnk napi szinten v\u00e1ltozik, ez\u00e9rt k\u00e9rj\u00fck, \u00e9rdekl\u0151dj\u00f6n szem\u00e9lyesen, telefonon vagy email-en.<\/strong><\/div>\n<div>\n<p><strong>A v\u00e1ltoztat\u00e1s jog\u00e1t fenntartjuk!\u00a0<\/strong><\/p>\n<p>&nbsp;<\/p>\n<p><a href=\"https:\/\/tajkertesz.com\/\">https:\/\/tajkertesz.com\/<\/a><\/p>\n<p><a href=\"https:\/\/www.facebook.com\/tajkertesz\/\">https:\/\/www.facebook.com\/tajkertesz\/<\/a><\/p>\n<p>Kisz\u00e1ll\u00edt\u00e1s: 200cm-ig \u00a0\u00e9s 40 kg-ig a sz\u00e1ll\u00edt\u00e1s fut\u00e1rszolg\u00e1lattal \u00a0t\u00f6rt\u00e9nik.<\/p>\n<p>&nbsp;<\/p>\n<p>Szem\u00e9lyes \u00e1tv\u00e9tel nyitvatart\u00e1si id\u0151ben a 17. ker\u00fclet Bakancsos utca 7. sz\u00e1m alatti Kert\u00e9szeti \u00e1rud\u00e1ban.<\/p>\n<\/div>\n<p>Kar\u00e1csonyi hangulat\u00fa, \u00fcnnepi k\u00f6nt\u00f6sbe \u00f6lt\u00f6ztetett mad\u00e1retet\u0151 dekor\u00e1ci\u00f3. Feny\u0151\u00e1gakkal, tobozokkal, m\u0171h\u00f3val d\u00edsz\u00edtett k\u00e9sz\u00edtm\u00e9ny, ami j\u00f3l mutat b\u00e1rmelyik lak\u00e1s bej\u00e1rati ajtaja el\u0151tt, vagy kirakatban.<\/p>\n<p>&nbsp;<\/p>","protected":false},"excerpt":{"rendered":"<h1 class=\"page-head-title product-page-head-title position-relative\"><span class=\"product-page-product-name\">KAR\u00c1CSONYi DEKOR\u00c1CI\u00d3 MAD\u00c1RETET\u0150 25-8-1<\/span><\/h1>\n<p>M\u00e9rete: 86 * 33 *20<\/p>\n<p>Hangol\u00f3dj az \u00fcnnepekre, mer\u00edts ihletet, koron\u00e1zd meg a kar\u00e1csonyi k\u00e9sz\u00fcl\u0151d\u00e9st egy-egy gy\u00f6ny\u00f6r\u0171 dekor\u00e1ci\u00f3val! N\u00e1lunk mindent beszerezhetsz a kar\u00e1csonyi el\u0151k\u00e9sz\u00fcletekhez \u2013 d\u00edszg\u00f6mb\u00f6ket, gyerty\u00e1kat, man\u00f3kat, adventi koszor\u00fakat, \u00e9g\u0151sorokat\u2026<\/p>\n<div><\/div>\n<div><strong>K\u00e9szlet\u00fcnk napi szinten v\u00e1ltozik, ez\u00e9rt k\u00e9rj\u00fck, \u00e9rdekl\u0151dj\u00f6n szem\u00e9lyesen, telefonon vagy email-en.<\/strong><\/div>\n<div>\n<p><strong>A v\u00e1ltoztat\u00e1s jog\u00e1t fenntartjuk!\u00a0<\/strong><\/p>\n<p>&nbsp;<\/p>\n<\/div>","protected":false},"featured_media":18341,"template":"","meta":{"_et_pb_use_builder":"","_et_pb_old_content":"","_et_gb_content_width":""},"product_brand":[],"product_cat":[4034],"product_tag":[5601,4542,1127,687],"class_list":{"0":"post-18340","1":"product","2":"type-product","3":"status-publish","4":"has-post-thumbnail","6":"product_cat-karacsonyi-diszek-dekorok","7":"product_tag-25-8-1","8":"product_tag-dekoraci-o","9":"product_tag-karacsonyi","10":"product_tag-madareteto","12":"first","13":"instock","14":"shipping-taxable","15":"purchasable","16":"product-type-simple"},"yoast_head":"<!-- This site is optimized with the Yoast SEO plugin v27.4 - https:\/\/yoast.com\/product\/yoast-seo-wordpress\/ -->\n<title>KAR\u00c1CSONYi DEKOR\u00c1CI\u00d3 MAD\u00c1RETET\u0150\u00a0 25-8-1 - T\u00e1jkert\u00e9sz<\/title>\n<meta name=\"description\" content=\"KAR\u00c1CSONYi DEKOR\u00c1CI\u00d3 MAD\u00c1RETET\u0150 25-8-1 Hangol\u00f3dj az \u00fcnnepekre, mer\u00edts ihletet, koron\u00e1zd meg a kar\u00e1csonyi k\u00e9sz\u00fcl\u0151d\u00e9st ezzel a gy\u00f6ny\u00f6r\u0171 dekor\u00e1ci\u00f3val!\" \/>\n<meta name=\"robots\" content=\"index, follow, max-snippet:-1, max-image-preview:large, max-video-preview:-1\" \/>\n<link rel=\"canonical\" href=\"https:\/\/tajkertesz.com\/en_US\/product\/karacsonyi-dekoracio-madareteto-25-8-1\/\" \/>\n<meta property=\"og:locale\" content=\"en_US\" \/>\n<meta property=\"og:type\" content=\"article\" \/>\n<meta property=\"og:title\" content=\"KAR\u00c1CSONYi DEKOR\u00c1CI\u00d3 MAD\u00c1RETET\u0150\u00a0 25-8-1 - T\u00e1jkert\u00e9sz\" \/>\n<meta property=\"og:description\" content=\"KAR\u00c1CSONYi DEKOR\u00c1CI\u00d3 MAD\u00c1RETET\u0150 25-8-1 Hangol\u00f3dj az \u00fcnnepekre, mer\u00edts ihletet, koron\u00e1zd meg a kar\u00e1csonyi k\u00e9sz\u00fcl\u0151d\u00e9st ezzel a gy\u00f6ny\u00f6r\u0171 dekor\u00e1ci\u00f3val!\" \/>\n<meta property=\"og:url\" content=\"https:\/\/tajkertesz.com\/en_US\/product\/karacsonyi-dekoracio-madareteto-25-8-1\/\" \/>\n<meta property=\"og:site_name\" content=\"T\u00e1jkert\u00e9sz\" \/>\n<meta property=\"article:publisher\" content=\"https:\/\/www.facebook.com\/Tajkertesz\/\" \/>\n<meta property=\"article:modified_time\" content=\"2026-02-13T15:11:17+00:00\" \/>\n<meta property=\"og:image\" content=\"https:\/\/tajkertesz.com\/wp-content\/uploads\/2024\/01\/KARACSONYi-DEKORACIO-MADARETETO-24-8-1.jpg\" \/>\n\t<meta property=\"og:image:width\" content=\"406\" \/>\n\t<meta property=\"og:image:height\" content=\"904\" \/>\n\t<meta property=\"og:image:type\" content=\"image\/jpeg\" \/>\n<meta name=\"twitter:card\" content=\"summary_large_image\" \/>\n<meta name=\"twitter:label1\" content=\"Est. reading time\" \/>\n\t<meta name=\"twitter:data1\" content=\"1 minute\" \/>\n<script type=\"application\/ld+json\" class=\"yoast-schema-graph\">{\"@context\":\"https:\\\/\\\/schema.org\",\"@graph\":[{\"@type\":\"WebPage\",\"@id\":\"https:\\\/\\\/tajkertesz.com\\\/termek\\\/karacsonyi-dekoracio-madareteto-25-8-1\\\/\",\"url\":\"https:\\\/\\\/tajkertesz.com\\\/termek\\\/karacsonyi-dekoracio-madareteto-25-8-1\\\/\",\"name\":\"KAR\u00c1CSONYi DEKOR\u00c1CI\u00d3 MAD\u00c1RETET\u0150\u00a0 25-8-1 - T\u00e1jkert\u00e9sz\",\"isPartOf\":{\"@id\":\"https:\\\/\\\/tajkertesz.com\\\/#website\"},\"primaryImageOfPage\":{\"@id\":\"https:\\\/\\\/tajkertesz.com\\\/termek\\\/karacsonyi-dekoracio-madareteto-25-8-1\\\/#primaryimage\"},\"image\":{\"@id\":\"https:\\\/\\\/tajkertesz.com\\\/termek\\\/karacsonyi-dekoracio-madareteto-25-8-1\\\/#primaryimage\"},\"thumbnailUrl\":\"https:\\\/\\\/tajkertesz.com\\\/wp-content\\\/uploads\\\/2024\\\/01\\\/KARACSONYi-DEKORACIO-MADARETETO-24-8-1.jpg\",\"datePublished\":\"2024-01-10T15:37:37+00:00\",\"dateModified\":\"2026-02-13T15:11:17+00:00\",\"description\":\"KAR\u00c1CSONYi DEKOR\u00c1CI\u00d3 MAD\u00c1RETET\u0150 25-8-1 Hangol\u00f3dj az \u00fcnnepekre, mer\u00edts ihletet, koron\u00e1zd meg a kar\u00e1csonyi k\u00e9sz\u00fcl\u0151d\u00e9st ezzel a gy\u00f6ny\u00f6r\u0171 dekor\u00e1ci\u00f3val!\",\"breadcrumb\":{\"@id\":\"https:\\\/\\\/tajkertesz.com\\\/termek\\\/karacsonyi-dekoracio-madareteto-25-8-1\\\/#breadcrumb\"},\"inLanguage\":\"en-US\",\"potentialAction\":[{\"@type\":\"ReadAction\",\"target\":[\"https:\\\/\\\/tajkertesz.com\\\/termek\\\/karacsonyi-dekoracio-madareteto-25-8-1\\\/\"]}]},{\"@type\":\"ImageObject\",\"inLanguage\":\"en-US\",\"@id\":\"https:\\\/\\\/tajkertesz.com\\\/termek\\\/karacsonyi-dekoracio-madareteto-25-8-1\\\/#primaryimage\",\"url\":\"https:\\\/\\\/tajkertesz.com\\\/wp-content\\\/uploads\\\/2024\\\/01\\\/KARACSONYi-DEKORACIO-MADARETETO-24-8-1.jpg\",\"contentUrl\":\"https:\\\/\\\/tajkertesz.com\\\/wp-content\\\/uploads\\\/2024\\\/01\\\/KARACSONYi-DEKORACIO-MADARETETO-24-8-1.jpg\",\"width\":406,\"height\":904,\"caption\":\"KAR\u00c1CSONYi DEKOR\u00c1CI\u00d3 MAD\u00c1RETET\u0150 25-8-1\"},{\"@type\":\"BreadcrumbList\",\"@id\":\"https:\\\/\\\/tajkertesz.com\\\/termek\\\/karacsonyi-dekoracio-madareteto-25-8-1\\\/#breadcrumb\",\"itemListElement\":[{\"@type\":\"ListItem\",\"position\":1,\"name\":\"Home\",\"item\":\"https:\\\/\\\/tajkertesz.com\\\/\"},{\"@type\":\"ListItem\",\"position\":2,\"name\":\"Kezd\u0151lap\",\"item\":\"https:\\\/\\\/tajkertesz.com\\\/\"},{\"@type\":\"ListItem\",\"position\":3,\"name\":\"KAR\u00c1CSONYi DEKOR\u00c1CI\u00d3 MAD\u00c1RETET\u0150\u00a0 25-8-1\"}]},{\"@type\":\"WebSite\",\"@id\":\"https:\\\/\\\/tajkertesz.com\\\/#website\",\"url\":\"https:\\\/\\\/tajkertesz.com\\\/\",\"name\":\"T\u00e1j-Kert\u00e9sz 84 Kft.\",\"description\":\"Kert\u00e9szeti kis- \u00e9s nagykeresked\u00e9s, D\u00edszn\u00f6v\u00e9ny web\u00e1ruh\u00e1z orsz\u00e1gos h\u00e1zhozsz\u00e1ll\u00edt\u00e1ssal!\",\"publisher\":{\"@id\":\"https:\\\/\\\/tajkertesz.com\\\/#organization\"},\"potentialAction\":[{\"@type\":\"SearchAction\",\"target\":{\"@type\":\"EntryPoint\",\"urlTemplate\":\"https:\\\/\\\/tajkertesz.com\\\/?s={search_term_string}\"},\"query-input\":{\"@type\":\"PropertyValueSpecification\",\"valueRequired\":true,\"valueName\":\"search_term_string\"}}],\"inLanguage\":\"en-US\"},{\"@type\":\"Organization\",\"@id\":\"https:\\\/\\\/tajkertesz.com\\\/#organization\",\"name\":\"T\u00e1j-Kert\u00e9sz 84 Kft.\",\"url\":\"https:\\\/\\\/tajkertesz.com\\\/\",\"logo\":{\"@type\":\"ImageObject\",\"inLanguage\":\"en-US\",\"@id\":\"https:\\\/\\\/tajkertesz.com\\\/#\\\/schema\\\/logo\\\/image\\\/\",\"url\":\"https:\\\/\\\/tajkertesz.com\\\/wp-content\\\/uploads\\\/2018\\\/02\\\/logo-2-e1518678052539.png\",\"contentUrl\":\"https:\\\/\\\/tajkertesz.com\\\/wp-content\\\/uploads\\\/2018\\\/02\\\/logo-2-e1518678052539.png\",\"width\":81,\"height\":140,\"caption\":\"T\u00e1j-Kert\u00e9sz 84 Kft.\"},\"image\":{\"@id\":\"https:\\\/\\\/tajkertesz.com\\\/#\\\/schema\\\/logo\\\/image\\\/\"},\"sameAs\":[\"https:\\\/\\\/www.facebook.com\\\/Tajkertesz\\\/\"]}]}<\/script>\n<!-- \/ Yoast SEO plugin. -->","yoast_head_json":{"title":"KAR\u00c1CSONYi DEKOR\u00c1CI\u00d3 MAD\u00c1RETET\u0150\u00a0 25-8-1 - T\u00e1jkert\u00e9sz","description":"KAR\u00c1CSONYi DEKOR\u00c1CI\u00d3 MAD\u00c1RETET\u0150 25-8-1 Hangol\u00f3dj az \u00fcnnepekre, mer\u00edts ihletet, koron\u00e1zd meg a kar\u00e1csonyi k\u00e9sz\u00fcl\u0151d\u00e9st ezzel a gy\u00f6ny\u00f6r\u0171 dekor\u00e1ci\u00f3val!","robots":{"index":"index","follow":"follow","max-snippet":"max-snippet:-1","max-image-preview":"max-image-preview:large","max-video-preview":"max-video-preview:-1"},"canonical":"https:\/\/tajkertesz.com\/en_US\/product\/karacsonyi-dekoracio-madareteto-25-8-1\/","og_locale":"en_US","og_type":"article","og_title":"KAR\u00c1CSONYi DEKOR\u00c1CI\u00d3 MAD\u00c1RETET\u0150\u00a0 25-8-1 - T\u00e1jkert\u00e9sz","og_description":"KAR\u00c1CSONYi DEKOR\u00c1CI\u00d3 MAD\u00c1RETET\u0150 25-8-1 Hangol\u00f3dj az \u00fcnnepekre, mer\u00edts ihletet, koron\u00e1zd meg a kar\u00e1csonyi k\u00e9sz\u00fcl\u0151d\u00e9st ezzel a gy\u00f6ny\u00f6r\u0171 dekor\u00e1ci\u00f3val!","og_url":"https:\/\/tajkertesz.com\/en_US\/product\/karacsonyi-dekoracio-madareteto-25-8-1\/","og_site_name":"T\u00e1jkert\u00e9sz","article_publisher":"https:\/\/www.facebook.com\/Tajkertesz\/","article_modified_time":"2026-02-13T15:11:17+00:00","og_image":[{"width":406,"height":904,"url":"https:\/\/tajkertesz.com\/wp-content\/uploads\/2024\/01\/KARACSONYi-DEKORACIO-MADARETETO-24-8-1.jpg","type":"image\/jpeg"}],"twitter_card":"summary_large_image","twitter_misc":{"Est. reading time":"1 minute"},"schema":{"@context":"https:\/\/schema.org","@graph":[{"@type":"WebPage","@id":"https:\/\/tajkertesz.com\/termek\/karacsonyi-dekoracio-madareteto-25-8-1\/","url":"https:\/\/tajkertesz.com\/termek\/karacsonyi-dekoracio-madareteto-25-8-1\/","name":"KAR\u00c1CSONYi DEKOR\u00c1CI\u00d3 MAD\u00c1RETET\u0150\u00a0 25-8-1 - T\u00e1jkert\u00e9sz","isPartOf":{"@id":"https:\/\/tajkertesz.com\/#website"},"primaryImageOfPage":{"@id":"https:\/\/tajkertesz.com\/termek\/karacsonyi-dekoracio-madareteto-25-8-1\/#primaryimage"},"image":{"@id":"https:\/\/tajkertesz.com\/termek\/karacsonyi-dekoracio-madareteto-25-8-1\/#primaryimage"},"thumbnailUrl":"https:\/\/tajkertesz.com\/wp-content\/uploads\/2024\/01\/KARACSONYi-DEKORACIO-MADARETETO-24-8-1.jpg","datePublished":"2024-01-10T15:37:37+00:00","dateModified":"2026-02-13T15:11:17+00:00","description":"KAR\u00c1CSONYi DEKOR\u00c1CI\u00d3 MAD\u00c1RETET\u0150 25-8-1 Hangol\u00f3dj az \u00fcnnepekre, mer\u00edts ihletet, koron\u00e1zd meg a kar\u00e1csonyi k\u00e9sz\u00fcl\u0151d\u00e9st ezzel a gy\u00f6ny\u00f6r\u0171 dekor\u00e1ci\u00f3val!","breadcrumb":{"@id":"https:\/\/tajkertesz.com\/termek\/karacsonyi-dekoracio-madareteto-25-8-1\/#breadcrumb"},"inLanguage":"en-US","potentialAction":[{"@type":"ReadAction","target":["https:\/\/tajkertesz.com\/termek\/karacsonyi-dekoracio-madareteto-25-8-1\/"]}]},{"@type":"ImageObject","inLanguage":"en-US","@id":"https:\/\/tajkertesz.com\/termek\/karacsonyi-dekoracio-madareteto-25-8-1\/#primaryimage","url":"https:\/\/tajkertesz.com\/wp-content\/uploads\/2024\/01\/KARACSONYi-DEKORACIO-MADARETETO-24-8-1.jpg","contentUrl":"https:\/\/tajkertesz.com\/wp-content\/uploads\/2024\/01\/KARACSONYi-DEKORACIO-MADARETETO-24-8-1.jpg","width":406,"height":904,"caption":"KAR\u00c1CSONYi DEKOR\u00c1CI\u00d3 MAD\u00c1RETET\u0150 25-8-1"},{"@type":"BreadcrumbList","@id":"https:\/\/tajkertesz.com\/termek\/karacsonyi-dekoracio-madareteto-25-8-1\/#breadcrumb","itemListElement":[{"@type":"ListItem","position":1,"name":"Home","item":"https:\/\/tajkertesz.com\/"},{"@type":"ListItem","position":2,"name":"Kezd\u0151lap","item":"https:\/\/tajkertesz.com\/"},{"@type":"ListItem","position":3,"name":"KAR\u00c1CSONYi DEKOR\u00c1CI\u00d3 MAD\u00c1RETET\u0150\u00a0 25-8-1"}]},{"@type":"WebSite","@id":"https:\/\/tajkertesz.com\/#website","url":"https:\/\/tajkertesz.com\/","name":"T\u00e1j-Kert\u00e9sz 84 Kft.","description":"Kert\u00e9szeti kis- \u00e9s nagykeresked\u00e9s, D\u00edszn\u00f6v\u00e9ny web\u00e1ruh\u00e1z orsz\u00e1gos h\u00e1zhozsz\u00e1ll\u00edt\u00e1ssal!","publisher":{"@id":"https:\/\/tajkertesz.com\/#organization"},"potentialAction":[{"@type":"SearchAction","target":{"@type":"EntryPoint","urlTemplate":"https:\/\/tajkertesz.com\/?s={search_term_string}"},"query-input":{"@type":"PropertyValueSpecification","valueRequired":true,"valueName":"search_term_string"}}],"inLanguage":"en-US"},{"@type":"Organization","@id":"https:\/\/tajkertesz.com\/#organization","name":"T\u00e1j-Kert\u00e9sz 84 Kft.","url":"https:\/\/tajkertesz.com\/","logo":{"@type":"ImageObject","inLanguage":"en-US","@id":"https:\/\/tajkertesz.com\/#\/schema\/logo\/image\/","url":"https:\/\/tajkertesz.com\/wp-content\/uploads\/2018\/02\/logo-2-e1518678052539.png","contentUrl":"https:\/\/tajkertesz.com\/wp-content\/uploads\/2018\/02\/logo-2-e1518678052539.png","width":81,"height":140,"caption":"T\u00e1j-Kert\u00e9sz 84 Kft."},"image":{"@id":"https:\/\/tajkertesz.com\/#\/schema\/logo\/image\/"},"sameAs":["https:\/\/www.facebook.com\/Tajkertesz\/"]}]}},"_links":{"self":[{"href":"https:\/\/tajkertesz.com\/en_US\/wp-json\/wp\/v2\/product\/18340","targetHints":{"allow":["GET"]}}],"collection":[{"href":"https:\/\/tajkertesz.com\/en_US\/wp-json\/wp\/v2\/product"}],"about":[{"href":"https:\/\/tajkertesz.com\/en_US\/wp-json\/wp\/v2\/types\/product"}],"wp:featuredmedia":[{"embeddable":true,"href":"https:\/\/tajkertesz.com\/en_US\/wp-json\/wp\/v2\/media\/18341"}],"wp:attachment":[{"href":"https:\/\/tajkertesz.com\/en_US\/wp-json\/wp\/v2\/media?parent=18340"}],"wp:term":[{"taxonomy":"product_brand","embeddable":true,"href":"https:\/\/tajkertesz.com\/en_US\/wp-json\/wp\/v2\/product_brand?post=18340"},{"taxonomy":"product_cat","embeddable":true,"href":"https:\/\/tajkertesz.com\/en_US\/wp-json\/wp\/v2\/product_cat?post=18340"},{"taxonomy":"product_tag","embeddable":true,"href":"https:\/\/tajkertesz.com\/en_US\/wp-json\/wp\/v2\/product_tag?post=18340"}],"curies":[{"name":"wp","href":"https:\/\/api.w.org\/{rel}","templated":true}]}}