{"id":18384,"date":"2024-01-11T12:47:40","date_gmt":"2024-01-11T12:47:40","guid":{"rendered":"https:\/\/tajkertesz.com\/?post_type=product&#038;p=18384"},"modified":"2026-02-13T15:11:43","modified_gmt":"2026-02-13T15:11:43","slug":"vodor-karacsonyi-mintaval-fem-312223-es-262018-cm-2-db-os-szett-24-12-1","status":"publish","type":"product","link":"https:\/\/tajkertesz.com\/en_US\/product\/vodor-karacsonyi-mintaval-fem-312223-es-262018-cm-2-db-os-szett-24-12-1\/","title":{"rendered":"V\u00f6d\u00f6r kar\u00e1csonyi mint\u00e1val f\u00e9m 31*22*23 \u00e9s 26*20*18 cm 2 db-os szett 24-12-1"},"content":{"rendered":"<p>V\u00f6d\u00f6r kar\u00e1csonyi mint\u00e1val f\u00e9m 31*22*23 \u00e9s 26*20*18 cm 2 db-os szett<\/p>\n<p>Hangol\u00f3dj az \u00fcnnepekre, mer\u00edts ihletet, koron\u00e1zd meg a kar\u00e1csonyi k\u00e9sz\u00fcl\u0151d\u00e9st egy-egy gy\u00f6ny\u00f6r\u0171 dekor\u00e1ci\u00f3val!<\/p>\n<p>V\u00f6d\u00f6r kar\u00e1csonyi mint\u00e1val f\u00e9m 31*22*23 \u00e9s 26*20*18 cm 2 db-os szett<\/p>\n<p>Hangol\u00f3dj az \u00fcnnepekre, mer\u00edts ihletet, koron\u00e1zd meg a kar\u00e1csonyi k\u00e9sz\u00fcl\u0151d\u00e9st egy-egy gy\u00f6ny\u00f6r\u0171 dekor\u00e1ci\u00f3val!<\/p>\n<p>N\u00e1lunk mindent beszerezhetsz a kar\u00e1csonyi el\u0151k\u00e9sz\u00fcletekhez \u2013 d\u00edszg\u00f6mb\u00f6ket, gyerty\u00e1kat, man\u00f3kat, adventi koszor\u00fakat, \u00e9g\u0151sorokat\u2026<\/p>\n<p>&nbsp;<\/p>\n<p>&nbsp;<\/p>\n<p>El\u00e9rhet\u0151 t\u00f6bbf\u00e9le m\u00e9retben \u00e9s \u00e1rban.<\/p>\n<p><strong>K\u00e9szlet\u00fcnk napi szinten v\u00e1ltozik, ez\u00e9rt k\u00e9rj\u00fck, \u00e9rdekl\u0151dj\u00f6n szem\u00e9lyesen, telefonon vagy email-en.<br \/>\nA v\u00e1ltoztat\u00e1s jog\u00e1t fenntartjuk!\u00a0<\/strong><\/p>\n<p>&nbsp;<\/p>\n<p><a href=\"https:\/\/tajkertesz.com\/\">https:\/\/tajkertesz.com\/<\/a><\/p>\n<p><a href=\"https:\/\/www.facebook.com\/tajkertesz\/\">https:\/\/www.facebook.com\/tajkertesz\/<\/a><\/p>\n<p>Kisz\u00e1ll\u00edt\u00e1s: 200cm-ig \u00a0\u00e9s 40 kg-ig a sz\u00e1ll\u00edt\u00e1s fut\u00e1rszolg\u00e1lattal \u00a0t\u00f6rt\u00e9nik.<\/p>\n<p>Szem\u00e9lyes \u00e1tv\u00e9tel nyitvatart\u00e1si id\u0151ben a 17. ker\u00fclet Bakancsos utca 7. sz\u00e1m alatti Kert\u00e9szeti \u00e1rud\u00e1ban.<\/p>\n<p>&nbsp;<\/p>\n<p>&nbsp;<\/p>\n<p>&nbsp;<\/p>\n<p>&nbsp;<\/p>\n<h6>\u00a0<span style=\"color: #ffffff;\">Ez a kiv\u00e1l\u00f3 dekor\u00e1ci\u00f3 egy csepp amerikai hangulatot csemp\u00e9sz kar\u00e1csonykor a te otthonodba is! A V\u00f6d\u00f6r jellegzetes sz\u00ednvil\u00e1g\u00e1val \u00e9s megjelen\u00e9s\u00e9vel garant\u00e1lja az \u00fcnnepi hangulatot \u00e9s garant\u00e1ltan k\u00f6zponti helyet kap majd a t\u00f6bbi \u00fcnnepi dekor\u00e1ci\u00f3 k\u00f6z\u00f6tt. A\u00a0 szett t\u00f6k\u00e9letes v\u00e1laszt\u00e1s a lak\u00e1s \u00e9s a k\u00fclt\u00e9ri terek l\u00e1tv\u00e1nyos feld\u00edsz\u00edt\u00e9s\u00e9hez.\u00a0A piros sz\u00edn t\u00f6k\u00e9letesen visszaadja az amerikai kar\u00e1csony st\u00edlusos hangulat\u00e1t, ez\u00e9rt ez a k\u00fcl\u00f6nleges min\u0151s\u00e9g\u0171 kar\u00e1csonyi dekor autentikus kieg\u00e9sz\u00edt\u0151je lehet a kar\u00e1csonyi lak\u00e1sdekor\u00e1ci\u00f3nak. Haszn\u00e1ld ki a kreativit\u00e1sod \u00e9s rendezd be seg\u00edts\u00e9g\u00e9vel az \u00fcnnepi lak\u00e1st!Ez a pr\u00e9mium min\u0151s\u00e9g\u0171 kar\u00e1csonyi kieg\u00e9sz\u00edt\u0151 f\u00e9m anyagb\u00f3l k\u00e9sz\u00fclt, mely szemet gy\u00f6ny\u00f6rk\u00f6dtet\u0151en fog kin\u00e9zni a lak\u00e1s b\u00e1rmely r\u00e9sz\u00e9n.\u00a0<\/span><\/h6>","protected":false},"excerpt":{"rendered":"<p>V\u00f6d\u00f6r kar\u00e1csonyi mint\u00e1val f\u00e9m 31*22*23 \u00e9s 26*20*18 cm 2 db-os szett Hangol\u00f3dj az \u00fcnnepekre, mer\u00edts ihletet, koron\u00e1zd meg a kar\u00e1csonyi k\u00e9sz\u00fcl\u0151d\u00e9st egy-egy gy\u00f6ny\u00f6r\u0171 dekor\u00e1ci\u00f3val! V\u00f6d\u00f6r kar\u00e1csonyi mint\u00e1val f\u00e9m 31*22*23 \u00e9s 26*20*18 cm 2 db-os szett Hangol\u00f3dj az \u00fcnnepekre, mer\u00edts ihletet, koron\u00e1zd meg a kar\u00e1csonyi k\u00e9sz\u00fcl\u0151d\u00e9st egy-egy gy\u00f6ny\u00f6r\u0171 dekor\u00e1ci\u00f3val! N\u00e1lunk mindent beszerezhetsz a kar\u00e1csonyi el\u0151k\u00e9sz\u00fcletekhez \u2013 [&hellip;]<\/p>\n","protected":false},"featured_media":18385,"template":"","meta":{"_et_pb_use_builder":"","_et_pb_old_content":"","_et_gb_content_width":""},"product_brand":[],"product_cat":[4034],"product_tag":[4549,4548,4546,4547,1500,4545,4544],"class_list":{"0":"post-18384","1":"product","2":"type-product","3":"status-publish","4":"has-post-thumbnail","6":"product_cat-karacsonyi-diszek-dekorok","7":"product_tag-2-db-os-szett","8":"product_tag-262018-cm","9":"product_tag-4546","10":"product_tag-es","11":"product_tag-fem","12":"product_tag-karacsonyi-mintaval","13":"product_tag-vodor","15":"first","16":"instock","17":"shipping-taxable","18":"purchasable","19":"product-type-simple"},"yoast_head":"<!-- This site is optimized with the Yoast SEO plugin v27.5 - https:\/\/yoast.com\/product\/yoast-seo-wordpress\/ -->\n<title>V\u00f6d\u00f6r kar\u00e1csonyi mint\u00e1val f\u00e9m 31*22*23 \u00e9s 26*20*18 cm 2 db-os szett 24-12-1 - T\u00e1jkert\u00e9sz<\/title>\n<meta name=\"description\" content=\"V\u00f6d\u00f6r kar\u00e1csonyi mint\u00e1val f\u00e9m 31*22*23 \u00e9s 26*20*18 cm 2 db-os szett. Hangol\u00f3dj az \u00fcnnepekre, mer\u00edts ihletet, ezzel a gy\u00f6ny\u00f6r\u0171 dekor\u00e1ci\u00f3val!\" \/>\n<meta name=\"robots\" content=\"index, follow, max-snippet:-1, max-image-preview:large, max-video-preview:-1\" \/>\n<link rel=\"canonical\" href=\"https:\/\/tajkertesz.com\/en_US\/product\/vodor-karacsonyi-mintaval-fem-312223-es-262018-cm-2-db-os-szett-24-12-1\/\" \/>\n<meta property=\"og:locale\" content=\"en_US\" \/>\n<meta property=\"og:type\" content=\"article\" \/>\n<meta property=\"og:title\" content=\"V\u00f6d\u00f6r kar\u00e1csonyi mint\u00e1val f\u00e9m 31*22*23 \u00e9s 26*20*18 cm 2 db-os szett 24-12-1 - T\u00e1jkert\u00e9sz\" \/>\n<meta property=\"og:description\" content=\"V\u00f6d\u00f6r kar\u00e1csonyi mint\u00e1val f\u00e9m 31*22*23 \u00e9s 26*20*18 cm 2 db-os szett. Hangol\u00f3dj az \u00fcnnepekre, mer\u00edts ihletet, ezzel a gy\u00f6ny\u00f6r\u0171 dekor\u00e1ci\u00f3val!\" \/>\n<meta property=\"og:url\" content=\"https:\/\/tajkertesz.com\/en_US\/product\/vodor-karacsonyi-mintaval-fem-312223-es-262018-cm-2-db-os-szett-24-12-1\/\" \/>\n<meta property=\"og:site_name\" content=\"T\u00e1jkert\u00e9sz\" \/>\n<meta property=\"article:publisher\" content=\"https:\/\/www.facebook.com\/Tajkertesz\/\" \/>\n<meta property=\"article:modified_time\" content=\"2026-02-13T15:11:43+00:00\" \/>\n<meta property=\"og:image\" content=\"https:\/\/tajkertesz.com\/wp-content\/uploads\/2024\/01\/24-12-1.jpg\" \/>\n\t<meta property=\"og:image:width\" content=\"1873\" \/>\n\t<meta property=\"og:image:height\" content=\"845\" \/>\n\t<meta property=\"og:image:type\" content=\"image\/jpeg\" \/>\n<meta name=\"twitter:card\" content=\"summary_large_image\" \/>\n<meta name=\"twitter:label1\" content=\"Est. reading time\" \/>\n\t<meta name=\"twitter:data1\" content=\"2 minutes\" \/>\n<script type=\"application\/ld+json\" class=\"yoast-schema-graph\">{\"@context\":\"https:\\\/\\\/schema.org\",\"@graph\":[{\"@type\":\"WebPage\",\"@id\":\"https:\\\/\\\/tajkertesz.com\\\/termek\\\/vodor-karacsonyi-mintaval-fem-312223-es-262018-cm-2-db-os-szett-24-12-1\\\/\",\"url\":\"https:\\\/\\\/tajkertesz.com\\\/termek\\\/vodor-karacsonyi-mintaval-fem-312223-es-262018-cm-2-db-os-szett-24-12-1\\\/\",\"name\":\"V\u00f6d\u00f6r kar\u00e1csonyi mint\u00e1val f\u00e9m 31*22*23 \u00e9s 26*20*18 cm 2 db-os szett 24-12-1 - T\u00e1jkert\u00e9sz\",\"isPartOf\":{\"@id\":\"https:\\\/\\\/tajkertesz.com\\\/#website\"},\"primaryImageOfPage\":{\"@id\":\"https:\\\/\\\/tajkertesz.com\\\/termek\\\/vodor-karacsonyi-mintaval-fem-312223-es-262018-cm-2-db-os-szett-24-12-1\\\/#primaryimage\"},\"image\":{\"@id\":\"https:\\\/\\\/tajkertesz.com\\\/termek\\\/vodor-karacsonyi-mintaval-fem-312223-es-262018-cm-2-db-os-szett-24-12-1\\\/#primaryimage\"},\"thumbnailUrl\":\"https:\\\/\\\/tajkertesz.com\\\/wp-content\\\/uploads\\\/2024\\\/01\\\/24-12-1.jpg\",\"datePublished\":\"2024-01-11T12:47:40+00:00\",\"dateModified\":\"2026-02-13T15:11:43+00:00\",\"description\":\"V\u00f6d\u00f6r kar\u00e1csonyi mint\u00e1val f\u00e9m 31*22*23 \u00e9s 26*20*18 cm 2 db-os szett. Hangol\u00f3dj az \u00fcnnepekre, mer\u00edts ihletet, ezzel a gy\u00f6ny\u00f6r\u0171 dekor\u00e1ci\u00f3val!\",\"breadcrumb\":{\"@id\":\"https:\\\/\\\/tajkertesz.com\\\/termek\\\/vodor-karacsonyi-mintaval-fem-312223-es-262018-cm-2-db-os-szett-24-12-1\\\/#breadcrumb\"},\"inLanguage\":\"en-US\",\"potentialAction\":[{\"@type\":\"ReadAction\",\"target\":[\"https:\\\/\\\/tajkertesz.com\\\/termek\\\/vodor-karacsonyi-mintaval-fem-312223-es-262018-cm-2-db-os-szett-24-12-1\\\/\"]}]},{\"@type\":\"ImageObject\",\"inLanguage\":\"en-US\",\"@id\":\"https:\\\/\\\/tajkertesz.com\\\/termek\\\/vodor-karacsonyi-mintaval-fem-312223-es-262018-cm-2-db-os-szett-24-12-1\\\/#primaryimage\",\"url\":\"https:\\\/\\\/tajkertesz.com\\\/wp-content\\\/uploads\\\/2024\\\/01\\\/24-12-1.jpg\",\"contentUrl\":\"https:\\\/\\\/tajkertesz.com\\\/wp-content\\\/uploads\\\/2024\\\/01\\\/24-12-1.jpg\",\"width\":1873,\"height\":845},{\"@type\":\"BreadcrumbList\",\"@id\":\"https:\\\/\\\/tajkertesz.com\\\/termek\\\/vodor-karacsonyi-mintaval-fem-312223-es-262018-cm-2-db-os-szett-24-12-1\\\/#breadcrumb\",\"itemListElement\":[{\"@type\":\"ListItem\",\"position\":1,\"name\":\"Home\",\"item\":\"https:\\\/\\\/tajkertesz.com\\\/\"},{\"@type\":\"ListItem\",\"position\":2,\"name\":\"Kezd\u0151lap\",\"item\":\"https:\\\/\\\/tajkertesz.com\\\/\"},{\"@type\":\"ListItem\",\"position\":3,\"name\":\"V\u00f6d\u00f6r kar\u00e1csonyi mint\u00e1val f\u00e9m 31*22*23 \u00e9s 26*20*18 cm 2 db-os szett 24-12-1\"}]},{\"@type\":\"WebSite\",\"@id\":\"https:\\\/\\\/tajkertesz.com\\\/#website\",\"url\":\"https:\\\/\\\/tajkertesz.com\\\/\",\"name\":\"T\u00e1j-Kert\u00e9sz 84 Kft.\",\"description\":\"Kert\u00e9szeti kis- \u00e9s nagykeresked\u00e9s, D\u00edszn\u00f6v\u00e9ny web\u00e1ruh\u00e1z orsz\u00e1gos h\u00e1zhozsz\u00e1ll\u00edt\u00e1ssal!\",\"publisher\":{\"@id\":\"https:\\\/\\\/tajkertesz.com\\\/#organization\"},\"potentialAction\":[{\"@type\":\"SearchAction\",\"target\":{\"@type\":\"EntryPoint\",\"urlTemplate\":\"https:\\\/\\\/tajkertesz.com\\\/?s={search_term_string}\"},\"query-input\":{\"@type\":\"PropertyValueSpecification\",\"valueRequired\":true,\"valueName\":\"search_term_string\"}}],\"inLanguage\":\"en-US\"},{\"@type\":\"Organization\",\"@id\":\"https:\\\/\\\/tajkertesz.com\\\/#organization\",\"name\":\"T\u00e1j-Kert\u00e9sz 84 Kft.\",\"url\":\"https:\\\/\\\/tajkertesz.com\\\/\",\"logo\":{\"@type\":\"ImageObject\",\"inLanguage\":\"en-US\",\"@id\":\"https:\\\/\\\/tajkertesz.com\\\/#\\\/schema\\\/logo\\\/image\\\/\",\"url\":\"https:\\\/\\\/tajkertesz.com\\\/wp-content\\\/uploads\\\/2018\\\/02\\\/logo-2-e1518678052539.png\",\"contentUrl\":\"https:\\\/\\\/tajkertesz.com\\\/wp-content\\\/uploads\\\/2018\\\/02\\\/logo-2-e1518678052539.png\",\"width\":81,\"height\":140,\"caption\":\"T\u00e1j-Kert\u00e9sz 84 Kft.\"},\"image\":{\"@id\":\"https:\\\/\\\/tajkertesz.com\\\/#\\\/schema\\\/logo\\\/image\\\/\"},\"sameAs\":[\"https:\\\/\\\/www.facebook.com\\\/Tajkertesz\\\/\"]}]}<\/script>\n<!-- \/ Yoast SEO plugin. -->","yoast_head_json":{"title":"V\u00f6d\u00f6r kar\u00e1csonyi mint\u00e1val f\u00e9m 31*22*23 \u00e9s 26*20*18 cm 2 db-os szett 24-12-1 - T\u00e1jkert\u00e9sz","description":"V\u00f6d\u00f6r kar\u00e1csonyi mint\u00e1val f\u00e9m 31*22*23 \u00e9s 26*20*18 cm 2 db-os szett. Hangol\u00f3dj az \u00fcnnepekre, mer\u00edts ihletet, ezzel a gy\u00f6ny\u00f6r\u0171 dekor\u00e1ci\u00f3val!","robots":{"index":"index","follow":"follow","max-snippet":"max-snippet:-1","max-image-preview":"max-image-preview:large","max-video-preview":"max-video-preview:-1"},"canonical":"https:\/\/tajkertesz.com\/en_US\/product\/vodor-karacsonyi-mintaval-fem-312223-es-262018-cm-2-db-os-szett-24-12-1\/","og_locale":"en_US","og_type":"article","og_title":"V\u00f6d\u00f6r kar\u00e1csonyi mint\u00e1val f\u00e9m 31*22*23 \u00e9s 26*20*18 cm 2 db-os szett 24-12-1 - T\u00e1jkert\u00e9sz","og_description":"V\u00f6d\u00f6r kar\u00e1csonyi mint\u00e1val f\u00e9m 31*22*23 \u00e9s 26*20*18 cm 2 db-os szett. Hangol\u00f3dj az \u00fcnnepekre, mer\u00edts ihletet, ezzel a gy\u00f6ny\u00f6r\u0171 dekor\u00e1ci\u00f3val!","og_url":"https:\/\/tajkertesz.com\/en_US\/product\/vodor-karacsonyi-mintaval-fem-312223-es-262018-cm-2-db-os-szett-24-12-1\/","og_site_name":"T\u00e1jkert\u00e9sz","article_publisher":"https:\/\/www.facebook.com\/Tajkertesz\/","article_modified_time":"2026-02-13T15:11:43+00:00","og_image":[{"width":1873,"height":845,"url":"https:\/\/tajkertesz.com\/wp-content\/uploads\/2024\/01\/24-12-1.jpg","type":"image\/jpeg"}],"twitter_card":"summary_large_image","twitter_misc":{"Est. reading time":"2 minutes"},"schema":{"@context":"https:\/\/schema.org","@graph":[{"@type":"WebPage","@id":"https:\/\/tajkertesz.com\/termek\/vodor-karacsonyi-mintaval-fem-312223-es-262018-cm-2-db-os-szett-24-12-1\/","url":"https:\/\/tajkertesz.com\/termek\/vodor-karacsonyi-mintaval-fem-312223-es-262018-cm-2-db-os-szett-24-12-1\/","name":"V\u00f6d\u00f6r kar\u00e1csonyi mint\u00e1val f\u00e9m 31*22*23 \u00e9s 26*20*18 cm 2 db-os szett 24-12-1 - T\u00e1jkert\u00e9sz","isPartOf":{"@id":"https:\/\/tajkertesz.com\/#website"},"primaryImageOfPage":{"@id":"https:\/\/tajkertesz.com\/termek\/vodor-karacsonyi-mintaval-fem-312223-es-262018-cm-2-db-os-szett-24-12-1\/#primaryimage"},"image":{"@id":"https:\/\/tajkertesz.com\/termek\/vodor-karacsonyi-mintaval-fem-312223-es-262018-cm-2-db-os-szett-24-12-1\/#primaryimage"},"thumbnailUrl":"https:\/\/tajkertesz.com\/wp-content\/uploads\/2024\/01\/24-12-1.jpg","datePublished":"2024-01-11T12:47:40+00:00","dateModified":"2026-02-13T15:11:43+00:00","description":"V\u00f6d\u00f6r kar\u00e1csonyi mint\u00e1val f\u00e9m 31*22*23 \u00e9s 26*20*18 cm 2 db-os szett. Hangol\u00f3dj az \u00fcnnepekre, mer\u00edts ihletet, ezzel a gy\u00f6ny\u00f6r\u0171 dekor\u00e1ci\u00f3val!","breadcrumb":{"@id":"https:\/\/tajkertesz.com\/termek\/vodor-karacsonyi-mintaval-fem-312223-es-262018-cm-2-db-os-szett-24-12-1\/#breadcrumb"},"inLanguage":"en-US","potentialAction":[{"@type":"ReadAction","target":["https:\/\/tajkertesz.com\/termek\/vodor-karacsonyi-mintaval-fem-312223-es-262018-cm-2-db-os-szett-24-12-1\/"]}]},{"@type":"ImageObject","inLanguage":"en-US","@id":"https:\/\/tajkertesz.com\/termek\/vodor-karacsonyi-mintaval-fem-312223-es-262018-cm-2-db-os-szett-24-12-1\/#primaryimage","url":"https:\/\/tajkertesz.com\/wp-content\/uploads\/2024\/01\/24-12-1.jpg","contentUrl":"https:\/\/tajkertesz.com\/wp-content\/uploads\/2024\/01\/24-12-1.jpg","width":1873,"height":845},{"@type":"BreadcrumbList","@id":"https:\/\/tajkertesz.com\/termek\/vodor-karacsonyi-mintaval-fem-312223-es-262018-cm-2-db-os-szett-24-12-1\/#breadcrumb","itemListElement":[{"@type":"ListItem","position":1,"name":"Home","item":"https:\/\/tajkertesz.com\/"},{"@type":"ListItem","position":2,"name":"Kezd\u0151lap","item":"https:\/\/tajkertesz.com\/"},{"@type":"ListItem","position":3,"name":"V\u00f6d\u00f6r kar\u00e1csonyi mint\u00e1val f\u00e9m 31*22*23 \u00e9s 26*20*18 cm 2 db-os szett 24-12-1"}]},{"@type":"WebSite","@id":"https:\/\/tajkertesz.com\/#website","url":"https:\/\/tajkertesz.com\/","name":"T\u00e1j-Kert\u00e9sz 84 Kft.","description":"Kert\u00e9szeti kis- \u00e9s nagykeresked\u00e9s, D\u00edszn\u00f6v\u00e9ny web\u00e1ruh\u00e1z orsz\u00e1gos h\u00e1zhozsz\u00e1ll\u00edt\u00e1ssal!","publisher":{"@id":"https:\/\/tajkertesz.com\/#organization"},"potentialAction":[{"@type":"SearchAction","target":{"@type":"EntryPoint","urlTemplate":"https:\/\/tajkertesz.com\/?s={search_term_string}"},"query-input":{"@type":"PropertyValueSpecification","valueRequired":true,"valueName":"search_term_string"}}],"inLanguage":"en-US"},{"@type":"Organization","@id":"https:\/\/tajkertesz.com\/#organization","name":"T\u00e1j-Kert\u00e9sz 84 Kft.","url":"https:\/\/tajkertesz.com\/","logo":{"@type":"ImageObject","inLanguage":"en-US","@id":"https:\/\/tajkertesz.com\/#\/schema\/logo\/image\/","url":"https:\/\/tajkertesz.com\/wp-content\/uploads\/2018\/02\/logo-2-e1518678052539.png","contentUrl":"https:\/\/tajkertesz.com\/wp-content\/uploads\/2018\/02\/logo-2-e1518678052539.png","width":81,"height":140,"caption":"T\u00e1j-Kert\u00e9sz 84 Kft."},"image":{"@id":"https:\/\/tajkertesz.com\/#\/schema\/logo\/image\/"},"sameAs":["https:\/\/www.facebook.com\/Tajkertesz\/"]}]}},"_links":{"self":[{"href":"https:\/\/tajkertesz.com\/en_US\/wp-json\/wp\/v2\/product\/18384","targetHints":{"allow":["GET"]}}],"collection":[{"href":"https:\/\/tajkertesz.com\/en_US\/wp-json\/wp\/v2\/product"}],"about":[{"href":"https:\/\/tajkertesz.com\/en_US\/wp-json\/wp\/v2\/types\/product"}],"wp:featuredmedia":[{"embeddable":true,"href":"https:\/\/tajkertesz.com\/en_US\/wp-json\/wp\/v2\/media\/18385"}],"wp:attachment":[{"href":"https:\/\/tajkertesz.com\/en_US\/wp-json\/wp\/v2\/media?parent=18384"}],"wp:term":[{"taxonomy":"product_brand","embeddable":true,"href":"https:\/\/tajkertesz.com\/en_US\/wp-json\/wp\/v2\/product_brand?post=18384"},{"taxonomy":"product_cat","embeddable":true,"href":"https:\/\/tajkertesz.com\/en_US\/wp-json\/wp\/v2\/product_cat?post=18384"},{"taxonomy":"product_tag","embeddable":true,"href":"https:\/\/tajkertesz.com\/en_US\/wp-json\/wp\/v2\/product_tag?post=18384"}],"curies":[{"name":"wp","href":"https:\/\/api.w.org\/{rel}","templated":true}]}}