{"id":18466,"date":"2024-01-16T14:11:48","date_gmt":"2024-01-16T14:11:48","guid":{"rendered":"https:\/\/tajkertesz.com\/?post_type=product&#038;p=18466"},"modified":"2026-02-13T15:12:41","modified_gmt":"2026-02-13T15:12:41","slug":"fiskars-power-gearx-univerzalis-agvago-upx82","status":"publish","type":"product","link":"https:\/\/tajkertesz.com\/en_US\/product\/fiskars-power-gearx-univerzalis-agvago-upx82\/","title":{"rendered":"Fiskars Power GearX Univerz\u00e1lis \u00e1gv\u00e1g\u00f3 UPX82"},"content":{"rendered":"<h2>Fiskars Power GearX Univerz\u00e1lis \u00e1gv\u00e1g\u00f3 UPX82<\/h2>\n<p>Fiskars Power GearX Univerz\u00e1lis \u00e1gv\u00e1g\u00f3 UPX82 mell\u00e9v\u00e1g\u00f3 kivitel maximum 3,2cm \u00e1tm\u00e9r\u0151j\u0171 friss \u00e1gak<br \/>\nv\u00e1g\u00e1s\u00e1hoz javasoljuk.\u00a0Maxim\u00e1lis el\u00e9rhet\u0151 v\u00e1g\u00e1si magass\u00e1g: 3,8 m<br \/>\n230\u00b0-ban \u00e1ll\u00edthat\u00f3 v\u00e1g\u00e1si sz\u00f6g.<br \/>\nNarancss\u00e1rga r\u00e9szek seg\u00edtenek a jobb l\u00e1that\u00f3s\u00e1gban. Tart\u00f3s SoftGrip anyag\u00fa markolata k\u00e9nyelmes \u00e9s cs\u00fasz\u00e1smentes<br \/>\nhaszn\u00e1latot garant\u00e1l.<\/p>\n<h2 class=\"h1\"><span class=\"ezstring-field\">K\u00f6nny\u0171 v\u00e1g\u00e1s minden ir\u00e1nyban<\/span><\/h2>\n<div>\n<div class=\"ezxmltext-field\">\n<p>A Fiskars PowerGear\u2122 X Tree Pruner (UPX82) zseni\u00e1lis, teljes\u00edtm\u00e9nyn\u00f6vel\u0151 mechanizmussal rendelkezik, k\u00e9pes ak\u00e1r \u00d8 32 mm \u00e1tm\u00e9r\u0151j\u0171 friss fa v\u00e1g\u00e1s\u00e1ra, 3,5 m\u00e9teres kiny\u00fal\u00e1ssal. Tapasztalja meg a k\u00f6nnyebb v\u00e1g\u00e1sokat a PowerGear\u2122 X technol\u00f3gi\u00e1val, amely k\u00f6nnyed \u00e9s pontos metsz\u00e9st tesz lehet\u0151v\u00e9 l\u00e9tra, hajolgat\u00e1s vagy meger\u0151ltet\u00e9s n\u00e9lk\u00fcl. A PowerGear X\u2122 fav\u00e1g\u00f3k narancss\u00e1rga v\u00e1g\u00e1st\u00e1maszt\u00e9kkal rendelkeznek a jobb l\u00e1that\u00f3s\u00e1g \u00e9rdek\u00e9ben \u00e9s 230\u00b0-ig \u00e1ll\u00edthat\u00f3 v\u00e1g\u00e1si sz\u00f6get biztos\u00edtanak. A tart\u00f3s, kiv\u00e1l\u00f3 min\u0151s\u00e9g\u0171 ac\u00e9l peng\u00e9k s\u00farl\u00f3d\u00e1scs\u00f6kkent\u0151 PTFE-bevonattal rendelkeznek, amely hosszabb ideig tart, m\u00e9g er\u0151s ig\u00e9nybev\u00e9tel mellett is. A tengely k\u00f6nny\u0171, id\u0151j\u00e1r\u00e1s\u00e1ll\u00f3 alum\u00edniumb\u00f3l k\u00e9sz\u00fclt, ergonomikus SoftGrip\u2122 foganty\u00faval a k\u00e9nyelem, az ir\u00e1ny\u00edt\u00e1s \u00e9s a cs\u00fasz\u00e1smentes tart\u00e1s \u00e9rdek\u00e9ben. Cserefoganty\u00fa \u00e9s k\u00f6t\u00e9lk\u00e9szlet vagy v\u00e1g\u00f3fej ig\u00e9ny szerint el\u00e9rhet\u0151. Fedezzen fel tov\u00e1bbi kompatibilis alkatr\u00e9szeket, p\u00e9ld\u00e1ul a t\u00f6bbfunkci\u00f3s \u00e1gf\u0171r\u00e9szt \u00e9s a gy\u00fcm\u00f6lcsszed\u0151t.<\/p>\n<\/div>\n<\/div>\n<p>&nbsp;<\/p>\n<p>Gy\u00e1rt\u00f3: Fiskars<br \/>\nM\u00e9ret: 165 cm<br \/>\nNett\u00f3 t\u00f6meg (kg): 1230 gramm<br \/>\nTerm\u00e9kkateg\u00f3ria: \u00e1gv\u00e1g\u00f3<br \/>\nTerm\u00e9kcsal\u00e1d: PowerGearX<br \/>\nV\u00e1g\u00e1si \u00e1tm\u00e9r\u0151: 3.2 mm<br \/>\nPenge kivitel: Mell\u00e9v\u00e1g\u00f3<br \/>\nPenge bevonat: Tapad\u00e1smentes teflon (PTFE)<\/p>\n<div id=\"page_artdet_product_param_title_4134431\" class=\"data__item-title col-5\">\n<div class=\"artdet__param-title\"><span class=\"param-name\">Sz\u00e1rmaz\u00e1si hely<\/span>: Lengyelorsz\u00e1g<\/div>\n<div><\/div>\n<\/div>\n<p>El\u00e9rhet\u0151 t\u00f6bbf\u00e9le m\u00e9retben \u00e9s \u00e1rban.<\/p>\n<p><strong>K\u00e9szlet\u00fcnk napi szinten v\u00e1ltozik, ez\u00e9rt k\u00e9rj\u00fck, \u00e9rdekl\u0151dj\u00f6n szem\u00e9lyesen, telefonon vagy email-en.<br \/>\nA v\u00e1ltoztat\u00e1s jog\u00e1t fenntartjuk!\u00a0<\/strong><\/p>\n<p>&nbsp;<\/p>\n<p><a href=\"https:\/\/tajkertesz.com\/\">https:\/\/tajkertesz.com\/<\/a><\/p>\n<p><a href=\"https:\/\/www.facebook.com\/tajkertesz\/\">https:\/\/www.facebook.com\/tajkertesz\/<\/a><\/p>\n<p>Kisz\u00e1ll\u00edt\u00e1s: 200cm-ig \u00a0\u00e9s 40 kg-ig a sz\u00e1ll\u00edt\u00e1s fut\u00e1rszolg\u00e1lattal \u00a0t\u00f6rt\u00e9nik.<\/p>\n<p>Szem\u00e9lyes \u00e1tv\u00e9tel nyitvatart\u00e1si id\u0151ben a 17. ker\u00fclet Bakancsos utca 7. sz\u00e1m alatti Kert\u00e9szeti \u00e1rud\u00e1ban.<\/p>","protected":false},"excerpt":{"rendered":"<h2>Fiskars Power GearX Univerz\u00e1lis \u00e1gv\u00e1g\u00f3 UPX82<\/h2>\n<p>Mell\u00e9v\u00e1g\u00f3 kivitel maximum 3,2cm \u00e1tm\u00e9r\u0151j\u0171 friss \u00e1gak<br \/>\nv\u00e1g\u00e1s\u00e1hoz<br \/>\nMaxim\u00e1lis el\u00e9rhet\u0151 v\u00e1g\u00e1si magass\u00e1g: 3,8 m<br \/>\n230\u00b0-ban \u00e1ll\u00edthat\u00f3 v\u00e1g\u00e1si sz\u00f6g<br \/>\nNarancss\u00e1rga r\u00e9szek seg\u00edtenek a jobb l\u00e1that\u00f3s\u00e1gban<br \/>\nTart\u00f3s SoftGrip anyag\u00fa markolata k\u00e9nyelmes \u00e9s cs\u00fasz\u00e1smentes<br \/>\nhaszn\u00e1latot garant\u00e1l<\/p>\n<div id=\"page_artdet_product_param_title_4134431\" class=\"data__item-title col-5\">\n<div class=\"artdet__param-title\"><span class=\"param-name\">Sz\u00e1rmaz\u00e1si hely<\/span>: Lengyelorsz\u00e1g<\/div>\n<\/div>\n<p>El\u00e9rhet\u0151 t\u00f6bbf\u00e9le m\u00e9retben \u00e9s \u00e1rban.<\/p>\n<p><strong>K\u00e9szlet\u00fcnk napi szinten v\u00e1ltozik, ez\u00e9rt k\u00e9rj\u00fck, \u00e9rdekl\u0151dj\u00f6n szem\u00e9lyesen, telefonon vagy email-en.<br \/>\nA v\u00e1ltoztat\u00e1s jog\u00e1t fenntartjuk!\u00a0<\/strong><\/p>\n<p>&nbsp;<\/p>","protected":false},"featured_media":18474,"template":"","meta":{"_et_pb_use_builder":"","_et_pb_old_content":"","_et_gb_content_width":""},"product_brand":[],"product_cat":[4684],"product_tag":[4562,116,4564,4567,4566,4565,4563],"class_list":{"0":"post-18466","1":"product","2":"type-product","3":"status-publish","4":"has-post-thumbnail","6":"product_cat-fiskars-agvagok","7":"product_tag-agvago","8":"product_tag-fiskars","9":"product_tag-kerteszet","10":"product_tag-metszes","11":"product_tag-novenygondozas","12":"product_tag-szerszam","13":"product_tag-szerszamok","15":"first","16":"instock","17":"shipping-taxable","18":"purchasable","19":"product-type-simple"},"yoast_head":"<!-- This site is optimized with the Yoast SEO plugin v27.4 - https:\/\/yoast.com\/product\/yoast-seo-wordpress\/ -->\n<title>Fiskars Power GearX Univerz\u00e1lis \u00e1gv\u00e1g\u00f3 UPX82 - T\u00e1jkert\u00e9sz<\/title>\n<meta name=\"description\" content=\"Fiskars Power GearX Univerz\u00e1lis \u00e1gv\u00e1g\u00f3 UPX82. Maxim\u00e1lis el\u00e9rhet\u0151 v\u00e1g\u00e1si magass\u00e1g: 3,8 m230\u00b0-ban \u00e1ll\u00edthat\u00f3 v\u00e1g\u00e1si sz\u00f6g. Kert\u00e9szeti kis-\u00e9s nagykeresked\u00e9s\" \/>\n<meta name=\"robots\" content=\"index, follow, max-snippet:-1, max-image-preview:large, max-video-preview:-1\" \/>\n<link rel=\"canonical\" href=\"https:\/\/tajkertesz.com\/en_US\/product\/fiskars-power-gearx-univerzalis-agvago-upx82\/\" \/>\n<meta property=\"og:locale\" content=\"en_US\" \/>\n<meta property=\"og:type\" content=\"article\" \/>\n<meta property=\"og:title\" content=\"https:\/\/www.facebook.com\/tajkertesz\" \/>\n<meta property=\"og:description\" content=\"Fiskars Power GearX Univerz\u00e1lis \u00e1gv\u00e1g\u00f3 UPX82. Maxim\u00e1lis el\u00e9rhet\u0151 v\u00e1g\u00e1si magass\u00e1g: 3,8 m230\u00b0-ban \u00e1ll\u00edthat\u00f3 v\u00e1g\u00e1si sz\u00f6g. Kert\u00e9szeti kis-\u00e9s nagykeresked\u00e9s\" \/>\n<meta property=\"og:url\" content=\"https:\/\/tajkertesz.com\/en_US\/product\/fiskars-power-gearx-univerzalis-agvago-upx82\/\" \/>\n<meta property=\"og:site_name\" content=\"T\u00e1jkert\u00e9sz\" \/>\n<meta property=\"article:publisher\" content=\"https:\/\/www.facebook.com\/Tajkertesz\/\" \/>\n<meta property=\"article:modified_time\" content=\"2026-02-13T15:12:41+00:00\" \/>\n<meta property=\"og:image\" content=\"https:\/\/tajkertesz.com\/wp-content\/uploads\/2024\/01\/1023625-2.jpg\" \/>\n\t<meta property=\"og:image:width\" content=\"1000\" \/>\n\t<meta property=\"og:image:height\" content=\"1000\" \/>\n\t<meta property=\"og:image:type\" content=\"image\/jpeg\" \/>\n<meta name=\"twitter:card\" content=\"summary_large_image\" \/>\n<meta name=\"twitter:label1\" content=\"Est. reading time\" \/>\n\t<meta name=\"twitter:data1\" content=\"2 minutes\" \/>\n<script type=\"application\/ld+json\" class=\"yoast-schema-graph\">{\"@context\":\"https:\\\/\\\/schema.org\",\"@graph\":[{\"@type\":\"WebPage\",\"@id\":\"https:\\\/\\\/tajkertesz.com\\\/termek\\\/fiskars-power-gearx-univerzalis-agvago-upx82\\\/\",\"url\":\"https:\\\/\\\/tajkertesz.com\\\/termek\\\/fiskars-power-gearx-univerzalis-agvago-upx82\\\/\",\"name\":\"Fiskars Power GearX Univerz\u00e1lis \u00e1gv\u00e1g\u00f3 UPX82 - T\u00e1jkert\u00e9sz\",\"isPartOf\":{\"@id\":\"https:\\\/\\\/tajkertesz.com\\\/#website\"},\"primaryImageOfPage\":{\"@id\":\"https:\\\/\\\/tajkertesz.com\\\/termek\\\/fiskars-power-gearx-univerzalis-agvago-upx82\\\/#primaryimage\"},\"image\":{\"@id\":\"https:\\\/\\\/tajkertesz.com\\\/termek\\\/fiskars-power-gearx-univerzalis-agvago-upx82\\\/#primaryimage\"},\"thumbnailUrl\":\"https:\\\/\\\/tajkertesz.com\\\/wp-content\\\/uploads\\\/2024\\\/01\\\/1023625-2.jpg\",\"datePublished\":\"2024-01-16T14:11:48+00:00\",\"dateModified\":\"2026-02-13T15:12:41+00:00\",\"description\":\"Fiskars Power GearX Univerz\u00e1lis \u00e1gv\u00e1g\u00f3 UPX82. Maxim\u00e1lis el\u00e9rhet\u0151 v\u00e1g\u00e1si magass\u00e1g: 3,8 m230\u00b0-ban \u00e1ll\u00edthat\u00f3 v\u00e1g\u00e1si sz\u00f6g. Kert\u00e9szeti kis-\u00e9s nagykeresked\u00e9s\",\"breadcrumb\":{\"@id\":\"https:\\\/\\\/tajkertesz.com\\\/termek\\\/fiskars-power-gearx-univerzalis-agvago-upx82\\\/#breadcrumb\"},\"inLanguage\":\"en-US\",\"potentialAction\":[{\"@type\":\"ReadAction\",\"target\":[\"https:\\\/\\\/tajkertesz.com\\\/termek\\\/fiskars-power-gearx-univerzalis-agvago-upx82\\\/\"]}]},{\"@type\":\"ImageObject\",\"inLanguage\":\"en-US\",\"@id\":\"https:\\\/\\\/tajkertesz.com\\\/termek\\\/fiskars-power-gearx-univerzalis-agvago-upx82\\\/#primaryimage\",\"url\":\"https:\\\/\\\/tajkertesz.com\\\/wp-content\\\/uploads\\\/2024\\\/01\\\/1023625-2.jpg\",\"contentUrl\":\"https:\\\/\\\/tajkertesz.com\\\/wp-content\\\/uploads\\\/2024\\\/01\\\/1023625-2.jpg\",\"width\":1000,\"height\":1000},{\"@type\":\"BreadcrumbList\",\"@id\":\"https:\\\/\\\/tajkertesz.com\\\/termek\\\/fiskars-power-gearx-univerzalis-agvago-upx82\\\/#breadcrumb\",\"itemListElement\":[{\"@type\":\"ListItem\",\"position\":1,\"name\":\"Home\",\"item\":\"https:\\\/\\\/tajkertesz.com\\\/\"},{\"@type\":\"ListItem\",\"position\":2,\"name\":\"Kezd\u0151lap\",\"item\":\"https:\\\/\\\/tajkertesz.com\\\/\"},{\"@type\":\"ListItem\",\"position\":3,\"name\":\"Fiskars Power GearX Univerz\u00e1lis \u00e1gv\u00e1g\u00f3 UPX82\"}]},{\"@type\":\"WebSite\",\"@id\":\"https:\\\/\\\/tajkertesz.com\\\/#website\",\"url\":\"https:\\\/\\\/tajkertesz.com\\\/\",\"name\":\"T\u00e1j-Kert\u00e9sz 84 Kft.\",\"description\":\"Kert\u00e9szeti kis- \u00e9s nagykeresked\u00e9s, D\u00edszn\u00f6v\u00e9ny web\u00e1ruh\u00e1z orsz\u00e1gos h\u00e1zhozsz\u00e1ll\u00edt\u00e1ssal!\",\"publisher\":{\"@id\":\"https:\\\/\\\/tajkertesz.com\\\/#organization\"},\"potentialAction\":[{\"@type\":\"SearchAction\",\"target\":{\"@type\":\"EntryPoint\",\"urlTemplate\":\"https:\\\/\\\/tajkertesz.com\\\/?s={search_term_string}\"},\"query-input\":{\"@type\":\"PropertyValueSpecification\",\"valueRequired\":true,\"valueName\":\"search_term_string\"}}],\"inLanguage\":\"en-US\"},{\"@type\":\"Organization\",\"@id\":\"https:\\\/\\\/tajkertesz.com\\\/#organization\",\"name\":\"T\u00e1j-Kert\u00e9sz 84 Kft.\",\"url\":\"https:\\\/\\\/tajkertesz.com\\\/\",\"logo\":{\"@type\":\"ImageObject\",\"inLanguage\":\"en-US\",\"@id\":\"https:\\\/\\\/tajkertesz.com\\\/#\\\/schema\\\/logo\\\/image\\\/\",\"url\":\"https:\\\/\\\/tajkertesz.com\\\/wp-content\\\/uploads\\\/2018\\\/02\\\/logo-2-e1518678052539.png\",\"contentUrl\":\"https:\\\/\\\/tajkertesz.com\\\/wp-content\\\/uploads\\\/2018\\\/02\\\/logo-2-e1518678052539.png\",\"width\":81,\"height\":140,\"caption\":\"T\u00e1j-Kert\u00e9sz 84 Kft.\"},\"image\":{\"@id\":\"https:\\\/\\\/tajkertesz.com\\\/#\\\/schema\\\/logo\\\/image\\\/\"},\"sameAs\":[\"https:\\\/\\\/www.facebook.com\\\/Tajkertesz\\\/\"]}]}<\/script>\n<!-- \/ Yoast SEO plugin. -->","yoast_head_json":{"title":"Fiskars Power GearX Univerz\u00e1lis \u00e1gv\u00e1g\u00f3 UPX82 - T\u00e1jkert\u00e9sz","description":"Fiskars Power GearX Univerz\u00e1lis \u00e1gv\u00e1g\u00f3 UPX82. Maxim\u00e1lis el\u00e9rhet\u0151 v\u00e1g\u00e1si magass\u00e1g: 3,8 m230\u00b0-ban \u00e1ll\u00edthat\u00f3 v\u00e1g\u00e1si sz\u00f6g. Kert\u00e9szeti kis-\u00e9s nagykeresked\u00e9s","robots":{"index":"index","follow":"follow","max-snippet":"max-snippet:-1","max-image-preview":"max-image-preview:large","max-video-preview":"max-video-preview:-1"},"canonical":"https:\/\/tajkertesz.com\/en_US\/product\/fiskars-power-gearx-univerzalis-agvago-upx82\/","og_locale":"en_US","og_type":"article","og_title":"https:\/\/www.facebook.com\/tajkertesz","og_description":"Fiskars Power GearX Univerz\u00e1lis \u00e1gv\u00e1g\u00f3 UPX82. Maxim\u00e1lis el\u00e9rhet\u0151 v\u00e1g\u00e1si magass\u00e1g: 3,8 m230\u00b0-ban \u00e1ll\u00edthat\u00f3 v\u00e1g\u00e1si sz\u00f6g. Kert\u00e9szeti kis-\u00e9s nagykeresked\u00e9s","og_url":"https:\/\/tajkertesz.com\/en_US\/product\/fiskars-power-gearx-univerzalis-agvago-upx82\/","og_site_name":"T\u00e1jkert\u00e9sz","article_publisher":"https:\/\/www.facebook.com\/Tajkertesz\/","article_modified_time":"2026-02-13T15:12:41+00:00","og_image":[{"width":1000,"height":1000,"url":"https:\/\/tajkertesz.com\/wp-content\/uploads\/2024\/01\/1023625-2.jpg","type":"image\/jpeg"}],"twitter_card":"summary_large_image","twitter_misc":{"Est. reading time":"2 minutes"},"schema":{"@context":"https:\/\/schema.org","@graph":[{"@type":"WebPage","@id":"https:\/\/tajkertesz.com\/termek\/fiskars-power-gearx-univerzalis-agvago-upx82\/","url":"https:\/\/tajkertesz.com\/termek\/fiskars-power-gearx-univerzalis-agvago-upx82\/","name":"Fiskars Power GearX Univerz\u00e1lis \u00e1gv\u00e1g\u00f3 UPX82 - T\u00e1jkert\u00e9sz","isPartOf":{"@id":"https:\/\/tajkertesz.com\/#website"},"primaryImageOfPage":{"@id":"https:\/\/tajkertesz.com\/termek\/fiskars-power-gearx-univerzalis-agvago-upx82\/#primaryimage"},"image":{"@id":"https:\/\/tajkertesz.com\/termek\/fiskars-power-gearx-univerzalis-agvago-upx82\/#primaryimage"},"thumbnailUrl":"https:\/\/tajkertesz.com\/wp-content\/uploads\/2024\/01\/1023625-2.jpg","datePublished":"2024-01-16T14:11:48+00:00","dateModified":"2026-02-13T15:12:41+00:00","description":"Fiskars Power GearX Univerz\u00e1lis \u00e1gv\u00e1g\u00f3 UPX82. Maxim\u00e1lis el\u00e9rhet\u0151 v\u00e1g\u00e1si magass\u00e1g: 3,8 m230\u00b0-ban \u00e1ll\u00edthat\u00f3 v\u00e1g\u00e1si sz\u00f6g. Kert\u00e9szeti kis-\u00e9s nagykeresked\u00e9s","breadcrumb":{"@id":"https:\/\/tajkertesz.com\/termek\/fiskars-power-gearx-univerzalis-agvago-upx82\/#breadcrumb"},"inLanguage":"en-US","potentialAction":[{"@type":"ReadAction","target":["https:\/\/tajkertesz.com\/termek\/fiskars-power-gearx-univerzalis-agvago-upx82\/"]}]},{"@type":"ImageObject","inLanguage":"en-US","@id":"https:\/\/tajkertesz.com\/termek\/fiskars-power-gearx-univerzalis-agvago-upx82\/#primaryimage","url":"https:\/\/tajkertesz.com\/wp-content\/uploads\/2024\/01\/1023625-2.jpg","contentUrl":"https:\/\/tajkertesz.com\/wp-content\/uploads\/2024\/01\/1023625-2.jpg","width":1000,"height":1000},{"@type":"BreadcrumbList","@id":"https:\/\/tajkertesz.com\/termek\/fiskars-power-gearx-univerzalis-agvago-upx82\/#breadcrumb","itemListElement":[{"@type":"ListItem","position":1,"name":"Home","item":"https:\/\/tajkertesz.com\/"},{"@type":"ListItem","position":2,"name":"Kezd\u0151lap","item":"https:\/\/tajkertesz.com\/"},{"@type":"ListItem","position":3,"name":"Fiskars Power GearX Univerz\u00e1lis \u00e1gv\u00e1g\u00f3 UPX82"}]},{"@type":"WebSite","@id":"https:\/\/tajkertesz.com\/#website","url":"https:\/\/tajkertesz.com\/","name":"T\u00e1j-Kert\u00e9sz 84 Kft.","description":"Kert\u00e9szeti kis- \u00e9s nagykeresked\u00e9s, D\u00edszn\u00f6v\u00e9ny web\u00e1ruh\u00e1z orsz\u00e1gos h\u00e1zhozsz\u00e1ll\u00edt\u00e1ssal!","publisher":{"@id":"https:\/\/tajkertesz.com\/#organization"},"potentialAction":[{"@type":"SearchAction","target":{"@type":"EntryPoint","urlTemplate":"https:\/\/tajkertesz.com\/?s={search_term_string}"},"query-input":{"@type":"PropertyValueSpecification","valueRequired":true,"valueName":"search_term_string"}}],"inLanguage":"en-US"},{"@type":"Organization","@id":"https:\/\/tajkertesz.com\/#organization","name":"T\u00e1j-Kert\u00e9sz 84 Kft.","url":"https:\/\/tajkertesz.com\/","logo":{"@type":"ImageObject","inLanguage":"en-US","@id":"https:\/\/tajkertesz.com\/#\/schema\/logo\/image\/","url":"https:\/\/tajkertesz.com\/wp-content\/uploads\/2018\/02\/logo-2-e1518678052539.png","contentUrl":"https:\/\/tajkertesz.com\/wp-content\/uploads\/2018\/02\/logo-2-e1518678052539.png","width":81,"height":140,"caption":"T\u00e1j-Kert\u00e9sz 84 Kft."},"image":{"@id":"https:\/\/tajkertesz.com\/#\/schema\/logo\/image\/"},"sameAs":["https:\/\/www.facebook.com\/Tajkertesz\/"]}]}},"_links":{"self":[{"href":"https:\/\/tajkertesz.com\/en_US\/wp-json\/wp\/v2\/product\/18466","targetHints":{"allow":["GET"]}}],"collection":[{"href":"https:\/\/tajkertesz.com\/en_US\/wp-json\/wp\/v2\/product"}],"about":[{"href":"https:\/\/tajkertesz.com\/en_US\/wp-json\/wp\/v2\/types\/product"}],"wp:featuredmedia":[{"embeddable":true,"href":"https:\/\/tajkertesz.com\/en_US\/wp-json\/wp\/v2\/media\/18474"}],"wp:attachment":[{"href":"https:\/\/tajkertesz.com\/en_US\/wp-json\/wp\/v2\/media?parent=18466"}],"wp:term":[{"taxonomy":"product_brand","embeddable":true,"href":"https:\/\/tajkertesz.com\/en_US\/wp-json\/wp\/v2\/product_brand?post=18466"},{"taxonomy":"product_cat","embeddable":true,"href":"https:\/\/tajkertesz.com\/en_US\/wp-json\/wp\/v2\/product_cat?post=18466"},{"taxonomy":"product_tag","embeddable":true,"href":"https:\/\/tajkertesz.com\/en_US\/wp-json\/wp\/v2\/product_tag?post=18466"}],"curies":[{"name":"wp","href":"https:\/\/api.w.org\/{rel}","templated":true}]}}