{"id":18486,"date":"2024-01-16T14:33:31","date_gmt":"2024-01-16T14:33:31","guid":{"rendered":"https:\/\/tajkertesz.com\/?post_type=product&#038;p=18486"},"modified":"2026-02-04T11:42:03","modified_gmt":"2026-02-04T11:42:03","slug":"borso-kifejtoborso-edes-provanszi-200g","status":"publish","type":"product","link":"https:\/\/tajkertesz.com\/en_US\/product\/borso-kifejtoborso-edes-provanszi-200g\/","title":{"rendered":"Bors\u00f3 kifejt\u0151bors\u00f3 \u00c9des-Provanszi 200g."},"content":{"rendered":"<h2>Bors\u00f3 kifejt\u0151bors\u00f3 \u00c9des-Provanszi 200g.<\/h2>\n<div>DOUCE PROVENCE<\/div>\n<div><b>Kifejt\u0151bors\u00f3!<\/b><\/div>\n<div>\n<p>A Bors\u00f3 kifejt\u0151bors\u00f3 \u00c9des-Provanszi 200g. \u0151sszel vetve \u00e1ttelel. Igen korai \u00e9r\u00e9scsoport\u00fa, a Rajnai t\u00f6rpe fajt\u00e1hoz hasonl\u00f3, alacsony n\u00f6veked\u00e9s\u0171 bors\u00f3. H\u00e1zikertben a legkor\u00e1bban szedhet\u0151, friss fogyaszt\u00e1sra aj\u00e1nlott kifejt\u0151bors\u00f3. K\u00f6z\u00e9phossz\u00fa h\u00fcvelye egyenes, hegyes v\u00e9g\u0171, benne 7-8 k\u00f6zepes m\u00e9ret\u0171 vil\u00e1gosz\u00f6ld maggal. Finom \u00e9des \u00edz\u0171.<\/p>\n<\/div>\n<div>\n<h2>A VET\u0150MAG<\/h2>\n<div>\n<p>A n\u00f6v\u00e9ny \u00f6sszes genetikai inform\u00e1ci\u00f3j\u00e1t a vet\u0151mag adja tov\u00e1bb, mely a k\u00f6rnyezeti hat\u00e1sokkal egy\u00fcttesen (napf\u00e9ny, v\u00edz, talajadotts\u00e1g) meghat\u00e1rozza a bel\u0151le kifejl\u0151d\u0151 n\u00f6v\u00e9ny tulajdons\u00e1g\u00e1t. A n\u00f6v\u00e9nyek sokf\u00e9les\u00e9ge a vet\u0151mag v\u00e1ltozatos form\u00e1j\u00e1ban is t\u00fckr\u00f6z\u0151dik. P\u00e9ld\u00e1ul el\u00e9g, ha a m\u00e1k \u00e9s a bab vet\u0151magj\u00e1t \u00f6sszehasonl\u00edtjuk. A z\u00f6lds\u00e9g-, vir\u00e1g-, f\u0171szer- \u00e9s gazdas\u00e1gi n\u00f6v\u00e9nyek vet\u0151magjai m\u00e9retben, sz\u00ednben, form\u00e1ban nagyon elt\u00e9rnek egym\u00e1st\u00f3l.<\/p>\n<p><b>1\/ H\u00e1zikerti termeszt\u00e9sben<\/b>, hobbi felhaszn\u00e1l\u00e1sra olyan fajt\u00e1kat termessz\u00fcnk, melyek a csal\u00e1d \u00f6nell\u00e1t\u00e1s\u00e1t szolg\u00e1lj\u00e1k. Erre a c\u00e9lra megfelel\u0151ek a r\u00e9gi tradicion\u00e1lis fajt\u00e1k, melyek szabad beporz\u00e1s\u00faak, a szaknyelvben OP fajt\u00e1k (OP = open pollinated). Ezek k\u00f6z\u00f6tt sok fajta, mely annak a k\u00f6rny\u00e9knek a nev\u00e9t viseli, ahol \u00e9vtizedek alatt l\u00e9trej\u00f6tt. Ilyen p\u00e9ld\u00e1ul a Braunschweigi k\u00e1poszta, a Stuttgarti hagyma vagy a Nagydobosi s\u00fct\u0151t\u00f6k \u00e9s a Szentesi piacos paprika.<\/p>\n<\/div>\n<\/div>\n<div><\/div>\n<div>\n<p>El\u00e9rhet\u0151 t\u00f6bbf\u00e9le m\u00e9retben \u00e9s \u00e1rban.<\/p>\n<p><strong>K\u00e9szlet\u00fcnk napi szinten v\u00e1ltozik, ez\u00e9rt k\u00e9rj\u00fck, \u00e9rdekl\u0151dj\u00f6n szem\u00e9lyesen, telefonon vagy email-en.<br \/>\nA v\u00e1ltoztat\u00e1s jog\u00e1t fenntartjuk!\u00a0<\/strong><\/p>\n<p>&nbsp;<\/p>\n<p><a href=\"https:\/\/tajkertesz.com\/\">https:\/\/tajkertesz.com\/<\/a><\/p>\n<p><a href=\"https:\/\/www.facebook.com\/tajkertesz\/\">https:\/\/www.facebook.com\/tajkertesz\/<\/a><\/p>\n<p>Kisz\u00e1ll\u00edt\u00e1s: 200cm-ig \u00a0\u00e9s 40 kg-ig a sz\u00e1ll\u00edt\u00e1s fut\u00e1rszolg\u00e1lattal \u00a0t\u00f6rt\u00e9nik.<\/p>\n<p>Szem\u00e9lyes \u00e1tv\u00e9tel nyitvatart\u00e1si id\u0151ben a 17. ker\u00fclet Bakancsos utca 7. sz\u00e1m alatti Kert\u00e9szeti \u00e1rud\u00e1ban.<\/p>\n<\/div>\n<div><\/div>\n<p>&nbsp;<\/p>","protected":false},"excerpt":{"rendered":"<p>Bors\u00f3 kifejt\u0151bors\u00f3 \u00c9des-Provanszi 200g.<\/p>\n<div>DOUCE PROVENCE<\/div>\n<div><b>Kifejt\u0151bors\u00f3!<\/b><br \/>\n\u0150sszel vetve \u00e1ttelel. Igen korai \u00e9r\u00e9scsoport\u00fa, a Rajnai t\u00f6rpe fajt\u00e1hoz hasonl\u00f3, alacsony n\u00f6veked\u00e9s\u0171 bors\u00f3. H\u00e1zikertben a legkor\u00e1bban szedhet\u0151, friss fogyaszt\u00e1sra aj\u00e1nlott kifejt\u0151bors\u00f3. K\u00f6z\u00e9phossz\u00fa h\u00fcvelye egyenes, hegyes v\u00e9g\u0171, benne 7-8 k\u00f6zepes m\u00e9ret\u0171 vil\u00e1gosz\u00f6ld maggal. Finom \u00e9des \u00edz\u0171.<\/div>\n<div><\/div>\n<div><strong>K\u00e9szlet\u00fcnk napi szinten v\u00e1ltozik, ez\u00e9rt k\u00e9rj\u00fck, \u00e9rdekl\u0151dj\u00f6n szem\u00e9lyesen, telefonon vagy email-en.<br \/>\nA v\u00e1ltoztat\u00e1s jog\u00e1t fenntartjuk!\u00a0<\/strong><\/div>\n<div><\/div>","protected":false},"featured_media":18490,"template":"","meta":{"_et_pb_use_builder":"","_et_pb_old_content":"","_et_gb_content_width":""},"product_brand":[],"product_cat":[2881],"product_tag":[4043,4569,4115,1466],"class_list":{"0":"post-18486","1":"product","2":"type-product","3":"status-publish","4":"has-post-thumbnail","6":"product_cat-zoldsegnoveny-vetomagok","7":"product_tag-borso","8":"product_tag-kifejtoborso","9":"product_tag-vetomag","10":"product_tag-zoldseg","12":"first","13":"instock","14":"shipping-taxable","15":"purchasable","16":"product-type-simple"},"yoast_head":"<!-- This site is optimized with the Yoast SEO plugin v27.3 - https:\/\/yoast.com\/product\/yoast-seo-wordpress\/ -->\n<title>Bors\u00f3 kifejt\u0151bors\u00f3 \u00c9des-Provanszi 200g. - T\u00e1jkert\u00e9sz<\/title>\n<meta name=\"description\" content=\"Bors\u00f3 kifejt\u0151bors\u00f3 \u00c9des-Provanszi 200g.DOUCE PROVENCEKifejt\u0151bors\u00f3!\u0150sszel vetve \u00e1ttelel. Igen korai \u00e9r\u00e9scsoport\u00fa, a Rajnai t\u00f6rpe fajt\u00e1hoz hasonl\u00f3, alacsony\" \/>\n<meta name=\"robots\" content=\"index, follow, max-snippet:-1, max-image-preview:large, max-video-preview:-1\" \/>\n<link rel=\"canonical\" href=\"https:\/\/tajkertesz.com\/en_US\/product\/borso-kifejtoborso-edes-provanszi-200g\/\" \/>\n<meta property=\"og:locale\" content=\"en_US\" \/>\n<meta property=\"og:type\" content=\"article\" \/>\n<meta property=\"og:title\" content=\"Bors\u00f3 kifejt\u0151bors\u00f3 \u00c9des-Provanszi 200g. - T\u00e1jkert\u00e9sz\" \/>\n<meta property=\"og:description\" content=\"Bors\u00f3 kifejt\u0151bors\u00f3 \u00c9des-Provanszi 200g.DOUCE PROVENCEKifejt\u0151bors\u00f3!\u0150sszel vetve \u00e1ttelel. Igen korai \u00e9r\u00e9scsoport\u00fa, a Rajnai t\u00f6rpe fajt\u00e1hoz hasonl\u00f3, alacsony\" \/>\n<meta property=\"og:url\" content=\"https:\/\/tajkertesz.com\/en_US\/product\/borso-kifejtoborso-edes-provanszi-200g\/\" \/>\n<meta property=\"og:site_name\" content=\"T\u00e1jkert\u00e9sz\" \/>\n<meta property=\"article:publisher\" content=\"https:\/\/www.facebook.com\/Tajkertesz\/\" \/>\n<meta property=\"article:modified_time\" content=\"2026-02-04T11:42:03+00:00\" \/>\n<meta property=\"og:image\" content=\"https:\/\/tajkertesz.com\/wp-content\/uploads\/2024\/01\/20240116_151905-scaled.jpg\" \/>\n\t<meta property=\"og:image:width\" content=\"1766\" \/>\n\t<meta property=\"og:image:height\" content=\"2560\" \/>\n\t<meta property=\"og:image:type\" content=\"image\/jpeg\" \/>\n<meta name=\"twitter:card\" content=\"summary_large_image\" \/>\n<meta name=\"twitter:label1\" content=\"Est. reading time\" \/>\n\t<meta name=\"twitter:data1\" content=\"2 minutes\" \/>\n<script type=\"application\/ld+json\" class=\"yoast-schema-graph\">{\"@context\":\"https:\\\/\\\/schema.org\",\"@graph\":[{\"@type\":\"WebPage\",\"@id\":\"https:\\\/\\\/tajkertesz.com\\\/termek\\\/borso-kifejtoborso-edes-provanszi-200g\\\/\",\"url\":\"https:\\\/\\\/tajkertesz.com\\\/termek\\\/borso-kifejtoborso-edes-provanszi-200g\\\/\",\"name\":\"Bors\u00f3 kifejt\u0151bors\u00f3 \u00c9des-Provanszi 200g. - T\u00e1jkert\u00e9sz\",\"isPartOf\":{\"@id\":\"https:\\\/\\\/tajkertesz.com\\\/#website\"},\"primaryImageOfPage\":{\"@id\":\"https:\\\/\\\/tajkertesz.com\\\/termek\\\/borso-kifejtoborso-edes-provanszi-200g\\\/#primaryimage\"},\"image\":{\"@id\":\"https:\\\/\\\/tajkertesz.com\\\/termek\\\/borso-kifejtoborso-edes-provanszi-200g\\\/#primaryimage\"},\"thumbnailUrl\":\"https:\\\/\\\/tajkertesz.com\\\/wp-content\\\/uploads\\\/2024\\\/01\\\/20240116_151905-scaled.jpg\",\"datePublished\":\"2024-01-16T14:33:31+00:00\",\"dateModified\":\"2026-02-04T11:42:03+00:00\",\"description\":\"Bors\u00f3 kifejt\u0151bors\u00f3 \u00c9des-Provanszi 200g.DOUCE PROVENCEKifejt\u0151bors\u00f3!\u0150sszel vetve \u00e1ttelel. Igen korai \u00e9r\u00e9scsoport\u00fa, a Rajnai t\u00f6rpe fajt\u00e1hoz hasonl\u00f3, alacsony\",\"breadcrumb\":{\"@id\":\"https:\\\/\\\/tajkertesz.com\\\/termek\\\/borso-kifejtoborso-edes-provanszi-200g\\\/#breadcrumb\"},\"inLanguage\":\"en-US\",\"potentialAction\":[{\"@type\":\"ReadAction\",\"target\":[\"https:\\\/\\\/tajkertesz.com\\\/termek\\\/borso-kifejtoborso-edes-provanszi-200g\\\/\"]}]},{\"@type\":\"ImageObject\",\"inLanguage\":\"en-US\",\"@id\":\"https:\\\/\\\/tajkertesz.com\\\/termek\\\/borso-kifejtoborso-edes-provanszi-200g\\\/#primaryimage\",\"url\":\"https:\\\/\\\/tajkertesz.com\\\/wp-content\\\/uploads\\\/2024\\\/01\\\/20240116_151905-scaled.jpg\",\"contentUrl\":\"https:\\\/\\\/tajkertesz.com\\\/wp-content\\\/uploads\\\/2024\\\/01\\\/20240116_151905-scaled.jpg\",\"width\":1766,\"height\":2560},{\"@type\":\"BreadcrumbList\",\"@id\":\"https:\\\/\\\/tajkertesz.com\\\/termek\\\/borso-kifejtoborso-edes-provanszi-200g\\\/#breadcrumb\",\"itemListElement\":[{\"@type\":\"ListItem\",\"position\":1,\"name\":\"Home\",\"item\":\"https:\\\/\\\/tajkertesz.com\\\/\"},{\"@type\":\"ListItem\",\"position\":2,\"name\":\"Kezd\u0151lap\",\"item\":\"https:\\\/\\\/tajkertesz.com\\\/\"},{\"@type\":\"ListItem\",\"position\":3,\"name\":\"Bors\u00f3 kifejt\u0151bors\u00f3 \u00c9des-Provanszi 200g.\"}]},{\"@type\":\"WebSite\",\"@id\":\"https:\\\/\\\/tajkertesz.com\\\/#website\",\"url\":\"https:\\\/\\\/tajkertesz.com\\\/\",\"name\":\"T\u00e1j-Kert\u00e9sz 84 Kft.\",\"description\":\"Kert\u00e9szeti kis- \u00e9s nagykeresked\u00e9s, D\u00edszn\u00f6v\u00e9ny web\u00e1ruh\u00e1z orsz\u00e1gos h\u00e1zhozsz\u00e1ll\u00edt\u00e1ssal!\",\"publisher\":{\"@id\":\"https:\\\/\\\/tajkertesz.com\\\/#organization\"},\"potentialAction\":[{\"@type\":\"SearchAction\",\"target\":{\"@type\":\"EntryPoint\",\"urlTemplate\":\"https:\\\/\\\/tajkertesz.com\\\/?s={search_term_string}\"},\"query-input\":{\"@type\":\"PropertyValueSpecification\",\"valueRequired\":true,\"valueName\":\"search_term_string\"}}],\"inLanguage\":\"en-US\"},{\"@type\":\"Organization\",\"@id\":\"https:\\\/\\\/tajkertesz.com\\\/#organization\",\"name\":\"T\u00e1j-Kert\u00e9sz 84 Kft.\",\"url\":\"https:\\\/\\\/tajkertesz.com\\\/\",\"logo\":{\"@type\":\"ImageObject\",\"inLanguage\":\"en-US\",\"@id\":\"https:\\\/\\\/tajkertesz.com\\\/#\\\/schema\\\/logo\\\/image\\\/\",\"url\":\"https:\\\/\\\/tajkertesz.com\\\/wp-content\\\/uploads\\\/2018\\\/02\\\/logo-2-e1518678052539.png\",\"contentUrl\":\"https:\\\/\\\/tajkertesz.com\\\/wp-content\\\/uploads\\\/2018\\\/02\\\/logo-2-e1518678052539.png\",\"width\":81,\"height\":140,\"caption\":\"T\u00e1j-Kert\u00e9sz 84 Kft.\"},\"image\":{\"@id\":\"https:\\\/\\\/tajkertesz.com\\\/#\\\/schema\\\/logo\\\/image\\\/\"},\"sameAs\":[\"https:\\\/\\\/www.facebook.com\\\/Tajkertesz\\\/\"]}]}<\/script>\n<!-- \/ Yoast SEO plugin. -->","yoast_head_json":{"title":"Bors\u00f3 kifejt\u0151bors\u00f3 \u00c9des-Provanszi 200g. - T\u00e1jkert\u00e9sz","description":"Bors\u00f3 kifejt\u0151bors\u00f3 \u00c9des-Provanszi 200g.DOUCE PROVENCEKifejt\u0151bors\u00f3!\u0150sszel vetve \u00e1ttelel. Igen korai \u00e9r\u00e9scsoport\u00fa, a Rajnai t\u00f6rpe fajt\u00e1hoz hasonl\u00f3, alacsony","robots":{"index":"index","follow":"follow","max-snippet":"max-snippet:-1","max-image-preview":"max-image-preview:large","max-video-preview":"max-video-preview:-1"},"canonical":"https:\/\/tajkertesz.com\/en_US\/product\/borso-kifejtoborso-edes-provanszi-200g\/","og_locale":"en_US","og_type":"article","og_title":"Bors\u00f3 kifejt\u0151bors\u00f3 \u00c9des-Provanszi 200g. - T\u00e1jkert\u00e9sz","og_description":"Bors\u00f3 kifejt\u0151bors\u00f3 \u00c9des-Provanszi 200g.DOUCE PROVENCEKifejt\u0151bors\u00f3!\u0150sszel vetve \u00e1ttelel. Igen korai \u00e9r\u00e9scsoport\u00fa, a Rajnai t\u00f6rpe fajt\u00e1hoz hasonl\u00f3, alacsony","og_url":"https:\/\/tajkertesz.com\/en_US\/product\/borso-kifejtoborso-edes-provanszi-200g\/","og_site_name":"T\u00e1jkert\u00e9sz","article_publisher":"https:\/\/www.facebook.com\/Tajkertesz\/","article_modified_time":"2026-02-04T11:42:03+00:00","og_image":[{"width":1766,"height":2560,"url":"https:\/\/tajkertesz.com\/wp-content\/uploads\/2024\/01\/20240116_151905-scaled.jpg","type":"image\/jpeg"}],"twitter_card":"summary_large_image","twitter_misc":{"Est. reading time":"2 minutes"},"schema":{"@context":"https:\/\/schema.org","@graph":[{"@type":"WebPage","@id":"https:\/\/tajkertesz.com\/termek\/borso-kifejtoborso-edes-provanszi-200g\/","url":"https:\/\/tajkertesz.com\/termek\/borso-kifejtoborso-edes-provanszi-200g\/","name":"Bors\u00f3 kifejt\u0151bors\u00f3 \u00c9des-Provanszi 200g. - T\u00e1jkert\u00e9sz","isPartOf":{"@id":"https:\/\/tajkertesz.com\/#website"},"primaryImageOfPage":{"@id":"https:\/\/tajkertesz.com\/termek\/borso-kifejtoborso-edes-provanszi-200g\/#primaryimage"},"image":{"@id":"https:\/\/tajkertesz.com\/termek\/borso-kifejtoborso-edes-provanszi-200g\/#primaryimage"},"thumbnailUrl":"https:\/\/tajkertesz.com\/wp-content\/uploads\/2024\/01\/20240116_151905-scaled.jpg","datePublished":"2024-01-16T14:33:31+00:00","dateModified":"2026-02-04T11:42:03+00:00","description":"Bors\u00f3 kifejt\u0151bors\u00f3 \u00c9des-Provanszi 200g.DOUCE PROVENCEKifejt\u0151bors\u00f3!\u0150sszel vetve \u00e1ttelel. Igen korai \u00e9r\u00e9scsoport\u00fa, a Rajnai t\u00f6rpe fajt\u00e1hoz hasonl\u00f3, alacsony","breadcrumb":{"@id":"https:\/\/tajkertesz.com\/termek\/borso-kifejtoborso-edes-provanszi-200g\/#breadcrumb"},"inLanguage":"en-US","potentialAction":[{"@type":"ReadAction","target":["https:\/\/tajkertesz.com\/termek\/borso-kifejtoborso-edes-provanszi-200g\/"]}]},{"@type":"ImageObject","inLanguage":"en-US","@id":"https:\/\/tajkertesz.com\/termek\/borso-kifejtoborso-edes-provanszi-200g\/#primaryimage","url":"https:\/\/tajkertesz.com\/wp-content\/uploads\/2024\/01\/20240116_151905-scaled.jpg","contentUrl":"https:\/\/tajkertesz.com\/wp-content\/uploads\/2024\/01\/20240116_151905-scaled.jpg","width":1766,"height":2560},{"@type":"BreadcrumbList","@id":"https:\/\/tajkertesz.com\/termek\/borso-kifejtoborso-edes-provanszi-200g\/#breadcrumb","itemListElement":[{"@type":"ListItem","position":1,"name":"Home","item":"https:\/\/tajkertesz.com\/"},{"@type":"ListItem","position":2,"name":"Kezd\u0151lap","item":"https:\/\/tajkertesz.com\/"},{"@type":"ListItem","position":3,"name":"Bors\u00f3 kifejt\u0151bors\u00f3 \u00c9des-Provanszi 200g."}]},{"@type":"WebSite","@id":"https:\/\/tajkertesz.com\/#website","url":"https:\/\/tajkertesz.com\/","name":"T\u00e1j-Kert\u00e9sz 84 Kft.","description":"Kert\u00e9szeti kis- \u00e9s nagykeresked\u00e9s, D\u00edszn\u00f6v\u00e9ny web\u00e1ruh\u00e1z orsz\u00e1gos h\u00e1zhozsz\u00e1ll\u00edt\u00e1ssal!","publisher":{"@id":"https:\/\/tajkertesz.com\/#organization"},"potentialAction":[{"@type":"SearchAction","target":{"@type":"EntryPoint","urlTemplate":"https:\/\/tajkertesz.com\/?s={search_term_string}"},"query-input":{"@type":"PropertyValueSpecification","valueRequired":true,"valueName":"search_term_string"}}],"inLanguage":"en-US"},{"@type":"Organization","@id":"https:\/\/tajkertesz.com\/#organization","name":"T\u00e1j-Kert\u00e9sz 84 Kft.","url":"https:\/\/tajkertesz.com\/","logo":{"@type":"ImageObject","inLanguage":"en-US","@id":"https:\/\/tajkertesz.com\/#\/schema\/logo\/image\/","url":"https:\/\/tajkertesz.com\/wp-content\/uploads\/2018\/02\/logo-2-e1518678052539.png","contentUrl":"https:\/\/tajkertesz.com\/wp-content\/uploads\/2018\/02\/logo-2-e1518678052539.png","width":81,"height":140,"caption":"T\u00e1j-Kert\u00e9sz 84 Kft."},"image":{"@id":"https:\/\/tajkertesz.com\/#\/schema\/logo\/image\/"},"sameAs":["https:\/\/www.facebook.com\/Tajkertesz\/"]}]}},"_links":{"self":[{"href":"https:\/\/tajkertesz.com\/en_US\/wp-json\/wp\/v2\/product\/18486","targetHints":{"allow":["GET"]}}],"collection":[{"href":"https:\/\/tajkertesz.com\/en_US\/wp-json\/wp\/v2\/product"}],"about":[{"href":"https:\/\/tajkertesz.com\/en_US\/wp-json\/wp\/v2\/types\/product"}],"wp:featuredmedia":[{"embeddable":true,"href":"https:\/\/tajkertesz.com\/en_US\/wp-json\/wp\/v2\/media\/18490"}],"wp:attachment":[{"href":"https:\/\/tajkertesz.com\/en_US\/wp-json\/wp\/v2\/media?parent=18486"}],"wp:term":[{"taxonomy":"product_brand","embeddable":true,"href":"https:\/\/tajkertesz.com\/en_US\/wp-json\/wp\/v2\/product_brand?post=18486"},{"taxonomy":"product_cat","embeddable":true,"href":"https:\/\/tajkertesz.com\/en_US\/wp-json\/wp\/v2\/product_cat?post=18486"},{"taxonomy":"product_tag","embeddable":true,"href":"https:\/\/tajkertesz.com\/en_US\/wp-json\/wp\/v2\/product_tag?post=18486"}],"curies":[{"name":"wp","href":"https:\/\/api.w.org\/{rel}","templated":true}]}}