{"id":18495,"date":"2024-01-16T14:52:01","date_gmt":"2024-01-16T14:52:01","guid":{"rendered":"https:\/\/tajkertesz.com\/?post_type=product&#038;p=18495"},"modified":"2025-03-31T14:48:15","modified_gmt":"2025-03-31T14:48:15","slug":"borso-maxigolt-veloborso-500g","status":"publish","type":"product","link":"https:\/\/tajkertesz.com\/en_US\/product\/borso-maxigolt-veloborso-500g\/","title":{"rendered":"Bors\u00f3 Maxigolt vel\u0151bors\u00f3 500g."},"content":{"rendered":"<h2>Bors\u00f3 Maxigolt vel\u0151bors\u00f3 500g.<\/h2>\n<p>&nbsp;<\/p>\n<p>K\u00f6z\u00e9pk\u00e9sei \u00e9r\u00e9s\u0171, \u00f3ri\u00e1s h\u00fcvely\u0171, nagy szem\u0171 vel\u0151bors\u00f3. Vastag sz\u00e1ra 70-80 cm magasra n\u0151. Rendk\u00edv\u00fcl b\u0151term\u0151. Vet\u00e9s m\u00e1rciust\u00f3l. A hideg talajt nem kedveli. T\u00e1mrendszer mell\u00e9 vess\u00fck! A talaj nedvess\u00e9gtartalma nagyon fontos, k\u00fcl\u00f6n\u00f6sen a vir\u00e1gz\u00e1s, h\u00fcvelyfejl\u0151d\u00e9s id\u0151szak\u00e1ban. A legjobb \u00edz\u0171 bors\u00f3szemet akkor kapjuk, ha szed\u00e9skor a h\u00fcvelyek teltek, de m\u00e9g zseng\u00e9k.<\/p>\n<p>A bors\u00f3 az egyik legnagyobb mennyis\u00e9gben termesztett z\u00f6lds\u00e9gf\u00e9l\u00e9nk. A frissen szedett h\u00e1zikerti z\u00f6ldbors\u00f3 \u00edze a legfinomabb.<br \/>\n<b>Tudta-e, hogy:<\/b>\u00a0a konzervbors\u00f3nak m\u00e1r betakar\u00edt\u00e1skor, a sz\u00e1ll\u00edt\u00e1s alatt is romlik a min\u0151s\u00e9ge, mivel a sz\u0151l\u0151cukor hamar \u00e1talakul kem\u00e9ny\u00edt\u0151v\u00e9?<br \/>\n<b>Tipp:<br \/>\n1.<\/b>\u00a0Vess\u00fcnk egy\u00fctt k\u00fcl\u00f6nb\u00f6z\u0151 \u00e9r\u00e9sidej\u0171 bors\u00f3fajt\u00e1kat, hogy hosszabb id\u0151n \u00e1t szedhess\u00fcnk friss bors\u00f3t. Hely\u00e9re kelk\u00e1poszt\u00e1t, karal\u00e1b\u00e9t, c\u00e9kl\u00e1t vethet\u00fcnk.\u00a0<b>2.<\/b>\u00a0A z\u00f6ldbors\u00f3 meg\u0151rzi eredeti sz\u00edn\u00e9t, ha kev\u00e9s cukrot tesz\u00fcnk a f\u0151z\u0151viz\u00e9hez.<br \/>\n<b>Javaslatok a z\u00f6ldbors\u00f3 h\u00e1zi fagyaszt\u00e1shoz:<\/b>\u00a0szed\u00e9s ut\u00e1n a friss bors\u00f3t megtiszt\u00edtjuk, megmossuk \u00e9s el\u0151f\u0151zz\u00fck (blans\u00edrozzuk). Ezt v\u00e9gezhetj\u00fck mikrohull\u00e1m\u00fa s\u00fct\u0151ben, mennyis\u00e9gt\u0151l f\u00fcgg\u0151en 8-10 percig 650-700 Watt teljes\u00edtm\u00e9nyen, vagy 5-10 liter forr\u00f3 v\u00edzbe s\u00fcllyesztve, \u00fajraforral\u00e1st\u00f3l sz\u00e1m\u00edtva 3-5 percig. A forr\u00f3 bors\u00f3t hideg v\u00edzzel le\u00f6bl\u00edtj\u00fck, hagyjuk sz\u00e1radni, majd l\u00e9gmentesen csomagoljuk. A bors\u00f3szemek &#8222;gurul\u00f3sak&#8221; maradnak, ha t\u00e1lc\u00e1n elsim\u00edtva el\u0151fagyasztjuk \u00e9s ut\u00e1na csomagoljuk polietil\u00e9n tasakba.<\/p>\n<p>El\u00e9rhet\u0151 t\u00f6bbf\u00e9le m\u00e9retben \u00e9s \u00e1rban.<\/p>\n<p><strong>K\u00e9szlet\u00fcnk napi szinten v\u00e1ltozik, ez\u00e9rt k\u00e9rj\u00fck, \u00e9rdekl\u0151dj\u00f6n szem\u00e9lyesen, telefonon vagy email-en.<br \/>\nA v\u00e1ltoztat\u00e1s jog\u00e1t fenntartjuk!\u00a0<\/strong><\/p>\n<p>&nbsp;<\/p>\n<p><a href=\"https:\/\/tajkertesz.com\/\">https:\/\/tajkertesz.com\/<\/a><\/p>\n<p><a href=\"https:\/\/www.facebook.com\/tajkertesz\/\">https:\/\/www.facebook.com\/tajkertesz\/<\/a><\/p>\n<p>Kisz\u00e1ll\u00edt\u00e1s: 200cm-ig \u00a0\u00e9s 40 kg-ig a sz\u00e1ll\u00edt\u00e1s fut\u00e1rszolg\u00e1lattal \u00a0t\u00f6rt\u00e9nik.<\/p>\n<p>Szem\u00e9lyes \u00e1tv\u00e9tel nyitvatart\u00e1si id\u0151ben a 17. ker\u00fclet Bakancsos utca 7. sz\u00e1m alatti Kert\u00e9szeti \u00e1rud\u00e1ban.<\/p>\n<p>&nbsp;<\/p>","protected":false},"excerpt":{"rendered":"<h2>Bors\u00f3 Maxigolt vel\u0151bors\u00f3 500g.<\/h2>\n<p>K\u00f6z\u00e9pk\u00e9sei \u00e9r\u00e9s\u0171, \u00f3ri\u00e1s h\u00fcvely\u0171, nagy szem\u0171 vel\u0151bors\u00f3. Vastag sz\u00e1ra 70-80 cm magasra n\u0151. Rendk\u00edv\u00fcl b\u0151term\u0151&#8230;<\/p>\n<p><strong>K\u00e9szlet\u00fcnk napi szinten v\u00e1ltozik, ez\u00e9rt k\u00e9rj\u00fck, \u00e9rdekl\u0151dj\u00f6n szem\u00e9lyesen, telefonon vagy email-en.<br \/>\nA v\u00e1ltoztat\u00e1s jog\u00e1t fenntartjuk!\u00a0<\/strong><\/p>","protected":false},"featured_media":18488,"template":"","meta":{"_et_pb_use_builder":"","_et_pb_old_content":"","_et_gb_content_width":""},"product_brand":[],"product_cat":[2881],"product_tag":[4043,4571,4572,4115,1466],"class_list":{"0":"post-18495","1":"product","2":"type-product","3":"status-publish","4":"has-post-thumbnail","6":"product_cat-zoldsegnoveny-vetomagok","7":"product_tag-borso","8":"product_tag-maxigolt","9":"product_tag-veloborso","10":"product_tag-vetomag","11":"product_tag-zoldseg","13":"first","14":"instock","15":"shipping-taxable","16":"purchasable","17":"product-type-simple"},"yoast_head":"<!-- This site is optimized with the Yoast SEO plugin v27.3 - https:\/\/yoast.com\/product\/yoast-seo-wordpress\/ -->\n<title>Bors\u00f3 Maxigolt vel\u0151bors\u00f3 500g. - T\u00e1jkert\u00e9sz<\/title>\n<meta name=\"description\" content=\"Bors\u00f3 Maxigolt vel\u0151bors\u00f3 500g. K\u00f6z\u00e9pk\u00e9sei \u00e9r\u00e9s\u0171, \u00f3ri\u00e1s h\u00fcvely\u0171, nagy szem\u0171 vel\u0151bors\u00f3. Vastag sz\u00e1ra 70-80 cm magasra n\u0151. Rendk\u00edv\u00fcl b\u0151term\u0151.\" \/>\n<meta name=\"robots\" content=\"index, follow, max-snippet:-1, max-image-preview:large, max-video-preview:-1\" \/>\n<link rel=\"canonical\" href=\"https:\/\/tajkertesz.com\/en_US\/product\/borso-maxigolt-veloborso-500g\/\" \/>\n<meta property=\"og:locale\" content=\"en_US\" \/>\n<meta property=\"og:type\" content=\"article\" \/>\n<meta property=\"og:title\" content=\"Bors\u00f3 Maxigolt vel\u0151bors\u00f3 500g. - T\u00e1jkert\u00e9sz\" \/>\n<meta property=\"og:description\" content=\"Bors\u00f3 Maxigolt vel\u0151bors\u00f3 500g. K\u00f6z\u00e9pk\u00e9sei \u00e9r\u00e9s\u0171, \u00f3ri\u00e1s h\u00fcvely\u0171, nagy szem\u0171 vel\u0151bors\u00f3. Vastag sz\u00e1ra 70-80 cm magasra n\u0151. Rendk\u00edv\u00fcl b\u0151term\u0151.\" \/>\n<meta property=\"og:url\" content=\"https:\/\/tajkertesz.com\/en_US\/product\/borso-maxigolt-veloborso-500g\/\" \/>\n<meta property=\"og:site_name\" content=\"T\u00e1jkert\u00e9sz\" \/>\n<meta property=\"article:publisher\" content=\"https:\/\/www.facebook.com\/Tajkertesz\/\" \/>\n<meta property=\"article:modified_time\" content=\"2025-03-31T14:48:15+00:00\" \/>\n<meta property=\"og:image\" content=\"https:\/\/tajkertesz.com\/wp-content\/uploads\/2024\/01\/20240116_151748-scaled.jpg\" \/>\n\t<meta property=\"og:image:width\" content=\"1949\" \/>\n\t<meta property=\"og:image:height\" content=\"2560\" \/>\n\t<meta property=\"og:image:type\" content=\"image\/jpeg\" \/>\n<meta name=\"twitter:card\" content=\"summary_large_image\" \/>\n<meta name=\"twitter:label1\" content=\"Est. reading time\" \/>\n\t<meta name=\"twitter:data1\" content=\"2 minutes\" \/>\n<script type=\"application\/ld+json\" class=\"yoast-schema-graph\">{\"@context\":\"https:\\\/\\\/schema.org\",\"@graph\":[{\"@type\":\"WebPage\",\"@id\":\"https:\\\/\\\/tajkertesz.com\\\/termek\\\/borso-maxigolt-veloborso-500g\\\/\",\"url\":\"https:\\\/\\\/tajkertesz.com\\\/termek\\\/borso-maxigolt-veloborso-500g\\\/\",\"name\":\"Bors\u00f3 Maxigolt vel\u0151bors\u00f3 500g. - T\u00e1jkert\u00e9sz\",\"isPartOf\":{\"@id\":\"https:\\\/\\\/tajkertesz.com\\\/#website\"},\"primaryImageOfPage\":{\"@id\":\"https:\\\/\\\/tajkertesz.com\\\/termek\\\/borso-maxigolt-veloborso-500g\\\/#primaryimage\"},\"image\":{\"@id\":\"https:\\\/\\\/tajkertesz.com\\\/termek\\\/borso-maxigolt-veloborso-500g\\\/#primaryimage\"},\"thumbnailUrl\":\"https:\\\/\\\/tajkertesz.com\\\/wp-content\\\/uploads\\\/2024\\\/01\\\/20240116_151748-scaled.jpg\",\"datePublished\":\"2024-01-16T14:52:01+00:00\",\"dateModified\":\"2025-03-31T14:48:15+00:00\",\"description\":\"Bors\u00f3 Maxigolt vel\u0151bors\u00f3 500g. K\u00f6z\u00e9pk\u00e9sei \u00e9r\u00e9s\u0171, \u00f3ri\u00e1s h\u00fcvely\u0171, nagy szem\u0171 vel\u0151bors\u00f3. Vastag sz\u00e1ra 70-80 cm magasra n\u0151. Rendk\u00edv\u00fcl b\u0151term\u0151.\",\"breadcrumb\":{\"@id\":\"https:\\\/\\\/tajkertesz.com\\\/termek\\\/borso-maxigolt-veloborso-500g\\\/#breadcrumb\"},\"inLanguage\":\"en-US\",\"potentialAction\":[{\"@type\":\"ReadAction\",\"target\":[\"https:\\\/\\\/tajkertesz.com\\\/termek\\\/borso-maxigolt-veloborso-500g\\\/\"]}]},{\"@type\":\"ImageObject\",\"inLanguage\":\"en-US\",\"@id\":\"https:\\\/\\\/tajkertesz.com\\\/termek\\\/borso-maxigolt-veloborso-500g\\\/#primaryimage\",\"url\":\"https:\\\/\\\/tajkertesz.com\\\/wp-content\\\/uploads\\\/2024\\\/01\\\/20240116_151748-scaled.jpg\",\"contentUrl\":\"https:\\\/\\\/tajkertesz.com\\\/wp-content\\\/uploads\\\/2024\\\/01\\\/20240116_151748-scaled.jpg\",\"width\":1949,\"height\":2560},{\"@type\":\"BreadcrumbList\",\"@id\":\"https:\\\/\\\/tajkertesz.com\\\/termek\\\/borso-maxigolt-veloborso-500g\\\/#breadcrumb\",\"itemListElement\":[{\"@type\":\"ListItem\",\"position\":1,\"name\":\"Home\",\"item\":\"https:\\\/\\\/tajkertesz.com\\\/\"},{\"@type\":\"ListItem\",\"position\":2,\"name\":\"Kezd\u0151lap\",\"item\":\"https:\\\/\\\/tajkertesz.com\\\/\"},{\"@type\":\"ListItem\",\"position\":3,\"name\":\"Bors\u00f3 Maxigolt vel\u0151bors\u00f3 500g.\"}]},{\"@type\":\"WebSite\",\"@id\":\"https:\\\/\\\/tajkertesz.com\\\/#website\",\"url\":\"https:\\\/\\\/tajkertesz.com\\\/\",\"name\":\"T\u00e1j-Kert\u00e9sz 84 Kft.\",\"description\":\"Kert\u00e9szeti kis- \u00e9s nagykeresked\u00e9s, D\u00edszn\u00f6v\u00e9ny web\u00e1ruh\u00e1z orsz\u00e1gos h\u00e1zhozsz\u00e1ll\u00edt\u00e1ssal!\",\"publisher\":{\"@id\":\"https:\\\/\\\/tajkertesz.com\\\/#organization\"},\"potentialAction\":[{\"@type\":\"SearchAction\",\"target\":{\"@type\":\"EntryPoint\",\"urlTemplate\":\"https:\\\/\\\/tajkertesz.com\\\/?s={search_term_string}\"},\"query-input\":{\"@type\":\"PropertyValueSpecification\",\"valueRequired\":true,\"valueName\":\"search_term_string\"}}],\"inLanguage\":\"en-US\"},{\"@type\":\"Organization\",\"@id\":\"https:\\\/\\\/tajkertesz.com\\\/#organization\",\"name\":\"T\u00e1j-Kert\u00e9sz 84 Kft.\",\"url\":\"https:\\\/\\\/tajkertesz.com\\\/\",\"logo\":{\"@type\":\"ImageObject\",\"inLanguage\":\"en-US\",\"@id\":\"https:\\\/\\\/tajkertesz.com\\\/#\\\/schema\\\/logo\\\/image\\\/\",\"url\":\"https:\\\/\\\/tajkertesz.com\\\/wp-content\\\/uploads\\\/2018\\\/02\\\/logo-2-e1518678052539.png\",\"contentUrl\":\"https:\\\/\\\/tajkertesz.com\\\/wp-content\\\/uploads\\\/2018\\\/02\\\/logo-2-e1518678052539.png\",\"width\":81,\"height\":140,\"caption\":\"T\u00e1j-Kert\u00e9sz 84 Kft.\"},\"image\":{\"@id\":\"https:\\\/\\\/tajkertesz.com\\\/#\\\/schema\\\/logo\\\/image\\\/\"},\"sameAs\":[\"https:\\\/\\\/www.facebook.com\\\/Tajkertesz\\\/\"]}]}<\/script>\n<!-- \/ Yoast SEO plugin. -->","yoast_head_json":{"title":"Bors\u00f3 Maxigolt vel\u0151bors\u00f3 500g. - T\u00e1jkert\u00e9sz","description":"Bors\u00f3 Maxigolt vel\u0151bors\u00f3 500g. K\u00f6z\u00e9pk\u00e9sei \u00e9r\u00e9s\u0171, \u00f3ri\u00e1s h\u00fcvely\u0171, nagy szem\u0171 vel\u0151bors\u00f3. Vastag sz\u00e1ra 70-80 cm magasra n\u0151. Rendk\u00edv\u00fcl b\u0151term\u0151.","robots":{"index":"index","follow":"follow","max-snippet":"max-snippet:-1","max-image-preview":"max-image-preview:large","max-video-preview":"max-video-preview:-1"},"canonical":"https:\/\/tajkertesz.com\/en_US\/product\/borso-maxigolt-veloborso-500g\/","og_locale":"en_US","og_type":"article","og_title":"Bors\u00f3 Maxigolt vel\u0151bors\u00f3 500g. - T\u00e1jkert\u00e9sz","og_description":"Bors\u00f3 Maxigolt vel\u0151bors\u00f3 500g. K\u00f6z\u00e9pk\u00e9sei \u00e9r\u00e9s\u0171, \u00f3ri\u00e1s h\u00fcvely\u0171, nagy szem\u0171 vel\u0151bors\u00f3. Vastag sz\u00e1ra 70-80 cm magasra n\u0151. Rendk\u00edv\u00fcl b\u0151term\u0151.","og_url":"https:\/\/tajkertesz.com\/en_US\/product\/borso-maxigolt-veloborso-500g\/","og_site_name":"T\u00e1jkert\u00e9sz","article_publisher":"https:\/\/www.facebook.com\/Tajkertesz\/","article_modified_time":"2025-03-31T14:48:15+00:00","og_image":[{"width":1949,"height":2560,"url":"https:\/\/tajkertesz.com\/wp-content\/uploads\/2024\/01\/20240116_151748-scaled.jpg","type":"image\/jpeg"}],"twitter_card":"summary_large_image","twitter_misc":{"Est. reading time":"2 minutes"},"schema":{"@context":"https:\/\/schema.org","@graph":[{"@type":"WebPage","@id":"https:\/\/tajkertesz.com\/termek\/borso-maxigolt-veloborso-500g\/","url":"https:\/\/tajkertesz.com\/termek\/borso-maxigolt-veloborso-500g\/","name":"Bors\u00f3 Maxigolt vel\u0151bors\u00f3 500g. - T\u00e1jkert\u00e9sz","isPartOf":{"@id":"https:\/\/tajkertesz.com\/#website"},"primaryImageOfPage":{"@id":"https:\/\/tajkertesz.com\/termek\/borso-maxigolt-veloborso-500g\/#primaryimage"},"image":{"@id":"https:\/\/tajkertesz.com\/termek\/borso-maxigolt-veloborso-500g\/#primaryimage"},"thumbnailUrl":"https:\/\/tajkertesz.com\/wp-content\/uploads\/2024\/01\/20240116_151748-scaled.jpg","datePublished":"2024-01-16T14:52:01+00:00","dateModified":"2025-03-31T14:48:15+00:00","description":"Bors\u00f3 Maxigolt vel\u0151bors\u00f3 500g. K\u00f6z\u00e9pk\u00e9sei \u00e9r\u00e9s\u0171, \u00f3ri\u00e1s h\u00fcvely\u0171, nagy szem\u0171 vel\u0151bors\u00f3. Vastag sz\u00e1ra 70-80 cm magasra n\u0151. Rendk\u00edv\u00fcl b\u0151term\u0151.","breadcrumb":{"@id":"https:\/\/tajkertesz.com\/termek\/borso-maxigolt-veloborso-500g\/#breadcrumb"},"inLanguage":"en-US","potentialAction":[{"@type":"ReadAction","target":["https:\/\/tajkertesz.com\/termek\/borso-maxigolt-veloborso-500g\/"]}]},{"@type":"ImageObject","inLanguage":"en-US","@id":"https:\/\/tajkertesz.com\/termek\/borso-maxigolt-veloborso-500g\/#primaryimage","url":"https:\/\/tajkertesz.com\/wp-content\/uploads\/2024\/01\/20240116_151748-scaled.jpg","contentUrl":"https:\/\/tajkertesz.com\/wp-content\/uploads\/2024\/01\/20240116_151748-scaled.jpg","width":1949,"height":2560},{"@type":"BreadcrumbList","@id":"https:\/\/tajkertesz.com\/termek\/borso-maxigolt-veloborso-500g\/#breadcrumb","itemListElement":[{"@type":"ListItem","position":1,"name":"Home","item":"https:\/\/tajkertesz.com\/"},{"@type":"ListItem","position":2,"name":"Kezd\u0151lap","item":"https:\/\/tajkertesz.com\/"},{"@type":"ListItem","position":3,"name":"Bors\u00f3 Maxigolt vel\u0151bors\u00f3 500g."}]},{"@type":"WebSite","@id":"https:\/\/tajkertesz.com\/#website","url":"https:\/\/tajkertesz.com\/","name":"T\u00e1j-Kert\u00e9sz 84 Kft.","description":"Kert\u00e9szeti kis- \u00e9s nagykeresked\u00e9s, D\u00edszn\u00f6v\u00e9ny web\u00e1ruh\u00e1z orsz\u00e1gos h\u00e1zhozsz\u00e1ll\u00edt\u00e1ssal!","publisher":{"@id":"https:\/\/tajkertesz.com\/#organization"},"potentialAction":[{"@type":"SearchAction","target":{"@type":"EntryPoint","urlTemplate":"https:\/\/tajkertesz.com\/?s={search_term_string}"},"query-input":{"@type":"PropertyValueSpecification","valueRequired":true,"valueName":"search_term_string"}}],"inLanguage":"en-US"},{"@type":"Organization","@id":"https:\/\/tajkertesz.com\/#organization","name":"T\u00e1j-Kert\u00e9sz 84 Kft.","url":"https:\/\/tajkertesz.com\/","logo":{"@type":"ImageObject","inLanguage":"en-US","@id":"https:\/\/tajkertesz.com\/#\/schema\/logo\/image\/","url":"https:\/\/tajkertesz.com\/wp-content\/uploads\/2018\/02\/logo-2-e1518678052539.png","contentUrl":"https:\/\/tajkertesz.com\/wp-content\/uploads\/2018\/02\/logo-2-e1518678052539.png","width":81,"height":140,"caption":"T\u00e1j-Kert\u00e9sz 84 Kft."},"image":{"@id":"https:\/\/tajkertesz.com\/#\/schema\/logo\/image\/"},"sameAs":["https:\/\/www.facebook.com\/Tajkertesz\/"]}]}},"_links":{"self":[{"href":"https:\/\/tajkertesz.com\/en_US\/wp-json\/wp\/v2\/product\/18495","targetHints":{"allow":["GET"]}}],"collection":[{"href":"https:\/\/tajkertesz.com\/en_US\/wp-json\/wp\/v2\/product"}],"about":[{"href":"https:\/\/tajkertesz.com\/en_US\/wp-json\/wp\/v2\/types\/product"}],"wp:featuredmedia":[{"embeddable":true,"href":"https:\/\/tajkertesz.com\/en_US\/wp-json\/wp\/v2\/media\/18488"}],"wp:attachment":[{"href":"https:\/\/tajkertesz.com\/en_US\/wp-json\/wp\/v2\/media?parent=18495"}],"wp:term":[{"taxonomy":"product_brand","embeddable":true,"href":"https:\/\/tajkertesz.com\/en_US\/wp-json\/wp\/v2\/product_brand?post=18495"},{"taxonomy":"product_cat","embeddable":true,"href":"https:\/\/tajkertesz.com\/en_US\/wp-json\/wp\/v2\/product_cat?post=18495"},{"taxonomy":"product_tag","embeddable":true,"href":"https:\/\/tajkertesz.com\/en_US\/wp-json\/wp\/v2\/product_tag?post=18495"}],"curies":[{"name":"wp","href":"https:\/\/api.w.org\/{rel}","templated":true}]}}