{"id":18526,"date":"2024-01-17T13:28:27","date_gmt":"2024-01-17T13:28:27","guid":{"rendered":"https:\/\/tajkertesz.com\/?post_type=product&#038;p=18526"},"modified":"2026-02-13T15:17:44","modified_gmt":"2026-02-13T15:17:44","slug":"fiskars-professzionalis-metszoollo-p90","status":"publish","type":"product","link":"https:\/\/tajkertesz.com\/en_US\/product\/fiskars-professzionalis-metszoollo-p90\/","title":{"rendered":"Fiskars professzion\u00e1lis metsz\u0151oll\u00f3 P90"},"content":{"rendered":"<h2>Fiskars professzion\u00e1lis metsz\u0151oll\u00f3 P90<\/h2>\n<p>Fiskars metsz\u0151oll\u00f3 P90<\/p>\n<p>A meger\u0151s\u00edtett kialak\u00edt\u00e1s biztos\u00edtja, hogy a peng\u00e9k ak\u00e1r 2,6 cm \u00e1tm\u00e9r\u0151j\u0171 \u00e1gak metsz\u00e9se k\u00f6zben sem mozdulnak el oldalir\u00e1nyba.<br \/>\nA peng\u00e9k feszess\u00e9ge csavarral \u00e1ll\u00edthat\u00f3.<br \/>\nDr\u00f3tv\u00e1g\u00f3 horonnyal ell\u00e1tva<\/p>\n<p>Ny\u00edr\u00f3 kivitel<\/p>\n<div class=\"data__item col-md-6 col-lg-4 col-xl-6 col-xxl-4 data__item-param\">\n<div class=\"data__item-wrap d-flex flex-wrap h-100 align-items-center\">\n<div id=\"page_artdet_product_param_title_487334\" class=\"data__item-title col-6\">Alkalmaz\u00e1s: N\u00f6v\u00e9nygondoz\u00e1s<\/div>\n<\/div>\n<\/div>\n<div class=\"data__item col-md-6 col-lg-4 col-xl-6 col-xxl-4 data__item-param\">\n<div class=\"data__item-wrap d-flex flex-wrap h-100 align-items-center\">\n<div id=\"page_artdet_product_param_title_487338\" class=\"data__item-title col-6\">Csal\u00e1d: Pro<\/div>\n<\/div>\n<\/div>\n<div class=\"data__item col-md-6 col-lg-4 col-xl-6 col-xxl-4 data__item-param\">\n<div class=\"data__item-wrap d-flex flex-wrap h-100 align-items-center\">\n<div id=\"page_artdet_product_param_title_487342\" class=\"data__item-title col-6\">Funkci\u00f3: Mell\u00e9v\u00e1g\u00f3<\/div>\n<div>Term\u00e9k anyaga: PFTE bevonat<\/div>\n<\/div>\n<\/div>\n<div class=\"data__item col-md-6 col-lg-4 col-xl-6 col-xxl-4 data__item-param\">\n<div class=\"data__item-wrap d-flex flex-wrap h-100 align-items-center\">\n<div id=\"page_artdet_product_param_title_498211\" class=\"data__item-title col-6\">SAP K\u00f3d: 1001530<\/div>\n<\/div>\n<\/div>\n<div class=\"data__item col-md-6 col-lg-4 col-xl-6 col-xxl-4 data__item-param\">\n<div class=\"data__item-wrap d-flex flex-wrap h-100 align-items-center\">\n<div id=\"page_artdet_product_param_title_498215\" class=\"data__item-title col-6\">Term\u00e9kcsal\u00e1d: Pro<\/div>\n<\/div>\n<\/div>\n<div class=\"data__item col-md-6 col-lg-4 col-xl-6 col-xxl-4 data__item-sku\">\n<div class=\"data__item-wrap d-flex flex-wrap h-100 align-items-center\">\n<div class=\"data__item-title col-6\">Cikksz\u00e1m:111960<\/div>\n<\/div>\n<\/div>\n<div class=\"data__item col-md-6 col-lg-4 col-xl-6 col-xxl-4 data__item-weight\">\n<div class=\"data__item-wrap d-flex flex-wrap h-100 align-items-center\">\n<div class=\"data__item-title col-6\">T\u00f6meg: 270 g\/db<\/div>\n<div>Garancia: 1\u00e9v<\/div>\n<\/div>\n<\/div>\n<div><\/div>\n<div>\n<p>El\u00e9rhet\u0151 t\u00f6bbf\u00e9le m\u00e9retben \u00e9s \u00e1rban.<\/p>\n<p><strong>K\u00e9szlet\u00fcnk napi szinten v\u00e1ltozik, ez\u00e9rt k\u00e9rj\u00fck, \u00e9rdekl\u0151dj\u00f6n szem\u00e9lyesen, telefonon vagy email-en.<br \/>\nA v\u00e1ltoztat\u00e1s jog\u00e1t fenntartjuk!\u00a0<\/strong><\/p>\n<p>&nbsp;<\/p>\n<p><a href=\"https:\/\/tajkertesz.com\/\">https:\/\/tajkertesz.com\/<\/a><\/p>\n<p><a href=\"https:\/\/www.facebook.com\/tajkertesz\/\">https:\/\/www.facebook.com\/tajkertesz\/<\/a><\/p>\n<p>Kisz\u00e1ll\u00edt\u00e1s: 200cm-ig \u00a0\u00e9s 40 kg-ig a sz\u00e1ll\u00edt\u00e1s fut\u00e1rszolg\u00e1lattal \u00a0t\u00f6rt\u00e9nik.<\/p>\n<p>Szem\u00e9lyes \u00e1tv\u00e9tel nyitvatart\u00e1si id\u0151ben a 17. ker\u00fclet Bakancsos utca 7. sz\u00e1m alatti Kert\u00e9szeti \u00e1rud\u00e1ban.<\/p>\n<\/div>\n<div class=\"module-head\">\n<h3 class=\"module-head-title\">LE\u00cdR\u00c1S \u00c9S PARAM\u00c9TEREK<\/h3>\n<\/div>\n<div class=\"module-body\">\n<p><strong>Fiskars P90 Metsz\u0151oll\u00f3 Profi, mell\u00e9v\u00e1g\u00f3 (111960)<\/strong><\/p>\n<p><strong>Jellemz\u0151k:<\/strong><\/p>\n<p>K\u00e9zhez \u00e1ll\u00f3 markolat, mellyel k\u00f6zel v\u00e1ghat az \u00e1gt\u0151h\u00f6z.<br \/>\nA ny\u00e9l ny\u00edl\u00e1ssz\u00f6ge k\u00f6zepes \u00e9s nagy teny\u00e9rhez is \u00e1ll\u00edthat\u00f3.<br \/>\nMell\u00e9v\u00e1g\u00f3 kivitel, mely legjobb a friss, \u00e9l\u0151 n\u00f6v\u00e9nyek tiszta v\u00e1g\u00e1s\u00e1ra.<br \/>\nFibercomp m\u0171anyag, mely er\u0151s, tart\u00f3s \u00e9s k\u00f6nny\u0171 tulajdons\u00e1ggal rendelkezik az \u00fcvegsz\u00e1las er\u0151s\u00edt\u00e9s\u0171 kivitelnek k\u00f6sz\u00f6nhet\u0151en.<br \/>\nPTFE bevonat\u00fa CrMoV kr\u00f3mac\u00e9l fels\u0151 penge, a kisebb s\u00farl\u00f3d\u00e1s el\u00e9r\u00e9se \u00e9rdek\u00e9ben.<br \/>\nBiztons\u00e1gi z\u00e1r\u00f3retesz, \u00fctk\u00f6z\u0151bak.<br \/>\nMaxim\u00e1lis\u00a0v\u00e1g\u00e1si \u00e1tm\u00e9r\u0151: 26 mm<br \/>\nA meger\u0151s\u00edtett kialak\u00edt\u00e1s biztos\u00edtja, hogy a peng\u00e9k0<br \/>\nAk\u00e1r 2,6 cm \u00e1tm\u00e9r\u0151j\u0171 \u00e1gak metsz\u00e9se k\u00f6zben\u00a0sem mozdulnak el oldalir\u00e1nyba<br \/>\nA peng\u00e9k feszess\u00e9ge csavarral \u00e1ll\u00edthat\u00f3<br \/>\nDr\u00f3tv\u00e1g\u00f3 horony<br \/>\nS\u00faly: 265 gramm<br \/>\nHossz: 231 mm<br \/>\nSz\u00e9less\u00e9g:\u00a0 69 mm<br \/>\nMagass\u00e1g : 23 mm<\/p>\n<p><strong><a href=\"http:\/\/www.tajkertesz.com\"><span class=\"autohelp\" style=\"box-sizing: border-box; color: #018e93; cursor: pointer;\">Rendelje meg n\u00e1lunk!<\/span><\/a>\u00a0<\/strong>Ha tov\u00e1bbi k\u00e9rd\u00e9sei lenn\u00e9nek a Fiskars P90 Metsz\u0151oll\u00f3 Profi, mell\u00e9v\u00e1g\u00f3 (111960) term\u00e9k\u00fcnkkel kapcsolatban keressen minket b\u00e1rmelyik el\u00e9rhet\u0151s\u00e9g\u00fcnk\u00f6n.<\/p>\n<\/div>\n<p>&nbsp;<\/p>","protected":false},"excerpt":{"rendered":"<h2>Fiskars professzion\u00e1lis metsz\u0151oll\u00f3 P90<\/h2>\n<p>&nbsp;<\/p>\n<p>A meger\u0151s\u00edtett kialak\u00edt\u00e1s biztos\u00edtja, hogy a peng\u00e9k ak\u00e1r 2,6 cm \u00e1tm\u00e9r\u0151j\u0171 \u00e1gak metsz\u00e9se k\u00f6zben sem mozdulnak el oldalir\u00e1nyba.<br \/>\nA peng\u00e9k feszess\u00e9ge csavarral \u00e1ll\u00edthat\u00f3&#8230;<\/p>\n<p><strong>K\u00e9szlet\u00fcnk napi szinten v\u00e1ltozik, ez\u00e9rt k\u00e9rj\u00fck, \u00e9rdekl\u0151dj\u00f6n szem\u00e9lyesen, telefonon vagy email-en.<br \/>\nA v\u00e1ltoztat\u00e1s jog\u00e1t fenntartjuk!\u00a0<\/strong><\/p>\n<p>&nbsp;<\/p>\n<p>&nbsp;<\/p>","protected":false},"featured_media":18550,"template":"","meta":{"_et_pb_use_builder":"","_et_pb_old_content":"","_et_gb_content_width":""},"product_brand":[],"product_cat":[4274,4576],"product_tag":[116,114,4891],"class_list":{"0":"post-18526","1":"product","2":"type-product","3":"status-publish","4":"has-post-thumbnail","6":"product_cat-akcios-termekek","7":"product_cat-fiskars-metszoollok","8":"product_tag-fiskars","9":"product_tag-metszoollo","10":"product_tag-szerszam-p90","12":"first","13":"instock","14":"shipping-taxable","15":"purchasable","16":"product-type-simple"},"yoast_head":"<!-- This site is optimized with the Yoast SEO plugin v27.5 - https:\/\/yoast.com\/product\/yoast-seo-wordpress\/ -->\n<title>Fiskars professzion\u00e1lis metsz\u0151oll\u00f3 P90 - T\u00e1jkert\u00e9sz<\/title>\n<meta name=\"description\" content=\"Fiskars professzion\u00e1lis metsz\u0151oll\u00f3 P90. A meger\u0151s\u00edtett kialak\u00edt\u00e1s biztos\u00edtja, hogy a peng\u00e9k ak\u00e1r 2,6 cm \u00e1tm\u00e9r\u0151j\u0171 \u00e1gak metsz\u00e9se k\u00f6zben sem mozdulnak...\" \/>\n<meta name=\"robots\" content=\"index, follow, max-snippet:-1, max-image-preview:large, max-video-preview:-1\" \/>\n<link rel=\"canonical\" href=\"https:\/\/tajkertesz.com\/en_US\/product\/fiskars-professzionalis-metszoollo-p90\/\" \/>\n<meta property=\"og:locale\" content=\"en_US\" \/>\n<meta property=\"og:type\" content=\"article\" \/>\n<meta property=\"og:title\" content=\"Fiskars professzion\u00e1lis metsz\u0151oll\u00f3 P90 - T\u00e1jkert\u00e9sz\" \/>\n<meta property=\"og:description\" content=\"Fiskars professzion\u00e1lis metsz\u0151oll\u00f3 P90. A meger\u0151s\u00edtett kialak\u00edt\u00e1s biztos\u00edtja, hogy a peng\u00e9k ak\u00e1r 2,6 cm \u00e1tm\u00e9r\u0151j\u0171 \u00e1gak metsz\u00e9se k\u00f6zben sem mozdulnak...\" \/>\n<meta property=\"og:url\" content=\"https:\/\/tajkertesz.com\/en_US\/product\/fiskars-professzionalis-metszoollo-p90\/\" \/>\n<meta property=\"og:site_name\" content=\"T\u00e1jkert\u00e9sz\" \/>\n<meta property=\"article:publisher\" content=\"https:\/\/www.facebook.com\/Tajkertesz\/\" \/>\n<meta property=\"article:modified_time\" content=\"2026-02-13T15:17:44+00:00\" \/>\n<meta property=\"og:image\" content=\"https:\/\/tajkertesz.com\/wp-content\/uploads\/2024\/01\/111960-2.webp\" \/>\n\t<meta property=\"og:image:width\" content=\"496\" \/>\n\t<meta property=\"og:image:height\" content=\"664\" \/>\n\t<meta property=\"og:image:type\" content=\"image\/webp\" \/>\n<meta name=\"twitter:card\" content=\"summary_large_image\" \/>\n<meta name=\"twitter:label1\" content=\"Est. reading time\" \/>\n\t<meta name=\"twitter:data1\" content=\"2 minutes\" \/>\n<script type=\"application\/ld+json\" class=\"yoast-schema-graph\">{\"@context\":\"https:\\\/\\\/schema.org\",\"@graph\":[{\"@type\":\"WebPage\",\"@id\":\"https:\\\/\\\/tajkertesz.com\\\/termek\\\/fiskars-professzionalis-metszoollo-p90\\\/\",\"url\":\"https:\\\/\\\/tajkertesz.com\\\/termek\\\/fiskars-professzionalis-metszoollo-p90\\\/\",\"name\":\"Fiskars professzion\u00e1lis metsz\u0151oll\u00f3 P90 - T\u00e1jkert\u00e9sz\",\"isPartOf\":{\"@id\":\"https:\\\/\\\/tajkertesz.com\\\/#website\"},\"primaryImageOfPage\":{\"@id\":\"https:\\\/\\\/tajkertesz.com\\\/termek\\\/fiskars-professzionalis-metszoollo-p90\\\/#primaryimage\"},\"image\":{\"@id\":\"https:\\\/\\\/tajkertesz.com\\\/termek\\\/fiskars-professzionalis-metszoollo-p90\\\/#primaryimage\"},\"thumbnailUrl\":\"https:\\\/\\\/tajkertesz.com\\\/wp-content\\\/uploads\\\/2024\\\/01\\\/111960-2.webp\",\"datePublished\":\"2024-01-17T13:28:27+00:00\",\"dateModified\":\"2026-02-13T15:17:44+00:00\",\"description\":\"Fiskars professzion\u00e1lis metsz\u0151oll\u00f3 P90. A meger\u0151s\u00edtett kialak\u00edt\u00e1s biztos\u00edtja, hogy a peng\u00e9k ak\u00e1r 2,6 cm \u00e1tm\u00e9r\u0151j\u0171 \u00e1gak metsz\u00e9se k\u00f6zben sem mozdulnak...\",\"breadcrumb\":{\"@id\":\"https:\\\/\\\/tajkertesz.com\\\/termek\\\/fiskars-professzionalis-metszoollo-p90\\\/#breadcrumb\"},\"inLanguage\":\"en-US\",\"potentialAction\":[{\"@type\":\"ReadAction\",\"target\":[\"https:\\\/\\\/tajkertesz.com\\\/termek\\\/fiskars-professzionalis-metszoollo-p90\\\/\"]}]},{\"@type\":\"ImageObject\",\"inLanguage\":\"en-US\",\"@id\":\"https:\\\/\\\/tajkertesz.com\\\/termek\\\/fiskars-professzionalis-metszoollo-p90\\\/#primaryimage\",\"url\":\"https:\\\/\\\/tajkertesz.com\\\/wp-content\\\/uploads\\\/2024\\\/01\\\/111960-2.webp\",\"contentUrl\":\"https:\\\/\\\/tajkertesz.com\\\/wp-content\\\/uploads\\\/2024\\\/01\\\/111960-2.webp\",\"width\":496,\"height\":664},{\"@type\":\"BreadcrumbList\",\"@id\":\"https:\\\/\\\/tajkertesz.com\\\/termek\\\/fiskars-professzionalis-metszoollo-p90\\\/#breadcrumb\",\"itemListElement\":[{\"@type\":\"ListItem\",\"position\":1,\"name\":\"Home\",\"item\":\"https:\\\/\\\/tajkertesz.com\\\/\"},{\"@type\":\"ListItem\",\"position\":2,\"name\":\"Kezd\u0151lap\",\"item\":\"https:\\\/\\\/tajkertesz.com\\\/\"},{\"@type\":\"ListItem\",\"position\":3,\"name\":\"Fiskars professzion\u00e1lis metsz\u0151oll\u00f3 P90\"}]},{\"@type\":\"WebSite\",\"@id\":\"https:\\\/\\\/tajkertesz.com\\\/#website\",\"url\":\"https:\\\/\\\/tajkertesz.com\\\/\",\"name\":\"T\u00e1j-Kert\u00e9sz 84 Kft.\",\"description\":\"Kert\u00e9szeti kis- \u00e9s nagykeresked\u00e9s, D\u00edszn\u00f6v\u00e9ny web\u00e1ruh\u00e1z orsz\u00e1gos h\u00e1zhozsz\u00e1ll\u00edt\u00e1ssal!\",\"publisher\":{\"@id\":\"https:\\\/\\\/tajkertesz.com\\\/#organization\"},\"potentialAction\":[{\"@type\":\"SearchAction\",\"target\":{\"@type\":\"EntryPoint\",\"urlTemplate\":\"https:\\\/\\\/tajkertesz.com\\\/?s={search_term_string}\"},\"query-input\":{\"@type\":\"PropertyValueSpecification\",\"valueRequired\":true,\"valueName\":\"search_term_string\"}}],\"inLanguage\":\"en-US\"},{\"@type\":\"Organization\",\"@id\":\"https:\\\/\\\/tajkertesz.com\\\/#organization\",\"name\":\"T\u00e1j-Kert\u00e9sz 84 Kft.\",\"url\":\"https:\\\/\\\/tajkertesz.com\\\/\",\"logo\":{\"@type\":\"ImageObject\",\"inLanguage\":\"en-US\",\"@id\":\"https:\\\/\\\/tajkertesz.com\\\/#\\\/schema\\\/logo\\\/image\\\/\",\"url\":\"https:\\\/\\\/tajkertesz.com\\\/wp-content\\\/uploads\\\/2018\\\/02\\\/logo-2-e1518678052539.png\",\"contentUrl\":\"https:\\\/\\\/tajkertesz.com\\\/wp-content\\\/uploads\\\/2018\\\/02\\\/logo-2-e1518678052539.png\",\"width\":81,\"height\":140,\"caption\":\"T\u00e1j-Kert\u00e9sz 84 Kft.\"},\"image\":{\"@id\":\"https:\\\/\\\/tajkertesz.com\\\/#\\\/schema\\\/logo\\\/image\\\/\"},\"sameAs\":[\"https:\\\/\\\/www.facebook.com\\\/Tajkertesz\\\/\"]}]}<\/script>\n<!-- \/ Yoast SEO plugin. -->","yoast_head_json":{"title":"Fiskars professzion\u00e1lis metsz\u0151oll\u00f3 P90 - T\u00e1jkert\u00e9sz","description":"Fiskars professzion\u00e1lis metsz\u0151oll\u00f3 P90. A meger\u0151s\u00edtett kialak\u00edt\u00e1s biztos\u00edtja, hogy a peng\u00e9k ak\u00e1r 2,6 cm \u00e1tm\u00e9r\u0151j\u0171 \u00e1gak metsz\u00e9se k\u00f6zben sem mozdulnak...","robots":{"index":"index","follow":"follow","max-snippet":"max-snippet:-1","max-image-preview":"max-image-preview:large","max-video-preview":"max-video-preview:-1"},"canonical":"https:\/\/tajkertesz.com\/en_US\/product\/fiskars-professzionalis-metszoollo-p90\/","og_locale":"en_US","og_type":"article","og_title":"Fiskars professzion\u00e1lis metsz\u0151oll\u00f3 P90 - T\u00e1jkert\u00e9sz","og_description":"Fiskars professzion\u00e1lis metsz\u0151oll\u00f3 P90. A meger\u0151s\u00edtett kialak\u00edt\u00e1s biztos\u00edtja, hogy a peng\u00e9k ak\u00e1r 2,6 cm \u00e1tm\u00e9r\u0151j\u0171 \u00e1gak metsz\u00e9se k\u00f6zben sem mozdulnak...","og_url":"https:\/\/tajkertesz.com\/en_US\/product\/fiskars-professzionalis-metszoollo-p90\/","og_site_name":"T\u00e1jkert\u00e9sz","article_publisher":"https:\/\/www.facebook.com\/Tajkertesz\/","article_modified_time":"2026-02-13T15:17:44+00:00","og_image":[{"width":496,"height":664,"url":"https:\/\/tajkertesz.com\/wp-content\/uploads\/2024\/01\/111960-2.webp","type":"image\/webp"}],"twitter_card":"summary_large_image","twitter_misc":{"Est. reading time":"2 minutes"},"schema":{"@context":"https:\/\/schema.org","@graph":[{"@type":"WebPage","@id":"https:\/\/tajkertesz.com\/termek\/fiskars-professzionalis-metszoollo-p90\/","url":"https:\/\/tajkertesz.com\/termek\/fiskars-professzionalis-metszoollo-p90\/","name":"Fiskars professzion\u00e1lis metsz\u0151oll\u00f3 P90 - T\u00e1jkert\u00e9sz","isPartOf":{"@id":"https:\/\/tajkertesz.com\/#website"},"primaryImageOfPage":{"@id":"https:\/\/tajkertesz.com\/termek\/fiskars-professzionalis-metszoollo-p90\/#primaryimage"},"image":{"@id":"https:\/\/tajkertesz.com\/termek\/fiskars-professzionalis-metszoollo-p90\/#primaryimage"},"thumbnailUrl":"https:\/\/tajkertesz.com\/wp-content\/uploads\/2024\/01\/111960-2.webp","datePublished":"2024-01-17T13:28:27+00:00","dateModified":"2026-02-13T15:17:44+00:00","description":"Fiskars professzion\u00e1lis metsz\u0151oll\u00f3 P90. A meger\u0151s\u00edtett kialak\u00edt\u00e1s biztos\u00edtja, hogy a peng\u00e9k ak\u00e1r 2,6 cm \u00e1tm\u00e9r\u0151j\u0171 \u00e1gak metsz\u00e9se k\u00f6zben sem mozdulnak...","breadcrumb":{"@id":"https:\/\/tajkertesz.com\/termek\/fiskars-professzionalis-metszoollo-p90\/#breadcrumb"},"inLanguage":"en-US","potentialAction":[{"@type":"ReadAction","target":["https:\/\/tajkertesz.com\/termek\/fiskars-professzionalis-metszoollo-p90\/"]}]},{"@type":"ImageObject","inLanguage":"en-US","@id":"https:\/\/tajkertesz.com\/termek\/fiskars-professzionalis-metszoollo-p90\/#primaryimage","url":"https:\/\/tajkertesz.com\/wp-content\/uploads\/2024\/01\/111960-2.webp","contentUrl":"https:\/\/tajkertesz.com\/wp-content\/uploads\/2024\/01\/111960-2.webp","width":496,"height":664},{"@type":"BreadcrumbList","@id":"https:\/\/tajkertesz.com\/termek\/fiskars-professzionalis-metszoollo-p90\/#breadcrumb","itemListElement":[{"@type":"ListItem","position":1,"name":"Home","item":"https:\/\/tajkertesz.com\/"},{"@type":"ListItem","position":2,"name":"Kezd\u0151lap","item":"https:\/\/tajkertesz.com\/"},{"@type":"ListItem","position":3,"name":"Fiskars professzion\u00e1lis metsz\u0151oll\u00f3 P90"}]},{"@type":"WebSite","@id":"https:\/\/tajkertesz.com\/#website","url":"https:\/\/tajkertesz.com\/","name":"T\u00e1j-Kert\u00e9sz 84 Kft.","description":"Kert\u00e9szeti kis- \u00e9s nagykeresked\u00e9s, D\u00edszn\u00f6v\u00e9ny web\u00e1ruh\u00e1z orsz\u00e1gos h\u00e1zhozsz\u00e1ll\u00edt\u00e1ssal!","publisher":{"@id":"https:\/\/tajkertesz.com\/#organization"},"potentialAction":[{"@type":"SearchAction","target":{"@type":"EntryPoint","urlTemplate":"https:\/\/tajkertesz.com\/?s={search_term_string}"},"query-input":{"@type":"PropertyValueSpecification","valueRequired":true,"valueName":"search_term_string"}}],"inLanguage":"en-US"},{"@type":"Organization","@id":"https:\/\/tajkertesz.com\/#organization","name":"T\u00e1j-Kert\u00e9sz 84 Kft.","url":"https:\/\/tajkertesz.com\/","logo":{"@type":"ImageObject","inLanguage":"en-US","@id":"https:\/\/tajkertesz.com\/#\/schema\/logo\/image\/","url":"https:\/\/tajkertesz.com\/wp-content\/uploads\/2018\/02\/logo-2-e1518678052539.png","contentUrl":"https:\/\/tajkertesz.com\/wp-content\/uploads\/2018\/02\/logo-2-e1518678052539.png","width":81,"height":140,"caption":"T\u00e1j-Kert\u00e9sz 84 Kft."},"image":{"@id":"https:\/\/tajkertesz.com\/#\/schema\/logo\/image\/"},"sameAs":["https:\/\/www.facebook.com\/Tajkertesz\/"]}]}},"_links":{"self":[{"href":"https:\/\/tajkertesz.com\/en_US\/wp-json\/wp\/v2\/product\/18526","targetHints":{"allow":["GET"]}}],"collection":[{"href":"https:\/\/tajkertesz.com\/en_US\/wp-json\/wp\/v2\/product"}],"about":[{"href":"https:\/\/tajkertesz.com\/en_US\/wp-json\/wp\/v2\/types\/product"}],"wp:featuredmedia":[{"embeddable":true,"href":"https:\/\/tajkertesz.com\/en_US\/wp-json\/wp\/v2\/media\/18550"}],"wp:attachment":[{"href":"https:\/\/tajkertesz.com\/en_US\/wp-json\/wp\/v2\/media?parent=18526"}],"wp:term":[{"taxonomy":"product_brand","embeddable":true,"href":"https:\/\/tajkertesz.com\/en_US\/wp-json\/wp\/v2\/product_brand?post=18526"},{"taxonomy":"product_cat","embeddable":true,"href":"https:\/\/tajkertesz.com\/en_US\/wp-json\/wp\/v2\/product_cat?post=18526"},{"taxonomy":"product_tag","embeddable":true,"href":"https:\/\/tajkertesz.com\/en_US\/wp-json\/wp\/v2\/product_tag?post=18526"}],"curies":[{"name":"wp","href":"https:\/\/api.w.org\/{rel}","templated":true}]}}