{"id":18556,"date":"2024-01-17T14:09:39","date_gmt":"2024-01-17T14:09:39","guid":{"rendered":"https:\/\/tajkertesz.com\/?post_type=product&#038;p=18556"},"modified":"2026-02-13T15:17:53","modified_gmt":"2026-02-13T15:17:53","slug":"allo-angyal","status":"publish","type":"product","link":"https:\/\/tajkertesz.com\/en_US\/product\/allo-angyal\/","title":{"rendered":"Kar\u00e1csonyi \u00e1ll\u00f3 angyal r\u00f3zsasz\u00edn 30-40 cm 25-14-15"},"content":{"rendered":"<h3>Kar\u00e1csonyi \u00e1ll\u00f3 angyal r\u00f3zsasz\u00edn 30-40cm<\/h3>\n<p>A Kar\u00e1csonyi \u00e1ll\u00f3 angyal r\u00f3zsasz\u00edn 30-40 cm \u00a0 figura egy igaz\u00e1n st\u00edlusos kar\u00e1csonyi dekor\u00e1ci\u00f3.<\/p>\n<p>D\u00edsz\u00edtse otthon\u00e1t egy igaz\u00e1n k\u00fcl\u00f6nleges dekor\u00e1ci\u00f3val. Eleg\u00e1ns \u00e9s letisztult kar\u00e1csonyi\u00a0 pl\u00fcss dekor\u00e1ci\u00f3.<\/p>\n<p>&nbsp;<\/p>\n<p>&nbsp;<\/p>\n<p>&nbsp;<\/p>\n<p>El\u00e9rhet\u0151 t\u00f6bbf\u00e9le m\u00e9retben \u00e9s \u00e1rban.<\/p>\n<p><strong>K\u00e9szlet\u00fcnk napi szinten v\u00e1ltozik, ez\u00e9rt k\u00e9rj\u00fck, \u00e9rdekl\u0151dj\u00f6n szem\u00e9lyesen, telefonon vagy email-en.<br \/>\nA v\u00e1ltoztat\u00e1s jog\u00e1t fenntartjuk!\u00a0<\/strong><\/p>\n<p>&nbsp;<\/p>\n<p><a href=\"https:\/\/tajkertesz.com\/\">https:\/\/tajkertesz.com\/<\/a><\/p>\n<p><a href=\"https:\/\/www.facebook.com\/tajkertesz\/\">https:\/\/www.facebook.com\/tajkertesz\/<\/a><\/p>\n<p>Kisz\u00e1ll\u00edt\u00e1s: 200cm-ig \u00a0\u00e9s 40 kg-ig a sz\u00e1ll\u00edt\u00e1s fut\u00e1rszolg\u00e1lattal \u00a0t\u00f6rt\u00e9nik.<\/p>\n<p>Szem\u00e9lyes \u00e1tv\u00e9tel nyitvatart\u00e1si id\u0151ben a 17. ker\u00fclet Bakancsos utca 7. sz\u00e1m alatti Kert\u00e9szeti \u00e1rud\u00e1ban.<\/p>\n<p>&nbsp;<\/p>","protected":false},"excerpt":{"rendered":"<h3>Kar\u00e1csonyi \u00e1ll\u00f3 angyal 30-40cm<\/h3>\n<p>A Kar\u00e1csonyi \u00e1ll\u00f3 angyal 30-40 cm \u00a0 figura egy igaz\u00e1n st\u00edlusos kar\u00e1csonyi dekor\u00e1ci\u00f3.<\/p>\n<p>D\u00edsz\u00edtse otthon\u00e1t egy igaz\u00e1n k\u00fcl\u00f6nleges dekor\u00e1ci\u00f3val. Eleg\u00e1ns \u00e9s letisztult kar\u00e1csonyi\u00a0 pl\u00fcss dekor\u00e1ci\u00f3.<\/p>\n<p>&nbsp;<\/p>","protected":false},"featured_media":18557,"template":"","meta":{"_et_pb_use_builder":"","_et_pb_old_content":"","_et_gb_content_width":""},"product_brand":[],"product_cat":[4034],"product_tag":[3470,4595],"class_list":{"0":"post-18556","1":"product","2":"type-product","3":"status-publish","4":"has-post-thumbnail","6":"product_cat-karacsonyi-diszek-dekorok","7":"product_tag-allo","8":"product_tag-angyal","10":"first","11":"instock","12":"shipping-taxable","13":"purchasable","14":"product-type-simple"},"yoast_head":"<!-- This site is optimized with the Yoast SEO plugin v27.3 - https:\/\/yoast.com\/product\/yoast-seo-wordpress\/ -->\n<title>Kar\u00e1csonyi \u00e1ll\u00f3 angyal r\u00f3zsasz\u00edn 30-40 cm 25-14-15 - T\u00e1jkert\u00e9sz<\/title>\n<meta name=\"description\" content=\"Kar\u00e1csonyi \u00e1ll\u00f3 angyal 30-40 cm egy igaz\u00e1n st\u00edlusos kar\u00e1csonyi dekor\u00e1ci\u00f3. D\u00edsz\u00edtse otthon\u00e1t egy igaz\u00e1n k\u00fcl\u00f6nleges dekor\u00e1ci\u00f3val.\" \/>\n<meta name=\"robots\" content=\"index, follow, max-snippet:-1, max-image-preview:large, max-video-preview:-1\" \/>\n<link rel=\"canonical\" href=\"https:\/\/tajkertesz.com\/en_US\/product\/allo-angyal\/\" \/>\n<meta property=\"og:locale\" content=\"en_US\" \/>\n<meta property=\"og:type\" content=\"article\" \/>\n<meta property=\"og:title\" content=\"Kar\u00e1csonyi \u00e1ll\u00f3 angyal r\u00f3zsasz\u00edn 30-40 cm 25-14-15 - T\u00e1jkert\u00e9sz\" \/>\n<meta property=\"og:description\" content=\"Kar\u00e1csonyi \u00e1ll\u00f3 angyal 30-40 cm egy igaz\u00e1n st\u00edlusos kar\u00e1csonyi dekor\u00e1ci\u00f3. D\u00edsz\u00edtse otthon\u00e1t egy igaz\u00e1n k\u00fcl\u00f6nleges dekor\u00e1ci\u00f3val.\" \/>\n<meta property=\"og:url\" content=\"https:\/\/tajkertesz.com\/en_US\/product\/allo-angyal\/\" \/>\n<meta property=\"og:site_name\" content=\"T\u00e1jkert\u00e9sz\" \/>\n<meta property=\"article:publisher\" content=\"https:\/\/www.facebook.com\/Tajkertesz\/\" \/>\n<meta property=\"article:modified_time\" content=\"2026-02-13T15:17:53+00:00\" \/>\n<meta property=\"og:image\" content=\"https:\/\/tajkertesz.com\/wp-content\/uploads\/2024\/01\/24-14-15.jpg\" \/>\n\t<meta property=\"og:image:width\" content=\"406\" \/>\n\t<meta property=\"og:image:height\" content=\"904\" \/>\n\t<meta property=\"og:image:type\" content=\"image\/jpeg\" \/>\n<meta name=\"twitter:card\" content=\"summary_large_image\" \/>\n<meta name=\"twitter:label1\" content=\"Est. reading time\" \/>\n\t<meta name=\"twitter:data1\" content=\"1 minute\" \/>\n<script type=\"application\/ld+json\" class=\"yoast-schema-graph\">{\"@context\":\"https:\\\/\\\/schema.org\",\"@graph\":[{\"@type\":\"WebPage\",\"@id\":\"https:\\\/\\\/tajkertesz.com\\\/termek\\\/allo-angyal\\\/\",\"url\":\"https:\\\/\\\/tajkertesz.com\\\/termek\\\/allo-angyal\\\/\",\"name\":\"Kar\u00e1csonyi \u00e1ll\u00f3 angyal r\u00f3zsasz\u00edn 30-40 cm 25-14-15 - T\u00e1jkert\u00e9sz\",\"isPartOf\":{\"@id\":\"https:\\\/\\\/tajkertesz.com\\\/#website\"},\"primaryImageOfPage\":{\"@id\":\"https:\\\/\\\/tajkertesz.com\\\/termek\\\/allo-angyal\\\/#primaryimage\"},\"image\":{\"@id\":\"https:\\\/\\\/tajkertesz.com\\\/termek\\\/allo-angyal\\\/#primaryimage\"},\"thumbnailUrl\":\"https:\\\/\\\/tajkertesz.com\\\/wp-content\\\/uploads\\\/2024\\\/01\\\/24-14-15.jpg\",\"datePublished\":\"2024-01-17T14:09:39+00:00\",\"dateModified\":\"2026-02-13T15:17:53+00:00\",\"description\":\"Kar\u00e1csonyi \u00e1ll\u00f3 angyal 30-40 cm egy igaz\u00e1n st\u00edlusos kar\u00e1csonyi dekor\u00e1ci\u00f3. D\u00edsz\u00edtse otthon\u00e1t egy igaz\u00e1n k\u00fcl\u00f6nleges dekor\u00e1ci\u00f3val.\",\"breadcrumb\":{\"@id\":\"https:\\\/\\\/tajkertesz.com\\\/termek\\\/allo-angyal\\\/#breadcrumb\"},\"inLanguage\":\"en-US\",\"potentialAction\":[{\"@type\":\"ReadAction\",\"target\":[\"https:\\\/\\\/tajkertesz.com\\\/termek\\\/allo-angyal\\\/\"]}]},{\"@type\":\"ImageObject\",\"inLanguage\":\"en-US\",\"@id\":\"https:\\\/\\\/tajkertesz.com\\\/termek\\\/allo-angyal\\\/#primaryimage\",\"url\":\"https:\\\/\\\/tajkertesz.com\\\/wp-content\\\/uploads\\\/2024\\\/01\\\/24-14-15.jpg\",\"contentUrl\":\"https:\\\/\\\/tajkertesz.com\\\/wp-content\\\/uploads\\\/2024\\\/01\\\/24-14-15.jpg\",\"width\":406,\"height\":904},{\"@type\":\"BreadcrumbList\",\"@id\":\"https:\\\/\\\/tajkertesz.com\\\/termek\\\/allo-angyal\\\/#breadcrumb\",\"itemListElement\":[{\"@type\":\"ListItem\",\"position\":1,\"name\":\"Home\",\"item\":\"https:\\\/\\\/tajkertesz.com\\\/\"},{\"@type\":\"ListItem\",\"position\":2,\"name\":\"Kezd\u0151lap\",\"item\":\"https:\\\/\\\/tajkertesz.com\\\/\"},{\"@type\":\"ListItem\",\"position\":3,\"name\":\"Kar\u00e1csonyi \u00e1ll\u00f3 angyal r\u00f3zsasz\u00edn 30-40 cm 25-14-15\"}]},{\"@type\":\"WebSite\",\"@id\":\"https:\\\/\\\/tajkertesz.com\\\/#website\",\"url\":\"https:\\\/\\\/tajkertesz.com\\\/\",\"name\":\"T\u00e1j-Kert\u00e9sz 84 Kft.\",\"description\":\"Kert\u00e9szeti kis- \u00e9s nagykeresked\u00e9s, D\u00edszn\u00f6v\u00e9ny web\u00e1ruh\u00e1z orsz\u00e1gos h\u00e1zhozsz\u00e1ll\u00edt\u00e1ssal!\",\"publisher\":{\"@id\":\"https:\\\/\\\/tajkertesz.com\\\/#organization\"},\"potentialAction\":[{\"@type\":\"SearchAction\",\"target\":{\"@type\":\"EntryPoint\",\"urlTemplate\":\"https:\\\/\\\/tajkertesz.com\\\/?s={search_term_string}\"},\"query-input\":{\"@type\":\"PropertyValueSpecification\",\"valueRequired\":true,\"valueName\":\"search_term_string\"}}],\"inLanguage\":\"en-US\"},{\"@type\":\"Organization\",\"@id\":\"https:\\\/\\\/tajkertesz.com\\\/#organization\",\"name\":\"T\u00e1j-Kert\u00e9sz 84 Kft.\",\"url\":\"https:\\\/\\\/tajkertesz.com\\\/\",\"logo\":{\"@type\":\"ImageObject\",\"inLanguage\":\"en-US\",\"@id\":\"https:\\\/\\\/tajkertesz.com\\\/#\\\/schema\\\/logo\\\/image\\\/\",\"url\":\"https:\\\/\\\/tajkertesz.com\\\/wp-content\\\/uploads\\\/2018\\\/02\\\/logo-2-e1518678052539.png\",\"contentUrl\":\"https:\\\/\\\/tajkertesz.com\\\/wp-content\\\/uploads\\\/2018\\\/02\\\/logo-2-e1518678052539.png\",\"width\":81,\"height\":140,\"caption\":\"T\u00e1j-Kert\u00e9sz 84 Kft.\"},\"image\":{\"@id\":\"https:\\\/\\\/tajkertesz.com\\\/#\\\/schema\\\/logo\\\/image\\\/\"},\"sameAs\":[\"https:\\\/\\\/www.facebook.com\\\/Tajkertesz\\\/\"]}]}<\/script>\n<!-- \/ Yoast SEO plugin. -->","yoast_head_json":{"title":"Kar\u00e1csonyi \u00e1ll\u00f3 angyal r\u00f3zsasz\u00edn 30-40 cm 25-14-15 - T\u00e1jkert\u00e9sz","description":"Kar\u00e1csonyi \u00e1ll\u00f3 angyal 30-40 cm egy igaz\u00e1n st\u00edlusos kar\u00e1csonyi dekor\u00e1ci\u00f3. D\u00edsz\u00edtse otthon\u00e1t egy igaz\u00e1n k\u00fcl\u00f6nleges dekor\u00e1ci\u00f3val.","robots":{"index":"index","follow":"follow","max-snippet":"max-snippet:-1","max-image-preview":"max-image-preview:large","max-video-preview":"max-video-preview:-1"},"canonical":"https:\/\/tajkertesz.com\/en_US\/product\/allo-angyal\/","og_locale":"en_US","og_type":"article","og_title":"Kar\u00e1csonyi \u00e1ll\u00f3 angyal r\u00f3zsasz\u00edn 30-40 cm 25-14-15 - T\u00e1jkert\u00e9sz","og_description":"Kar\u00e1csonyi \u00e1ll\u00f3 angyal 30-40 cm egy igaz\u00e1n st\u00edlusos kar\u00e1csonyi dekor\u00e1ci\u00f3. D\u00edsz\u00edtse otthon\u00e1t egy igaz\u00e1n k\u00fcl\u00f6nleges dekor\u00e1ci\u00f3val.","og_url":"https:\/\/tajkertesz.com\/en_US\/product\/allo-angyal\/","og_site_name":"T\u00e1jkert\u00e9sz","article_publisher":"https:\/\/www.facebook.com\/Tajkertesz\/","article_modified_time":"2026-02-13T15:17:53+00:00","og_image":[{"width":406,"height":904,"url":"https:\/\/tajkertesz.com\/wp-content\/uploads\/2024\/01\/24-14-15.jpg","type":"image\/jpeg"}],"twitter_card":"summary_large_image","twitter_misc":{"Est. reading time":"1 minute"},"schema":{"@context":"https:\/\/schema.org","@graph":[{"@type":"WebPage","@id":"https:\/\/tajkertesz.com\/termek\/allo-angyal\/","url":"https:\/\/tajkertesz.com\/termek\/allo-angyal\/","name":"Kar\u00e1csonyi \u00e1ll\u00f3 angyal r\u00f3zsasz\u00edn 30-40 cm 25-14-15 - T\u00e1jkert\u00e9sz","isPartOf":{"@id":"https:\/\/tajkertesz.com\/#website"},"primaryImageOfPage":{"@id":"https:\/\/tajkertesz.com\/termek\/allo-angyal\/#primaryimage"},"image":{"@id":"https:\/\/tajkertesz.com\/termek\/allo-angyal\/#primaryimage"},"thumbnailUrl":"https:\/\/tajkertesz.com\/wp-content\/uploads\/2024\/01\/24-14-15.jpg","datePublished":"2024-01-17T14:09:39+00:00","dateModified":"2026-02-13T15:17:53+00:00","description":"Kar\u00e1csonyi \u00e1ll\u00f3 angyal 30-40 cm egy igaz\u00e1n st\u00edlusos kar\u00e1csonyi dekor\u00e1ci\u00f3. D\u00edsz\u00edtse otthon\u00e1t egy igaz\u00e1n k\u00fcl\u00f6nleges dekor\u00e1ci\u00f3val.","breadcrumb":{"@id":"https:\/\/tajkertesz.com\/termek\/allo-angyal\/#breadcrumb"},"inLanguage":"en-US","potentialAction":[{"@type":"ReadAction","target":["https:\/\/tajkertesz.com\/termek\/allo-angyal\/"]}]},{"@type":"ImageObject","inLanguage":"en-US","@id":"https:\/\/tajkertesz.com\/termek\/allo-angyal\/#primaryimage","url":"https:\/\/tajkertesz.com\/wp-content\/uploads\/2024\/01\/24-14-15.jpg","contentUrl":"https:\/\/tajkertesz.com\/wp-content\/uploads\/2024\/01\/24-14-15.jpg","width":406,"height":904},{"@type":"BreadcrumbList","@id":"https:\/\/tajkertesz.com\/termek\/allo-angyal\/#breadcrumb","itemListElement":[{"@type":"ListItem","position":1,"name":"Home","item":"https:\/\/tajkertesz.com\/"},{"@type":"ListItem","position":2,"name":"Kezd\u0151lap","item":"https:\/\/tajkertesz.com\/"},{"@type":"ListItem","position":3,"name":"Kar\u00e1csonyi \u00e1ll\u00f3 angyal r\u00f3zsasz\u00edn 30-40 cm 25-14-15"}]},{"@type":"WebSite","@id":"https:\/\/tajkertesz.com\/#website","url":"https:\/\/tajkertesz.com\/","name":"T\u00e1j-Kert\u00e9sz 84 Kft.","description":"Kert\u00e9szeti kis- \u00e9s nagykeresked\u00e9s, D\u00edszn\u00f6v\u00e9ny web\u00e1ruh\u00e1z orsz\u00e1gos h\u00e1zhozsz\u00e1ll\u00edt\u00e1ssal!","publisher":{"@id":"https:\/\/tajkertesz.com\/#organization"},"potentialAction":[{"@type":"SearchAction","target":{"@type":"EntryPoint","urlTemplate":"https:\/\/tajkertesz.com\/?s={search_term_string}"},"query-input":{"@type":"PropertyValueSpecification","valueRequired":true,"valueName":"search_term_string"}}],"inLanguage":"en-US"},{"@type":"Organization","@id":"https:\/\/tajkertesz.com\/#organization","name":"T\u00e1j-Kert\u00e9sz 84 Kft.","url":"https:\/\/tajkertesz.com\/","logo":{"@type":"ImageObject","inLanguage":"en-US","@id":"https:\/\/tajkertesz.com\/#\/schema\/logo\/image\/","url":"https:\/\/tajkertesz.com\/wp-content\/uploads\/2018\/02\/logo-2-e1518678052539.png","contentUrl":"https:\/\/tajkertesz.com\/wp-content\/uploads\/2018\/02\/logo-2-e1518678052539.png","width":81,"height":140,"caption":"T\u00e1j-Kert\u00e9sz 84 Kft."},"image":{"@id":"https:\/\/tajkertesz.com\/#\/schema\/logo\/image\/"},"sameAs":["https:\/\/www.facebook.com\/Tajkertesz\/"]}]}},"_links":{"self":[{"href":"https:\/\/tajkertesz.com\/en_US\/wp-json\/wp\/v2\/product\/18556","targetHints":{"allow":["GET"]}}],"collection":[{"href":"https:\/\/tajkertesz.com\/en_US\/wp-json\/wp\/v2\/product"}],"about":[{"href":"https:\/\/tajkertesz.com\/en_US\/wp-json\/wp\/v2\/types\/product"}],"wp:featuredmedia":[{"embeddable":true,"href":"https:\/\/tajkertesz.com\/en_US\/wp-json\/wp\/v2\/media\/18557"}],"wp:attachment":[{"href":"https:\/\/tajkertesz.com\/en_US\/wp-json\/wp\/v2\/media?parent=18556"}],"wp:term":[{"taxonomy":"product_brand","embeddable":true,"href":"https:\/\/tajkertesz.com\/en_US\/wp-json\/wp\/v2\/product_brand?post=18556"},{"taxonomy":"product_cat","embeddable":true,"href":"https:\/\/tajkertesz.com\/en_US\/wp-json\/wp\/v2\/product_cat?post=18556"},{"taxonomy":"product_tag","embeddable":true,"href":"https:\/\/tajkertesz.com\/en_US\/wp-json\/wp\/v2\/product_tag?post=18556"}],"curies":[{"name":"wp","href":"https:\/\/api.w.org\/{rel}","templated":true}]}}