{"id":18569,"date":"2024-01-17T15:39:35","date_gmt":"2024-01-17T15:39:35","guid":{"rendered":"https:\/\/tajkertesz.com\/?post_type=product&#038;p=18569"},"modified":"2026-02-13T15:18:43","modified_gmt":"2026-02-13T15:18:43","slug":"fiskars-plus-metszoollo-mellevago-p521","status":"publish","type":"product","link":"https:\/\/tajkertesz.com\/en_US\/product\/fiskars-plus-metszoollo-mellevago-p521\/","title":{"rendered":"Fiskars Plus\u2122 metsz\u0151oll\u00f3, mell\u00e9v\u00e1g\u00f3 P521"},"content":{"rendered":"<h2>Fiskars Plus\u2122 metsz\u0151oll\u00f3, mell\u00e9v\u00e1g\u00f3 P521<\/h2>\n<p>Fiskars Plus\u2122 metsz\u0151oll\u00f3, mell\u00e9v\u00e1g\u00f3 P521 k\u00e9nyelmes markolattal!<\/p>\n<p>Maxim\u00e1lis v\u00e1g\u00e1si kapacit\u00e1s: 24 mm \u00e1tm\u00e9r\u0151<br \/>\nAz edzett ac\u00e9l penge hosszabb ideig \u00e9les marad<br \/>\nAz alacsony s\u00farl\u00f3d\u00e1s\u00fa k\u00e9sbevonat ellen\u00e1ll a rozsd\u00e1nak \u00e9s jav\u00edtja a teljes\u00edtm\u00e9nyt, egyenletesebb v\u00e1g\u00e1sokat eredm\u00e9nyezve.<br \/>\nAz ergonomikus kialak\u00edt\u00e1s\u00fa FiberComp \u2122 ny\u00e9l illeszkedik a k\u00e9z term\u00e9szetes form\u00e1j\u00e1hoz, \u00e9s a SoftGrip \u2122 markolat k\u00e9nyelmes fog\u00e1st biztos\u00edt.<br \/>\nBypass penge a z\u00f6ld, \u00e9l\u0151 n\u00f6veked\u00e9s tiszta v\u00e1g\u00e1s\u00e1hoz alkalmas.<br \/>\nK\u00f6nnyen nyithat\u00f3, cs\u00fasz\u00f3 z\u00e1r v\u00e9di a peng\u00e9t sz\u00e1ll\u00edt\u00e1s \u00e9s t\u00e1rol\u00e1s k\u00f6zben<br \/>\nTeljesen PVC-mentes anyagokb\u00f3l k\u00e9sz\u00fclt.<\/p>\n<div class=\"data__item col-md-6 col-lg-4 col-xl-6 col-xxl-4 data__item-param\">\n<div class=\"data__item-wrap d-flex flex-wrap h-100 align-items-center\">\n<div id=\"page_artdet_product_param_title_487334\" class=\"data__item-title col-6\">Alkalmaz\u00e1s: N\u00f6v\u00e9nygondoz\u00e1s<\/div>\n<\/div>\n<\/div>\n<div class=\"data__item col-md-6 col-lg-4 col-xl-6 col-xxl-4 data__item-param\">\n<div class=\"data__item-wrap d-flex flex-wrap h-100 align-items-center\">\n<div id=\"page_artdet_product_param_title_487338\" class=\"data__item-title col-6\">Csal\u00e1d: Plus<\/div>\n<\/div>\n<\/div>\n<div class=\"data__item col-md-6 col-lg-4 col-xl-6 col-xxl-4 data__item-param\">\n<div class=\"data__item-wrap d-flex flex-wrap h-100 align-items-center\">\n<div id=\"page_artdet_product_param_title_487342\" class=\"data__item-title col-6\">Funkci\u00f3: Mell\u00e9v\u00e1g\u00f3<\/div>\n<\/div>\n<\/div>\n<div class=\"data__item col-md-6 col-lg-4 col-xl-6 col-xxl-4 data__item-sku\">\n<div class=\"data__item-wrap d-flex flex-wrap h-100 align-items-center\">\n<div class=\"data__item-title col-6\">Cikksz\u00e1m: 1057167<\/div>\n<\/div>\n<\/div>\n<p>El\u00e9rhet\u0151 t\u00f6bbf\u00e9le m\u00e9retben \u00e9s \u00e1rban.<\/p>\n<p><strong>K\u00e9szlet\u00fcnk napi szinten v\u00e1ltozik, ez\u00e9rt k\u00e9rj\u00fck, \u00e9rdekl\u0151dj\u00f6n szem\u00e9lyesen, telefonon vagy email-en.<br \/>\nA v\u00e1ltoztat\u00e1s jog\u00e1t fenntartjuk!\u00a0<\/strong><\/p>\n<p>&nbsp;<\/p>\n<p><a href=\"https:\/\/tajkertesz.com\/\">https:\/\/tajkertesz.com\/<\/a><\/p>\n<p><a href=\"https:\/\/www.facebook.com\/tajkertesz\/\">https:\/\/www.facebook.com\/tajkertesz\/<\/a><\/p>\n<p>Kisz\u00e1ll\u00edt\u00e1s: 200cm-ig \u00a0\u00e9s 40 kg-ig a sz\u00e1ll\u00edt\u00e1s fut\u00e1rszolg\u00e1lattal \u00a0t\u00f6rt\u00e9nik.<\/p>\n<p>Szem\u00e9lyes \u00e1tv\u00e9tel nyitvatart\u00e1si id\u0151ben a 17. ker\u00fclet Bakancsos utca 7. sz\u00e1m alatti Kert\u00e9szeti \u00e1rud\u00e1ban.<\/p>\n<h6><span style=\"color: #ffffff;\">Maxim\u00e1lis v\u00e1g\u00e1si kapacit\u00e1s: 24 mm \u00e1tm\u00e9r\u0151<\/span><br \/>\n<span style=\"color: #ffffff;\">Az edzett ac\u00e9l penge hosszabb ideig \u00e9les marad<\/span><br \/>\n<span style=\"color: #ffffff;\">Az alacsony s\u00farl\u00f3d\u00e1s\u00fa k\u00e9sbevonat ellen\u00e1ll a rozsd\u00e1nak \u00e9s jav\u00edtja a teljes\u00edtm\u00e9nyt, egyenletesebb v\u00e1g\u00e1sokat eredm\u00e9nyezve.<\/span><br \/>\n<span style=\"color: #ffffff;\">Az ergonomikus kialak\u00edt\u00e1s\u00fa FiberComp \u2122 ny\u00e9l illeszkedik a k\u00e9z term\u00e9szetes form\u00e1j\u00e1hoz, \u00e9s a SoftGrip \u2122 markolat k\u00e9nyelmes fog\u00e1st biztos\u00edt.<\/span><br \/>\n<span style=\"color: #ffffff;\">Bypass penge a z\u00f6ld, \u00e9l\u0151 n\u00f6veked\u00e9s tiszta v\u00e1g\u00e1s\u00e1hoz alkalmas.<\/span><br \/>\n<span style=\"color: #ffffff;\">K\u00f6nnyen nyithat\u00f3, cs\u00fasz\u00f3 z\u00e1r v\u00e9di a peng\u00e9t sz\u00e1ll\u00edt\u00e1s \u00e9s t\u00e1rol\u00e1s k\u00f6zben<\/span><br \/>\n<span style=\"color: #ffffff;\">Teljesen PVC-mentes anyagokb\u00f3l k\u00e9sz\u00fclt.<\/span><\/h6>","protected":false},"excerpt":{"rendered":"<h2>Fiskars Plus\u2122 metsz\u0151oll\u00f3, mell\u00e9v\u00e1g\u00f3 P521<\/h2>\n<p>K\u00e9nyelmes markolat&#8230;<br \/>\nMaxim\u00e1lis v\u00e1g\u00e1si kapacit\u00e1s: 24 mm \u00e1tm\u00e9r\u0151&#8230;<\/p>\n<p><strong>K\u00e9szlet\u00fcnk napi szinten v\u00e1ltozik, ez\u00e9rt k\u00e9rj\u00fck, \u00e9rdekl\u0151dj\u00f6n szem\u00e9lyesen, telefonon vagy email-en.<br \/>\nA v\u00e1ltoztat\u00e1s jog\u00e1t fenntartjuk!\u00a0<\/strong><\/p>","protected":false},"featured_media":18570,"template":"","meta":{"_et_pb_use_builder":"","_et_pb_old_content":"","_et_gb_content_width":""},"product_brand":[],"product_cat":[4576],"product_tag":[116,114,4565],"class_list":{"0":"post-18569","1":"product","2":"type-product","3":"status-publish","4":"has-post-thumbnail","6":"product_cat-fiskars-metszoollok","7":"product_tag-fiskars","8":"product_tag-metszoollo","9":"product_tag-szerszam","11":"first","12":"instock","13":"shipping-taxable","14":"purchasable","15":"product-type-simple"},"yoast_head":"<!-- This site is optimized with the Yoast SEO plugin v27.4 - https:\/\/yoast.com\/product\/yoast-seo-wordpress\/ -->\n<title>Fiskars Plus\u2122 metsz\u0151oll\u00f3, mell\u00e9v\u00e1g\u00f3 P521 - T\u00e1jkert\u00e9sz<\/title>\n<meta name=\"description\" content=\"Fiskars Plus\u2122 metsz\u0151oll\u00f3, mell\u00e9v\u00e1g\u00f3 P521. Bypass penge a z\u00f6ld, \u00e9l\u0151 n\u00f6veked\u00e9s tiszta v\u00e1g\u00e1s\u00e1hoz alkalmas.K\u00f6nnyen nyithat\u00f3, cs\u00fasz\u00f3 z\u00e1r v\u00e9di a peng\u00e9t sz\u00e1ll\u00edt\u00e1s\" \/>\n<meta name=\"robots\" content=\"index, follow, max-snippet:-1, max-image-preview:large, max-video-preview:-1\" \/>\n<link rel=\"canonical\" href=\"https:\/\/tajkertesz.com\/en_US\/product\/fiskars-plus-metszoollo-mellevago-p521\/\" \/>\n<meta property=\"og:locale\" content=\"en_US\" \/>\n<meta property=\"og:type\" content=\"article\" \/>\n<meta property=\"og:title\" content=\"Fiskars Plus\u2122 metsz\u0151oll\u00f3, mell\u00e9v\u00e1g\u00f3 P521 - T\u00e1jkert\u00e9sz\" \/>\n<meta property=\"og:description\" content=\"Fiskars Plus\u2122 metsz\u0151oll\u00f3, mell\u00e9v\u00e1g\u00f3 P521. Bypass penge a z\u00f6ld, \u00e9l\u0151 n\u00f6veked\u00e9s tiszta v\u00e1g\u00e1s\u00e1hoz alkalmas.K\u00f6nnyen nyithat\u00f3, cs\u00fasz\u00f3 z\u00e1r v\u00e9di a peng\u00e9t sz\u00e1ll\u00edt\u00e1s\" \/>\n<meta property=\"og:url\" content=\"https:\/\/tajkertesz.com\/en_US\/product\/fiskars-plus-metszoollo-mellevago-p521\/\" \/>\n<meta property=\"og:site_name\" content=\"T\u00e1jkert\u00e9sz\" \/>\n<meta property=\"article:publisher\" content=\"https:\/\/www.facebook.com\/Tajkertesz\/\" \/>\n<meta property=\"article:modified_time\" content=\"2026-02-13T15:18:43+00:00\" \/>\n<meta property=\"og:image\" content=\"https:\/\/tajkertesz.com\/wp-content\/uploads\/2024\/01\/1057167.jpg\" \/>\n\t<meta property=\"og:image:width\" content=\"1000\" \/>\n\t<meta property=\"og:image:height\" content=\"1000\" \/>\n\t<meta property=\"og:image:type\" content=\"image\/jpeg\" \/>\n<meta name=\"twitter:card\" content=\"summary_large_image\" \/>\n<meta name=\"twitter:label1\" content=\"Est. reading time\" \/>\n\t<meta name=\"twitter:data1\" content=\"2 minutes\" \/>\n<script type=\"application\/ld+json\" class=\"yoast-schema-graph\">{\"@context\":\"https:\\\/\\\/schema.org\",\"@graph\":[{\"@type\":\"WebPage\",\"@id\":\"https:\\\/\\\/tajkertesz.com\\\/termek\\\/fiskars-plus-metszoollo-mellevago-p521\\\/\",\"url\":\"https:\\\/\\\/tajkertesz.com\\\/termek\\\/fiskars-plus-metszoollo-mellevago-p521\\\/\",\"name\":\"Fiskars Plus\u2122 metsz\u0151oll\u00f3, mell\u00e9v\u00e1g\u00f3 P521 - T\u00e1jkert\u00e9sz\",\"isPartOf\":{\"@id\":\"https:\\\/\\\/tajkertesz.com\\\/#website\"},\"primaryImageOfPage\":{\"@id\":\"https:\\\/\\\/tajkertesz.com\\\/termek\\\/fiskars-plus-metszoollo-mellevago-p521\\\/#primaryimage\"},\"image\":{\"@id\":\"https:\\\/\\\/tajkertesz.com\\\/termek\\\/fiskars-plus-metszoollo-mellevago-p521\\\/#primaryimage\"},\"thumbnailUrl\":\"https:\\\/\\\/tajkertesz.com\\\/wp-content\\\/uploads\\\/2024\\\/01\\\/1057167.jpg\",\"datePublished\":\"2024-01-17T15:39:35+00:00\",\"dateModified\":\"2026-02-13T15:18:43+00:00\",\"description\":\"Fiskars Plus\u2122 metsz\u0151oll\u00f3, mell\u00e9v\u00e1g\u00f3 P521. Bypass penge a z\u00f6ld, \u00e9l\u0151 n\u00f6veked\u00e9s tiszta v\u00e1g\u00e1s\u00e1hoz alkalmas.K\u00f6nnyen nyithat\u00f3, cs\u00fasz\u00f3 z\u00e1r v\u00e9di a peng\u00e9t sz\u00e1ll\u00edt\u00e1s\",\"breadcrumb\":{\"@id\":\"https:\\\/\\\/tajkertesz.com\\\/termek\\\/fiskars-plus-metszoollo-mellevago-p521\\\/#breadcrumb\"},\"inLanguage\":\"en-US\",\"potentialAction\":[{\"@type\":\"ReadAction\",\"target\":[\"https:\\\/\\\/tajkertesz.com\\\/termek\\\/fiskars-plus-metszoollo-mellevago-p521\\\/\"]}]},{\"@type\":\"ImageObject\",\"inLanguage\":\"en-US\",\"@id\":\"https:\\\/\\\/tajkertesz.com\\\/termek\\\/fiskars-plus-metszoollo-mellevago-p521\\\/#primaryimage\",\"url\":\"https:\\\/\\\/tajkertesz.com\\\/wp-content\\\/uploads\\\/2024\\\/01\\\/1057167.jpg\",\"contentUrl\":\"https:\\\/\\\/tajkertesz.com\\\/wp-content\\\/uploads\\\/2024\\\/01\\\/1057167.jpg\",\"width\":1000,\"height\":1000},{\"@type\":\"BreadcrumbList\",\"@id\":\"https:\\\/\\\/tajkertesz.com\\\/termek\\\/fiskars-plus-metszoollo-mellevago-p521\\\/#breadcrumb\",\"itemListElement\":[{\"@type\":\"ListItem\",\"position\":1,\"name\":\"Home\",\"item\":\"https:\\\/\\\/tajkertesz.com\\\/\"},{\"@type\":\"ListItem\",\"position\":2,\"name\":\"Kezd\u0151lap\",\"item\":\"https:\\\/\\\/tajkertesz.com\\\/\"},{\"@type\":\"ListItem\",\"position\":3,\"name\":\"Fiskars Plus\u2122 metsz\u0151oll\u00f3, mell\u00e9v\u00e1g\u00f3 P521\"}]},{\"@type\":\"WebSite\",\"@id\":\"https:\\\/\\\/tajkertesz.com\\\/#website\",\"url\":\"https:\\\/\\\/tajkertesz.com\\\/\",\"name\":\"T\u00e1j-Kert\u00e9sz 84 Kft.\",\"description\":\"Kert\u00e9szeti kis- \u00e9s nagykeresked\u00e9s, D\u00edszn\u00f6v\u00e9ny web\u00e1ruh\u00e1z orsz\u00e1gos h\u00e1zhozsz\u00e1ll\u00edt\u00e1ssal!\",\"publisher\":{\"@id\":\"https:\\\/\\\/tajkertesz.com\\\/#organization\"},\"potentialAction\":[{\"@type\":\"SearchAction\",\"target\":{\"@type\":\"EntryPoint\",\"urlTemplate\":\"https:\\\/\\\/tajkertesz.com\\\/?s={search_term_string}\"},\"query-input\":{\"@type\":\"PropertyValueSpecification\",\"valueRequired\":true,\"valueName\":\"search_term_string\"}}],\"inLanguage\":\"en-US\"},{\"@type\":\"Organization\",\"@id\":\"https:\\\/\\\/tajkertesz.com\\\/#organization\",\"name\":\"T\u00e1j-Kert\u00e9sz 84 Kft.\",\"url\":\"https:\\\/\\\/tajkertesz.com\\\/\",\"logo\":{\"@type\":\"ImageObject\",\"inLanguage\":\"en-US\",\"@id\":\"https:\\\/\\\/tajkertesz.com\\\/#\\\/schema\\\/logo\\\/image\\\/\",\"url\":\"https:\\\/\\\/tajkertesz.com\\\/wp-content\\\/uploads\\\/2018\\\/02\\\/logo-2-e1518678052539.png\",\"contentUrl\":\"https:\\\/\\\/tajkertesz.com\\\/wp-content\\\/uploads\\\/2018\\\/02\\\/logo-2-e1518678052539.png\",\"width\":81,\"height\":140,\"caption\":\"T\u00e1j-Kert\u00e9sz 84 Kft.\"},\"image\":{\"@id\":\"https:\\\/\\\/tajkertesz.com\\\/#\\\/schema\\\/logo\\\/image\\\/\"},\"sameAs\":[\"https:\\\/\\\/www.facebook.com\\\/Tajkertesz\\\/\"]}]}<\/script>\n<!-- \/ Yoast SEO plugin. -->","yoast_head_json":{"title":"Fiskars Plus\u2122 metsz\u0151oll\u00f3, mell\u00e9v\u00e1g\u00f3 P521 - T\u00e1jkert\u00e9sz","description":"Fiskars Plus\u2122 metsz\u0151oll\u00f3, mell\u00e9v\u00e1g\u00f3 P521. Bypass penge a z\u00f6ld, \u00e9l\u0151 n\u00f6veked\u00e9s tiszta v\u00e1g\u00e1s\u00e1hoz alkalmas.K\u00f6nnyen nyithat\u00f3, cs\u00fasz\u00f3 z\u00e1r v\u00e9di a peng\u00e9t sz\u00e1ll\u00edt\u00e1s","robots":{"index":"index","follow":"follow","max-snippet":"max-snippet:-1","max-image-preview":"max-image-preview:large","max-video-preview":"max-video-preview:-1"},"canonical":"https:\/\/tajkertesz.com\/en_US\/product\/fiskars-plus-metszoollo-mellevago-p521\/","og_locale":"en_US","og_type":"article","og_title":"Fiskars Plus\u2122 metsz\u0151oll\u00f3, mell\u00e9v\u00e1g\u00f3 P521 - T\u00e1jkert\u00e9sz","og_description":"Fiskars Plus\u2122 metsz\u0151oll\u00f3, mell\u00e9v\u00e1g\u00f3 P521. Bypass penge a z\u00f6ld, \u00e9l\u0151 n\u00f6veked\u00e9s tiszta v\u00e1g\u00e1s\u00e1hoz alkalmas.K\u00f6nnyen nyithat\u00f3, cs\u00fasz\u00f3 z\u00e1r v\u00e9di a peng\u00e9t sz\u00e1ll\u00edt\u00e1s","og_url":"https:\/\/tajkertesz.com\/en_US\/product\/fiskars-plus-metszoollo-mellevago-p521\/","og_site_name":"T\u00e1jkert\u00e9sz","article_publisher":"https:\/\/www.facebook.com\/Tajkertesz\/","article_modified_time":"2026-02-13T15:18:43+00:00","og_image":[{"width":1000,"height":1000,"url":"https:\/\/tajkertesz.com\/wp-content\/uploads\/2024\/01\/1057167.jpg","type":"image\/jpeg"}],"twitter_card":"summary_large_image","twitter_misc":{"Est. reading time":"2 minutes"},"schema":{"@context":"https:\/\/schema.org","@graph":[{"@type":"WebPage","@id":"https:\/\/tajkertesz.com\/termek\/fiskars-plus-metszoollo-mellevago-p521\/","url":"https:\/\/tajkertesz.com\/termek\/fiskars-plus-metszoollo-mellevago-p521\/","name":"Fiskars Plus\u2122 metsz\u0151oll\u00f3, mell\u00e9v\u00e1g\u00f3 P521 - T\u00e1jkert\u00e9sz","isPartOf":{"@id":"https:\/\/tajkertesz.com\/#website"},"primaryImageOfPage":{"@id":"https:\/\/tajkertesz.com\/termek\/fiskars-plus-metszoollo-mellevago-p521\/#primaryimage"},"image":{"@id":"https:\/\/tajkertesz.com\/termek\/fiskars-plus-metszoollo-mellevago-p521\/#primaryimage"},"thumbnailUrl":"https:\/\/tajkertesz.com\/wp-content\/uploads\/2024\/01\/1057167.jpg","datePublished":"2024-01-17T15:39:35+00:00","dateModified":"2026-02-13T15:18:43+00:00","description":"Fiskars Plus\u2122 metsz\u0151oll\u00f3, mell\u00e9v\u00e1g\u00f3 P521. Bypass penge a z\u00f6ld, \u00e9l\u0151 n\u00f6veked\u00e9s tiszta v\u00e1g\u00e1s\u00e1hoz alkalmas.K\u00f6nnyen nyithat\u00f3, cs\u00fasz\u00f3 z\u00e1r v\u00e9di a peng\u00e9t sz\u00e1ll\u00edt\u00e1s","breadcrumb":{"@id":"https:\/\/tajkertesz.com\/termek\/fiskars-plus-metszoollo-mellevago-p521\/#breadcrumb"},"inLanguage":"en-US","potentialAction":[{"@type":"ReadAction","target":["https:\/\/tajkertesz.com\/termek\/fiskars-plus-metszoollo-mellevago-p521\/"]}]},{"@type":"ImageObject","inLanguage":"en-US","@id":"https:\/\/tajkertesz.com\/termek\/fiskars-plus-metszoollo-mellevago-p521\/#primaryimage","url":"https:\/\/tajkertesz.com\/wp-content\/uploads\/2024\/01\/1057167.jpg","contentUrl":"https:\/\/tajkertesz.com\/wp-content\/uploads\/2024\/01\/1057167.jpg","width":1000,"height":1000},{"@type":"BreadcrumbList","@id":"https:\/\/tajkertesz.com\/termek\/fiskars-plus-metszoollo-mellevago-p521\/#breadcrumb","itemListElement":[{"@type":"ListItem","position":1,"name":"Home","item":"https:\/\/tajkertesz.com\/"},{"@type":"ListItem","position":2,"name":"Kezd\u0151lap","item":"https:\/\/tajkertesz.com\/"},{"@type":"ListItem","position":3,"name":"Fiskars Plus\u2122 metsz\u0151oll\u00f3, mell\u00e9v\u00e1g\u00f3 P521"}]},{"@type":"WebSite","@id":"https:\/\/tajkertesz.com\/#website","url":"https:\/\/tajkertesz.com\/","name":"T\u00e1j-Kert\u00e9sz 84 Kft.","description":"Kert\u00e9szeti kis- \u00e9s nagykeresked\u00e9s, D\u00edszn\u00f6v\u00e9ny web\u00e1ruh\u00e1z orsz\u00e1gos h\u00e1zhozsz\u00e1ll\u00edt\u00e1ssal!","publisher":{"@id":"https:\/\/tajkertesz.com\/#organization"},"potentialAction":[{"@type":"SearchAction","target":{"@type":"EntryPoint","urlTemplate":"https:\/\/tajkertesz.com\/?s={search_term_string}"},"query-input":{"@type":"PropertyValueSpecification","valueRequired":true,"valueName":"search_term_string"}}],"inLanguage":"en-US"},{"@type":"Organization","@id":"https:\/\/tajkertesz.com\/#organization","name":"T\u00e1j-Kert\u00e9sz 84 Kft.","url":"https:\/\/tajkertesz.com\/","logo":{"@type":"ImageObject","inLanguage":"en-US","@id":"https:\/\/tajkertesz.com\/#\/schema\/logo\/image\/","url":"https:\/\/tajkertesz.com\/wp-content\/uploads\/2018\/02\/logo-2-e1518678052539.png","contentUrl":"https:\/\/tajkertesz.com\/wp-content\/uploads\/2018\/02\/logo-2-e1518678052539.png","width":81,"height":140,"caption":"T\u00e1j-Kert\u00e9sz 84 Kft."},"image":{"@id":"https:\/\/tajkertesz.com\/#\/schema\/logo\/image\/"},"sameAs":["https:\/\/www.facebook.com\/Tajkertesz\/"]}]}},"_links":{"self":[{"href":"https:\/\/tajkertesz.com\/en_US\/wp-json\/wp\/v2\/product\/18569","targetHints":{"allow":["GET"]}}],"collection":[{"href":"https:\/\/tajkertesz.com\/en_US\/wp-json\/wp\/v2\/product"}],"about":[{"href":"https:\/\/tajkertesz.com\/en_US\/wp-json\/wp\/v2\/types\/product"}],"wp:featuredmedia":[{"embeddable":true,"href":"https:\/\/tajkertesz.com\/en_US\/wp-json\/wp\/v2\/media\/18570"}],"wp:attachment":[{"href":"https:\/\/tajkertesz.com\/en_US\/wp-json\/wp\/v2\/media?parent=18569"}],"wp:term":[{"taxonomy":"product_brand","embeddable":true,"href":"https:\/\/tajkertesz.com\/en_US\/wp-json\/wp\/v2\/product_brand?post=18569"},{"taxonomy":"product_cat","embeddable":true,"href":"https:\/\/tajkertesz.com\/en_US\/wp-json\/wp\/v2\/product_cat?post=18569"},{"taxonomy":"product_tag","embeddable":true,"href":"https:\/\/tajkertesz.com\/en_US\/wp-json\/wp\/v2\/product_tag?post=18569"}],"curies":[{"name":"wp","href":"https:\/\/api.w.org\/{rel}","templated":true}]}}