{"id":18594,"date":"2024-01-18T10:33:07","date_gmt":"2024-01-18T10:33:07","guid":{"rendered":"https:\/\/tajkertesz.com\/?post_type=product&#038;p=18594"},"modified":"2026-02-13T15:22:18","modified_gmt":"2026-02-13T15:22:18","slug":"fiskars-ujrahasznositott-altalanos-ollo-21-cm","status":"publish","type":"product","link":"https:\/\/tajkertesz.com\/en_US\/product\/fiskars-ujrahasznositott-altalanos-ollo-21-cm\/","title":{"rendered":"Fiskars \u00fajrahasznos\u00edtott \u00c1ltal\u00e1nos Oll\u00f3, 21 cm"},"content":{"rendered":"<h2>Fiskars \u00fajrahasznos\u00edtott \u00c1ltal\u00e1nos Oll\u00f3, 21 cm<\/h2>\n<p>Fiskars \u00fajrahasznos\u00edtott \u00c1ltal\u00e1nos Oll\u00f3, 21 cm<\/p>\n<p>A Fiskars \u00fajrahasznos\u00edtott oll\u00f3 a fenntarthat\u00f3s\u00e1g szellem\u00e9ben k\u00e9sz\u00fclt, k\u00f6rnyezetbar\u00e1tabb v\u00e1laszt\u00e1st biztos\u00edtva napjaink v\u00e1g\u00e1si ig\u00e9nyeihez.<\/p>\n<p>A Fiskars t\u00f6bbi term\u00e9k\u00e9hez hasonl\u00f3an valamennyi \u00fajrahasznos\u00edtott oll\u00f3 is tart\u00f3s haszn\u00e1latra k\u00e9sz\u00fcl. Az \u00fajrahasznos\u00edtott anyagokb\u00f3l (78%) \u00e9s cellul\u00f3zrostb\u00f3l (15%) k\u00e9sz\u00fclt oll\u00f3 100%-ban \u00fajrahasznos\u00edthat\u00f3. Ergonomikus markolata miatt rendk\u00edv\u00fcl k\u00e9nyelmes, tart\u00f3s, rozsdamentes ac\u00e9lb\u00f3l k\u00e9sz\u00fclt peng\u00e9i pedig a hosszan tart\u00f3 \u00e9less\u00e9get garant\u00e1lj\u00e1k. Az oll\u00f3 finn gy\u00e1rtm\u00e1ny \u00e9s minden egyes darabot a legjobb min\u0151s\u00e9g \u00e9s v\u00e1g\u00e1steljes\u00edtm\u00e9ny \u00e9rdek\u00e9ben k\u00e9zzel ellen\u0151riznek. A jobb kezes haszn\u00e1latra k\u00e9sz\u00fclt \u00fajrahasznos\u00edtott oll\u00f3ink 21\u00a0cm hossz\u00faak, \u00e9s 100%-ban \u00fajrahasznos\u00edtott, pap\u00edrsz\u00e1lb\u00f3l k\u00e9sz\u00fclt csomagol\u00e1sban ker\u00fclnek a fogyaszt\u00f3khoz.<\/p>\n<p>1. A fenntarthat\u00f3 v\u00e1laszt\u00e1s valamennyi h\u00e1ztart\u00e1si v\u00e1g\u00e1si feladatho<br \/>\n2. Az oll\u00f3 \u00fajrahasznos\u00edtott anyagokb\u00f3l (\u00f6sszesen 78%) \u00e9s cellul\u00f3zrostb\u00f3l (\u00f6sszesen 15%) k\u00e9sz\u00fcl<br \/>\n3. 100%-ban \u00fajrahasznos\u00edthat\u00f3<br \/>\n4. T\u00f6k\u00e9letes k\u00e9nyelem \u00e9s v\u00e1g\u00e1si teljes\u00edtm\u00e9ny<br \/>\n5. Finn term\u00e9k, k\u00e9zzel tesztelt<\/p>\n<p>&nbsp;<\/p>\n<p>El\u00e9rhet\u0151 t\u00f6bbf\u00e9le m\u00e9retben \u00e9s \u00e1rban.<\/p>\n<p><strong>K\u00e9szlet\u00fcnk napi szinten v\u00e1ltozik, ez\u00e9rt k\u00e9rj\u00fck, \u00e9rdekl\u0151dj\u00f6n szem\u00e9lyesen, telefonon vagy email-en.<br \/>\nA v\u00e1ltoztat\u00e1s jog\u00e1t fenntartjuk!\u00a0<\/strong><\/p>\n<p>&nbsp;<\/p>\n<p><a href=\"https:\/\/tajkertesz.com\/\">https:\/\/tajkertesz.com\/<\/a><\/p>\n<p><a href=\"https:\/\/www.facebook.com\/tajkertesz\/\">https:\/\/www.facebook.com\/tajkertesz\/<\/a><\/p>\n<p>Kisz\u00e1ll\u00edt\u00e1s: 200cm-ig \u00a0\u00e9s 40 kg-ig a sz\u00e1ll\u00edt\u00e1s fut\u00e1rszolg\u00e1lattal \u00a0t\u00f6rt\u00e9nik.<\/p>\n<p>Szem\u00e9lyes \u00e1tv\u00e9tel nyitvatart\u00e1si id\u0151ben a 17. ker\u00fclet Bakancsos utca 7. sz\u00e1m alatti Kert\u00e9szeti \u00e1rud\u00e1ban.<\/p>\n<p>&nbsp;<\/p>\n<h6><span style=\"color: #ffffff;\">Fiskars \u00fajrahasznos\u00edtott \u00c1ltal\u00e1nos Oll\u00f3, 21 cmA Fiskars \u00fajrahasznos\u00edtott oll\u00f3 a fenntarthat\u00f3s\u00e1g szellem\u00e9ben k\u00e9sz\u00fclt, k\u00f6rnyezetbar\u00e1tabb v\u00e1laszt\u00e1st biztos\u00edtva napjaink v\u00e1g\u00e1si ig\u00e9nyeihez.A Fiskars t\u00f6bbi term\u00e9k\u00e9hez hasonl\u00f3an valamennyi \u00fajrahasznos\u00edtott oll\u00f3 is tart\u00f3s haszn\u00e1latra k\u00e9sz\u00fcl. Az \u00fajrahasznos\u00edtott anyagokb\u00f3l (78%) \u00e9s cellul\u00f3zrostb\u00f3l (15%) k\u00e9sz\u00fclt oll\u00f3 100%-ban \u00fajrahasznos\u00edthat\u00f3. Ergonomikus markolata miatt rendk\u00edv\u00fcl k\u00e9nyelmes, tart\u00f3s, rozsdamentes ac\u00e9lb\u00f3l k\u00e9sz\u00fclt peng\u00e9i pedig a hosszan tart\u00f3 \u00e9less\u00e9get garant\u00e1lj\u00e1k.\u00a0<\/span><\/h6>","protected":false},"excerpt":{"rendered":"<h2>Fiskars \u00fajrahasznos\u00edtott \u00c1ltal\u00e1nos Oll\u00f3, 21 cm<\/h2>\n<p>A Fiskars \u00fajrahasznos\u00edtott oll\u00f3 a fenntarthat\u00f3s\u00e1g szellem\u00e9ben k\u00e9sz\u00fclt, k\u00f6rnyezetbar\u00e1tabb v\u00e1laszt\u00e1st biztos\u00edtva napjaink v\u00e1g\u00e1si ig\u00e9nyeihez&#8230;<\/p>\n<p><strong>K\u00e9szlet\u00fcnk napi szinten v\u00e1ltozik, ez\u00e9rt k\u00e9rj\u00fck, \u00e9rdekl\u0151dj\u00f6n szem\u00e9lyesen, telefonon vagy email-en.<br \/>\nA v\u00e1ltoztat\u00e1s jog\u00e1t fenntartjuk!\u00a0<\/strong><\/p>\n<p>&nbsp;<\/p>","protected":false},"featured_media":18596,"template":"","meta":{"_et_pb_use_builder":"","_et_pb_old_content":"","_et_gb_content_width":""},"product_brand":[],"product_cat":[4617],"product_tag":[116,1032,1159],"class_list":{"0":"post-18594","1":"product","2":"type-product","3":"status-publish","4":"has-post-thumbnail","6":"product_cat-fiskars-haztartasi-termekek","7":"product_tag-fiskars","8":"product_tag-ollo","9":"product_tag-ujrahasznositott","11":"first","12":"instock","13":"shipping-taxable","14":"purchasable","15":"product-type-simple"},"yoast_head":"<!-- This site is optimized with the Yoast SEO plugin v27.4 - https:\/\/yoast.com\/product\/yoast-seo-wordpress\/ -->\n<title>Fiskars \u00fajrahasznos\u00edtott \u00c1ltal\u00e1nos Oll\u00f3, 21 cm - T\u00e1jkert\u00e9sz<\/title>\n<meta name=\"description\" content=\"Fiskars \u00fajrahasznos\u00edtott \u00c1ltal\u00e1nos Oll\u00f3, 21 cm. A Fiskars \u00fajrahasznos\u00edtott oll\u00f3 a fenntarthat\u00f3s\u00e1g szellem\u00e9ben k\u00e9sz\u00fclt, k\u00f6rnyezetbar\u00e1tabb v\u00e1laszt\u00e1st...\" \/>\n<meta name=\"robots\" content=\"index, follow, max-snippet:-1, max-image-preview:large, max-video-preview:-1\" \/>\n<link rel=\"canonical\" href=\"https:\/\/tajkertesz.com\/en_US\/product\/fiskars-ujrahasznositott-altalanos-ollo-21-cm\/\" \/>\n<meta property=\"og:locale\" content=\"en_US\" \/>\n<meta property=\"og:type\" content=\"article\" \/>\n<meta property=\"og:title\" content=\"Fiskars \u00fajrahasznos\u00edtott \u00c1ltal\u00e1nos Oll\u00f3, 21 cm - T\u00e1jkert\u00e9sz\" \/>\n<meta property=\"og:description\" content=\"Fiskars \u00fajrahasznos\u00edtott \u00c1ltal\u00e1nos Oll\u00f3, 21 cm. A Fiskars \u00fajrahasznos\u00edtott oll\u00f3 a fenntarthat\u00f3s\u00e1g szellem\u00e9ben k\u00e9sz\u00fclt, k\u00f6rnyezetbar\u00e1tabb v\u00e1laszt\u00e1st...\" \/>\n<meta property=\"og:url\" content=\"https:\/\/tajkertesz.com\/en_US\/product\/fiskars-ujrahasznositott-altalanos-ollo-21-cm\/\" \/>\n<meta property=\"og:site_name\" content=\"T\u00e1jkert\u00e9sz\" \/>\n<meta property=\"article:publisher\" content=\"https:\/\/www.facebook.com\/Tajkertesz\/\" \/>\n<meta property=\"article:modified_time\" content=\"2026-02-13T15:22:18+00:00\" \/>\n<meta property=\"og:image\" content=\"https:\/\/tajkertesz.com\/wp-content\/uploads\/2024\/01\/1058094-2.jpg\" \/>\n\t<meta property=\"og:image:width\" content=\"496\" \/>\n\t<meta property=\"og:image:height\" content=\"664\" \/>\n\t<meta property=\"og:image:type\" content=\"image\/jpeg\" \/>\n<meta name=\"twitter:card\" content=\"summary_large_image\" \/>\n<meta name=\"twitter:label1\" content=\"Est. reading time\" \/>\n\t<meta name=\"twitter:data1\" content=\"2 minutes\" \/>\n<script type=\"application\/ld+json\" class=\"yoast-schema-graph\">{\"@context\":\"https:\\\/\\\/schema.org\",\"@graph\":[{\"@type\":\"WebPage\",\"@id\":\"https:\\\/\\\/tajkertesz.com\\\/termek\\\/fiskars-ujrahasznositott-altalanos-ollo-21-cm\\\/\",\"url\":\"https:\\\/\\\/tajkertesz.com\\\/termek\\\/fiskars-ujrahasznositott-altalanos-ollo-21-cm\\\/\",\"name\":\"Fiskars \u00fajrahasznos\u00edtott \u00c1ltal\u00e1nos Oll\u00f3, 21 cm - T\u00e1jkert\u00e9sz\",\"isPartOf\":{\"@id\":\"https:\\\/\\\/tajkertesz.com\\\/#website\"},\"primaryImageOfPage\":{\"@id\":\"https:\\\/\\\/tajkertesz.com\\\/termek\\\/fiskars-ujrahasznositott-altalanos-ollo-21-cm\\\/#primaryimage\"},\"image\":{\"@id\":\"https:\\\/\\\/tajkertesz.com\\\/termek\\\/fiskars-ujrahasznositott-altalanos-ollo-21-cm\\\/#primaryimage\"},\"thumbnailUrl\":\"https:\\\/\\\/tajkertesz.com\\\/wp-content\\\/uploads\\\/2024\\\/01\\\/1058094-2.jpg\",\"datePublished\":\"2024-01-18T10:33:07+00:00\",\"dateModified\":\"2026-02-13T15:22:18+00:00\",\"description\":\"Fiskars \u00fajrahasznos\u00edtott \u00c1ltal\u00e1nos Oll\u00f3, 21 cm. A Fiskars \u00fajrahasznos\u00edtott oll\u00f3 a fenntarthat\u00f3s\u00e1g szellem\u00e9ben k\u00e9sz\u00fclt, k\u00f6rnyezetbar\u00e1tabb v\u00e1laszt\u00e1st...\",\"breadcrumb\":{\"@id\":\"https:\\\/\\\/tajkertesz.com\\\/termek\\\/fiskars-ujrahasznositott-altalanos-ollo-21-cm\\\/#breadcrumb\"},\"inLanguage\":\"en-US\",\"potentialAction\":[{\"@type\":\"ReadAction\",\"target\":[\"https:\\\/\\\/tajkertesz.com\\\/termek\\\/fiskars-ujrahasznositott-altalanos-ollo-21-cm\\\/\"]}]},{\"@type\":\"ImageObject\",\"inLanguage\":\"en-US\",\"@id\":\"https:\\\/\\\/tajkertesz.com\\\/termek\\\/fiskars-ujrahasznositott-altalanos-ollo-21-cm\\\/#primaryimage\",\"url\":\"https:\\\/\\\/tajkertesz.com\\\/wp-content\\\/uploads\\\/2024\\\/01\\\/1058094-2.jpg\",\"contentUrl\":\"https:\\\/\\\/tajkertesz.com\\\/wp-content\\\/uploads\\\/2024\\\/01\\\/1058094-2.jpg\",\"width\":496,\"height\":664},{\"@type\":\"BreadcrumbList\",\"@id\":\"https:\\\/\\\/tajkertesz.com\\\/termek\\\/fiskars-ujrahasznositott-altalanos-ollo-21-cm\\\/#breadcrumb\",\"itemListElement\":[{\"@type\":\"ListItem\",\"position\":1,\"name\":\"Home\",\"item\":\"https:\\\/\\\/tajkertesz.com\\\/\"},{\"@type\":\"ListItem\",\"position\":2,\"name\":\"Kezd\u0151lap\",\"item\":\"https:\\\/\\\/tajkertesz.com\\\/\"},{\"@type\":\"ListItem\",\"position\":3,\"name\":\"Fiskars \u00fajrahasznos\u00edtott \u00c1ltal\u00e1nos Oll\u00f3, 21 cm\"}]},{\"@type\":\"WebSite\",\"@id\":\"https:\\\/\\\/tajkertesz.com\\\/#website\",\"url\":\"https:\\\/\\\/tajkertesz.com\\\/\",\"name\":\"T\u00e1j-Kert\u00e9sz 84 Kft.\",\"description\":\"Kert\u00e9szeti kis- \u00e9s nagykeresked\u00e9s, D\u00edszn\u00f6v\u00e9ny web\u00e1ruh\u00e1z orsz\u00e1gos h\u00e1zhozsz\u00e1ll\u00edt\u00e1ssal!\",\"publisher\":{\"@id\":\"https:\\\/\\\/tajkertesz.com\\\/#organization\"},\"potentialAction\":[{\"@type\":\"SearchAction\",\"target\":{\"@type\":\"EntryPoint\",\"urlTemplate\":\"https:\\\/\\\/tajkertesz.com\\\/?s={search_term_string}\"},\"query-input\":{\"@type\":\"PropertyValueSpecification\",\"valueRequired\":true,\"valueName\":\"search_term_string\"}}],\"inLanguage\":\"en-US\"},{\"@type\":\"Organization\",\"@id\":\"https:\\\/\\\/tajkertesz.com\\\/#organization\",\"name\":\"T\u00e1j-Kert\u00e9sz 84 Kft.\",\"url\":\"https:\\\/\\\/tajkertesz.com\\\/\",\"logo\":{\"@type\":\"ImageObject\",\"inLanguage\":\"en-US\",\"@id\":\"https:\\\/\\\/tajkertesz.com\\\/#\\\/schema\\\/logo\\\/image\\\/\",\"url\":\"https:\\\/\\\/tajkertesz.com\\\/wp-content\\\/uploads\\\/2018\\\/02\\\/logo-2-e1518678052539.png\",\"contentUrl\":\"https:\\\/\\\/tajkertesz.com\\\/wp-content\\\/uploads\\\/2018\\\/02\\\/logo-2-e1518678052539.png\",\"width\":81,\"height\":140,\"caption\":\"T\u00e1j-Kert\u00e9sz 84 Kft.\"},\"image\":{\"@id\":\"https:\\\/\\\/tajkertesz.com\\\/#\\\/schema\\\/logo\\\/image\\\/\"},\"sameAs\":[\"https:\\\/\\\/www.facebook.com\\\/Tajkertesz\\\/\"]}]}<\/script>\n<!-- \/ Yoast SEO plugin. -->","yoast_head_json":{"title":"Fiskars \u00fajrahasznos\u00edtott \u00c1ltal\u00e1nos Oll\u00f3, 21 cm - T\u00e1jkert\u00e9sz","description":"Fiskars \u00fajrahasznos\u00edtott \u00c1ltal\u00e1nos Oll\u00f3, 21 cm. A Fiskars \u00fajrahasznos\u00edtott oll\u00f3 a fenntarthat\u00f3s\u00e1g szellem\u00e9ben k\u00e9sz\u00fclt, k\u00f6rnyezetbar\u00e1tabb v\u00e1laszt\u00e1st...","robots":{"index":"index","follow":"follow","max-snippet":"max-snippet:-1","max-image-preview":"max-image-preview:large","max-video-preview":"max-video-preview:-1"},"canonical":"https:\/\/tajkertesz.com\/en_US\/product\/fiskars-ujrahasznositott-altalanos-ollo-21-cm\/","og_locale":"en_US","og_type":"article","og_title":"Fiskars \u00fajrahasznos\u00edtott \u00c1ltal\u00e1nos Oll\u00f3, 21 cm - T\u00e1jkert\u00e9sz","og_description":"Fiskars \u00fajrahasznos\u00edtott \u00c1ltal\u00e1nos Oll\u00f3, 21 cm. A Fiskars \u00fajrahasznos\u00edtott oll\u00f3 a fenntarthat\u00f3s\u00e1g szellem\u00e9ben k\u00e9sz\u00fclt, k\u00f6rnyezetbar\u00e1tabb v\u00e1laszt\u00e1st...","og_url":"https:\/\/tajkertesz.com\/en_US\/product\/fiskars-ujrahasznositott-altalanos-ollo-21-cm\/","og_site_name":"T\u00e1jkert\u00e9sz","article_publisher":"https:\/\/www.facebook.com\/Tajkertesz\/","article_modified_time":"2026-02-13T15:22:18+00:00","og_image":[{"width":496,"height":664,"url":"https:\/\/tajkertesz.com\/wp-content\/uploads\/2024\/01\/1058094-2.jpg","type":"image\/jpeg"}],"twitter_card":"summary_large_image","twitter_misc":{"Est. reading time":"2 minutes"},"schema":{"@context":"https:\/\/schema.org","@graph":[{"@type":"WebPage","@id":"https:\/\/tajkertesz.com\/termek\/fiskars-ujrahasznositott-altalanos-ollo-21-cm\/","url":"https:\/\/tajkertesz.com\/termek\/fiskars-ujrahasznositott-altalanos-ollo-21-cm\/","name":"Fiskars \u00fajrahasznos\u00edtott \u00c1ltal\u00e1nos Oll\u00f3, 21 cm - T\u00e1jkert\u00e9sz","isPartOf":{"@id":"https:\/\/tajkertesz.com\/#website"},"primaryImageOfPage":{"@id":"https:\/\/tajkertesz.com\/termek\/fiskars-ujrahasznositott-altalanos-ollo-21-cm\/#primaryimage"},"image":{"@id":"https:\/\/tajkertesz.com\/termek\/fiskars-ujrahasznositott-altalanos-ollo-21-cm\/#primaryimage"},"thumbnailUrl":"https:\/\/tajkertesz.com\/wp-content\/uploads\/2024\/01\/1058094-2.jpg","datePublished":"2024-01-18T10:33:07+00:00","dateModified":"2026-02-13T15:22:18+00:00","description":"Fiskars \u00fajrahasznos\u00edtott \u00c1ltal\u00e1nos Oll\u00f3, 21 cm. A Fiskars \u00fajrahasznos\u00edtott oll\u00f3 a fenntarthat\u00f3s\u00e1g szellem\u00e9ben k\u00e9sz\u00fclt, k\u00f6rnyezetbar\u00e1tabb v\u00e1laszt\u00e1st...","breadcrumb":{"@id":"https:\/\/tajkertesz.com\/termek\/fiskars-ujrahasznositott-altalanos-ollo-21-cm\/#breadcrumb"},"inLanguage":"en-US","potentialAction":[{"@type":"ReadAction","target":["https:\/\/tajkertesz.com\/termek\/fiskars-ujrahasznositott-altalanos-ollo-21-cm\/"]}]},{"@type":"ImageObject","inLanguage":"en-US","@id":"https:\/\/tajkertesz.com\/termek\/fiskars-ujrahasznositott-altalanos-ollo-21-cm\/#primaryimage","url":"https:\/\/tajkertesz.com\/wp-content\/uploads\/2024\/01\/1058094-2.jpg","contentUrl":"https:\/\/tajkertesz.com\/wp-content\/uploads\/2024\/01\/1058094-2.jpg","width":496,"height":664},{"@type":"BreadcrumbList","@id":"https:\/\/tajkertesz.com\/termek\/fiskars-ujrahasznositott-altalanos-ollo-21-cm\/#breadcrumb","itemListElement":[{"@type":"ListItem","position":1,"name":"Home","item":"https:\/\/tajkertesz.com\/"},{"@type":"ListItem","position":2,"name":"Kezd\u0151lap","item":"https:\/\/tajkertesz.com\/"},{"@type":"ListItem","position":3,"name":"Fiskars \u00fajrahasznos\u00edtott \u00c1ltal\u00e1nos Oll\u00f3, 21 cm"}]},{"@type":"WebSite","@id":"https:\/\/tajkertesz.com\/#website","url":"https:\/\/tajkertesz.com\/","name":"T\u00e1j-Kert\u00e9sz 84 Kft.","description":"Kert\u00e9szeti kis- \u00e9s nagykeresked\u00e9s, D\u00edszn\u00f6v\u00e9ny web\u00e1ruh\u00e1z orsz\u00e1gos h\u00e1zhozsz\u00e1ll\u00edt\u00e1ssal!","publisher":{"@id":"https:\/\/tajkertesz.com\/#organization"},"potentialAction":[{"@type":"SearchAction","target":{"@type":"EntryPoint","urlTemplate":"https:\/\/tajkertesz.com\/?s={search_term_string}"},"query-input":{"@type":"PropertyValueSpecification","valueRequired":true,"valueName":"search_term_string"}}],"inLanguage":"en-US"},{"@type":"Organization","@id":"https:\/\/tajkertesz.com\/#organization","name":"T\u00e1j-Kert\u00e9sz 84 Kft.","url":"https:\/\/tajkertesz.com\/","logo":{"@type":"ImageObject","inLanguage":"en-US","@id":"https:\/\/tajkertesz.com\/#\/schema\/logo\/image\/","url":"https:\/\/tajkertesz.com\/wp-content\/uploads\/2018\/02\/logo-2-e1518678052539.png","contentUrl":"https:\/\/tajkertesz.com\/wp-content\/uploads\/2018\/02\/logo-2-e1518678052539.png","width":81,"height":140,"caption":"T\u00e1j-Kert\u00e9sz 84 Kft."},"image":{"@id":"https:\/\/tajkertesz.com\/#\/schema\/logo\/image\/"},"sameAs":["https:\/\/www.facebook.com\/Tajkertesz\/"]}]}},"_links":{"self":[{"href":"https:\/\/tajkertesz.com\/en_US\/wp-json\/wp\/v2\/product\/18594","targetHints":{"allow":["GET"]}}],"collection":[{"href":"https:\/\/tajkertesz.com\/en_US\/wp-json\/wp\/v2\/product"}],"about":[{"href":"https:\/\/tajkertesz.com\/en_US\/wp-json\/wp\/v2\/types\/product"}],"wp:featuredmedia":[{"embeddable":true,"href":"https:\/\/tajkertesz.com\/en_US\/wp-json\/wp\/v2\/media\/18596"}],"wp:attachment":[{"href":"https:\/\/tajkertesz.com\/en_US\/wp-json\/wp\/v2\/media?parent=18594"}],"wp:term":[{"taxonomy":"product_brand","embeddable":true,"href":"https:\/\/tajkertesz.com\/en_US\/wp-json\/wp\/v2\/product_brand?post=18594"},{"taxonomy":"product_cat","embeddable":true,"href":"https:\/\/tajkertesz.com\/en_US\/wp-json\/wp\/v2\/product_cat?post=18594"},{"taxonomy":"product_tag","embeddable":true,"href":"https:\/\/tajkertesz.com\/en_US\/wp-json\/wp\/v2\/product_tag?post=18594"}],"curies":[{"name":"wp","href":"https:\/\/api.w.org\/{rel}","templated":true}]}}