{"id":18598,"date":"2024-01-18T10:53:04","date_gmt":"2024-01-18T10:53:04","guid":{"rendered":"https:\/\/tajkertesz.com\/?post_type=product&#038;p=18598"},"modified":"2026-02-13T15:22:06","modified_gmt":"2026-02-13T15:22:06","slug":"fiskars-essential-roll-sharp-keselezo-fekete","status":"publish","type":"product","link":"https:\/\/tajkertesz.com\/en_US\/product\/fiskars-essential-roll-sharp-keselezo-fekete\/","title":{"rendered":"Fiskars Essential Roll-Sharp\u2122 k\u00e9s\u00e9lez\u0151, fekete"},"content":{"rendered":"<h2>Fiskars Essential Roll-Sharp\u2122 k\u00e9s\u00e9lez\u0151, fekete<\/h2>\n<h1><span class=\"ezstring-field\">Hogyan \u00e9lezze a k\u00e9seket?<\/span><\/h1>\n<p>Fiskars Essential Roll-Sharp\u2122 k\u00e9s\u00e9lez\u0151, fekete<\/p>\n<div class=\"ezxmltext-field\">\n<p>Teljesen norm\u00e1lis, ha a k\u00e9st n\u00e9ha-n\u00e9ha meg kell \u00e9lezni. Az \u00e9les, j\u00f3l karbantartott k\u00e9s nemcsak jobban v\u00e1g, de a haszn\u00e1lata is biztons\u00e1gosabb. A k\u00e9s \u00e9lez\u00e9se v\u00e9gezhet\u0151 rendszeres id\u0151k\u00f6z\u00f6nk\u00e9nt, vagy egyszer\u0171en akkor, amikor sz\u00fcks\u00e9g van r\u00e1. Ahhoz, hogy a k\u00e9s hat\u00e9kony \u00e9s biztons\u00e1gos legyen a konyh\u00e1ban, ismerje meg a k\u00e9s\u00e9lez\u00e9s k\u00fcl\u00f6nf\u00e9le technik\u00e1it. Olvassa el tippjeinket, \u00e9s v\u00e1lassza ki a legjobb Fiskars k\u00e9s\u00e9lez\u0151 eszk\u00f6zt.<\/p>\n<\/div>\n<p>K\u00e9s\u00e9lez\u0151 ker\u00e1mia g\u00f6rg\u0151vel \u00e9s cs\u00fasz\u00e1smentes talppal. Optim\u00e1lis \u00e9less\u00e9get \u00e9s \u00e9lethosszig tart\u00f3 teljes\u00edtm\u00e9nyt biztos\u00edt a k\u00e9seknek. Tiszt\u00edt\u00e1sa gyors \u00e9s egyszer\u0171, mosogat\u00f3g\u00e9pben moshat\u00f3. Jobb- \u00e9s balkezesek egyar\u00e1nt haszn\u00e1lhatj\u00e1k.<\/p>\n<h2 class=\"h1\"><span class=\"ezstring-field\">K\u00f6vesse a k\u00f6vetkez\u0151 l\u00e9p\u00e9seket:<\/span><\/h2>\n<div class=\"ezxmltext-field\">\n<ul>\n<li>Helyezze a Roll-Sharp\u2122 \u00e9lez\u0151t lapos fel\u00fcletre, \u00e9s tolja rajta v\u00e9gig a k\u00e9s peng\u00e9j\u00e9t el\u0151re-h\u00e1tra. 15-20 mozdulatnak el\u00e9gnek kell lennie!<\/li>\n<li>\u00c9lez\u00e9s ut\u00e1n mossa meg a k\u00e9st<\/li>\n<li>Az \u00e9lez\u0151 40 fokos \u00e9lez\u00e9si sz\u00f6ge \u00e9s \u00e9lez\u00e9si jellege megfelel a legt\u00f6bb konyhak\u00e9snek<\/li>\n<li>A Roll-Sharp\u2122 \u00e9lez\u0151 minden Fiskars k\u00e9sn\u00e9l haszn\u00e1lhat\u00f3, a Titanium kiv\u00e9tel\u00e9vel<br \/>\n<h2 class=\"h1\"><span class=\"ezstring-field\">Essential<\/span><\/h2>\n<div class=\"ezxmltext-field\">\n<ul>\n<li>Az eredeti \u00e9s j\u00f3l ismert Fiskars Roll-Sharp\u2122 kialak\u00edt\u00e1s<\/li>\n<li>\u00c9lez\u0151 ker\u00e1mia g\u00f6rg\u0151vel<\/li>\n<li>Cs\u00fasz\u00e1smentes alj a biztons\u00e1gos haszn\u00e1lat \u00e9rdek\u00e9ben<\/li>\n<li>Jobb- \u00e9s balkezeseknek egyar\u00e1nt<\/li>\n<li>Optim\u00e1lis v\u00e1g\u00f3\u00e9let \u00e9s \u00e9lethosszig tart\u00f3 teljes\u00edtm\u00e9nyt biztos\u00edt<\/li>\n<li>K\u00f6nnyen tiszt\u00edthat\u00f3<\/li>\n<li>Mosogat\u00f3g\u00e9pben moshat\u00f3<\/li>\n<\/ul>\n<\/div>\n<\/li>\n<\/ul>\n<\/div>\n<p>El\u00e9rhet\u0151 t\u00f6bbf\u00e9le m\u00e9retben \u00e9s \u00e1rban.<\/p>\n<p><strong>K\u00e9szlet\u00fcnk napi szinten v\u00e1ltozik, ez\u00e9rt k\u00e9rj\u00fck, \u00e9rdekl\u0151dj\u00f6n szem\u00e9lyesen, telefonon vagy email-en.<br \/>\nA v\u00e1ltoztat\u00e1s jog\u00e1t fenntartjuk!\u00a0<\/strong><\/p>\n<p>&nbsp;<\/p>\n<p><a href=\"https:\/\/tajkertesz.com\/\">https:\/\/tajkertesz.com\/<\/a><\/p>\n<p><a href=\"https:\/\/www.facebook.com\/tajkertesz\/\">https:\/\/www.facebook.com\/tajkertesz\/<\/a><\/p>\n<p>Kisz\u00e1ll\u00edt\u00e1s: 200cm-ig \u00a0\u00e9s 40 kg-ig a sz\u00e1ll\u00edt\u00e1s fut\u00e1rszolg\u00e1lattal \u00a0t\u00f6rt\u00e9nik.<\/p>\n<p>Szem\u00e9lyes \u00e1tv\u00e9tel nyitvatart\u00e1si id\u0151ben a 17. ker\u00fclet Bakancsos utca 7. sz\u00e1m alatti Kert\u00e9szeti \u00e1rud\u00e1ban.<\/p>","protected":false},"excerpt":{"rendered":"<h2>Fiskars Essential Roll-Sharp\u2122 k\u00e9s\u00e9lez\u0151, fekete<\/h2>\n<p>K\u00e9s\u00e9lez\u0151 ker\u00e1mia g\u00f6rg\u0151vel \u00e9s cs\u00fasz\u00e1smentes talppal. Optim\u00e1lis \u00e9less\u00e9get \u00e9s \u00e9lethosszig tart\u00f3 teljes\u00edtm\u00e9nyt biztos\u00edt a k\u00e9seknek. Tiszt\u00edt\u00e1sa gyors \u00e9s egyszer\u0171, mosogat\u00f3g\u00e9pben moshat\u00f3. Jobb- \u00e9s balkezesek egyar\u00e1nt haszn\u00e1lhatj\u00e1k.<\/p>\n<p><strong>K\u00e9szlet\u00fcnk napi szinten v\u00e1ltozik, ez\u00e9rt k\u00e9rj\u00fck, \u00e9rdekl\u0151dj\u00f6n szem\u00e9lyesen, telefonon vagy email-en.<br \/>\nA v\u00e1ltoztat\u00e1s jog\u00e1t fenntartjuk!\u00a0<\/strong><\/p>\n<p>&nbsp;<\/p>","protected":false},"featured_media":18601,"template":"","meta":{"_et_pb_use_builder":"","_et_pb_old_content":"","_et_gb_content_width":""},"product_brand":[],"product_cat":[4617],"product_tag":[116,4624,1164,4623,4625],"class_list":{"0":"post-18598","1":"product","2":"type-product","3":"status-publish","4":"has-post-thumbnail","6":"product_cat-fiskars-haztartasi-termekek","7":"product_tag-fiskars","8":"product_tag-haztartas","9":"product_tag-kes","10":"product_tag-keselezo","11":"product_tag-konyha","13":"first","14":"instock","15":"shipping-taxable","16":"purchasable","17":"product-type-simple"},"yoast_head":"<!-- This site is optimized with the Yoast SEO plugin v27.5 - https:\/\/yoast.com\/product\/yoast-seo-wordpress\/ -->\n<title>Fiskars Essential Roll-Sharp\u2122 k\u00e9s\u00e9lez\u0151, fekete - T\u00e1jkert\u00e9sz<\/title>\n<meta name=\"description\" content=\"Fiskars Essential Roll-Sharp\u2122 k\u00e9s\u00e9lez\u0151, fekete. K\u00e9s\u00e9lez\u0151 ker\u00e1mia g\u00f6rg\u0151vel \u00e9s cs\u00fasz\u00e1smentes talppal. Optim\u00e1lis \u00e9less\u00e9get \u00e9s \u00e9lethosszig tart\u00f3 teljes\u00edtm\u00e9nyt..\" \/>\n<meta name=\"robots\" content=\"index, follow, max-snippet:-1, max-image-preview:large, max-video-preview:-1\" \/>\n<link rel=\"canonical\" href=\"https:\/\/tajkertesz.com\/en_US\/product\/fiskars-essential-roll-sharp-keselezo-fekete\/\" \/>\n<meta property=\"og:locale\" content=\"en_US\" \/>\n<meta property=\"og:type\" content=\"article\" \/>\n<meta property=\"og:title\" content=\"Fiskars Essential Roll-Sharp\u2122 k\u00e9s\u00e9lez\u0151, fekete - T\u00e1jkert\u00e9sz\" \/>\n<meta property=\"og:description\" content=\"Fiskars Essential Roll-Sharp\u2122 k\u00e9s\u00e9lez\u0151, fekete. K\u00e9s\u00e9lez\u0151 ker\u00e1mia g\u00f6rg\u0151vel \u00e9s cs\u00fasz\u00e1smentes talppal. Optim\u00e1lis \u00e9less\u00e9get \u00e9s \u00e9lethosszig tart\u00f3 teljes\u00edtm\u00e9nyt..\" \/>\n<meta property=\"og:url\" content=\"https:\/\/tajkertesz.com\/en_US\/product\/fiskars-essential-roll-sharp-keselezo-fekete\/\" \/>\n<meta property=\"og:site_name\" content=\"T\u00e1jkert\u00e9sz\" \/>\n<meta property=\"article:publisher\" content=\"https:\/\/www.facebook.com\/Tajkertesz\/\" \/>\n<meta property=\"article:modified_time\" content=\"2026-02-13T15:22:06+00:00\" \/>\n<meta property=\"og:image\" content=\"https:\/\/tajkertesz.com\/wp-content\/uploads\/2024\/01\/1065598.jpg\" \/>\n\t<meta property=\"og:image:width\" content=\"1000\" \/>\n\t<meta property=\"og:image:height\" content=\"1000\" \/>\n\t<meta property=\"og:image:type\" content=\"image\/jpeg\" \/>\n<meta name=\"twitter:card\" content=\"summary_large_image\" \/>\n<meta name=\"twitter:label1\" content=\"Est. reading time\" \/>\n\t<meta name=\"twitter:data1\" content=\"2 minutes\" \/>\n<script type=\"application\/ld+json\" class=\"yoast-schema-graph\">{\"@context\":\"https:\\\/\\\/schema.org\",\"@graph\":[{\"@type\":\"WebPage\",\"@id\":\"https:\\\/\\\/tajkertesz.com\\\/termek\\\/fiskars-essential-roll-sharp-keselezo-fekete\\\/\",\"url\":\"https:\\\/\\\/tajkertesz.com\\\/termek\\\/fiskars-essential-roll-sharp-keselezo-fekete\\\/\",\"name\":\"Fiskars Essential Roll-Sharp\u2122 k\u00e9s\u00e9lez\u0151, fekete - T\u00e1jkert\u00e9sz\",\"isPartOf\":{\"@id\":\"https:\\\/\\\/tajkertesz.com\\\/#website\"},\"primaryImageOfPage\":{\"@id\":\"https:\\\/\\\/tajkertesz.com\\\/termek\\\/fiskars-essential-roll-sharp-keselezo-fekete\\\/#primaryimage\"},\"image\":{\"@id\":\"https:\\\/\\\/tajkertesz.com\\\/termek\\\/fiskars-essential-roll-sharp-keselezo-fekete\\\/#primaryimage\"},\"thumbnailUrl\":\"https:\\\/\\\/tajkertesz.com\\\/wp-content\\\/uploads\\\/2024\\\/01\\\/1065598.jpg\",\"datePublished\":\"2024-01-18T10:53:04+00:00\",\"dateModified\":\"2026-02-13T15:22:06+00:00\",\"description\":\"Fiskars Essential Roll-Sharp\u2122 k\u00e9s\u00e9lez\u0151, fekete. K\u00e9s\u00e9lez\u0151 ker\u00e1mia g\u00f6rg\u0151vel \u00e9s cs\u00fasz\u00e1smentes talppal. Optim\u00e1lis \u00e9less\u00e9get \u00e9s \u00e9lethosszig tart\u00f3 teljes\u00edtm\u00e9nyt..\",\"breadcrumb\":{\"@id\":\"https:\\\/\\\/tajkertesz.com\\\/termek\\\/fiskars-essential-roll-sharp-keselezo-fekete\\\/#breadcrumb\"},\"inLanguage\":\"en-US\",\"potentialAction\":[{\"@type\":\"ReadAction\",\"target\":[\"https:\\\/\\\/tajkertesz.com\\\/termek\\\/fiskars-essential-roll-sharp-keselezo-fekete\\\/\"]}]},{\"@type\":\"ImageObject\",\"inLanguage\":\"en-US\",\"@id\":\"https:\\\/\\\/tajkertesz.com\\\/termek\\\/fiskars-essential-roll-sharp-keselezo-fekete\\\/#primaryimage\",\"url\":\"https:\\\/\\\/tajkertesz.com\\\/wp-content\\\/uploads\\\/2024\\\/01\\\/1065598.jpg\",\"contentUrl\":\"https:\\\/\\\/tajkertesz.com\\\/wp-content\\\/uploads\\\/2024\\\/01\\\/1065598.jpg\",\"width\":1000,\"height\":1000},{\"@type\":\"BreadcrumbList\",\"@id\":\"https:\\\/\\\/tajkertesz.com\\\/termek\\\/fiskars-essential-roll-sharp-keselezo-fekete\\\/#breadcrumb\",\"itemListElement\":[{\"@type\":\"ListItem\",\"position\":1,\"name\":\"Home\",\"item\":\"https:\\\/\\\/tajkertesz.com\\\/\"},{\"@type\":\"ListItem\",\"position\":2,\"name\":\"Kezd\u0151lap\",\"item\":\"https:\\\/\\\/tajkertesz.com\\\/\"},{\"@type\":\"ListItem\",\"position\":3,\"name\":\"Fiskars Essential Roll-Sharp\u2122 k\u00e9s\u00e9lez\u0151, fekete\"}]},{\"@type\":\"WebSite\",\"@id\":\"https:\\\/\\\/tajkertesz.com\\\/#website\",\"url\":\"https:\\\/\\\/tajkertesz.com\\\/\",\"name\":\"T\u00e1j-Kert\u00e9sz 84 Kft.\",\"description\":\"Kert\u00e9szeti kis- \u00e9s nagykeresked\u00e9s, D\u00edszn\u00f6v\u00e9ny web\u00e1ruh\u00e1z orsz\u00e1gos h\u00e1zhozsz\u00e1ll\u00edt\u00e1ssal!\",\"publisher\":{\"@id\":\"https:\\\/\\\/tajkertesz.com\\\/#organization\"},\"potentialAction\":[{\"@type\":\"SearchAction\",\"target\":{\"@type\":\"EntryPoint\",\"urlTemplate\":\"https:\\\/\\\/tajkertesz.com\\\/?s={search_term_string}\"},\"query-input\":{\"@type\":\"PropertyValueSpecification\",\"valueRequired\":true,\"valueName\":\"search_term_string\"}}],\"inLanguage\":\"en-US\"},{\"@type\":\"Organization\",\"@id\":\"https:\\\/\\\/tajkertesz.com\\\/#organization\",\"name\":\"T\u00e1j-Kert\u00e9sz 84 Kft.\",\"url\":\"https:\\\/\\\/tajkertesz.com\\\/\",\"logo\":{\"@type\":\"ImageObject\",\"inLanguage\":\"en-US\",\"@id\":\"https:\\\/\\\/tajkertesz.com\\\/#\\\/schema\\\/logo\\\/image\\\/\",\"url\":\"https:\\\/\\\/tajkertesz.com\\\/wp-content\\\/uploads\\\/2018\\\/02\\\/logo-2-e1518678052539.png\",\"contentUrl\":\"https:\\\/\\\/tajkertesz.com\\\/wp-content\\\/uploads\\\/2018\\\/02\\\/logo-2-e1518678052539.png\",\"width\":81,\"height\":140,\"caption\":\"T\u00e1j-Kert\u00e9sz 84 Kft.\"},\"image\":{\"@id\":\"https:\\\/\\\/tajkertesz.com\\\/#\\\/schema\\\/logo\\\/image\\\/\"},\"sameAs\":[\"https:\\\/\\\/www.facebook.com\\\/Tajkertesz\\\/\"]}]}<\/script>\n<!-- \/ Yoast SEO plugin. -->","yoast_head_json":{"title":"Fiskars Essential Roll-Sharp\u2122 k\u00e9s\u00e9lez\u0151, fekete - T\u00e1jkert\u00e9sz","description":"Fiskars Essential Roll-Sharp\u2122 k\u00e9s\u00e9lez\u0151, fekete. K\u00e9s\u00e9lez\u0151 ker\u00e1mia g\u00f6rg\u0151vel \u00e9s cs\u00fasz\u00e1smentes talppal. Optim\u00e1lis \u00e9less\u00e9get \u00e9s \u00e9lethosszig tart\u00f3 teljes\u00edtm\u00e9nyt..","robots":{"index":"index","follow":"follow","max-snippet":"max-snippet:-1","max-image-preview":"max-image-preview:large","max-video-preview":"max-video-preview:-1"},"canonical":"https:\/\/tajkertesz.com\/en_US\/product\/fiskars-essential-roll-sharp-keselezo-fekete\/","og_locale":"en_US","og_type":"article","og_title":"Fiskars Essential Roll-Sharp\u2122 k\u00e9s\u00e9lez\u0151, fekete - T\u00e1jkert\u00e9sz","og_description":"Fiskars Essential Roll-Sharp\u2122 k\u00e9s\u00e9lez\u0151, fekete. K\u00e9s\u00e9lez\u0151 ker\u00e1mia g\u00f6rg\u0151vel \u00e9s cs\u00fasz\u00e1smentes talppal. Optim\u00e1lis \u00e9less\u00e9get \u00e9s \u00e9lethosszig tart\u00f3 teljes\u00edtm\u00e9nyt..","og_url":"https:\/\/tajkertesz.com\/en_US\/product\/fiskars-essential-roll-sharp-keselezo-fekete\/","og_site_name":"T\u00e1jkert\u00e9sz","article_publisher":"https:\/\/www.facebook.com\/Tajkertesz\/","article_modified_time":"2026-02-13T15:22:06+00:00","og_image":[{"width":1000,"height":1000,"url":"https:\/\/tajkertesz.com\/wp-content\/uploads\/2024\/01\/1065598.jpg","type":"image\/jpeg"}],"twitter_card":"summary_large_image","twitter_misc":{"Est. reading time":"2 minutes"},"schema":{"@context":"https:\/\/schema.org","@graph":[{"@type":"WebPage","@id":"https:\/\/tajkertesz.com\/termek\/fiskars-essential-roll-sharp-keselezo-fekete\/","url":"https:\/\/tajkertesz.com\/termek\/fiskars-essential-roll-sharp-keselezo-fekete\/","name":"Fiskars Essential Roll-Sharp\u2122 k\u00e9s\u00e9lez\u0151, fekete - T\u00e1jkert\u00e9sz","isPartOf":{"@id":"https:\/\/tajkertesz.com\/#website"},"primaryImageOfPage":{"@id":"https:\/\/tajkertesz.com\/termek\/fiskars-essential-roll-sharp-keselezo-fekete\/#primaryimage"},"image":{"@id":"https:\/\/tajkertesz.com\/termek\/fiskars-essential-roll-sharp-keselezo-fekete\/#primaryimage"},"thumbnailUrl":"https:\/\/tajkertesz.com\/wp-content\/uploads\/2024\/01\/1065598.jpg","datePublished":"2024-01-18T10:53:04+00:00","dateModified":"2026-02-13T15:22:06+00:00","description":"Fiskars Essential Roll-Sharp\u2122 k\u00e9s\u00e9lez\u0151, fekete. K\u00e9s\u00e9lez\u0151 ker\u00e1mia g\u00f6rg\u0151vel \u00e9s cs\u00fasz\u00e1smentes talppal. Optim\u00e1lis \u00e9less\u00e9get \u00e9s \u00e9lethosszig tart\u00f3 teljes\u00edtm\u00e9nyt..","breadcrumb":{"@id":"https:\/\/tajkertesz.com\/termek\/fiskars-essential-roll-sharp-keselezo-fekete\/#breadcrumb"},"inLanguage":"en-US","potentialAction":[{"@type":"ReadAction","target":["https:\/\/tajkertesz.com\/termek\/fiskars-essential-roll-sharp-keselezo-fekete\/"]}]},{"@type":"ImageObject","inLanguage":"en-US","@id":"https:\/\/tajkertesz.com\/termek\/fiskars-essential-roll-sharp-keselezo-fekete\/#primaryimage","url":"https:\/\/tajkertesz.com\/wp-content\/uploads\/2024\/01\/1065598.jpg","contentUrl":"https:\/\/tajkertesz.com\/wp-content\/uploads\/2024\/01\/1065598.jpg","width":1000,"height":1000},{"@type":"BreadcrumbList","@id":"https:\/\/tajkertesz.com\/termek\/fiskars-essential-roll-sharp-keselezo-fekete\/#breadcrumb","itemListElement":[{"@type":"ListItem","position":1,"name":"Home","item":"https:\/\/tajkertesz.com\/"},{"@type":"ListItem","position":2,"name":"Kezd\u0151lap","item":"https:\/\/tajkertesz.com\/"},{"@type":"ListItem","position":3,"name":"Fiskars Essential Roll-Sharp\u2122 k\u00e9s\u00e9lez\u0151, fekete"}]},{"@type":"WebSite","@id":"https:\/\/tajkertesz.com\/#website","url":"https:\/\/tajkertesz.com\/","name":"T\u00e1j-Kert\u00e9sz 84 Kft.","description":"Kert\u00e9szeti kis- \u00e9s nagykeresked\u00e9s, D\u00edszn\u00f6v\u00e9ny web\u00e1ruh\u00e1z orsz\u00e1gos h\u00e1zhozsz\u00e1ll\u00edt\u00e1ssal!","publisher":{"@id":"https:\/\/tajkertesz.com\/#organization"},"potentialAction":[{"@type":"SearchAction","target":{"@type":"EntryPoint","urlTemplate":"https:\/\/tajkertesz.com\/?s={search_term_string}"},"query-input":{"@type":"PropertyValueSpecification","valueRequired":true,"valueName":"search_term_string"}}],"inLanguage":"en-US"},{"@type":"Organization","@id":"https:\/\/tajkertesz.com\/#organization","name":"T\u00e1j-Kert\u00e9sz 84 Kft.","url":"https:\/\/tajkertesz.com\/","logo":{"@type":"ImageObject","inLanguage":"en-US","@id":"https:\/\/tajkertesz.com\/#\/schema\/logo\/image\/","url":"https:\/\/tajkertesz.com\/wp-content\/uploads\/2018\/02\/logo-2-e1518678052539.png","contentUrl":"https:\/\/tajkertesz.com\/wp-content\/uploads\/2018\/02\/logo-2-e1518678052539.png","width":81,"height":140,"caption":"T\u00e1j-Kert\u00e9sz 84 Kft."},"image":{"@id":"https:\/\/tajkertesz.com\/#\/schema\/logo\/image\/"},"sameAs":["https:\/\/www.facebook.com\/Tajkertesz\/"]}]}},"_links":{"self":[{"href":"https:\/\/tajkertesz.com\/en_US\/wp-json\/wp\/v2\/product\/18598","targetHints":{"allow":["GET"]}}],"collection":[{"href":"https:\/\/tajkertesz.com\/en_US\/wp-json\/wp\/v2\/product"}],"about":[{"href":"https:\/\/tajkertesz.com\/en_US\/wp-json\/wp\/v2\/types\/product"}],"wp:featuredmedia":[{"embeddable":true,"href":"https:\/\/tajkertesz.com\/en_US\/wp-json\/wp\/v2\/media\/18601"}],"wp:attachment":[{"href":"https:\/\/tajkertesz.com\/en_US\/wp-json\/wp\/v2\/media?parent=18598"}],"wp:term":[{"taxonomy":"product_brand","embeddable":true,"href":"https:\/\/tajkertesz.com\/en_US\/wp-json\/wp\/v2\/product_brand?post=18598"},{"taxonomy":"product_cat","embeddable":true,"href":"https:\/\/tajkertesz.com\/en_US\/wp-json\/wp\/v2\/product_cat?post=18598"},{"taxonomy":"product_tag","embeddable":true,"href":"https:\/\/tajkertesz.com\/en_US\/wp-json\/wp\/v2\/product_tag?post=18598"}],"curies":[{"name":"wp","href":"https:\/\/api.w.org\/{rel}","templated":true}]}}