{"id":18606,"date":"2024-01-18T11:00:20","date_gmt":"2024-01-18T11:00:20","guid":{"rendered":"https:\/\/tajkertesz.com\/?post_type=product&#038;p=18606"},"modified":"2026-02-13T15:21:59","modified_gmt":"2026-02-13T15:21:59","slug":"fiskars-functional-form-elezo-acel","status":"publish","type":"product","link":"https:\/\/tajkertesz.com\/en_US\/product\/fiskars-functional-form-elezo-acel\/","title":{"rendered":"Fiskars Functional Form \u00c9lez\u0151 ac\u00e9l"},"content":{"rendered":"<h2>Fiskars Functional Form \u00c9lez\u0151 ac\u00e9l<\/h2>\n<p>Fiskars Functional Form \u00c9lez\u0151 ac\u00e9l<\/p>\n<p>Azon szak\u00e1csok sz\u00e1m\u00e1ra, akik \u00e9rt\u00e9kelik az okosan megtervezett, k\u00f6nnyen kezelhet\u0151 konyhai eszk\u00f6z\u00f6ket, a Fiskars\u00ae Functional Form \u2122 fen\u0151ac\u00e9l elengedhetetlen, hogy a mindennap haszn\u00e1lt k\u00e9sei a lehet\u0151 legjobban v\u00e1gjanak. \u00c9lezze k\u00e9seit gyorsan \u00e9s egyszer\u0171en a hagyom\u00e1nyos fen\u0151ac\u00e9l seg\u00edts\u00e9g\u00e9vel. \u00d6t-hat egyszer\u0171 fen\u0151mozdulat ut\u00e1n t\u00f6k\u00e9letesen \u00e9les lesz k\u00e9se \u00e9s \u00fagy fog m\u0171k\u00f6dni, mintha \u00faj lenne. Haszn\u00e1latakor tartsa a 15-20\u00b0-os sz\u00f6get minden egyes mozdulatn\u00e1l &#8211; kezdje a markolatt\u00f3l \u00e9s cs\u00fasztassa a peng\u00e9t a fen\u0151ac\u00e9l ment\u00e9n eg\u00e9szen a hegy\u00e9ig. \u00c9lez\u00e9s ut\u00e1n mossa le \u00e9s t\u00f6r\u00f6lje el egy ruh\u00e1val. Tart\u00f3s ac\u00e9lb\u00f3l k\u00e9sz\u00fcl tompa k\u00e9sek \u00fajra\u00e9lez\u00e9s\u00e9hez, ergonomikus markolata k\u00e9nyelmesen, biztons\u00e1gosan illeszkedik a k\u00e9zbe. Mint minden Functional Form \u2122 k\u00e9s \u00e9s eszk\u00f6z, ez a fen\u0151ac\u00e9l is mosogat\u00f3g\u00e9pben moshat\u00f3 az egyszer\u0171, mindennapi tiszt\u00edt\u00e1s r\u00e9szek\u00e9nt. Finn term\u00e9k.<\/p>\n<p>A Fiskars\u00ae Functional Form \u2122 fen\u0151ac\u00e9l meg\u00e9lezi a mindennap haszn\u00e1lt k\u00e9seit a tart\u00f3s ac\u00e9l r\u00fad seg\u00edts\u00e9g\u00e9vel<\/p>\n<p>Ergonomikus markolata az ujjakn\u00e1l SoftGrip\u2122 bor\u00edt\u00e1ssal rendelkezik<\/p>\n<p>Mosogat\u00f3g\u00e9pben moshat\u00f3<\/p>\n<p>Fen\u0151ac\u00e9l hossza 202 mm<\/p>\n<p>&nbsp;<\/p>\n<p>El\u00e9rhet\u0151 t\u00f6bbf\u00e9le m\u00e9retben \u00e9s \u00e1rban.<\/p>\n<p><strong>K\u00e9szlet\u00fcnk napi szinten v\u00e1ltozik, ez\u00e9rt k\u00e9rj\u00fck, \u00e9rdekl\u0151dj\u00f6n szem\u00e9lyesen, telefonon vagy email-en.<br \/>\nA v\u00e1ltoztat\u00e1s jog\u00e1t fenntartjuk!\u00a0<\/strong><\/p>\n<p>&nbsp;<\/p>\n<p><a href=\"https:\/\/tajkertesz.com\/\">https:\/\/tajkertesz.com\/<\/a><\/p>\n<p><a href=\"https:\/\/www.facebook.com\/tajkertesz\/\">https:\/\/www.facebook.com\/tajkertesz\/<\/a><\/p>\n<p>Kisz\u00e1ll\u00edt\u00e1s: 200cm-ig \u00a0\u00e9s 40 kg-ig a sz\u00e1ll\u00edt\u00e1s fut\u00e1rszolg\u00e1lattal \u00a0t\u00f6rt\u00e9nik.<\/p>\n<p>Szem\u00e9lyes \u00e1tv\u00e9tel nyitvatart\u00e1si id\u0151ben a 17. ker\u00fclet Bakancsos utca 7. sz\u00e1m alatti Kert\u00e9szeti \u00e1rud\u00e1ban.<\/p>\n<p>&nbsp;<\/p>\n<p>&nbsp;<\/p>","protected":false},"excerpt":{"rendered":"<h2>Fiskars Functional Form \u00c9lez\u0151 ac\u00e9l<\/h2>\n<p>Azon szak\u00e1csok sz\u00e1m\u00e1ra, akik \u00e9rt\u00e9kelik az okosan megtervezett, k\u00f6nnyen kezelhet\u0151 konyhai eszk\u00f6z\u00f6ket, a Fiskars\u00ae Functional Form \u2122 fen\u0151ac\u00e9l elengedhetetlen, hogy a mindennap&#8230;<\/p>\n<p><strong>K\u00e9szlet\u00fcnk napi szinten v\u00e1ltozik, ez\u00e9rt k\u00e9rj\u00fck, \u00e9rdekl\u0151dj\u00f6n szem\u00e9lyesen, telefonon vagy email-en.<br \/>\nA v\u00e1ltoztat\u00e1s jog\u00e1t fenntartjuk!\u00a0<\/strong><\/p>","protected":false},"featured_media":18609,"template":"","meta":{"_et_pb_use_builder":"","_et_pb_old_content":"","_et_gb_content_width":""},"product_brand":[],"product_cat":[4617],"product_tag":[4629,4628,116,4624,1164,4625],"class_list":{"0":"post-18606","1":"product","2":"type-product","3":"status-publish","4":"has-post-thumbnail","6":"product_cat-fiskars-haztartasi-termekek","7":"product_tag-elezo","8":"product_tag-fenoacel","9":"product_tag-fiskars","10":"product_tag-haztartas","11":"product_tag-kes","12":"product_tag-konyha","14":"first","15":"instock","16":"shipping-taxable","17":"purchasable","18":"product-type-simple"},"yoast_head":"<!-- This site is optimized with the Yoast SEO plugin v27.5 - https:\/\/yoast.com\/product\/yoast-seo-wordpress\/ -->\n<title>Fiskars Functional Form \u00c9lez\u0151 ac\u00e9l - T\u00e1jkert\u00e9sz<\/title>\n<meta name=\"description\" content=\"Fiskars Functional Form \u00c9lez\u0151 ac\u00e9l. Azon szak\u00e1csok sz\u00e1m\u00e1ra, akik \u00e9rt\u00e9kelik az okosan megtervezett, k\u00f6nnyen kezelhet\u0151 konyhai eszk\u00f6z\u00f6ket, a Fiskars\u00ae Fun...\" \/>\n<meta name=\"robots\" content=\"index, follow, max-snippet:-1, max-image-preview:large, max-video-preview:-1\" \/>\n<link rel=\"canonical\" href=\"https:\/\/tajkertesz.com\/en_US\/product\/fiskars-functional-form-elezo-acel\/\" \/>\n<meta property=\"og:locale\" content=\"en_US\" \/>\n<meta property=\"og:type\" content=\"article\" \/>\n<meta property=\"og:title\" content=\"Fiskars Functional Form \u00c9lez\u0151 ac\u00e9l - T\u00e1jkert\u00e9sz\" \/>\n<meta property=\"og:description\" content=\"Fiskars Functional Form \u00c9lez\u0151 ac\u00e9l. Azon szak\u00e1csok sz\u00e1m\u00e1ra, akik \u00e9rt\u00e9kelik az okosan megtervezett, k\u00f6nnyen kezelhet\u0151 konyhai eszk\u00f6z\u00f6ket, a Fiskars\u00ae Fun...\" \/>\n<meta property=\"og:url\" content=\"https:\/\/tajkertesz.com\/en_US\/product\/fiskars-functional-form-elezo-acel\/\" \/>\n<meta property=\"og:site_name\" content=\"T\u00e1jkert\u00e9sz\" \/>\n<meta property=\"article:publisher\" content=\"https:\/\/www.facebook.com\/Tajkertesz\/\" \/>\n<meta property=\"article:modified_time\" content=\"2026-02-13T15:21:59+00:00\" \/>\n<meta property=\"og:image\" content=\"https:\/\/tajkertesz.com\/wp-content\/uploads\/2024\/01\/1057549-2.jpg\" \/>\n\t<meta property=\"og:image:width\" content=\"496\" \/>\n\t<meta property=\"og:image:height\" content=\"664\" \/>\n\t<meta property=\"og:image:type\" content=\"image\/jpeg\" \/>\n<meta name=\"twitter:card\" content=\"summary_large_image\" \/>\n<meta name=\"twitter:label1\" content=\"Est. reading time\" \/>\n\t<meta name=\"twitter:data1\" content=\"2 minutes\" \/>\n<script type=\"application\/ld+json\" class=\"yoast-schema-graph\">{\"@context\":\"https:\\\/\\\/schema.org\",\"@graph\":[{\"@type\":\"WebPage\",\"@id\":\"https:\\\/\\\/tajkertesz.com\\\/termek\\\/fiskars-functional-form-elezo-acel\\\/\",\"url\":\"https:\\\/\\\/tajkertesz.com\\\/termek\\\/fiskars-functional-form-elezo-acel\\\/\",\"name\":\"Fiskars Functional Form \u00c9lez\u0151 ac\u00e9l - T\u00e1jkert\u00e9sz\",\"isPartOf\":{\"@id\":\"https:\\\/\\\/tajkertesz.com\\\/#website\"},\"primaryImageOfPage\":{\"@id\":\"https:\\\/\\\/tajkertesz.com\\\/termek\\\/fiskars-functional-form-elezo-acel\\\/#primaryimage\"},\"image\":{\"@id\":\"https:\\\/\\\/tajkertesz.com\\\/termek\\\/fiskars-functional-form-elezo-acel\\\/#primaryimage\"},\"thumbnailUrl\":\"https:\\\/\\\/tajkertesz.com\\\/wp-content\\\/uploads\\\/2024\\\/01\\\/1057549-2.jpg\",\"datePublished\":\"2024-01-18T11:00:20+00:00\",\"dateModified\":\"2026-02-13T15:21:59+00:00\",\"description\":\"Fiskars Functional Form \u00c9lez\u0151 ac\u00e9l. Azon szak\u00e1csok sz\u00e1m\u00e1ra, akik \u00e9rt\u00e9kelik az okosan megtervezett, k\u00f6nnyen kezelhet\u0151 konyhai eszk\u00f6z\u00f6ket, a Fiskars\u00ae Fun...\",\"breadcrumb\":{\"@id\":\"https:\\\/\\\/tajkertesz.com\\\/termek\\\/fiskars-functional-form-elezo-acel\\\/#breadcrumb\"},\"inLanguage\":\"en-US\",\"potentialAction\":[{\"@type\":\"ReadAction\",\"target\":[\"https:\\\/\\\/tajkertesz.com\\\/termek\\\/fiskars-functional-form-elezo-acel\\\/\"]}]},{\"@type\":\"ImageObject\",\"inLanguage\":\"en-US\",\"@id\":\"https:\\\/\\\/tajkertesz.com\\\/termek\\\/fiskars-functional-form-elezo-acel\\\/#primaryimage\",\"url\":\"https:\\\/\\\/tajkertesz.com\\\/wp-content\\\/uploads\\\/2024\\\/01\\\/1057549-2.jpg\",\"contentUrl\":\"https:\\\/\\\/tajkertesz.com\\\/wp-content\\\/uploads\\\/2024\\\/01\\\/1057549-2.jpg\",\"width\":496,\"height\":664},{\"@type\":\"BreadcrumbList\",\"@id\":\"https:\\\/\\\/tajkertesz.com\\\/termek\\\/fiskars-functional-form-elezo-acel\\\/#breadcrumb\",\"itemListElement\":[{\"@type\":\"ListItem\",\"position\":1,\"name\":\"Home\",\"item\":\"https:\\\/\\\/tajkertesz.com\\\/\"},{\"@type\":\"ListItem\",\"position\":2,\"name\":\"Kezd\u0151lap\",\"item\":\"https:\\\/\\\/tajkertesz.com\\\/\"},{\"@type\":\"ListItem\",\"position\":3,\"name\":\"Fiskars Functional Form \u00c9lez\u0151 ac\u00e9l\"}]},{\"@type\":\"WebSite\",\"@id\":\"https:\\\/\\\/tajkertesz.com\\\/#website\",\"url\":\"https:\\\/\\\/tajkertesz.com\\\/\",\"name\":\"T\u00e1j-Kert\u00e9sz 84 Kft.\",\"description\":\"Kert\u00e9szeti kis- \u00e9s nagykeresked\u00e9s, D\u00edszn\u00f6v\u00e9ny web\u00e1ruh\u00e1z orsz\u00e1gos h\u00e1zhozsz\u00e1ll\u00edt\u00e1ssal!\",\"publisher\":{\"@id\":\"https:\\\/\\\/tajkertesz.com\\\/#organization\"},\"potentialAction\":[{\"@type\":\"SearchAction\",\"target\":{\"@type\":\"EntryPoint\",\"urlTemplate\":\"https:\\\/\\\/tajkertesz.com\\\/?s={search_term_string}\"},\"query-input\":{\"@type\":\"PropertyValueSpecification\",\"valueRequired\":true,\"valueName\":\"search_term_string\"}}],\"inLanguage\":\"en-US\"},{\"@type\":\"Organization\",\"@id\":\"https:\\\/\\\/tajkertesz.com\\\/#organization\",\"name\":\"T\u00e1j-Kert\u00e9sz 84 Kft.\",\"url\":\"https:\\\/\\\/tajkertesz.com\\\/\",\"logo\":{\"@type\":\"ImageObject\",\"inLanguage\":\"en-US\",\"@id\":\"https:\\\/\\\/tajkertesz.com\\\/#\\\/schema\\\/logo\\\/image\\\/\",\"url\":\"https:\\\/\\\/tajkertesz.com\\\/wp-content\\\/uploads\\\/2018\\\/02\\\/logo-2-e1518678052539.png\",\"contentUrl\":\"https:\\\/\\\/tajkertesz.com\\\/wp-content\\\/uploads\\\/2018\\\/02\\\/logo-2-e1518678052539.png\",\"width\":81,\"height\":140,\"caption\":\"T\u00e1j-Kert\u00e9sz 84 Kft.\"},\"image\":{\"@id\":\"https:\\\/\\\/tajkertesz.com\\\/#\\\/schema\\\/logo\\\/image\\\/\"},\"sameAs\":[\"https:\\\/\\\/www.facebook.com\\\/Tajkertesz\\\/\"]}]}<\/script>\n<!-- \/ Yoast SEO plugin. -->","yoast_head_json":{"title":"Fiskars Functional Form \u00c9lez\u0151 ac\u00e9l - T\u00e1jkert\u00e9sz","description":"Fiskars Functional Form \u00c9lez\u0151 ac\u00e9l. Azon szak\u00e1csok sz\u00e1m\u00e1ra, akik \u00e9rt\u00e9kelik az okosan megtervezett, k\u00f6nnyen kezelhet\u0151 konyhai eszk\u00f6z\u00f6ket, a Fiskars\u00ae Fun...","robots":{"index":"index","follow":"follow","max-snippet":"max-snippet:-1","max-image-preview":"max-image-preview:large","max-video-preview":"max-video-preview:-1"},"canonical":"https:\/\/tajkertesz.com\/en_US\/product\/fiskars-functional-form-elezo-acel\/","og_locale":"en_US","og_type":"article","og_title":"Fiskars Functional Form \u00c9lez\u0151 ac\u00e9l - T\u00e1jkert\u00e9sz","og_description":"Fiskars Functional Form \u00c9lez\u0151 ac\u00e9l. Azon szak\u00e1csok sz\u00e1m\u00e1ra, akik \u00e9rt\u00e9kelik az okosan megtervezett, k\u00f6nnyen kezelhet\u0151 konyhai eszk\u00f6z\u00f6ket, a Fiskars\u00ae Fun...","og_url":"https:\/\/tajkertesz.com\/en_US\/product\/fiskars-functional-form-elezo-acel\/","og_site_name":"T\u00e1jkert\u00e9sz","article_publisher":"https:\/\/www.facebook.com\/Tajkertesz\/","article_modified_time":"2026-02-13T15:21:59+00:00","og_image":[{"width":496,"height":664,"url":"https:\/\/tajkertesz.com\/wp-content\/uploads\/2024\/01\/1057549-2.jpg","type":"image\/jpeg"}],"twitter_card":"summary_large_image","twitter_misc":{"Est. reading time":"2 minutes"},"schema":{"@context":"https:\/\/schema.org","@graph":[{"@type":"WebPage","@id":"https:\/\/tajkertesz.com\/termek\/fiskars-functional-form-elezo-acel\/","url":"https:\/\/tajkertesz.com\/termek\/fiskars-functional-form-elezo-acel\/","name":"Fiskars Functional Form \u00c9lez\u0151 ac\u00e9l - T\u00e1jkert\u00e9sz","isPartOf":{"@id":"https:\/\/tajkertesz.com\/#website"},"primaryImageOfPage":{"@id":"https:\/\/tajkertesz.com\/termek\/fiskars-functional-form-elezo-acel\/#primaryimage"},"image":{"@id":"https:\/\/tajkertesz.com\/termek\/fiskars-functional-form-elezo-acel\/#primaryimage"},"thumbnailUrl":"https:\/\/tajkertesz.com\/wp-content\/uploads\/2024\/01\/1057549-2.jpg","datePublished":"2024-01-18T11:00:20+00:00","dateModified":"2026-02-13T15:21:59+00:00","description":"Fiskars Functional Form \u00c9lez\u0151 ac\u00e9l. Azon szak\u00e1csok sz\u00e1m\u00e1ra, akik \u00e9rt\u00e9kelik az okosan megtervezett, k\u00f6nnyen kezelhet\u0151 konyhai eszk\u00f6z\u00f6ket, a Fiskars\u00ae Fun...","breadcrumb":{"@id":"https:\/\/tajkertesz.com\/termek\/fiskars-functional-form-elezo-acel\/#breadcrumb"},"inLanguage":"en-US","potentialAction":[{"@type":"ReadAction","target":["https:\/\/tajkertesz.com\/termek\/fiskars-functional-form-elezo-acel\/"]}]},{"@type":"ImageObject","inLanguage":"en-US","@id":"https:\/\/tajkertesz.com\/termek\/fiskars-functional-form-elezo-acel\/#primaryimage","url":"https:\/\/tajkertesz.com\/wp-content\/uploads\/2024\/01\/1057549-2.jpg","contentUrl":"https:\/\/tajkertesz.com\/wp-content\/uploads\/2024\/01\/1057549-2.jpg","width":496,"height":664},{"@type":"BreadcrumbList","@id":"https:\/\/tajkertesz.com\/termek\/fiskars-functional-form-elezo-acel\/#breadcrumb","itemListElement":[{"@type":"ListItem","position":1,"name":"Home","item":"https:\/\/tajkertesz.com\/"},{"@type":"ListItem","position":2,"name":"Kezd\u0151lap","item":"https:\/\/tajkertesz.com\/"},{"@type":"ListItem","position":3,"name":"Fiskars Functional Form \u00c9lez\u0151 ac\u00e9l"}]},{"@type":"WebSite","@id":"https:\/\/tajkertesz.com\/#website","url":"https:\/\/tajkertesz.com\/","name":"T\u00e1j-Kert\u00e9sz 84 Kft.","description":"Kert\u00e9szeti kis- \u00e9s nagykeresked\u00e9s, D\u00edszn\u00f6v\u00e9ny web\u00e1ruh\u00e1z orsz\u00e1gos h\u00e1zhozsz\u00e1ll\u00edt\u00e1ssal!","publisher":{"@id":"https:\/\/tajkertesz.com\/#organization"},"potentialAction":[{"@type":"SearchAction","target":{"@type":"EntryPoint","urlTemplate":"https:\/\/tajkertesz.com\/?s={search_term_string}"},"query-input":{"@type":"PropertyValueSpecification","valueRequired":true,"valueName":"search_term_string"}}],"inLanguage":"en-US"},{"@type":"Organization","@id":"https:\/\/tajkertesz.com\/#organization","name":"T\u00e1j-Kert\u00e9sz 84 Kft.","url":"https:\/\/tajkertesz.com\/","logo":{"@type":"ImageObject","inLanguage":"en-US","@id":"https:\/\/tajkertesz.com\/#\/schema\/logo\/image\/","url":"https:\/\/tajkertesz.com\/wp-content\/uploads\/2018\/02\/logo-2-e1518678052539.png","contentUrl":"https:\/\/tajkertesz.com\/wp-content\/uploads\/2018\/02\/logo-2-e1518678052539.png","width":81,"height":140,"caption":"T\u00e1j-Kert\u00e9sz 84 Kft."},"image":{"@id":"https:\/\/tajkertesz.com\/#\/schema\/logo\/image\/"},"sameAs":["https:\/\/www.facebook.com\/Tajkertesz\/"]}]}},"_links":{"self":[{"href":"https:\/\/tajkertesz.com\/en_US\/wp-json\/wp\/v2\/product\/18606","targetHints":{"allow":["GET"]}}],"collection":[{"href":"https:\/\/tajkertesz.com\/en_US\/wp-json\/wp\/v2\/product"}],"about":[{"href":"https:\/\/tajkertesz.com\/en_US\/wp-json\/wp\/v2\/types\/product"}],"wp:featuredmedia":[{"embeddable":true,"href":"https:\/\/tajkertesz.com\/en_US\/wp-json\/wp\/v2\/media\/18609"}],"wp:attachment":[{"href":"https:\/\/tajkertesz.com\/en_US\/wp-json\/wp\/v2\/media?parent=18606"}],"wp:term":[{"taxonomy":"product_brand","embeddable":true,"href":"https:\/\/tajkertesz.com\/en_US\/wp-json\/wp\/v2\/product_brand?post=18606"},{"taxonomy":"product_cat","embeddable":true,"href":"https:\/\/tajkertesz.com\/en_US\/wp-json\/wp\/v2\/product_cat?post=18606"},{"taxonomy":"product_tag","embeddable":true,"href":"https:\/\/tajkertesz.com\/en_US\/wp-json\/wp\/v2\/product_tag?post=18606"}],"curies":[{"name":"wp","href":"https:\/\/api.w.org\/{rel}","templated":true}]}}