{"id":18612,"date":"2024-01-18T11:11:07","date_gmt":"2024-01-18T11:11:07","guid":{"rendered":"https:\/\/tajkertesz.com\/?post_type=product&#038;p=18612"},"modified":"2026-02-13T15:20:50","modified_gmt":"2026-02-13T15:20:50","slug":"fiskars-xsharp-fejsze-es-keselezo","status":"publish","type":"product","link":"https:\/\/tajkertesz.com\/en_US\/product\/fiskars-xsharp-fejsze-es-keselezo\/","title":{"rendered":"Fiskars Xsharp fejsze- \u00e9s k\u00e9s\u00e9lez\u0151"},"content":{"rendered":"<h2>Fiskars Xsharp fejsze- \u00e9s k\u00e9s\u00e9lez\u0151<\/h2>\n<p>Fiskars Xsharp fejsze- \u00e9s k\u00e9s\u00e9lez\u0151<\/p>\n<p>Kett\u0151 az egyben kivitel: az Xsharp\u2122 rendszeres haszn\u00e1lat\u00e1val szakszer\u0171en tarthatja karban fejsz\u00e9i \u00e9s k\u00e9sei \u00e9l\u00e9t<br \/>\nKer\u00e1mia k\u00f6sz\u00f6r\u0171k\u0151 Fiskars eszk\u00f6z\u00f6k \u00e9lez\u00e9s\u00e9hez optimaliz\u00e1lt \u00e9lez\u00e9si sz\u00f6g<br \/>\nEgyszer\u0171en haszn\u00e1lhat\u00f3 \u00e9s k\u00e9nyelmesen hordozhat\u00f3.<\/p>\n<div>\n<div class=\"ezxmltext-field\">\n<p>A Fiskars Xsharp\u2122a szersz\u00e1moskamra felbecs\u00fclhetetlen kieg\u00e9sz\u00edt\u0151je lehet. K\u00f6nnyen sz\u00e1ll\u00edthat\u00f3, \u00e9s jobb- \u00e9s balkezesek is haszn\u00e1lhatj\u00e1k. Az egyszer\u0171 kezel\u00e9si mechanizmus \u00e9s a rec\u00e9s ker\u00e1mia k\u00f6sz\u00f6r\u0171k\u0151 biztos\u00edtja az optim\u00e1lis \u00e9less\u00e9get \u00e9s ezzel a fejsze vagy a k\u00e9s hossz\u00fa \u00e9lettartam\u00e1t.<\/p>\n<p>A szersz\u00e1m alja cs\u00fasz\u00e1smentes, \u00edgy stabil alapot ad az \u00e9lez\u00e9shez. K\u00f6nnyen tiszt\u00edthat\u00f3. A Fiskars Xsharp\u2122 \u00e9lez\u0151vel gond n\u00e9lk\u00fcl \u00e9lezhet.<\/p>\n<\/div>\n<\/div>\n<div class=\"product-features\">\n<div class=\"ezxmltext-field\">\n<ul>\n<li>Rendszeres haszn\u00e1lat\u00e1val szakszer\u0171en tarthatja karban fejsz\u00e9it \u00e9s k\u00e9seit<\/li>\n<li>Kett\u0151 az egyben kivitel: ker\u00e1mia k\u00f6sz\u00f6r\u0171k\u0151 a fejsz\u00e9khez vagy a k\u00e9sekhez<\/li>\n<li>Optimaliz\u00e1lja az \u00e9lez\u00e9s sz\u00f6g\u00e9t<\/li>\n<li>Egyszer\u0171en haszn\u00e1lhat\u00f3 \u00e9s k\u00e9nyelmesen sz\u00e1ll\u00edthat\u00f3<\/li>\n<li>K\u00f6nnyen tiszt\u00edthat\u00f3, egyszer\u0171 kivitel<\/li>\n<\/ul>\n<p>&nbsp;<\/p>\n<p>El\u00e9rhet\u0151 t\u00f6bbf\u00e9le m\u00e9retben \u00e9s \u00e1rban.<\/p>\n<p><strong>K\u00e9szlet\u00fcnk napi szinten v\u00e1ltozik, ez\u00e9rt k\u00e9rj\u00fck, \u00e9rdekl\u0151dj\u00f6n szem\u00e9lyesen, telefonon vagy email-en.<br \/>\nA v\u00e1ltoztat\u00e1s jog\u00e1t fenntartjuk!\u00a0<\/strong><\/p>\n<p><a href=\"https:\/\/tajkertesz.com\/\">https:\/\/tajkertesz.com\/<\/a><\/p>\n<p><a href=\"https:\/\/www.facebook.com\/tajkertesz\/\">https:\/\/www.facebook.com\/tajkertesz\/<\/a><\/p>\n<p>Kisz\u00e1ll\u00edt\u00e1s: 200cm-ig \u00a0\u00e9s 40 kg-ig a sz\u00e1ll\u00edt\u00e1s fut\u00e1rszolg\u00e1lattal \u00a0t\u00f6rt\u00e9nik.<\/p>\n<p>Szem\u00e9lyes \u00e1tv\u00e9tel nyitvatart\u00e1si id\u0151ben a 17. ker\u00fclet Bakancsos utca 7. sz\u00e1m alatti Kert\u00e9szeti \u00e1rud\u00e1ban.<\/p>\n<h6>A Fiskars Xsharp\u2122a szersz\u00e1moskamra felbecs\u00fclhetetlen kieg\u00e9sz\u00edt\u0151je lehet. K\u00f6nnyen sz\u00e1ll\u00edthat\u00f3, \u00e9s jobb- \u00e9s balkezesek is haszn\u00e1lhatj\u00e1k. Az egyszer\u0171 kezel\u00e9si mechanizmus \u00e9s a rec\u00e9s ker\u00e1mia k\u00f6sz\u00f6r\u0171k\u0151 biztos\u00edtja az optim\u00e1lis \u00e9less\u00e9get \u00e9s ezzel a fejsze vagy a k\u00e9s hossz\u00fa \u00e9lettartam\u00e1t.<\/h6>\n<\/div>\n<\/div>\n<p>&nbsp;<\/p>","protected":false},"excerpt":{"rendered":"<h2>Fiskars Xsharp fejsze- \u00e9s k\u00e9s\u00e9lez\u0151<\/h2>\n<p>A Fiskars Xsharp\u2122a szersz\u00e1moskamra felbecs\u00fclhetetlen kieg\u00e9sz\u00edt\u0151je lehet. Az egyszer\u0171 kezel\u00e9si mechanizmus \u00e9s a rec\u00e9s ker\u00e1mia k\u00f6sz\u00f6r\u0171k\u0151 biztos\u00edtja az optim\u00e1lis \u00e9less\u00e9get \u00e9s ezzel a fejsze vagy a k\u00e9s hossz\u00fa \u00e9lettartam\u00e1t&#8230;<\/p>\n<p><strong>K\u00e9szlet\u00fcnk napi szinten v\u00e1ltozik, ez\u00e9rt k\u00e9rj\u00fck, \u00e9rdekl\u0151dj\u00f6n szem\u00e9lyesen, telefonon vagy email-en.<br \/>\nA v\u00e1ltoztat\u00e1s jog\u00e1t fenntartjuk!\u00a0<\/strong><\/p>\n<p>&nbsp;<\/p>","protected":false},"featured_media":18614,"template":"","meta":{"_et_pb_use_builder":"","_et_pb_old_content":"","_et_gb_content_width":""},"product_brand":[],"product_cat":[4321,4617],"product_tag":[4629,4630,116,4623],"class_list":{"0":"post-18612","1":"product","2":"type-product","3":"status-publish","4":"has-post-thumbnail","6":"product_cat-fiskars-fejszek","7":"product_cat-fiskars-haztartasi-termekek","8":"product_tag-elezo","9":"product_tag-fejszeelezo","10":"product_tag-fiskars","11":"product_tag-keselezo","13":"first","14":"instock","15":"shipping-taxable","16":"purchasable","17":"product-type-simple"},"yoast_head":"<!-- This site is optimized with the Yoast SEO plugin v27.4 - https:\/\/yoast.com\/product\/yoast-seo-wordpress\/ -->\n<title>Fiskars Xsharp fejsze- \u00e9s k\u00e9s\u00e9lez\u0151 - T\u00e1jkert\u00e9sz<\/title>\n<meta name=\"description\" content=\"Fiskars Xsharp fejsze- \u00e9s k\u00e9s\u00e9lez\u0151. Az egyszer\u0171 kezel\u00e9si mechanizmus \u00e9s a rec\u00e9s ker\u00e1mia k\u00f6sz\u00f6r\u0171k\u0151 biztos\u00edtja az optim\u00e1lis \u00e9less\u00e9get \u00e9s ezzel a fejsze vagy..\" \/>\n<meta name=\"robots\" content=\"index, follow, max-snippet:-1, max-image-preview:large, max-video-preview:-1\" \/>\n<link rel=\"canonical\" href=\"https:\/\/tajkertesz.com\/en_US\/product\/fiskars-xsharp-fejsze-es-keselezo\/\" \/>\n<meta property=\"og:locale\" content=\"en_US\" \/>\n<meta property=\"og:type\" content=\"article\" \/>\n<meta property=\"og:title\" content=\"Fiskars Xsharp fejsze- \u00e9s k\u00e9s\u00e9lez\u0151 - T\u00e1jkert\u00e9sz\" \/>\n<meta property=\"og:description\" content=\"Fiskars Xsharp fejsze- \u00e9s k\u00e9s\u00e9lez\u0151. Az egyszer\u0171 kezel\u00e9si mechanizmus \u00e9s a rec\u00e9s ker\u00e1mia k\u00f6sz\u00f6r\u0171k\u0151 biztos\u00edtja az optim\u00e1lis \u00e9less\u00e9get \u00e9s ezzel a fejsze vagy..\" \/>\n<meta property=\"og:url\" content=\"https:\/\/tajkertesz.com\/en_US\/product\/fiskars-xsharp-fejsze-es-keselezo\/\" \/>\n<meta property=\"og:site_name\" content=\"T\u00e1jkert\u00e9sz\" \/>\n<meta property=\"article:publisher\" content=\"https:\/\/www.facebook.com\/Tajkertesz\/\" \/>\n<meta property=\"article:modified_time\" content=\"2026-02-13T15:20:50+00:00\" \/>\n<meta property=\"og:image\" content=\"https:\/\/tajkertesz.com\/wp-content\/uploads\/2024\/01\/120740.jpg\" \/>\n\t<meta property=\"og:image:width\" content=\"496\" \/>\n\t<meta property=\"og:image:height\" content=\"664\" \/>\n\t<meta property=\"og:image:type\" content=\"image\/jpeg\" \/>\n<meta name=\"twitter:card\" content=\"summary_large_image\" \/>\n<meta name=\"twitter:label1\" content=\"Est. reading time\" \/>\n\t<meta name=\"twitter:data1\" content=\"2 minutes\" \/>\n<script type=\"application\/ld+json\" class=\"yoast-schema-graph\">{\"@context\":\"https:\\\/\\\/schema.org\",\"@graph\":[{\"@type\":\"WebPage\",\"@id\":\"https:\\\/\\\/tajkertesz.com\\\/termek\\\/fiskars-xsharp-fejsze-es-keselezo\\\/\",\"url\":\"https:\\\/\\\/tajkertesz.com\\\/termek\\\/fiskars-xsharp-fejsze-es-keselezo\\\/\",\"name\":\"Fiskars Xsharp fejsze- \u00e9s k\u00e9s\u00e9lez\u0151 - T\u00e1jkert\u00e9sz\",\"isPartOf\":{\"@id\":\"https:\\\/\\\/tajkertesz.com\\\/#website\"},\"primaryImageOfPage\":{\"@id\":\"https:\\\/\\\/tajkertesz.com\\\/termek\\\/fiskars-xsharp-fejsze-es-keselezo\\\/#primaryimage\"},\"image\":{\"@id\":\"https:\\\/\\\/tajkertesz.com\\\/termek\\\/fiskars-xsharp-fejsze-es-keselezo\\\/#primaryimage\"},\"thumbnailUrl\":\"https:\\\/\\\/tajkertesz.com\\\/wp-content\\\/uploads\\\/2024\\\/01\\\/120740.jpg\",\"datePublished\":\"2024-01-18T11:11:07+00:00\",\"dateModified\":\"2026-02-13T15:20:50+00:00\",\"description\":\"Fiskars Xsharp fejsze- \u00e9s k\u00e9s\u00e9lez\u0151. Az egyszer\u0171 kezel\u00e9si mechanizmus \u00e9s a rec\u00e9s ker\u00e1mia k\u00f6sz\u00f6r\u0171k\u0151 biztos\u00edtja az optim\u00e1lis \u00e9less\u00e9get \u00e9s ezzel a fejsze vagy..\",\"breadcrumb\":{\"@id\":\"https:\\\/\\\/tajkertesz.com\\\/termek\\\/fiskars-xsharp-fejsze-es-keselezo\\\/#breadcrumb\"},\"inLanguage\":\"en-US\",\"potentialAction\":[{\"@type\":\"ReadAction\",\"target\":[\"https:\\\/\\\/tajkertesz.com\\\/termek\\\/fiskars-xsharp-fejsze-es-keselezo\\\/\"]}]},{\"@type\":\"ImageObject\",\"inLanguage\":\"en-US\",\"@id\":\"https:\\\/\\\/tajkertesz.com\\\/termek\\\/fiskars-xsharp-fejsze-es-keselezo\\\/#primaryimage\",\"url\":\"https:\\\/\\\/tajkertesz.com\\\/wp-content\\\/uploads\\\/2024\\\/01\\\/120740.jpg\",\"contentUrl\":\"https:\\\/\\\/tajkertesz.com\\\/wp-content\\\/uploads\\\/2024\\\/01\\\/120740.jpg\",\"width\":496,\"height\":664},{\"@type\":\"BreadcrumbList\",\"@id\":\"https:\\\/\\\/tajkertesz.com\\\/termek\\\/fiskars-xsharp-fejsze-es-keselezo\\\/#breadcrumb\",\"itemListElement\":[{\"@type\":\"ListItem\",\"position\":1,\"name\":\"Home\",\"item\":\"https:\\\/\\\/tajkertesz.com\\\/\"},{\"@type\":\"ListItem\",\"position\":2,\"name\":\"Kezd\u0151lap\",\"item\":\"https:\\\/\\\/tajkertesz.com\\\/\"},{\"@type\":\"ListItem\",\"position\":3,\"name\":\"Fiskars Xsharp fejsze- \u00e9s k\u00e9s\u00e9lez\u0151\"}]},{\"@type\":\"WebSite\",\"@id\":\"https:\\\/\\\/tajkertesz.com\\\/#website\",\"url\":\"https:\\\/\\\/tajkertesz.com\\\/\",\"name\":\"T\u00e1j-Kert\u00e9sz 84 Kft.\",\"description\":\"Kert\u00e9szeti kis- \u00e9s nagykeresked\u00e9s, D\u00edszn\u00f6v\u00e9ny web\u00e1ruh\u00e1z orsz\u00e1gos h\u00e1zhozsz\u00e1ll\u00edt\u00e1ssal!\",\"publisher\":{\"@id\":\"https:\\\/\\\/tajkertesz.com\\\/#organization\"},\"potentialAction\":[{\"@type\":\"SearchAction\",\"target\":{\"@type\":\"EntryPoint\",\"urlTemplate\":\"https:\\\/\\\/tajkertesz.com\\\/?s={search_term_string}\"},\"query-input\":{\"@type\":\"PropertyValueSpecification\",\"valueRequired\":true,\"valueName\":\"search_term_string\"}}],\"inLanguage\":\"en-US\"},{\"@type\":\"Organization\",\"@id\":\"https:\\\/\\\/tajkertesz.com\\\/#organization\",\"name\":\"T\u00e1j-Kert\u00e9sz 84 Kft.\",\"url\":\"https:\\\/\\\/tajkertesz.com\\\/\",\"logo\":{\"@type\":\"ImageObject\",\"inLanguage\":\"en-US\",\"@id\":\"https:\\\/\\\/tajkertesz.com\\\/#\\\/schema\\\/logo\\\/image\\\/\",\"url\":\"https:\\\/\\\/tajkertesz.com\\\/wp-content\\\/uploads\\\/2018\\\/02\\\/logo-2-e1518678052539.png\",\"contentUrl\":\"https:\\\/\\\/tajkertesz.com\\\/wp-content\\\/uploads\\\/2018\\\/02\\\/logo-2-e1518678052539.png\",\"width\":81,\"height\":140,\"caption\":\"T\u00e1j-Kert\u00e9sz 84 Kft.\"},\"image\":{\"@id\":\"https:\\\/\\\/tajkertesz.com\\\/#\\\/schema\\\/logo\\\/image\\\/\"},\"sameAs\":[\"https:\\\/\\\/www.facebook.com\\\/Tajkertesz\\\/\"]}]}<\/script>\n<!-- \/ Yoast SEO plugin. -->","yoast_head_json":{"title":"Fiskars Xsharp fejsze- \u00e9s k\u00e9s\u00e9lez\u0151 - T\u00e1jkert\u00e9sz","description":"Fiskars Xsharp fejsze- \u00e9s k\u00e9s\u00e9lez\u0151. Az egyszer\u0171 kezel\u00e9si mechanizmus \u00e9s a rec\u00e9s ker\u00e1mia k\u00f6sz\u00f6r\u0171k\u0151 biztos\u00edtja az optim\u00e1lis \u00e9less\u00e9get \u00e9s ezzel a fejsze vagy..","robots":{"index":"index","follow":"follow","max-snippet":"max-snippet:-1","max-image-preview":"max-image-preview:large","max-video-preview":"max-video-preview:-1"},"canonical":"https:\/\/tajkertesz.com\/en_US\/product\/fiskars-xsharp-fejsze-es-keselezo\/","og_locale":"en_US","og_type":"article","og_title":"Fiskars Xsharp fejsze- \u00e9s k\u00e9s\u00e9lez\u0151 - T\u00e1jkert\u00e9sz","og_description":"Fiskars Xsharp fejsze- \u00e9s k\u00e9s\u00e9lez\u0151. Az egyszer\u0171 kezel\u00e9si mechanizmus \u00e9s a rec\u00e9s ker\u00e1mia k\u00f6sz\u00f6r\u0171k\u0151 biztos\u00edtja az optim\u00e1lis \u00e9less\u00e9get \u00e9s ezzel a fejsze vagy..","og_url":"https:\/\/tajkertesz.com\/en_US\/product\/fiskars-xsharp-fejsze-es-keselezo\/","og_site_name":"T\u00e1jkert\u00e9sz","article_publisher":"https:\/\/www.facebook.com\/Tajkertesz\/","article_modified_time":"2026-02-13T15:20:50+00:00","og_image":[{"width":496,"height":664,"url":"https:\/\/tajkertesz.com\/wp-content\/uploads\/2024\/01\/120740.jpg","type":"image\/jpeg"}],"twitter_card":"summary_large_image","twitter_misc":{"Est. reading time":"2 minutes"},"schema":{"@context":"https:\/\/schema.org","@graph":[{"@type":"WebPage","@id":"https:\/\/tajkertesz.com\/termek\/fiskars-xsharp-fejsze-es-keselezo\/","url":"https:\/\/tajkertesz.com\/termek\/fiskars-xsharp-fejsze-es-keselezo\/","name":"Fiskars Xsharp fejsze- \u00e9s k\u00e9s\u00e9lez\u0151 - T\u00e1jkert\u00e9sz","isPartOf":{"@id":"https:\/\/tajkertesz.com\/#website"},"primaryImageOfPage":{"@id":"https:\/\/tajkertesz.com\/termek\/fiskars-xsharp-fejsze-es-keselezo\/#primaryimage"},"image":{"@id":"https:\/\/tajkertesz.com\/termek\/fiskars-xsharp-fejsze-es-keselezo\/#primaryimage"},"thumbnailUrl":"https:\/\/tajkertesz.com\/wp-content\/uploads\/2024\/01\/120740.jpg","datePublished":"2024-01-18T11:11:07+00:00","dateModified":"2026-02-13T15:20:50+00:00","description":"Fiskars Xsharp fejsze- \u00e9s k\u00e9s\u00e9lez\u0151. Az egyszer\u0171 kezel\u00e9si mechanizmus \u00e9s a rec\u00e9s ker\u00e1mia k\u00f6sz\u00f6r\u0171k\u0151 biztos\u00edtja az optim\u00e1lis \u00e9less\u00e9get \u00e9s ezzel a fejsze vagy..","breadcrumb":{"@id":"https:\/\/tajkertesz.com\/termek\/fiskars-xsharp-fejsze-es-keselezo\/#breadcrumb"},"inLanguage":"en-US","potentialAction":[{"@type":"ReadAction","target":["https:\/\/tajkertesz.com\/termek\/fiskars-xsharp-fejsze-es-keselezo\/"]}]},{"@type":"ImageObject","inLanguage":"en-US","@id":"https:\/\/tajkertesz.com\/termek\/fiskars-xsharp-fejsze-es-keselezo\/#primaryimage","url":"https:\/\/tajkertesz.com\/wp-content\/uploads\/2024\/01\/120740.jpg","contentUrl":"https:\/\/tajkertesz.com\/wp-content\/uploads\/2024\/01\/120740.jpg","width":496,"height":664},{"@type":"BreadcrumbList","@id":"https:\/\/tajkertesz.com\/termek\/fiskars-xsharp-fejsze-es-keselezo\/#breadcrumb","itemListElement":[{"@type":"ListItem","position":1,"name":"Home","item":"https:\/\/tajkertesz.com\/"},{"@type":"ListItem","position":2,"name":"Kezd\u0151lap","item":"https:\/\/tajkertesz.com\/"},{"@type":"ListItem","position":3,"name":"Fiskars Xsharp fejsze- \u00e9s k\u00e9s\u00e9lez\u0151"}]},{"@type":"WebSite","@id":"https:\/\/tajkertesz.com\/#website","url":"https:\/\/tajkertesz.com\/","name":"T\u00e1j-Kert\u00e9sz 84 Kft.","description":"Kert\u00e9szeti kis- \u00e9s nagykeresked\u00e9s, D\u00edszn\u00f6v\u00e9ny web\u00e1ruh\u00e1z orsz\u00e1gos h\u00e1zhozsz\u00e1ll\u00edt\u00e1ssal!","publisher":{"@id":"https:\/\/tajkertesz.com\/#organization"},"potentialAction":[{"@type":"SearchAction","target":{"@type":"EntryPoint","urlTemplate":"https:\/\/tajkertesz.com\/?s={search_term_string}"},"query-input":{"@type":"PropertyValueSpecification","valueRequired":true,"valueName":"search_term_string"}}],"inLanguage":"en-US"},{"@type":"Organization","@id":"https:\/\/tajkertesz.com\/#organization","name":"T\u00e1j-Kert\u00e9sz 84 Kft.","url":"https:\/\/tajkertesz.com\/","logo":{"@type":"ImageObject","inLanguage":"en-US","@id":"https:\/\/tajkertesz.com\/#\/schema\/logo\/image\/","url":"https:\/\/tajkertesz.com\/wp-content\/uploads\/2018\/02\/logo-2-e1518678052539.png","contentUrl":"https:\/\/tajkertesz.com\/wp-content\/uploads\/2018\/02\/logo-2-e1518678052539.png","width":81,"height":140,"caption":"T\u00e1j-Kert\u00e9sz 84 Kft."},"image":{"@id":"https:\/\/tajkertesz.com\/#\/schema\/logo\/image\/"},"sameAs":["https:\/\/www.facebook.com\/Tajkertesz\/"]}]}},"_links":{"self":[{"href":"https:\/\/tajkertesz.com\/en_US\/wp-json\/wp\/v2\/product\/18612","targetHints":{"allow":["GET"]}}],"collection":[{"href":"https:\/\/tajkertesz.com\/en_US\/wp-json\/wp\/v2\/product"}],"about":[{"href":"https:\/\/tajkertesz.com\/en_US\/wp-json\/wp\/v2\/types\/product"}],"wp:featuredmedia":[{"embeddable":true,"href":"https:\/\/tajkertesz.com\/en_US\/wp-json\/wp\/v2\/media\/18614"}],"wp:attachment":[{"href":"https:\/\/tajkertesz.com\/en_US\/wp-json\/wp\/v2\/media?parent=18612"}],"wp:term":[{"taxonomy":"product_brand","embeddable":true,"href":"https:\/\/tajkertesz.com\/en_US\/wp-json\/wp\/v2\/product_brand?post=18612"},{"taxonomy":"product_cat","embeddable":true,"href":"https:\/\/tajkertesz.com\/en_US\/wp-json\/wp\/v2\/product_cat?post=18612"},{"taxonomy":"product_tag","embeddable":true,"href":"https:\/\/tajkertesz.com\/en_US\/wp-json\/wp\/v2\/product_tag?post=18612"}],"curies":[{"name":"wp","href":"https:\/\/api.w.org\/{rel}","templated":true}]}}