{"id":18615,"date":"2024-01-18T11:22:49","date_gmt":"2024-01-18T11:22:49","guid":{"rendered":"https:\/\/tajkertesz.com\/?post_type=product&#038;p=18615"},"modified":"2024-01-18T11:22:50","modified_gmt":"2024-01-18T11:22:50","slug":"fiskars-functional-form-hamozo-y-formaju","status":"publish","type":"product","link":"https:\/\/tajkertesz.com\/en_US\/product\/fiskars-functional-form-hamozo-y-formaju\/","title":{"rendered":"Fiskars Functional Form H\u00e1moz\u00f3 (y-form\u00e1j\u00fa)"},"content":{"rendered":"<h2>Fiskars Functional Form H\u00e1moz\u00f3 (y-form\u00e1j\u00fa)<\/h2>\n<pre>Fiskars Functional Form H\u00e1moz\u00f3 (y-form\u00e1j\u00fa)<\/pre>\n<p>T\u00f6k\u00e9letes hossz\u00fak\u00e1s z\u00f6lds\u00e9gek, p\u00e9ld\u00e1ul uborka \u00e9s r\u00e9pa h\u00e1moz\u00e1s\u00e1shoz.<\/p>\n<div class=\"main__title\">\n<div class=\"container\">\n<h1 class=\"main-title\">Konyhai kieg\u00e9sz\u00edt\u0151k<\/h1>\n<\/div>\n<\/div>\n<div id=\"page_art_content\" class=\"page_content\">\n<section id=\"custom-content-top\" class=\"custom-content custom-content--top custom-content--page_shop_art_759528\">\n<div class=\"custom-content__container container\">\n<div class=\"read-more is-processed\">\n<div class=\"read-more__content custom-content__content page_txt\">\n<p>Ha valaki szeret f\u0151zni, az \u00e1ltal\u00e1ban annak k\u00f6sz\u00f6nhet\u0151, hogy ismeri azokat az apr\u00f3 tr\u00fckk\u00f6ket \u00e9s praktik\u00e1kat, amelyekkel megk\u00f6nny\u00edti a dolg\u00e1t. A Fiskars konyhai kieg\u00e9sz\u00edt\u0151k is pontosan ugyanezt a c\u00e9lt szolg\u00e1lj\u00e1k! Ezeket a hasznos eszk\u00f6z\u00f6ket az\u00e9rt fejlesztett\u00e9k ki, hogy meggyors\u00edts\u00e1k \u00e9s leegyszer\u0171s\u00edts\u00e9k azokat a konyhai m\u0171veleteket, amik egy\u00e9bk\u00e9nt id\u0151ig\u00e9nyesek \u00e9s f\u00e1raszt\u00f3ak lenn\u00e9nek. Seg\u00edts\u00e9g\u00fckkel sokkal hamarabb v\u00e9gezhet p\u00e9ld\u00e1ul a h\u00e1moz\u00e1ssal, szeletel\u00e9ssel, kever\u00e9ssel, \u00edgy t\u00f6bb ideje marad azokra a dolgokra, amelyeket val\u00f3ban sz\u00edvesen v\u00e9gez.<\/p>\n<\/div>\n<\/div>\n<\/div>\n<\/section>\n<\/div>\n<div class=\"data__item col-md-6 col-xl-4 data__item-param\">\n<div class=\"data__item-param-inner\">\n<div class=\"row gutters-5 h-100 align-items-center py-2\">\n<div id=\"page_artdet_product_param_title_450237\" class=\"data__item-title col-5\">\n<div class=\"artdet__param-title\"><span class=\"param-name\">Sz\u00edn<\/span>: Fekete<\/div>\n<\/div>\n<div id=\"page_artdet_product_param_value_450237\" class=\"data__item-value col-7\">\n<div class=\"artdet__param-value\">\n<div class=\"artdet__param-type--color\"><\/div>\n<\/div>\n<\/div>\n<\/div>\n<\/div>\n<\/div>\n<div class=\"data__item col-md-6 col-xl-4 data__item-param\">\n<div class=\"data__item-param-inner\">\n<div class=\"row gutters-5 h-100 align-items-center py-2\">\n<div id=\"page_artdet_product_param_title_14843\" class=\"data__item-title col-5\">\n<div class=\"artdet__param-title\"><span class=\"param-name\">Penge m\u00e9ret<\/span>: 11 cm<\/div>\n<\/div>\n<\/div>\n<\/div>\n<\/div>\n<div class=\"data__item col-md-6 col-xl-4 data__item-param\">\n<div class=\"data__item-param-inner\">\n<div class=\"row gutters-5 h-100 align-items-center py-2\">\n<div id=\"page_artdet_product_param_title_14845\" class=\"data__item-title col-5\">\n<div class=\"artdet__param-title\"><span class=\"param-name\">S\u00faly<\/span>: 57 gramm<\/div>\n<\/div>\n<\/div>\n<\/div>\n<\/div>\n<div class=\"data__item col-md-6 col-xl-4 data__item-param\">\n<div class=\"data__item-param-inner\">\n<div class=\"row gutters-5 h-100 align-items-center py-2\">\n<div id=\"page_artdet_product_param_title_14445\" class=\"data__item-title col-5\">\n<div class=\"artdet__param-title\"><span class=\"param-name\">Penge anyaga<\/span>: Rozsdamentes ac\u00e9l<\/div>\n<\/div>\n<\/div>\n<\/div>\n<\/div>\n<div class=\"data__item col-md-6 col-xl-4 data__item-param\">\n<div class=\"data__item-param-inner\">\n<div class=\"row gutters-5 h-100 align-items-center py-2\">\n<div id=\"page_artdet_product_param_title_14448\" class=\"data__item-title col-5\">\n<div class=\"artdet__param-title\"><span class=\"param-name\">Tiszt\u00edt\u00e1s<\/span>: mosogat\u00f3g\u00e9pben tiszt\u00edthat\u00f3<\/div>\n<\/div>\n<\/div>\n<\/div>\n<\/div>\n<div class=\"data__item col-md-6 col-xl-4 data__item-param\">\n<div class=\"data__item-param-inner\">\n<div class=\"row gutters-5 h-100 align-items-center py-2\">\n<div id=\"page_artdet_product_param_title_14446\" class=\"data__item-title col-5\">\n<div class=\"artdet__param-title\"><span class=\"param-name\">M\u00e1rka<\/span>: Fiskars<\/div>\n<\/div>\n<\/div>\n<\/div>\n<\/div>\n<div class=\"data__item col-md-6 col-xl-4 data__item-param\">\n<div class=\"data__item-param-inner\">\n<div class=\"row gutters-5 h-100 align-items-center py-2\">\n<div id=\"page_artdet_product_param_title_21088\" class=\"data__item-title col-5\">\n<div class=\"artdet__param-title\"><span class=\"param-name\">Sz\u00e1rmaz\u00e1si hely<\/span>: K\u00edna<\/div>\n<\/div>\n<\/div>\n<\/div>\n<\/div>\n<div class=\"data__item col-md-6 col-xl-4 data__item-param\">\n<div class=\"data__item-param-inner\">\n<div class=\"row gutters-5 h-100 align-items-center py-2\">\n<div id=\"page_artdet_product_param_title_26219\" class=\"data__item-title col-5\">\n<div class=\"artdet__param-title\"><span class=\"param-name\">Garancia<\/span>: 1 \u00e9v<\/div>\n<\/div>\n<\/div>\n<\/div>\n<\/div>\n<div class=\"data__item col-md-6 col-xl-4 data__item-param\">\n<div class=\"data__item-param-inner\">\n<div class=\"row gutters-5 h-100 align-items-center py-2\">\n<div id=\"page_artdet_product_param_title_319448\" class=\"data__item-title col-5\">\n<div class=\"artdet__param-title\"><span class=\"param-name\">Sz\u00e9ria<\/span>: Functional Form<\/div>\n<\/div>\n<\/div>\n<\/div>\n<\/div>\n<div class=\"data__item col-md-6 col-xl-4 data__item-param\">\n<div class=\"data__item-param-inner\">\n<div class=\"row gutters-5 h-100 align-items-center py-2\">\n<div id=\"page_artdet_product_param_title_368265\" class=\"data__item-title col-5\">\n<div class=\"artdet__param-title\"><span class=\"param-name\">EAN<\/span>: 6424002001799<\/div>\n<\/div>\n<\/div>\n<\/div>\n<\/div>\n<div class=\"data__item col-md-6 col-xl-4 data__item-param\">\n<div class=\"data__item-param-inner\">\n<div class=\"row gutters-5 h-100 align-items-center py-2\">\n<div id=\"page_artdet_product_param_title_484119\" class=\"data__item-title col-5\">\n<div class=\"artdet__param-title\"><span class=\"param-name\">Gy\u00e1ri sz\u00e1m<\/span>: 200179<\/div>\n<\/div>\n<\/div>\n<\/div>\n<\/div>\n<div class=\"data__item col-md-6 col-xl-4 data__item-param\">\n<div class=\"data__item-param-inner\">\n<div class=\"row gutters-5 h-100 align-items-center py-2\">\n<div id=\"page_artdet_product_param_title_2682679\" class=\"data__item-title col-5\">\n<div class=\"artdet__param-title\"><span class=\"param-name\">Csomagol\u00e1s<\/span>: bliszter<\/div>\n<\/div>\n<\/div>\n<\/div>\n<\/div>\n<div>\n<p>El\u00e9rhet\u0151 t\u00f6bbf\u00e9le m\u00e9retben \u00e9s \u00e1rban.<\/p>\n<p><strong>K\u00e9szlet\u00fcnk napi szinten v\u00e1ltozik, ez\u00e9rt k\u00e9rj\u00fck, \u00e9rdekl\u0151dj\u00f6n szem\u00e9lyesen, telefonon vagy email-en.<br \/>\nA v\u00e1ltoztat\u00e1s jog\u00e1t fenntartjuk!\u00a0<\/strong><\/p>\n<p>&nbsp;<\/p>\n<p><a href=\"https:\/\/tajkertesz.com\/\">https:\/\/tajkertesz.com\/<\/a><\/p>\n<p><a href=\"https:\/\/www.facebook.com\/tajkertesz\/\">https:\/\/www.facebook.com\/tajkertesz\/<\/a><\/p>\n<p>Kisz\u00e1ll\u00edt\u00e1s: 200cm-ig \u00a0\u00e9s 40 kg-ig a sz\u00e1ll\u00edt\u00e1s fut\u00e1rszolg\u00e1lattal \u00a0t\u00f6rt\u00e9nik.<\/p>\n<p>Szem\u00e9lyes \u00e1tv\u00e9tel nyitvatart\u00e1si id\u0151ben a 17. ker\u00fclet Bakancsos utca 7. sz\u00e1m alatti Kert\u00e9szeti \u00e1rud\u00e1ban.<\/p>\n<p>&nbsp;<\/p>\n<h6><span style=\"color: #ffffff;\">Fiskars Functional Form H\u00e1moz\u00f3 (y-form\u00e1j\u00fa)<\/span><\/h6>\n<h6><span style=\"color: #ffffff;\">Ha valaki szeret f\u0151zni, az \u00e1ltal\u00e1ban annak k\u00f6sz\u00f6nhet\u0151, hogy ismeri azokat az apr\u00f3 tr\u00fckk\u00f6ket \u00e9s praktik\u00e1kat, amelyekkel megk\u00f6nny\u00edti a dolg\u00e1t. A Fiskars konyhai kieg\u00e9sz\u00edt\u0151k is pontosan ugyanezt a c\u00e9lt szolg\u00e1lj\u00e1k! Ezeket a hasznos eszk\u00f6z\u00f6ket az\u00e9rt fejlesztett\u00e9k ki, hogy meggyors\u00edts\u00e1k \u00e9s leegyszer\u0171s\u00edts\u00e9k azokat a konyhai m\u0171veleteket, amik egy\u00e9bk\u00e9nt id\u0151ig\u00e9nyesek \u00e9s f\u00e1raszt\u00f3ak lenn\u00e9nek. Seg\u00edts\u00e9g\u00fckkel sokkal hamarabb v\u00e9gezhet p\u00e9ld\u00e1ul a h\u00e1moz\u00e1ssal, szeletel\u00e9ssel, kever\u00e9ssel, \u00edgy t\u00f6bb ideje marad azokra a dolgokra, amelyeket val\u00f3ban sz\u00edvesen v\u00e9gez.<\/span><\/h6>\n<\/div>\n<p>&nbsp;<\/p>\n<p>&nbsp;<\/p>","protected":false},"excerpt":{"rendered":"<h2>Fiskars Functional Form H\u00e1moz\u00f3 (y-form\u00e1j\u00fa)<\/h2>\n<p>T\u00f6k\u00e9letes hossz\u00fak\u00e1s z\u00f6lds\u00e9gek, p\u00e9ld\u00e1ul uborka \u00e9s r\u00e9pa h\u00e1moz\u00e1s\u00e1hoz&#8230;<\/p>\n<p><strong>K\u00e9szlet\u00fcnk napi szinten v\u00e1ltozik, ez\u00e9rt k\u00e9rj\u00fck, \u00e9rdekl\u0151dj\u00f6n szem\u00e9lyesen, telefonon vagy email-en.<br \/>\nA v\u00e1ltoztat\u00e1s jog\u00e1t fenntartjuk!\u00a0<\/strong><\/p>\n<p>&nbsp;<\/p>","protected":false},"featured_media":18616,"template":"","meta":{"_et_pb_use_builder":"","_et_pb_old_content":"","_et_gb_content_width":""},"product_brand":[],"product_cat":[4617],"product_tag":[116,4631,4624,4625,4632],"class_list":{"0":"post-18615","1":"product","2":"type-product","3":"status-publish","4":"has-post-thumbnail","6":"product_cat-fiskars-haztartasi-termekek","7":"product_tag-fiskars","8":"product_tag-hamozo","9":"product_tag-haztartas","10":"product_tag-konyha","11":"product_tag-zoldseghamozo","13":"first","14":"instock","15":"shipping-taxable","16":"purchasable","17":"product-type-simple"},"yoast_head":"<!-- This site is optimized with the Yoast SEO plugin v27.5 - https:\/\/yoast.com\/product\/yoast-seo-wordpress\/ -->\n<title>Fiskars Functional Form H\u00e1moz\u00f3 (y-form\u00e1j\u00fa) - T\u00e1jkert\u00e9sz<\/title>\n<meta name=\"description\" content=\"Fiskars Functional Form H\u00e1moz\u00f3 (y-form\u00e1j\u00fa). T\u00f6k\u00e9letes hossz\u00fak\u00e1s z\u00f6lds\u00e9gek, p\u00e9ld\u00e1ul uborka \u00e9s r\u00e9pa h\u00e1moz\u00e1s\u00e1hoz. Kert\u00e9szeti kis-\u00e9s nagykeresked\u00e9s...\" \/>\n<meta name=\"robots\" content=\"index, follow, max-snippet:-1, max-image-preview:large, max-video-preview:-1\" \/>\n<link rel=\"canonical\" href=\"https:\/\/tajkertesz.com\/en_US\/product\/fiskars-functional-form-hamozo-y-formaju\/\" \/>\n<meta property=\"og:locale\" content=\"en_US\" \/>\n<meta property=\"og:type\" content=\"article\" \/>\n<meta property=\"og:title\" content=\"Fiskars Functional Form H\u00e1moz\u00f3 (y-form\u00e1j\u00fa) - T\u00e1jkert\u00e9sz\" \/>\n<meta property=\"og:description\" content=\"Fiskars Functional Form H\u00e1moz\u00f3 (y-form\u00e1j\u00fa). T\u00f6k\u00e9letes hossz\u00fak\u00e1s z\u00f6lds\u00e9gek, p\u00e9ld\u00e1ul uborka \u00e9s r\u00e9pa h\u00e1moz\u00e1s\u00e1hoz. Kert\u00e9szeti kis-\u00e9s nagykeresked\u00e9s...\" \/>\n<meta property=\"og:url\" content=\"https:\/\/tajkertesz.com\/en_US\/product\/fiskars-functional-form-hamozo-y-formaju\/\" \/>\n<meta property=\"og:site_name\" content=\"T\u00e1jkert\u00e9sz\" \/>\n<meta property=\"article:publisher\" content=\"https:\/\/www.facebook.com\/Tajkertesz\/\" \/>\n<meta property=\"article:modified_time\" content=\"2024-01-18T11:22:50+00:00\" \/>\n<meta property=\"og:image\" content=\"https:\/\/tajkertesz.com\/wp-content\/uploads\/2024\/01\/200179-1.jpg\" \/>\n\t<meta property=\"og:image:width\" content=\"800\" \/>\n\t<meta property=\"og:image:height\" content=\"533\" \/>\n\t<meta property=\"og:image:type\" content=\"image\/jpeg\" \/>\n<meta name=\"twitter:card\" content=\"summary_large_image\" \/>\n<meta name=\"twitter:label1\" content=\"Est. reading time\" \/>\n\t<meta name=\"twitter:data1\" content=\"2 minutes\" \/>\n<script type=\"application\/ld+json\" class=\"yoast-schema-graph\">{\"@context\":\"https:\\\/\\\/schema.org\",\"@graph\":[{\"@type\":\"WebPage\",\"@id\":\"https:\\\/\\\/tajkertesz.com\\\/termek\\\/fiskars-functional-form-hamozo-y-formaju\\\/\",\"url\":\"https:\\\/\\\/tajkertesz.com\\\/termek\\\/fiskars-functional-form-hamozo-y-formaju\\\/\",\"name\":\"Fiskars Functional Form H\u00e1moz\u00f3 (y-form\u00e1j\u00fa) - T\u00e1jkert\u00e9sz\",\"isPartOf\":{\"@id\":\"https:\\\/\\\/tajkertesz.com\\\/#website\"},\"primaryImageOfPage\":{\"@id\":\"https:\\\/\\\/tajkertesz.com\\\/termek\\\/fiskars-functional-form-hamozo-y-formaju\\\/#primaryimage\"},\"image\":{\"@id\":\"https:\\\/\\\/tajkertesz.com\\\/termek\\\/fiskars-functional-form-hamozo-y-formaju\\\/#primaryimage\"},\"thumbnailUrl\":\"https:\\\/\\\/tajkertesz.com\\\/wp-content\\\/uploads\\\/2024\\\/01\\\/200179-1.jpg\",\"datePublished\":\"2024-01-18T11:22:49+00:00\",\"dateModified\":\"2024-01-18T11:22:50+00:00\",\"description\":\"Fiskars Functional Form H\u00e1moz\u00f3 (y-form\u00e1j\u00fa). T\u00f6k\u00e9letes hossz\u00fak\u00e1s z\u00f6lds\u00e9gek, p\u00e9ld\u00e1ul uborka \u00e9s r\u00e9pa h\u00e1moz\u00e1s\u00e1hoz. Kert\u00e9szeti kis-\u00e9s nagykeresked\u00e9s...\",\"breadcrumb\":{\"@id\":\"https:\\\/\\\/tajkertesz.com\\\/termek\\\/fiskars-functional-form-hamozo-y-formaju\\\/#breadcrumb\"},\"inLanguage\":\"en-US\",\"potentialAction\":[{\"@type\":\"ReadAction\",\"target\":[\"https:\\\/\\\/tajkertesz.com\\\/termek\\\/fiskars-functional-form-hamozo-y-formaju\\\/\"]}]},{\"@type\":\"ImageObject\",\"inLanguage\":\"en-US\",\"@id\":\"https:\\\/\\\/tajkertesz.com\\\/termek\\\/fiskars-functional-form-hamozo-y-formaju\\\/#primaryimage\",\"url\":\"https:\\\/\\\/tajkertesz.com\\\/wp-content\\\/uploads\\\/2024\\\/01\\\/200179-1.jpg\",\"contentUrl\":\"https:\\\/\\\/tajkertesz.com\\\/wp-content\\\/uploads\\\/2024\\\/01\\\/200179-1.jpg\",\"width\":800,\"height\":533},{\"@type\":\"BreadcrumbList\",\"@id\":\"https:\\\/\\\/tajkertesz.com\\\/termek\\\/fiskars-functional-form-hamozo-y-formaju\\\/#breadcrumb\",\"itemListElement\":[{\"@type\":\"ListItem\",\"position\":1,\"name\":\"Home\",\"item\":\"https:\\\/\\\/tajkertesz.com\\\/\"},{\"@type\":\"ListItem\",\"position\":2,\"name\":\"Kezd\u0151lap\",\"item\":\"https:\\\/\\\/tajkertesz.com\\\/\"},{\"@type\":\"ListItem\",\"position\":3,\"name\":\"Fiskars Functional Form H\u00e1moz\u00f3 (y-form\u00e1j\u00fa)\"}]},{\"@type\":\"WebSite\",\"@id\":\"https:\\\/\\\/tajkertesz.com\\\/#website\",\"url\":\"https:\\\/\\\/tajkertesz.com\\\/\",\"name\":\"T\u00e1j-Kert\u00e9sz 84 Kft.\",\"description\":\"Kert\u00e9szeti kis- \u00e9s nagykeresked\u00e9s, D\u00edszn\u00f6v\u00e9ny web\u00e1ruh\u00e1z orsz\u00e1gos h\u00e1zhozsz\u00e1ll\u00edt\u00e1ssal!\",\"publisher\":{\"@id\":\"https:\\\/\\\/tajkertesz.com\\\/#organization\"},\"potentialAction\":[{\"@type\":\"SearchAction\",\"target\":{\"@type\":\"EntryPoint\",\"urlTemplate\":\"https:\\\/\\\/tajkertesz.com\\\/?s={search_term_string}\"},\"query-input\":{\"@type\":\"PropertyValueSpecification\",\"valueRequired\":true,\"valueName\":\"search_term_string\"}}],\"inLanguage\":\"en-US\"},{\"@type\":\"Organization\",\"@id\":\"https:\\\/\\\/tajkertesz.com\\\/#organization\",\"name\":\"T\u00e1j-Kert\u00e9sz 84 Kft.\",\"url\":\"https:\\\/\\\/tajkertesz.com\\\/\",\"logo\":{\"@type\":\"ImageObject\",\"inLanguage\":\"en-US\",\"@id\":\"https:\\\/\\\/tajkertesz.com\\\/#\\\/schema\\\/logo\\\/image\\\/\",\"url\":\"https:\\\/\\\/tajkertesz.com\\\/wp-content\\\/uploads\\\/2018\\\/02\\\/logo-2-e1518678052539.png\",\"contentUrl\":\"https:\\\/\\\/tajkertesz.com\\\/wp-content\\\/uploads\\\/2018\\\/02\\\/logo-2-e1518678052539.png\",\"width\":81,\"height\":140,\"caption\":\"T\u00e1j-Kert\u00e9sz 84 Kft.\"},\"image\":{\"@id\":\"https:\\\/\\\/tajkertesz.com\\\/#\\\/schema\\\/logo\\\/image\\\/\"},\"sameAs\":[\"https:\\\/\\\/www.facebook.com\\\/Tajkertesz\\\/\"]}]}<\/script>\n<!-- \/ Yoast SEO plugin. -->","yoast_head_json":{"title":"Fiskars Functional Form H\u00e1moz\u00f3 (y-form\u00e1j\u00fa) - T\u00e1jkert\u00e9sz","description":"Fiskars Functional Form H\u00e1moz\u00f3 (y-form\u00e1j\u00fa). T\u00f6k\u00e9letes hossz\u00fak\u00e1s z\u00f6lds\u00e9gek, p\u00e9ld\u00e1ul uborka \u00e9s r\u00e9pa h\u00e1moz\u00e1s\u00e1hoz. Kert\u00e9szeti kis-\u00e9s nagykeresked\u00e9s...","robots":{"index":"index","follow":"follow","max-snippet":"max-snippet:-1","max-image-preview":"max-image-preview:large","max-video-preview":"max-video-preview:-1"},"canonical":"https:\/\/tajkertesz.com\/en_US\/product\/fiskars-functional-form-hamozo-y-formaju\/","og_locale":"en_US","og_type":"article","og_title":"Fiskars Functional Form H\u00e1moz\u00f3 (y-form\u00e1j\u00fa) - T\u00e1jkert\u00e9sz","og_description":"Fiskars Functional Form H\u00e1moz\u00f3 (y-form\u00e1j\u00fa). T\u00f6k\u00e9letes hossz\u00fak\u00e1s z\u00f6lds\u00e9gek, p\u00e9ld\u00e1ul uborka \u00e9s r\u00e9pa h\u00e1moz\u00e1s\u00e1hoz. Kert\u00e9szeti kis-\u00e9s nagykeresked\u00e9s...","og_url":"https:\/\/tajkertesz.com\/en_US\/product\/fiskars-functional-form-hamozo-y-formaju\/","og_site_name":"T\u00e1jkert\u00e9sz","article_publisher":"https:\/\/www.facebook.com\/Tajkertesz\/","article_modified_time":"2024-01-18T11:22:50+00:00","og_image":[{"width":800,"height":533,"url":"https:\/\/tajkertesz.com\/wp-content\/uploads\/2024\/01\/200179-1.jpg","type":"image\/jpeg"}],"twitter_card":"summary_large_image","twitter_misc":{"Est. reading time":"2 minutes"},"schema":{"@context":"https:\/\/schema.org","@graph":[{"@type":"WebPage","@id":"https:\/\/tajkertesz.com\/termek\/fiskars-functional-form-hamozo-y-formaju\/","url":"https:\/\/tajkertesz.com\/termek\/fiskars-functional-form-hamozo-y-formaju\/","name":"Fiskars Functional Form H\u00e1moz\u00f3 (y-form\u00e1j\u00fa) - T\u00e1jkert\u00e9sz","isPartOf":{"@id":"https:\/\/tajkertesz.com\/#website"},"primaryImageOfPage":{"@id":"https:\/\/tajkertesz.com\/termek\/fiskars-functional-form-hamozo-y-formaju\/#primaryimage"},"image":{"@id":"https:\/\/tajkertesz.com\/termek\/fiskars-functional-form-hamozo-y-formaju\/#primaryimage"},"thumbnailUrl":"https:\/\/tajkertesz.com\/wp-content\/uploads\/2024\/01\/200179-1.jpg","datePublished":"2024-01-18T11:22:49+00:00","dateModified":"2024-01-18T11:22:50+00:00","description":"Fiskars Functional Form H\u00e1moz\u00f3 (y-form\u00e1j\u00fa). T\u00f6k\u00e9letes hossz\u00fak\u00e1s z\u00f6lds\u00e9gek, p\u00e9ld\u00e1ul uborka \u00e9s r\u00e9pa h\u00e1moz\u00e1s\u00e1hoz. Kert\u00e9szeti kis-\u00e9s nagykeresked\u00e9s...","breadcrumb":{"@id":"https:\/\/tajkertesz.com\/termek\/fiskars-functional-form-hamozo-y-formaju\/#breadcrumb"},"inLanguage":"en-US","potentialAction":[{"@type":"ReadAction","target":["https:\/\/tajkertesz.com\/termek\/fiskars-functional-form-hamozo-y-formaju\/"]}]},{"@type":"ImageObject","inLanguage":"en-US","@id":"https:\/\/tajkertesz.com\/termek\/fiskars-functional-form-hamozo-y-formaju\/#primaryimage","url":"https:\/\/tajkertesz.com\/wp-content\/uploads\/2024\/01\/200179-1.jpg","contentUrl":"https:\/\/tajkertesz.com\/wp-content\/uploads\/2024\/01\/200179-1.jpg","width":800,"height":533},{"@type":"BreadcrumbList","@id":"https:\/\/tajkertesz.com\/termek\/fiskars-functional-form-hamozo-y-formaju\/#breadcrumb","itemListElement":[{"@type":"ListItem","position":1,"name":"Home","item":"https:\/\/tajkertesz.com\/"},{"@type":"ListItem","position":2,"name":"Kezd\u0151lap","item":"https:\/\/tajkertesz.com\/"},{"@type":"ListItem","position":3,"name":"Fiskars Functional Form H\u00e1moz\u00f3 (y-form\u00e1j\u00fa)"}]},{"@type":"WebSite","@id":"https:\/\/tajkertesz.com\/#website","url":"https:\/\/tajkertesz.com\/","name":"T\u00e1j-Kert\u00e9sz 84 Kft.","description":"Kert\u00e9szeti kis- \u00e9s nagykeresked\u00e9s, D\u00edszn\u00f6v\u00e9ny web\u00e1ruh\u00e1z orsz\u00e1gos h\u00e1zhozsz\u00e1ll\u00edt\u00e1ssal!","publisher":{"@id":"https:\/\/tajkertesz.com\/#organization"},"potentialAction":[{"@type":"SearchAction","target":{"@type":"EntryPoint","urlTemplate":"https:\/\/tajkertesz.com\/?s={search_term_string}"},"query-input":{"@type":"PropertyValueSpecification","valueRequired":true,"valueName":"search_term_string"}}],"inLanguage":"en-US"},{"@type":"Organization","@id":"https:\/\/tajkertesz.com\/#organization","name":"T\u00e1j-Kert\u00e9sz 84 Kft.","url":"https:\/\/tajkertesz.com\/","logo":{"@type":"ImageObject","inLanguage":"en-US","@id":"https:\/\/tajkertesz.com\/#\/schema\/logo\/image\/","url":"https:\/\/tajkertesz.com\/wp-content\/uploads\/2018\/02\/logo-2-e1518678052539.png","contentUrl":"https:\/\/tajkertesz.com\/wp-content\/uploads\/2018\/02\/logo-2-e1518678052539.png","width":81,"height":140,"caption":"T\u00e1j-Kert\u00e9sz 84 Kft."},"image":{"@id":"https:\/\/tajkertesz.com\/#\/schema\/logo\/image\/"},"sameAs":["https:\/\/www.facebook.com\/Tajkertesz\/"]}]}},"_links":{"self":[{"href":"https:\/\/tajkertesz.com\/en_US\/wp-json\/wp\/v2\/product\/18615","targetHints":{"allow":["GET"]}}],"collection":[{"href":"https:\/\/tajkertesz.com\/en_US\/wp-json\/wp\/v2\/product"}],"about":[{"href":"https:\/\/tajkertesz.com\/en_US\/wp-json\/wp\/v2\/types\/product"}],"wp:featuredmedia":[{"embeddable":true,"href":"https:\/\/tajkertesz.com\/en_US\/wp-json\/wp\/v2\/media\/18616"}],"wp:attachment":[{"href":"https:\/\/tajkertesz.com\/en_US\/wp-json\/wp\/v2\/media?parent=18615"}],"wp:term":[{"taxonomy":"product_brand","embeddable":true,"href":"https:\/\/tajkertesz.com\/en_US\/wp-json\/wp\/v2\/product_brand?post=18615"},{"taxonomy":"product_cat","embeddable":true,"href":"https:\/\/tajkertesz.com\/en_US\/wp-json\/wp\/v2\/product_cat?post=18615"},{"taxonomy":"product_tag","embeddable":true,"href":"https:\/\/tajkertesz.com\/en_US\/wp-json\/wp\/v2\/product_tag?post=18615"}],"curies":[{"name":"wp","href":"https:\/\/api.w.org\/{rel}","templated":true}]}}