{"id":18623,"date":"2024-01-18T11:44:10","date_gmt":"2024-01-18T11:44:10","guid":{"rendered":"https:\/\/tajkertesz.com\/?post_type=product&#038;p=18623"},"modified":"2026-02-13T15:21:44","modified_gmt":"2026-02-13T15:21:44","slug":"fiskars-functional-form-paradicsomszeletelo-kes","status":"publish","type":"product","link":"https:\/\/tajkertesz.com\/en_US\/product\/fiskars-functional-form-paradicsomszeletelo-kes\/","title":{"rendered":"Fiskars Functional Form Paradicsomszeletel\u0151 k\u00e9s"},"content":{"rendered":"<h2>Fiskars Functional Form Paradicsomszeletel\u0151 k\u00e9s<\/h2>\n<p>Fiskars Functional Form Paradicsomszeletel\u0151 k\u00e9s<\/p>\n<div id=\"artdet__short-descrition\" class=\"artdet__short-descripton my-4\">\n<div class=\"artdet__short-descripton-content js-short-descripton__content font-s font-sm-m\">Ez a k\u00f6zepes m\u00e9ret\u0171, fogazott peng\u00e9j\u0171 k\u00e9s tart\u00f3s, jap\u00e1n rozsdamentes ac\u00e9l peng\u00e9vel rendelkezik, ide\u00e1lis v\u00e9kony h\u00e9j\u00fa vagy b\u0151r\u0171 \u00e9lelmiszerek v\u00e1g\u00e1s\u00e1hoz, \u00fagymint keny\u00e9r, paradicsom.<\/div>\n<div>\n<div id=\"artdet__short-descrition\" class=\"artdet__short-descripton mb-4\">\n<div class=\"read-more is-processed\">\n<div class=\"read-more__content artdet__short-descripton-content text-justify\">\n<p>Fogazott peng\u00e9j\u0171 k\u00e9s, mely ide\u00e1lis v\u00e9kony h\u00e9j\u00fa vagy puha \u00e9lelmiszerek, mint p\u00e9ld\u00e1ul a paradicsom v\u00e1g\u00e1s\u00e1hoz. A Fiskars k\u00e9sek egyik legkiemelked\u0151bb v\u00e1g\u00e1si k\u00e9pess\u00e9g\u0171, \u00e9ltart\u00f3ss\u00e1g\u00fa t\u00edpusa.<\/p>\n<\/div>\n<p><strong>JELLEMZ\u0150K \u00c9S EL\u0150NY\u00d6K<\/strong><\/p>\n<p><strong>K\u00f6nnyed mindennapi v\u00e1g\u00e1si teljes\u00edtm\u00e9ny, puha \u00e9s biztons\u00e1gos fog\u00e1ssal.<\/strong><\/p>\n<p><strong>Tov\u00e1bbfejlesztett v\u00e1g\u00e1si teljes\u00edtm\u00e9ny<\/strong><\/p>\n<ul>\n<li>Magas min\u0151s\u00e9g\u0171 jap\u00e1n rozsdamentes ac\u00e9l biztos\u00edtja az \u00e9less\u00e9get.<\/li>\n<li>Korrozi\u00f3\u00e1ll\u00f3.<\/li>\n<li>A penge legkeskenyebb r\u00e9sze: 1,1 mm<\/li>\n<li>A penge legvastagabb r\u00e9sze: 1,7 mm<\/li>\n<\/ul>\n<p><strong>Tart\u00f3s kialak\u00edt\u00e1s<\/strong><\/p>\n<ul>\n<li>Mosogat\u00f3g\u00e9pben tiszt\u00edthat\u00f3.<\/li>\n<li>Megn\u00f6velt pengesz\u00e9less\u00e9g a nagyobb egyens\u00faly \u00e9s tart\u00f3ss\u00e1g \u00e9rdek\u00e9ben.<\/li>\n<\/ul>\n<p><strong>Higi\u00e9nikus \u00e9s k\u00e9nyelmes markolat<\/strong><\/p>\n<ul>\n<li>Biztons\u00e1gos \u00e9s cs\u00fasz\u00e1smentes markolat SofTouch<sup>TM<\/sup>\u00a0bevonattal.<\/li>\n<li>Megn\u00f6velt ujjv\u00e9d\u0151 a biztons\u00e1gos fog\u00e1s\u00e9rt.<\/li>\n<\/ul>\n<p>A markolat t\u00f6bbf\u00e9le fog\u00e1st tesz lehet\u0151v\u00e9.<\/p>\n<p>&nbsp;<\/p>\n<p>El\u00e9rhet\u0151 t\u00f6bbf\u00e9le m\u00e9retben \u00e9s \u00e1rban.<\/p>\n<p><strong>K\u00e9szlet\u00fcnk napi szinten v\u00e1ltozik, ez\u00e9rt k\u00e9rj\u00fck, \u00e9rdekl\u0151dj\u00f6n szem\u00e9lyesen, telefonon vagy email-en.<br \/>\nA v\u00e1ltoztat\u00e1s jog\u00e1t fenntartjuk!\u00a0<\/strong><\/p>\n<p><a href=\"https:\/\/tajkertesz.com\/\">https:\/\/tajkertesz.com\/<\/a><\/p>\n<p><a href=\"https:\/\/www.facebook.com\/tajkertesz\/\">https:\/\/www.facebook.com\/tajkertesz\/<\/a><\/p>\n<p>Kisz\u00e1ll\u00edt\u00e1s: 200cm-ig \u00a0\u00e9s 40 kg-ig a sz\u00e1ll\u00edt\u00e1s fut\u00e1rszolg\u00e1lattal \u00a0t\u00f6rt\u00e9nik.<\/p>\n<p>Szem\u00e9lyes \u00e1tv\u00e9tel nyitvatart\u00e1si id\u0151ben a 17. ker\u00fclet Bakancsos utca 7. sz\u00e1m alatti Kert\u00e9szeti \u00e1rud\u00e1ban.<\/p>\n<p>A Fiskars\u00ae Functional Form \u2122 paradicsomszeletel\u0151 k\u00e9st k\u00e9nyelmes haszn\u00e1lni \u00e9s k\u00f6nny\u0171 kezelni<br \/>\nIde\u00e1lis v\u00e9kony h\u00e9j\u00fa vagy b\u0151r\u0171 \u00e9lelmiszerek v\u00e1g\u00e1s\u00e1hoz, \u00fagymint keny\u00e9r, paradicsom<br \/>\nTart\u00f3s, fogazott penge jap\u00e1n rozsdamentes ac\u00e9lb\u00f3l<br \/>\nErgonomikus markolata az ujjakn\u00e1l SoftGrip\u2122 bor\u00edt\u00e1ssal rendelkezik<br \/>\nA nagy ujjv\u00e9d\u0151 k\u00e9nyelmes, biztons\u00e1gos fog\u00e1st garant\u00e1l<br \/>\nMosogat\u00f3g\u00e9pben moshat\u00f3<br \/>\nPengehossz 113 mm<br \/>\nHRC 52<br \/>\nV\u00e1g\u00f3teljes\u00edtm\u00e9ny (CATRA teszt)<\/p>\n<\/div>\n<\/div>\n<\/div>\n<\/div>\n<div id=\"artdet__subscribe\" class=\"artdet__subscribe-cart-outer mb-4 mb-lg-5\">\n<div class=\"artdet__subscribe-cart-inner\">\n<div class=\"artdet__cart\">\n<div class=\"artdet__cart-inner row no-gutters align-items-center justify-content-center\">\n<div class=\"page_qty_input_outer col-5 col-md-4 col-lg-5 col-xl-4 align-self-stretch fs-0 d-flex tooltip tooltip--top\"><\/div>\n<div class=\"artdet__cart-btn-wrap col-7 col-md-8 col-lg-7 col-xl-8\"><\/div>\n<\/div>\n<\/div>\n<\/div>\n<\/div>\n<div id=\"artdet__functions\" class=\"artdet__function d-flex justify-content-center mx-auto py-4 border-top\">\n<div class=\"artdet__function-outer artdet-func-favourites page_artdet_func_favourites_outer_1057543\"><\/div>\n<\/div>","protected":false},"excerpt":{"rendered":"<h2>Fiskars Functional Form Paradicsomszeletel\u0151 k\u00e9s<\/h2>\n<div id=\"artdet__short-descrition\" class=\"artdet__short-descripton my-4\">\n<div class=\"artdet__short-descripton-content js-short-descripton__content font-s font-sm-m\">Ez a k\u00f6zepes m\u00e9ret\u0171, fogazott peng\u00e9j\u0171 k\u00e9s tart\u00f3s, jap\u00e1n rozsdamentes ac\u00e9l peng\u00e9vel rendelkezik, ide\u00e1lis v\u00e9kony h\u00e9j\u00fa vagy b\u0151r\u0171 \u00e9lelmiszerek v\u00e1g\u00e1s\u00e1hoz, \u00fagymint keny\u00e9r, paradicsom.<\/div>\n<div><\/div>\n<\/div>\n<div><strong>K\u00e9szlet\u00fcnk napi szinten v\u00e1ltozik, ez\u00e9rt k\u00e9rj\u00fck, \u00e9rdekl\u0151dj\u00f6n szem\u00e9lyesen, telefonon vagy email-en.<br \/>\nA v\u00e1ltoztat\u00e1s jog\u00e1t fenntartjuk!\u00a0<\/strong><\/div>\n<div id=\"artdet__subscribe\" class=\"artdet__subscribe-cart-outer mb-4 mb-lg-5\">\n<div class=\"artdet__subscribe-cart-inner\">\n<div class=\"artdet__cart\">\n<div class=\"artdet__cart-inner row no-gutters align-items-center justify-content-center\">\n<div class=\"page_qty_input_outer col-5 col-md-4 col-lg-5 col-xl-4 align-self-stretch fs-0 d-flex tooltip tooltip--top\"><\/div>\n<div class=\"artdet__cart-btn-wrap col-7 col-md-8 col-lg-7 col-xl-8\"><\/div>\n<\/div>\n<\/div>\n<\/div>\n<\/div>\n<div id=\"artdet__functions\" class=\"artdet__function d-flex justify-content-center mx-auto py-4 border-top\">\n<div class=\"artdet__function-outer artdet-func-favourites page_artdet_func_favourites_outer_1057543\"><\/div>\n<\/div>","protected":false},"featured_media":18628,"template":"","meta":{"_et_pb_use_builder":"","_et_pb_old_content":"","_et_gb_content_width":""},"product_brand":[],"product_cat":[4617],"product_tag":[116,1164,4625,4636],"class_list":{"0":"post-18623","1":"product","2":"type-product","3":"status-publish","4":"has-post-thumbnail","6":"product_cat-fiskars-haztartasi-termekek","7":"product_tag-fiskars","8":"product_tag-kes","9":"product_tag-konyha","10":"product_tag-paradicsomszeletelo","12":"first","13":"instock","14":"shipping-taxable","15":"purchasable","16":"product-type-simple"},"yoast_head":"<!-- This site is optimized with the Yoast SEO plugin v27.5 - https:\/\/yoast.com\/product\/yoast-seo-wordpress\/ -->\n<title>Fiskars Functional Form Paradicsomszeletel\u0151 k\u00e9s - T\u00e1jkert\u00e9sz<\/title>\n<meta name=\"description\" content=\"Fiskars Functional Form Paradicsomszeletel\u0151 k\u00e9s. Ez a k\u00f6zepes m\u00e9ret\u0171, fogazott peng\u00e9j\u0171 k\u00e9s tart\u00f3s, jap\u00e1n rozsdamentes ac\u00e9l peng\u00e9vel rendelkezik, ide\u00e1lis...\" \/>\n<meta name=\"robots\" content=\"index, follow, max-snippet:-1, max-image-preview:large, max-video-preview:-1\" \/>\n<link rel=\"canonical\" href=\"https:\/\/tajkertesz.com\/en_US\/product\/fiskars-functional-form-paradicsomszeletelo-kes\/\" \/>\n<meta property=\"og:locale\" content=\"en_US\" \/>\n<meta property=\"og:type\" content=\"article\" \/>\n<meta property=\"og:title\" content=\"Fiskars Functional Form Paradicsomszeletel\u0151 k\u00e9s - T\u00e1jkert\u00e9sz\" \/>\n<meta property=\"og:description\" content=\"Fiskars Functional Form Paradicsomszeletel\u0151 k\u00e9s. Ez a k\u00f6zepes m\u00e9ret\u0171, fogazott peng\u00e9j\u0171 k\u00e9s tart\u00f3s, jap\u00e1n rozsdamentes ac\u00e9l peng\u00e9vel rendelkezik, ide\u00e1lis...\" \/>\n<meta property=\"og:url\" content=\"https:\/\/tajkertesz.com\/en_US\/product\/fiskars-functional-form-paradicsomszeletelo-kes\/\" \/>\n<meta property=\"og:site_name\" content=\"T\u00e1jkert\u00e9sz\" \/>\n<meta property=\"article:publisher\" content=\"https:\/\/www.facebook.com\/Tajkertesz\/\" \/>\n<meta property=\"article:modified_time\" content=\"2026-02-13T15:21:44+00:00\" \/>\n<meta property=\"og:image\" content=\"https:\/\/tajkertesz.com\/wp-content\/uploads\/2024\/01\/1057543.jpg\" \/>\n\t<meta property=\"og:image:width\" content=\"1000\" \/>\n\t<meta property=\"og:image:height\" content=\"1000\" \/>\n\t<meta property=\"og:image:type\" content=\"image\/jpeg\" \/>\n<meta name=\"twitter:card\" content=\"summary_large_image\" \/>\n<meta name=\"twitter:label1\" content=\"Est. reading time\" \/>\n\t<meta name=\"twitter:data1\" content=\"2 minutes\" \/>\n<script type=\"application\/ld+json\" class=\"yoast-schema-graph\">{\"@context\":\"https:\\\/\\\/schema.org\",\"@graph\":[{\"@type\":\"WebPage\",\"@id\":\"https:\\\/\\\/tajkertesz.com\\\/termek\\\/fiskars-functional-form-paradicsomszeletelo-kes\\\/\",\"url\":\"https:\\\/\\\/tajkertesz.com\\\/termek\\\/fiskars-functional-form-paradicsomszeletelo-kes\\\/\",\"name\":\"Fiskars Functional Form Paradicsomszeletel\u0151 k\u00e9s - T\u00e1jkert\u00e9sz\",\"isPartOf\":{\"@id\":\"https:\\\/\\\/tajkertesz.com\\\/#website\"},\"primaryImageOfPage\":{\"@id\":\"https:\\\/\\\/tajkertesz.com\\\/termek\\\/fiskars-functional-form-paradicsomszeletelo-kes\\\/#primaryimage\"},\"image\":{\"@id\":\"https:\\\/\\\/tajkertesz.com\\\/termek\\\/fiskars-functional-form-paradicsomszeletelo-kes\\\/#primaryimage\"},\"thumbnailUrl\":\"https:\\\/\\\/tajkertesz.com\\\/wp-content\\\/uploads\\\/2024\\\/01\\\/1057543.jpg\",\"datePublished\":\"2024-01-18T11:44:10+00:00\",\"dateModified\":\"2026-02-13T15:21:44+00:00\",\"description\":\"Fiskars Functional Form Paradicsomszeletel\u0151 k\u00e9s. Ez a k\u00f6zepes m\u00e9ret\u0171, fogazott peng\u00e9j\u0171 k\u00e9s tart\u00f3s, jap\u00e1n rozsdamentes ac\u00e9l peng\u00e9vel rendelkezik, ide\u00e1lis...\",\"breadcrumb\":{\"@id\":\"https:\\\/\\\/tajkertesz.com\\\/termek\\\/fiskars-functional-form-paradicsomszeletelo-kes\\\/#breadcrumb\"},\"inLanguage\":\"en-US\",\"potentialAction\":[{\"@type\":\"ReadAction\",\"target\":[\"https:\\\/\\\/tajkertesz.com\\\/termek\\\/fiskars-functional-form-paradicsomszeletelo-kes\\\/\"]}]},{\"@type\":\"ImageObject\",\"inLanguage\":\"en-US\",\"@id\":\"https:\\\/\\\/tajkertesz.com\\\/termek\\\/fiskars-functional-form-paradicsomszeletelo-kes\\\/#primaryimage\",\"url\":\"https:\\\/\\\/tajkertesz.com\\\/wp-content\\\/uploads\\\/2024\\\/01\\\/1057543.jpg\",\"contentUrl\":\"https:\\\/\\\/tajkertesz.com\\\/wp-content\\\/uploads\\\/2024\\\/01\\\/1057543.jpg\",\"width\":1000,\"height\":1000},{\"@type\":\"BreadcrumbList\",\"@id\":\"https:\\\/\\\/tajkertesz.com\\\/termek\\\/fiskars-functional-form-paradicsomszeletelo-kes\\\/#breadcrumb\",\"itemListElement\":[{\"@type\":\"ListItem\",\"position\":1,\"name\":\"Home\",\"item\":\"https:\\\/\\\/tajkertesz.com\\\/\"},{\"@type\":\"ListItem\",\"position\":2,\"name\":\"Kezd\u0151lap\",\"item\":\"https:\\\/\\\/tajkertesz.com\\\/\"},{\"@type\":\"ListItem\",\"position\":3,\"name\":\"Fiskars Functional Form Paradicsomszeletel\u0151 k\u00e9s\"}]},{\"@type\":\"WebSite\",\"@id\":\"https:\\\/\\\/tajkertesz.com\\\/#website\",\"url\":\"https:\\\/\\\/tajkertesz.com\\\/\",\"name\":\"T\u00e1j-Kert\u00e9sz 84 Kft.\",\"description\":\"Kert\u00e9szeti kis- \u00e9s nagykeresked\u00e9s, D\u00edszn\u00f6v\u00e9ny web\u00e1ruh\u00e1z orsz\u00e1gos h\u00e1zhozsz\u00e1ll\u00edt\u00e1ssal!\",\"publisher\":{\"@id\":\"https:\\\/\\\/tajkertesz.com\\\/#organization\"},\"potentialAction\":[{\"@type\":\"SearchAction\",\"target\":{\"@type\":\"EntryPoint\",\"urlTemplate\":\"https:\\\/\\\/tajkertesz.com\\\/?s={search_term_string}\"},\"query-input\":{\"@type\":\"PropertyValueSpecification\",\"valueRequired\":true,\"valueName\":\"search_term_string\"}}],\"inLanguage\":\"en-US\"},{\"@type\":\"Organization\",\"@id\":\"https:\\\/\\\/tajkertesz.com\\\/#organization\",\"name\":\"T\u00e1j-Kert\u00e9sz 84 Kft.\",\"url\":\"https:\\\/\\\/tajkertesz.com\\\/\",\"logo\":{\"@type\":\"ImageObject\",\"inLanguage\":\"en-US\",\"@id\":\"https:\\\/\\\/tajkertesz.com\\\/#\\\/schema\\\/logo\\\/image\\\/\",\"url\":\"https:\\\/\\\/tajkertesz.com\\\/wp-content\\\/uploads\\\/2018\\\/02\\\/logo-2-e1518678052539.png\",\"contentUrl\":\"https:\\\/\\\/tajkertesz.com\\\/wp-content\\\/uploads\\\/2018\\\/02\\\/logo-2-e1518678052539.png\",\"width\":81,\"height\":140,\"caption\":\"T\u00e1j-Kert\u00e9sz 84 Kft.\"},\"image\":{\"@id\":\"https:\\\/\\\/tajkertesz.com\\\/#\\\/schema\\\/logo\\\/image\\\/\"},\"sameAs\":[\"https:\\\/\\\/www.facebook.com\\\/Tajkertesz\\\/\"]}]}<\/script>\n<!-- \/ Yoast SEO plugin. -->","yoast_head_json":{"title":"Fiskars Functional Form Paradicsomszeletel\u0151 k\u00e9s - T\u00e1jkert\u00e9sz","description":"Fiskars Functional Form Paradicsomszeletel\u0151 k\u00e9s. Ez a k\u00f6zepes m\u00e9ret\u0171, fogazott peng\u00e9j\u0171 k\u00e9s tart\u00f3s, jap\u00e1n rozsdamentes ac\u00e9l peng\u00e9vel rendelkezik, ide\u00e1lis...","robots":{"index":"index","follow":"follow","max-snippet":"max-snippet:-1","max-image-preview":"max-image-preview:large","max-video-preview":"max-video-preview:-1"},"canonical":"https:\/\/tajkertesz.com\/en_US\/product\/fiskars-functional-form-paradicsomszeletelo-kes\/","og_locale":"en_US","og_type":"article","og_title":"Fiskars Functional Form Paradicsomszeletel\u0151 k\u00e9s - T\u00e1jkert\u00e9sz","og_description":"Fiskars Functional Form Paradicsomszeletel\u0151 k\u00e9s. Ez a k\u00f6zepes m\u00e9ret\u0171, fogazott peng\u00e9j\u0171 k\u00e9s tart\u00f3s, jap\u00e1n rozsdamentes ac\u00e9l peng\u00e9vel rendelkezik, ide\u00e1lis...","og_url":"https:\/\/tajkertesz.com\/en_US\/product\/fiskars-functional-form-paradicsomszeletelo-kes\/","og_site_name":"T\u00e1jkert\u00e9sz","article_publisher":"https:\/\/www.facebook.com\/Tajkertesz\/","article_modified_time":"2026-02-13T15:21:44+00:00","og_image":[{"width":1000,"height":1000,"url":"https:\/\/tajkertesz.com\/wp-content\/uploads\/2024\/01\/1057543.jpg","type":"image\/jpeg"}],"twitter_card":"summary_large_image","twitter_misc":{"Est. reading time":"2 minutes"},"schema":{"@context":"https:\/\/schema.org","@graph":[{"@type":"WebPage","@id":"https:\/\/tajkertesz.com\/termek\/fiskars-functional-form-paradicsomszeletelo-kes\/","url":"https:\/\/tajkertesz.com\/termek\/fiskars-functional-form-paradicsomszeletelo-kes\/","name":"Fiskars Functional Form Paradicsomszeletel\u0151 k\u00e9s - T\u00e1jkert\u00e9sz","isPartOf":{"@id":"https:\/\/tajkertesz.com\/#website"},"primaryImageOfPage":{"@id":"https:\/\/tajkertesz.com\/termek\/fiskars-functional-form-paradicsomszeletelo-kes\/#primaryimage"},"image":{"@id":"https:\/\/tajkertesz.com\/termek\/fiskars-functional-form-paradicsomszeletelo-kes\/#primaryimage"},"thumbnailUrl":"https:\/\/tajkertesz.com\/wp-content\/uploads\/2024\/01\/1057543.jpg","datePublished":"2024-01-18T11:44:10+00:00","dateModified":"2026-02-13T15:21:44+00:00","description":"Fiskars Functional Form Paradicsomszeletel\u0151 k\u00e9s. Ez a k\u00f6zepes m\u00e9ret\u0171, fogazott peng\u00e9j\u0171 k\u00e9s tart\u00f3s, jap\u00e1n rozsdamentes ac\u00e9l peng\u00e9vel rendelkezik, ide\u00e1lis...","breadcrumb":{"@id":"https:\/\/tajkertesz.com\/termek\/fiskars-functional-form-paradicsomszeletelo-kes\/#breadcrumb"},"inLanguage":"en-US","potentialAction":[{"@type":"ReadAction","target":["https:\/\/tajkertesz.com\/termek\/fiskars-functional-form-paradicsomszeletelo-kes\/"]}]},{"@type":"ImageObject","inLanguage":"en-US","@id":"https:\/\/tajkertesz.com\/termek\/fiskars-functional-form-paradicsomszeletelo-kes\/#primaryimage","url":"https:\/\/tajkertesz.com\/wp-content\/uploads\/2024\/01\/1057543.jpg","contentUrl":"https:\/\/tajkertesz.com\/wp-content\/uploads\/2024\/01\/1057543.jpg","width":1000,"height":1000},{"@type":"BreadcrumbList","@id":"https:\/\/tajkertesz.com\/termek\/fiskars-functional-form-paradicsomszeletelo-kes\/#breadcrumb","itemListElement":[{"@type":"ListItem","position":1,"name":"Home","item":"https:\/\/tajkertesz.com\/"},{"@type":"ListItem","position":2,"name":"Kezd\u0151lap","item":"https:\/\/tajkertesz.com\/"},{"@type":"ListItem","position":3,"name":"Fiskars Functional Form Paradicsomszeletel\u0151 k\u00e9s"}]},{"@type":"WebSite","@id":"https:\/\/tajkertesz.com\/#website","url":"https:\/\/tajkertesz.com\/","name":"T\u00e1j-Kert\u00e9sz 84 Kft.","description":"Kert\u00e9szeti kis- \u00e9s nagykeresked\u00e9s, D\u00edszn\u00f6v\u00e9ny web\u00e1ruh\u00e1z orsz\u00e1gos h\u00e1zhozsz\u00e1ll\u00edt\u00e1ssal!","publisher":{"@id":"https:\/\/tajkertesz.com\/#organization"},"potentialAction":[{"@type":"SearchAction","target":{"@type":"EntryPoint","urlTemplate":"https:\/\/tajkertesz.com\/?s={search_term_string}"},"query-input":{"@type":"PropertyValueSpecification","valueRequired":true,"valueName":"search_term_string"}}],"inLanguage":"en-US"},{"@type":"Organization","@id":"https:\/\/tajkertesz.com\/#organization","name":"T\u00e1j-Kert\u00e9sz 84 Kft.","url":"https:\/\/tajkertesz.com\/","logo":{"@type":"ImageObject","inLanguage":"en-US","@id":"https:\/\/tajkertesz.com\/#\/schema\/logo\/image\/","url":"https:\/\/tajkertesz.com\/wp-content\/uploads\/2018\/02\/logo-2-e1518678052539.png","contentUrl":"https:\/\/tajkertesz.com\/wp-content\/uploads\/2018\/02\/logo-2-e1518678052539.png","width":81,"height":140,"caption":"T\u00e1j-Kert\u00e9sz 84 Kft."},"image":{"@id":"https:\/\/tajkertesz.com\/#\/schema\/logo\/image\/"},"sameAs":["https:\/\/www.facebook.com\/Tajkertesz\/"]}]}},"_links":{"self":[{"href":"https:\/\/tajkertesz.com\/en_US\/wp-json\/wp\/v2\/product\/18623","targetHints":{"allow":["GET"]}}],"collection":[{"href":"https:\/\/tajkertesz.com\/en_US\/wp-json\/wp\/v2\/product"}],"about":[{"href":"https:\/\/tajkertesz.com\/en_US\/wp-json\/wp\/v2\/types\/product"}],"wp:featuredmedia":[{"embeddable":true,"href":"https:\/\/tajkertesz.com\/en_US\/wp-json\/wp\/v2\/media\/18628"}],"wp:attachment":[{"href":"https:\/\/tajkertesz.com\/en_US\/wp-json\/wp\/v2\/media?parent=18623"}],"wp:term":[{"taxonomy":"product_brand","embeddable":true,"href":"https:\/\/tajkertesz.com\/en_US\/wp-json\/wp\/v2\/product_brand?post=18623"},{"taxonomy":"product_cat","embeddable":true,"href":"https:\/\/tajkertesz.com\/en_US\/wp-json\/wp\/v2\/product_cat?post=18623"},{"taxonomy":"product_tag","embeddable":true,"href":"https:\/\/tajkertesz.com\/en_US\/wp-json\/wp\/v2\/product_tag?post=18623"}],"curies":[{"name":"wp","href":"https:\/\/api.w.org\/{rel}","templated":true}]}}