{"id":18680,"date":"2024-01-19T11:10:24","date_gmt":"2024-01-19T11:10:24","guid":{"rendered":"https:\/\/tajkertesz.com\/?post_type=product&#038;p=18680"},"modified":"2026-02-13T15:21:20","modified_gmt":"2026-02-13T15:21:20","slug":"fa-ablak-ajtodisz","status":"publish","type":"product","link":"https:\/\/tajkertesz.com\/en_US\/product\/fa-ablak-ajtodisz\/","title":{"rendered":"Fa ablak-, ajt\u00f3d\u00edsz  32 cm 24-16-10"},"content":{"rendered":"<p>A Fa ablak-, ajt\u00f3d\u00edsz\u00a0 KLW 32 \u00e1b\u00f3l k\u00e9sz\u00fclt ablak- \u00e9s ajt\u00f3d\u00edsz t\u00f6k\u00e9letes v\u00e1laszt\u00e1s minden lak\u00e1sban!<\/p>\n<p class=\"product-page-desc\">Szeretn\u00e9 otthon\u00e1t egyedi \u00e9s st\u00edlusos dekor\u00e1ci\u00f3val feldobni?<\/p>\n<p>A l\u00e9zerrel kiv\u00e1gott mot\u00edvumokkal d\u00edsz\u00edtett dekor\u00e1ci\u00f3 6 db melegfeh\u00e9r LED-del vil\u00e1g\u00edt, amelyek bar\u00e1ts\u00e1gos \u00e9s kellemes atmoszf\u00e9r\u00e1t teremtenek.<\/p>\n<p>Az ism\u00e9tl\u0151d\u0151 id\u0151z\u00edt\u00e9s funkci\u00f3val (6 \u00f3ra bekapcsolt \u00e9s 18 \u00f3ra kikapcsolt \u00e1llapot) automatikusan ir\u00e1ny\u00edthatja a f\u00e9nyeket, an\u00e9lk\u00fcl, hogy minden nap manu\u00e1lisan be- \u00e9s kikapcsoln\u00e1.<\/p>\n<p>A t\u00e1pell\u00e1t\u00e1s 2 x 1,5 V (AAA) elemmel t\u00f6rt\u00e9nik, amelyek nem tartoznak a csomaghoz.<\/p>\n<p>D\u00edsz\u00edtse otthon\u00e1t a KLW 32 fa dekor\u00e1ci\u00f3val, \u00e9s \u00e9lvezze a melegfeh\u00e9r LED-ek \u00e1ltal teremtett hangulatos atmoszf\u00e9r\u00e1t!<\/p>\n<p>Tegye meg most az els\u0151 l\u00e9p\u00e9st egy bar\u00e1ts\u00e1gosabb \u00e9s melegebb otthon fel\u00e9 a KLW 32 fa ablak- \u00e9s ajt\u00f3d\u00edsszel!<\/p>\n<p>El\u00e9rhet\u0151 t\u00f6bbf\u00e9le m\u00e9retben \u00e9s \u00e1rban.<\/p>\n<p><strong>K\u00e9szlet\u00fcnk napi szinten v\u00e1ltozik, ez\u00e9rt k\u00e9rj\u00fck, \u00e9rdekl\u0151dj\u00f6n szem\u00e9lyesen, telefonon vagy email-en.<br \/>\nA v\u00e1ltoztat\u00e1s jog\u00e1t fenntartjuk!\u00a0<\/strong><\/p>\n<p>&nbsp;<\/p>\n<p><a href=\"https:\/\/tajkertesz.com\/\">https:\/\/tajkertesz.com\/<\/a><\/p>\n<p><a href=\"https:\/\/www.facebook.com\/tajkertesz\/\">https:\/\/www.facebook.com\/tajkertesz\/<\/a><\/p>\n<p>Kisz\u00e1ll\u00edt\u00e1s: 200cm-ig \u00a0\u00e9s 40 kg-ig a sz\u00e1ll\u00edt\u00e1s fut\u00e1rszolg\u00e1lattal \u00a0t\u00f6rt\u00e9nik.<\/p>\n<p>Szem\u00e9lyes \u00e1tv\u00e9tel nyitvatart\u00e1si id\u0151ben a 17. ker\u00fclet Bakancsos utca 7. sz\u00e1m alatti Kert\u00e9szeti \u00e1rud\u00e1ban.<\/p>\n<h6><span style=\"color: #ffffff;\">Fa ablak-, ajt\u00f3d\u00edsz\u00a0 KLW 32 \u00e1b\u00f3l k\u00e9sz\u00fclt ablak- \u00e9s ajt\u00f3d\u00edsz t\u00f6k\u00e9letes v\u00e1laszt\u00e1s minden lak\u00e1sban!\u00a0Szeretn\u00e9 otthon\u00e1t egyedi \u00e9s st\u00edlusos dekor\u00e1ci\u00f3val feldobni?\u00a0\u00a0<\/span><br \/>\n<span style=\"color: #ffffff;\">A l\u00e9zerrel kiv\u00e1gott mot\u00edvumokkal d\u00edsz\u00edtett dekor\u00e1ci\u00f3 6 db melegfeh\u00e9r LED-del vil\u00e1g\u00edt, amelyek bar\u00e1ts\u00e1gos \u00e9s kellemes atmoszf\u00e9r\u00e1t teremtenek. Az ism\u00e9tl\u0151d\u0151 id\u0151z\u00edt\u00e9s funkci\u00f3val (6 \u00f3ra bekapcsolt \u00e9s 18 \u00f3ra kikapcsolt \u00e1llapot) automatikusan ir\u00e1ny\u00edthatja a f\u00e9nyeket, an\u00e9lk\u00fcl, hogy minden nap manu\u00e1lisan be- \u00e9s kikapcsoln\u00e1. A t\u00e1pell\u00e1t\u00e1s 2 x 1,5 V (AAA) elemmel t\u00f6rt\u00e9nik, amelyek nem tartoznak a csomaghoz.\u00a0 D\u00edsz\u00edtse otthon\u00e1t a KLW 32 fa dekor\u00e1ci\u00f3val, \u00e9s \u00e9lvezze a melegfeh\u00e9r LED-ek \u00e1ltal teremtett hangulatos atmoszf\u00e9r\u00e1t!\u00a0 Tegye meg most az els\u0151 l\u00e9p\u00e9st egy bar\u00e1ts\u00e1gosabb \u00e9s melegebb otthon fel\u00e9 a KLW 32 fa ablak- \u00e9s ajt\u00f3d\u00edsszel!<\/span><\/h6>\n<p>&nbsp;<\/p>","protected":false},"excerpt":{"rendered":"<p>&nbsp;<\/p>\n<p>&nbsp;<\/p>\n<div class=\"product-page-description-header\">\n<div class=\"product-page-product-name\">\n<h1 class=\"page-title\">Fa ablak-, ajt\u00f3d\u00edsz<\/h1>\n<\/div>\n<div class=\"product-page-article-number\">KLW 32<\/div>\n<\/div>\n<p class=\"product-page-desc\">Szeretn\u00e9 otthon\u00e1t egyedi \u00e9s st\u00edlusos dekor\u00e1ci\u00f3val feldobni? A KLW 32 f\u00e1b\u00f3l k\u00e9sz\u00fclt ablak- \u00e9s ajt\u00f3d\u00edsz t\u00f6k\u00e9letes v\u00e1laszt\u00e1s minden lak\u00e1sban!<\/p>\n<p>A l\u00e9zerrel kiv\u00e1gott mot\u00edvumokkal d\u00edsz\u00edtett dekor\u00e1ci\u00f3 6 db melegfeh\u00e9r LED-del vil\u00e1g\u00edt, amelyek bar\u00e1ts\u00e1gos \u00e9s kellemes atmoszf\u00e9r\u00e1t teremtenek.<\/p>\n<p>Az ism\u00e9tl\u0151d\u0151 id\u0151z\u00edt\u00e9s funkci\u00f3val (6 \u00f3ra bekapcsolt \u00e9s 18 \u00f3ra kikapcsolt \u00e1llapot) automatikusan ir\u00e1ny\u00edthatja a f\u00e9nyeket, an\u00e9lk\u00fcl, hogy minden nap manu\u00e1lisan be- \u00e9s kikapcsoln\u00e1.<\/p>\n<p>A t\u00e1pell\u00e1t\u00e1s 2 x 1,5 V (AAA) elemmel t\u00f6rt\u00e9nik, amelyek nem tartoznak a csomaghoz.<\/p>\n<p>D\u00edsz\u00edtse otthon\u00e1t a KLW 32 fa dekor\u00e1ci\u00f3val, \u00e9s \u00e9lvezze a melegfeh\u00e9r LED-ek \u00e1ltal teremtett hangulatos atmoszf\u00e9r\u00e1t!<\/p>\n<p>Tegye meg most az els\u0151 l\u00e9p\u00e9st egy bar\u00e1ts\u00e1gosabb \u00e9s melegebb otthon fel\u00e9 a KLW 32 fa ablak- \u00e9s ajt\u00f3d\u00edsszel!<\/p>","protected":false},"featured_media":18681,"template":"","meta":{"_et_pb_use_builder":"","_et_pb_old_content":"","_et_gb_content_width":""},"product_brand":[],"product_cat":[4035],"product_tag":[4661,4659,4660,21],"class_list":{"0":"post-18680","1":"product","2":"type-product","3":"status-publish","4":"has-post-thumbnail","6":"product_cat-led-es-karacsonyi-fenyfuzerek","7":"product_tag-32-cm","8":"product_tag-ablak","9":"product_tag-ajtodisz","10":"product_tag-fa","12":"first","13":"instock","14":"shipping-taxable","15":"purchasable","16":"product-type-simple"},"yoast_head":"<!-- This site is optimized with the Yoast SEO plugin v27.3 - https:\/\/yoast.com\/product\/yoast-seo-wordpress\/ -->\n<title>Fa ablak-, ajt\u00f3d\u00edsz 32 cm 24-16-10 - T\u00e1jkert\u00e9sz<\/title>\n<meta name=\"description\" content=\"Fa ablak-, ajt\u00f3d\u00edsz KLW 32. Szeretn\u00e9 otthon\u00e1t egyedi \u00e9s st\u00edlusos dekor\u00e1ci\u00f3val feldobni? A l\u00e9zerrel kiv\u00e1gott mot\u00edvum 6 db melegfeh\u00e9r LED-del vil\u00e1g\u00edt .\" \/>\n<meta name=\"robots\" content=\"index, follow, max-snippet:-1, max-image-preview:large, max-video-preview:-1\" \/>\n<link rel=\"canonical\" href=\"https:\/\/tajkertesz.com\/en_US\/product\/fa-ablak-ajtodisz\/\" \/>\n<meta property=\"og:locale\" content=\"en_US\" \/>\n<meta property=\"og:type\" content=\"article\" \/>\n<meta property=\"og:title\" content=\"Fa ablak-, ajt\u00f3d\u00edsz 32 cm 24-16-10 - T\u00e1jkert\u00e9sz\" \/>\n<meta property=\"og:description\" content=\"Fa ablak-, ajt\u00f3d\u00edsz KLW 32. Szeretn\u00e9 otthon\u00e1t egyedi \u00e9s st\u00edlusos dekor\u00e1ci\u00f3val feldobni? A l\u00e9zerrel kiv\u00e1gott mot\u00edvum 6 db melegfeh\u00e9r LED-del vil\u00e1g\u00edt .\" \/>\n<meta property=\"og:url\" content=\"https:\/\/tajkertesz.com\/en_US\/product\/fa-ablak-ajtodisz\/\" \/>\n<meta property=\"og:site_name\" content=\"T\u00e1jkert\u00e9sz\" \/>\n<meta property=\"article:publisher\" content=\"https:\/\/www.facebook.com\/Tajkertesz\/\" \/>\n<meta property=\"article:modified_time\" content=\"2026-02-13T15:21:20+00:00\" \/>\n<meta property=\"og:image\" content=\"https:\/\/tajkertesz.com\/wp-content\/uploads\/2024\/01\/24-16-10.jpg\" \/>\n\t<meta property=\"og:image:width\" content=\"510\" \/>\n\t<meta property=\"og:image:height\" content=\"510\" \/>\n\t<meta property=\"og:image:type\" content=\"image\/jpeg\" \/>\n<meta name=\"twitter:card\" content=\"summary_large_image\" \/>\n<meta name=\"twitter:label1\" content=\"Est. reading time\" \/>\n\t<meta name=\"twitter:data1\" content=\"2 minutes\" \/>\n<script type=\"application\/ld+json\" class=\"yoast-schema-graph\">{\"@context\":\"https:\\\/\\\/schema.org\",\"@graph\":[{\"@type\":\"WebPage\",\"@id\":\"https:\\\/\\\/tajkertesz.com\\\/termek\\\/fa-ablak-ajtodisz\\\/\",\"url\":\"https:\\\/\\\/tajkertesz.com\\\/termek\\\/fa-ablak-ajtodisz\\\/\",\"name\":\"Fa ablak-, ajt\u00f3d\u00edsz 32 cm 24-16-10 - T\u00e1jkert\u00e9sz\",\"isPartOf\":{\"@id\":\"https:\\\/\\\/tajkertesz.com\\\/#website\"},\"primaryImageOfPage\":{\"@id\":\"https:\\\/\\\/tajkertesz.com\\\/termek\\\/fa-ablak-ajtodisz\\\/#primaryimage\"},\"image\":{\"@id\":\"https:\\\/\\\/tajkertesz.com\\\/termek\\\/fa-ablak-ajtodisz\\\/#primaryimage\"},\"thumbnailUrl\":\"https:\\\/\\\/tajkertesz.com\\\/wp-content\\\/uploads\\\/2024\\\/01\\\/24-16-10.jpg\",\"datePublished\":\"2024-01-19T11:10:24+00:00\",\"dateModified\":\"2026-02-13T15:21:20+00:00\",\"description\":\"Fa ablak-, ajt\u00f3d\u00edsz KLW 32. Szeretn\u00e9 otthon\u00e1t egyedi \u00e9s st\u00edlusos dekor\u00e1ci\u00f3val feldobni? A l\u00e9zerrel kiv\u00e1gott mot\u00edvum 6 db melegfeh\u00e9r LED-del vil\u00e1g\u00edt .\",\"breadcrumb\":{\"@id\":\"https:\\\/\\\/tajkertesz.com\\\/termek\\\/fa-ablak-ajtodisz\\\/#breadcrumb\"},\"inLanguage\":\"en-US\",\"potentialAction\":[{\"@type\":\"ReadAction\",\"target\":[\"https:\\\/\\\/tajkertesz.com\\\/termek\\\/fa-ablak-ajtodisz\\\/\"]}]},{\"@type\":\"ImageObject\",\"inLanguage\":\"en-US\",\"@id\":\"https:\\\/\\\/tajkertesz.com\\\/termek\\\/fa-ablak-ajtodisz\\\/#primaryimage\",\"url\":\"https:\\\/\\\/tajkertesz.com\\\/wp-content\\\/uploads\\\/2024\\\/01\\\/24-16-10.jpg\",\"contentUrl\":\"https:\\\/\\\/tajkertesz.com\\\/wp-content\\\/uploads\\\/2024\\\/01\\\/24-16-10.jpg\",\"width\":510,\"height\":510},{\"@type\":\"BreadcrumbList\",\"@id\":\"https:\\\/\\\/tajkertesz.com\\\/termek\\\/fa-ablak-ajtodisz\\\/#breadcrumb\",\"itemListElement\":[{\"@type\":\"ListItem\",\"position\":1,\"name\":\"Home\",\"item\":\"https:\\\/\\\/tajkertesz.com\\\/\"},{\"@type\":\"ListItem\",\"position\":2,\"name\":\"Kezd\u0151lap\",\"item\":\"https:\\\/\\\/tajkertesz.com\\\/\"},{\"@type\":\"ListItem\",\"position\":3,\"name\":\"Fa ablak-, ajt\u00f3d\u00edsz 32 cm 24-16-10\"}]},{\"@type\":\"WebSite\",\"@id\":\"https:\\\/\\\/tajkertesz.com\\\/#website\",\"url\":\"https:\\\/\\\/tajkertesz.com\\\/\",\"name\":\"T\u00e1j-Kert\u00e9sz 84 Kft.\",\"description\":\"Kert\u00e9szeti kis- \u00e9s nagykeresked\u00e9s, D\u00edszn\u00f6v\u00e9ny web\u00e1ruh\u00e1z orsz\u00e1gos h\u00e1zhozsz\u00e1ll\u00edt\u00e1ssal!\",\"publisher\":{\"@id\":\"https:\\\/\\\/tajkertesz.com\\\/#organization\"},\"potentialAction\":[{\"@type\":\"SearchAction\",\"target\":{\"@type\":\"EntryPoint\",\"urlTemplate\":\"https:\\\/\\\/tajkertesz.com\\\/?s={search_term_string}\"},\"query-input\":{\"@type\":\"PropertyValueSpecification\",\"valueRequired\":true,\"valueName\":\"search_term_string\"}}],\"inLanguage\":\"en-US\"},{\"@type\":\"Organization\",\"@id\":\"https:\\\/\\\/tajkertesz.com\\\/#organization\",\"name\":\"T\u00e1j-Kert\u00e9sz 84 Kft.\",\"url\":\"https:\\\/\\\/tajkertesz.com\\\/\",\"logo\":{\"@type\":\"ImageObject\",\"inLanguage\":\"en-US\",\"@id\":\"https:\\\/\\\/tajkertesz.com\\\/#\\\/schema\\\/logo\\\/image\\\/\",\"url\":\"https:\\\/\\\/tajkertesz.com\\\/wp-content\\\/uploads\\\/2018\\\/02\\\/logo-2-e1518678052539.png\",\"contentUrl\":\"https:\\\/\\\/tajkertesz.com\\\/wp-content\\\/uploads\\\/2018\\\/02\\\/logo-2-e1518678052539.png\",\"width\":81,\"height\":140,\"caption\":\"T\u00e1j-Kert\u00e9sz 84 Kft.\"},\"image\":{\"@id\":\"https:\\\/\\\/tajkertesz.com\\\/#\\\/schema\\\/logo\\\/image\\\/\"},\"sameAs\":[\"https:\\\/\\\/www.facebook.com\\\/Tajkertesz\\\/\"]}]}<\/script>\n<!-- \/ Yoast SEO plugin. -->","yoast_head_json":{"title":"Fa ablak-, ajt\u00f3d\u00edsz 32 cm 24-16-10 - T\u00e1jkert\u00e9sz","description":"Fa ablak-, ajt\u00f3d\u00edsz KLW 32. Szeretn\u00e9 otthon\u00e1t egyedi \u00e9s st\u00edlusos dekor\u00e1ci\u00f3val feldobni? A l\u00e9zerrel kiv\u00e1gott mot\u00edvum 6 db melegfeh\u00e9r LED-del vil\u00e1g\u00edt .","robots":{"index":"index","follow":"follow","max-snippet":"max-snippet:-1","max-image-preview":"max-image-preview:large","max-video-preview":"max-video-preview:-1"},"canonical":"https:\/\/tajkertesz.com\/en_US\/product\/fa-ablak-ajtodisz\/","og_locale":"en_US","og_type":"article","og_title":"Fa ablak-, ajt\u00f3d\u00edsz 32 cm 24-16-10 - T\u00e1jkert\u00e9sz","og_description":"Fa ablak-, ajt\u00f3d\u00edsz KLW 32. Szeretn\u00e9 otthon\u00e1t egyedi \u00e9s st\u00edlusos dekor\u00e1ci\u00f3val feldobni? A l\u00e9zerrel kiv\u00e1gott mot\u00edvum 6 db melegfeh\u00e9r LED-del vil\u00e1g\u00edt .","og_url":"https:\/\/tajkertesz.com\/en_US\/product\/fa-ablak-ajtodisz\/","og_site_name":"T\u00e1jkert\u00e9sz","article_publisher":"https:\/\/www.facebook.com\/Tajkertesz\/","article_modified_time":"2026-02-13T15:21:20+00:00","og_image":[{"width":510,"height":510,"url":"https:\/\/tajkertesz.com\/wp-content\/uploads\/2024\/01\/24-16-10.jpg","type":"image\/jpeg"}],"twitter_card":"summary_large_image","twitter_misc":{"Est. reading time":"2 minutes"},"schema":{"@context":"https:\/\/schema.org","@graph":[{"@type":"WebPage","@id":"https:\/\/tajkertesz.com\/termek\/fa-ablak-ajtodisz\/","url":"https:\/\/tajkertesz.com\/termek\/fa-ablak-ajtodisz\/","name":"Fa ablak-, ajt\u00f3d\u00edsz 32 cm 24-16-10 - T\u00e1jkert\u00e9sz","isPartOf":{"@id":"https:\/\/tajkertesz.com\/#website"},"primaryImageOfPage":{"@id":"https:\/\/tajkertesz.com\/termek\/fa-ablak-ajtodisz\/#primaryimage"},"image":{"@id":"https:\/\/tajkertesz.com\/termek\/fa-ablak-ajtodisz\/#primaryimage"},"thumbnailUrl":"https:\/\/tajkertesz.com\/wp-content\/uploads\/2024\/01\/24-16-10.jpg","datePublished":"2024-01-19T11:10:24+00:00","dateModified":"2026-02-13T15:21:20+00:00","description":"Fa ablak-, ajt\u00f3d\u00edsz KLW 32. Szeretn\u00e9 otthon\u00e1t egyedi \u00e9s st\u00edlusos dekor\u00e1ci\u00f3val feldobni? A l\u00e9zerrel kiv\u00e1gott mot\u00edvum 6 db melegfeh\u00e9r LED-del vil\u00e1g\u00edt .","breadcrumb":{"@id":"https:\/\/tajkertesz.com\/termek\/fa-ablak-ajtodisz\/#breadcrumb"},"inLanguage":"en-US","potentialAction":[{"@type":"ReadAction","target":["https:\/\/tajkertesz.com\/termek\/fa-ablak-ajtodisz\/"]}]},{"@type":"ImageObject","inLanguage":"en-US","@id":"https:\/\/tajkertesz.com\/termek\/fa-ablak-ajtodisz\/#primaryimage","url":"https:\/\/tajkertesz.com\/wp-content\/uploads\/2024\/01\/24-16-10.jpg","contentUrl":"https:\/\/tajkertesz.com\/wp-content\/uploads\/2024\/01\/24-16-10.jpg","width":510,"height":510},{"@type":"BreadcrumbList","@id":"https:\/\/tajkertesz.com\/termek\/fa-ablak-ajtodisz\/#breadcrumb","itemListElement":[{"@type":"ListItem","position":1,"name":"Home","item":"https:\/\/tajkertesz.com\/"},{"@type":"ListItem","position":2,"name":"Kezd\u0151lap","item":"https:\/\/tajkertesz.com\/"},{"@type":"ListItem","position":3,"name":"Fa ablak-, ajt\u00f3d\u00edsz 32 cm 24-16-10"}]},{"@type":"WebSite","@id":"https:\/\/tajkertesz.com\/#website","url":"https:\/\/tajkertesz.com\/","name":"T\u00e1j-Kert\u00e9sz 84 Kft.","description":"Kert\u00e9szeti kis- \u00e9s nagykeresked\u00e9s, D\u00edszn\u00f6v\u00e9ny web\u00e1ruh\u00e1z orsz\u00e1gos h\u00e1zhozsz\u00e1ll\u00edt\u00e1ssal!","publisher":{"@id":"https:\/\/tajkertesz.com\/#organization"},"potentialAction":[{"@type":"SearchAction","target":{"@type":"EntryPoint","urlTemplate":"https:\/\/tajkertesz.com\/?s={search_term_string}"},"query-input":{"@type":"PropertyValueSpecification","valueRequired":true,"valueName":"search_term_string"}}],"inLanguage":"en-US"},{"@type":"Organization","@id":"https:\/\/tajkertesz.com\/#organization","name":"T\u00e1j-Kert\u00e9sz 84 Kft.","url":"https:\/\/tajkertesz.com\/","logo":{"@type":"ImageObject","inLanguage":"en-US","@id":"https:\/\/tajkertesz.com\/#\/schema\/logo\/image\/","url":"https:\/\/tajkertesz.com\/wp-content\/uploads\/2018\/02\/logo-2-e1518678052539.png","contentUrl":"https:\/\/tajkertesz.com\/wp-content\/uploads\/2018\/02\/logo-2-e1518678052539.png","width":81,"height":140,"caption":"T\u00e1j-Kert\u00e9sz 84 Kft."},"image":{"@id":"https:\/\/tajkertesz.com\/#\/schema\/logo\/image\/"},"sameAs":["https:\/\/www.facebook.com\/Tajkertesz\/"]}]}},"_links":{"self":[{"href":"https:\/\/tajkertesz.com\/en_US\/wp-json\/wp\/v2\/product\/18680","targetHints":{"allow":["GET"]}}],"collection":[{"href":"https:\/\/tajkertesz.com\/en_US\/wp-json\/wp\/v2\/product"}],"about":[{"href":"https:\/\/tajkertesz.com\/en_US\/wp-json\/wp\/v2\/types\/product"}],"wp:featuredmedia":[{"embeddable":true,"href":"https:\/\/tajkertesz.com\/en_US\/wp-json\/wp\/v2\/media\/18681"}],"wp:attachment":[{"href":"https:\/\/tajkertesz.com\/en_US\/wp-json\/wp\/v2\/media?parent=18680"}],"wp:term":[{"taxonomy":"product_brand","embeddable":true,"href":"https:\/\/tajkertesz.com\/en_US\/wp-json\/wp\/v2\/product_brand?post=18680"},{"taxonomy":"product_cat","embeddable":true,"href":"https:\/\/tajkertesz.com\/en_US\/wp-json\/wp\/v2\/product_cat?post=18680"},{"taxonomy":"product_tag","embeddable":true,"href":"https:\/\/tajkertesz.com\/en_US\/wp-json\/wp\/v2\/product_tag?post=18680"}],"curies":[{"name":"wp","href":"https:\/\/api.w.org\/{rel}","templated":true}]}}