{"id":18697,"date":"2024-01-19T15:29:05","date_gmt":"2024-01-19T15:29:05","guid":{"rendered":"https:\/\/tajkertesz.com\/?post_type=product&#038;p=18697"},"modified":"2026-02-13T15:21:00","modified_gmt":"2026-02-13T15:21:00","slug":"karacsonyi-gomb-zold-szinu-6-cm-atmeroju-24-13-24","status":"publish","type":"product","link":"https:\/\/tajkertesz.com\/en_US\/product\/karacsonyi-gomb-zold-szinu-6-cm-atmeroju-24-13-24\/","title":{"rendered":"Kar\u00e1csonyi g\u00f6mb z\u00f6ld sz\u00edn\u0171 6 cm \u00e1tm\u00e9r\u0151j\u0171  24-13-24"},"content":{"rendered":"<p>Kar\u00e1csonyi g\u00f6mb z\u00f6ld sz\u00edn\u0171 6 cm \u00e1tm\u00e9r\u0151j\u0171<\/p>\n<p>A Kar\u00e1csonyi g\u00f6mb z\u00f6ld sz\u00edn\u0171 6 cm \u00e1tm\u00e9r\u0151j\u0171 egyes\u00edti az \u00fcveg sz\u00e9ps\u00e9g\u00e9t \u00e9s a m\u0171anyag tart\u00f3ss\u00e1g\u00e1t.<\/p>\n<p>Egy dobozban, 3-f\u00e9le z\u00f6ld, 12 db\/csomag. Matt, f\u00e9nyes \u00e9s glitteres akaszthat\u00f3 g\u00f6mb\u00f6k.<\/p>\n<p>&nbsp;<\/p>\n<p>El\u00e9rhet\u0151 t\u00f6bbf\u00e9le m\u00e9retben \u00e9s \u00e1rban.<\/p>\n<p><strong>K\u00e9szlet\u00fcnk napi szinten v\u00e1ltozik, ez\u00e9rt k\u00e9rj\u00fck, \u00e9rdekl\u0151dj\u00f6n szem\u00e9lyesen, telefonon vagy email-en.<br \/>\nA v\u00e1ltoztat\u00e1s jog\u00e1t fenntartjuk!\u00a0<\/strong><\/p>\n<p>&nbsp;<\/p>\n<p><a href=\"https:\/\/tajkertesz.com\/\">https:\/\/tajkertesz.com\/<\/a><\/p>\n<p><a href=\"https:\/\/www.facebook.com\/tajkertesz\/\">https:\/\/www.facebook.com\/tajkertesz\/<\/a><\/p>\n<p>Kisz\u00e1ll\u00edt\u00e1s: 200cm-ig \u00a0\u00e9s 40 kg-ig a sz\u00e1ll\u00edt\u00e1s fut\u00e1rszolg\u00e1lattal \u00a0t\u00f6rt\u00e9nik.<\/p>\n<p>Szem\u00e9lyes \u00e1tv\u00e9tel nyitvatart\u00e1si id\u0151ben a 17. ker\u00fclet Bakancsos utca 7. sz\u00e1m alatti Kert\u00e9szeti \u00e1rud\u00e1ban.<\/p>\n<h6><span style=\"color: #ffffff;\"><strong>A g\u00f6mb<\/strong>\u00a0forma is gyakran megjelenik a kar\u00e1csony kapcs\u00e1n, gondoljunk csak a kar\u00e1csonyfad\u00edszekre. T\u00f6r\u00e9kenys\u00e9g\u00fck az \u00e9let m\u00fal\u00e9konys\u00e1g\u00e1ra figyelmeztet, form\u00e1juk pedig a teljess\u00e9get, a t\u00f6k\u00e9letess\u00e9get hirdeti. M\u00e9g a g\u00f6mb\u00f6k sz\u00edne is meghat\u00e1roz\u00f3 kar\u00e1csonyi jelk\u00e9p lehet, hiszen az arany a Nap sz\u00edne, a f\u00e9rfi princ\u00edpium, mellette az ez\u00fcst Hold, amely a n\u0151i princ\u00edpium szimb\u00f3luma. A piros a term\u00e9kenys\u00e9g, a feh\u00e9r a tisztas\u00e1g, az \u00e1rtatlans\u00e1g, m\u00edg a z\u00f6ld a rem\u00e9ny \u00e9s az \u00e9let sz\u00edne.<strong>A g\u00f6mb<\/strong>\u00a0forma is gyakran megjelenik a kar\u00e1csony kapcs\u00e1n, gondoljunk csak a kar\u00e1csonyfad\u00edszekre. T\u00f6r\u00e9kenys\u00e9g\u00fck az \u00e9let m\u00fal\u00e9konys\u00e1g\u00e1ra figyelmeztet, form\u00e1juk pedig a teljess\u00e9get, a t\u00f6k\u00e9letess\u00e9get hirdeti. M\u00e9g a g\u00f6mb\u00f6k sz\u00edne is meghat\u00e1roz\u00f3 kar\u00e1csonyi jelk\u00e9p lehet, hiszen az arany a Nap sz\u00edne, a f\u00e9rfi princ\u00edpium, mellette az ez\u00fcst Hold, amely a n\u0151i princ\u00edpium szimb\u00f3luma. A piros a term\u00e9kenys\u00e9g, a feh\u00e9r a tisztas\u00e1g, az \u00e1rtatlans\u00e1g, m\u00edg a z\u00f6ld a rem\u00e9ny \u00e9s az \u00e9let sz\u00edne.<\/span><\/h6>","protected":false},"excerpt":{"rendered":"<p>A Kar\u00e1csonyi g\u00f6mb z\u00f6ld sz\u00edn\u0171 6 cm \u00e1tm\u00e9r\u0151j\u0171 egyes\u00edti az \u00fcveg sz\u00e9ps\u00e9g\u00e9t \u00e9s a m\u0171anyag tart\u00f3ss\u00e1g\u00e1t.<\/p>\n<p>Egy dobozban, 3-f\u00e9le z\u00f6ld, 12 db\/csomag. Matt, f\u00e9nyes \u00e9s glitteres akaszthat\u00f3 g\u00f6mb\u00f6k.<\/p>","protected":false},"featured_media":18698,"template":"","meta":{"_et_pb_use_builder":"","_et_pb_old_content":"","_et_gb_content_width":""},"product_brand":[],"product_cat":[3334],"product_tag":[4664,4665,4609,1624,1127,950,989],"class_list":{"0":"post-18697","1":"product","2":"type-product","3":"status-publish","4":"has-post-thumbnail","6":"product_cat-karacsonyfa-diszek","7":"product_tag-4664","8":"product_tag-atmeroju","9":"product_tag-cm","10":"product_tag-gomb","11":"product_tag-karacsonyi","12":"product_tag-piros","13":"product_tag-szinu","15":"first","16":"instock","17":"shipping-taxable","18":"purchasable","19":"product-type-simple"},"yoast_head":"<!-- This site is optimized with the Yoast SEO plugin v27.3 - https:\/\/yoast.com\/product\/yoast-seo-wordpress\/ -->\n<title>Kar\u00e1csonyi g\u00f6mb z\u00f6ld sz\u00edn\u0171 6 cm \u00e1tm\u00e9r\u0151j\u0171 24-13-24 - T\u00e1jkert\u00e9sz<\/title>\n<meta name=\"description\" content=\"Kar\u00e1csonyi g\u00f6mb zold sz\u00edn\u0171 6 cm \u00e1tm\u00e9r\u0151j\u0171 m\u0171anyag. Egy dobozban, 3-f\u00e9le z\u00f6ld, 12 db\/csomag. Matt, f\u00e9nyes \u00e9s glitteres akaszthat\u00f3 g\u00f6mb\u00f6k.\" \/>\n<meta name=\"robots\" content=\"index, follow, max-snippet:-1, max-image-preview:large, max-video-preview:-1\" \/>\n<link rel=\"canonical\" href=\"https:\/\/tajkertesz.com\/en_US\/product\/karacsonyi-gomb-zold-szinu-6-cm-atmeroju-24-13-24\/\" \/>\n<meta property=\"og:locale\" content=\"en_US\" \/>\n<meta property=\"og:type\" content=\"article\" \/>\n<meta property=\"og:title\" content=\"Kar\u00e1csonyi g\u00f6mb z\u00f6ld sz\u00edn\u0171 6 cm \u00e1tm\u00e9r\u0151j\u0171 24-13-24 - T\u00e1jkert\u00e9sz\" \/>\n<meta property=\"og:description\" content=\"Kar\u00e1csonyi g\u00f6mb zold sz\u00edn\u0171 6 cm \u00e1tm\u00e9r\u0151j\u0171 m\u0171anyag. Egy dobozban, 3-f\u00e9le z\u00f6ld, 12 db\/csomag. Matt, f\u00e9nyes \u00e9s glitteres akaszthat\u00f3 g\u00f6mb\u00f6k.\" \/>\n<meta property=\"og:url\" content=\"https:\/\/tajkertesz.com\/en_US\/product\/karacsonyi-gomb-zold-szinu-6-cm-atmeroju-24-13-24\/\" \/>\n<meta property=\"og:site_name\" content=\"T\u00e1jkert\u00e9sz\" \/>\n<meta property=\"article:publisher\" content=\"https:\/\/www.facebook.com\/Tajkertesz\/\" \/>\n<meta property=\"article:modified_time\" content=\"2026-02-13T15:21:00+00:00\" \/>\n<meta property=\"og:image\" content=\"https:\/\/tajkertesz.com\/wp-content\/uploads\/2024\/01\/23-13-24.jpg\" \/>\n\t<meta property=\"og:image:width\" content=\"568\" \/>\n\t<meta property=\"og:image:height\" content=\"904\" \/>\n\t<meta property=\"og:image:type\" content=\"image\/jpeg\" \/>\n<meta name=\"twitter:card\" content=\"summary_large_image\" \/>\n<meta name=\"twitter:label1\" content=\"Est. reading time\" \/>\n\t<meta name=\"twitter:data1\" content=\"2 minutes\" \/>\n<script type=\"application\/ld+json\" class=\"yoast-schema-graph\">{\"@context\":\"https:\\\/\\\/schema.org\",\"@graph\":[{\"@type\":\"WebPage\",\"@id\":\"https:\\\/\\\/tajkertesz.com\\\/termek\\\/karacsonyi-gomb-zold-szinu-6-cm-atmeroju-24-13-24\\\/\",\"url\":\"https:\\\/\\\/tajkertesz.com\\\/termek\\\/karacsonyi-gomb-zold-szinu-6-cm-atmeroju-24-13-24\\\/\",\"name\":\"Kar\u00e1csonyi g\u00f6mb z\u00f6ld sz\u00edn\u0171 6 cm \u00e1tm\u00e9r\u0151j\u0171 24-13-24 - T\u00e1jkert\u00e9sz\",\"isPartOf\":{\"@id\":\"https:\\\/\\\/tajkertesz.com\\\/#website\"},\"primaryImageOfPage\":{\"@id\":\"https:\\\/\\\/tajkertesz.com\\\/termek\\\/karacsonyi-gomb-zold-szinu-6-cm-atmeroju-24-13-24\\\/#primaryimage\"},\"image\":{\"@id\":\"https:\\\/\\\/tajkertesz.com\\\/termek\\\/karacsonyi-gomb-zold-szinu-6-cm-atmeroju-24-13-24\\\/#primaryimage\"},\"thumbnailUrl\":\"https:\\\/\\\/tajkertesz.com\\\/wp-content\\\/uploads\\\/2024\\\/01\\\/23-13-24.jpg\",\"datePublished\":\"2024-01-19T15:29:05+00:00\",\"dateModified\":\"2026-02-13T15:21:00+00:00\",\"description\":\"Kar\u00e1csonyi g\u00f6mb zold sz\u00edn\u0171 6 cm \u00e1tm\u00e9r\u0151j\u0171 m\u0171anyag. Egy dobozban, 3-f\u00e9le z\u00f6ld, 12 db\\\/csomag. Matt, f\u00e9nyes \u00e9s glitteres akaszthat\u00f3 g\u00f6mb\u00f6k.\",\"breadcrumb\":{\"@id\":\"https:\\\/\\\/tajkertesz.com\\\/termek\\\/karacsonyi-gomb-zold-szinu-6-cm-atmeroju-24-13-24\\\/#breadcrumb\"},\"inLanguage\":\"en-US\",\"potentialAction\":[{\"@type\":\"ReadAction\",\"target\":[\"https:\\\/\\\/tajkertesz.com\\\/termek\\\/karacsonyi-gomb-zold-szinu-6-cm-atmeroju-24-13-24\\\/\"]}]},{\"@type\":\"ImageObject\",\"inLanguage\":\"en-US\",\"@id\":\"https:\\\/\\\/tajkertesz.com\\\/termek\\\/karacsonyi-gomb-zold-szinu-6-cm-atmeroju-24-13-24\\\/#primaryimage\",\"url\":\"https:\\\/\\\/tajkertesz.com\\\/wp-content\\\/uploads\\\/2024\\\/01\\\/23-13-24.jpg\",\"contentUrl\":\"https:\\\/\\\/tajkertesz.com\\\/wp-content\\\/uploads\\\/2024\\\/01\\\/23-13-24.jpg\",\"width\":568,\"height\":904},{\"@type\":\"BreadcrumbList\",\"@id\":\"https:\\\/\\\/tajkertesz.com\\\/termek\\\/karacsonyi-gomb-zold-szinu-6-cm-atmeroju-24-13-24\\\/#breadcrumb\",\"itemListElement\":[{\"@type\":\"ListItem\",\"position\":1,\"name\":\"Home\",\"item\":\"https:\\\/\\\/tajkertesz.com\\\/\"},{\"@type\":\"ListItem\",\"position\":2,\"name\":\"Kezd\u0151lap\",\"item\":\"https:\\\/\\\/tajkertesz.com\\\/\"},{\"@type\":\"ListItem\",\"position\":3,\"name\":\"Kar\u00e1csonyi g\u00f6mb z\u00f6ld sz\u00edn\u0171 6 cm \u00e1tm\u00e9r\u0151j\u0171 24-13-24\"}]},{\"@type\":\"WebSite\",\"@id\":\"https:\\\/\\\/tajkertesz.com\\\/#website\",\"url\":\"https:\\\/\\\/tajkertesz.com\\\/\",\"name\":\"T\u00e1j-Kert\u00e9sz 84 Kft.\",\"description\":\"Kert\u00e9szeti kis- \u00e9s nagykeresked\u00e9s, D\u00edszn\u00f6v\u00e9ny web\u00e1ruh\u00e1z orsz\u00e1gos h\u00e1zhozsz\u00e1ll\u00edt\u00e1ssal!\",\"publisher\":{\"@id\":\"https:\\\/\\\/tajkertesz.com\\\/#organization\"},\"potentialAction\":[{\"@type\":\"SearchAction\",\"target\":{\"@type\":\"EntryPoint\",\"urlTemplate\":\"https:\\\/\\\/tajkertesz.com\\\/?s={search_term_string}\"},\"query-input\":{\"@type\":\"PropertyValueSpecification\",\"valueRequired\":true,\"valueName\":\"search_term_string\"}}],\"inLanguage\":\"en-US\"},{\"@type\":\"Organization\",\"@id\":\"https:\\\/\\\/tajkertesz.com\\\/#organization\",\"name\":\"T\u00e1j-Kert\u00e9sz 84 Kft.\",\"url\":\"https:\\\/\\\/tajkertesz.com\\\/\",\"logo\":{\"@type\":\"ImageObject\",\"inLanguage\":\"en-US\",\"@id\":\"https:\\\/\\\/tajkertesz.com\\\/#\\\/schema\\\/logo\\\/image\\\/\",\"url\":\"https:\\\/\\\/tajkertesz.com\\\/wp-content\\\/uploads\\\/2018\\\/02\\\/logo-2-e1518678052539.png\",\"contentUrl\":\"https:\\\/\\\/tajkertesz.com\\\/wp-content\\\/uploads\\\/2018\\\/02\\\/logo-2-e1518678052539.png\",\"width\":81,\"height\":140,\"caption\":\"T\u00e1j-Kert\u00e9sz 84 Kft.\"},\"image\":{\"@id\":\"https:\\\/\\\/tajkertesz.com\\\/#\\\/schema\\\/logo\\\/image\\\/\"},\"sameAs\":[\"https:\\\/\\\/www.facebook.com\\\/Tajkertesz\\\/\"]}]}<\/script>\n<!-- \/ Yoast SEO plugin. -->","yoast_head_json":{"title":"Kar\u00e1csonyi g\u00f6mb z\u00f6ld sz\u00edn\u0171 6 cm \u00e1tm\u00e9r\u0151j\u0171 24-13-24 - T\u00e1jkert\u00e9sz","description":"Kar\u00e1csonyi g\u00f6mb zold sz\u00edn\u0171 6 cm \u00e1tm\u00e9r\u0151j\u0171 m\u0171anyag. Egy dobozban, 3-f\u00e9le z\u00f6ld, 12 db\/csomag. Matt, f\u00e9nyes \u00e9s glitteres akaszthat\u00f3 g\u00f6mb\u00f6k.","robots":{"index":"index","follow":"follow","max-snippet":"max-snippet:-1","max-image-preview":"max-image-preview:large","max-video-preview":"max-video-preview:-1"},"canonical":"https:\/\/tajkertesz.com\/en_US\/product\/karacsonyi-gomb-zold-szinu-6-cm-atmeroju-24-13-24\/","og_locale":"en_US","og_type":"article","og_title":"Kar\u00e1csonyi g\u00f6mb z\u00f6ld sz\u00edn\u0171 6 cm \u00e1tm\u00e9r\u0151j\u0171 24-13-24 - T\u00e1jkert\u00e9sz","og_description":"Kar\u00e1csonyi g\u00f6mb zold sz\u00edn\u0171 6 cm \u00e1tm\u00e9r\u0151j\u0171 m\u0171anyag. Egy dobozban, 3-f\u00e9le z\u00f6ld, 12 db\/csomag. Matt, f\u00e9nyes \u00e9s glitteres akaszthat\u00f3 g\u00f6mb\u00f6k.","og_url":"https:\/\/tajkertesz.com\/en_US\/product\/karacsonyi-gomb-zold-szinu-6-cm-atmeroju-24-13-24\/","og_site_name":"T\u00e1jkert\u00e9sz","article_publisher":"https:\/\/www.facebook.com\/Tajkertesz\/","article_modified_time":"2026-02-13T15:21:00+00:00","og_image":[{"width":568,"height":904,"url":"https:\/\/tajkertesz.com\/wp-content\/uploads\/2024\/01\/23-13-24.jpg","type":"image\/jpeg"}],"twitter_card":"summary_large_image","twitter_misc":{"Est. reading time":"2 minutes"},"schema":{"@context":"https:\/\/schema.org","@graph":[{"@type":"WebPage","@id":"https:\/\/tajkertesz.com\/termek\/karacsonyi-gomb-zold-szinu-6-cm-atmeroju-24-13-24\/","url":"https:\/\/tajkertesz.com\/termek\/karacsonyi-gomb-zold-szinu-6-cm-atmeroju-24-13-24\/","name":"Kar\u00e1csonyi g\u00f6mb z\u00f6ld sz\u00edn\u0171 6 cm \u00e1tm\u00e9r\u0151j\u0171 24-13-24 - T\u00e1jkert\u00e9sz","isPartOf":{"@id":"https:\/\/tajkertesz.com\/#website"},"primaryImageOfPage":{"@id":"https:\/\/tajkertesz.com\/termek\/karacsonyi-gomb-zold-szinu-6-cm-atmeroju-24-13-24\/#primaryimage"},"image":{"@id":"https:\/\/tajkertesz.com\/termek\/karacsonyi-gomb-zold-szinu-6-cm-atmeroju-24-13-24\/#primaryimage"},"thumbnailUrl":"https:\/\/tajkertesz.com\/wp-content\/uploads\/2024\/01\/23-13-24.jpg","datePublished":"2024-01-19T15:29:05+00:00","dateModified":"2026-02-13T15:21:00+00:00","description":"Kar\u00e1csonyi g\u00f6mb zold sz\u00edn\u0171 6 cm \u00e1tm\u00e9r\u0151j\u0171 m\u0171anyag. Egy dobozban, 3-f\u00e9le z\u00f6ld, 12 db\/csomag. Matt, f\u00e9nyes \u00e9s glitteres akaszthat\u00f3 g\u00f6mb\u00f6k.","breadcrumb":{"@id":"https:\/\/tajkertesz.com\/termek\/karacsonyi-gomb-zold-szinu-6-cm-atmeroju-24-13-24\/#breadcrumb"},"inLanguage":"en-US","potentialAction":[{"@type":"ReadAction","target":["https:\/\/tajkertesz.com\/termek\/karacsonyi-gomb-zold-szinu-6-cm-atmeroju-24-13-24\/"]}]},{"@type":"ImageObject","inLanguage":"en-US","@id":"https:\/\/tajkertesz.com\/termek\/karacsonyi-gomb-zold-szinu-6-cm-atmeroju-24-13-24\/#primaryimage","url":"https:\/\/tajkertesz.com\/wp-content\/uploads\/2024\/01\/23-13-24.jpg","contentUrl":"https:\/\/tajkertesz.com\/wp-content\/uploads\/2024\/01\/23-13-24.jpg","width":568,"height":904},{"@type":"BreadcrumbList","@id":"https:\/\/tajkertesz.com\/termek\/karacsonyi-gomb-zold-szinu-6-cm-atmeroju-24-13-24\/#breadcrumb","itemListElement":[{"@type":"ListItem","position":1,"name":"Home","item":"https:\/\/tajkertesz.com\/"},{"@type":"ListItem","position":2,"name":"Kezd\u0151lap","item":"https:\/\/tajkertesz.com\/"},{"@type":"ListItem","position":3,"name":"Kar\u00e1csonyi g\u00f6mb z\u00f6ld sz\u00edn\u0171 6 cm \u00e1tm\u00e9r\u0151j\u0171 24-13-24"}]},{"@type":"WebSite","@id":"https:\/\/tajkertesz.com\/#website","url":"https:\/\/tajkertesz.com\/","name":"T\u00e1j-Kert\u00e9sz 84 Kft.","description":"Kert\u00e9szeti kis- \u00e9s nagykeresked\u00e9s, D\u00edszn\u00f6v\u00e9ny web\u00e1ruh\u00e1z orsz\u00e1gos h\u00e1zhozsz\u00e1ll\u00edt\u00e1ssal!","publisher":{"@id":"https:\/\/tajkertesz.com\/#organization"},"potentialAction":[{"@type":"SearchAction","target":{"@type":"EntryPoint","urlTemplate":"https:\/\/tajkertesz.com\/?s={search_term_string}"},"query-input":{"@type":"PropertyValueSpecification","valueRequired":true,"valueName":"search_term_string"}}],"inLanguage":"en-US"},{"@type":"Organization","@id":"https:\/\/tajkertesz.com\/#organization","name":"T\u00e1j-Kert\u00e9sz 84 Kft.","url":"https:\/\/tajkertesz.com\/","logo":{"@type":"ImageObject","inLanguage":"en-US","@id":"https:\/\/tajkertesz.com\/#\/schema\/logo\/image\/","url":"https:\/\/tajkertesz.com\/wp-content\/uploads\/2018\/02\/logo-2-e1518678052539.png","contentUrl":"https:\/\/tajkertesz.com\/wp-content\/uploads\/2018\/02\/logo-2-e1518678052539.png","width":81,"height":140,"caption":"T\u00e1j-Kert\u00e9sz 84 Kft."},"image":{"@id":"https:\/\/tajkertesz.com\/#\/schema\/logo\/image\/"},"sameAs":["https:\/\/www.facebook.com\/Tajkertesz\/"]}]}},"_links":{"self":[{"href":"https:\/\/tajkertesz.com\/en_US\/wp-json\/wp\/v2\/product\/18697","targetHints":{"allow":["GET"]}}],"collection":[{"href":"https:\/\/tajkertesz.com\/en_US\/wp-json\/wp\/v2\/product"}],"about":[{"href":"https:\/\/tajkertesz.com\/en_US\/wp-json\/wp\/v2\/types\/product"}],"wp:featuredmedia":[{"embeddable":true,"href":"https:\/\/tajkertesz.com\/en_US\/wp-json\/wp\/v2\/media\/18698"}],"wp:attachment":[{"href":"https:\/\/tajkertesz.com\/en_US\/wp-json\/wp\/v2\/media?parent=18697"}],"wp:term":[{"taxonomy":"product_brand","embeddable":true,"href":"https:\/\/tajkertesz.com\/en_US\/wp-json\/wp\/v2\/product_brand?post=18697"},{"taxonomy":"product_cat","embeddable":true,"href":"https:\/\/tajkertesz.com\/en_US\/wp-json\/wp\/v2\/product_cat?post=18697"},{"taxonomy":"product_tag","embeddable":true,"href":"https:\/\/tajkertesz.com\/en_US\/wp-json\/wp\/v2\/product_tag?post=18697"}],"curies":[{"name":"wp","href":"https:\/\/api.w.org\/{rel}","templated":true}]}}