{"id":18718,"date":"2024-01-22T13:24:21","date_gmt":"2024-01-22T13:24:21","guid":{"rendered":"https:\/\/tajkertesz.com\/?post_type=product&#038;p=18718"},"modified":"2026-02-13T15:20:02","modified_gmt":"2026-02-13T15:20:02","slug":"menettomito-kraftig-160m","status":"publish","type":"product","link":"https:\/\/tajkertesz.com\/en_US\/product\/menettomito-kraftig-160m\/","title":{"rendered":"MENETT\u00d6M\u00cdT\u0150 KRAFTIG 160M"},"content":{"rendered":"<h1>MENETT\u00d6M\u00cdT\u0150 KRAFTIG 160M<\/h1>\n<p>MENETT\u00d6M\u00cdT\u0150 KRAFTIG 160M<\/p>\n<p>Mi\u00e9rt haszn\u00e1ljunk Krafting menett\u00f6m\u00edt\u0151t?<\/p>\n<p>A Krafting menett\u00f6m\u00edt\u0151 term\u00e9kek t\u00f6m\u00edt\u0151zsin\u00f3r form\u00e1j\u00e1ban el\u00e9rhet\u0151ek, haszn\u00e1latuk megakad\u00e1lyozza a g\u00e1zok \u00e9s folyad\u00e9kok sziv\u00e1rg\u00e1s\u00e1t. Kis \u00e9s nagy nyom\u00e1ssal szemben is alkalmazhat\u00f3ak, kit\u00f6ltik a menetek k\u00f6z\u00f6tti h\u00e9zagot \u00e9s kis nyom\u00e1ssal szemben azonnali t\u00f6m\u00edt\u00e9st biztos\u00edtanak. Teljesen megk\u00f6tve a legt\u00f6bb vezet\u00e9krendszert a k\u00f6t\u00e9s megreped\u00e9s\u00e9ig t\u00f6m\u00edtik.<\/p>\n<p>A Krafting menett\u00f6m\u00edt\u0151 term\u00e9kek el\u0151nyei a hagyom\u00e1nyos t\u00f6m\u00edt\u00e9sekkel szemben:<\/p>\n<ul>\n<li>Egykomponens\u0171 term\u00e9kek &#8211; tiszta \u00e9s egyszer\u0171 alkalmaz\u00e1s<\/li>\n<li>Nincs k\u00fasz\u00e1s, zsugorod\u00e1s, nem t\u00f6m\u00edtik el a rendszert<\/li>\n<li>Egy term\u00e9k t\u00f6bbf\u00e9le menetm\u00e9ret eset\u00e9n alkalmazhat\u00f3<\/li>\n<li>Kiv\u00e1ltj\u00e1k a kender-, szalag- \u00e9s pasztat\u00f6m\u00edt\u00e9seket<\/li>\n<li>A t\u00f6m\u00edt\u00e9s ellen\u00e1ll a vibr\u00e1ci\u00f3nak \u00e9s az \u00fct\u00e9sszer\u0171 terhel\u00e9seknek<\/li>\n<li>A term\u00e9kek sz\u00e1mos j\u00f3v\u00e1hagy\u00e1ssal rendelkeznek, Krafting t\u00f6m\u00edt\u0151zsin\u00f3r iv\u00f3v\u00edz enged\u00e9llyel \u00e9s j\u00f3v\u00e1hagy\u00e1ssal f\u00f6ldg\u00e1zra<\/li>\n<li>V\u00e9dik a kapcsol\u00f3d\u00f3 meneteket a korr\u00f3zi\u00f3 ellen<\/li>\n<\/ul>\n<p>Mostant\u00f3l elfelejthetj\u00fck a k\u00f3ccal val\u00f3 t\u00f6m\u00edt\u00e9s k\u00f6r\u00fclm\u00e9nyes folyamat\u00e1t. A Krafting cs\u0151menett\u00f6m\u00edt\u0151 zsin\u00f3r haszn\u00e1lata nem ig\u00e9nyel szak\u00e9rtelmet. Csak arra kell figyeln\u00fcnk, hogy a menetemelked\u00e9snek megfelel\u0151en tekerj\u00fck fel a cs\u0151menetre vagy az idom menet\u00e9re.<\/p>\n<p>Minden cs\u0151szerel\u00e9si munk\u00e1hoz haszn\u00e1lhat\u00f3, m\u0171anyag, r\u00e9z \u00e9s f\u00e9m cs\u00f6vekhez, hideg-meleg v\u00edzhez, iv\u00f3v\u00edzhez \u00e9s ak\u00e1r g\u00e1zszerel\u00e9shez is. Fontos figyeln\u00fcnk m\u00e9g arra, hogy mekkora menetm\u00e9retre mennyi teker\u00e9snyi t\u00f6m\u00edt\u0151zsin\u00f3rt tegy\u00fcnk.<\/p>\n<p>El\u00e9rhet\u0151 t\u00f6bbf\u00e9le m\u00e9retben \u00e9s \u00e1rban.<\/p>\n<p><strong>K\u00e9szlet\u00fcnk napi szinten v\u00e1ltozik, ez\u00e9rt k\u00e9rj\u00fck, \u00e9rdekl\u0151dj\u00f6n szem\u00e9lyesen, telefonon vagy email-en.<br \/>\nA v\u00e1ltoztat\u00e1s jog\u00e1t fenntartjuk!\u00a0<\/strong><\/p>\n<p>&nbsp;<\/p>\n<p><a href=\"https:\/\/tajkertesz.com\/\">https:\/\/tajkertesz.com\/<\/a><\/p>\n<p><a href=\"https:\/\/www.facebook.com\/tajkertesz\/\">https:\/\/www.facebook.com\/tajkertesz\/<\/a><\/p>\n<p>Kisz\u00e1ll\u00edt\u00e1s: 200cm-ig \u00a0\u00e9s 40 kg-ig a sz\u00e1ll\u00edt\u00e1s fut\u00e1rszolg\u00e1lattal \u00a0t\u00f6rt\u00e9nik.<\/p>\n<p>Szem\u00e9lyes \u00e1tv\u00e9tel nyitvatart\u00e1si id\u0151ben a 17. ker\u00fclet Bakancsos utca 7. sz\u00e1m alatti Kert\u00e9szeti \u00e1rud\u00e1ban.<\/p>","protected":false},"excerpt":{"rendered":"<h1>MENETT\u00d6M\u00cdT\u0150 KRAFTIG 160M<\/h1>\n<p>A Krafting menett\u00f6m\u00edt\u0151 term\u00e9kek t\u00f6m\u00edt\u0151zsin\u00f3r form\u00e1j\u00e1ban el\u00e9rhet\u0151ek, haszn\u00e1latuk megakad\u00e1lyozza a g\u00e1zok \u00e9s folyad\u00e9kok sziv\u00e1rg\u00e1s\u00e1t&#8230;<\/p>\n<p><strong>K\u00e9szlet\u00fcnk napi szinten v\u00e1ltozik, ez\u00e9rt k\u00e9rj\u00fck, \u00e9rdekl\u0151dj\u00f6n szem\u00e9lyesen, telefonon vagy email-en.<br \/>\nA v\u00e1ltoztat\u00e1s jog\u00e1t fenntartjuk!\u00a0<\/strong><\/p>","protected":false},"featured_media":18720,"template":"","meta":{"_et_pb_use_builder":"","_et_pb_old_content":"","_et_gb_content_width":""},"product_brand":[],"product_cat":[4234,4237],"product_tag":[4679,4675,4677,4676,4681,4680,4678],"class_list":{"0":"post-18718","1":"product","2":"type-product","3":"status-publish","4":"has-post-thumbnail","6":"product_cat-egyeb-szerelvenyek","7":"product_cat-menetes-szerelvenyek","8":"product_tag-gaz","9":"product_tag-krafting","10":"product_tag-loctite","11":"product_tag-menettomito","12":"product_tag-tomites","13":"product_tag-tomito","14":"product_tag-viz","16":"first","17":"instock","18":"shipping-taxable","19":"purchasable","20":"product-type-simple"},"yoast_head":"<!-- This site is optimized with the Yoast SEO plugin v27.5 - https:\/\/yoast.com\/product\/yoast-seo-wordpress\/ -->\n<title>MENETT\u00d6M\u00cdT\u0150 KRAFTIG 160M - T\u00e1jkert\u00e9sz<\/title>\n<meta name=\"description\" content=\"MENETT\u00d6M\u00cdT\u0150 KRAFTIG 160M. A Krafting menett\u00f6m\u00edt\u0151 term\u00e9kek foly\u00e9kony halmaz\u00e1llapotban vagy t\u00f6m\u00edt\u0151zsin\u00f3r form\u00e1j\u00e1ban el\u00e9rhet\u0151ek, hasz...\" \/>\n<meta name=\"robots\" content=\"index, follow, max-snippet:-1, max-image-preview:large, max-video-preview:-1\" \/>\n<link rel=\"canonical\" href=\"https:\/\/tajkertesz.com\/en_US\/product\/menettomito-kraftig-160m\/\" \/>\n<meta property=\"og:locale\" content=\"en_US\" \/>\n<meta property=\"og:type\" content=\"article\" \/>\n<meta property=\"og:title\" content=\"MENETT\u00d6M\u00cdT\u0150 KRAFTIG 160M - T\u00e1jkert\u00e9sz\" \/>\n<meta property=\"og:description\" content=\"MENETT\u00d6M\u00cdT\u0150 KRAFTIG 160M. A Krafting menett\u00f6m\u00edt\u0151 term\u00e9kek foly\u00e9kony halmaz\u00e1llapotban vagy t\u00f6m\u00edt\u0151zsin\u00f3r form\u00e1j\u00e1ban el\u00e9rhet\u0151ek, hasz...\" \/>\n<meta property=\"og:url\" content=\"https:\/\/tajkertesz.com\/en_US\/product\/menettomito-kraftig-160m\/\" \/>\n<meta property=\"og:site_name\" content=\"T\u00e1jkert\u00e9sz\" \/>\n<meta property=\"article:publisher\" content=\"https:\/\/www.facebook.com\/Tajkertesz\/\" \/>\n<meta property=\"article:modified_time\" content=\"2026-02-13T15:20:02+00:00\" \/>\n<meta property=\"og:image\" content=\"https:\/\/tajkertesz.com\/wp-content\/uploads\/2024\/01\/20240122_140540-1.jpg\" \/>\n\t<meta property=\"og:image:width\" content=\"1424\" \/>\n\t<meta property=\"og:image:height\" content=\"1856\" \/>\n\t<meta property=\"og:image:type\" content=\"image\/jpeg\" \/>\n<meta name=\"twitter:card\" content=\"summary_large_image\" \/>\n<meta name=\"twitter:label1\" content=\"Est. reading time\" \/>\n\t<meta name=\"twitter:data1\" content=\"2 minutes\" \/>\n<script type=\"application\/ld+json\" class=\"yoast-schema-graph\">{\"@context\":\"https:\\\/\\\/schema.org\",\"@graph\":[{\"@type\":\"WebPage\",\"@id\":\"https:\\\/\\\/tajkertesz.com\\\/termek\\\/menettomito-kraftig-160m\\\/\",\"url\":\"https:\\\/\\\/tajkertesz.com\\\/termek\\\/menettomito-kraftig-160m\\\/\",\"name\":\"MENETT\u00d6M\u00cdT\u0150 KRAFTIG 160M - T\u00e1jkert\u00e9sz\",\"isPartOf\":{\"@id\":\"https:\\\/\\\/tajkertesz.com\\\/#website\"},\"primaryImageOfPage\":{\"@id\":\"https:\\\/\\\/tajkertesz.com\\\/termek\\\/menettomito-kraftig-160m\\\/#primaryimage\"},\"image\":{\"@id\":\"https:\\\/\\\/tajkertesz.com\\\/termek\\\/menettomito-kraftig-160m\\\/#primaryimage\"},\"thumbnailUrl\":\"https:\\\/\\\/tajkertesz.com\\\/wp-content\\\/uploads\\\/2024\\\/01\\\/20240122_140540-1.jpg\",\"datePublished\":\"2024-01-22T13:24:21+00:00\",\"dateModified\":\"2026-02-13T15:20:02+00:00\",\"description\":\"MENETT\u00d6M\u00cdT\u0150 KRAFTIG 160M. A Krafting menett\u00f6m\u00edt\u0151 term\u00e9kek foly\u00e9kony halmaz\u00e1llapotban vagy t\u00f6m\u00edt\u0151zsin\u00f3r form\u00e1j\u00e1ban el\u00e9rhet\u0151ek, hasz...\",\"breadcrumb\":{\"@id\":\"https:\\\/\\\/tajkertesz.com\\\/termek\\\/menettomito-kraftig-160m\\\/#breadcrumb\"},\"inLanguage\":\"en-US\",\"potentialAction\":[{\"@type\":\"ReadAction\",\"target\":[\"https:\\\/\\\/tajkertesz.com\\\/termek\\\/menettomito-kraftig-160m\\\/\"]}]},{\"@type\":\"ImageObject\",\"inLanguage\":\"en-US\",\"@id\":\"https:\\\/\\\/tajkertesz.com\\\/termek\\\/menettomito-kraftig-160m\\\/#primaryimage\",\"url\":\"https:\\\/\\\/tajkertesz.com\\\/wp-content\\\/uploads\\\/2024\\\/01\\\/20240122_140540-1.jpg\",\"contentUrl\":\"https:\\\/\\\/tajkertesz.com\\\/wp-content\\\/uploads\\\/2024\\\/01\\\/20240122_140540-1.jpg\",\"width\":1424,\"height\":1856},{\"@type\":\"BreadcrumbList\",\"@id\":\"https:\\\/\\\/tajkertesz.com\\\/termek\\\/menettomito-kraftig-160m\\\/#breadcrumb\",\"itemListElement\":[{\"@type\":\"ListItem\",\"position\":1,\"name\":\"Home\",\"item\":\"https:\\\/\\\/tajkertesz.com\\\/\"},{\"@type\":\"ListItem\",\"position\":2,\"name\":\"Kezd\u0151lap\",\"item\":\"https:\\\/\\\/tajkertesz.com\\\/\"},{\"@type\":\"ListItem\",\"position\":3,\"name\":\"MENETT\u00d6M\u00cdT\u0150 KRAFTIG 160M\"}]},{\"@type\":\"WebSite\",\"@id\":\"https:\\\/\\\/tajkertesz.com\\\/#website\",\"url\":\"https:\\\/\\\/tajkertesz.com\\\/\",\"name\":\"T\u00e1j-Kert\u00e9sz 84 Kft.\",\"description\":\"Kert\u00e9szeti kis- \u00e9s nagykeresked\u00e9s, D\u00edszn\u00f6v\u00e9ny web\u00e1ruh\u00e1z orsz\u00e1gos h\u00e1zhozsz\u00e1ll\u00edt\u00e1ssal!\",\"publisher\":{\"@id\":\"https:\\\/\\\/tajkertesz.com\\\/#organization\"},\"potentialAction\":[{\"@type\":\"SearchAction\",\"target\":{\"@type\":\"EntryPoint\",\"urlTemplate\":\"https:\\\/\\\/tajkertesz.com\\\/?s={search_term_string}\"},\"query-input\":{\"@type\":\"PropertyValueSpecification\",\"valueRequired\":true,\"valueName\":\"search_term_string\"}}],\"inLanguage\":\"en-US\"},{\"@type\":\"Organization\",\"@id\":\"https:\\\/\\\/tajkertesz.com\\\/#organization\",\"name\":\"T\u00e1j-Kert\u00e9sz 84 Kft.\",\"url\":\"https:\\\/\\\/tajkertesz.com\\\/\",\"logo\":{\"@type\":\"ImageObject\",\"inLanguage\":\"en-US\",\"@id\":\"https:\\\/\\\/tajkertesz.com\\\/#\\\/schema\\\/logo\\\/image\\\/\",\"url\":\"https:\\\/\\\/tajkertesz.com\\\/wp-content\\\/uploads\\\/2018\\\/02\\\/logo-2-e1518678052539.png\",\"contentUrl\":\"https:\\\/\\\/tajkertesz.com\\\/wp-content\\\/uploads\\\/2018\\\/02\\\/logo-2-e1518678052539.png\",\"width\":81,\"height\":140,\"caption\":\"T\u00e1j-Kert\u00e9sz 84 Kft.\"},\"image\":{\"@id\":\"https:\\\/\\\/tajkertesz.com\\\/#\\\/schema\\\/logo\\\/image\\\/\"},\"sameAs\":[\"https:\\\/\\\/www.facebook.com\\\/Tajkertesz\\\/\"]}]}<\/script>\n<!-- \/ Yoast SEO plugin. -->","yoast_head_json":{"title":"MENETT\u00d6M\u00cdT\u0150 KRAFTIG 160M - T\u00e1jkert\u00e9sz","description":"MENETT\u00d6M\u00cdT\u0150 KRAFTIG 160M. A Krafting menett\u00f6m\u00edt\u0151 term\u00e9kek foly\u00e9kony halmaz\u00e1llapotban vagy t\u00f6m\u00edt\u0151zsin\u00f3r form\u00e1j\u00e1ban el\u00e9rhet\u0151ek, hasz...","robots":{"index":"index","follow":"follow","max-snippet":"max-snippet:-1","max-image-preview":"max-image-preview:large","max-video-preview":"max-video-preview:-1"},"canonical":"https:\/\/tajkertesz.com\/en_US\/product\/menettomito-kraftig-160m\/","og_locale":"en_US","og_type":"article","og_title":"MENETT\u00d6M\u00cdT\u0150 KRAFTIG 160M - T\u00e1jkert\u00e9sz","og_description":"MENETT\u00d6M\u00cdT\u0150 KRAFTIG 160M. A Krafting menett\u00f6m\u00edt\u0151 term\u00e9kek foly\u00e9kony halmaz\u00e1llapotban vagy t\u00f6m\u00edt\u0151zsin\u00f3r form\u00e1j\u00e1ban el\u00e9rhet\u0151ek, hasz...","og_url":"https:\/\/tajkertesz.com\/en_US\/product\/menettomito-kraftig-160m\/","og_site_name":"T\u00e1jkert\u00e9sz","article_publisher":"https:\/\/www.facebook.com\/Tajkertesz\/","article_modified_time":"2026-02-13T15:20:02+00:00","og_image":[{"width":1424,"height":1856,"url":"https:\/\/tajkertesz.com\/wp-content\/uploads\/2024\/01\/20240122_140540-1.jpg","type":"image\/jpeg"}],"twitter_card":"summary_large_image","twitter_misc":{"Est. reading time":"2 minutes"},"schema":{"@context":"https:\/\/schema.org","@graph":[{"@type":"WebPage","@id":"https:\/\/tajkertesz.com\/termek\/menettomito-kraftig-160m\/","url":"https:\/\/tajkertesz.com\/termek\/menettomito-kraftig-160m\/","name":"MENETT\u00d6M\u00cdT\u0150 KRAFTIG 160M - T\u00e1jkert\u00e9sz","isPartOf":{"@id":"https:\/\/tajkertesz.com\/#website"},"primaryImageOfPage":{"@id":"https:\/\/tajkertesz.com\/termek\/menettomito-kraftig-160m\/#primaryimage"},"image":{"@id":"https:\/\/tajkertesz.com\/termek\/menettomito-kraftig-160m\/#primaryimage"},"thumbnailUrl":"https:\/\/tajkertesz.com\/wp-content\/uploads\/2024\/01\/20240122_140540-1.jpg","datePublished":"2024-01-22T13:24:21+00:00","dateModified":"2026-02-13T15:20:02+00:00","description":"MENETT\u00d6M\u00cdT\u0150 KRAFTIG 160M. A Krafting menett\u00f6m\u00edt\u0151 term\u00e9kek foly\u00e9kony halmaz\u00e1llapotban vagy t\u00f6m\u00edt\u0151zsin\u00f3r form\u00e1j\u00e1ban el\u00e9rhet\u0151ek, hasz...","breadcrumb":{"@id":"https:\/\/tajkertesz.com\/termek\/menettomito-kraftig-160m\/#breadcrumb"},"inLanguage":"en-US","potentialAction":[{"@type":"ReadAction","target":["https:\/\/tajkertesz.com\/termek\/menettomito-kraftig-160m\/"]}]},{"@type":"ImageObject","inLanguage":"en-US","@id":"https:\/\/tajkertesz.com\/termek\/menettomito-kraftig-160m\/#primaryimage","url":"https:\/\/tajkertesz.com\/wp-content\/uploads\/2024\/01\/20240122_140540-1.jpg","contentUrl":"https:\/\/tajkertesz.com\/wp-content\/uploads\/2024\/01\/20240122_140540-1.jpg","width":1424,"height":1856},{"@type":"BreadcrumbList","@id":"https:\/\/tajkertesz.com\/termek\/menettomito-kraftig-160m\/#breadcrumb","itemListElement":[{"@type":"ListItem","position":1,"name":"Home","item":"https:\/\/tajkertesz.com\/"},{"@type":"ListItem","position":2,"name":"Kezd\u0151lap","item":"https:\/\/tajkertesz.com\/"},{"@type":"ListItem","position":3,"name":"MENETT\u00d6M\u00cdT\u0150 KRAFTIG 160M"}]},{"@type":"WebSite","@id":"https:\/\/tajkertesz.com\/#website","url":"https:\/\/tajkertesz.com\/","name":"T\u00e1j-Kert\u00e9sz 84 Kft.","description":"Kert\u00e9szeti kis- \u00e9s nagykeresked\u00e9s, D\u00edszn\u00f6v\u00e9ny web\u00e1ruh\u00e1z orsz\u00e1gos h\u00e1zhozsz\u00e1ll\u00edt\u00e1ssal!","publisher":{"@id":"https:\/\/tajkertesz.com\/#organization"},"potentialAction":[{"@type":"SearchAction","target":{"@type":"EntryPoint","urlTemplate":"https:\/\/tajkertesz.com\/?s={search_term_string}"},"query-input":{"@type":"PropertyValueSpecification","valueRequired":true,"valueName":"search_term_string"}}],"inLanguage":"en-US"},{"@type":"Organization","@id":"https:\/\/tajkertesz.com\/#organization","name":"T\u00e1j-Kert\u00e9sz 84 Kft.","url":"https:\/\/tajkertesz.com\/","logo":{"@type":"ImageObject","inLanguage":"en-US","@id":"https:\/\/tajkertesz.com\/#\/schema\/logo\/image\/","url":"https:\/\/tajkertesz.com\/wp-content\/uploads\/2018\/02\/logo-2-e1518678052539.png","contentUrl":"https:\/\/tajkertesz.com\/wp-content\/uploads\/2018\/02\/logo-2-e1518678052539.png","width":81,"height":140,"caption":"T\u00e1j-Kert\u00e9sz 84 Kft."},"image":{"@id":"https:\/\/tajkertesz.com\/#\/schema\/logo\/image\/"},"sameAs":["https:\/\/www.facebook.com\/Tajkertesz\/"]}]}},"_links":{"self":[{"href":"https:\/\/tajkertesz.com\/en_US\/wp-json\/wp\/v2\/product\/18718","targetHints":{"allow":["GET"]}}],"collection":[{"href":"https:\/\/tajkertesz.com\/en_US\/wp-json\/wp\/v2\/product"}],"about":[{"href":"https:\/\/tajkertesz.com\/en_US\/wp-json\/wp\/v2\/types\/product"}],"wp:featuredmedia":[{"embeddable":true,"href":"https:\/\/tajkertesz.com\/en_US\/wp-json\/wp\/v2\/media\/18720"}],"wp:attachment":[{"href":"https:\/\/tajkertesz.com\/en_US\/wp-json\/wp\/v2\/media?parent=18718"}],"wp:term":[{"taxonomy":"product_brand","embeddable":true,"href":"https:\/\/tajkertesz.com\/en_US\/wp-json\/wp\/v2\/product_brand?post=18718"},{"taxonomy":"product_cat","embeddable":true,"href":"https:\/\/tajkertesz.com\/en_US\/wp-json\/wp\/v2\/product_cat?post=18718"},{"taxonomy":"product_tag","embeddable":true,"href":"https:\/\/tajkertesz.com\/en_US\/wp-json\/wp\/v2\/product_tag?post=18718"}],"curies":[{"name":"wp","href":"https:\/\/api.w.org\/{rel}","templated":true}]}}