{"id":18724,"date":"2024-01-22T14:02:11","date_gmt":"2024-01-22T14:02:11","guid":{"rendered":"https:\/\/tajkertesz.com\/?post_type=product&#038;p=18724"},"modified":"2025-02-20T11:48:26","modified_gmt":"2025-02-20T11:48:26","slug":"truper-metszoollo-t-66-t18462","status":"publish","type":"product","link":"https:\/\/tajkertesz.com\/en_US\/product\/truper-metszoollo-t-66-t18462\/","title":{"rendered":"TRUPER metsz\u0151oll\u00f3 T-66 (T18462)"},"content":{"rendered":"<h2>TRUPER metsz\u0151oll\u00f3 T-66 (T18462)<\/h2>\n<p>TRUPER metsz\u0151oll\u00f3 T-66 (T18462)<\/p>\n<p>Mell\u00e9v\u00e1g\u00f3 ac\u00e9lpeng\u00e9s kis m\u00e9ret\u0151 Truper metsz\u0151oll\u00f3<\/p>\n<ul>\n<li>Edzett ac\u00e9l penge<\/li>\n<li>Hossz\u00fas\u00e1g: 15 cm<\/li>\n<li>Cs\u00fasz\u00e1smentes foganty\u00fak<\/li>\n<li>V\u00e1g\u00e1si sz\u00e9less\u00e9g: 5\/16&#8243; 8 mm<\/li>\n<li>H\u0151kezelt ac\u00e9l fej<\/li>\n<\/ul>\n<p>KERTI- \u00c9S TEREPSZERSZ\u00c1MOK<\/p>\n<p>TRUPER T-66 METSZ\u0150OLL\u00d3 170mm<\/p>\n<p>El\u00e9rhet\u0151 t\u00f6bbf\u00e9le m\u00e9retben \u00e9s \u00e1rban.<\/p>\n<p><strong>K\u00e9szlet\u00fcnk napi szinten v\u00e1ltozik, ez\u00e9rt k\u00e9rj\u00fck, \u00e9rdekl\u0151dj\u00f6n szem\u00e9lyesen, telefonon vagy email-en.<br \/>\nA v\u00e1ltoztat\u00e1s jog\u00e1t fenntartjuk!\u00a0<\/strong><\/p>\n<p><a href=\"https:\/\/tajkertesz.com\/\">https:\/\/tajkertesz.com\/<\/a><\/p>\n<p><a href=\"https:\/\/www.facebook.com\/tajkertesz\/\">https:\/\/www.facebook.com\/tajkertesz\/<\/a><\/p>\n<p>Kisz\u00e1ll\u00edt\u00e1s: 200cm-ig \u00a0\u00e9s 40 kg-ig a sz\u00e1ll\u00edt\u00e1s fut\u00e1rszolg\u00e1lattal \u00a0t\u00f6rt\u00e9nik.<\/p>\n<p>Szem\u00e9lyes \u00e1tv\u00e9tel nyitvatart\u00e1si id\u0151ben a 17. ker\u00fclet Bakancsos utca 7. sz\u00e1m alatti Kert\u00e9szeti \u00e1rud\u00e1ban.<\/p>\n<p>&nbsp;<\/p>\n<p>&nbsp;<\/p>","protected":false},"excerpt":{"rendered":"<h2>TRUPER metsz\u0151oll\u00f3 T-66 (T18462)<\/h2>\n<ul>\n<li>Edzett ac\u00e9l penge<\/li>\n<li>Hossz\u00fas\u00e1g: 15 cm<\/li>\n<li>Cs\u00fasz\u00e1smentes foganty\u00fak<\/li>\n<li>V\u00e1g\u00e1si sz\u00e9less\u00e9g: 5\/16&#8243; 8 mm<\/li>\n<li>H\u0151kezelt ac\u00e9l fej<\/li>\n<\/ul>\n<p><strong>K\u00e9szlet\u00fcnk napi szinten v\u00e1ltozik, ez\u00e9rt k\u00e9rj\u00fck, \u00e9rdekl\u0151dj\u00f6n szem\u00e9lyesen, telefonon vagy email-en.<br \/>\nA v\u00e1ltoztat\u00e1s jog\u00e1t fenntartjuk!\u00a0<\/strong><\/p>\n<p>&nbsp;<\/p>\n<p>&nbsp;<\/p>","protected":false},"featured_media":18725,"template":"","meta":{"_et_pb_use_builder":"","_et_pb_old_content":"","_et_gb_content_width":""},"product_brand":[],"product_cat":[4682],"product_tag":[4472,4567,114,1032,4565,927],"class_list":{"0":"post-18724","1":"product","2":"type-product","3":"status-publish","4":"has-post-thumbnail","6":"product_cat-metszoollok","7":"product_tag-kert","8":"product_tag-metszes","9":"product_tag-metszoollo","10":"product_tag-ollo","11":"product_tag-szerszam","12":"product_tag-truper","14":"first","15":"instock","16":"shipping-taxable","17":"purchasable","18":"product-type-simple"},"yoast_head":"<!-- This site is optimized with the Yoast SEO plugin v27.3 - https:\/\/yoast.com\/product\/yoast-seo-wordpress\/ -->\n<title>TRUPER metsz\u0151oll\u00f3 T-66 (T18462) - T\u00e1jkert\u00e9sz<\/title>\n<meta name=\"description\" content=\"TRUPER metsz\u0151oll\u00f3 T-66 (T18462). Mell\u00e9v\u00e1g\u00f3 ac\u00e9lpeng\u00e9s kis m\u00e9ret\u0151 Truper metsz\u0151oll\u00f3Edzett ac\u00e9l pengeHossz\u00fas\u00e1g: 15 cmCs\u00fasz\u00e1smentes foganty\u00fak\" \/>\n<meta name=\"robots\" content=\"index, follow, max-snippet:-1, max-image-preview:large, max-video-preview:-1\" \/>\n<link rel=\"canonical\" href=\"https:\/\/tajkertesz.com\/en_US\/product\/truper-metszoollo-t-66-t18462\/\" \/>\n<meta property=\"og:locale\" content=\"en_US\" \/>\n<meta property=\"og:type\" content=\"article\" \/>\n<meta property=\"og:title\" content=\"TRUPER metsz\u0151oll\u00f3 T-66 (T18462) - T\u00e1jkert\u00e9sz\" \/>\n<meta property=\"og:description\" content=\"TRUPER metsz\u0151oll\u00f3 T-66 (T18462). Mell\u00e9v\u00e1g\u00f3 ac\u00e9lpeng\u00e9s kis m\u00e9ret\u0151 Truper metsz\u0151oll\u00f3Edzett ac\u00e9l pengeHossz\u00fas\u00e1g: 15 cmCs\u00fasz\u00e1smentes foganty\u00fak\" \/>\n<meta property=\"og:url\" content=\"https:\/\/tajkertesz.com\/en_US\/product\/truper-metszoollo-t-66-t18462\/\" \/>\n<meta property=\"og:site_name\" content=\"T\u00e1jkert\u00e9sz\" \/>\n<meta property=\"article:publisher\" content=\"https:\/\/www.facebook.com\/Tajkertesz\/\" \/>\n<meta property=\"article:modified_time\" content=\"2025-02-20T11:48:26+00:00\" \/>\n<meta property=\"og:image\" content=\"https:\/\/tajkertesz.com\/wp-content\/uploads\/2024\/01\/76MOLLOT066.jpg\" \/>\n\t<meta property=\"og:image:width\" content=\"800\" \/>\n\t<meta property=\"og:image:height\" content=\"800\" \/>\n\t<meta property=\"og:image:type\" content=\"image\/jpeg\" \/>\n<meta name=\"twitter:card\" content=\"summary_large_image\" \/>\n<meta name=\"twitter:label1\" content=\"Est. reading time\" \/>\n\t<meta name=\"twitter:data1\" content=\"1 minute\" \/>\n<script type=\"application\/ld+json\" class=\"yoast-schema-graph\">{\"@context\":\"https:\\\/\\\/schema.org\",\"@graph\":[{\"@type\":\"WebPage\",\"@id\":\"https:\\\/\\\/tajkertesz.com\\\/termek\\\/truper-metszoollo-t-66-t18462\\\/\",\"url\":\"https:\\\/\\\/tajkertesz.com\\\/termek\\\/truper-metszoollo-t-66-t18462\\\/\",\"name\":\"TRUPER metsz\u0151oll\u00f3 T-66 (T18462) - T\u00e1jkert\u00e9sz\",\"isPartOf\":{\"@id\":\"https:\\\/\\\/tajkertesz.com\\\/#website\"},\"primaryImageOfPage\":{\"@id\":\"https:\\\/\\\/tajkertesz.com\\\/termek\\\/truper-metszoollo-t-66-t18462\\\/#primaryimage\"},\"image\":{\"@id\":\"https:\\\/\\\/tajkertesz.com\\\/termek\\\/truper-metszoollo-t-66-t18462\\\/#primaryimage\"},\"thumbnailUrl\":\"https:\\\/\\\/tajkertesz.com\\\/wp-content\\\/uploads\\\/2024\\\/01\\\/76MOLLOT066.jpg\",\"datePublished\":\"2024-01-22T14:02:11+00:00\",\"dateModified\":\"2025-02-20T11:48:26+00:00\",\"description\":\"TRUPER metsz\u0151oll\u00f3 T-66 (T18462). Mell\u00e9v\u00e1g\u00f3 ac\u00e9lpeng\u00e9s kis m\u00e9ret\u0151 Truper metsz\u0151oll\u00f3Edzett ac\u00e9l pengeHossz\u00fas\u00e1g: 15 cmCs\u00fasz\u00e1smentes foganty\u00fak\",\"breadcrumb\":{\"@id\":\"https:\\\/\\\/tajkertesz.com\\\/termek\\\/truper-metszoollo-t-66-t18462\\\/#breadcrumb\"},\"inLanguage\":\"en-US\",\"potentialAction\":[{\"@type\":\"ReadAction\",\"target\":[\"https:\\\/\\\/tajkertesz.com\\\/termek\\\/truper-metszoollo-t-66-t18462\\\/\"]}]},{\"@type\":\"ImageObject\",\"inLanguage\":\"en-US\",\"@id\":\"https:\\\/\\\/tajkertesz.com\\\/termek\\\/truper-metszoollo-t-66-t18462\\\/#primaryimage\",\"url\":\"https:\\\/\\\/tajkertesz.com\\\/wp-content\\\/uploads\\\/2024\\\/01\\\/76MOLLOT066.jpg\",\"contentUrl\":\"https:\\\/\\\/tajkertesz.com\\\/wp-content\\\/uploads\\\/2024\\\/01\\\/76MOLLOT066.jpg\",\"width\":800,\"height\":800},{\"@type\":\"BreadcrumbList\",\"@id\":\"https:\\\/\\\/tajkertesz.com\\\/termek\\\/truper-metszoollo-t-66-t18462\\\/#breadcrumb\",\"itemListElement\":[{\"@type\":\"ListItem\",\"position\":1,\"name\":\"Home\",\"item\":\"https:\\\/\\\/tajkertesz.com\\\/\"},{\"@type\":\"ListItem\",\"position\":2,\"name\":\"Kezd\u0151lap\",\"item\":\"https:\\\/\\\/tajkertesz.com\\\/\"},{\"@type\":\"ListItem\",\"position\":3,\"name\":\"TRUPER metsz\u0151oll\u00f3 T-66 (T18462)\"}]},{\"@type\":\"WebSite\",\"@id\":\"https:\\\/\\\/tajkertesz.com\\\/#website\",\"url\":\"https:\\\/\\\/tajkertesz.com\\\/\",\"name\":\"T\u00e1j-Kert\u00e9sz 84 Kft.\",\"description\":\"Kert\u00e9szeti kis- \u00e9s nagykeresked\u00e9s, D\u00edszn\u00f6v\u00e9ny web\u00e1ruh\u00e1z orsz\u00e1gos h\u00e1zhozsz\u00e1ll\u00edt\u00e1ssal!\",\"publisher\":{\"@id\":\"https:\\\/\\\/tajkertesz.com\\\/#organization\"},\"potentialAction\":[{\"@type\":\"SearchAction\",\"target\":{\"@type\":\"EntryPoint\",\"urlTemplate\":\"https:\\\/\\\/tajkertesz.com\\\/?s={search_term_string}\"},\"query-input\":{\"@type\":\"PropertyValueSpecification\",\"valueRequired\":true,\"valueName\":\"search_term_string\"}}],\"inLanguage\":\"en-US\"},{\"@type\":\"Organization\",\"@id\":\"https:\\\/\\\/tajkertesz.com\\\/#organization\",\"name\":\"T\u00e1j-Kert\u00e9sz 84 Kft.\",\"url\":\"https:\\\/\\\/tajkertesz.com\\\/\",\"logo\":{\"@type\":\"ImageObject\",\"inLanguage\":\"en-US\",\"@id\":\"https:\\\/\\\/tajkertesz.com\\\/#\\\/schema\\\/logo\\\/image\\\/\",\"url\":\"https:\\\/\\\/tajkertesz.com\\\/wp-content\\\/uploads\\\/2018\\\/02\\\/logo-2-e1518678052539.png\",\"contentUrl\":\"https:\\\/\\\/tajkertesz.com\\\/wp-content\\\/uploads\\\/2018\\\/02\\\/logo-2-e1518678052539.png\",\"width\":81,\"height\":140,\"caption\":\"T\u00e1j-Kert\u00e9sz 84 Kft.\"},\"image\":{\"@id\":\"https:\\\/\\\/tajkertesz.com\\\/#\\\/schema\\\/logo\\\/image\\\/\"},\"sameAs\":[\"https:\\\/\\\/www.facebook.com\\\/Tajkertesz\\\/\"]}]}<\/script>\n<!-- \/ Yoast SEO plugin. -->","yoast_head_json":{"title":"TRUPER metsz\u0151oll\u00f3 T-66 (T18462) - T\u00e1jkert\u00e9sz","description":"TRUPER metsz\u0151oll\u00f3 T-66 (T18462). Mell\u00e9v\u00e1g\u00f3 ac\u00e9lpeng\u00e9s kis m\u00e9ret\u0151 Truper metsz\u0151oll\u00f3Edzett ac\u00e9l pengeHossz\u00fas\u00e1g: 15 cmCs\u00fasz\u00e1smentes foganty\u00fak","robots":{"index":"index","follow":"follow","max-snippet":"max-snippet:-1","max-image-preview":"max-image-preview:large","max-video-preview":"max-video-preview:-1"},"canonical":"https:\/\/tajkertesz.com\/en_US\/product\/truper-metszoollo-t-66-t18462\/","og_locale":"en_US","og_type":"article","og_title":"TRUPER metsz\u0151oll\u00f3 T-66 (T18462) - T\u00e1jkert\u00e9sz","og_description":"TRUPER metsz\u0151oll\u00f3 T-66 (T18462). Mell\u00e9v\u00e1g\u00f3 ac\u00e9lpeng\u00e9s kis m\u00e9ret\u0151 Truper metsz\u0151oll\u00f3Edzett ac\u00e9l pengeHossz\u00fas\u00e1g: 15 cmCs\u00fasz\u00e1smentes foganty\u00fak","og_url":"https:\/\/tajkertesz.com\/en_US\/product\/truper-metszoollo-t-66-t18462\/","og_site_name":"T\u00e1jkert\u00e9sz","article_publisher":"https:\/\/www.facebook.com\/Tajkertesz\/","article_modified_time":"2025-02-20T11:48:26+00:00","og_image":[{"width":800,"height":800,"url":"https:\/\/tajkertesz.com\/wp-content\/uploads\/2024\/01\/76MOLLOT066.jpg","type":"image\/jpeg"}],"twitter_card":"summary_large_image","twitter_misc":{"Est. reading time":"1 minute"},"schema":{"@context":"https:\/\/schema.org","@graph":[{"@type":"WebPage","@id":"https:\/\/tajkertesz.com\/termek\/truper-metszoollo-t-66-t18462\/","url":"https:\/\/tajkertesz.com\/termek\/truper-metszoollo-t-66-t18462\/","name":"TRUPER metsz\u0151oll\u00f3 T-66 (T18462) - T\u00e1jkert\u00e9sz","isPartOf":{"@id":"https:\/\/tajkertesz.com\/#website"},"primaryImageOfPage":{"@id":"https:\/\/tajkertesz.com\/termek\/truper-metszoollo-t-66-t18462\/#primaryimage"},"image":{"@id":"https:\/\/tajkertesz.com\/termek\/truper-metszoollo-t-66-t18462\/#primaryimage"},"thumbnailUrl":"https:\/\/tajkertesz.com\/wp-content\/uploads\/2024\/01\/76MOLLOT066.jpg","datePublished":"2024-01-22T14:02:11+00:00","dateModified":"2025-02-20T11:48:26+00:00","description":"TRUPER metsz\u0151oll\u00f3 T-66 (T18462). Mell\u00e9v\u00e1g\u00f3 ac\u00e9lpeng\u00e9s kis m\u00e9ret\u0151 Truper metsz\u0151oll\u00f3Edzett ac\u00e9l pengeHossz\u00fas\u00e1g: 15 cmCs\u00fasz\u00e1smentes foganty\u00fak","breadcrumb":{"@id":"https:\/\/tajkertesz.com\/termek\/truper-metszoollo-t-66-t18462\/#breadcrumb"},"inLanguage":"en-US","potentialAction":[{"@type":"ReadAction","target":["https:\/\/tajkertesz.com\/termek\/truper-metszoollo-t-66-t18462\/"]}]},{"@type":"ImageObject","inLanguage":"en-US","@id":"https:\/\/tajkertesz.com\/termek\/truper-metszoollo-t-66-t18462\/#primaryimage","url":"https:\/\/tajkertesz.com\/wp-content\/uploads\/2024\/01\/76MOLLOT066.jpg","contentUrl":"https:\/\/tajkertesz.com\/wp-content\/uploads\/2024\/01\/76MOLLOT066.jpg","width":800,"height":800},{"@type":"BreadcrumbList","@id":"https:\/\/tajkertesz.com\/termek\/truper-metszoollo-t-66-t18462\/#breadcrumb","itemListElement":[{"@type":"ListItem","position":1,"name":"Home","item":"https:\/\/tajkertesz.com\/"},{"@type":"ListItem","position":2,"name":"Kezd\u0151lap","item":"https:\/\/tajkertesz.com\/"},{"@type":"ListItem","position":3,"name":"TRUPER metsz\u0151oll\u00f3 T-66 (T18462)"}]},{"@type":"WebSite","@id":"https:\/\/tajkertesz.com\/#website","url":"https:\/\/tajkertesz.com\/","name":"T\u00e1j-Kert\u00e9sz 84 Kft.","description":"Kert\u00e9szeti kis- \u00e9s nagykeresked\u00e9s, D\u00edszn\u00f6v\u00e9ny web\u00e1ruh\u00e1z orsz\u00e1gos h\u00e1zhozsz\u00e1ll\u00edt\u00e1ssal!","publisher":{"@id":"https:\/\/tajkertesz.com\/#organization"},"potentialAction":[{"@type":"SearchAction","target":{"@type":"EntryPoint","urlTemplate":"https:\/\/tajkertesz.com\/?s={search_term_string}"},"query-input":{"@type":"PropertyValueSpecification","valueRequired":true,"valueName":"search_term_string"}}],"inLanguage":"en-US"},{"@type":"Organization","@id":"https:\/\/tajkertesz.com\/#organization","name":"T\u00e1j-Kert\u00e9sz 84 Kft.","url":"https:\/\/tajkertesz.com\/","logo":{"@type":"ImageObject","inLanguage":"en-US","@id":"https:\/\/tajkertesz.com\/#\/schema\/logo\/image\/","url":"https:\/\/tajkertesz.com\/wp-content\/uploads\/2018\/02\/logo-2-e1518678052539.png","contentUrl":"https:\/\/tajkertesz.com\/wp-content\/uploads\/2018\/02\/logo-2-e1518678052539.png","width":81,"height":140,"caption":"T\u00e1j-Kert\u00e9sz 84 Kft."},"image":{"@id":"https:\/\/tajkertesz.com\/#\/schema\/logo\/image\/"},"sameAs":["https:\/\/www.facebook.com\/Tajkertesz\/"]}]}},"_links":{"self":[{"href":"https:\/\/tajkertesz.com\/en_US\/wp-json\/wp\/v2\/product\/18724","targetHints":{"allow":["GET"]}}],"collection":[{"href":"https:\/\/tajkertesz.com\/en_US\/wp-json\/wp\/v2\/product"}],"about":[{"href":"https:\/\/tajkertesz.com\/en_US\/wp-json\/wp\/v2\/types\/product"}],"wp:featuredmedia":[{"embeddable":true,"href":"https:\/\/tajkertesz.com\/en_US\/wp-json\/wp\/v2\/media\/18725"}],"wp:attachment":[{"href":"https:\/\/tajkertesz.com\/en_US\/wp-json\/wp\/v2\/media?parent=18724"}],"wp:term":[{"taxonomy":"product_brand","embeddable":true,"href":"https:\/\/tajkertesz.com\/en_US\/wp-json\/wp\/v2\/product_brand?post=18724"},{"taxonomy":"product_cat","embeddable":true,"href":"https:\/\/tajkertesz.com\/en_US\/wp-json\/wp\/v2\/product_cat?post=18724"},{"taxonomy":"product_tag","embeddable":true,"href":"https:\/\/tajkertesz.com\/en_US\/wp-json\/wp\/v2\/product_tag?post=18724"}],"curies":[{"name":"wp","href":"https:\/\/api.w.org\/{rel}","templated":true}]}}