{"id":18736,"date":"2024-01-23T08:47:45","date_gmt":"2024-01-23T08:47:45","guid":{"rendered":"https:\/\/tajkertesz.com\/?post_type=product&#038;p=18736"},"modified":"2026-02-13T15:29:36","modified_gmt":"2026-02-13T15:29:36","slug":"varazsszonyeg-vetoszalag-3x133m","status":"publish","type":"product","link":"https:\/\/tajkertesz.com\/en_US\/product\/varazsszonyeg-vetoszalag-3x133m\/","title":{"rendered":"Var\u00e1zssz\u0151nyeg vet\u0151szalag 3&#215;1,33m"},"content":{"rendered":"<h2>Var\u00e1zssz\u0151nyeg vet\u0151szalag 3&#215;1,33m<\/h2>\n<p>&nbsp;<\/p>\n<p>Var\u00e1zssz\u0151nyeg vet\u0151szalag 3&#215;1,33m, egyny\u00e1ri vir\u00e1gkever\u00e9k, alacsony n\u00f6v\u00e9s\u0171 (kb. 40 cm magas) sz\u00ednes vir\u00e1gokb\u00f3l \u00e1ll, melyek eg\u00e9sz ny\u00e1ron\u00a0 folyamatosan ny\u00edlnak. A var\u00e1zssz\u0151nyeg vir\u00e1gmagkever\u00e9k balkonl\u00e1d\u00e1ban val\u00f3 be\u00fcltet\u00e9sre is kiv\u00e1l\u00f3. A vet\u0151szalag alkalmaz\u00e1s\u00e1val gyors \u00e9s egyszer\u0171 a vet\u00e9s, a n\u00f6v\u00e9nyek jobban fejl\u0151dnek.<\/p>\n<p>&nbsp;<\/p>\n<p>A vet\u0151szalagn\u00e1l a vet\u00e9s szabadf\u00f6ldben t\u00f6rt\u00e9nik.<br \/>\nKap\u00e1val h\u00fazzunk egy sort a szalag m\u00e9ret\u00e9vel megegyez\u0151 hossz\u00fas\u00e1gban, majd ebbe fektetj\u00fck a szalagot. V\u00e9g\u00fcl a sort alaposan be\u00f6nt\u00f6zz\u00fck, betakarjuk f\u00f6lddel \u00e9s \u00fajra meg\u00f6nt\u00f6zz\u00fck. Vet\u0151szalag haszn\u00e1lat\u00e1val nem sz\u00fcks\u00e9ges egyelni a friss vet\u00e9st, a kel\u00e9s gyorsabb \u00e9s egy\u00f6ntet\u0171bb.<\/p>\n<p>&nbsp;<\/p>\n<p><strong>\u00c1pol\u00e1s:<\/strong> A kel\u00e9s ideje alatt tartsuk \u00e1lland\u00f3an nedvesen az \u00e1gy\u00e1st \u00e9s a gyomokat t\u00e1vol\u00edtsuk el!<\/p>\n<p>A szalag k\u00f6nnyen kezelhet\u0151, egyszer\u0171 a vet\u00e9s egyel\u00e9sre nincsen sz\u00fcks\u00e9g a\u00a0 haszn\u00e1lata eset\u00e9n.<\/p>\n<p><strong>A vet\u0151szalagn\u00e1l a vet\u00e9s szabadf\u00f6ldbe t\u00f6rt\u00e9nik.<\/strong><\/p>\n<ol>\n<li>Kap\u00e1val megh\u00fazzuk a sort 1-2 cm m\u00e9lyre, a szalag m\u00e9ret\u00e9vel megegyez\u0151 hossz\u00fas\u00e1gra.\u00a0 A csomag tartalma kb. 4 foly\u00f3m\u00e9ter vet\u00e9sre elegend\u0151.<\/li>\n<li>V\u00e1lasszuk sz\u00e9t a h\u00e1rom sorszalagot a perfor\u00e1ci\u00f3 ment\u00e9n . Sort\u00e1vols\u00e1g kb:20-25 cm.<\/li>\n<li>A szalagot belefektetj\u00fck a bar\u00e1zd\u00e1ba, be\u00f6nt\u00f6zz\u00fck.<\/li>\n<li>Betakarjuk f\u00f6lddel \u00e9s \u00fajra meg\u00f6nt\u00f6zz\u00fck vigy\u00e1zva ,hogy ne iszapoljuk be.<\/li>\n<\/ol>\n<p><strong>\u00c1pol\u00e1s:<\/strong><\/p>\n<p>A kel\u00e9s ideje alatt tartsuk nedvesen a vet\u00e9st \u00e9s t\u00e1vol\u00edtsuk el a kikel\u0151 gyomokat.<\/p>\n<p>A vet\u0151szalag haszn\u00e1lat\u00e1val elker\u00fclhetj\u00fck a ritk\u00edt\u00e1s f\u00e1rads\u00e1gos munk\u00e1lat\u00e1t.<\/p>\n<p>Gyors \u00e9s egyszer\u0171 vetem\u00e9nyez\u00e9st tesz lehet\u0151v\u00e9, a n\u00f6v\u00e9nyek jobban fejl\u0151dnek, a\u00a0 felhaszn\u00e1lt k\u00f6rnyezetbar\u00e1t pap\u00edr lebomlik a talajban.<\/p>\n<p>El\u00e9rhet\u0151 t\u00f6bbf\u00e9le m\u00e9retben \u00e9s \u00e1rban.<\/p>\n<p><b>K\u00e9szlet\u00fcnk napi szinten v\u00e1ltozik, ez\u00e9rt k\u00e9rj\u00fck, \u00e9rdekl\u0151dj\u00f6n szem\u00e9lyesen, telefonon vagy email-en.<br \/>\nA v\u00e1ltoztat\u00e1s jog\u00e1t fenntartjuk!\u00a0<\/b><\/p>\n<p><a href=\"https:\/\/tajkertesz.com\/\">https:\/\/tajkertesz.com\/<\/a><\/p>\n<p><a href=\"https:\/\/www.facebook.com\/tajkertesz\/\">https:\/\/www.facebook.com\/tajkertesz\/<\/a><\/p>\n<p>Kisz\u00e1ll\u00edt\u00e1s: 200cm-ig \u00a0\u00e9s 40 kg-ig a sz\u00e1ll\u00edt\u00e1s fut\u00e1rszolg\u00e1lattal \u00a0t\u00f6rt\u00e9nik.<\/p>\n<p>Szem\u00e9lyes \u00e1tv\u00e9tel nyitvatart\u00e1si id\u0151ben a 17. ker\u00fclet Bakancsos utca 7. sz\u00e1m alatti Kert\u00e9szeti \u00e1rud\u00e1ban.<\/p>\n<p>&nbsp;<\/p>","protected":false},"excerpt":{"rendered":"<h2>Var\u00e1zssz\u0151nyeg vet\u0151szalag 3&#215;1,33m<\/h2>\n<p>&nbsp;<\/p>\n<p>Var\u00e1zssz\u0151nyeg vet\u0151szalag 3&#215;1,33m, egyny\u00e1ri vir\u00e1gkever\u00e9k, alacsony n\u00f6v\u00e9s\u0171 (kb. 40 cm magas) sz\u00ednes vir\u00e1gokb\u00f3l \u00e1ll, melyek eg\u00e9sz ny\u00e1ron\u00a0 folyamatosan ny\u00edlnak. A var\u00e1zssz\u0151nyeg vir\u00e1gmagkever\u00e9k balkonl\u00e1d\u00e1ban val\u00f3 be\u00fcltet\u00e9sre is kiv\u00e1l\u00f3. A vet\u0151szalag alkalmaz\u00e1s\u00e1val gyors \u00e9s egyszer\u0171 a vet\u00e9s, a n\u00f6v\u00e9nyek jobban fejl\u0151dnek.<\/p>\n<p>&nbsp;<\/p>\n<p>A vet\u0151szalagn\u00e1l a vet\u00e9s szabadf\u00f6ldben t\u00f6rt\u00e9nik.<br \/>\nKap\u00e1val h\u00fazzunk egy sort a szalag m\u00e9ret\u00e9vel megegyez\u0151 hossz\u00fas\u00e1gban, majd ebbe fektetj\u00fck a szalagot. V\u00e9g\u00fcl a sort alaposan be\u00f6nt\u00f6zz\u00fck, betakarjuk f\u00f6lddel \u00e9s \u00fajra meg\u00f6nt\u00f6zz\u00fck. Vet\u0151szalag haszn\u00e1lat\u00e1val nem sz\u00fcks\u00e9ges egyelni a friss vet\u00e9st, a kel\u00e9s gyorsabb \u00e9s egy\u00f6ntet\u0171bb.<\/p>\n<p>&nbsp;<\/p>\n<p><strong>\u00c1pol\u00e1s:<\/strong> A kel\u00e9s ideje alatt tartsuk \u00e1lland\u00f3an nedvesen az \u00e1gy\u00e1st \u00e9s a gyomokat t\u00e1vol\u00edtsuk el!<\/p>\n<p>A szalag k\u00f6nnyen kezelhet\u0151, egyszer\u0171 a vet\u00e9s egyel\u00e9sre nincsen sz\u00fcks\u00e9g a\u00a0 haszn\u00e1lata eset\u00e9n.<\/p>","protected":false},"featured_media":18737,"template":"","meta":{"_et_pb_use_builder":"","_et_pb_old_content":"","_et_gb_content_width":""},"product_brand":[],"product_cat":[1529,2882],"product_tag":[],"class_list":{"0":"post-18736","1":"product","2":"type-product","3":"status-publish","4":"has-post-thumbnail","6":"product_cat-vetoszalagok","7":"product_cat-virag-vetomagok","9":"first","10":"instock","11":"shipping-taxable","12":"purchasable","13":"product-type-simple"},"yoast_head":"<!-- This site is optimized with the Yoast SEO plugin v27.4 - https:\/\/yoast.com\/product\/yoast-seo-wordpress\/ -->\n<title>Var\u00e1zssz\u0151nyeg vet\u0151szalag 3x1,33m - T\u00e1jkert\u00e9sz<\/title>\n<meta name=\"description\" content=\"Var\u00e1zssz\u0151nyeg vet\u0151szalag 3x1,33mVar\u00e1zssz\u0151nyeg vet\u0151szalag 3x1,33m, egyny\u00e1ri vir\u00e1gkever\u00e9k, alacsony n\u00f6v\u00e9s\u0171 (kb. 40 cm magas) sz\u00ednes vir\u00e1gokb\u00f3l \u00e1ll.\" \/>\n<meta name=\"robots\" content=\"index, follow, max-snippet:-1, max-image-preview:large, max-video-preview:-1\" \/>\n<link rel=\"canonical\" href=\"https:\/\/tajkertesz.com\/en_US\/product\/varazsszonyeg-vetoszalag-3x133m\/\" \/>\n<meta property=\"og:locale\" content=\"en_US\" \/>\n<meta property=\"og:type\" content=\"article\" \/>\n<meta property=\"og:title\" content=\"Var\u00e1zssz\u0151nyeg vet\u0151szalag 3x1,33m - T\u00e1jkert\u00e9sz\" \/>\n<meta property=\"og:description\" content=\"Var\u00e1zssz\u0151nyeg vet\u0151szalag 3x1,33mVar\u00e1zssz\u0151nyeg vet\u0151szalag 3x1,33m, egyny\u00e1ri vir\u00e1gkever\u00e9k, alacsony n\u00f6v\u00e9s\u0171 (kb. 40 cm magas) sz\u00ednes vir\u00e1gokb\u00f3l \u00e1ll.\" \/>\n<meta property=\"og:url\" content=\"https:\/\/tajkertesz.com\/en_US\/product\/varazsszonyeg-vetoszalag-3x133m\/\" \/>\n<meta property=\"og:site_name\" content=\"T\u00e1jkert\u00e9sz\" \/>\n<meta property=\"article:publisher\" content=\"https:\/\/www.facebook.com\/Tajkertesz\/\" \/>\n<meta property=\"article:modified_time\" content=\"2026-02-13T15:29:36+00:00\" \/>\n<meta property=\"og:image\" content=\"https:\/\/tajkertesz.com\/wp-content\/uploads\/2024\/01\/32_500306_Varazsszonyeg_Vetoszalag.jpg\" \/>\n\t<meta property=\"og:image:width\" content=\"650\" \/>\n\t<meta property=\"og:image:height\" content=\"1042\" \/>\n\t<meta property=\"og:image:type\" content=\"image\/jpeg\" \/>\n<meta name=\"twitter:card\" content=\"summary_large_image\" \/>\n<meta name=\"twitter:label1\" content=\"Est. reading time\" \/>\n\t<meta name=\"twitter:data1\" content=\"2 minutes\" \/>\n<script type=\"application\/ld+json\" class=\"yoast-schema-graph\">{\"@context\":\"https:\\\/\\\/schema.org\",\"@graph\":[{\"@type\":\"WebPage\",\"@id\":\"https:\\\/\\\/tajkertesz.com\\\/termek\\\/varazsszonyeg-vetoszalag-3x133m\\\/\",\"url\":\"https:\\\/\\\/tajkertesz.com\\\/termek\\\/varazsszonyeg-vetoszalag-3x133m\\\/\",\"name\":\"Var\u00e1zssz\u0151nyeg vet\u0151szalag 3x1,33m - T\u00e1jkert\u00e9sz\",\"isPartOf\":{\"@id\":\"https:\\\/\\\/tajkertesz.com\\\/#website\"},\"primaryImageOfPage\":{\"@id\":\"https:\\\/\\\/tajkertesz.com\\\/termek\\\/varazsszonyeg-vetoszalag-3x133m\\\/#primaryimage\"},\"image\":{\"@id\":\"https:\\\/\\\/tajkertesz.com\\\/termek\\\/varazsszonyeg-vetoszalag-3x133m\\\/#primaryimage\"},\"thumbnailUrl\":\"https:\\\/\\\/tajkertesz.com\\\/wp-content\\\/uploads\\\/2024\\\/01\\\/32_500306_Varazsszonyeg_Vetoszalag.jpg\",\"datePublished\":\"2024-01-23T08:47:45+00:00\",\"dateModified\":\"2026-02-13T15:29:36+00:00\",\"description\":\"Var\u00e1zssz\u0151nyeg vet\u0151szalag 3x1,33mVar\u00e1zssz\u0151nyeg vet\u0151szalag 3x1,33m, egyny\u00e1ri vir\u00e1gkever\u00e9k, alacsony n\u00f6v\u00e9s\u0171 (kb. 40 cm magas) sz\u00ednes vir\u00e1gokb\u00f3l \u00e1ll.\",\"breadcrumb\":{\"@id\":\"https:\\\/\\\/tajkertesz.com\\\/termek\\\/varazsszonyeg-vetoszalag-3x133m\\\/#breadcrumb\"},\"inLanguage\":\"en-US\",\"potentialAction\":[{\"@type\":\"ReadAction\",\"target\":[\"https:\\\/\\\/tajkertesz.com\\\/termek\\\/varazsszonyeg-vetoszalag-3x133m\\\/\"]}]},{\"@type\":\"ImageObject\",\"inLanguage\":\"en-US\",\"@id\":\"https:\\\/\\\/tajkertesz.com\\\/termek\\\/varazsszonyeg-vetoszalag-3x133m\\\/#primaryimage\",\"url\":\"https:\\\/\\\/tajkertesz.com\\\/wp-content\\\/uploads\\\/2024\\\/01\\\/32_500306_Varazsszonyeg_Vetoszalag.jpg\",\"contentUrl\":\"https:\\\/\\\/tajkertesz.com\\\/wp-content\\\/uploads\\\/2024\\\/01\\\/32_500306_Varazsszonyeg_Vetoszalag.jpg\",\"width\":650,\"height\":1042},{\"@type\":\"BreadcrumbList\",\"@id\":\"https:\\\/\\\/tajkertesz.com\\\/termek\\\/varazsszonyeg-vetoszalag-3x133m\\\/#breadcrumb\",\"itemListElement\":[{\"@type\":\"ListItem\",\"position\":1,\"name\":\"Home\",\"item\":\"https:\\\/\\\/tajkertesz.com\\\/\"},{\"@type\":\"ListItem\",\"position\":2,\"name\":\"Kezd\u0151lap\",\"item\":\"https:\\\/\\\/tajkertesz.com\\\/\"},{\"@type\":\"ListItem\",\"position\":3,\"name\":\"Var\u00e1zssz\u0151nyeg vet\u0151szalag 3&#215;1,33m\"}]},{\"@type\":\"WebSite\",\"@id\":\"https:\\\/\\\/tajkertesz.com\\\/#website\",\"url\":\"https:\\\/\\\/tajkertesz.com\\\/\",\"name\":\"T\u00e1j-Kert\u00e9sz 84 Kft.\",\"description\":\"Kert\u00e9szeti kis- \u00e9s nagykeresked\u00e9s, D\u00edszn\u00f6v\u00e9ny web\u00e1ruh\u00e1z orsz\u00e1gos h\u00e1zhozsz\u00e1ll\u00edt\u00e1ssal!\",\"publisher\":{\"@id\":\"https:\\\/\\\/tajkertesz.com\\\/#organization\"},\"potentialAction\":[{\"@type\":\"SearchAction\",\"target\":{\"@type\":\"EntryPoint\",\"urlTemplate\":\"https:\\\/\\\/tajkertesz.com\\\/?s={search_term_string}\"},\"query-input\":{\"@type\":\"PropertyValueSpecification\",\"valueRequired\":true,\"valueName\":\"search_term_string\"}}],\"inLanguage\":\"en-US\"},{\"@type\":\"Organization\",\"@id\":\"https:\\\/\\\/tajkertesz.com\\\/#organization\",\"name\":\"T\u00e1j-Kert\u00e9sz 84 Kft.\",\"url\":\"https:\\\/\\\/tajkertesz.com\\\/\",\"logo\":{\"@type\":\"ImageObject\",\"inLanguage\":\"en-US\",\"@id\":\"https:\\\/\\\/tajkertesz.com\\\/#\\\/schema\\\/logo\\\/image\\\/\",\"url\":\"https:\\\/\\\/tajkertesz.com\\\/wp-content\\\/uploads\\\/2018\\\/02\\\/logo-2-e1518678052539.png\",\"contentUrl\":\"https:\\\/\\\/tajkertesz.com\\\/wp-content\\\/uploads\\\/2018\\\/02\\\/logo-2-e1518678052539.png\",\"width\":81,\"height\":140,\"caption\":\"T\u00e1j-Kert\u00e9sz 84 Kft.\"},\"image\":{\"@id\":\"https:\\\/\\\/tajkertesz.com\\\/#\\\/schema\\\/logo\\\/image\\\/\"},\"sameAs\":[\"https:\\\/\\\/www.facebook.com\\\/Tajkertesz\\\/\"]}]}<\/script>\n<!-- \/ Yoast SEO plugin. -->","yoast_head_json":{"title":"Var\u00e1zssz\u0151nyeg vet\u0151szalag 3x1,33m - T\u00e1jkert\u00e9sz","description":"Var\u00e1zssz\u0151nyeg vet\u0151szalag 3x1,33mVar\u00e1zssz\u0151nyeg vet\u0151szalag 3x1,33m, egyny\u00e1ri vir\u00e1gkever\u00e9k, alacsony n\u00f6v\u00e9s\u0171 (kb. 40 cm magas) sz\u00ednes vir\u00e1gokb\u00f3l \u00e1ll.","robots":{"index":"index","follow":"follow","max-snippet":"max-snippet:-1","max-image-preview":"max-image-preview:large","max-video-preview":"max-video-preview:-1"},"canonical":"https:\/\/tajkertesz.com\/en_US\/product\/varazsszonyeg-vetoszalag-3x133m\/","og_locale":"en_US","og_type":"article","og_title":"Var\u00e1zssz\u0151nyeg vet\u0151szalag 3x1,33m - T\u00e1jkert\u00e9sz","og_description":"Var\u00e1zssz\u0151nyeg vet\u0151szalag 3x1,33mVar\u00e1zssz\u0151nyeg vet\u0151szalag 3x1,33m, egyny\u00e1ri vir\u00e1gkever\u00e9k, alacsony n\u00f6v\u00e9s\u0171 (kb. 40 cm magas) sz\u00ednes vir\u00e1gokb\u00f3l \u00e1ll.","og_url":"https:\/\/tajkertesz.com\/en_US\/product\/varazsszonyeg-vetoszalag-3x133m\/","og_site_name":"T\u00e1jkert\u00e9sz","article_publisher":"https:\/\/www.facebook.com\/Tajkertesz\/","article_modified_time":"2026-02-13T15:29:36+00:00","og_image":[{"width":650,"height":1042,"url":"https:\/\/tajkertesz.com\/wp-content\/uploads\/2024\/01\/32_500306_Varazsszonyeg_Vetoszalag.jpg","type":"image\/jpeg"}],"twitter_card":"summary_large_image","twitter_misc":{"Est. reading time":"2 minutes"},"schema":{"@context":"https:\/\/schema.org","@graph":[{"@type":"WebPage","@id":"https:\/\/tajkertesz.com\/termek\/varazsszonyeg-vetoszalag-3x133m\/","url":"https:\/\/tajkertesz.com\/termek\/varazsszonyeg-vetoszalag-3x133m\/","name":"Var\u00e1zssz\u0151nyeg vet\u0151szalag 3x1,33m - T\u00e1jkert\u00e9sz","isPartOf":{"@id":"https:\/\/tajkertesz.com\/#website"},"primaryImageOfPage":{"@id":"https:\/\/tajkertesz.com\/termek\/varazsszonyeg-vetoszalag-3x133m\/#primaryimage"},"image":{"@id":"https:\/\/tajkertesz.com\/termek\/varazsszonyeg-vetoszalag-3x133m\/#primaryimage"},"thumbnailUrl":"https:\/\/tajkertesz.com\/wp-content\/uploads\/2024\/01\/32_500306_Varazsszonyeg_Vetoszalag.jpg","datePublished":"2024-01-23T08:47:45+00:00","dateModified":"2026-02-13T15:29:36+00:00","description":"Var\u00e1zssz\u0151nyeg vet\u0151szalag 3x1,33mVar\u00e1zssz\u0151nyeg vet\u0151szalag 3x1,33m, egyny\u00e1ri vir\u00e1gkever\u00e9k, alacsony n\u00f6v\u00e9s\u0171 (kb. 40 cm magas) sz\u00ednes vir\u00e1gokb\u00f3l \u00e1ll.","breadcrumb":{"@id":"https:\/\/tajkertesz.com\/termek\/varazsszonyeg-vetoszalag-3x133m\/#breadcrumb"},"inLanguage":"en-US","potentialAction":[{"@type":"ReadAction","target":["https:\/\/tajkertesz.com\/termek\/varazsszonyeg-vetoszalag-3x133m\/"]}]},{"@type":"ImageObject","inLanguage":"en-US","@id":"https:\/\/tajkertesz.com\/termek\/varazsszonyeg-vetoszalag-3x133m\/#primaryimage","url":"https:\/\/tajkertesz.com\/wp-content\/uploads\/2024\/01\/32_500306_Varazsszonyeg_Vetoszalag.jpg","contentUrl":"https:\/\/tajkertesz.com\/wp-content\/uploads\/2024\/01\/32_500306_Varazsszonyeg_Vetoszalag.jpg","width":650,"height":1042},{"@type":"BreadcrumbList","@id":"https:\/\/tajkertesz.com\/termek\/varazsszonyeg-vetoszalag-3x133m\/#breadcrumb","itemListElement":[{"@type":"ListItem","position":1,"name":"Home","item":"https:\/\/tajkertesz.com\/"},{"@type":"ListItem","position":2,"name":"Kezd\u0151lap","item":"https:\/\/tajkertesz.com\/"},{"@type":"ListItem","position":3,"name":"Var\u00e1zssz\u0151nyeg vet\u0151szalag 3&#215;1,33m"}]},{"@type":"WebSite","@id":"https:\/\/tajkertesz.com\/#website","url":"https:\/\/tajkertesz.com\/","name":"T\u00e1j-Kert\u00e9sz 84 Kft.","description":"Kert\u00e9szeti kis- \u00e9s nagykeresked\u00e9s, D\u00edszn\u00f6v\u00e9ny web\u00e1ruh\u00e1z orsz\u00e1gos h\u00e1zhozsz\u00e1ll\u00edt\u00e1ssal!","publisher":{"@id":"https:\/\/tajkertesz.com\/#organization"},"potentialAction":[{"@type":"SearchAction","target":{"@type":"EntryPoint","urlTemplate":"https:\/\/tajkertesz.com\/?s={search_term_string}"},"query-input":{"@type":"PropertyValueSpecification","valueRequired":true,"valueName":"search_term_string"}}],"inLanguage":"en-US"},{"@type":"Organization","@id":"https:\/\/tajkertesz.com\/#organization","name":"T\u00e1j-Kert\u00e9sz 84 Kft.","url":"https:\/\/tajkertesz.com\/","logo":{"@type":"ImageObject","inLanguage":"en-US","@id":"https:\/\/tajkertesz.com\/#\/schema\/logo\/image\/","url":"https:\/\/tajkertesz.com\/wp-content\/uploads\/2018\/02\/logo-2-e1518678052539.png","contentUrl":"https:\/\/tajkertesz.com\/wp-content\/uploads\/2018\/02\/logo-2-e1518678052539.png","width":81,"height":140,"caption":"T\u00e1j-Kert\u00e9sz 84 Kft."},"image":{"@id":"https:\/\/tajkertesz.com\/#\/schema\/logo\/image\/"},"sameAs":["https:\/\/www.facebook.com\/Tajkertesz\/"]}]}},"_links":{"self":[{"href":"https:\/\/tajkertesz.com\/en_US\/wp-json\/wp\/v2\/product\/18736","targetHints":{"allow":["GET"]}}],"collection":[{"href":"https:\/\/tajkertesz.com\/en_US\/wp-json\/wp\/v2\/product"}],"about":[{"href":"https:\/\/tajkertesz.com\/en_US\/wp-json\/wp\/v2\/types\/product"}],"wp:featuredmedia":[{"embeddable":true,"href":"https:\/\/tajkertesz.com\/en_US\/wp-json\/wp\/v2\/media\/18737"}],"wp:attachment":[{"href":"https:\/\/tajkertesz.com\/en_US\/wp-json\/wp\/v2\/media?parent=18736"}],"wp:term":[{"taxonomy":"product_brand","embeddable":true,"href":"https:\/\/tajkertesz.com\/en_US\/wp-json\/wp\/v2\/product_brand?post=18736"},{"taxonomy":"product_cat","embeddable":true,"href":"https:\/\/tajkertesz.com\/en_US\/wp-json\/wp\/v2\/product_cat?post=18736"},{"taxonomy":"product_tag","embeddable":true,"href":"https:\/\/tajkertesz.com\/en_US\/wp-json\/wp\/v2\/product_tag?post=18736"}],"curies":[{"name":"wp","href":"https:\/\/api.w.org\/{rel}","templated":true}]}}