{"id":18739,"date":"2024-01-23T09:46:52","date_gmt":"2024-01-23T09:46:52","guid":{"rendered":"https:\/\/tajkertesz.com\/?post_type=product&#038;p=18739"},"modified":"2026-02-13T15:30:22","modified_gmt":"2026-02-13T15:30:22","slug":"parasztkertek-viragai-vetoszalag-3x1-33-m","status":"publish","type":"product","link":"https:\/\/tajkertesz.com\/en_US\/product\/parasztkertek-viragai-vetoszalag-3x1-33-m\/","title":{"rendered":"Parasztkertek vir\u00e1gai vet\u0151szalag 3&#215;1.33 m"},"content":{"rendered":"<h1>Parasztkertek vir\u00e1gai vet\u0151szalag 3&#215;1.33 m<\/h1>\n<p>Parasztkertek vir\u00e1gai vet\u0151szalag 3&#215;1.33 m a \u00a0haszn\u00e1lat\u00e1val elker\u00fclj\u00fck a ritk\u00edt\u00e1s f\u00e1radts\u00e1gos munk\u00e1lat\u00e1t. Gyors \u00e9s egyszer\u0171 a vet\u00e9s, a n\u00f6v\u00e9nyek jobban fejl\u0151dnek, a felhaszn\u00e1lt k\u00f6rnyezetbar\u00e1t pap\u00edr lebomlik a talajban.<br \/>\nFajtajellemz\u0151k: k\u00f6r\u00fclbel\u00fcl 100 cm magas\u00a0egyny\u00e1ri vir\u00e1gkever\u00e9k\u00a0(r\u00e9zvir\u00e1g, mad\u00e1rm\u00e1lyva, szarkal\u00e1b, \u0151szr\u00f3zsa, k\u00ednai szegf\u0171 stb.). Romantikus, sz\u00ednpomp\u00e1s vir\u00e1g\u00e1gy\u00e1sok l\u00e9tes\u00edt\u00e9s\u00e9re kiv\u00e1l\u00f3. Gazdagon vir\u00e1gzik j\u00falius elej\u00e9t\u0151l a fagyokig. V\u00e1gott vir\u00e1gk\u00e9nt, sz\u00ednes csokrokban is sz\u00e9pen d\u00edsz\u00edt.<\/p>\n<p><strong>A vet\u0151szalagn\u00e1l a vet\u00e9s szabadf\u00f6ldbe t\u00f6rt\u00e9nik.<\/strong><\/p>\n<ol>\n<li>Kap\u00e1val megh\u00fazzuk a sort 1-2 cm m\u00e9lyre, a szalag m\u00e9ret\u00e9vel megegyez\u0151 hossz\u00fas\u00e1gra.\u00a0 A csomag tartalma kb:4 foly\u00f3m\u00e9ter vet\u00e9sre elegend\u0151.<\/li>\n<li>V\u00e1lasszuk sz\u00e9t a h\u00e1rom sorszalagot a perfor\u00e1ci\u00f3 ment\u00e9n . Sort\u00e1vols\u00e1g kb:20-25 cm.<\/li>\n<li>A szalagot belefektetj\u00fck a bar\u00e1zd\u00e1ba, be\u00f6nt\u00f6zz\u00fck.<\/li>\n<li>Betakarjuk f\u00f6lddel \u00e9s \u00fajra meg\u00f6nt\u00f6zz\u00fck vigy\u00e1zva ,hogy ne iszapoljuk be.<\/li>\n<\/ol>\n<p><strong>\u00c1pol\u00e1s:<\/strong><\/p>\n<p>A kel\u00e9s ideje alatt tartsuk nedvesen a vet\u00e9st \u00e9s t\u00e1vol\u00edtsuk el a kikel\u0151 gyomokat.<\/p>\n<p>A vet\u0151szalag haszn\u00e1lat\u00e1val elker\u00fclhetj\u00fck a ritk\u00edt\u00e1s f\u00e1rads\u00e1gos munk\u00e1lat\u00e1t.<\/p>\n<p>Gyors \u00e9s egyszer\u0171 vetem\u00e9nyez\u00e9st tesz lehet\u0151v\u00e9, a n\u00f6v\u00e9nyek jobban fejl\u0151dnek, a\u00a0 felhaszn\u00e1lt k\u00f6rnyezetbar\u00e1t pap\u00edr lebomlik a talajban.<\/p>\n<p style=\"line-height: 18.0pt; background: white; margin: 0cm 0cm 15.0pt 0cm;\"><span style=\"font-family: 'Ubuntu',serif; color: black;\">El\u00e9rhet\u0151 t\u00f6bbf\u00e9le m\u00e9retben \u00e9s \u00e1rban.<\/span><\/p>\n<p style=\"line-height: 18.0pt; background: white; margin: 0cm 0cm 15.0pt 0cm;\"><b><span style=\"font-family: 'Ubuntu',serif; color: black;\">K\u00e9szlet\u00fcnk napi szinten v\u00e1ltozik, ez\u00e9rt k\u00e9rj\u00fck, \u00e9rdekl\u0151dj\u00f6n szem\u00e9lyesen, telefonon vagy email-en.<br \/>\nA v\u00e1ltoztat\u00e1s jog\u00e1t fenntartjuk!\u00a0<\/span><\/b><\/p>\n<p>&nbsp;<\/p>\n<p><a href=\"https:\/\/tajkertesz.com\/\">https:\/\/tajkertesz.com\/<\/a><\/p>\n<p><a href=\"https:\/\/hu.wikipedia.org\/wiki\/Mag\">https:\/\/hu.wikipedia.org\/wiki\/Mag<\/a><\/p>\n<p>&nbsp;<\/p>\n<p><strong>A vet\u0151szalagn\u00e1l a vet\u00e9s szabadf\u00f6ldbe t\u00f6rt\u00e9nik.<\/strong><\/p>\n<ol>\n<li>Kap\u00e1val megh\u00fazzuk a sort 1-2 cm m\u00e9lyre, a szalag m\u00e9ret\u00e9vel megegyez\u0151 hossz\u00fas\u00e1gra.\u00a0 A csomag tartalma kb:4 foly\u00f3m\u00e9ter vet\u00e9sre elegend\u0151.<\/li>\n<li>V\u00e1lasszuk sz\u00e9t a h\u00e1rom sorszalagot a perfor\u00e1ci\u00f3 ment\u00e9n . Sort\u00e1vols\u00e1g kb:20-25 cm.<\/li>\n<li>A szalagot belefektetj\u00fck a bar\u00e1zd\u00e1ba, be\u00f6nt\u00f6zz\u00fck.<\/li>\n<li>Betakarjuk f\u00f6lddel \u00e9s \u00fajra meg\u00f6nt\u00f6zz\u00fck vigy\u00e1zva ,hogy ne iszapoljuk be.<\/li>\n<\/ol>\n<p><strong>\u00c1pol\u00e1s:<\/strong><\/p>\n<p>A kel\u00e9s ideje alatt tartsuk nedvesen a vet\u00e9st \u00e9s t\u00e1vol\u00edtsuk el a kikel\u0151 gyomokat.<\/p>\n<p>A vet\u0151szalag haszn\u00e1lat\u00e1val elker\u00fclhetj\u00fck a ritk\u00edt\u00e1s f\u00e1rads\u00e1gos munk\u00e1lat\u00e1t.<\/p>\n<p>Gyors \u00e9s egyszer\u0171 vetem\u00e9nyez\u00e9st tesz lehet\u0151v\u00e9, a n\u00f6v\u00e9nyek jobban fejl\u0151dnek, a\u00a0 felhaszn\u00e1lt k\u00f6rnyezetbar\u00e1t pap\u00edr lebomlik a talajban.<\/p>\n<p style=\"line-height: 18.0pt; background: white; margin: 0cm 0cm 15.0pt 0cm;\"><span style=\"font-family: 'Ubuntu',serif; color: black;\">El\u00e9rhet\u0151 t\u00f6bbf\u00e9le m\u00e9retben \u00e9s \u00e1rban.<\/span><\/p>\n<p style=\"line-height: 18.0pt; background: white; margin: 0cm 0cm 15.0pt 0cm;\"><b><span style=\"font-family: 'Ubuntu',serif; color: black;\">K\u00e9szlet\u00fcnk napi szinten v\u00e1ltozik, ez\u00e9rt k\u00e9rj\u00fck, \u00e9rdekl\u0151dj\u00f6n szem\u00e9lyesen, telefonon vagy email-en.<br \/>\nA v\u00e1ltoztat\u00e1s jog\u00e1t fenntartjuk!\u00a0<\/span><\/b><\/p>","protected":false},"excerpt":{"rendered":"<p>Parasztkertek vir\u00e1gai vet\u0151szalag 3&#215;1.33 m a \u00a0haszn\u00e1lat\u00e1val elker\u00fclj\u00fck a ritk\u00edt\u00e1s f\u00e1radts\u00e1gos munk\u00e1lat\u00e1t. Gyors \u00e9s egyszer\u0171 a vet\u00e9s, a n\u00f6v\u00e9nyek jobban fejl\u0151dnek, a felhaszn\u00e1lt k\u00f6rnyezetbar\u00e1t pap\u00edr lebomlik a talajban.<br \/>\nFajtajellemz\u0151k: k\u00f6r\u00fclbel\u00fcl 100 cm magas\u00a0egyny\u00e1ri vir\u00e1gkever\u00e9k\u00a0(r\u00e9zvir\u00e1g, mad\u00e1rm\u00e1lyva, szarkal\u00e1b, \u0151szr\u00f3zsa, k\u00ednai szegf\u0171 stb.). Romantikus, sz\u00ednpomp\u00e1s vir\u00e1g\u00e1gy\u00e1sok l\u00e9tes\u00edt\u00e9s\u00e9re kiv\u00e1l\u00f3. Gazdagon vir\u00e1gzik j\u00falius elej\u00e9t\u0151l a fagyokig. V\u00e1gott vir\u00e1gk\u00e9nt, sz\u00ednes csokrokban is sz\u00e9pen d\u00edsz\u00edt.<\/p>\n<p><strong>A vet\u0151szalagn\u00e1l a vet\u00e9s szabadf\u00f6ldbe t\u00f6rt\u00e9nik.<\/strong><\/p>\n<ol>\n<li>Kap\u00e1val megh\u00fazzuk a sort 1-2 cm m\u00e9lyre, a szalag m\u00e9ret\u00e9vel megegyez\u0151 hossz\u00fas\u00e1gra.\u00a0 A csomag tartalma kb:4 foly\u00f3m\u00e9ter vet\u00e9sre elegend\u0151.<\/li>\n<li>V\u00e1lasszuk sz\u00e9t a h\u00e1rom sorszalagot a perfor\u00e1ci\u00f3 ment\u00e9n . Sort\u00e1vols\u00e1g kb:20-25 cm.<\/li>\n<li>A szalagot belefektetj\u00fck a bar\u00e1zd\u00e1ba, be\u00f6nt\u00f6zz\u00fck.<\/li>\n<li>Betakarjuk f\u00f6lddel \u00e9s \u00fajra meg\u00f6nt\u00f6zz\u00fck vigy\u00e1zva ,hogy ne iszapoljuk be.<\/li>\n<\/ol>\n<p><strong>\u00c1pol\u00e1s:<\/strong><\/p>\n<p>A kel\u00e9s ideje alatt tartsuk nedvesen a vet\u00e9st \u00e9s t\u00e1vol\u00edtsuk el a kikel\u0151 gyomokat.<\/p>\n<p>A vet\u0151szalag haszn\u00e1lat\u00e1val elker\u00fclhetj\u00fck a ritk\u00edt\u00e1s f\u00e1rads\u00e1gos munk\u00e1lat\u00e1t.<\/p>\n<p>Gyors \u00e9s egyszer\u0171 vetem\u00e9nyez\u00e9st tesz lehet\u0151v\u00e9, a n\u00f6v\u00e9nyek jobban fejl\u0151dnek, a\u00a0 felhaszn\u00e1lt k\u00f6rnyezetbar\u00e1t pap\u00edr lebomlik a talajban.<\/p>\n<p style=\"line-height: 18.0pt; background: white; margin: 0cm 0cm 15.0pt 0cm;\"><span style=\"font-family: 'Ubuntu',serif; color: black;\">El\u00e9rhet\u0151 t\u00f6bbf\u00e9le m\u00e9retben \u00e9s \u00e1rban.<\/span><\/p>\n<p style=\"line-height: 18.0pt; background: white; margin: 0cm 0cm 15.0pt 0cm;\"><b><span style=\"font-family: 'Ubuntu',serif; color: black;\">K\u00e9szlet\u00fcnk napi szinten v\u00e1ltozik, ez\u00e9rt k\u00e9rj\u00fck, \u00e9rdekl\u0151dj\u00f6n szem\u00e9lyesen, telefonon vagy email-en.<br \/>\nA v\u00e1ltoztat\u00e1s jog\u00e1t fenntartjuk!\u00a0<\/span><\/b><\/p>","protected":false},"featured_media":18741,"template":"","meta":{"_et_pb_use_builder":"","_et_pb_old_content":"","_et_gb_content_width":""},"product_brand":[],"product_cat":[1529],"product_tag":[4115,4138,1235,4688],"class_list":{"0":"post-18739","1":"product","2":"type-product","3":"status-publish","4":"has-post-thumbnail","6":"product_cat-vetoszalagok","7":"product_tag-vetomag","8":"product_tag-vetomagok","9":"product_tag-vetoszalag","10":"product_tag-viragkeverek","12":"first","13":"instock","14":"shipping-taxable","15":"purchasable","16":"product-type-simple"},"yoast_head":"<!-- This site is optimized with the Yoast SEO plugin v27.5 - https:\/\/yoast.com\/product\/yoast-seo-wordpress\/ -->\n<title>Parasztkertek vir\u00e1gai vet\u0151szalag 3x1.33 m - T\u00e1jkert\u00e9sz<\/title>\n<meta name=\"description\" content=\"Parasztkertek vir\u00e1gai vet\u0151szalag 3x1.33 m a \u00a0haszn\u00e1lat\u00e1val elker\u00fclj\u00fck a ritk\u00edt\u00e1s f\u00e1radts\u00e1gos munk\u00e1lat\u00e1t. Gyors \u00e9s egyszer\u0171 a vet\u00e9s.\" \/>\n<meta name=\"robots\" content=\"index, follow, max-snippet:-1, max-image-preview:large, max-video-preview:-1\" \/>\n<link rel=\"canonical\" href=\"https:\/\/tajkertesz.com\/en_US\/product\/parasztkertek-viragai-vetoszalag-3x1-33-m\/\" \/>\n<meta property=\"og:locale\" content=\"en_US\" \/>\n<meta property=\"og:type\" content=\"article\" \/>\n<meta property=\"og:title\" content=\"Parasztkertek vir\u00e1gai vet\u0151szalag 3x1.33 m - T\u00e1jkert\u00e9sz\" \/>\n<meta property=\"og:description\" content=\"Parasztkertek vir\u00e1gai vet\u0151szalag 3x1.33 m a \u00a0haszn\u00e1lat\u00e1val elker\u00fclj\u00fck a ritk\u00edt\u00e1s f\u00e1radts\u00e1gos munk\u00e1lat\u00e1t. Gyors \u00e9s egyszer\u0171 a vet\u00e9s.\" \/>\n<meta property=\"og:url\" content=\"https:\/\/tajkertesz.com\/en_US\/product\/parasztkertek-viragai-vetoszalag-3x1-33-m\/\" \/>\n<meta property=\"og:site_name\" content=\"T\u00e1jkert\u00e9sz\" \/>\n<meta property=\"article:publisher\" content=\"https:\/\/www.facebook.com\/Tajkertesz\/\" \/>\n<meta property=\"article:modified_time\" content=\"2026-02-13T15:30:22+00:00\" \/>\n<meta property=\"og:image\" content=\"https:\/\/tajkertesz.com\/wp-content\/uploads\/2024\/01\/270031.jpg\" \/>\n\t<meta property=\"og:image:width\" content=\"469\" \/>\n\t<meta property=\"og:image:height\" content=\"752\" \/>\n\t<meta property=\"og:image:type\" content=\"image\/jpeg\" \/>\n<meta name=\"twitter:card\" content=\"summary_large_image\" \/>\n<meta name=\"twitter:label1\" content=\"Est. reading time\" \/>\n\t<meta name=\"twitter:data1\" content=\"2 minutes\" \/>\n<script type=\"application\/ld+json\" class=\"yoast-schema-graph\">{\"@context\":\"https:\\\/\\\/schema.org\",\"@graph\":[{\"@type\":\"WebPage\",\"@id\":\"https:\\\/\\\/tajkertesz.com\\\/termek\\\/parasztkertek-viragai-vetoszalag-3x1-33-m\\\/\",\"url\":\"https:\\\/\\\/tajkertesz.com\\\/termek\\\/parasztkertek-viragai-vetoszalag-3x1-33-m\\\/\",\"name\":\"Parasztkertek vir\u00e1gai vet\u0151szalag 3x1.33 m - T\u00e1jkert\u00e9sz\",\"isPartOf\":{\"@id\":\"https:\\\/\\\/tajkertesz.com\\\/#website\"},\"primaryImageOfPage\":{\"@id\":\"https:\\\/\\\/tajkertesz.com\\\/termek\\\/parasztkertek-viragai-vetoszalag-3x1-33-m\\\/#primaryimage\"},\"image\":{\"@id\":\"https:\\\/\\\/tajkertesz.com\\\/termek\\\/parasztkertek-viragai-vetoszalag-3x1-33-m\\\/#primaryimage\"},\"thumbnailUrl\":\"https:\\\/\\\/tajkertesz.com\\\/wp-content\\\/uploads\\\/2024\\\/01\\\/270031.jpg\",\"datePublished\":\"2024-01-23T09:46:52+00:00\",\"dateModified\":\"2026-02-13T15:30:22+00:00\",\"description\":\"Parasztkertek vir\u00e1gai vet\u0151szalag 3x1.33 m a \u00a0haszn\u00e1lat\u00e1val elker\u00fclj\u00fck a ritk\u00edt\u00e1s f\u00e1radts\u00e1gos munk\u00e1lat\u00e1t. Gyors \u00e9s egyszer\u0171 a vet\u00e9s.\",\"breadcrumb\":{\"@id\":\"https:\\\/\\\/tajkertesz.com\\\/termek\\\/parasztkertek-viragai-vetoszalag-3x1-33-m\\\/#breadcrumb\"},\"inLanguage\":\"en-US\",\"potentialAction\":[{\"@type\":\"ReadAction\",\"target\":[\"https:\\\/\\\/tajkertesz.com\\\/termek\\\/parasztkertek-viragai-vetoszalag-3x1-33-m\\\/\"]}]},{\"@type\":\"ImageObject\",\"inLanguage\":\"en-US\",\"@id\":\"https:\\\/\\\/tajkertesz.com\\\/termek\\\/parasztkertek-viragai-vetoszalag-3x1-33-m\\\/#primaryimage\",\"url\":\"https:\\\/\\\/tajkertesz.com\\\/wp-content\\\/uploads\\\/2024\\\/01\\\/270031.jpg\",\"contentUrl\":\"https:\\\/\\\/tajkertesz.com\\\/wp-content\\\/uploads\\\/2024\\\/01\\\/270031.jpg\",\"width\":469,\"height\":752},{\"@type\":\"BreadcrumbList\",\"@id\":\"https:\\\/\\\/tajkertesz.com\\\/termek\\\/parasztkertek-viragai-vetoszalag-3x1-33-m\\\/#breadcrumb\",\"itemListElement\":[{\"@type\":\"ListItem\",\"position\":1,\"name\":\"Home\",\"item\":\"https:\\\/\\\/tajkertesz.com\\\/\"},{\"@type\":\"ListItem\",\"position\":2,\"name\":\"Kezd\u0151lap\",\"item\":\"https:\\\/\\\/tajkertesz.com\\\/\"},{\"@type\":\"ListItem\",\"position\":3,\"name\":\"Parasztkertek vir\u00e1gai vet\u0151szalag 3&#215;1.33 m\"}]},{\"@type\":\"WebSite\",\"@id\":\"https:\\\/\\\/tajkertesz.com\\\/#website\",\"url\":\"https:\\\/\\\/tajkertesz.com\\\/\",\"name\":\"T\u00e1j-Kert\u00e9sz 84 Kft.\",\"description\":\"Kert\u00e9szeti kis- \u00e9s nagykeresked\u00e9s, D\u00edszn\u00f6v\u00e9ny web\u00e1ruh\u00e1z orsz\u00e1gos h\u00e1zhozsz\u00e1ll\u00edt\u00e1ssal!\",\"publisher\":{\"@id\":\"https:\\\/\\\/tajkertesz.com\\\/#organization\"},\"potentialAction\":[{\"@type\":\"SearchAction\",\"target\":{\"@type\":\"EntryPoint\",\"urlTemplate\":\"https:\\\/\\\/tajkertesz.com\\\/?s={search_term_string}\"},\"query-input\":{\"@type\":\"PropertyValueSpecification\",\"valueRequired\":true,\"valueName\":\"search_term_string\"}}],\"inLanguage\":\"en-US\"},{\"@type\":\"Organization\",\"@id\":\"https:\\\/\\\/tajkertesz.com\\\/#organization\",\"name\":\"T\u00e1j-Kert\u00e9sz 84 Kft.\",\"url\":\"https:\\\/\\\/tajkertesz.com\\\/\",\"logo\":{\"@type\":\"ImageObject\",\"inLanguage\":\"en-US\",\"@id\":\"https:\\\/\\\/tajkertesz.com\\\/#\\\/schema\\\/logo\\\/image\\\/\",\"url\":\"https:\\\/\\\/tajkertesz.com\\\/wp-content\\\/uploads\\\/2018\\\/02\\\/logo-2-e1518678052539.png\",\"contentUrl\":\"https:\\\/\\\/tajkertesz.com\\\/wp-content\\\/uploads\\\/2018\\\/02\\\/logo-2-e1518678052539.png\",\"width\":81,\"height\":140,\"caption\":\"T\u00e1j-Kert\u00e9sz 84 Kft.\"},\"image\":{\"@id\":\"https:\\\/\\\/tajkertesz.com\\\/#\\\/schema\\\/logo\\\/image\\\/\"},\"sameAs\":[\"https:\\\/\\\/www.facebook.com\\\/Tajkertesz\\\/\"]}]}<\/script>\n<!-- \/ Yoast SEO plugin. -->","yoast_head_json":{"title":"Parasztkertek vir\u00e1gai vet\u0151szalag 3x1.33 m - T\u00e1jkert\u00e9sz","description":"Parasztkertek vir\u00e1gai vet\u0151szalag 3x1.33 m a \u00a0haszn\u00e1lat\u00e1val elker\u00fclj\u00fck a ritk\u00edt\u00e1s f\u00e1radts\u00e1gos munk\u00e1lat\u00e1t. Gyors \u00e9s egyszer\u0171 a vet\u00e9s.","robots":{"index":"index","follow":"follow","max-snippet":"max-snippet:-1","max-image-preview":"max-image-preview:large","max-video-preview":"max-video-preview:-1"},"canonical":"https:\/\/tajkertesz.com\/en_US\/product\/parasztkertek-viragai-vetoszalag-3x1-33-m\/","og_locale":"en_US","og_type":"article","og_title":"Parasztkertek vir\u00e1gai vet\u0151szalag 3x1.33 m - T\u00e1jkert\u00e9sz","og_description":"Parasztkertek vir\u00e1gai vet\u0151szalag 3x1.33 m a \u00a0haszn\u00e1lat\u00e1val elker\u00fclj\u00fck a ritk\u00edt\u00e1s f\u00e1radts\u00e1gos munk\u00e1lat\u00e1t. Gyors \u00e9s egyszer\u0171 a vet\u00e9s.","og_url":"https:\/\/tajkertesz.com\/en_US\/product\/parasztkertek-viragai-vetoszalag-3x1-33-m\/","og_site_name":"T\u00e1jkert\u00e9sz","article_publisher":"https:\/\/www.facebook.com\/Tajkertesz\/","article_modified_time":"2026-02-13T15:30:22+00:00","og_image":[{"width":469,"height":752,"url":"https:\/\/tajkertesz.com\/wp-content\/uploads\/2024\/01\/270031.jpg","type":"image\/jpeg"}],"twitter_card":"summary_large_image","twitter_misc":{"Est. reading time":"2 minutes"},"schema":{"@context":"https:\/\/schema.org","@graph":[{"@type":"WebPage","@id":"https:\/\/tajkertesz.com\/termek\/parasztkertek-viragai-vetoszalag-3x1-33-m\/","url":"https:\/\/tajkertesz.com\/termek\/parasztkertek-viragai-vetoszalag-3x1-33-m\/","name":"Parasztkertek vir\u00e1gai vet\u0151szalag 3x1.33 m - T\u00e1jkert\u00e9sz","isPartOf":{"@id":"https:\/\/tajkertesz.com\/#website"},"primaryImageOfPage":{"@id":"https:\/\/tajkertesz.com\/termek\/parasztkertek-viragai-vetoszalag-3x1-33-m\/#primaryimage"},"image":{"@id":"https:\/\/tajkertesz.com\/termek\/parasztkertek-viragai-vetoszalag-3x1-33-m\/#primaryimage"},"thumbnailUrl":"https:\/\/tajkertesz.com\/wp-content\/uploads\/2024\/01\/270031.jpg","datePublished":"2024-01-23T09:46:52+00:00","dateModified":"2026-02-13T15:30:22+00:00","description":"Parasztkertek vir\u00e1gai vet\u0151szalag 3x1.33 m a \u00a0haszn\u00e1lat\u00e1val elker\u00fclj\u00fck a ritk\u00edt\u00e1s f\u00e1radts\u00e1gos munk\u00e1lat\u00e1t. Gyors \u00e9s egyszer\u0171 a vet\u00e9s.","breadcrumb":{"@id":"https:\/\/tajkertesz.com\/termek\/parasztkertek-viragai-vetoszalag-3x1-33-m\/#breadcrumb"},"inLanguage":"en-US","potentialAction":[{"@type":"ReadAction","target":["https:\/\/tajkertesz.com\/termek\/parasztkertek-viragai-vetoszalag-3x1-33-m\/"]}]},{"@type":"ImageObject","inLanguage":"en-US","@id":"https:\/\/tajkertesz.com\/termek\/parasztkertek-viragai-vetoszalag-3x1-33-m\/#primaryimage","url":"https:\/\/tajkertesz.com\/wp-content\/uploads\/2024\/01\/270031.jpg","contentUrl":"https:\/\/tajkertesz.com\/wp-content\/uploads\/2024\/01\/270031.jpg","width":469,"height":752},{"@type":"BreadcrumbList","@id":"https:\/\/tajkertesz.com\/termek\/parasztkertek-viragai-vetoszalag-3x1-33-m\/#breadcrumb","itemListElement":[{"@type":"ListItem","position":1,"name":"Home","item":"https:\/\/tajkertesz.com\/"},{"@type":"ListItem","position":2,"name":"Kezd\u0151lap","item":"https:\/\/tajkertesz.com\/"},{"@type":"ListItem","position":3,"name":"Parasztkertek vir\u00e1gai vet\u0151szalag 3&#215;1.33 m"}]},{"@type":"WebSite","@id":"https:\/\/tajkertesz.com\/#website","url":"https:\/\/tajkertesz.com\/","name":"T\u00e1j-Kert\u00e9sz 84 Kft.","description":"Kert\u00e9szeti kis- \u00e9s nagykeresked\u00e9s, D\u00edszn\u00f6v\u00e9ny web\u00e1ruh\u00e1z orsz\u00e1gos h\u00e1zhozsz\u00e1ll\u00edt\u00e1ssal!","publisher":{"@id":"https:\/\/tajkertesz.com\/#organization"},"potentialAction":[{"@type":"SearchAction","target":{"@type":"EntryPoint","urlTemplate":"https:\/\/tajkertesz.com\/?s={search_term_string}"},"query-input":{"@type":"PropertyValueSpecification","valueRequired":true,"valueName":"search_term_string"}}],"inLanguage":"en-US"},{"@type":"Organization","@id":"https:\/\/tajkertesz.com\/#organization","name":"T\u00e1j-Kert\u00e9sz 84 Kft.","url":"https:\/\/tajkertesz.com\/","logo":{"@type":"ImageObject","inLanguage":"en-US","@id":"https:\/\/tajkertesz.com\/#\/schema\/logo\/image\/","url":"https:\/\/tajkertesz.com\/wp-content\/uploads\/2018\/02\/logo-2-e1518678052539.png","contentUrl":"https:\/\/tajkertesz.com\/wp-content\/uploads\/2018\/02\/logo-2-e1518678052539.png","width":81,"height":140,"caption":"T\u00e1j-Kert\u00e9sz 84 Kft."},"image":{"@id":"https:\/\/tajkertesz.com\/#\/schema\/logo\/image\/"},"sameAs":["https:\/\/www.facebook.com\/Tajkertesz\/"]}]}},"_links":{"self":[{"href":"https:\/\/tajkertesz.com\/en_US\/wp-json\/wp\/v2\/product\/18739","targetHints":{"allow":["GET"]}}],"collection":[{"href":"https:\/\/tajkertesz.com\/en_US\/wp-json\/wp\/v2\/product"}],"about":[{"href":"https:\/\/tajkertesz.com\/en_US\/wp-json\/wp\/v2\/types\/product"}],"wp:featuredmedia":[{"embeddable":true,"href":"https:\/\/tajkertesz.com\/en_US\/wp-json\/wp\/v2\/media\/18741"}],"wp:attachment":[{"href":"https:\/\/tajkertesz.com\/en_US\/wp-json\/wp\/v2\/media?parent=18739"}],"wp:term":[{"taxonomy":"product_brand","embeddable":true,"href":"https:\/\/tajkertesz.com\/en_US\/wp-json\/wp\/v2\/product_brand?post=18739"},{"taxonomy":"product_cat","embeddable":true,"href":"https:\/\/tajkertesz.com\/en_US\/wp-json\/wp\/v2\/product_cat?post=18739"},{"taxonomy":"product_tag","embeddable":true,"href":"https:\/\/tajkertesz.com\/en_US\/wp-json\/wp\/v2\/product_tag?post=18739"}],"curies":[{"name":"wp","href":"https:\/\/api.w.org\/{rel}","templated":true}]}}