{"id":18756,"date":"2024-01-23T11:25:49","date_gmt":"2024-01-23T11:25:49","guid":{"rendered":"https:\/\/tajkertesz.com\/?post_type=product&#038;p=18756"},"modified":"2026-02-13T15:32:14","modified_gmt":"2026-02-13T15:32:14","slug":"sargarepa-flakkee-2-drazsirozott-vetomag","status":"publish","type":"product","link":"https:\/\/tajkertesz.com\/en_US\/product\/sargarepa-flakkee-2-drazsirozott-vetomag\/","title":{"rendered":"S\u00e1rgar\u00e9pa Flakk\u00e9e-2 drazs\u00edrozott vet\u0151mag"},"content":{"rendered":"<div class=\"row title-wrapper\">\n<div class=\"col-md-12\">\n<h3>S\u00e1rgar\u00e9pa Flakk\u00e9e-2 drazs\u00edrozott vet\u0151mag<\/h3>\n<\/div>\n<\/div>\n<div class=\"row description\">\n<div class=\"col-md-12\">\n<div class=\"product-description\">\n<div><\/div>\n<div>S\u00e1rgar\u00e9pa Flakk\u00e9e-2 drazs\u00edrozott vet\u0151mag hossz\u00fa teny\u00e9szidej\u0171, nagy term\u0151k\u00e9pess\u00e9g\u0171, t\u00e1rol\u00e1sra alkalmas \u00f3ri\u00e1s fajta. A gy\u00f6k\u00e9r hossz\u00fa, sz\u00e9les v\u00e1ll\u00fa, hegyes v\u00e9g\u0171, magas karotin-tartalm\u00fa, sz\u00edne m\u00e9lyv\u00f6r\u00f6s.<\/div>\n<div><\/div>\n<div>A s\u00e1rgar\u00e9pa vet\u0151magja nagyon apr\u00f3, lass\u00fa \u00e9s vontatott a cs\u00edr\u00e1z\u00e1sa, mely 2-3 h\u00e9tig is eltarthat. Fontos: a vet\u00e9st kel\u00e9sig \u00e1lland\u00f3an tartsuk nedvesen! A cserepes, kisz\u00e1radt talajban elszakadnak a hajsz\u00e1lgy\u00f6kerek, \u00e9s a kikelt cs\u00edran\u00f6v\u00e9ny elpusztul.<br \/>\nBiokertekben a n\u00f6v\u00e9nyt\u00e1rs\u00edt\u00e1sokkal cs\u00f6kkenthetj\u00fck a k\u00e1rtev\u0151k elszaporod\u00e1s\u00e1t. A s\u00e1rgar\u00e9p\u00e1t vess\u00fck a hagyma szomsz\u00e9ds\u00e1g\u00e1ba, \u00edgy a s\u00e1rgar\u00e9pal\u00e9gy \u00e9s a hagymal\u00e9gy is kevesebb k\u00e1rt okoz a k\u00e9t n\u00f6v\u00e9nyben. A s\u00e1rgar\u00e9pa el\u00e1gaz\u00e1s\u00e1t okozhatj\u00e1k a talajban elszaporodott fon\u00e1lf\u00e9rgek \u00e9s a friss szervestr\u00e1gy\u00e1z\u00e1s is. Fon\u00e1lf\u00e9rgek ritk\u00edt\u00e1s\u00e1ra vess\u00fcnk b\u00e1rsonyvir\u00e1got (Tagetes) a z\u00f6lds\u00e9g\u00e1gy\u00e1sok k\u00f6z\u00e9.<\/div>\n<div>\n<p><strong>K\u00e9szlet\u00fcnk napi szinten v\u00e1ltozik, ez\u00e9rt k\u00e9rj\u00fck, \u00e9rdekl\u0151dj\u00f6n szem\u00e9lyesen, telefonon vagy email-en.<br \/>\nA v\u00e1ltoztat\u00e1s jog\u00e1t fenntartjuk!\u00a0<\/strong><\/p>\n<p><a href=\"https:\/\/tajkertesz.com\/\">https:\/\/tajkertesz.com\/<\/a><\/p>\n<p><a href=\"https:\/\/www.facebook.com\/tajkertesz\/\">https:\/\/www.facebook.com\/tajkertesz\/<\/a><\/p>\n<\/div>\n<div>\n<p><strong>Kisz\u00e1ll\u00edt\u00e1s: 200cm-ig \u00a0\u00e9s 40 kg-ig a sz\u00e1ll\u00edt\u00e1s fut\u00e1rszolg\u00e1lattal \u00a0t\u00f6rt\u00e9nik!<\/strong><\/p>\n<p><strong>Szem\u00e9lyes \u00e1tv\u00e9tel nyitvatart\u00e1si id\u0151ben a 17. ker\u00fclet Bakancsos utca 7. sz\u00e1m alatti Kert\u00e9szeti \u00e1rud\u00e1ban<\/strong><\/p>\n<p>&nbsp;<\/p>\n<p>&nbsp;<\/p>\n<p>Ez a k\u00f6zismert gy\u00f6k\u00e9rz\u00f6lds\u00e9g az erny\u0151svir\u00e1g\u00faak csal\u00e1dj\u00e1ba tartozik, n\u00e1lunk m\u00e9g legink\u00e1bb a narancss\u00e1rga v\u00e1ltozat\u00e1t ismerj\u00fck \u00e9s haszn\u00e1ljuk, de ma m\u00e1r nem ritka a fekete illetve a s\u00e1rga sz\u00edn\u0171 r\u00e9pa sem, de k\u00f6zkedvelt lett az ut\u00f3bbi \u00e9vekben a b\u00e9bi s\u00e1rgar\u00e9pa, \u00e9s a kerekded p\u00e1rizsi s\u00e1rgar\u00e9pa is.<\/p>\n<p>Meg\u00e9ri ezeket a hazai kert\u00e9szeti \u00e1ruh\u00e1zakban vet\u0151mag form\u00e1j\u00e1ban megv\u00e1s\u00e1rolni \u00e9s kert\u00fcnkben termeszteni, mert vet\u00e9s\u00fck \u00e9s gondoz\u00e1suk egyszer\u0171, \u00e9s v\u00e1ltozatosabb\u00e1 tehetj\u00fck vel\u00fck az \u00e9tkez\u00e9seket is.<\/p>\n<p>M\u00e1r kora tavaszt\u00f3l elkezdhetj\u00fck a s\u00e1rgar\u00e9pa magok vet\u00e9s\u00e9t, de ak\u00e1r a ny\u00e1r k\u00f6zep\u00e9ig is elsz\u00f3rhatjuk \u0151ket. A sz\u00e9p \u00e9s nagym\u00e9ret\u0171 gy\u00f6k\u00e9r fejl\u0151d\u00e9s\u00e9hez sz\u00fcks\u00e9ges a vet\u00e9sforg\u00f3, valamint a laza talaj, mert a n\u00f6v\u00e9ny kar\u00f3 gy\u00f6kere csak \u00edgy tud m\u00e9lyre hatolni.<\/p>\n<p>Napos illetve f\u00e9l\u00e1rny\u00e9kos r\u00e9szre is \u00fcltethetj\u00fck, majd a kifejlett n\u00f6v\u00e9nyeket rendszeresen \u00f6nt\u00f6zni \u00e9s kap\u00e1lni kell. A s\u00e1rgar\u00e9pa magja nagyon apr\u00f3, \u00edgy aki k\u00e9s\u0151bb nem szeretne az egyel\u00e9ssel id\u0151t \u00e9s energi\u00e1t veszteni, a magokat egy szapor\u00edt\u00f3 l\u00e1d\u00e1ba, vagy m\u00e1s \u00fcltet\u0151 ed\u00e9nybe nevelje el\u0151, majd a kifejlett pal\u00e1nt\u00e1kat \u00fcltesse ki a szabadba. A magok vet\u00e9se ut\u00e1n 2-3 h\u00e9tig is eltarthat a cs\u00edr\u00e1z\u00e1s, legy\u00fcnk t\u00fcrelmesek.<\/p>\n<\/div>\n<\/div>\n<\/div>\n<\/div>","protected":false},"excerpt":{"rendered":"<div class=\"row title-wrapper\">\n<div class=\"col-md-12\">\n<h3>S\u00e1rgar\u00e9pa Flakk\u00e9e-2 drazs\u00edrozott vet\u0151mag<\/h3>\n<\/div>\n<\/div>\n<div class=\"row description\">\n<div class=\"col-md-12\">\n<div class=\"product-description\">\n<div><\/div>\n<div>S\u00e1rgar\u00e9pa Flakk\u00e9e-2 drazs\u00edrozott vet\u0151mag hossz\u00fa teny\u00e9szidej\u0171, nagy term\u0151k\u00e9pess\u00e9g\u0171, t\u00e1rol\u00e1sra alkalmas \u00f3ri\u00e1s fajta. A gy\u00f6k\u00e9r hossz\u00fa, sz\u00e9les v\u00e1ll\u00fa, hegyes v\u00e9g\u0171, magas karotin-tartalm\u00fa, sz\u00edne m\u00e9lyv\u00f6r\u00f6s.<\/div>\n<div><\/div>\n<div>A s\u00e1rgar\u00e9pa vet\u0151magja nagyon apr\u00f3, lass\u00fa \u00e9s vontatott a cs\u00edr\u00e1z\u00e1sa, mely 2-3 h\u00e9tig is eltarthat. Fontos: a vet\u00e9st kel\u00e9sig \u00e1lland\u00f3an tartsuk nedvesen! A cserepes, kisz\u00e1radt talajban elszakadnak a hajsz\u00e1lgy\u00f6kerek, \u00e9s a kikelt cs\u00edran\u00f6v\u00e9ny elpusztul.<br \/>\nBiokertekben a n\u00f6v\u00e9nyt\u00e1rs\u00edt\u00e1sokkal cs\u00f6kkenthetj\u00fck a k\u00e1rtev\u0151k elszaporod\u00e1s\u00e1t. A s\u00e1rgar\u00e9p\u00e1t vess\u00fck a hagyma szomsz\u00e9ds\u00e1g\u00e1ba, \u00edgy a s\u00e1rgar\u00e9pal\u00e9gy \u00e9s a hagymal\u00e9gy is kevesebb k\u00e1rt okoz a k\u00e9t n\u00f6v\u00e9nyben. A s\u00e1rgar\u00e9pa el\u00e1gaz\u00e1s\u00e1t okozhatj\u00e1k a talajban elszaporodott fon\u00e1lf\u00e9rgek \u00e9s a friss szervestr\u00e1gy\u00e1z\u00e1s is. Fon\u00e1lf\u00e9rgek ritk\u00edt\u00e1s\u00e1ra vess\u00fcnk b\u00e1rsonyvir\u00e1got (Tagetes) a z\u00f6lds\u00e9g\u00e1gy\u00e1sok k\u00f6z\u00e9.<\/div>\n<div>\n<p><strong>K\u00e9szlet\u00fcnk napi szinten v\u00e1ltozik, ez\u00e9rt k\u00e9rj\u00fck, \u00e9rdekl\u0151dj\u00f6n szem\u00e9lyesen, telefonon vagy email-en.<br \/>\nA v\u00e1ltoztat\u00e1s jog\u00e1t fenntartjuk!\u00a0<\/strong><\/p>\n<p><a href=\"https:\/\/tajkertesz.com\/\">https:\/\/tajkertesz.com\/<\/a><\/p>\n<p><a href=\"https:\/\/www.facebook.com\/tajkertesz\/\">https:\/\/www.facebook.com\/tajkertesz\/<\/a><\/p>\n<\/div>\n<div>\n<p><strong>Kisz\u00e1ll\u00edt\u00e1s: 200cm-ig \u00a0\u00e9s 40 kg-ig a sz\u00e1ll\u00edt\u00e1s fut\u00e1rszolg\u00e1lattal \u00a0t\u00f6rt\u00e9nik!<\/strong><\/p>\n<p><strong>Szem\u00e9lyes \u00e1tv\u00e9tel nyitvatart\u00e1si id\u0151ben a 17. ker\u00fclet Bakancsos utca 7. sz\u00e1m alatti Kert\u00e9szeti \u00e1rud\u00e1ban<\/strong><\/p>\n<\/div>\n<\/div>\n<\/div>\n<\/div>","protected":false},"featured_media":18758,"template":"","meta":{"_et_pb_use_builder":"","_et_pb_old_content":"","_et_gb_content_width":""},"product_brand":[],"product_cat":[2881],"product_tag":[],"class_list":{"0":"post-18756","1":"product","2":"type-product","3":"status-publish","4":"has-post-thumbnail","6":"product_cat-zoldsegnoveny-vetomagok","8":"first","9":"instock","10":"shipping-taxable","11":"purchasable","12":"product-type-simple"},"yoast_head":"<!-- This site is optimized with the Yoast SEO plugin v27.5 - https:\/\/yoast.com\/product\/yoast-seo-wordpress\/ -->\n<title>S\u00e1rgar\u00e9pa Flakk\u00e9e-2 drazs\u00edrozott vet\u0151mag - T\u00e1jkert\u00e9sz<\/title>\n<meta name=\"description\" content=\"S\u00e1rgar\u00e9pa Flakk\u00e9e-2 drazs\u00edrozott vet\u0151mag hossz\u00fa teny\u00e9szidej\u0171, nagy term\u0151k\u00e9pess\u00e9g\u0171, t\u00e1rol\u00e1sra alkalmas \u00f3ri\u00e1s fajta. A gy\u00f6k\u00e9r hossz\u00fa, sz\u00edne m\u00e9lyv\u00f6r\u00f6s.\" \/>\n<meta name=\"robots\" content=\"index, follow, max-snippet:-1, max-image-preview:large, max-video-preview:-1\" \/>\n<link rel=\"canonical\" href=\"https:\/\/tajkertesz.com\/en_US\/product\/sargarepa-flakkee-2-drazsirozott-vetomag\/\" \/>\n<meta property=\"og:locale\" content=\"en_US\" \/>\n<meta property=\"og:type\" content=\"article\" \/>\n<meta property=\"og:title\" content=\"S\u00e1rgar\u00e9pa Flakk\u00e9e-2 drazs\u00edrozott vet\u0151mag - T\u00e1jkert\u00e9sz\" \/>\n<meta property=\"og:description\" content=\"S\u00e1rgar\u00e9pa Flakk\u00e9e-2 drazs\u00edrozott vet\u0151mag hossz\u00fa teny\u00e9szidej\u0171, nagy term\u0151k\u00e9pess\u00e9g\u0171, t\u00e1rol\u00e1sra alkalmas \u00f3ri\u00e1s fajta. A gy\u00f6k\u00e9r hossz\u00fa, sz\u00edne m\u00e9lyv\u00f6r\u00f6s.\" \/>\n<meta property=\"og:url\" content=\"https:\/\/tajkertesz.com\/en_US\/product\/sargarepa-flakkee-2-drazsirozott-vetomag\/\" \/>\n<meta property=\"og:site_name\" content=\"T\u00e1jkert\u00e9sz\" \/>\n<meta property=\"article:publisher\" content=\"https:\/\/www.facebook.com\/Tajkertesz\/\" \/>\n<meta property=\"article:modified_time\" content=\"2026-02-13T15:32:14+00:00\" \/>\n<meta property=\"og:image\" content=\"https:\/\/tajkertesz.com\/wp-content\/uploads\/2024\/01\/09-630313-79.jpg\" \/>\n\t<meta property=\"og:image:width\" content=\"504\" \/>\n\t<meta property=\"og:image:height\" content=\"984\" \/>\n\t<meta property=\"og:image:type\" content=\"image\/jpeg\" \/>\n<meta name=\"twitter:card\" content=\"summary_large_image\" \/>\n<meta name=\"twitter:label1\" content=\"Est. reading time\" \/>\n\t<meta name=\"twitter:data1\" content=\"2 minutes\" \/>\n<script type=\"application\/ld+json\" class=\"yoast-schema-graph\">{\"@context\":\"https:\\\/\\\/schema.org\",\"@graph\":[{\"@type\":\"WebPage\",\"@id\":\"https:\\\/\\\/tajkertesz.com\\\/termek\\\/sargarepa-flakkee-2-drazsirozott-vetomag\\\/\",\"url\":\"https:\\\/\\\/tajkertesz.com\\\/termek\\\/sargarepa-flakkee-2-drazsirozott-vetomag\\\/\",\"name\":\"S\u00e1rgar\u00e9pa Flakk\u00e9e-2 drazs\u00edrozott vet\u0151mag - T\u00e1jkert\u00e9sz\",\"isPartOf\":{\"@id\":\"https:\\\/\\\/tajkertesz.com\\\/#website\"},\"primaryImageOfPage\":{\"@id\":\"https:\\\/\\\/tajkertesz.com\\\/termek\\\/sargarepa-flakkee-2-drazsirozott-vetomag\\\/#primaryimage\"},\"image\":{\"@id\":\"https:\\\/\\\/tajkertesz.com\\\/termek\\\/sargarepa-flakkee-2-drazsirozott-vetomag\\\/#primaryimage\"},\"thumbnailUrl\":\"https:\\\/\\\/tajkertesz.com\\\/wp-content\\\/uploads\\\/2024\\\/01\\\/09-630313-79.jpg\",\"datePublished\":\"2024-01-23T11:25:49+00:00\",\"dateModified\":\"2026-02-13T15:32:14+00:00\",\"description\":\"S\u00e1rgar\u00e9pa Flakk\u00e9e-2 drazs\u00edrozott vet\u0151mag hossz\u00fa teny\u00e9szidej\u0171, nagy term\u0151k\u00e9pess\u00e9g\u0171, t\u00e1rol\u00e1sra alkalmas \u00f3ri\u00e1s fajta. A gy\u00f6k\u00e9r hossz\u00fa, sz\u00edne m\u00e9lyv\u00f6r\u00f6s.\",\"breadcrumb\":{\"@id\":\"https:\\\/\\\/tajkertesz.com\\\/termek\\\/sargarepa-flakkee-2-drazsirozott-vetomag\\\/#breadcrumb\"},\"inLanguage\":\"en-US\",\"potentialAction\":[{\"@type\":\"ReadAction\",\"target\":[\"https:\\\/\\\/tajkertesz.com\\\/termek\\\/sargarepa-flakkee-2-drazsirozott-vetomag\\\/\"]}]},{\"@type\":\"ImageObject\",\"inLanguage\":\"en-US\",\"@id\":\"https:\\\/\\\/tajkertesz.com\\\/termek\\\/sargarepa-flakkee-2-drazsirozott-vetomag\\\/#primaryimage\",\"url\":\"https:\\\/\\\/tajkertesz.com\\\/wp-content\\\/uploads\\\/2024\\\/01\\\/09-630313-79.jpg\",\"contentUrl\":\"https:\\\/\\\/tajkertesz.com\\\/wp-content\\\/uploads\\\/2024\\\/01\\\/09-630313-79.jpg\",\"width\":504,\"height\":984},{\"@type\":\"BreadcrumbList\",\"@id\":\"https:\\\/\\\/tajkertesz.com\\\/termek\\\/sargarepa-flakkee-2-drazsirozott-vetomag\\\/#breadcrumb\",\"itemListElement\":[{\"@type\":\"ListItem\",\"position\":1,\"name\":\"Home\",\"item\":\"https:\\\/\\\/tajkertesz.com\\\/\"},{\"@type\":\"ListItem\",\"position\":2,\"name\":\"Kezd\u0151lap\",\"item\":\"https:\\\/\\\/tajkertesz.com\\\/\"},{\"@type\":\"ListItem\",\"position\":3,\"name\":\"S\u00e1rgar\u00e9pa Flakk\u00e9e-2 drazs\u00edrozott vet\u0151mag\"}]},{\"@type\":\"WebSite\",\"@id\":\"https:\\\/\\\/tajkertesz.com\\\/#website\",\"url\":\"https:\\\/\\\/tajkertesz.com\\\/\",\"name\":\"T\u00e1j-Kert\u00e9sz 84 Kft.\",\"description\":\"Kert\u00e9szeti kis- \u00e9s nagykeresked\u00e9s, D\u00edszn\u00f6v\u00e9ny web\u00e1ruh\u00e1z orsz\u00e1gos h\u00e1zhozsz\u00e1ll\u00edt\u00e1ssal!\",\"publisher\":{\"@id\":\"https:\\\/\\\/tajkertesz.com\\\/#organization\"},\"potentialAction\":[{\"@type\":\"SearchAction\",\"target\":{\"@type\":\"EntryPoint\",\"urlTemplate\":\"https:\\\/\\\/tajkertesz.com\\\/?s={search_term_string}\"},\"query-input\":{\"@type\":\"PropertyValueSpecification\",\"valueRequired\":true,\"valueName\":\"search_term_string\"}}],\"inLanguage\":\"en-US\"},{\"@type\":\"Organization\",\"@id\":\"https:\\\/\\\/tajkertesz.com\\\/#organization\",\"name\":\"T\u00e1j-Kert\u00e9sz 84 Kft.\",\"url\":\"https:\\\/\\\/tajkertesz.com\\\/\",\"logo\":{\"@type\":\"ImageObject\",\"inLanguage\":\"en-US\",\"@id\":\"https:\\\/\\\/tajkertesz.com\\\/#\\\/schema\\\/logo\\\/image\\\/\",\"url\":\"https:\\\/\\\/tajkertesz.com\\\/wp-content\\\/uploads\\\/2018\\\/02\\\/logo-2-e1518678052539.png\",\"contentUrl\":\"https:\\\/\\\/tajkertesz.com\\\/wp-content\\\/uploads\\\/2018\\\/02\\\/logo-2-e1518678052539.png\",\"width\":81,\"height\":140,\"caption\":\"T\u00e1j-Kert\u00e9sz 84 Kft.\"},\"image\":{\"@id\":\"https:\\\/\\\/tajkertesz.com\\\/#\\\/schema\\\/logo\\\/image\\\/\"},\"sameAs\":[\"https:\\\/\\\/www.facebook.com\\\/Tajkertesz\\\/\"]}]}<\/script>\n<!-- \/ Yoast SEO plugin. -->","yoast_head_json":{"title":"S\u00e1rgar\u00e9pa Flakk\u00e9e-2 drazs\u00edrozott vet\u0151mag - T\u00e1jkert\u00e9sz","description":"S\u00e1rgar\u00e9pa Flakk\u00e9e-2 drazs\u00edrozott vet\u0151mag hossz\u00fa teny\u00e9szidej\u0171, nagy term\u0151k\u00e9pess\u00e9g\u0171, t\u00e1rol\u00e1sra alkalmas \u00f3ri\u00e1s fajta. A gy\u00f6k\u00e9r hossz\u00fa, sz\u00edne m\u00e9lyv\u00f6r\u00f6s.","robots":{"index":"index","follow":"follow","max-snippet":"max-snippet:-1","max-image-preview":"max-image-preview:large","max-video-preview":"max-video-preview:-1"},"canonical":"https:\/\/tajkertesz.com\/en_US\/product\/sargarepa-flakkee-2-drazsirozott-vetomag\/","og_locale":"en_US","og_type":"article","og_title":"S\u00e1rgar\u00e9pa Flakk\u00e9e-2 drazs\u00edrozott vet\u0151mag - T\u00e1jkert\u00e9sz","og_description":"S\u00e1rgar\u00e9pa Flakk\u00e9e-2 drazs\u00edrozott vet\u0151mag hossz\u00fa teny\u00e9szidej\u0171, nagy term\u0151k\u00e9pess\u00e9g\u0171, t\u00e1rol\u00e1sra alkalmas \u00f3ri\u00e1s fajta. A gy\u00f6k\u00e9r hossz\u00fa, sz\u00edne m\u00e9lyv\u00f6r\u00f6s.","og_url":"https:\/\/tajkertesz.com\/en_US\/product\/sargarepa-flakkee-2-drazsirozott-vetomag\/","og_site_name":"T\u00e1jkert\u00e9sz","article_publisher":"https:\/\/www.facebook.com\/Tajkertesz\/","article_modified_time":"2026-02-13T15:32:14+00:00","og_image":[{"width":504,"height":984,"url":"https:\/\/tajkertesz.com\/wp-content\/uploads\/2024\/01\/09-630313-79.jpg","type":"image\/jpeg"}],"twitter_card":"summary_large_image","twitter_misc":{"Est. reading time":"2 minutes"},"schema":{"@context":"https:\/\/schema.org","@graph":[{"@type":"WebPage","@id":"https:\/\/tajkertesz.com\/termek\/sargarepa-flakkee-2-drazsirozott-vetomag\/","url":"https:\/\/tajkertesz.com\/termek\/sargarepa-flakkee-2-drazsirozott-vetomag\/","name":"S\u00e1rgar\u00e9pa Flakk\u00e9e-2 drazs\u00edrozott vet\u0151mag - T\u00e1jkert\u00e9sz","isPartOf":{"@id":"https:\/\/tajkertesz.com\/#website"},"primaryImageOfPage":{"@id":"https:\/\/tajkertesz.com\/termek\/sargarepa-flakkee-2-drazsirozott-vetomag\/#primaryimage"},"image":{"@id":"https:\/\/tajkertesz.com\/termek\/sargarepa-flakkee-2-drazsirozott-vetomag\/#primaryimage"},"thumbnailUrl":"https:\/\/tajkertesz.com\/wp-content\/uploads\/2024\/01\/09-630313-79.jpg","datePublished":"2024-01-23T11:25:49+00:00","dateModified":"2026-02-13T15:32:14+00:00","description":"S\u00e1rgar\u00e9pa Flakk\u00e9e-2 drazs\u00edrozott vet\u0151mag hossz\u00fa teny\u00e9szidej\u0171, nagy term\u0151k\u00e9pess\u00e9g\u0171, t\u00e1rol\u00e1sra alkalmas \u00f3ri\u00e1s fajta. A gy\u00f6k\u00e9r hossz\u00fa, sz\u00edne m\u00e9lyv\u00f6r\u00f6s.","breadcrumb":{"@id":"https:\/\/tajkertesz.com\/termek\/sargarepa-flakkee-2-drazsirozott-vetomag\/#breadcrumb"},"inLanguage":"en-US","potentialAction":[{"@type":"ReadAction","target":["https:\/\/tajkertesz.com\/termek\/sargarepa-flakkee-2-drazsirozott-vetomag\/"]}]},{"@type":"ImageObject","inLanguage":"en-US","@id":"https:\/\/tajkertesz.com\/termek\/sargarepa-flakkee-2-drazsirozott-vetomag\/#primaryimage","url":"https:\/\/tajkertesz.com\/wp-content\/uploads\/2024\/01\/09-630313-79.jpg","contentUrl":"https:\/\/tajkertesz.com\/wp-content\/uploads\/2024\/01\/09-630313-79.jpg","width":504,"height":984},{"@type":"BreadcrumbList","@id":"https:\/\/tajkertesz.com\/termek\/sargarepa-flakkee-2-drazsirozott-vetomag\/#breadcrumb","itemListElement":[{"@type":"ListItem","position":1,"name":"Home","item":"https:\/\/tajkertesz.com\/"},{"@type":"ListItem","position":2,"name":"Kezd\u0151lap","item":"https:\/\/tajkertesz.com\/"},{"@type":"ListItem","position":3,"name":"S\u00e1rgar\u00e9pa Flakk\u00e9e-2 drazs\u00edrozott vet\u0151mag"}]},{"@type":"WebSite","@id":"https:\/\/tajkertesz.com\/#website","url":"https:\/\/tajkertesz.com\/","name":"T\u00e1j-Kert\u00e9sz 84 Kft.","description":"Kert\u00e9szeti kis- \u00e9s nagykeresked\u00e9s, D\u00edszn\u00f6v\u00e9ny web\u00e1ruh\u00e1z orsz\u00e1gos h\u00e1zhozsz\u00e1ll\u00edt\u00e1ssal!","publisher":{"@id":"https:\/\/tajkertesz.com\/#organization"},"potentialAction":[{"@type":"SearchAction","target":{"@type":"EntryPoint","urlTemplate":"https:\/\/tajkertesz.com\/?s={search_term_string}"},"query-input":{"@type":"PropertyValueSpecification","valueRequired":true,"valueName":"search_term_string"}}],"inLanguage":"en-US"},{"@type":"Organization","@id":"https:\/\/tajkertesz.com\/#organization","name":"T\u00e1j-Kert\u00e9sz 84 Kft.","url":"https:\/\/tajkertesz.com\/","logo":{"@type":"ImageObject","inLanguage":"en-US","@id":"https:\/\/tajkertesz.com\/#\/schema\/logo\/image\/","url":"https:\/\/tajkertesz.com\/wp-content\/uploads\/2018\/02\/logo-2-e1518678052539.png","contentUrl":"https:\/\/tajkertesz.com\/wp-content\/uploads\/2018\/02\/logo-2-e1518678052539.png","width":81,"height":140,"caption":"T\u00e1j-Kert\u00e9sz 84 Kft."},"image":{"@id":"https:\/\/tajkertesz.com\/#\/schema\/logo\/image\/"},"sameAs":["https:\/\/www.facebook.com\/Tajkertesz\/"]}]}},"_links":{"self":[{"href":"https:\/\/tajkertesz.com\/en_US\/wp-json\/wp\/v2\/product\/18756","targetHints":{"allow":["GET"]}}],"collection":[{"href":"https:\/\/tajkertesz.com\/en_US\/wp-json\/wp\/v2\/product"}],"about":[{"href":"https:\/\/tajkertesz.com\/en_US\/wp-json\/wp\/v2\/types\/product"}],"wp:featuredmedia":[{"embeddable":true,"href":"https:\/\/tajkertesz.com\/en_US\/wp-json\/wp\/v2\/media\/18758"}],"wp:attachment":[{"href":"https:\/\/tajkertesz.com\/en_US\/wp-json\/wp\/v2\/media?parent=18756"}],"wp:term":[{"taxonomy":"product_brand","embeddable":true,"href":"https:\/\/tajkertesz.com\/en_US\/wp-json\/wp\/v2\/product_brand?post=18756"},{"taxonomy":"product_cat","embeddable":true,"href":"https:\/\/tajkertesz.com\/en_US\/wp-json\/wp\/v2\/product_cat?post=18756"},{"taxonomy":"product_tag","embeddable":true,"href":"https:\/\/tajkertesz.com\/en_US\/wp-json\/wp\/v2\/product_tag?post=18756"}],"curies":[{"name":"wp","href":"https:\/\/api.w.org\/{rel}","templated":true}]}}