{"id":18769,"date":"2024-01-23T13:45:49","date_gmt":"2024-01-23T13:45:49","guid":{"rendered":"https:\/\/tajkertesz.com\/?post_type=product&#038;p=18769"},"modified":"2026-02-13T15:39:01","modified_gmt":"2026-02-13T15:39:01","slug":"paradicsom-tomosa-f1-hibrid-vetomag","status":"publish","type":"product","link":"https:\/\/tajkertesz.com\/en_US\/product\/paradicsom-tomosa-f1-hibrid-vetomag\/","title":{"rendered":"Paradicsom Tomosa F1 &#8211; hibrid vet\u0151mag"},"content":{"rendered":"<h1>Paradicsom Tomosa F1 &#8211; hibrid vet\u0151mag<\/h1>\n<p>Paradicsom Tomosa F1 &#8211; hibrid vet\u0151mag h\u00e1zikertbe t\u00e1mrendszer melletti termeszt\u00e9sre \u00e9s f\u0171tetlen f\u00f3lia alatti hajtat\u00e1sra alkalmas k\u00f6z\u00e9pkorai hibrid. Folytonos n\u00f6veked\u00e9s\u0171, f\u00fcrt\u00f6s term\u00e9s\u0171, az \u0151szi fagyokig szedhet\u0151 fajta. Kem\u00e9ny, j\u00f3 min\u0151s\u00e9g\u0171 bogy\u00f3i g\u00f6mb alak\u00faak, \u00e1tlagt\u00f6meg\u00fck 80 g. Betegs\u00e9gekre nem fog\u00e9kony.<\/p>\n<p>A tasak tartalma: 10 szem paradicsom vet\u0151mag.<\/p>\n<table>\n<tbody>\n<tr>\n<td colspan=\"2\">\n<table class=\"csoportinfo\" cellspacing=\"0\">\n<tbody>\n<tr class=\"csoportinfofejlec\">\n<td class=\"csoportinfofejlec\" width=\"16%\">magsz\u00e1m\/gramm<\/td>\n<td class=\"csoportinfofejlec\" width=\"17%\">vet\u0151magig\u00e9ny<br \/>\n100 pal\u00e1nt\u00e1hoz<\/td>\n<td class=\"csoportinfofejlec\" width=\"18%\">vet\u00e9sid\u0151<\/td>\n<td class=\"csoportinfofejlec\" width=\"16%\">vet\u00e9sm\u00e9lys\u00e9g cm<\/td>\n<td class=\"csoportinfofejlec\" width=\"17%\">sor- \u00e9s t\u0151t\u00e1vols\u00e1g cm<\/td>\n<td class=\"csoportinfofejlec\" width=\"16%\">cs\u00edr\u00e1z\u00e1si nap<br \/>\n18-20C fokon<\/td>\n<\/tr>\n<tr class=\"csoportinfotorzs\">\n<td class=\"csoportinfotorzs\">270-450<\/td>\n<td class=\"csoportinfotorzs\">0,4-0,5g vagy<br \/>\n140 szem<\/td>\n<td class=\"csoportinfotorzs\">I-II.h\u00f3nap hajtat\u00e1s<br \/>\nII-III.h\u00f3nap pal\u00e1ntanevel\u00e9s<br \/>\nIV-V.h\u00f3nap szabadf\u00f6ld<\/td>\n<td class=\"csoportinfotorzs\">1-1,5<\/td>\n<td class=\"csoportinfotorzs\">90 x 30 hajtat\u00e1s<br \/>\n50 x 30 szabadf\u00f6ld<\/td>\n<td class=\"csoportinfotorzs\">10-14 nap<\/td>\n<\/tr>\n<\/tbody>\n<\/table>\n<\/td>\n<\/tr>\n<tr>\n<td colspan=\"2\">\n<p align=\"justify\">A paradicsom az egyik legformagazdagabb z\u00f6lds\u00e9gfajunk. A h\u00e1zi kerti termeszt\u00e9snek legf\u0151k\u00e9ppen az a c\u00e9lja, hogy lehet\u0151leg j\u00faliust\u00f3l szeptember v\u00e9g\u00e9ig ell\u00e1ssuk a csal\u00e1dot friss \u00e9s bef\u0151zni val\u00f3 paradicsommal. \u00c1ltal\u00e1ban 2-3 fajt\u00e1t \u00e9rdemes termeszteni: igen korai, t\u00f6rpe paradicsomot (pl. Z\u00f6m\u00f6k), bef\u0151z\u00e9sre alkalmas, nagy bogy\u00f3j\u00fa fajt\u00e1kat (pl. Kecskem\u00e9ti Jubileum, Ace, Marmande), \u00e9s t\u00e1mrendszer mellett, folyton n\u00f6v\u0151 hibrideket (pl. Lugas F1). Az ut\u00f3bbi \u00e9vek divatja a balkonon, cser\u00e9pben, d\u00e9zs\u00e1ban termeszthet\u0151 t\u00f6rpe n\u00f6v\u00e9s\u0171 paradicsomfajt\u00e1k (Balkonstar, Vilma).<\/p>\n<p align=\"justify\"><b>A paradicsomfajt\u00e1k csoportos\u00edt\u00e1sa:<\/b><br \/>\n<b>felhaszn\u00e1l\u00e1s szerint:<\/b>\u00a0friss fogyaszt\u00e1sra, bef\u0151z\u00e9sre,<br \/>\n<b>termeszt\u00e9si m\u00f3d szerint:<\/b>\u00a0korai szabadf\u00f6ldi, hajtat\u00e1si, balkonparadicsom,<br \/>\n<b>n\u00f6veked\u00e9s t\u00edpusa szerint:<\/b>\u00a0folytonn\u00f6v\u0151, \u00e9s determin\u00e1lt.<\/p>\n<table>\n<tbody>\n<tr>\n<td colspan=\"2\">\n<p align=\"justify\">A tipikus\u00a0<b>determin\u00e1lt<\/b>\u00a0fajta eset\u00e9ben a 6. f\u00fcrt z\u00e1rja le a f\u0151hajt\u00e1s n\u00f6veked\u00e9s\u00e9t, \u00e9s k\u00e9t vir\u00e1gf\u00fcrt k\u00f6z\u00f6tt egy lev\u00e9l van. A determin\u00e1lt fajt\u00e1k egyik csoportj\u00e1t k\u00e9pezik a t\u00f6rpe t\u00edpus\u00faak, amelyekre a r\u00f6vid \u00edzk\u00f6z\u00f6k miatt z\u00f6m\u00f6k alkat a jellemz\u0151.<br \/>\n<b>Az er\u0151s n\u00f6veked\u00e9s\u0171 determin\u00e1lt<\/b>\u00a0t\u00edpus a hajt\u00e1sn\u00f6veked\u00e9s\u00e9t a 8. vagy a 9. f\u00fcrt z\u00e1rja, a fels\u0151 oldalhajt\u00e1soknak er\u0151s a tendenci\u00e1juk a f\u0151hajt\u00e1s szerep\u00e9nek \u00e1tv\u00e9tel\u00e9re, \u00e9s k\u00e9t f\u00fcrt k\u00f6z\u00f6tt 2-3 lev\u00e9l tal\u00e1lhat\u00f3.<br \/>\n<b>Folytonos n\u00f6veked\u00e9s\u0171 fajt\u00e1k,<\/b>\u00a0amelyek teny\u00e9sz\u0151 cs\u00facsa a n\u00f6v\u00e9ny \u00e9lete sor\u00e1n kedvez\u0151 k\u00f6r\u00fclm\u00e9nyek k\u00f6z\u00f6tt folyamatosan n\u0151, \u00fajabb leveleket \u00e9s vir\u00e1gf\u00fcrt\u00f6ket n\u00f6vesztve. Ilyen t\u00edpus\u00fa fajt\u00e1kat els\u0151sorban f\u0171t\u00f6tt berendez\u00e9sekben t\u00f6rt\u00e9n\u0151 hajtat\u00e1sn\u00e1l alkalmaznak.<\/p>\n<p align=\"justify\">\n<\/td>\n<\/tr>\n<tr>\n<td colspan=\"2\" align=\"center\"><img decoding=\"async\" src=\"https:\/\/www.kertimag.com\/pic\/paradicsomformak.jpg\" alt=\"Paradicsom\" \/><\/td>\n<\/tr>\n<\/tbody>\n<\/table>\n<p><strong>K\u00e9szlet\u00fcnk napi szinten v\u00e1ltozik, ez\u00e9rt k\u00e9rj\u00fck, \u00e9rdekl\u0151dj\u00f6n szem\u00e9lyesen, telefonon vagy email-en.<br \/>\nA v\u00e1ltoztat\u00e1s jog\u00e1t fenntartjuk!\u00a0<\/strong><\/p>\n<p><a href=\"https:\/\/tajkertesz.com\/\">https:\/\/tajkertesz.com\/<\/a><\/p>\n<p><a href=\"https:\/\/www.facebook.com\/tajkertesz\/\">https:\/\/www.facebook.com\/tajkertesz\/<\/a><\/p>\n<p>Kisz\u00e1ll\u00edt\u00e1s: 200cm-ig \u00a0\u00e9s 40 kg-ig a sz\u00e1ll\u00edt\u00e1s fut\u00e1rszolg\u00e1lattal \u00a0t\u00f6rt\u00e9nik!<\/p>\n<p>Szem\u00e9lyes \u00e1tv\u00e9tel nyitvatart\u00e1si id\u0151ben a 17. ker\u00fclet Bakancsos utca 7. sz\u00e1m alatti Kert\u00e9szeti \u00e1rud\u00e1ban<\/p>\n<p>&nbsp;<\/p>\n<p>Szem\u00e9lyes \u00e1tv\u00e9tel ak\u00e1r a mai napon, vagy h\u00e1zhozsz\u00e1ll\u00edt\u00e1s 1-2 napon bel\u00fcl!<\/p>\n<p>&nbsp;<\/p>\n<p>1173.Bp.Bakancsos u.7.<\/p>\n<p><a href=\"https:\/\/www.tajkertesz.com\/\">www.tajkertesz.com<\/a><\/p>\n<p>Kert\u00e9szeti kis-\u00e9s nagykeresked\u00e9s<\/td>\n<\/tr>\n<\/tbody>\n<\/table>","protected":false},"excerpt":{"rendered":"<h1>Paradicsom Tomosa F1 &#8211; hibrid vet\u0151mag<\/h1>\n<p>Paradicsom Tomosa F1 &#8211; hibrid vet\u0151mag h\u00e1zikertbe t\u00e1mrendszer melletti termeszt\u00e9sre \u00e9s f\u0171tetlen f\u00f3lia alatti hajtat\u00e1sra alkalmas k\u00f6z\u00e9pkorai hibrid. Folytonos n\u00f6veked\u00e9s\u0171, f\u00fcrt\u00f6s term\u00e9s\u0171, az \u0151szi fagyokig szedhet\u0151 fajta. Kem\u00e9ny, j\u00f3 min\u0151s\u00e9g\u0171 bogy\u00f3i g\u00f6mb alak\u00faak, \u00e1tlagt\u00f6meg\u00fck 80 g. Betegs\u00e9gekre nem fog\u00e9kony.<\/p>\n<p>A tasak tartalma: 10 szem paradicsom vet\u0151mag.<\/p>","protected":false},"featured_media":18838,"template":"","meta":{"_et_pb_use_builder":"","_et_pb_old_content":"","_et_gb_content_width":""},"product_brand":[],"product_cat":[2881],"product_tag":[1431,4115,4138],"class_list":{"0":"post-18769","1":"product","2":"type-product","3":"status-publish","4":"has-post-thumbnail","6":"product_cat-zoldsegnoveny-vetomagok","7":"product_tag-paradicsom","8":"product_tag-vetomag","9":"product_tag-vetomagok","11":"first","12":"instock","13":"shipping-taxable","14":"purchasable","15":"product-type-simple"},"yoast_head":"<!-- This site is optimized with the Yoast SEO plugin v27.4 - https:\/\/yoast.com\/product\/yoast-seo-wordpress\/ -->\n<title>Paradicsom Tomosa F1 - hibrid vet\u0151mag - T\u00e1jkert\u00e9sz<\/title>\n<meta name=\"description\" content=\"Paradicsom Tomosa F1 - hibrid vet\u0151magParadicsom Tomosa F1 - hibrid vet\u0151mag Folytonos n\u00f6veked\u00e9s\u0171, f\u00fcrt\u00f6s term\u00e9s\u0171, az \u0151szi fagyokig szedhet\u0151 fajta.\" \/>\n<meta name=\"robots\" content=\"index, follow, max-snippet:-1, max-image-preview:large, max-video-preview:-1\" \/>\n<link rel=\"canonical\" href=\"https:\/\/tajkertesz.com\/en_US\/product\/paradicsom-tomosa-f1-hibrid-vetomag\/\" \/>\n<meta property=\"og:locale\" content=\"en_US\" \/>\n<meta property=\"og:type\" content=\"article\" \/>\n<meta property=\"og:title\" content=\"Paradicsom Tomosa F1 - hibrid vet\u0151mag - T\u00e1jkert\u00e9sz\" \/>\n<meta property=\"og:description\" content=\"Paradicsom Tomosa F1 - hibrid vet\u0151magParadicsom Tomosa F1 - hibrid vet\u0151mag Folytonos n\u00f6veked\u00e9s\u0171, f\u00fcrt\u00f6s term\u00e9s\u0171, az \u0151szi fagyokig szedhet\u0151 fajta.\" \/>\n<meta property=\"og:url\" content=\"https:\/\/tajkertesz.com\/en_US\/product\/paradicsom-tomosa-f1-hibrid-vetomag\/\" \/>\n<meta property=\"og:site_name\" content=\"T\u00e1jkert\u00e9sz\" \/>\n<meta property=\"article:publisher\" content=\"https:\/\/www.facebook.com\/Tajkertesz\/\" \/>\n<meta property=\"article:modified_time\" content=\"2026-02-13T15:39:01+00:00\" \/>\n<meta property=\"og:image\" content=\"https:\/\/tajkertesz.com\/wp-content\/uploads\/2024\/01\/501221.jpg\" \/>\n\t<meta property=\"og:image:width\" content=\"242\" \/>\n\t<meta property=\"og:image:height\" content=\"402\" \/>\n\t<meta property=\"og:image:type\" content=\"image\/jpeg\" \/>\n<meta name=\"twitter:card\" content=\"summary_large_image\" \/>\n<meta name=\"twitter:label1\" content=\"Est. reading time\" \/>\n\t<meta name=\"twitter:data1\" content=\"3 minutes\" \/>\n<script type=\"application\/ld+json\" class=\"yoast-schema-graph\">{\"@context\":\"https:\\\/\\\/schema.org\",\"@graph\":[{\"@type\":\"WebPage\",\"@id\":\"https:\\\/\\\/tajkertesz.com\\\/termek\\\/paradicsom-tomosa-f1-hibrid-vetomag\\\/\",\"url\":\"https:\\\/\\\/tajkertesz.com\\\/termek\\\/paradicsom-tomosa-f1-hibrid-vetomag\\\/\",\"name\":\"Paradicsom Tomosa F1 - hibrid vet\u0151mag - T\u00e1jkert\u00e9sz\",\"isPartOf\":{\"@id\":\"https:\\\/\\\/tajkertesz.com\\\/#website\"},\"primaryImageOfPage\":{\"@id\":\"https:\\\/\\\/tajkertesz.com\\\/termek\\\/paradicsom-tomosa-f1-hibrid-vetomag\\\/#primaryimage\"},\"image\":{\"@id\":\"https:\\\/\\\/tajkertesz.com\\\/termek\\\/paradicsom-tomosa-f1-hibrid-vetomag\\\/#primaryimage\"},\"thumbnailUrl\":\"https:\\\/\\\/tajkertesz.com\\\/wp-content\\\/uploads\\\/2024\\\/01\\\/501221.jpg\",\"datePublished\":\"2024-01-23T13:45:49+00:00\",\"dateModified\":\"2026-02-13T15:39:01+00:00\",\"description\":\"Paradicsom Tomosa F1 - hibrid vet\u0151magParadicsom Tomosa F1 - hibrid vet\u0151mag Folytonos n\u00f6veked\u00e9s\u0171, f\u00fcrt\u00f6s term\u00e9s\u0171, az \u0151szi fagyokig szedhet\u0151 fajta.\",\"breadcrumb\":{\"@id\":\"https:\\\/\\\/tajkertesz.com\\\/termek\\\/paradicsom-tomosa-f1-hibrid-vetomag\\\/#breadcrumb\"},\"inLanguage\":\"en-US\",\"potentialAction\":[{\"@type\":\"ReadAction\",\"target\":[\"https:\\\/\\\/tajkertesz.com\\\/termek\\\/paradicsom-tomosa-f1-hibrid-vetomag\\\/\"]}]},{\"@type\":\"ImageObject\",\"inLanguage\":\"en-US\",\"@id\":\"https:\\\/\\\/tajkertesz.com\\\/termek\\\/paradicsom-tomosa-f1-hibrid-vetomag\\\/#primaryimage\",\"url\":\"https:\\\/\\\/tajkertesz.com\\\/wp-content\\\/uploads\\\/2024\\\/01\\\/501221.jpg\",\"contentUrl\":\"https:\\\/\\\/tajkertesz.com\\\/wp-content\\\/uploads\\\/2024\\\/01\\\/501221.jpg\",\"width\":242,\"height\":402},{\"@type\":\"BreadcrumbList\",\"@id\":\"https:\\\/\\\/tajkertesz.com\\\/termek\\\/paradicsom-tomosa-f1-hibrid-vetomag\\\/#breadcrumb\",\"itemListElement\":[{\"@type\":\"ListItem\",\"position\":1,\"name\":\"Home\",\"item\":\"https:\\\/\\\/tajkertesz.com\\\/\"},{\"@type\":\"ListItem\",\"position\":2,\"name\":\"Kezd\u0151lap\",\"item\":\"https:\\\/\\\/tajkertesz.com\\\/\"},{\"@type\":\"ListItem\",\"position\":3,\"name\":\"Paradicsom Tomosa F1 &#8211; hibrid vet\u0151mag\"}]},{\"@type\":\"WebSite\",\"@id\":\"https:\\\/\\\/tajkertesz.com\\\/#website\",\"url\":\"https:\\\/\\\/tajkertesz.com\\\/\",\"name\":\"T\u00e1j-Kert\u00e9sz 84 Kft.\",\"description\":\"Kert\u00e9szeti kis- \u00e9s nagykeresked\u00e9s, D\u00edszn\u00f6v\u00e9ny web\u00e1ruh\u00e1z orsz\u00e1gos h\u00e1zhozsz\u00e1ll\u00edt\u00e1ssal!\",\"publisher\":{\"@id\":\"https:\\\/\\\/tajkertesz.com\\\/#organization\"},\"potentialAction\":[{\"@type\":\"SearchAction\",\"target\":{\"@type\":\"EntryPoint\",\"urlTemplate\":\"https:\\\/\\\/tajkertesz.com\\\/?s={search_term_string}\"},\"query-input\":{\"@type\":\"PropertyValueSpecification\",\"valueRequired\":true,\"valueName\":\"search_term_string\"}}],\"inLanguage\":\"en-US\"},{\"@type\":\"Organization\",\"@id\":\"https:\\\/\\\/tajkertesz.com\\\/#organization\",\"name\":\"T\u00e1j-Kert\u00e9sz 84 Kft.\",\"url\":\"https:\\\/\\\/tajkertesz.com\\\/\",\"logo\":{\"@type\":\"ImageObject\",\"inLanguage\":\"en-US\",\"@id\":\"https:\\\/\\\/tajkertesz.com\\\/#\\\/schema\\\/logo\\\/image\\\/\",\"url\":\"https:\\\/\\\/tajkertesz.com\\\/wp-content\\\/uploads\\\/2018\\\/02\\\/logo-2-e1518678052539.png\",\"contentUrl\":\"https:\\\/\\\/tajkertesz.com\\\/wp-content\\\/uploads\\\/2018\\\/02\\\/logo-2-e1518678052539.png\",\"width\":81,\"height\":140,\"caption\":\"T\u00e1j-Kert\u00e9sz 84 Kft.\"},\"image\":{\"@id\":\"https:\\\/\\\/tajkertesz.com\\\/#\\\/schema\\\/logo\\\/image\\\/\"},\"sameAs\":[\"https:\\\/\\\/www.facebook.com\\\/Tajkertesz\\\/\"]}]}<\/script>\n<!-- \/ Yoast SEO plugin. -->","yoast_head_json":{"title":"Paradicsom Tomosa F1 - hibrid vet\u0151mag - T\u00e1jkert\u00e9sz","description":"Paradicsom Tomosa F1 - hibrid vet\u0151magParadicsom Tomosa F1 - hibrid vet\u0151mag Folytonos n\u00f6veked\u00e9s\u0171, f\u00fcrt\u00f6s term\u00e9s\u0171, az \u0151szi fagyokig szedhet\u0151 fajta.","robots":{"index":"index","follow":"follow","max-snippet":"max-snippet:-1","max-image-preview":"max-image-preview:large","max-video-preview":"max-video-preview:-1"},"canonical":"https:\/\/tajkertesz.com\/en_US\/product\/paradicsom-tomosa-f1-hibrid-vetomag\/","og_locale":"en_US","og_type":"article","og_title":"Paradicsom Tomosa F1 - hibrid vet\u0151mag - T\u00e1jkert\u00e9sz","og_description":"Paradicsom Tomosa F1 - hibrid vet\u0151magParadicsom Tomosa F1 - hibrid vet\u0151mag Folytonos n\u00f6veked\u00e9s\u0171, f\u00fcrt\u00f6s term\u00e9s\u0171, az \u0151szi fagyokig szedhet\u0151 fajta.","og_url":"https:\/\/tajkertesz.com\/en_US\/product\/paradicsom-tomosa-f1-hibrid-vetomag\/","og_site_name":"T\u00e1jkert\u00e9sz","article_publisher":"https:\/\/www.facebook.com\/Tajkertesz\/","article_modified_time":"2026-02-13T15:39:01+00:00","og_image":[{"width":242,"height":402,"url":"https:\/\/tajkertesz.com\/wp-content\/uploads\/2024\/01\/501221.jpg","type":"image\/jpeg"}],"twitter_card":"summary_large_image","twitter_misc":{"Est. reading time":"3 minutes"},"schema":{"@context":"https:\/\/schema.org","@graph":[{"@type":"WebPage","@id":"https:\/\/tajkertesz.com\/termek\/paradicsom-tomosa-f1-hibrid-vetomag\/","url":"https:\/\/tajkertesz.com\/termek\/paradicsom-tomosa-f1-hibrid-vetomag\/","name":"Paradicsom Tomosa F1 - hibrid vet\u0151mag - T\u00e1jkert\u00e9sz","isPartOf":{"@id":"https:\/\/tajkertesz.com\/#website"},"primaryImageOfPage":{"@id":"https:\/\/tajkertesz.com\/termek\/paradicsom-tomosa-f1-hibrid-vetomag\/#primaryimage"},"image":{"@id":"https:\/\/tajkertesz.com\/termek\/paradicsom-tomosa-f1-hibrid-vetomag\/#primaryimage"},"thumbnailUrl":"https:\/\/tajkertesz.com\/wp-content\/uploads\/2024\/01\/501221.jpg","datePublished":"2024-01-23T13:45:49+00:00","dateModified":"2026-02-13T15:39:01+00:00","description":"Paradicsom Tomosa F1 - hibrid vet\u0151magParadicsom Tomosa F1 - hibrid vet\u0151mag Folytonos n\u00f6veked\u00e9s\u0171, f\u00fcrt\u00f6s term\u00e9s\u0171, az \u0151szi fagyokig szedhet\u0151 fajta.","breadcrumb":{"@id":"https:\/\/tajkertesz.com\/termek\/paradicsom-tomosa-f1-hibrid-vetomag\/#breadcrumb"},"inLanguage":"en-US","potentialAction":[{"@type":"ReadAction","target":["https:\/\/tajkertesz.com\/termek\/paradicsom-tomosa-f1-hibrid-vetomag\/"]}]},{"@type":"ImageObject","inLanguage":"en-US","@id":"https:\/\/tajkertesz.com\/termek\/paradicsom-tomosa-f1-hibrid-vetomag\/#primaryimage","url":"https:\/\/tajkertesz.com\/wp-content\/uploads\/2024\/01\/501221.jpg","contentUrl":"https:\/\/tajkertesz.com\/wp-content\/uploads\/2024\/01\/501221.jpg","width":242,"height":402},{"@type":"BreadcrumbList","@id":"https:\/\/tajkertesz.com\/termek\/paradicsom-tomosa-f1-hibrid-vetomag\/#breadcrumb","itemListElement":[{"@type":"ListItem","position":1,"name":"Home","item":"https:\/\/tajkertesz.com\/"},{"@type":"ListItem","position":2,"name":"Kezd\u0151lap","item":"https:\/\/tajkertesz.com\/"},{"@type":"ListItem","position":3,"name":"Paradicsom Tomosa F1 &#8211; hibrid vet\u0151mag"}]},{"@type":"WebSite","@id":"https:\/\/tajkertesz.com\/#website","url":"https:\/\/tajkertesz.com\/","name":"T\u00e1j-Kert\u00e9sz 84 Kft.","description":"Kert\u00e9szeti kis- \u00e9s nagykeresked\u00e9s, D\u00edszn\u00f6v\u00e9ny web\u00e1ruh\u00e1z orsz\u00e1gos h\u00e1zhozsz\u00e1ll\u00edt\u00e1ssal!","publisher":{"@id":"https:\/\/tajkertesz.com\/#organization"},"potentialAction":[{"@type":"SearchAction","target":{"@type":"EntryPoint","urlTemplate":"https:\/\/tajkertesz.com\/?s={search_term_string}"},"query-input":{"@type":"PropertyValueSpecification","valueRequired":true,"valueName":"search_term_string"}}],"inLanguage":"en-US"},{"@type":"Organization","@id":"https:\/\/tajkertesz.com\/#organization","name":"T\u00e1j-Kert\u00e9sz 84 Kft.","url":"https:\/\/tajkertesz.com\/","logo":{"@type":"ImageObject","inLanguage":"en-US","@id":"https:\/\/tajkertesz.com\/#\/schema\/logo\/image\/","url":"https:\/\/tajkertesz.com\/wp-content\/uploads\/2018\/02\/logo-2-e1518678052539.png","contentUrl":"https:\/\/tajkertesz.com\/wp-content\/uploads\/2018\/02\/logo-2-e1518678052539.png","width":81,"height":140,"caption":"T\u00e1j-Kert\u00e9sz 84 Kft."},"image":{"@id":"https:\/\/tajkertesz.com\/#\/schema\/logo\/image\/"},"sameAs":["https:\/\/www.facebook.com\/Tajkertesz\/"]}]}},"_links":{"self":[{"href":"https:\/\/tajkertesz.com\/en_US\/wp-json\/wp\/v2\/product\/18769","targetHints":{"allow":["GET"]}}],"collection":[{"href":"https:\/\/tajkertesz.com\/en_US\/wp-json\/wp\/v2\/product"}],"about":[{"href":"https:\/\/tajkertesz.com\/en_US\/wp-json\/wp\/v2\/types\/product"}],"wp:featuredmedia":[{"embeddable":true,"href":"https:\/\/tajkertesz.com\/en_US\/wp-json\/wp\/v2\/media\/18838"}],"wp:attachment":[{"href":"https:\/\/tajkertesz.com\/en_US\/wp-json\/wp\/v2\/media?parent=18769"}],"wp:term":[{"taxonomy":"product_brand","embeddable":true,"href":"https:\/\/tajkertesz.com\/en_US\/wp-json\/wp\/v2\/product_brand?post=18769"},{"taxonomy":"product_cat","embeddable":true,"href":"https:\/\/tajkertesz.com\/en_US\/wp-json\/wp\/v2\/product_cat?post=18769"},{"taxonomy":"product_tag","embeddable":true,"href":"https:\/\/tajkertesz.com\/en_US\/wp-json\/wp\/v2\/product_tag?post=18769"}],"curies":[{"name":"wp","href":"https:\/\/api.w.org\/{rel}","templated":true}]}}