{"id":18782,"date":"2024-01-24T08:11:04","date_gmt":"2024-01-24T08:11:04","guid":{"rendered":"https:\/\/tajkertesz.com\/?post_type=product&#038;p=18782"},"modified":"2026-02-13T15:38:23","modified_gmt":"2026-02-13T15:38:23","slug":"paprika-feherozon-vetomag-05-g","status":"publish","type":"product","link":"https:\/\/tajkertesz.com\/en_US\/product\/paprika-feherozon-vetomag-05-g\/","title":{"rendered":"Paprika Feh\u00e9r\u00f6z\u00f6n vet\u0151mag 0,5 g"},"content":{"rendered":"<h1>Paprika Feh\u00e9r\u00f6z\u00f6n vet\u0151mag 0,5 g<\/h1>\n<p>Paprika Feh\u00e9r\u00f6z\u00f6n vet\u0151mag 0,5 g determin\u00e1lt n\u00f6veked\u00e9s\u0171, hajtat\u00e1sra \u00e9s szabadf\u00f6ldi termeszt\u00e9sre alkalmas fajta. Fel\u00e1ll\u00f3 term\u00e9se s\u00e1rg\u00e1sfeh\u00e9r, \u00e9des, k\u00fap alak\u00fa, t\u00f6lteni val\u00f3, 80-90 g \u00e1tlagt\u00f6meg\u0171. F\u00e9nyhi\u00e1nyra nem \u00e9rz\u00e9keny, doh\u00e1nymozaik v\u00edrusra rezisztens.<\/p>\n<p>R\u00e9dei Kertimag<\/p>\n<p>1\/2g vet\u0151mag tasakonk\u00e9nt.<\/p>\n<table>\n<tbody>\n<tr>\n<td colspan=\"2\">\n<table class=\"csoportinfo\" cellspacing=\"0\">\n<tbody>\n<tr class=\"csoportinfofejlec\">\n<td class=\"csoportinfofejlec\" width=\"15%\">magsz\u00e1m\/gramm<\/td>\n<td class=\"csoportinfofejlec\" width=\"19%\">vet\u0151magig\u00e9ny g\/10nm<\/td>\n<td class=\"csoportinfofejlec\" width=\"19%\">vet\u00e9sid\u0151<\/td>\n<td class=\"csoportinfofejlec\" width=\"15%\">vet\u00e9sm\u00e9lys\u00e9g cm<\/td>\n<td class=\"csoportinfofejlec\" width=\"17%\">sor- \u00e9s t\u0151t\u00e1vols\u00e1g cm<\/td>\n<td class=\"csoportinfofejlec\" width=\"15%\">cs\u00edr\u00e1z\u00e1si nap<br \/>\n20-22C fokon<\/td>\n<\/tr>\n<tr class=\"csoportinfotorzs\">\n<td class=\"csoportinfotorzs\">120-160<\/td>\n<td class=\"csoportinfotorzs\">1-1,5 vagy<br \/>\n120 szem 100 pal\u00e1nt\u00e1hoz<\/td>\n<td class=\"csoportinfotorzs\">I-II.h\u00f3nap hajtat\u00e1s<br \/>\nII-III.h\u00f3nap pal\u00e1ntanevel\u00e9s<br \/>\nIV-V.h\u00f3nap szabadf\u00f6ld<\/td>\n<td class=\"csoportinfotorzs\">1-1,5<\/td>\n<td class=\"csoportinfotorzs\">90 x 30 hajtat\u00e1s<br \/>\n50 x 30 szabadf\u00f6ld<\/td>\n<td class=\"csoportinfotorzs\">14-21 nap<\/td>\n<\/tr>\n<\/tbody>\n<\/table>\n<\/td>\n<\/tr>\n<tr>\n<td colspan=\"2\">\n<p align=\"justify\"><b>A paprikafajt\u00e1k csoportos\u00edt\u00e1sa:<br \/>\nfelhaszn\u00e1l\u00e1s szerint:<\/b>\u00a0\u00e9tkez\u00e9si \u00e9s f\u0171szer,<br \/>\n<b>n\u00f6veked\u00e9s szerint:<\/b>\u00a0folytonn\u00f6v\u0151 \u00e9s determin\u00e1lt,<br \/>\n<b>term\u00e9s alakja \u00e9s sz\u00edne szerint:<\/b>\u00a0feh\u00e9r (t\u00f6lteni val\u00f3, TV), hegyes, kosszarv\u00fa, alma, paradicsom alak\u00fa (pritamin), kaliforniai (blocky), cseresznye, k\u00e1pia, lamuyo (ejtsd: l\u00e1m\u00fcjo). A k\u00e1rp\u00e1t-medence saj\u00e1toss\u00e1ga a feh\u00e9r sz\u00edn\u0171, k\u00fapos (Cecei t\u00edpus\u00fa) fajtak\u00f6r, de az ut\u00f3bbi \u00e9vekben elterjedtek m\u00e1s t\u00edpus\u00fa paprika fajt\u00e1k is.<\/p>\n<p align=\"justify\">A\u00a0<b>k\u00e1pia<\/b>\u00a0t\u00edpus\u00fa paprika (pl. Cs\u00e1ng\u00f3 F1) balk\u00e1ni eredet\u0171. Term\u00e9se megny\u00falt k\u00fap alak\u00fa, \u00e1ltal\u00e1ban k\u00e9toldalt lap\u00edtott, vastag h\u00fas\u00fa. A paradicsompaprik\u00e1hoz hasonl\u00f3an s\u00f6t\u00e9tz\u00f6ldb\u0151l pirosra \u00e9rik. Vastag h\u00fasa miatt s\u00fct\u00e9sre, grillez\u00e9sre alkalmas, de fogyaszthat\u00f3 nyersen \u00e9s savany\u00fas\u00e1gnak feldolgozva is.<\/p>\n<p align=\"justify\">A\u00a0<b>blocky<\/b>\u00a0t\u00edpus\u00fa paprika n\u00e9gyzetes alak\u00fa, hossz\u00e1nak \u00e9s v\u00e1ll\u00e1nak ar\u00e1nya 1:1. Ilyen t\u00edpus a California Wonder \u00e9s a Goldeen Calwonder \u00e9s a Balassa F1. A\u00a0<b>lamuyo<\/b>\u00a0paprika has\u00e1b alak\u00fa hossz \u00e9s v\u00e1ll ar\u00e1nya 1:2-3. Ez a k\u00e9t t\u00edpus a legelterjedtebb Nyugat-Eur\u00f3p\u00e1ban.<\/p>\n<p align=\"justify\">A hibrid paprikafajt\u00e1k, kiegyenl\u00edtett, egy\u00f6ntet\u0171 term\u00e9st adnak \u00e9s betegs\u00e9gekkel szemben ellen\u00e1ll\u00f3bbak. A termeszt\u00e9s sor\u00e1n intenz\u00edvebb k\u00f6r\u00fclm\u00e9nyeket ig\u00e9nyelnek. A hibrid fajt\u00e1k el\u0151\u00e1ll\u00edt\u00e1sa nagyon k\u00f6lts\u00e9ges, ez a vet\u0151mag \u00e1r\u00e1ban is t\u00fckr\u00f6z\u0151dik. A konstans fajt\u00e1k m\u00e9retre \u00e9s alakra is egyenl\u0151tlenebbek, de h\u00e1zikerti k\u00f6r\u00fclm\u00e9nyek k\u00f6z\u00f6tt kiel\u00e9g\u00edt\u0151 term\u00e9st adnak.<\/p>\n<\/td>\n<\/tr>\n<tr>\n<td colspan=\"2\" align=\"center\">\n<div><img decoding=\"async\" src=\"https:\/\/www.kertimag.com\/pic\/paprikaformak.jpg\" alt=\"Paprika\" \/><\/div>\n<table width=\"880\">\n<tbody>\n<tr>\n<td>1. Lap\u00edtott<\/td>\n<td>2. Kerek (paradicsomalak\u00fa, pritamin)<\/td>\n<td>3. Sz\u00edv alak\u00fa<\/td>\n<\/tr>\n<tr>\n<td>4. N\u00e9gyzet \/ Blocky<\/td>\n<td>5. T\u00e9glalap \/ Lamujo (ejtsd:lam\u00fcj\u00f3)<\/td>\n<td>6. Trap\u00e9z<\/td>\n<\/tr>\n<tr>\n<td>7. H\u00e1romsz\u00f6g \/ Kapia<\/td>\n<td>8. Keskeny h\u00e1romsz\u00f6g \/ hegyes cs\u00edp\u0151s<\/td>\n<td>9. Szarv alak\u00fa \/ Kecskeszarv<\/td>\n<\/tr>\n<\/tbody>\n<\/table>\n<\/td>\n<\/tr>\n<\/tbody>\n<\/table>\n<p><strong>K\u00e9szlet\u00fcnk napi szinten v\u00e1ltozik, ez\u00e9rt k\u00e9rj\u00fck, \u00e9rdekl\u0151dj\u00f6n szem\u00e9lyesen, telefonon vagy email-en.<br \/>\nA v\u00e1ltoztat\u00e1s jog\u00e1t fenntartjuk!\u00a0<\/strong><\/p>\n<p><a href=\"https:\/\/tajkertesz.com\/\">https:\/\/tajkertesz.com\/<\/a><\/p>\n<p><a href=\"https:\/\/www.facebook.com\/tajkertesz\/\">https:\/\/www.facebook.com\/tajkertesz\/<\/a><\/p>\n<p>Kisz\u00e1ll\u00edt\u00e1s: 200cm-ig \u00a0\u00e9s 40 kg-ig a sz\u00e1ll\u00edt\u00e1s fut\u00e1rszolg\u00e1lattal \u00a0t\u00f6rt\u00e9nik!<\/p>\n<p>Szem\u00e9lyes \u00e1tv\u00e9tel nyitvatart\u00e1si id\u0151ben a 17. ker\u00fclet Bakancsos utca 7. sz\u00e1m alatti Kert\u00e9szeti \u00e1rud\u00e1ban<\/p>\n<p>&nbsp;<\/p>\n<p>Szem\u00e9lyes \u00e1tv\u00e9tel ak\u00e1r a mai napon, vagy h\u00e1zhozsz\u00e1ll\u00edt\u00e1s 1-2 napon bel\u00fcl!<\/p>\n<p>&nbsp;<\/p>\n<p>1173.Bp.Bakancsos u.7.<\/p>\n<p><a href=\"http:\/\/www.tajkertesz.com\">www.tajkertesz.com<\/a><\/p>\n<p>Kert\u00e9szeti kis-\u00e9s nagykeresked\u00e9s<\/p>","protected":false},"excerpt":{"rendered":"<h1>Paprika Feh\u00e9r\u00f6z\u00f6n vet\u0151mag 0,5 g<\/h1>\n<p>Paprika Feh\u00e9r\u00f6z\u00f6n vet\u0151mag 0,5 g determin\u00e1lt n\u00f6veked\u00e9s\u0171, hajtat\u00e1sra \u00e9s szabadf\u00f6ldi termeszt\u00e9sre alkalmas fajta. Fel\u00e1ll\u00f3 term\u00e9se s\u00e1rg\u00e1sfeh\u00e9r, \u00e9des, k\u00fap alak\u00fa, t\u00f6lteni val\u00f3, 80-90 g \u00e1tlagt\u00f6meg\u0171. F\u00e9nyhi\u00e1nyra nem \u00e9rz\u00e9keny, doh\u00e1nymozaik v\u00edrusra rezisztens.<\/p>\n<p>R\u00e9dei Kertimag<\/p>","protected":false},"featured_media":18783,"template":"","meta":{"_et_pb_use_builder":"","_et_pb_old_content":"","_et_gb_content_width":""},"product_brand":[],"product_cat":[2881],"product_tag":[1432,4115,4138],"class_list":{"0":"post-18782","1":"product","2":"type-product","3":"status-publish","4":"has-post-thumbnail","6":"product_cat-zoldsegnoveny-vetomagok","7":"product_tag-paprika","8":"product_tag-vetomag","9":"product_tag-vetomagok","11":"first","12":"instock","13":"shipping-taxable","14":"purchasable","15":"product-type-simple"},"yoast_head":"<!-- This site is optimized with the Yoast SEO plugin v27.3 - https:\/\/yoast.com\/product\/yoast-seo-wordpress\/ -->\n<title>Paprika Feh\u00e9r\u00f6z\u00f6n vet\u0151mag 0,5 g - T\u00e1jkert\u00e9sz<\/title>\n<meta name=\"description\" content=\"Paprika Feh\u00e9r\u00f6z\u00f6n vet\u0151mag 0,5 g determin\u00e1lt n\u00f6veked\u00e9s\u0171, hajtat\u00e1sra \u00e9s szabadf\u00f6ldi termeszt\u00e9sre alkalmas fajta.\" \/>\n<meta name=\"robots\" content=\"index, follow, max-snippet:-1, max-image-preview:large, max-video-preview:-1\" \/>\n<link rel=\"canonical\" href=\"https:\/\/tajkertesz.com\/en_US\/product\/paprika-feherozon-vetomag-05-g\/\" \/>\n<meta property=\"og:locale\" content=\"en_US\" \/>\n<meta property=\"og:type\" content=\"article\" \/>\n<meta property=\"og:title\" content=\"Paprika Feh\u00e9r\u00f6z\u00f6n vet\u0151mag 0,5 g - T\u00e1jkert\u00e9sz\" \/>\n<meta property=\"og:description\" content=\"Paprika Feh\u00e9r\u00f6z\u00f6n vet\u0151mag 0,5 g determin\u00e1lt n\u00f6veked\u00e9s\u0171, hajtat\u00e1sra \u00e9s szabadf\u00f6ldi termeszt\u00e9sre alkalmas fajta.\" \/>\n<meta property=\"og:url\" content=\"https:\/\/tajkertesz.com\/en_US\/product\/paprika-feherozon-vetomag-05-g\/\" \/>\n<meta property=\"og:site_name\" content=\"T\u00e1jkert\u00e9sz\" \/>\n<meta property=\"article:publisher\" content=\"https:\/\/www.facebook.com\/Tajkertesz\/\" \/>\n<meta property=\"article:modified_time\" content=\"2026-02-13T15:38:23+00:00\" \/>\n<meta property=\"og:image\" content=\"https:\/\/tajkertesz.com\/wp-content\/uploads\/2024\/01\/512104.jpg\" \/>\n\t<meta property=\"og:image:width\" content=\"500\" \/>\n\t<meta property=\"og:image:height\" content=\"904\" \/>\n\t<meta property=\"og:image:type\" content=\"image\/jpeg\" \/>\n<meta name=\"twitter:card\" content=\"summary_large_image\" \/>\n<meta name=\"twitter:label1\" content=\"Est. reading time\" \/>\n\t<meta name=\"twitter:data1\" content=\"3 minutes\" \/>\n<script type=\"application\/ld+json\" class=\"yoast-schema-graph\">{\"@context\":\"https:\\\/\\\/schema.org\",\"@graph\":[{\"@type\":\"WebPage\",\"@id\":\"https:\\\/\\\/tajkertesz.com\\\/termek\\\/paprika-feherozon-vetomag-05-g\\\/\",\"url\":\"https:\\\/\\\/tajkertesz.com\\\/termek\\\/paprika-feherozon-vetomag-05-g\\\/\",\"name\":\"Paprika Feh\u00e9r\u00f6z\u00f6n vet\u0151mag 0,5 g - T\u00e1jkert\u00e9sz\",\"isPartOf\":{\"@id\":\"https:\\\/\\\/tajkertesz.com\\\/#website\"},\"primaryImageOfPage\":{\"@id\":\"https:\\\/\\\/tajkertesz.com\\\/termek\\\/paprika-feherozon-vetomag-05-g\\\/#primaryimage\"},\"image\":{\"@id\":\"https:\\\/\\\/tajkertesz.com\\\/termek\\\/paprika-feherozon-vetomag-05-g\\\/#primaryimage\"},\"thumbnailUrl\":\"https:\\\/\\\/tajkertesz.com\\\/wp-content\\\/uploads\\\/2024\\\/01\\\/512104.jpg\",\"datePublished\":\"2024-01-24T08:11:04+00:00\",\"dateModified\":\"2026-02-13T15:38:23+00:00\",\"description\":\"Paprika Feh\u00e9r\u00f6z\u00f6n vet\u0151mag 0,5 g determin\u00e1lt n\u00f6veked\u00e9s\u0171, hajtat\u00e1sra \u00e9s szabadf\u00f6ldi termeszt\u00e9sre alkalmas fajta.\",\"breadcrumb\":{\"@id\":\"https:\\\/\\\/tajkertesz.com\\\/termek\\\/paprika-feherozon-vetomag-05-g\\\/#breadcrumb\"},\"inLanguage\":\"en-US\",\"potentialAction\":[{\"@type\":\"ReadAction\",\"target\":[\"https:\\\/\\\/tajkertesz.com\\\/termek\\\/paprika-feherozon-vetomag-05-g\\\/\"]}]},{\"@type\":\"ImageObject\",\"inLanguage\":\"en-US\",\"@id\":\"https:\\\/\\\/tajkertesz.com\\\/termek\\\/paprika-feherozon-vetomag-05-g\\\/#primaryimage\",\"url\":\"https:\\\/\\\/tajkertesz.com\\\/wp-content\\\/uploads\\\/2024\\\/01\\\/512104.jpg\",\"contentUrl\":\"https:\\\/\\\/tajkertesz.com\\\/wp-content\\\/uploads\\\/2024\\\/01\\\/512104.jpg\",\"width\":500,\"height\":904},{\"@type\":\"BreadcrumbList\",\"@id\":\"https:\\\/\\\/tajkertesz.com\\\/termek\\\/paprika-feherozon-vetomag-05-g\\\/#breadcrumb\",\"itemListElement\":[{\"@type\":\"ListItem\",\"position\":1,\"name\":\"Home\",\"item\":\"https:\\\/\\\/tajkertesz.com\\\/\"},{\"@type\":\"ListItem\",\"position\":2,\"name\":\"Kezd\u0151lap\",\"item\":\"https:\\\/\\\/tajkertesz.com\\\/\"},{\"@type\":\"ListItem\",\"position\":3,\"name\":\"Paprika Feh\u00e9r\u00f6z\u00f6n vet\u0151mag 0,5 g\"}]},{\"@type\":\"WebSite\",\"@id\":\"https:\\\/\\\/tajkertesz.com\\\/#website\",\"url\":\"https:\\\/\\\/tajkertesz.com\\\/\",\"name\":\"T\u00e1j-Kert\u00e9sz 84 Kft.\",\"description\":\"Kert\u00e9szeti kis- \u00e9s nagykeresked\u00e9s, D\u00edszn\u00f6v\u00e9ny web\u00e1ruh\u00e1z orsz\u00e1gos h\u00e1zhozsz\u00e1ll\u00edt\u00e1ssal!\",\"publisher\":{\"@id\":\"https:\\\/\\\/tajkertesz.com\\\/#organization\"},\"potentialAction\":[{\"@type\":\"SearchAction\",\"target\":{\"@type\":\"EntryPoint\",\"urlTemplate\":\"https:\\\/\\\/tajkertesz.com\\\/?s={search_term_string}\"},\"query-input\":{\"@type\":\"PropertyValueSpecification\",\"valueRequired\":true,\"valueName\":\"search_term_string\"}}],\"inLanguage\":\"en-US\"},{\"@type\":\"Organization\",\"@id\":\"https:\\\/\\\/tajkertesz.com\\\/#organization\",\"name\":\"T\u00e1j-Kert\u00e9sz 84 Kft.\",\"url\":\"https:\\\/\\\/tajkertesz.com\\\/\",\"logo\":{\"@type\":\"ImageObject\",\"inLanguage\":\"en-US\",\"@id\":\"https:\\\/\\\/tajkertesz.com\\\/#\\\/schema\\\/logo\\\/image\\\/\",\"url\":\"https:\\\/\\\/tajkertesz.com\\\/wp-content\\\/uploads\\\/2018\\\/02\\\/logo-2-e1518678052539.png\",\"contentUrl\":\"https:\\\/\\\/tajkertesz.com\\\/wp-content\\\/uploads\\\/2018\\\/02\\\/logo-2-e1518678052539.png\",\"width\":81,\"height\":140,\"caption\":\"T\u00e1j-Kert\u00e9sz 84 Kft.\"},\"image\":{\"@id\":\"https:\\\/\\\/tajkertesz.com\\\/#\\\/schema\\\/logo\\\/image\\\/\"},\"sameAs\":[\"https:\\\/\\\/www.facebook.com\\\/Tajkertesz\\\/\"]}]}<\/script>\n<!-- \/ Yoast SEO plugin. -->","yoast_head_json":{"title":"Paprika Feh\u00e9r\u00f6z\u00f6n vet\u0151mag 0,5 g - T\u00e1jkert\u00e9sz","description":"Paprika Feh\u00e9r\u00f6z\u00f6n vet\u0151mag 0,5 g determin\u00e1lt n\u00f6veked\u00e9s\u0171, hajtat\u00e1sra \u00e9s szabadf\u00f6ldi termeszt\u00e9sre alkalmas fajta.","robots":{"index":"index","follow":"follow","max-snippet":"max-snippet:-1","max-image-preview":"max-image-preview:large","max-video-preview":"max-video-preview:-1"},"canonical":"https:\/\/tajkertesz.com\/en_US\/product\/paprika-feherozon-vetomag-05-g\/","og_locale":"en_US","og_type":"article","og_title":"Paprika Feh\u00e9r\u00f6z\u00f6n vet\u0151mag 0,5 g - T\u00e1jkert\u00e9sz","og_description":"Paprika Feh\u00e9r\u00f6z\u00f6n vet\u0151mag 0,5 g determin\u00e1lt n\u00f6veked\u00e9s\u0171, hajtat\u00e1sra \u00e9s szabadf\u00f6ldi termeszt\u00e9sre alkalmas fajta.","og_url":"https:\/\/tajkertesz.com\/en_US\/product\/paprika-feherozon-vetomag-05-g\/","og_site_name":"T\u00e1jkert\u00e9sz","article_publisher":"https:\/\/www.facebook.com\/Tajkertesz\/","article_modified_time":"2026-02-13T15:38:23+00:00","og_image":[{"width":500,"height":904,"url":"https:\/\/tajkertesz.com\/wp-content\/uploads\/2024\/01\/512104.jpg","type":"image\/jpeg"}],"twitter_card":"summary_large_image","twitter_misc":{"Est. reading time":"3 minutes"},"schema":{"@context":"https:\/\/schema.org","@graph":[{"@type":"WebPage","@id":"https:\/\/tajkertesz.com\/termek\/paprika-feherozon-vetomag-05-g\/","url":"https:\/\/tajkertesz.com\/termek\/paprika-feherozon-vetomag-05-g\/","name":"Paprika Feh\u00e9r\u00f6z\u00f6n vet\u0151mag 0,5 g - T\u00e1jkert\u00e9sz","isPartOf":{"@id":"https:\/\/tajkertesz.com\/#website"},"primaryImageOfPage":{"@id":"https:\/\/tajkertesz.com\/termek\/paprika-feherozon-vetomag-05-g\/#primaryimage"},"image":{"@id":"https:\/\/tajkertesz.com\/termek\/paprika-feherozon-vetomag-05-g\/#primaryimage"},"thumbnailUrl":"https:\/\/tajkertesz.com\/wp-content\/uploads\/2024\/01\/512104.jpg","datePublished":"2024-01-24T08:11:04+00:00","dateModified":"2026-02-13T15:38:23+00:00","description":"Paprika Feh\u00e9r\u00f6z\u00f6n vet\u0151mag 0,5 g determin\u00e1lt n\u00f6veked\u00e9s\u0171, hajtat\u00e1sra \u00e9s szabadf\u00f6ldi termeszt\u00e9sre alkalmas fajta.","breadcrumb":{"@id":"https:\/\/tajkertesz.com\/termek\/paprika-feherozon-vetomag-05-g\/#breadcrumb"},"inLanguage":"en-US","potentialAction":[{"@type":"ReadAction","target":["https:\/\/tajkertesz.com\/termek\/paprika-feherozon-vetomag-05-g\/"]}]},{"@type":"ImageObject","inLanguage":"en-US","@id":"https:\/\/tajkertesz.com\/termek\/paprika-feherozon-vetomag-05-g\/#primaryimage","url":"https:\/\/tajkertesz.com\/wp-content\/uploads\/2024\/01\/512104.jpg","contentUrl":"https:\/\/tajkertesz.com\/wp-content\/uploads\/2024\/01\/512104.jpg","width":500,"height":904},{"@type":"BreadcrumbList","@id":"https:\/\/tajkertesz.com\/termek\/paprika-feherozon-vetomag-05-g\/#breadcrumb","itemListElement":[{"@type":"ListItem","position":1,"name":"Home","item":"https:\/\/tajkertesz.com\/"},{"@type":"ListItem","position":2,"name":"Kezd\u0151lap","item":"https:\/\/tajkertesz.com\/"},{"@type":"ListItem","position":3,"name":"Paprika Feh\u00e9r\u00f6z\u00f6n vet\u0151mag 0,5 g"}]},{"@type":"WebSite","@id":"https:\/\/tajkertesz.com\/#website","url":"https:\/\/tajkertesz.com\/","name":"T\u00e1j-Kert\u00e9sz 84 Kft.","description":"Kert\u00e9szeti kis- \u00e9s nagykeresked\u00e9s, D\u00edszn\u00f6v\u00e9ny web\u00e1ruh\u00e1z orsz\u00e1gos h\u00e1zhozsz\u00e1ll\u00edt\u00e1ssal!","publisher":{"@id":"https:\/\/tajkertesz.com\/#organization"},"potentialAction":[{"@type":"SearchAction","target":{"@type":"EntryPoint","urlTemplate":"https:\/\/tajkertesz.com\/?s={search_term_string}"},"query-input":{"@type":"PropertyValueSpecification","valueRequired":true,"valueName":"search_term_string"}}],"inLanguage":"en-US"},{"@type":"Organization","@id":"https:\/\/tajkertesz.com\/#organization","name":"T\u00e1j-Kert\u00e9sz 84 Kft.","url":"https:\/\/tajkertesz.com\/","logo":{"@type":"ImageObject","inLanguage":"en-US","@id":"https:\/\/tajkertesz.com\/#\/schema\/logo\/image\/","url":"https:\/\/tajkertesz.com\/wp-content\/uploads\/2018\/02\/logo-2-e1518678052539.png","contentUrl":"https:\/\/tajkertesz.com\/wp-content\/uploads\/2018\/02\/logo-2-e1518678052539.png","width":81,"height":140,"caption":"T\u00e1j-Kert\u00e9sz 84 Kft."},"image":{"@id":"https:\/\/tajkertesz.com\/#\/schema\/logo\/image\/"},"sameAs":["https:\/\/www.facebook.com\/Tajkertesz\/"]}]}},"_links":{"self":[{"href":"https:\/\/tajkertesz.com\/en_US\/wp-json\/wp\/v2\/product\/18782","targetHints":{"allow":["GET"]}}],"collection":[{"href":"https:\/\/tajkertesz.com\/en_US\/wp-json\/wp\/v2\/product"}],"about":[{"href":"https:\/\/tajkertesz.com\/en_US\/wp-json\/wp\/v2\/types\/product"}],"wp:featuredmedia":[{"embeddable":true,"href":"https:\/\/tajkertesz.com\/en_US\/wp-json\/wp\/v2\/media\/18783"}],"wp:attachment":[{"href":"https:\/\/tajkertesz.com\/en_US\/wp-json\/wp\/v2\/media?parent=18782"}],"wp:term":[{"taxonomy":"product_brand","embeddable":true,"href":"https:\/\/tajkertesz.com\/en_US\/wp-json\/wp\/v2\/product_brand?post=18782"},{"taxonomy":"product_cat","embeddable":true,"href":"https:\/\/tajkertesz.com\/en_US\/wp-json\/wp\/v2\/product_cat?post=18782"},{"taxonomy":"product_tag","embeddable":true,"href":"https:\/\/tajkertesz.com\/en_US\/wp-json\/wp\/v2\/product_tag?post=18782"}],"curies":[{"name":"wp","href":"https:\/\/api.w.org\/{rel}","templated":true}]}}