{"id":18795,"date":"2024-01-24T09:20:20","date_gmt":"2024-01-24T09:20:20","guid":{"rendered":"https:\/\/tajkertesz.com\/?post_type=product&#038;p=18795"},"modified":"2026-02-13T15:33:31","modified_gmt":"2026-02-13T15:33:31","slug":"spargatok-indatlan-feher-4g","status":"publish","type":"product","link":"https:\/\/tajkertesz.com\/en_US\/product\/spargatok-indatlan-feher-4g\/","title":{"rendered":"Sp\u00e1rgat\u00f6k Ind\u00e1tlan feh\u00e9r 4g"},"content":{"rendered":"<h1>Sp\u00e1rgat\u00f6k Ind\u00e1tlan feh\u00e9r 4g<\/h1>\n<p>Sp\u00e1rgat\u00f6k Ind\u00e1tlan feh\u00e9r 4g Bokor t\u00edpus\u00fa, r\u00f6vid ind\u00e1t fejleszt\u0151, b\u0151term\u0151 fajta. Term\u00e9se hengeres, enyh\u00e9n bord\u00e1zott, h\u00fasa z\u00f6ldes-feh\u00e9r, vastag, h\u00e9ja vajsz\u00edn\u0171, \u00e9retten s\u00e1rga. F\u00f3lia alatti termeszt\u00e9sre \u00e9s m\u00e1sodvet\u00e9sre is alkalmas, a sz\u00e1razs\u00e1got j\u00f3l t\u0171ri. Term\u00e9se: 2,5-3,5 kg-os, fagyaszthat\u00f3.<\/p>\n<p>&nbsp;<\/p>\n<table cellspacing=\"0\">\n<tbody>\n<tr>\n<td valign=\"top\">Sp\u00e1rgat\u00f6k\u00a0(Cucurbita pepo)<\/td>\n<\/tr>\n<tr>\n<td colspan=\"2\">\n<table class=\"csoportinfo\" cellspacing=\"0\">\n<tbody>\n<tr class=\"csoportinfofejlec\">\n<td class=\"csoportinfofejlec\" width=\"15%\">magsz\u00e1m\/gramm<\/td>\n<td class=\"csoportinfofejlec\" width=\"19%\">vet\u0151magig\u00e9ny g\/10nm<\/td>\n<td class=\"csoportinfofejlec\" width=\"19%\">vet\u00e9sid\u0151 szabadf\u00f6ldi termeszt\u00e9shez<\/td>\n<td class=\"csoportinfofejlec\" width=\"15%\">vet\u00e9sm\u00e9lys\u00e9g cm<\/td>\n<td class=\"csoportinfofejlec\" width=\"17%\">sor- \u00e9s t\u0151t\u00e1vols\u00e1g cm<\/td>\n<td class=\"csoportinfofejlec\" width=\"15%\">cs\u00edr\u00e1z\u00e1si nap<br \/>\n20-22C fokon<\/td>\n<\/tr>\n<tr class=\"csoportinfotorzs\">\n<td class=\"csoportinfotorzs\">5-6<\/td>\n<td class=\"csoportinfotorzs\">5-6<\/td>\n<td class=\"csoportinfotorzs\">IV-V. h\u00f3nap<\/td>\n<td class=\"csoportinfotorzs\">2-3<\/td>\n<td class=\"csoportinfotorzs\">150 x 50<\/td>\n<td class=\"csoportinfotorzs\">7-12 nap<\/td>\n<\/tr>\n<\/tbody>\n<\/table>\n<\/td>\n<\/tr>\n<tr>\n<td colspan=\"2\">\n<p align=\"justify\"><b>Tipp:<\/b>\u00a0A t\u00f6kf\u00e9l\u00e9ket is termeszthetj\u00fck pal\u00e1nt\u00e1r\u00f3l, ha kor\u00e1n szeretn\u00e9nk term\u00e9st, de vigy\u00e1zzunk a gy\u00f6kereire, mivel nem j\u00f3l b\u00edrja az \u00e1t\u00fcltet\u00e9st. Vess\u00fcnk 2-3 szem magot poharakba m\u00e1rcius-\u00e1prilisban \u00e9s m\u00e1jus v\u00e9g\u00e9n \u00fcltess\u00fck ki a szabadba a pal\u00e1nt\u00e1kat.<br \/>\nA sp\u00e1rgat\u00f6k a kukorica, hagyma \u00e9s kar\u00f3sbab szomsz\u00e9ds\u00e1g\u00e1ban \u00e9rzi j\u00f3l mag\u00e1t. Mivel nagy t\u00e1panyagfogyaszt\u00f3k, a vet\u00e9sforg\u00f3ban frissen tr\u00e1gy\u00e1zott talajba, vagy bab, bors\u00f3 ut\u00e1n \u00fcltess\u00fck \u0151ket.<\/p>\n<\/td>\n<\/tr>\n<\/tbody>\n<\/table>\n<h2><span id=\"a-spargatok-igenyei\">A sp\u00e1rgat\u00f6k ig\u00e9nyei<\/span><\/h2>\n<p>A sp\u00e1rgat\u00f6k f\u00e9ny \u00e9s melegig\u00e9nyes, emellett pedig fagy\u00e9rz\u00e9keny z\u00f6lds\u00e9g. V\u00edzig\u00e9nye jelent\u0151s, megh\u00e1l\u00e1lja az \u00f6nt\u00f6z\u00e9st. A talaj t\u00edpus\u00e1ra nem k\u00fcl\u00f6n\u00f6sebben k\u00e9nyes, az azonban fontos, hogy a talaj t\u00e1panyagban gazdag legyen.<\/p>\n<p>Ha m\u00e9lyen megm\u0171velt, \u00e1sott vagy felsz\u00e1ntott talajba vetj\u00fck magjait, vagy \u00fcltetj\u00fck el\u0151nevelt pal\u00e1nt\u00e1it szinte biztos a siker!<\/p>\n<h2><span id=\"a-spargatok-vetese\">A sp\u00e1rgat\u00f6k vet\u00e9se<\/span><\/h2>\n<p>A sp\u00e1rgat\u00f6k gyorsan fejl\u0151dik, teny\u00e9szideje r\u00f6vid, nem csak f\u0151n\u00f6v\u00e9nyk\u00e9nt, hanem el\u0151 \u00e9s ut\u00f3n\u00f6v\u00e9nyk\u00e9nt is termeszthet\u0151. J\u00f3 el\u0151vetem\u00e9nye lehet p\u00e9ld\u00e1ul a retek, sal\u00e1ta vagy spen\u00f3t, m\u00edg ut\u00e1na jellemz\u0151en t\u00e9li retket, karal\u00e1b\u00e9t, c\u00e9kl\u00e1t termesztenek. A sp\u00e1rgat\u00f6k\u00f6t szabadf\u00f6ldbe \u00e1prilis k\u00f6zep\u00e9t\u0151l vethetj\u00fck, valamint termeszthetj\u00fck el\u0151nevelt pal\u00e1nt\u00e1k \u00fcltet\u00e9s\u00e9vel is. A pal\u00e1ntanevel\u00e9s ideje 30-40 nap, a 3-4 lombleveles pal\u00e1nt\u00e1kat \u00e1prilis v\u00e9g\u00e9n, m\u00e1jus elej\u00e9n \u00fcltethetj\u00fck ki a szabadba.<\/p>\n<p><strong>K\u00e9szlet\u00fcnk napi szinten v\u00e1ltozik, ez\u00e9rt k\u00e9rj\u00fck, \u00e9rdekl\u0151dj\u00f6n szem\u00e9lyesen, telefonon vagy email-en.<br \/>\nA v\u00e1ltoztat\u00e1s jog\u00e1t fenntartjuk!\u00a0<\/strong><\/p>\n<p><a href=\"https:\/\/tajkertesz.com\/\">https:\/\/tajkertesz.com\/<\/a><\/p>\n<p><a href=\"https:\/\/www.facebook.com\/tajkertesz\/\">https:\/\/www.facebook.com\/tajkertesz\/<\/a><\/p>\n<p>Kisz\u00e1ll\u00edt\u00e1s: 200cm-ig \u00a0\u00e9s 40 kg-ig a sz\u00e1ll\u00edt\u00e1s fut\u00e1rszolg\u00e1lattal \u00a0t\u00f6rt\u00e9nik!<\/p>\n<p>Szem\u00e9lyes \u00e1tv\u00e9tel nyitvatart\u00e1si id\u0151ben a 17. ker\u00fclet Bakancsos utca 7. sz\u00e1m alatti Kert\u00e9szeti \u00e1rud\u00e1ban<\/p>\n<p>&nbsp;<\/p>\n<p>Szem\u00e9lyes \u00e1tv\u00e9tel ak\u00e1r a mai napon, vagy h\u00e1zhozsz\u00e1ll\u00edt\u00e1s 1-2 napon bel\u00fcl!<\/p>\n<p>&nbsp;<\/p>\n<p>1173.Bp.Bakancsos u.7.<\/p>\n<p><a href=\"https:\/\/www.tajkertesz.com\/\">www.tajkertesz.com<\/a><\/p>\n<p>Kert\u00e9szeti kis-\u00e9s nagykeresked\u00e9s<\/p>\n<p>&nbsp;<\/p>","protected":false},"excerpt":{"rendered":"<h1>Sp\u00e1rgat\u00f6k Ind\u00e1tlan feh\u00e9r 4g<\/h1>\n<p>Sp\u00e1rgat\u00f6k Ind\u00e1tlan feh\u00e9r 4g Bokor t\u00edpus\u00fa, r\u00f6vid ind\u00e1t fejleszt\u0151, b\u0151term\u0151 fajta. Term\u00e9se hengeres, enyh\u00e9n bord\u00e1zott, h\u00fasa z\u00f6ldes-feh\u00e9r, vastag, h\u00e9ja vajsz\u00edn\u0171, \u00e9retten s\u00e1rga. F\u00f3lia alatti termeszt\u00e9sre \u00e9s m\u00e1sodvet\u00e9sre is alkalmas, a sz\u00e1razs\u00e1got j\u00f3l t\u0171ri. Term\u00e9se: 2,5-3,5 kg-os, fagyaszthat\u00f3.<\/p>\n<p><strong>K\u00e9szlet\u00fcnk napi szinten v\u00e1ltozik, ez\u00e9rt k\u00e9rj\u00fck, \u00e9rdekl\u0151dj\u00f6n szem\u00e9lyesen, telefonon vagy email-en.<br \/>\nA v\u00e1ltoztat\u00e1s jog\u00e1t fenntartjuk!\u00a0<\/strong><\/p>","protected":false},"featured_media":18798,"template":"","meta":{"_et_pb_use_builder":"","_et_pb_old_content":"","_et_gb_content_width":""},"product_brand":[],"product_cat":[2881],"product_tag":[4698,4697,4115,4138],"class_list":{"0":"post-18795","1":"product","2":"type-product","3":"status-publish","4":"has-post-thumbnail","6":"product_cat-zoldsegnoveny-vetomagok","7":"product_tag-spargatok","8":"product_tag-tok","9":"product_tag-vetomag","10":"product_tag-vetomagok","12":"first","13":"instock","14":"shipping-taxable","15":"purchasable","16":"product-type-simple"},"yoast_head":"<!-- This site is optimized with the Yoast SEO plugin v27.4 - https:\/\/yoast.com\/product\/yoast-seo-wordpress\/ -->\n<title>Sp\u00e1rgat\u00f6k Ind\u00e1tlan feh\u00e9r 4g - T\u00e1jkert\u00e9sz<\/title>\n<meta name=\"description\" content=\"Sp\u00e1rgat\u00f6k Ind\u00e1tlan feh\u00e9r 4g Bokor t\u00edpus\u00fa, r\u00f6vid ind\u00e1t fejleszt\u0151, b\u0151term\u0151 fajta. Term\u00e9se hengeres, enyh\u00e9n bord\u00e1zott\" \/>\n<meta name=\"robots\" content=\"index, follow, max-snippet:-1, max-image-preview:large, max-video-preview:-1\" \/>\n<link rel=\"canonical\" href=\"https:\/\/tajkertesz.com\/en_US\/product\/spargatok-indatlan-feher-4g\/\" \/>\n<meta property=\"og:locale\" content=\"en_US\" \/>\n<meta property=\"og:type\" content=\"article\" \/>\n<meta property=\"og:title\" content=\"Sp\u00e1rgat\u00f6k Ind\u00e1tlan feh\u00e9r 4g - T\u00e1jkert\u00e9sz\" \/>\n<meta property=\"og:description\" content=\"Sp\u00e1rgat\u00f6k Ind\u00e1tlan feh\u00e9r 4g Bokor t\u00edpus\u00fa, r\u00f6vid ind\u00e1t fejleszt\u0151, b\u0151term\u0151 fajta. Term\u00e9se hengeres, enyh\u00e9n bord\u00e1zott\" \/>\n<meta property=\"og:url\" content=\"https:\/\/tajkertesz.com\/en_US\/product\/spargatok-indatlan-feher-4g\/\" \/>\n<meta property=\"og:site_name\" content=\"T\u00e1jkert\u00e9sz\" \/>\n<meta property=\"article:publisher\" content=\"https:\/\/www.facebook.com\/Tajkertesz\/\" \/>\n<meta property=\"article:modified_time\" content=\"2026-02-13T15:33:31+00:00\" \/>\n<meta property=\"og:image\" content=\"https:\/\/tajkertesz.com\/wp-content\/uploads\/2024\/01\/indatlan-feher.jpg\" \/>\n\t<meta property=\"og:image:width\" content=\"830\" \/>\n\t<meta property=\"og:image:height\" content=\"1350\" \/>\n\t<meta property=\"og:image:type\" content=\"image\/jpeg\" \/>\n<meta name=\"twitter:card\" content=\"summary_large_image\" \/>\n<meta name=\"twitter:label1\" content=\"Est. reading time\" \/>\n\t<meta name=\"twitter:data1\" content=\"2 minutes\" \/>\n<script type=\"application\/ld+json\" class=\"yoast-schema-graph\">{\"@context\":\"https:\\\/\\\/schema.org\",\"@graph\":[{\"@type\":\"WebPage\",\"@id\":\"https:\\\/\\\/tajkertesz.com\\\/termek\\\/spargatok-indatlan-feher-4g\\\/\",\"url\":\"https:\\\/\\\/tajkertesz.com\\\/termek\\\/spargatok-indatlan-feher-4g\\\/\",\"name\":\"Sp\u00e1rgat\u00f6k Ind\u00e1tlan feh\u00e9r 4g - T\u00e1jkert\u00e9sz\",\"isPartOf\":{\"@id\":\"https:\\\/\\\/tajkertesz.com\\\/#website\"},\"primaryImageOfPage\":{\"@id\":\"https:\\\/\\\/tajkertesz.com\\\/termek\\\/spargatok-indatlan-feher-4g\\\/#primaryimage\"},\"image\":{\"@id\":\"https:\\\/\\\/tajkertesz.com\\\/termek\\\/spargatok-indatlan-feher-4g\\\/#primaryimage\"},\"thumbnailUrl\":\"https:\\\/\\\/tajkertesz.com\\\/wp-content\\\/uploads\\\/2024\\\/01\\\/indatlan-feher.jpg\",\"datePublished\":\"2024-01-24T09:20:20+00:00\",\"dateModified\":\"2026-02-13T15:33:31+00:00\",\"description\":\"Sp\u00e1rgat\u00f6k Ind\u00e1tlan feh\u00e9r 4g Bokor t\u00edpus\u00fa, r\u00f6vid ind\u00e1t fejleszt\u0151, b\u0151term\u0151 fajta. Term\u00e9se hengeres, enyh\u00e9n bord\u00e1zott\",\"breadcrumb\":{\"@id\":\"https:\\\/\\\/tajkertesz.com\\\/termek\\\/spargatok-indatlan-feher-4g\\\/#breadcrumb\"},\"inLanguage\":\"en-US\",\"potentialAction\":[{\"@type\":\"ReadAction\",\"target\":[\"https:\\\/\\\/tajkertesz.com\\\/termek\\\/spargatok-indatlan-feher-4g\\\/\"]}]},{\"@type\":\"ImageObject\",\"inLanguage\":\"en-US\",\"@id\":\"https:\\\/\\\/tajkertesz.com\\\/termek\\\/spargatok-indatlan-feher-4g\\\/#primaryimage\",\"url\":\"https:\\\/\\\/tajkertesz.com\\\/wp-content\\\/uploads\\\/2024\\\/01\\\/indatlan-feher.jpg\",\"contentUrl\":\"https:\\\/\\\/tajkertesz.com\\\/wp-content\\\/uploads\\\/2024\\\/01\\\/indatlan-feher.jpg\",\"width\":830,\"height\":1350},{\"@type\":\"BreadcrumbList\",\"@id\":\"https:\\\/\\\/tajkertesz.com\\\/termek\\\/spargatok-indatlan-feher-4g\\\/#breadcrumb\",\"itemListElement\":[{\"@type\":\"ListItem\",\"position\":1,\"name\":\"Home\",\"item\":\"https:\\\/\\\/tajkertesz.com\\\/\"},{\"@type\":\"ListItem\",\"position\":2,\"name\":\"Kezd\u0151lap\",\"item\":\"https:\\\/\\\/tajkertesz.com\\\/\"},{\"@type\":\"ListItem\",\"position\":3,\"name\":\"Sp\u00e1rgat\u00f6k Ind\u00e1tlan feh\u00e9r 4g\"}]},{\"@type\":\"WebSite\",\"@id\":\"https:\\\/\\\/tajkertesz.com\\\/#website\",\"url\":\"https:\\\/\\\/tajkertesz.com\\\/\",\"name\":\"T\u00e1j-Kert\u00e9sz 84 Kft.\",\"description\":\"Kert\u00e9szeti kis- \u00e9s nagykeresked\u00e9s, D\u00edszn\u00f6v\u00e9ny web\u00e1ruh\u00e1z orsz\u00e1gos h\u00e1zhozsz\u00e1ll\u00edt\u00e1ssal!\",\"publisher\":{\"@id\":\"https:\\\/\\\/tajkertesz.com\\\/#organization\"},\"potentialAction\":[{\"@type\":\"SearchAction\",\"target\":{\"@type\":\"EntryPoint\",\"urlTemplate\":\"https:\\\/\\\/tajkertesz.com\\\/?s={search_term_string}\"},\"query-input\":{\"@type\":\"PropertyValueSpecification\",\"valueRequired\":true,\"valueName\":\"search_term_string\"}}],\"inLanguage\":\"en-US\"},{\"@type\":\"Organization\",\"@id\":\"https:\\\/\\\/tajkertesz.com\\\/#organization\",\"name\":\"T\u00e1j-Kert\u00e9sz 84 Kft.\",\"url\":\"https:\\\/\\\/tajkertesz.com\\\/\",\"logo\":{\"@type\":\"ImageObject\",\"inLanguage\":\"en-US\",\"@id\":\"https:\\\/\\\/tajkertesz.com\\\/#\\\/schema\\\/logo\\\/image\\\/\",\"url\":\"https:\\\/\\\/tajkertesz.com\\\/wp-content\\\/uploads\\\/2018\\\/02\\\/logo-2-e1518678052539.png\",\"contentUrl\":\"https:\\\/\\\/tajkertesz.com\\\/wp-content\\\/uploads\\\/2018\\\/02\\\/logo-2-e1518678052539.png\",\"width\":81,\"height\":140,\"caption\":\"T\u00e1j-Kert\u00e9sz 84 Kft.\"},\"image\":{\"@id\":\"https:\\\/\\\/tajkertesz.com\\\/#\\\/schema\\\/logo\\\/image\\\/\"},\"sameAs\":[\"https:\\\/\\\/www.facebook.com\\\/Tajkertesz\\\/\"]}]}<\/script>\n<!-- \/ Yoast SEO plugin. -->","yoast_head_json":{"title":"Sp\u00e1rgat\u00f6k Ind\u00e1tlan feh\u00e9r 4g - T\u00e1jkert\u00e9sz","description":"Sp\u00e1rgat\u00f6k Ind\u00e1tlan feh\u00e9r 4g Bokor t\u00edpus\u00fa, r\u00f6vid ind\u00e1t fejleszt\u0151, b\u0151term\u0151 fajta. Term\u00e9se hengeres, enyh\u00e9n bord\u00e1zott","robots":{"index":"index","follow":"follow","max-snippet":"max-snippet:-1","max-image-preview":"max-image-preview:large","max-video-preview":"max-video-preview:-1"},"canonical":"https:\/\/tajkertesz.com\/en_US\/product\/spargatok-indatlan-feher-4g\/","og_locale":"en_US","og_type":"article","og_title":"Sp\u00e1rgat\u00f6k Ind\u00e1tlan feh\u00e9r 4g - T\u00e1jkert\u00e9sz","og_description":"Sp\u00e1rgat\u00f6k Ind\u00e1tlan feh\u00e9r 4g Bokor t\u00edpus\u00fa, r\u00f6vid ind\u00e1t fejleszt\u0151, b\u0151term\u0151 fajta. Term\u00e9se hengeres, enyh\u00e9n bord\u00e1zott","og_url":"https:\/\/tajkertesz.com\/en_US\/product\/spargatok-indatlan-feher-4g\/","og_site_name":"T\u00e1jkert\u00e9sz","article_publisher":"https:\/\/www.facebook.com\/Tajkertesz\/","article_modified_time":"2026-02-13T15:33:31+00:00","og_image":[{"width":830,"height":1350,"url":"https:\/\/tajkertesz.com\/wp-content\/uploads\/2024\/01\/indatlan-feher.jpg","type":"image\/jpeg"}],"twitter_card":"summary_large_image","twitter_misc":{"Est. reading time":"2 minutes"},"schema":{"@context":"https:\/\/schema.org","@graph":[{"@type":"WebPage","@id":"https:\/\/tajkertesz.com\/termek\/spargatok-indatlan-feher-4g\/","url":"https:\/\/tajkertesz.com\/termek\/spargatok-indatlan-feher-4g\/","name":"Sp\u00e1rgat\u00f6k Ind\u00e1tlan feh\u00e9r 4g - T\u00e1jkert\u00e9sz","isPartOf":{"@id":"https:\/\/tajkertesz.com\/#website"},"primaryImageOfPage":{"@id":"https:\/\/tajkertesz.com\/termek\/spargatok-indatlan-feher-4g\/#primaryimage"},"image":{"@id":"https:\/\/tajkertesz.com\/termek\/spargatok-indatlan-feher-4g\/#primaryimage"},"thumbnailUrl":"https:\/\/tajkertesz.com\/wp-content\/uploads\/2024\/01\/indatlan-feher.jpg","datePublished":"2024-01-24T09:20:20+00:00","dateModified":"2026-02-13T15:33:31+00:00","description":"Sp\u00e1rgat\u00f6k Ind\u00e1tlan feh\u00e9r 4g Bokor t\u00edpus\u00fa, r\u00f6vid ind\u00e1t fejleszt\u0151, b\u0151term\u0151 fajta. Term\u00e9se hengeres, enyh\u00e9n bord\u00e1zott","breadcrumb":{"@id":"https:\/\/tajkertesz.com\/termek\/spargatok-indatlan-feher-4g\/#breadcrumb"},"inLanguage":"en-US","potentialAction":[{"@type":"ReadAction","target":["https:\/\/tajkertesz.com\/termek\/spargatok-indatlan-feher-4g\/"]}]},{"@type":"ImageObject","inLanguage":"en-US","@id":"https:\/\/tajkertesz.com\/termek\/spargatok-indatlan-feher-4g\/#primaryimage","url":"https:\/\/tajkertesz.com\/wp-content\/uploads\/2024\/01\/indatlan-feher.jpg","contentUrl":"https:\/\/tajkertesz.com\/wp-content\/uploads\/2024\/01\/indatlan-feher.jpg","width":830,"height":1350},{"@type":"BreadcrumbList","@id":"https:\/\/tajkertesz.com\/termek\/spargatok-indatlan-feher-4g\/#breadcrumb","itemListElement":[{"@type":"ListItem","position":1,"name":"Home","item":"https:\/\/tajkertesz.com\/"},{"@type":"ListItem","position":2,"name":"Kezd\u0151lap","item":"https:\/\/tajkertesz.com\/"},{"@type":"ListItem","position":3,"name":"Sp\u00e1rgat\u00f6k Ind\u00e1tlan feh\u00e9r 4g"}]},{"@type":"WebSite","@id":"https:\/\/tajkertesz.com\/#website","url":"https:\/\/tajkertesz.com\/","name":"T\u00e1j-Kert\u00e9sz 84 Kft.","description":"Kert\u00e9szeti kis- \u00e9s nagykeresked\u00e9s, D\u00edszn\u00f6v\u00e9ny web\u00e1ruh\u00e1z orsz\u00e1gos h\u00e1zhozsz\u00e1ll\u00edt\u00e1ssal!","publisher":{"@id":"https:\/\/tajkertesz.com\/#organization"},"potentialAction":[{"@type":"SearchAction","target":{"@type":"EntryPoint","urlTemplate":"https:\/\/tajkertesz.com\/?s={search_term_string}"},"query-input":{"@type":"PropertyValueSpecification","valueRequired":true,"valueName":"search_term_string"}}],"inLanguage":"en-US"},{"@type":"Organization","@id":"https:\/\/tajkertesz.com\/#organization","name":"T\u00e1j-Kert\u00e9sz 84 Kft.","url":"https:\/\/tajkertesz.com\/","logo":{"@type":"ImageObject","inLanguage":"en-US","@id":"https:\/\/tajkertesz.com\/#\/schema\/logo\/image\/","url":"https:\/\/tajkertesz.com\/wp-content\/uploads\/2018\/02\/logo-2-e1518678052539.png","contentUrl":"https:\/\/tajkertesz.com\/wp-content\/uploads\/2018\/02\/logo-2-e1518678052539.png","width":81,"height":140,"caption":"T\u00e1j-Kert\u00e9sz 84 Kft."},"image":{"@id":"https:\/\/tajkertesz.com\/#\/schema\/logo\/image\/"},"sameAs":["https:\/\/www.facebook.com\/Tajkertesz\/"]}]}},"_links":{"self":[{"href":"https:\/\/tajkertesz.com\/en_US\/wp-json\/wp\/v2\/product\/18795","targetHints":{"allow":["GET"]}}],"collection":[{"href":"https:\/\/tajkertesz.com\/en_US\/wp-json\/wp\/v2\/product"}],"about":[{"href":"https:\/\/tajkertesz.com\/en_US\/wp-json\/wp\/v2\/types\/product"}],"wp:featuredmedia":[{"embeddable":true,"href":"https:\/\/tajkertesz.com\/en_US\/wp-json\/wp\/v2\/media\/18798"}],"wp:attachment":[{"href":"https:\/\/tajkertesz.com\/en_US\/wp-json\/wp\/v2\/media?parent=18795"}],"wp:term":[{"taxonomy":"product_brand","embeddable":true,"href":"https:\/\/tajkertesz.com\/en_US\/wp-json\/wp\/v2\/product_brand?post=18795"},{"taxonomy":"product_cat","embeddable":true,"href":"https:\/\/tajkertesz.com\/en_US\/wp-json\/wp\/v2\/product_cat?post=18795"},{"taxonomy":"product_tag","embeddable":true,"href":"https:\/\/tajkertesz.com\/en_US\/wp-json\/wp\/v2\/product_tag?post=18795"}],"curies":[{"name":"wp","href":"https:\/\/api.w.org\/{rel}","templated":true}]}}