{"id":18811,"date":"2024-01-24T11:09:16","date_gmt":"2024-01-24T11:09:16","guid":{"rendered":"https:\/\/tajkertesz.com\/?post_type=product&#038;p=18811"},"modified":"2026-02-13T09:10:50","modified_gmt":"2026-02-13T09:10:50","slug":"kovacsoltvas-viragtarto-negylabu-hatracsos-24-500-21","status":"publish","type":"product","link":"https:\/\/tajkertesz.com\/en_US\/product\/kovacsoltvas-viragtarto-negylabu-hatracsos-24-500-21\/","title":{"rendered":"KOV\u00c1CSOLTVAS VIR\u00c1GTART\u00d3 N\u00c9GYL\u00c1B\u00da HATR\u00c1CSOS 24-500-21"},"content":{"rendered":"<h1 class=\"artdet__name line-clamp--3-12\">KOV\u00c1CSOLTVAS VIR\u00c1GTART\u00d3 N\u00c9GYL\u00c1B\u00da HATR\u00c1CSOS<\/h1>\n<p>A kov\u00e1csoltvas vir\u00e1gtart\u00f3 n\u00e9gyl\u00e1b\u00fa hatr\u00e1csos\u00a0 kiv\u00e1l\u00f3 min\u0151s\u00e9g\u0171, kov\u00e1csolt vas term\u00e9k, magyar gy\u00e1rtm\u00e1ny. Fekete sz\u00ednben kaphat\u00f3, ami illeszkedik b\u00e1rmely lak\u00e1sba. K\u00fclt\u00e9ri , belt\u00e9ri haszn\u00e1latra egyar\u00e1nt alkalmas. Strapab\u00edr\u00f3 anyagb\u00f3l, 1 vagy ak\u00e1r t\u00f6bb n\u00f6v\u00e9nynek kialak\u00edtott tart\u00f3 r\u00e9sszel.<\/p>\n<p><a href=\"https:\/\/www.facebook.com\/tajkertesz\">https:\/\/www.facebook.com\/tajkertesz<\/a><\/p>\n<p><a href=\"https:\/\/tajkertesz.com\/\">https:\/\/tajkertesz.com\/<\/a><\/p>\n<p>Jelen term\u00e9k\u00fcnk kb. 107cm magas , teljes sz\u00e9less\u00e9ge kb. 60cm<\/p>\n<p>Sz\u00e1ll\u00edt\u00e1s fut\u00e1rszolg\u00e1lattal 200 cm-ig, illetve 40 kg-ig lehets\u00e9ges.<\/p>\n<p><b>K\u00e9szlet\u00fcnk napi szinten v\u00e1ltozik, ez\u00e9rt k\u00e9rj\u00fck, \u00e9rdekl\u0151dj\u00f6n szem\u00e9lyesen, telefonon vagy email-en.<br \/>\nA v\u00e1ltoztat\u00e1s jog\u00e1t fenntartjuk!\u00a0<\/b><\/p>\n<h6><span style=\"color: #ffffff;\">A k\u00e9zi kov\u00e1csol\u00e1son \u00e1ltal\u00e1ban azt a m\u0171veletet \u00e9rtj\u00fck, amikor a munkadarabot kov\u00e1cs\u00fcll\u0151n vagy kov\u00e1cssatuban, k\u00e9zi kalap\u00e1ccsal vagy egy\u00e9b seg\u00e9deszk\u00f6z\u00f6k ig\u00e9nybev\u00e9tel\u00e9vel alak\u00edtj\u00e1k. \u00c9vsz\u00e1zadokon \u00e1t \u00edgy \u00e1ll\u00edtott\u00e1k el\u0151 a k\u00e9ziszersz\u00e1mokat, a h\u00e1ztart\u00e1si \u00e9s a gazdas\u00e1gi eszk\u00f6z\u00f6ket a szegt\u0151l kezdve a kap\u00e1ig, a fegyvereket \u00e9s a p\u00e1nc\u00e9lokat, valamint a d\u00edszt\u00e1rgyakat. Az elj\u00e1r\u00e1s a g\u00e9pi kov\u00e1csol\u00e1s terjed\u00e9se ellen\u00e9re m\u00e1ig fennmaradt, p\u00e9ld\u00e1ul a patkol\u00f3kov\u00e1csok (l\u00f3kov\u00e1csok) \u00e9s a m\u0171v\u00e9szi term\u00e9keket el\u0151\u00e1ll\u00edt\u00f3 d\u00edszm\u0171kov\u00e1csok eset\u00e9ben. A kov\u00e1cs szakm\u00e1b\u00f3l fejl\u0151d\u00f6tt ki a lakatos \u00e9s a b\u00e1dogos szakma. A k\u00e9zzel dolgoz\u00f3 kov\u00e1csok is haszn\u00e1lhatnak alak\u00edt\u00e1sra g\u00e9peket (\u00e1ltal\u00e1ban egyszer\u0171 g\u00e9pi kalap\u00e1csokat); az ilyen m\u0171veletet technol\u00f3giailag a szabadalak\u00edt\u00f3 kov\u00e1csol\u00e1shoz is sorolhatjuk.[3]A k\u00e9zi kov\u00e1csol\u00e1son \u00e1ltal\u00e1ban azt a m\u0171veletet \u00e9rtj\u00fck, amikor a munkadarabot kov\u00e1cs\u00fcll\u0151n vagy kov\u00e1cssatuban, k\u00e9zi kalap\u00e1ccsal vagy egy\u00e9b seg\u00e9deszk\u00f6z\u00f6k ig\u00e9nybev\u00e9tel\u00e9vel alak\u00edtj\u00e1k. \u00c9vsz\u00e1zadokon \u00e1t \u00edgy \u00e1ll\u00edtott\u00e1k el\u0151 a k\u00e9ziszersz\u00e1mokat, a h\u00e1ztart\u00e1si \u00e9s a gazdas\u00e1gi eszk\u00f6z\u00f6ket a szegt\u0151l kezdve a kap\u00e1ig, a fegyvereket \u00e9s a p\u00e1nc\u00e9lokat, valamint a d\u00edszt\u00e1rgyakat. Az elj\u00e1r\u00e1s a g\u00e9pi kov\u00e1csol\u00e1s terjed\u00e9se ellen\u00e9re m\u00e1ig fennmaradt, p\u00e9ld\u00e1ul a patkol\u00f3kov\u00e1csok (l\u00f3kov\u00e1csok) \u00e9s a m\u0171v\u00e9szi term\u00e9keket el\u0151\u00e1ll\u00edt\u00f3 d\u00edszm\u0171kov\u00e1csok eset\u00e9ben. A kov\u00e1cs szakm\u00e1b\u00f3l fejl\u0151d\u00f6tt ki a lakatos \u00e9s a b\u00e1dogos szakma. A k\u00e9zzel dolgoz\u00f3 kov\u00e1csok is haszn\u00e1lhatnak alak\u00edt\u00e1sra g\u00e9peket (\u00e1ltal\u00e1ban egyszer\u0171 g\u00e9pi kalap\u00e1csokat); az ilyen m\u0171veletet technol\u00f3giailag a szabadalak\u00edt\u00f3 kov\u00e1csol\u00e1shoz is sorolhatjuk.[3]<\/span><\/h6>\n<p>&nbsp;<\/p>\n","protected":false},"excerpt":{"rendered":"<h1 class=\"artdet__name line-clamp--3-12\">KOV\u00c1CSOLTVAS VIR\u00c1GTART\u00d3 N\u00c9GYL\u00c1B\u00da HATR\u00c1CSOS<\/h1>\n<p>A\u00a0 kiv\u00e1l\u00f3 min\u0151s\u00e9g\u0171, kov\u00e1csolt vas term\u00e9k, magyar gy\u00e1rtm\u00e1ny. Fekete sz\u00ednben kaphat\u00f3, ami illeszkedik b\u00e1rmely lak\u00e1sba. K\u00fclt\u00e9ri , belt\u00e9ri haszn\u00e1latra egyar\u00e1nt alkalmas<\/p>","protected":false},"featured_media":18812,"template":"","meta":{"_et_pb_use_builder":"","_et_pb_old_content":"","_et_gb_content_width":""},"product_brand":[],"product_cat":[1388],"product_tag":[4704,4702,4703,1391,1392],"class_list":{"0":"post-18811","1":"product","2":"type-product","3":"status-publish","4":"has-post-thumbnail","6":"product_cat-viragtartok-viragallvanyok","7":"product_tag-24-500-21","8":"product_tag-6-emeletes","9":"product_tag-hat-racsos","10":"product_tag-kovacsolt","11":"product_tag-viragtarto","13":"first","14":"instock","15":"shipping-taxable","16":"purchasable","17":"product-type-simple"},"yoast_head":"<!-- This site is optimized with the Yoast SEO plugin v27.3 - https:\/\/yoast.com\/product\/yoast-seo-wordpress\/ -->\n<title>KOV\u00c1CSOLTVAS VIR\u00c1GTART\u00d3 N\u00c9GYL\u00c1B\u00da HATR\u00c1CSOS 24-500-21 - T\u00e1jkert\u00e9sz<\/title>\n<meta name=\"description\" content=\"KOV\u00c1CSOLTVAS VIR\u00c1GTART\u00d3 N\u00c9GYL\u00c1B\u00da HATR\u00c1CSOS kiv\u00e1l\u00f3 min\u0151s\u00e9g\u0171, kov\u00e1csolt vas term\u00e9k, magyar gy\u00e1rtm\u00e1ny. Fekete sz\u00ednben kaphat\u00f3, ami illeszkedik b\u00e1rmely lak\u00e1sba.\" \/>\n<meta name=\"robots\" content=\"index, follow, max-snippet:-1, max-image-preview:large, max-video-preview:-1\" \/>\n<link rel=\"canonical\" href=\"https:\/\/tajkertesz.com\/en_US\/product\/kovacsoltvas-viragtarto-negylabu-hatracsos-24-500-21\/\" \/>\n<meta property=\"og:locale\" content=\"en_US\" \/>\n<meta property=\"og:type\" content=\"article\" \/>\n<meta property=\"og:title\" content=\"KOV\u00c1CSOLTVAS VIR\u00c1GTART\u00d3 N\u00c9GYL\u00c1B\u00da HATR\u00c1CSOS 24-500-21 - T\u00e1jkert\u00e9sz\" \/>\n<meta property=\"og:description\" content=\"KOV\u00c1CSOLTVAS VIR\u00c1GTART\u00d3 N\u00c9GYL\u00c1B\u00da HATR\u00c1CSOS kiv\u00e1l\u00f3 min\u0151s\u00e9g\u0171, kov\u00e1csolt vas term\u00e9k, magyar gy\u00e1rtm\u00e1ny. Fekete sz\u00ednben kaphat\u00f3, ami illeszkedik b\u00e1rmely lak\u00e1sba.\" \/>\n<meta property=\"og:url\" content=\"https:\/\/tajkertesz.com\/en_US\/product\/kovacsoltvas-viragtarto-negylabu-hatracsos-24-500-21\/\" \/>\n<meta property=\"og:site_name\" content=\"T\u00e1jkert\u00e9sz\" \/>\n<meta property=\"article:publisher\" content=\"https:\/\/www.facebook.com\/Tajkertesz\/\" \/>\n<meta property=\"article:modified_time\" content=\"2026-02-13T09:10:50+00:00\" \/>\n<meta property=\"og:image\" content=\"https:\/\/tajkertesz.com\/wp-content\/uploads\/2024\/01\/24-500-21.jpg\" \/>\n\t<meta property=\"og:image:width\" content=\"376\" \/>\n\t<meta property=\"og:image:height\" content=\"904\" \/>\n\t<meta property=\"og:image:type\" content=\"image\/jpeg\" \/>\n<meta name=\"twitter:card\" content=\"summary_large_image\" \/>\n<meta name=\"twitter:label1\" content=\"Est. reading time\" \/>\n\t<meta name=\"twitter:data1\" content=\"2 minutes\" \/>\n<script type=\"application\/ld+json\" class=\"yoast-schema-graph\">{\"@context\":\"https:\\\/\\\/schema.org\",\"@graph\":[{\"@type\":\"WebPage\",\"@id\":\"https:\\\/\\\/tajkertesz.com\\\/termek\\\/kovacsoltvas-viragtarto-negylabu-hatracsos-24-500-21\\\/\",\"url\":\"https:\\\/\\\/tajkertesz.com\\\/termek\\\/kovacsoltvas-viragtarto-negylabu-hatracsos-24-500-21\\\/\",\"name\":\"KOV\u00c1CSOLTVAS VIR\u00c1GTART\u00d3 N\u00c9GYL\u00c1B\u00da HATR\u00c1CSOS 24-500-21 - T\u00e1jkert\u00e9sz\",\"isPartOf\":{\"@id\":\"https:\\\/\\\/tajkertesz.com\\\/#website\"},\"primaryImageOfPage\":{\"@id\":\"https:\\\/\\\/tajkertesz.com\\\/termek\\\/kovacsoltvas-viragtarto-negylabu-hatracsos-24-500-21\\\/#primaryimage\"},\"image\":{\"@id\":\"https:\\\/\\\/tajkertesz.com\\\/termek\\\/kovacsoltvas-viragtarto-negylabu-hatracsos-24-500-21\\\/#primaryimage\"},\"thumbnailUrl\":\"https:\\\/\\\/tajkertesz.com\\\/wp-content\\\/uploads\\\/2024\\\/01\\\/24-500-21.jpg\",\"datePublished\":\"2024-01-24T11:09:16+00:00\",\"dateModified\":\"2026-02-13T09:10:50+00:00\",\"description\":\"KOV\u00c1CSOLTVAS VIR\u00c1GTART\u00d3 N\u00c9GYL\u00c1B\u00da HATR\u00c1CSOS kiv\u00e1l\u00f3 min\u0151s\u00e9g\u0171, kov\u00e1csolt vas term\u00e9k, magyar gy\u00e1rtm\u00e1ny. Fekete sz\u00ednben kaphat\u00f3, ami illeszkedik b\u00e1rmely lak\u00e1sba.\",\"breadcrumb\":{\"@id\":\"https:\\\/\\\/tajkertesz.com\\\/termek\\\/kovacsoltvas-viragtarto-negylabu-hatracsos-24-500-21\\\/#breadcrumb\"},\"inLanguage\":\"en-US\",\"potentialAction\":[{\"@type\":\"ReadAction\",\"target\":[\"https:\\\/\\\/tajkertesz.com\\\/termek\\\/kovacsoltvas-viragtarto-negylabu-hatracsos-24-500-21\\\/\"]}]},{\"@type\":\"ImageObject\",\"inLanguage\":\"en-US\",\"@id\":\"https:\\\/\\\/tajkertesz.com\\\/termek\\\/kovacsoltvas-viragtarto-negylabu-hatracsos-24-500-21\\\/#primaryimage\",\"url\":\"https:\\\/\\\/tajkertesz.com\\\/wp-content\\\/uploads\\\/2024\\\/01\\\/24-500-21.jpg\",\"contentUrl\":\"https:\\\/\\\/tajkertesz.com\\\/wp-content\\\/uploads\\\/2024\\\/01\\\/24-500-21.jpg\",\"width\":376,\"height\":904},{\"@type\":\"BreadcrumbList\",\"@id\":\"https:\\\/\\\/tajkertesz.com\\\/termek\\\/kovacsoltvas-viragtarto-negylabu-hatracsos-24-500-21\\\/#breadcrumb\",\"itemListElement\":[{\"@type\":\"ListItem\",\"position\":1,\"name\":\"Home\",\"item\":\"https:\\\/\\\/tajkertesz.com\\\/\"},{\"@type\":\"ListItem\",\"position\":2,\"name\":\"Kezd\u0151lap\",\"item\":\"https:\\\/\\\/tajkertesz.com\\\/\"},{\"@type\":\"ListItem\",\"position\":3,\"name\":\"KOV\u00c1CSOLTVAS VIR\u00c1GTART\u00d3 N\u00c9GYL\u00c1B\u00da HATR\u00c1CSOS 24-500-21\"}]},{\"@type\":\"WebSite\",\"@id\":\"https:\\\/\\\/tajkertesz.com\\\/#website\",\"url\":\"https:\\\/\\\/tajkertesz.com\\\/\",\"name\":\"T\u00e1j-Kert\u00e9sz 84 Kft.\",\"description\":\"Kert\u00e9szeti kis- \u00e9s nagykeresked\u00e9s, D\u00edszn\u00f6v\u00e9ny web\u00e1ruh\u00e1z orsz\u00e1gos h\u00e1zhozsz\u00e1ll\u00edt\u00e1ssal!\",\"publisher\":{\"@id\":\"https:\\\/\\\/tajkertesz.com\\\/#organization\"},\"potentialAction\":[{\"@type\":\"SearchAction\",\"target\":{\"@type\":\"EntryPoint\",\"urlTemplate\":\"https:\\\/\\\/tajkertesz.com\\\/?s={search_term_string}\"},\"query-input\":{\"@type\":\"PropertyValueSpecification\",\"valueRequired\":true,\"valueName\":\"search_term_string\"}}],\"inLanguage\":\"en-US\"},{\"@type\":\"Organization\",\"@id\":\"https:\\\/\\\/tajkertesz.com\\\/#organization\",\"name\":\"T\u00e1j-Kert\u00e9sz 84 Kft.\",\"url\":\"https:\\\/\\\/tajkertesz.com\\\/\",\"logo\":{\"@type\":\"ImageObject\",\"inLanguage\":\"en-US\",\"@id\":\"https:\\\/\\\/tajkertesz.com\\\/#\\\/schema\\\/logo\\\/image\\\/\",\"url\":\"https:\\\/\\\/tajkertesz.com\\\/wp-content\\\/uploads\\\/2018\\\/02\\\/logo-2-e1518678052539.png\",\"contentUrl\":\"https:\\\/\\\/tajkertesz.com\\\/wp-content\\\/uploads\\\/2018\\\/02\\\/logo-2-e1518678052539.png\",\"width\":81,\"height\":140,\"caption\":\"T\u00e1j-Kert\u00e9sz 84 Kft.\"},\"image\":{\"@id\":\"https:\\\/\\\/tajkertesz.com\\\/#\\\/schema\\\/logo\\\/image\\\/\"},\"sameAs\":[\"https:\\\/\\\/www.facebook.com\\\/Tajkertesz\\\/\"]}]}<\/script>\n<!-- \/ Yoast SEO plugin. -->","yoast_head_json":{"title":"KOV\u00c1CSOLTVAS VIR\u00c1GTART\u00d3 N\u00c9GYL\u00c1B\u00da HATR\u00c1CSOS 24-500-21 - T\u00e1jkert\u00e9sz","description":"KOV\u00c1CSOLTVAS VIR\u00c1GTART\u00d3 N\u00c9GYL\u00c1B\u00da HATR\u00c1CSOS kiv\u00e1l\u00f3 min\u0151s\u00e9g\u0171, kov\u00e1csolt vas term\u00e9k, magyar gy\u00e1rtm\u00e1ny. Fekete sz\u00ednben kaphat\u00f3, ami illeszkedik b\u00e1rmely lak\u00e1sba.","robots":{"index":"index","follow":"follow","max-snippet":"max-snippet:-1","max-image-preview":"max-image-preview:large","max-video-preview":"max-video-preview:-1"},"canonical":"https:\/\/tajkertesz.com\/en_US\/product\/kovacsoltvas-viragtarto-negylabu-hatracsos-24-500-21\/","og_locale":"en_US","og_type":"article","og_title":"KOV\u00c1CSOLTVAS VIR\u00c1GTART\u00d3 N\u00c9GYL\u00c1B\u00da HATR\u00c1CSOS 24-500-21 - T\u00e1jkert\u00e9sz","og_description":"KOV\u00c1CSOLTVAS VIR\u00c1GTART\u00d3 N\u00c9GYL\u00c1B\u00da HATR\u00c1CSOS kiv\u00e1l\u00f3 min\u0151s\u00e9g\u0171, kov\u00e1csolt vas term\u00e9k, magyar gy\u00e1rtm\u00e1ny. Fekete sz\u00ednben kaphat\u00f3, ami illeszkedik b\u00e1rmely lak\u00e1sba.","og_url":"https:\/\/tajkertesz.com\/en_US\/product\/kovacsoltvas-viragtarto-negylabu-hatracsos-24-500-21\/","og_site_name":"T\u00e1jkert\u00e9sz","article_publisher":"https:\/\/www.facebook.com\/Tajkertesz\/","article_modified_time":"2026-02-13T09:10:50+00:00","og_image":[{"width":376,"height":904,"url":"https:\/\/tajkertesz.com\/wp-content\/uploads\/2024\/01\/24-500-21.jpg","type":"image\/jpeg"}],"twitter_card":"summary_large_image","twitter_misc":{"Est. reading time":"2 minutes"},"schema":{"@context":"https:\/\/schema.org","@graph":[{"@type":"WebPage","@id":"https:\/\/tajkertesz.com\/termek\/kovacsoltvas-viragtarto-negylabu-hatracsos-24-500-21\/","url":"https:\/\/tajkertesz.com\/termek\/kovacsoltvas-viragtarto-negylabu-hatracsos-24-500-21\/","name":"KOV\u00c1CSOLTVAS VIR\u00c1GTART\u00d3 N\u00c9GYL\u00c1B\u00da HATR\u00c1CSOS 24-500-21 - T\u00e1jkert\u00e9sz","isPartOf":{"@id":"https:\/\/tajkertesz.com\/#website"},"primaryImageOfPage":{"@id":"https:\/\/tajkertesz.com\/termek\/kovacsoltvas-viragtarto-negylabu-hatracsos-24-500-21\/#primaryimage"},"image":{"@id":"https:\/\/tajkertesz.com\/termek\/kovacsoltvas-viragtarto-negylabu-hatracsos-24-500-21\/#primaryimage"},"thumbnailUrl":"https:\/\/tajkertesz.com\/wp-content\/uploads\/2024\/01\/24-500-21.jpg","datePublished":"2024-01-24T11:09:16+00:00","dateModified":"2026-02-13T09:10:50+00:00","description":"KOV\u00c1CSOLTVAS VIR\u00c1GTART\u00d3 N\u00c9GYL\u00c1B\u00da HATR\u00c1CSOS kiv\u00e1l\u00f3 min\u0151s\u00e9g\u0171, kov\u00e1csolt vas term\u00e9k, magyar gy\u00e1rtm\u00e1ny. Fekete sz\u00ednben kaphat\u00f3, ami illeszkedik b\u00e1rmely lak\u00e1sba.","breadcrumb":{"@id":"https:\/\/tajkertesz.com\/termek\/kovacsoltvas-viragtarto-negylabu-hatracsos-24-500-21\/#breadcrumb"},"inLanguage":"en-US","potentialAction":[{"@type":"ReadAction","target":["https:\/\/tajkertesz.com\/termek\/kovacsoltvas-viragtarto-negylabu-hatracsos-24-500-21\/"]}]},{"@type":"ImageObject","inLanguage":"en-US","@id":"https:\/\/tajkertesz.com\/termek\/kovacsoltvas-viragtarto-negylabu-hatracsos-24-500-21\/#primaryimage","url":"https:\/\/tajkertesz.com\/wp-content\/uploads\/2024\/01\/24-500-21.jpg","contentUrl":"https:\/\/tajkertesz.com\/wp-content\/uploads\/2024\/01\/24-500-21.jpg","width":376,"height":904},{"@type":"BreadcrumbList","@id":"https:\/\/tajkertesz.com\/termek\/kovacsoltvas-viragtarto-negylabu-hatracsos-24-500-21\/#breadcrumb","itemListElement":[{"@type":"ListItem","position":1,"name":"Home","item":"https:\/\/tajkertesz.com\/"},{"@type":"ListItem","position":2,"name":"Kezd\u0151lap","item":"https:\/\/tajkertesz.com\/"},{"@type":"ListItem","position":3,"name":"KOV\u00c1CSOLTVAS VIR\u00c1GTART\u00d3 N\u00c9GYL\u00c1B\u00da HATR\u00c1CSOS 24-500-21"}]},{"@type":"WebSite","@id":"https:\/\/tajkertesz.com\/#website","url":"https:\/\/tajkertesz.com\/","name":"T\u00e1j-Kert\u00e9sz 84 Kft.","description":"Kert\u00e9szeti kis- \u00e9s nagykeresked\u00e9s, D\u00edszn\u00f6v\u00e9ny web\u00e1ruh\u00e1z orsz\u00e1gos h\u00e1zhozsz\u00e1ll\u00edt\u00e1ssal!","publisher":{"@id":"https:\/\/tajkertesz.com\/#organization"},"potentialAction":[{"@type":"SearchAction","target":{"@type":"EntryPoint","urlTemplate":"https:\/\/tajkertesz.com\/?s={search_term_string}"},"query-input":{"@type":"PropertyValueSpecification","valueRequired":true,"valueName":"search_term_string"}}],"inLanguage":"en-US"},{"@type":"Organization","@id":"https:\/\/tajkertesz.com\/#organization","name":"T\u00e1j-Kert\u00e9sz 84 Kft.","url":"https:\/\/tajkertesz.com\/","logo":{"@type":"ImageObject","inLanguage":"en-US","@id":"https:\/\/tajkertesz.com\/#\/schema\/logo\/image\/","url":"https:\/\/tajkertesz.com\/wp-content\/uploads\/2018\/02\/logo-2-e1518678052539.png","contentUrl":"https:\/\/tajkertesz.com\/wp-content\/uploads\/2018\/02\/logo-2-e1518678052539.png","width":81,"height":140,"caption":"T\u00e1j-Kert\u00e9sz 84 Kft."},"image":{"@id":"https:\/\/tajkertesz.com\/#\/schema\/logo\/image\/"},"sameAs":["https:\/\/www.facebook.com\/Tajkertesz\/"]}]}},"_links":{"self":[{"href":"https:\/\/tajkertesz.com\/en_US\/wp-json\/wp\/v2\/product\/18811","targetHints":{"allow":["GET"]}}],"collection":[{"href":"https:\/\/tajkertesz.com\/en_US\/wp-json\/wp\/v2\/product"}],"about":[{"href":"https:\/\/tajkertesz.com\/en_US\/wp-json\/wp\/v2\/types\/product"}],"wp:featuredmedia":[{"embeddable":true,"href":"https:\/\/tajkertesz.com\/en_US\/wp-json\/wp\/v2\/media\/18812"}],"wp:attachment":[{"href":"https:\/\/tajkertesz.com\/en_US\/wp-json\/wp\/v2\/media?parent=18811"}],"wp:term":[{"taxonomy":"product_brand","embeddable":true,"href":"https:\/\/tajkertesz.com\/en_US\/wp-json\/wp\/v2\/product_brand?post=18811"},{"taxonomy":"product_cat","embeddable":true,"href":"https:\/\/tajkertesz.com\/en_US\/wp-json\/wp\/v2\/product_cat?post=18811"},{"taxonomy":"product_tag","embeddable":true,"href":"https:\/\/tajkertesz.com\/en_US\/wp-json\/wp\/v2\/product_tag?post=18811"}],"curies":[{"name":"wp","href":"https:\/\/api.w.org\/{rel}","templated":true}]}}