{"id":18815,"date":"2024-01-24T11:50:32","date_gmt":"2024-01-24T11:50:32","guid":{"rendered":"https:\/\/tajkertesz.com\/?post_type=product&#038;p=18815"},"modified":"2025-12-08T10:10:11","modified_gmt":"2025-12-08T10:10:11","slug":"kaliso-5-kg-masolat","status":"publish","type":"product","link":"https:\/\/tajkertesz.com\/en_US\/product\/kaliso-5-kg-masolat\/","title":{"rendered":"K\u00e1lis\u00f3 5kg"},"content":{"rendered":"<h2>K\u00e1lis\u00f3 5 kg<\/h2>\n<p>A k\u00e1lis\u00f3 a legkoncentr\u00e1ltabb (ak\u00e1r 60%-os) k\u00e1liumtartalm\u00fa, k\u00e1lium-klorid alap\u00fa m\u0171tr\u00e1gya, melyet legink\u00e1bb alaptr\u00e1gyak\u00e9nt\u00a0 aj\u00e1nlunk.<\/p>\n<p>A sz\u00e1nt\u00f3f\u00f6ld\u00f6n felhaszn\u00e1lt k\u00e1liumm\u0171tr\u00e1gy\u00e1k d\u00f6nt\u0151 t\u00f6bbs\u00e9g\u00e9ben k\u00e1lium-klorid alap\u00faak, hiszen ez a legolcs\u00f3bb k\u00e1lium-forr\u00e1s, amely kiv\u00e1l\u00f3an alkalmas a talaj k\u00e1liumtartal\u00e9kainak felt\u00f6lt\u00e9s\u00e9re \u00e9s fenntart\u00e1s\u00e1ra.<\/p>\n<h2>Milyen szerepet j\u00e1tszik a k\u00e1lis\u00f3 a n\u00f6v\u00e9nyek fejl\u0151d\u00e9s\u00e9ben?<\/h2>\n<p>Szerepe nagyon fontos a n\u00f6v\u00e9nyek v\u00edzh\u00e1ztart\u00e1s\u00e1ban. Hi\u00e1ny\u00e1ban a n\u00f6v\u00e9nyek v\u00edzsz\u00e1ll\u00edt\u00f3 k\u00e9pess\u00e9ge cs\u00f6kken. A k\u00e1liummal j\u00f3l ell\u00e1tott talajokban a n\u00f6v\u00e9nyek sz\u00e1razs\u00e1gt\u0171r\u0151 k\u00e9pess\u00e9ge javul. A j\u00f3 k\u00e1liumell\u00e1t\u00e1s nagy turgor-nyom\u00e1st eredm\u00e9nyez, ami el\u0151seg\u00edti a n\u00f6v\u00e9nyi n\u00f6veked\u00e9st. A k\u00e1liummal j\u00f3l ell\u00e1tott n\u00f6v\u00e9nyek magasabb energiaszintet mutatnak, amely abban nyilv\u00e1nul meg, hogy intenz\u00edvebb\u00e9 v\u00e1lik az anyagcsere, melynek k\u00f6vetkezt\u00e9ben n\u00f6vekszik a n\u00f6v\u00e9nyek gomba-, fagy-, \u00e9s sz\u00e1razs\u00e1gt\u0171r\u0151 k\u00e9pess\u00e9ge.<\/p>\n<p>A t\u00e1pelemek k\u00f6z\u00fcl a nitrog\u00e9n ut\u00e1n a k\u00e1lium fordul el\u0151 legnagyobb mennyis\u00e9gben a n\u00f6v\u00e9nyben. A fiatal r\u00e9szek k\u00e1liumban gazdagok, m\u00edg az el\u00f6reged\u0151 r\u00e9szekben a kalcium halmoz\u00f3dik fel.<\/p>\n<h3>A k\u00e1lium hat\u00e1sa a n\u00f6v\u00e9nyek \u00e9letfolyamat\u00e1ra:<\/h3>\n<ul>\n<li>A sz\u00e9nhidr\u00e1tok anyagcser\u00e9j\u00e9t (cukor, kem\u00e9ny\u00edt\u0151), szint\u00e9zis\u00e9t, illetve lebont\u00e1s\u00e1t seg\u00edtik.<\/li>\n<li>Az enzimek aktiv\u00e1l\u00e1s\u00e1t v\u00e9gzik (szerep\u00fck t\u00f6bb mint hatvan enzimn\u00e9l bizony\u00edtott).<\/li>\n<li>Seg\u00edtik a N-felv\u00e9telt, \u00edgy a feh\u00e9rjeszint\u00e9zisre is k\u00f6zvetlen\u00fcl hatnak.<\/li>\n<li>Esszenci\u00e1lis szerves savak semleges\u00edt\u00e9s\u00e9ben vesznek r\u00e9szt.<\/li>\n<li>A levelek l\u00e9gz\u0151ny\u00edl\u00e1sainak \u00e9s a sejtek v\u00edzviszonyainak szab\u00e1lyoz\u00e1s\u00e1t v\u00e9gzik.<\/li>\n<li>Seg\u00edtik a foszf\u00e1tok (els\u0151sorban az ATP k\u00e9pz\u0151d\u00e9s\u00e9t).<\/li>\n<\/ul>\n<h2>Milyen betegs\u00e9gek fenyegetik n\u00f6v\u00e9nyeinket k\u00e1liumhi\u00e1ny eset\u00e9n ?<\/h2>\n<p>A k\u00e1liumhi\u00e1nyos n\u00f6v\u00e9nyek hamarabb elsz\u00e1radnak, a leveleik visszahajlanak, a n\u00f6veked\u00e9s\u00fck g\u00e1tolt, a levelek m\u00e9rete kisebb. A k\u00e1liumhi\u00e1ny-t\u00fcnet el\u0151sz\u00f6r az id\u0151sebb n\u00f6v\u00e9nyek leveleiben jelentkezik, a k\u00e1lium ki\u00e1ramlik a fiatalabb szervekbe. A k\u00e1liumhi\u00e1ny k\u00f6vetkezt\u00e9ben nekrotikus feh\u00e9r, vagy barna foltok keletkeznek a lev\u00e9l sz\u00e9lein.<\/p>\n<h2>Hol alkalmazhat\u00f3 a k\u00e1lis\u00f3 ?<\/h2>\n<p>A kl\u00f3r\u00e9rz\u00e9keny n\u00f6v\u00e9nyek kiv\u00e9tel\u00e9vel valamennyi kult\u00far\u00e1ban alkalmazhat\u00f3 k\u00e1lium m\u0171tr\u00e1gya.<\/p>\n<h2>A K\u00e1lis\u00f3 felhaszn\u00e1l\u00e1sa<\/h2>\n<p align=\"justify\">Sz\u00e1nt\u00f3f\u00f6ldi \u00e9s (nem kl\u00f3r\u00e9rz\u00e9keny) kert\u00e9szeti kult\u00far\u00e1kban t\u00f6rt\u00e9n\u0151 alapm\u0171tr\u00e1gy\u00e1z\u00e1s: \u0151sszel leforgatva, talajba dolgozva a gy\u00f6k\u00e9rz\u00f3na m\u00e9lys\u00e9g\u00e9ig.<\/p>\n<p align=\"justify\">K\u00e1liumig\u00e9nyes n\u00f6v\u00e9nyek eset\u00e9ben (kukorica, repce, napraforg\u00f3, cukorr\u00e9pa) a pozit\u00edv k\u00e1lireakci\u00f3 miatt c\u00e9lszer\u0171 azok al\u00e1 nagyobb d\u00f3zis\u00fa \u0151szi k\u00e1li adagokat kijuttatni. Amennyiben a foszforell\u00e1totts\u00e1g egy\u00e9bk\u00e9nt megfelel\u0151 illetve az el\u0151vetem\u00e9nyt foszfor tr\u00e1gy\u00e1ztuk, \u00fagy , azt elhagyhatjuk \u00e9s az \u00e9vben egy\u00e9b komplex m\u0171tr\u00e1gy\u00e1t sem sz\u00fcks\u00e9ges kijuttatni.<\/p>\n<h3>Javasolt mennyis\u00e9g:<\/h3>\n<p>100-400 kg\/ha (10-40 dkg\/10m2).<\/p>\n<p>&nbsp;<\/p>\n<p>El\u00e9rhet\u0151 t\u00f6bbf\u00e9le m\u00e9retben \u00e9s \u00e1rban.<\/p>\n<p><strong>K\u00e9szlet\u00fcnk napi szinten v\u00e1ltozik, ez\u00e9rt k\u00e9rj\u00fck, \u00e9rdekl\u0151dj\u00f6n szem\u00e9lyesen, telefonon vagy email-en.<br \/>\nA v\u00e1ltoztat\u00e1s jog\u00e1t fenntartjuk!\u00a0<\/strong><\/p>\n<p>&nbsp;<\/p>\n<p><a href=\"https:\/\/tajkertesz.com\/\">https:\/\/tajkertesz.com\/<\/a><\/p>\n<p><a href=\"https:\/\/www.facebook.com\/tajkertesz\/\">https:\/\/www.facebook.com\/tajkertesz\/<\/a><\/p>\n<p><a href=\"file:\/\/\/C:\/Users\/Felhaszn%C3%A1l%C3%B3\/Desktop\/K%C3%A1lis%C3%B3%20Biztons%C3%A1gi%20adatlapja.pdf\">Biztons\u00e1gi adatlap<\/a><\/p>\n<p>&nbsp;<\/p>\n<p>Kisz\u00e1ll\u00edt\u00e1s: 200cm-ig \u00a0\u00e9s 40 kg-ig a sz\u00e1ll\u00edt\u00e1s fut\u00e1rszolg\u00e1lattal \u00a0t\u00f6rt\u00e9nik.<\/p>\n<p>Szem\u00e9lyes \u00e1tv\u00e9tel nyitvatart\u00e1si id\u0151ben a 17. ker\u00fclet Bakancsos utca 7. sz\u00e1m alatti Kert\u00e9szeti \u00e1rud\u00e1ban.<\/p>\n<p>&nbsp;<\/p>","protected":false},"excerpt":{"rendered":"<h2>\u00a0K\u00e1lis\u00f3 5 kg<\/h2>\n<p align=\"justify\">Sz\u00e1nt\u00f3f\u00f6ldi \u00e9s (nem kl\u00f3r\u00e9rz\u00e9keny) kert\u00e9szeti kult\u00far\u00e1kban t\u00f6rt\u00e9n\u0151 alapm\u0171tr\u00e1gy\u00e1z\u00e1shoz \u0151sszel leforgatva, talajba dolgozva a gy\u00f6k\u00e9rz\u00f3na m\u00e9lys\u00e9g\u00e9ig.<\/p>\n<h3>Javasolt mennyis\u00e9g:<\/h3>\n<p>10-40 dkg\/10m2.<\/p>","protected":false},"featured_media":18160,"template":"","meta":{"_et_pb_use_builder":"","_et_pb_old_content":"","_et_gb_content_width":""},"product_brand":[],"product_cat":[1457],"product_tag":[4511,705],"class_list":{"0":"post-18815","1":"product","2":"type-product","3":"status-publish","4":"has-post-thumbnail","6":"product_cat-npk-mutragyak-petiso","7":"product_tag-kaliso","8":"product_tag-mutragya","10":"first","11":"instock","12":"shipping-taxable","13":"purchasable","14":"product-type-simple"},"yoast_head":"<!-- This site is optimized with the Yoast SEO plugin v27.4 - https:\/\/yoast.com\/product\/yoast-seo-wordpress\/ -->\n<title>K\u00e1lis\u00f3 5kg - T\u00e1jkert\u00e9sz<\/title>\n<meta name=\"description\" content=\"A K\u00e1lis\u00f3 felhaszn\u00e1l\u00e1sa sz\u00e1nt\u00f3f\u00f6ldi \u00e9s (nem kl\u00f3r\u00e9rz\u00e9keny) kert\u00e9szeti kult\u00far\u00e1kban t\u00f6rt\u00e9n\u0151 alapm\u0171tr\u00e1gy\u00e1z\u00e1s: \u0151sszel a talajba dolgozva a gy\u00f6k\u00e9rz\u00f3na m\u00e9lys\u00e9g\u00e9ig.\" \/>\n<meta name=\"robots\" content=\"index, follow, max-snippet:-1, max-image-preview:large, max-video-preview:-1\" \/>\n<link rel=\"canonical\" href=\"https:\/\/tajkertesz.com\/en_US\/product\/kaliso-5-kg-masolat\/\" \/>\n<meta property=\"og:locale\" content=\"en_US\" \/>\n<meta property=\"og:type\" content=\"article\" \/>\n<meta property=\"og:title\" content=\"K\u00e1lis\u00f3 5kg - T\u00e1jkert\u00e9sz\" \/>\n<meta property=\"og:description\" content=\"A K\u00e1lis\u00f3 felhaszn\u00e1l\u00e1sa sz\u00e1nt\u00f3f\u00f6ldi \u00e9s (nem kl\u00f3r\u00e9rz\u00e9keny) kert\u00e9szeti kult\u00far\u00e1kban t\u00f6rt\u00e9n\u0151 alapm\u0171tr\u00e1gy\u00e1z\u00e1s: \u0151sszel a talajba dolgozva a gy\u00f6k\u00e9rz\u00f3na m\u00e9lys\u00e9g\u00e9ig.\" \/>\n<meta property=\"og:url\" content=\"https:\/\/tajkertesz.com\/en_US\/product\/kaliso-5-kg-masolat\/\" \/>\n<meta property=\"og:site_name\" content=\"T\u00e1jkert\u00e9sz\" \/>\n<meta property=\"article:publisher\" content=\"https:\/\/www.facebook.com\/Tajkertesz\/\" \/>\n<meta property=\"article:modified_time\" content=\"2025-12-08T10:10:11+00:00\" \/>\n<meta property=\"og:image\" content=\"https:\/\/tajkertesz.com\/wp-content\/uploads\/2023\/12\/kaliso-10kg.jpg\" \/>\n\t<meta property=\"og:image:width\" content=\"600\" \/>\n\t<meta property=\"og:image:height\" content=\"800\" \/>\n\t<meta property=\"og:image:type\" content=\"image\/jpeg\" \/>\n<meta name=\"twitter:card\" content=\"summary_large_image\" \/>\n<meta name=\"twitter:label1\" content=\"Est. reading time\" \/>\n\t<meta name=\"twitter:data1\" content=\"3 minutes\" \/>\n<script type=\"application\/ld+json\" class=\"yoast-schema-graph\">{\"@context\":\"https:\\\/\\\/schema.org\",\"@graph\":[{\"@type\":\"WebPage\",\"@id\":\"https:\\\/\\\/tajkertesz.com\\\/termek\\\/kaliso-5-kg-masolat\\\/\",\"url\":\"https:\\\/\\\/tajkertesz.com\\\/termek\\\/kaliso-5-kg-masolat\\\/\",\"name\":\"K\u00e1lis\u00f3 5kg - T\u00e1jkert\u00e9sz\",\"isPartOf\":{\"@id\":\"https:\\\/\\\/tajkertesz.com\\\/#website\"},\"primaryImageOfPage\":{\"@id\":\"https:\\\/\\\/tajkertesz.com\\\/termek\\\/kaliso-5-kg-masolat\\\/#primaryimage\"},\"image\":{\"@id\":\"https:\\\/\\\/tajkertesz.com\\\/termek\\\/kaliso-5-kg-masolat\\\/#primaryimage\"},\"thumbnailUrl\":\"https:\\\/\\\/tajkertesz.com\\\/wp-content\\\/uploads\\\/2023\\\/12\\\/kaliso-10kg.jpg\",\"datePublished\":\"2024-01-24T11:50:32+00:00\",\"dateModified\":\"2025-12-08T10:10:11+00:00\",\"description\":\"A K\u00e1lis\u00f3 felhaszn\u00e1l\u00e1sa sz\u00e1nt\u00f3f\u00f6ldi \u00e9s (nem kl\u00f3r\u00e9rz\u00e9keny) kert\u00e9szeti kult\u00far\u00e1kban t\u00f6rt\u00e9n\u0151 alapm\u0171tr\u00e1gy\u00e1z\u00e1s: \u0151sszel a talajba dolgozva a gy\u00f6k\u00e9rz\u00f3na m\u00e9lys\u00e9g\u00e9ig.\",\"breadcrumb\":{\"@id\":\"https:\\\/\\\/tajkertesz.com\\\/termek\\\/kaliso-5-kg-masolat\\\/#breadcrumb\"},\"inLanguage\":\"en-US\",\"potentialAction\":[{\"@type\":\"ReadAction\",\"target\":[\"https:\\\/\\\/tajkertesz.com\\\/termek\\\/kaliso-5-kg-masolat\\\/\"]}]},{\"@type\":\"ImageObject\",\"inLanguage\":\"en-US\",\"@id\":\"https:\\\/\\\/tajkertesz.com\\\/termek\\\/kaliso-5-kg-masolat\\\/#primaryimage\",\"url\":\"https:\\\/\\\/tajkertesz.com\\\/wp-content\\\/uploads\\\/2023\\\/12\\\/kaliso-10kg.jpg\",\"contentUrl\":\"https:\\\/\\\/tajkertesz.com\\\/wp-content\\\/uploads\\\/2023\\\/12\\\/kaliso-10kg.jpg\",\"width\":600,\"height\":800},{\"@type\":\"BreadcrumbList\",\"@id\":\"https:\\\/\\\/tajkertesz.com\\\/termek\\\/kaliso-5-kg-masolat\\\/#breadcrumb\",\"itemListElement\":[{\"@type\":\"ListItem\",\"position\":1,\"name\":\"Home\",\"item\":\"https:\\\/\\\/tajkertesz.com\\\/\"},{\"@type\":\"ListItem\",\"position\":2,\"name\":\"Kezd\u0151lap\",\"item\":\"https:\\\/\\\/tajkertesz.com\\\/\"},{\"@type\":\"ListItem\",\"position\":3,\"name\":\"K\u00e1lis\u00f3 5kg\"}]},{\"@type\":\"WebSite\",\"@id\":\"https:\\\/\\\/tajkertesz.com\\\/#website\",\"url\":\"https:\\\/\\\/tajkertesz.com\\\/\",\"name\":\"T\u00e1j-Kert\u00e9sz 84 Kft.\",\"description\":\"Kert\u00e9szeti kis- \u00e9s nagykeresked\u00e9s, D\u00edszn\u00f6v\u00e9ny web\u00e1ruh\u00e1z orsz\u00e1gos h\u00e1zhozsz\u00e1ll\u00edt\u00e1ssal!\",\"publisher\":{\"@id\":\"https:\\\/\\\/tajkertesz.com\\\/#organization\"},\"potentialAction\":[{\"@type\":\"SearchAction\",\"target\":{\"@type\":\"EntryPoint\",\"urlTemplate\":\"https:\\\/\\\/tajkertesz.com\\\/?s={search_term_string}\"},\"query-input\":{\"@type\":\"PropertyValueSpecification\",\"valueRequired\":true,\"valueName\":\"search_term_string\"}}],\"inLanguage\":\"en-US\"},{\"@type\":\"Organization\",\"@id\":\"https:\\\/\\\/tajkertesz.com\\\/#organization\",\"name\":\"T\u00e1j-Kert\u00e9sz 84 Kft.\",\"url\":\"https:\\\/\\\/tajkertesz.com\\\/\",\"logo\":{\"@type\":\"ImageObject\",\"inLanguage\":\"en-US\",\"@id\":\"https:\\\/\\\/tajkertesz.com\\\/#\\\/schema\\\/logo\\\/image\\\/\",\"url\":\"https:\\\/\\\/tajkertesz.com\\\/wp-content\\\/uploads\\\/2018\\\/02\\\/logo-2-e1518678052539.png\",\"contentUrl\":\"https:\\\/\\\/tajkertesz.com\\\/wp-content\\\/uploads\\\/2018\\\/02\\\/logo-2-e1518678052539.png\",\"width\":81,\"height\":140,\"caption\":\"T\u00e1j-Kert\u00e9sz 84 Kft.\"},\"image\":{\"@id\":\"https:\\\/\\\/tajkertesz.com\\\/#\\\/schema\\\/logo\\\/image\\\/\"},\"sameAs\":[\"https:\\\/\\\/www.facebook.com\\\/Tajkertesz\\\/\"]}]}<\/script>\n<!-- \/ Yoast SEO plugin. -->","yoast_head_json":{"title":"K\u00e1lis\u00f3 5kg - T\u00e1jkert\u00e9sz","description":"A K\u00e1lis\u00f3 felhaszn\u00e1l\u00e1sa sz\u00e1nt\u00f3f\u00f6ldi \u00e9s (nem kl\u00f3r\u00e9rz\u00e9keny) kert\u00e9szeti kult\u00far\u00e1kban t\u00f6rt\u00e9n\u0151 alapm\u0171tr\u00e1gy\u00e1z\u00e1s: \u0151sszel a talajba dolgozva a gy\u00f6k\u00e9rz\u00f3na m\u00e9lys\u00e9g\u00e9ig.","robots":{"index":"index","follow":"follow","max-snippet":"max-snippet:-1","max-image-preview":"max-image-preview:large","max-video-preview":"max-video-preview:-1"},"canonical":"https:\/\/tajkertesz.com\/en_US\/product\/kaliso-5-kg-masolat\/","og_locale":"en_US","og_type":"article","og_title":"K\u00e1lis\u00f3 5kg - T\u00e1jkert\u00e9sz","og_description":"A K\u00e1lis\u00f3 felhaszn\u00e1l\u00e1sa sz\u00e1nt\u00f3f\u00f6ldi \u00e9s (nem kl\u00f3r\u00e9rz\u00e9keny) kert\u00e9szeti kult\u00far\u00e1kban t\u00f6rt\u00e9n\u0151 alapm\u0171tr\u00e1gy\u00e1z\u00e1s: \u0151sszel a talajba dolgozva a gy\u00f6k\u00e9rz\u00f3na m\u00e9lys\u00e9g\u00e9ig.","og_url":"https:\/\/tajkertesz.com\/en_US\/product\/kaliso-5-kg-masolat\/","og_site_name":"T\u00e1jkert\u00e9sz","article_publisher":"https:\/\/www.facebook.com\/Tajkertesz\/","article_modified_time":"2025-12-08T10:10:11+00:00","og_image":[{"width":600,"height":800,"url":"https:\/\/tajkertesz.com\/wp-content\/uploads\/2023\/12\/kaliso-10kg.jpg","type":"image\/jpeg"}],"twitter_card":"summary_large_image","twitter_misc":{"Est. reading time":"3 minutes"},"schema":{"@context":"https:\/\/schema.org","@graph":[{"@type":"WebPage","@id":"https:\/\/tajkertesz.com\/termek\/kaliso-5-kg-masolat\/","url":"https:\/\/tajkertesz.com\/termek\/kaliso-5-kg-masolat\/","name":"K\u00e1lis\u00f3 5kg - T\u00e1jkert\u00e9sz","isPartOf":{"@id":"https:\/\/tajkertesz.com\/#website"},"primaryImageOfPage":{"@id":"https:\/\/tajkertesz.com\/termek\/kaliso-5-kg-masolat\/#primaryimage"},"image":{"@id":"https:\/\/tajkertesz.com\/termek\/kaliso-5-kg-masolat\/#primaryimage"},"thumbnailUrl":"https:\/\/tajkertesz.com\/wp-content\/uploads\/2023\/12\/kaliso-10kg.jpg","datePublished":"2024-01-24T11:50:32+00:00","dateModified":"2025-12-08T10:10:11+00:00","description":"A K\u00e1lis\u00f3 felhaszn\u00e1l\u00e1sa sz\u00e1nt\u00f3f\u00f6ldi \u00e9s (nem kl\u00f3r\u00e9rz\u00e9keny) kert\u00e9szeti kult\u00far\u00e1kban t\u00f6rt\u00e9n\u0151 alapm\u0171tr\u00e1gy\u00e1z\u00e1s: \u0151sszel a talajba dolgozva a gy\u00f6k\u00e9rz\u00f3na m\u00e9lys\u00e9g\u00e9ig.","breadcrumb":{"@id":"https:\/\/tajkertesz.com\/termek\/kaliso-5-kg-masolat\/#breadcrumb"},"inLanguage":"en-US","potentialAction":[{"@type":"ReadAction","target":["https:\/\/tajkertesz.com\/termek\/kaliso-5-kg-masolat\/"]}]},{"@type":"ImageObject","inLanguage":"en-US","@id":"https:\/\/tajkertesz.com\/termek\/kaliso-5-kg-masolat\/#primaryimage","url":"https:\/\/tajkertesz.com\/wp-content\/uploads\/2023\/12\/kaliso-10kg.jpg","contentUrl":"https:\/\/tajkertesz.com\/wp-content\/uploads\/2023\/12\/kaliso-10kg.jpg","width":600,"height":800},{"@type":"BreadcrumbList","@id":"https:\/\/tajkertesz.com\/termek\/kaliso-5-kg-masolat\/#breadcrumb","itemListElement":[{"@type":"ListItem","position":1,"name":"Home","item":"https:\/\/tajkertesz.com\/"},{"@type":"ListItem","position":2,"name":"Kezd\u0151lap","item":"https:\/\/tajkertesz.com\/"},{"@type":"ListItem","position":3,"name":"K\u00e1lis\u00f3 5kg"}]},{"@type":"WebSite","@id":"https:\/\/tajkertesz.com\/#website","url":"https:\/\/tajkertesz.com\/","name":"T\u00e1j-Kert\u00e9sz 84 Kft.","description":"Kert\u00e9szeti kis- \u00e9s nagykeresked\u00e9s, D\u00edszn\u00f6v\u00e9ny web\u00e1ruh\u00e1z orsz\u00e1gos h\u00e1zhozsz\u00e1ll\u00edt\u00e1ssal!","publisher":{"@id":"https:\/\/tajkertesz.com\/#organization"},"potentialAction":[{"@type":"SearchAction","target":{"@type":"EntryPoint","urlTemplate":"https:\/\/tajkertesz.com\/?s={search_term_string}"},"query-input":{"@type":"PropertyValueSpecification","valueRequired":true,"valueName":"search_term_string"}}],"inLanguage":"en-US"},{"@type":"Organization","@id":"https:\/\/tajkertesz.com\/#organization","name":"T\u00e1j-Kert\u00e9sz 84 Kft.","url":"https:\/\/tajkertesz.com\/","logo":{"@type":"ImageObject","inLanguage":"en-US","@id":"https:\/\/tajkertesz.com\/#\/schema\/logo\/image\/","url":"https:\/\/tajkertesz.com\/wp-content\/uploads\/2018\/02\/logo-2-e1518678052539.png","contentUrl":"https:\/\/tajkertesz.com\/wp-content\/uploads\/2018\/02\/logo-2-e1518678052539.png","width":81,"height":140,"caption":"T\u00e1j-Kert\u00e9sz 84 Kft."},"image":{"@id":"https:\/\/tajkertesz.com\/#\/schema\/logo\/image\/"},"sameAs":["https:\/\/www.facebook.com\/Tajkertesz\/"]}]}},"_links":{"self":[{"href":"https:\/\/tajkertesz.com\/en_US\/wp-json\/wp\/v2\/product\/18815","targetHints":{"allow":["GET"]}}],"collection":[{"href":"https:\/\/tajkertesz.com\/en_US\/wp-json\/wp\/v2\/product"}],"about":[{"href":"https:\/\/tajkertesz.com\/en_US\/wp-json\/wp\/v2\/types\/product"}],"wp:featuredmedia":[{"embeddable":true,"href":"https:\/\/tajkertesz.com\/en_US\/wp-json\/wp\/v2\/media\/18160"}],"wp:attachment":[{"href":"https:\/\/tajkertesz.com\/en_US\/wp-json\/wp\/v2\/media?parent=18815"}],"wp:term":[{"taxonomy":"product_brand","embeddable":true,"href":"https:\/\/tajkertesz.com\/en_US\/wp-json\/wp\/v2\/product_brand?post=18815"},{"taxonomy":"product_cat","embeddable":true,"href":"https:\/\/tajkertesz.com\/en_US\/wp-json\/wp\/v2\/product_cat?post=18815"},{"taxonomy":"product_tag","embeddable":true,"href":"https:\/\/tajkertesz.com\/en_US\/wp-json\/wp\/v2\/product_tag?post=18815"}],"curies":[{"name":"wp","href":"https:\/\/api.w.org\/{rel}","templated":true}]}}