{"id":18816,"date":"2024-01-24T12:23:18","date_gmt":"2024-01-24T12:23:18","guid":{"rendered":"https:\/\/tajkertesz.com\/?post_type=product&#038;p=18816"},"modified":"2026-02-13T09:11:07","modified_gmt":"2026-02-13T09:11:07","slug":"kalium-nitrat-multi-k-kristaly13-0-461kg","status":"publish","type":"product","link":"https:\/\/tajkertesz.com\/en_US\/product\/kalium-nitrat-multi-k-kristaly13-0-461kg\/","title":{"rendered":"K\u00e1lium Nitr\u00e1t Multi-K-krist\u00e1ly(13-0-46)1kg."},"content":{"rendered":"<h2>K\u00e1lium Nitr\u00e1t Multi-K-krist\u00e1ly(13-0-46)1kg.<\/h2>\n<p>K\u00e1lium Nitr\u00e1t Multi-K-krist\u00e1ly(13-0-46)1kg. param\u00e9terei:<\/p>\n<p style=\"font-weight: 400;\"><b><em>Cikksz\u00e1m<\/em><\/b>: mult2001<\/p>\n<p style=\"font-weight: 400;\"><b><em>Kiszerel\u00e9s<\/em><\/b>: 1kg<\/p>\n<p style=\"font-weight: 400;\"><b><em>Gy\u0171jt\u0151 csomagol\u00e1s<\/em><\/b>: nem<\/p>\n<p style=\"font-weight: 400;\"><b><em>Eltarthat\u00f3s\u00e1g<\/em><\/b>: korl\u00e1tlan<\/p>\n<p style=\"font-weight: 400;\"><b><em>Sz\u00e1rmaz\u00e1si hely<\/em><\/b>: Belgium<\/p>\n<h2><i>R\u00f6vid ismertet\u00e9se<\/i><\/h2>\n<p style=\"font-weight: 400;\">A k\u00e1lium-nitr\u00e1t a k\u00e1lium \u00e9s a nitrog\u00e9n forr\u00e1sa, k\u00e9t olyan makroelem\u00e9, amelyek n\u00e9lk\u00fcl\u00f6zhetetlenek a n\u00f6v\u00e9ny fejl\u0151d\u00e9s\u00e9hez \u00e9s n\u00f6veked\u00e9s\u00e9hez. Itt l\u00e9p a k\u00e9pbe a Multi-K m\u0171tr\u00e1gya\u00a0(N:P:K ar\u00e1ny 13-0-46).\u00a0A Multi-K-val minden kult\u00far\u00e1ban jobb hat\u00e1st \u00e9rhet\u00fcnk el, mint b\u00e1rmely m\u00e1s k\u00e1liumm\u0171tr\u00e1gy\u00e1val. A Multi-K a z\u00f6lds\u00e9gekn\u00e9l, a sz\u00e1nt\u00f3f\u00f6ldi n\u00f6v\u00e9nyekn\u00e9l \u00e9s gy\u00fcm\u00f6lcs\u00f6s\u00f6k eset\u00e9ben is n\u00f6veli a term\u00e9s\u00e1tlagot, kiv\u00e9telesen hat\u00e9kony, tiszta, kl\u00f3rmentes form\u00e1ban juttatja a n\u00f6v\u00e9nyeket min\u0151s\u00e9gi nitrog\u00e9n- \u00e9s k\u00e1liumforr\u00e1shoz.<\/p>\n<p style=\"font-weight: 400;\">Multi-K \u2122 el\u0151nyei:<\/p>\n<ul>\n<li style=\"font-weight: 400;\">\u00a0\u00a0\u00a0\u00a0 Teljesen felold\u00f3dik v\u00edzben<\/li>\n<li style=\"font-weight: 400;\">\u00a0\u00a0\u00a0\u00a0 Kl\u00f3r, n\u00e1trium \u00e9s m\u00e1s n\u00f6v\u00e9nyekre k\u00e1ros elemekt\u0151l mentes<\/li>\n<li style=\"font-weight: 400;\">\u00a0\u00a0\u00a0\u00a0 Hat\u00e9kony a felsz\u00edv\u00f3d\u00e1sa<\/li>\n<li style=\"font-weight: 400;\">\u00a0\u00a0\u00a0\u00a0 Sz\u00e9les k\u00f6r\u0171 kompatibilit\u00e1s minden t\u00edpus\u00fa m\u0171tr\u00e1gy\u00e1val \u00e9s agrok\u00e9miai anyaggal<\/li>\n<li style=\"font-weight: 400;\">\u00a0\u00a0\u00a0\u00a0 Nem ill\u00e9kony; k\u00f6nnyen felhordhat\u00f3, a nitrog\u00e9n vesztes\u00e9ge, leveg\u0151be jut\u00e1sa n\u00e9lk\u00fcl<\/li>\n<\/ul>\n<p>A Multi-K 100% v\u00edz-oldhat\u00f3 k\u00e1lium-nitr\u00e1t (N:P:K ar\u00e1ny 13-0-46) t\u00e1p\u00e9rt\u00e9k\u00e9t \u00e9s a n\u00f6v\u00e9nyek eg\u00e9szs\u00e9g\u00e9hez \u00e9s term\u00e9smennyis\u00e9g\u00e9hez val\u00f3 hozz\u00e1j\u00e1rul\u00e1s\u00e1t tekintve egyed\u00fcl\u00e1ll\u00f3 k\u00e1liumforr\u00e1s. A Multi-K fizikai \u00e9s k\u00e9miai tulajdons\u00e1gai kedvez\u0151 k\u00f6rnyezeti hat\u00e1sokkal p\u00e1rosulnak. A Multi-K-val minden kult\u00far\u00e1ban jobb hat\u00e1st \u00e9rhet\u00fcnk el, mint b\u00e1rmely m\u00e1s k\u00e1liumm\u0171tr\u00e1gy\u00e1val. A Multi-K a z\u00f6lds\u00e9gekn\u00e9l, a sz\u00e1nt\u00f3f\u00f6ldi n\u00f6v\u00e9nyekn\u00e9l \u00e9s gy\u00fcm\u00f6lcs\u00f6s\u00f6k eset\u00e9ben is n\u00f6veli a term\u00e9s\u00e1tlagot, kiv\u00e9telesen hat\u00e9kony, tiszta, kl\u00f3rmentes form\u00e1ban juttatja a n\u00f6v\u00e9nyeket min\u0151s\u00e9gi nitrog\u00e9n- \u00e9s k\u00e1liumforr\u00e1shoz.<\/p>\n<p>&nbsp;<\/p>\n<p>El\u00e9rhet\u0151 t\u00f6bbf\u00e9le m\u00e9retben \u00e9s \u00e1rban.<\/p>\n<p><strong>K\u00e9szlet\u00fcnk napi szinten v\u00e1ltozik, ez\u00e9rt k\u00e9rj\u00fck, \u00e9rdekl\u0151dj\u00f6n szem\u00e9lyesen, telefonon vagy email-en.<br \/>\nA v\u00e1ltoztat\u00e1s jog\u00e1t fenntartjuk!\u00a0<\/strong><\/p>\n<p>&nbsp;<\/p>\n<p><a href=\"https:\/\/tajkertesz.com\/\">https:\/\/tajkertesz.com\/<\/a><\/p>\n<p><a href=\"https:\/\/www.facebook.com\/tajkertesz\/\">https:\/\/www.facebook.com\/tajkertesz\/<\/a><\/p>\n<p>Kisz\u00e1ll\u00edt\u00e1s: 200cm-ig \u00a0\u00e9s 40 kg-ig a sz\u00e1ll\u00edt\u00e1s fut\u00e1rszolg\u00e1lattal \u00a0t\u00f6rt\u00e9nik.<\/p>\n<p>Szem\u00e9lyes \u00e1tv\u00e9tel nyitvatart\u00e1si id\u0151ben a 17. ker\u00fclet Bakancsos utca 7. sz\u00e1m alatti Kert\u00e9szeti \u00e1rud\u00e1ban.<\/p>","protected":false},"excerpt":{"rendered":"<h2>K\u00e1lium Nitr\u00e1t Multi-K-krist\u00e1ly(13-0-46)1kg.<\/h2>\n<p>A k\u00e1lium-nitr\u00e1t a k\u00e1lium \u00e9s a nitrog\u00e9n forr\u00e1sa, k\u00e9t olyan makroelem\u00e9, amelyek n\u00e9lk\u00fcl\u00f6zhetetlenek a n\u00f6v\u00e9ny fejl\u0151d\u00e9s\u00e9hez \u00e9s n\u00f6veked\u00e9s\u00e9hez. Itt l\u00e9p a k\u00e9pbe a Multi-K m\u0171tr\u00e1gya (N:P:K ar\u00e1ny 13-0-46)&#8230;<\/p>\n<p><strong>K\u00e9szlet\u00fcnk napi szinten v\u00e1ltozik, ez\u00e9rt k\u00e9rj\u00fck, \u00e9rdekl\u0151dj\u00f6n szem\u00e9lyesen, telefonon vagy email-en.<br \/>\nA v\u00e1ltoztat\u00e1s jog\u00e1t fenntartjuk!\u00a0<\/strong><\/p>\n<p>&nbsp;<\/p>\n<p>&nbsp;<\/p>","protected":false},"featured_media":18818,"template":"","meta":{"_et_pb_use_builder":"","_et_pb_old_content":"","_et_gb_content_width":""},"product_brand":[],"product_cat":[1457],"product_tag":[4707,4708,4709,705],"class_list":{"0":"post-18816","1":"product","2":"type-product","3":"status-publish","4":"has-post-thumbnail","6":"product_cat-npk-mutragyak-petiso","7":"product_tag-kalium","8":"product_tag-kaliumnitrat","9":"product_tag-multik","10":"product_tag-mutragya","12":"first","13":"outofstock","14":"shipping-taxable","15":"product-type-simple"},"yoast_head":"<!-- This site is optimized with the Yoast SEO plugin v27.4 - https:\/\/yoast.com\/product\/yoast-seo-wordpress\/ -->\n<title>K\u00e1lium Nitr\u00e1t Multi-K-krist\u00e1ly(13-0-46)1kg. - T\u00e1jkert\u00e9sz<\/title>\n<meta name=\"description\" content=\"K\u00e1lium Nitr\u00e1t Multi-K-krist\u00e1ly(13-0-46)1kg. A k\u00e1lium-nitr\u00e1t a k\u00e1lium \u00e9s a nitrog\u00e9n forr\u00e1sa, k\u00e9t olyan makroelem\u00e9, amelyek n\u00e9lk\u00fcl\u00f6zhetetlenek a n\u00f6v\u00e9ny fejl\u0151\" \/>\n<meta name=\"robots\" content=\"index, follow, max-snippet:-1, max-image-preview:large, max-video-preview:-1\" \/>\n<link rel=\"canonical\" href=\"https:\/\/tajkertesz.com\/en_US\/product\/kalium-nitrat-multi-k-kristaly13-0-461kg\/\" \/>\n<meta property=\"og:locale\" content=\"en_US\" \/>\n<meta property=\"og:type\" content=\"article\" \/>\n<meta property=\"og:title\" content=\"K\u00e1lium Nitr\u00e1t Multi-K-krist\u00e1ly(13-0-46)1kg. - T\u00e1jkert\u00e9sz\" \/>\n<meta property=\"og:description\" content=\"K\u00e1lium Nitr\u00e1t Multi-K-krist\u00e1ly(13-0-46)1kg. A k\u00e1lium-nitr\u00e1t a k\u00e1lium \u00e9s a nitrog\u00e9n forr\u00e1sa, k\u00e9t olyan makroelem\u00e9, amelyek n\u00e9lk\u00fcl\u00f6zhetetlenek a n\u00f6v\u00e9ny fejl\u0151\" \/>\n<meta property=\"og:url\" content=\"https:\/\/tajkertesz.com\/en_US\/product\/kalium-nitrat-multi-k-kristaly13-0-461kg\/\" \/>\n<meta property=\"og:site_name\" content=\"T\u00e1jkert\u00e9sz\" \/>\n<meta property=\"article:publisher\" content=\"https:\/\/www.facebook.com\/Tajkertesz\/\" \/>\n<meta property=\"article:modified_time\" content=\"2026-02-13T09:11:07+00:00\" \/>\n<meta property=\"og:image\" content=\"https:\/\/tajkertesz.com\/wp-content\/uploads\/2024\/01\/mult2001.jpg\" \/>\n\t<meta property=\"og:image:width\" content=\"940\" \/>\n\t<meta property=\"og:image:height\" content=\"788\" \/>\n\t<meta property=\"og:image:type\" content=\"image\/jpeg\" \/>\n<meta name=\"twitter:card\" content=\"summary_large_image\" \/>\n<meta name=\"twitter:label1\" content=\"Est. reading time\" \/>\n\t<meta name=\"twitter:data1\" content=\"2 minutes\" \/>\n<script type=\"application\/ld+json\" class=\"yoast-schema-graph\">{\"@context\":\"https:\\\/\\\/schema.org\",\"@graph\":[{\"@type\":\"WebPage\",\"@id\":\"https:\\\/\\\/tajkertesz.com\\\/termek\\\/kalium-nitrat-multi-k-kristaly13-0-461kg\\\/\",\"url\":\"https:\\\/\\\/tajkertesz.com\\\/termek\\\/kalium-nitrat-multi-k-kristaly13-0-461kg\\\/\",\"name\":\"K\u00e1lium Nitr\u00e1t Multi-K-krist\u00e1ly(13-0-46)1kg. - T\u00e1jkert\u00e9sz\",\"isPartOf\":{\"@id\":\"https:\\\/\\\/tajkertesz.com\\\/#website\"},\"primaryImageOfPage\":{\"@id\":\"https:\\\/\\\/tajkertesz.com\\\/termek\\\/kalium-nitrat-multi-k-kristaly13-0-461kg\\\/#primaryimage\"},\"image\":{\"@id\":\"https:\\\/\\\/tajkertesz.com\\\/termek\\\/kalium-nitrat-multi-k-kristaly13-0-461kg\\\/#primaryimage\"},\"thumbnailUrl\":\"https:\\\/\\\/tajkertesz.com\\\/wp-content\\\/uploads\\\/2024\\\/01\\\/mult2001.jpg\",\"datePublished\":\"2024-01-24T12:23:18+00:00\",\"dateModified\":\"2026-02-13T09:11:07+00:00\",\"description\":\"K\u00e1lium Nitr\u00e1t Multi-K-krist\u00e1ly(13-0-46)1kg. A k\u00e1lium-nitr\u00e1t a k\u00e1lium \u00e9s a nitrog\u00e9n forr\u00e1sa, k\u00e9t olyan makroelem\u00e9, amelyek n\u00e9lk\u00fcl\u00f6zhetetlenek a n\u00f6v\u00e9ny fejl\u0151\",\"breadcrumb\":{\"@id\":\"https:\\\/\\\/tajkertesz.com\\\/termek\\\/kalium-nitrat-multi-k-kristaly13-0-461kg\\\/#breadcrumb\"},\"inLanguage\":\"en-US\",\"potentialAction\":[{\"@type\":\"ReadAction\",\"target\":[\"https:\\\/\\\/tajkertesz.com\\\/termek\\\/kalium-nitrat-multi-k-kristaly13-0-461kg\\\/\"]}]},{\"@type\":\"ImageObject\",\"inLanguage\":\"en-US\",\"@id\":\"https:\\\/\\\/tajkertesz.com\\\/termek\\\/kalium-nitrat-multi-k-kristaly13-0-461kg\\\/#primaryimage\",\"url\":\"https:\\\/\\\/tajkertesz.com\\\/wp-content\\\/uploads\\\/2024\\\/01\\\/mult2001.jpg\",\"contentUrl\":\"https:\\\/\\\/tajkertesz.com\\\/wp-content\\\/uploads\\\/2024\\\/01\\\/mult2001.jpg\",\"width\":940,\"height\":788},{\"@type\":\"BreadcrumbList\",\"@id\":\"https:\\\/\\\/tajkertesz.com\\\/termek\\\/kalium-nitrat-multi-k-kristaly13-0-461kg\\\/#breadcrumb\",\"itemListElement\":[{\"@type\":\"ListItem\",\"position\":1,\"name\":\"Home\",\"item\":\"https:\\\/\\\/tajkertesz.com\\\/\"},{\"@type\":\"ListItem\",\"position\":2,\"name\":\"Kezd\u0151lap\",\"item\":\"https:\\\/\\\/tajkertesz.com\\\/\"},{\"@type\":\"ListItem\",\"position\":3,\"name\":\"K\u00e1lium Nitr\u00e1t Multi-K-krist\u00e1ly(13-0-46)1kg.\"}]},{\"@type\":\"WebSite\",\"@id\":\"https:\\\/\\\/tajkertesz.com\\\/#website\",\"url\":\"https:\\\/\\\/tajkertesz.com\\\/\",\"name\":\"T\u00e1j-Kert\u00e9sz 84 Kft.\",\"description\":\"Kert\u00e9szeti kis- \u00e9s nagykeresked\u00e9s, D\u00edszn\u00f6v\u00e9ny web\u00e1ruh\u00e1z orsz\u00e1gos h\u00e1zhozsz\u00e1ll\u00edt\u00e1ssal!\",\"publisher\":{\"@id\":\"https:\\\/\\\/tajkertesz.com\\\/#organization\"},\"potentialAction\":[{\"@type\":\"SearchAction\",\"target\":{\"@type\":\"EntryPoint\",\"urlTemplate\":\"https:\\\/\\\/tajkertesz.com\\\/?s={search_term_string}\"},\"query-input\":{\"@type\":\"PropertyValueSpecification\",\"valueRequired\":true,\"valueName\":\"search_term_string\"}}],\"inLanguage\":\"en-US\"},{\"@type\":\"Organization\",\"@id\":\"https:\\\/\\\/tajkertesz.com\\\/#organization\",\"name\":\"T\u00e1j-Kert\u00e9sz 84 Kft.\",\"url\":\"https:\\\/\\\/tajkertesz.com\\\/\",\"logo\":{\"@type\":\"ImageObject\",\"inLanguage\":\"en-US\",\"@id\":\"https:\\\/\\\/tajkertesz.com\\\/#\\\/schema\\\/logo\\\/image\\\/\",\"url\":\"https:\\\/\\\/tajkertesz.com\\\/wp-content\\\/uploads\\\/2018\\\/02\\\/logo-2-e1518678052539.png\",\"contentUrl\":\"https:\\\/\\\/tajkertesz.com\\\/wp-content\\\/uploads\\\/2018\\\/02\\\/logo-2-e1518678052539.png\",\"width\":81,\"height\":140,\"caption\":\"T\u00e1j-Kert\u00e9sz 84 Kft.\"},\"image\":{\"@id\":\"https:\\\/\\\/tajkertesz.com\\\/#\\\/schema\\\/logo\\\/image\\\/\"},\"sameAs\":[\"https:\\\/\\\/www.facebook.com\\\/Tajkertesz\\\/\"]}]}<\/script>\n<!-- \/ Yoast SEO plugin. -->","yoast_head_json":{"title":"K\u00e1lium Nitr\u00e1t Multi-K-krist\u00e1ly(13-0-46)1kg. - T\u00e1jkert\u00e9sz","description":"K\u00e1lium Nitr\u00e1t Multi-K-krist\u00e1ly(13-0-46)1kg. A k\u00e1lium-nitr\u00e1t a k\u00e1lium \u00e9s a nitrog\u00e9n forr\u00e1sa, k\u00e9t olyan makroelem\u00e9, amelyek n\u00e9lk\u00fcl\u00f6zhetetlenek a n\u00f6v\u00e9ny fejl\u0151","robots":{"index":"index","follow":"follow","max-snippet":"max-snippet:-1","max-image-preview":"max-image-preview:large","max-video-preview":"max-video-preview:-1"},"canonical":"https:\/\/tajkertesz.com\/en_US\/product\/kalium-nitrat-multi-k-kristaly13-0-461kg\/","og_locale":"en_US","og_type":"article","og_title":"K\u00e1lium Nitr\u00e1t Multi-K-krist\u00e1ly(13-0-46)1kg. - T\u00e1jkert\u00e9sz","og_description":"K\u00e1lium Nitr\u00e1t Multi-K-krist\u00e1ly(13-0-46)1kg. A k\u00e1lium-nitr\u00e1t a k\u00e1lium \u00e9s a nitrog\u00e9n forr\u00e1sa, k\u00e9t olyan makroelem\u00e9, amelyek n\u00e9lk\u00fcl\u00f6zhetetlenek a n\u00f6v\u00e9ny fejl\u0151","og_url":"https:\/\/tajkertesz.com\/en_US\/product\/kalium-nitrat-multi-k-kristaly13-0-461kg\/","og_site_name":"T\u00e1jkert\u00e9sz","article_publisher":"https:\/\/www.facebook.com\/Tajkertesz\/","article_modified_time":"2026-02-13T09:11:07+00:00","og_image":[{"width":940,"height":788,"url":"https:\/\/tajkertesz.com\/wp-content\/uploads\/2024\/01\/mult2001.jpg","type":"image\/jpeg"}],"twitter_card":"summary_large_image","twitter_misc":{"Est. reading time":"2 minutes"},"schema":{"@context":"https:\/\/schema.org","@graph":[{"@type":"WebPage","@id":"https:\/\/tajkertesz.com\/termek\/kalium-nitrat-multi-k-kristaly13-0-461kg\/","url":"https:\/\/tajkertesz.com\/termek\/kalium-nitrat-multi-k-kristaly13-0-461kg\/","name":"K\u00e1lium Nitr\u00e1t Multi-K-krist\u00e1ly(13-0-46)1kg. - T\u00e1jkert\u00e9sz","isPartOf":{"@id":"https:\/\/tajkertesz.com\/#website"},"primaryImageOfPage":{"@id":"https:\/\/tajkertesz.com\/termek\/kalium-nitrat-multi-k-kristaly13-0-461kg\/#primaryimage"},"image":{"@id":"https:\/\/tajkertesz.com\/termek\/kalium-nitrat-multi-k-kristaly13-0-461kg\/#primaryimage"},"thumbnailUrl":"https:\/\/tajkertesz.com\/wp-content\/uploads\/2024\/01\/mult2001.jpg","datePublished":"2024-01-24T12:23:18+00:00","dateModified":"2026-02-13T09:11:07+00:00","description":"K\u00e1lium Nitr\u00e1t Multi-K-krist\u00e1ly(13-0-46)1kg. A k\u00e1lium-nitr\u00e1t a k\u00e1lium \u00e9s a nitrog\u00e9n forr\u00e1sa, k\u00e9t olyan makroelem\u00e9, amelyek n\u00e9lk\u00fcl\u00f6zhetetlenek a n\u00f6v\u00e9ny fejl\u0151","breadcrumb":{"@id":"https:\/\/tajkertesz.com\/termek\/kalium-nitrat-multi-k-kristaly13-0-461kg\/#breadcrumb"},"inLanguage":"en-US","potentialAction":[{"@type":"ReadAction","target":["https:\/\/tajkertesz.com\/termek\/kalium-nitrat-multi-k-kristaly13-0-461kg\/"]}]},{"@type":"ImageObject","inLanguage":"en-US","@id":"https:\/\/tajkertesz.com\/termek\/kalium-nitrat-multi-k-kristaly13-0-461kg\/#primaryimage","url":"https:\/\/tajkertesz.com\/wp-content\/uploads\/2024\/01\/mult2001.jpg","contentUrl":"https:\/\/tajkertesz.com\/wp-content\/uploads\/2024\/01\/mult2001.jpg","width":940,"height":788},{"@type":"BreadcrumbList","@id":"https:\/\/tajkertesz.com\/termek\/kalium-nitrat-multi-k-kristaly13-0-461kg\/#breadcrumb","itemListElement":[{"@type":"ListItem","position":1,"name":"Home","item":"https:\/\/tajkertesz.com\/"},{"@type":"ListItem","position":2,"name":"Kezd\u0151lap","item":"https:\/\/tajkertesz.com\/"},{"@type":"ListItem","position":3,"name":"K\u00e1lium Nitr\u00e1t Multi-K-krist\u00e1ly(13-0-46)1kg."}]},{"@type":"WebSite","@id":"https:\/\/tajkertesz.com\/#website","url":"https:\/\/tajkertesz.com\/","name":"T\u00e1j-Kert\u00e9sz 84 Kft.","description":"Kert\u00e9szeti kis- \u00e9s nagykeresked\u00e9s, D\u00edszn\u00f6v\u00e9ny web\u00e1ruh\u00e1z orsz\u00e1gos h\u00e1zhozsz\u00e1ll\u00edt\u00e1ssal!","publisher":{"@id":"https:\/\/tajkertesz.com\/#organization"},"potentialAction":[{"@type":"SearchAction","target":{"@type":"EntryPoint","urlTemplate":"https:\/\/tajkertesz.com\/?s={search_term_string}"},"query-input":{"@type":"PropertyValueSpecification","valueRequired":true,"valueName":"search_term_string"}}],"inLanguage":"en-US"},{"@type":"Organization","@id":"https:\/\/tajkertesz.com\/#organization","name":"T\u00e1j-Kert\u00e9sz 84 Kft.","url":"https:\/\/tajkertesz.com\/","logo":{"@type":"ImageObject","inLanguage":"en-US","@id":"https:\/\/tajkertesz.com\/#\/schema\/logo\/image\/","url":"https:\/\/tajkertesz.com\/wp-content\/uploads\/2018\/02\/logo-2-e1518678052539.png","contentUrl":"https:\/\/tajkertesz.com\/wp-content\/uploads\/2018\/02\/logo-2-e1518678052539.png","width":81,"height":140,"caption":"T\u00e1j-Kert\u00e9sz 84 Kft."},"image":{"@id":"https:\/\/tajkertesz.com\/#\/schema\/logo\/image\/"},"sameAs":["https:\/\/www.facebook.com\/Tajkertesz\/"]}]}},"_links":{"self":[{"href":"https:\/\/tajkertesz.com\/en_US\/wp-json\/wp\/v2\/product\/18816","targetHints":{"allow":["GET"]}}],"collection":[{"href":"https:\/\/tajkertesz.com\/en_US\/wp-json\/wp\/v2\/product"}],"about":[{"href":"https:\/\/tajkertesz.com\/en_US\/wp-json\/wp\/v2\/types\/product"}],"wp:featuredmedia":[{"embeddable":true,"href":"https:\/\/tajkertesz.com\/en_US\/wp-json\/wp\/v2\/media\/18818"}],"wp:attachment":[{"href":"https:\/\/tajkertesz.com\/en_US\/wp-json\/wp\/v2\/media?parent=18816"}],"wp:term":[{"taxonomy":"product_brand","embeddable":true,"href":"https:\/\/tajkertesz.com\/en_US\/wp-json\/wp\/v2\/product_brand?post=18816"},{"taxonomy":"product_cat","embeddable":true,"href":"https:\/\/tajkertesz.com\/en_US\/wp-json\/wp\/v2\/product_cat?post=18816"},{"taxonomy":"product_tag","embeddable":true,"href":"https:\/\/tajkertesz.com\/en_US\/wp-json\/wp\/v2\/product_tag?post=18816"}],"curies":[{"name":"wp","href":"https:\/\/api.w.org\/{rel}","templated":true}]}}