{"id":18820,"date":"2024-01-24T12:34:04","date_gmt":"2024-01-24T12:34:04","guid":{"rendered":"https:\/\/tajkertesz.com\/?post_type=product&#038;p=18820"},"modified":"2026-02-13T09:11:14","modified_gmt":"2026-02-13T09:11:14","slug":"volldunger-linz-vizoldhato-mutragya-2kg","status":"publish","type":"product","link":"https:\/\/tajkertesz.com\/en_US\/product\/volldunger-linz-vizoldhato-mutragya-2kg\/","title":{"rendered":"VOLLD\u00dcNGER LINZ v\u00edzoldhat\u00f3 m\u0171tr\u00e1gya 2Kg"},"content":{"rendered":"<h1>VOLLD\u00dcNGER LINZ v\u00edzoldhat\u00f3 m\u0171tr\u00e1gya 2Kg<\/h1>\n<p>VOLLD\u00dcNGER LINZ v\u00edzoldhat\u00f3 m\u0171tr\u00e1gya 2Kg<\/p>\n<h2>PARAM\u00c9TEREI<\/h2>\n<p style=\"font-weight: 400;\"><b><em>Cikksz\u00e1m<\/em><\/b>: voll2301<\/p>\n<p style=\"font-weight: 400;\"><b><em>Kiszerel\u00e9s<\/em><\/b>: 2 kg<\/p>\n<p style=\"font-weight: 400;\"><b><em>Eltarthat\u00f3s\u00e1g<\/em><\/b>: korl\u00e1tlan<\/p>\n<p style=\"font-weight: 400;\"><b><em>Sz\u00e1rmaz\u00e1si hely<\/em><\/b>: Ausztria<\/p>\n<h2><i>R\u00d6VID ISMERTET\u00c9SE<\/i><\/h2>\n<p style=\"font-weight: 400;\">V\u00edzoldhat\u00f3 m\u0171tr\u00e1gya \u00e1ltal\u00e1nos felhaszn\u00e1l\u00e1sra.<\/p>\n<p style=\"font-weight: 400;\">Sokoldal\u00faan felhaszn\u00e1lhat\u00f3 \u00f6nt\u00f6z\u0151 m\u0171tr\u00e1gya. K\u00e1lium t\u00fals\u00falyos \u00f6sszet\u00e9tele minden kert\u00e9szeti kult\u00far\u00e1nak kiv\u00e1l\u00f3.<\/p>\n<h2>EL\u0150NYEI<\/h2>\n<ul>\n<li>A Volld\u00fcnger Linz egy teljes makro- (NPK) \u00e9s mikroelem sort tartalmaz\u00f3 komplex m\u0171tr\u00e1gya, amely t\u00e1poldatk\u00e9nt is haszn\u00e1lhat\u00f3.<\/li>\n<li>Alaptr\u00e1gyak\u00e9nt, fejtr\u00e1gyak\u00e9nt, vagy lev\u00e9ltr\u00e1gyak\u00e9nt z\u00f6lds\u00e9gben, gy\u00fcm\u00f6lcs\u00f6sben, sz\u0151l\u0151ben vagy cserepes \u00e9s lev\u00e9ld\u00edszn\u00f6v\u00e9nyek t\u00e1pl\u00e1l\u00e1s\u00e1ra.<\/li>\n<li>Sokoldal\u00faan felhaszn\u00e1lhat\u00f3 \u00f6nt\u00f6z\u0151m\u0171tr\u00e1gya. K\u00e1liumt\u00fals\u00falyos \u00f6sszet\u00e9tele minden kert\u00e9szeti kult\u00far\u00e1nak kiv\u00e1l\u00f3.<\/li>\n<li>Egyar\u00e1nt haszn\u00e1lhat\u00f3 d\u00edszn\u00f6v\u00e9nyekn\u00e9l (leander, musk\u00e1tli), z\u00f6lds\u00e9gf\u00e9l\u00e9ken (paradicsom, paprika, uborka) ak\u00e1r m\u00e1r pal\u00e1nta korban is.<\/li>\n<li>Por alap\u00fa k\u00e9sz\u00edtm\u00e9ny, v\u00edzben kell feloldani.<\/li>\n<li>Nincs v\u00e1rakoz\u00e1si id\u0151<\/li>\n<\/ul>\n<h2>EGY\u00c9B<\/h2>\n<p style=\"font-weight: 400;\">Hat\u00f3anyag tartalom:<\/p>\n<ul style=\"font-weight: 400;\">\n<li>N: 14%<\/li>\n<li>P<sub>2<\/sub>O<sub>5<\/sub>: 7%<\/li>\n<li>K<sub>2<\/sub>O: 21%<\/li>\n<li>Mg: 1%<\/li>\n<\/ul>\n<h2>A Volld\u00fcnger Linz Classic felhaszn\u00e1l\u00e1sa, d\u00f3zisa, adagol\u00e1sa:<\/h2>\n<h3>Z\u00f6lds\u00e9gf\u00e9l\u00e9kben, d\u00edszn\u00f6v\u00e9nyekben:<\/h3>\n<ul>\n<li>Vet\u00e9skor vagy \u00fcltet\u00e9skor alaptr\u00e1gyak\u00e9nt 1,0-3,0\u2008kg\/100 m<sup>2<\/sup>, fejtr\u00e1gyak\u00e9nt 8-10 naponta 1,0-1,5\u2008kg\/100 m<sup>2<\/sup>\u00a0d\u00f3zisban a talajra sz\u00f3rva, majd be\u00f6nt\u00f6zve, lev\u00e9ltr\u00e1gyak\u00e9nt 0,3\u2008%-os t\u00f6m\u00e9nys\u00e9gben a n\u00f6v\u00e9nyv\u00e9delmi munk\u00e1kkal egy menetben juttathat\u00f3.<\/li>\n<li>Csepegtet\u0151 \u00f6nt\u00f6z\u00e9ssel kijuttatva 0,2-0,33 g\/l t\u00f6m\u00e9nys\u00e9gben alkalmazhat\u00f3, 7-10 naponta.<\/li>\n<\/ul>\n<h3>Gy\u00fcm\u00f6lcs\u00f6s\u00f6kben, sz\u0151l\u0151ben:<\/h3>\n<ul>\n<li>Az \u00e9ves mennyis\u00e9g d\u00f6nt\u0151 r\u00e9sz\u00e9t a veget\u00e1ci\u00f3 els\u0151 harmad\u00e1ban (\u00e1prilis \u00e9s j\u00fanius k\u00f6z\u00f6tt) c\u00e9lszer\u0171 kijuttatni. Fejtr\u00e1gyak\u00e9nt a talajra sz\u00f3rva \u00e9s belocsolva: 1,5-2,0\u2008kg\/100\u2008m<sup>2<\/sup>, lev\u00e9ltr\u00e1gyak\u00e9nt 60-100 g\/10 liter v\u00edz d\u00f3zisban a n\u00f6v\u00e9nyv\u00e9delmi munk\u00e1kkal egymenetben.<\/li>\n<\/ul>\n<h3>Cserepes \u00e9s lev\u00e9ld\u00edszn\u00f6v\u00e9nyek t\u00e1pl\u00e1l\u00e1s\u00e1ra:<\/h3>\n<ul>\n<li>Ki\u00fcltet\u00e9skor, tavasszal a vir\u00e1gz\u00e1sig t\u00f6rt\u00e9n\u0151 belocsol\u00e1sra 0,1\u2008%-os oldattal (10 liter v\u00edzhez egy csapott ev\u0151kan\u00e1lnyi), majd vir\u00e1gz\u00e1s idej\u00e9n belocsol\u00e1sra 0,05\u2008%-os oldattal (10 liter v\u00edzhez egy k\u00e1v\u00e9skan\u00e1lnyi).<\/li>\n<\/ul>\n<h2>Kiszerel\u00e9s:<\/h2>\n<p>200 gr, 2 kg, 5 kg, 25 kg<\/p>\n<p>El\u00e9rhet\u0151 t\u00f6bbf\u00e9le m\u00e9retben \u00e9s \u00e1rban.<\/p>\n<p><strong>K\u00e9szlet\u00fcnk napi szinten v\u00e1ltozik, ez\u00e9rt k\u00e9rj\u00fck, \u00e9rdekl\u0151dj\u00f6n szem\u00e9lyesen, telefonon vagy email-en.<br \/>\nA v\u00e1ltoztat\u00e1s jog\u00e1t fenntartjuk!\u00a0<\/strong><\/p>\n<p>&nbsp;<\/p>\n<p><a href=\"https:\/\/tajkertesz.com\/\">https:\/\/tajkertesz.com\/<\/a><\/p>\n<p><a href=\"https:\/\/www.facebook.com\/tajkertesz\/\">https:\/\/www.facebook.com\/tajkertesz\/<\/a><\/p>\n<p>Kisz\u00e1ll\u00edt\u00e1s: 200cm-ig \u00a0\u00e9s 40 kg-ig a sz\u00e1ll\u00edt\u00e1s fut\u00e1rszolg\u00e1lattal \u00a0t\u00f6rt\u00e9nik.<\/p>\n<p>Szem\u00e9lyes \u00e1tv\u00e9tel nyitvatart\u00e1si id\u0151ben a 17. ker\u00fclet Bakancsos utca 7. sz\u00e1m alatti Kert\u00e9szeti \u00e1rud\u00e1ban.<\/p>","protected":false},"excerpt":{"rendered":"<h2>VOLLD\u00dcNGER LINZ v\u00edzoldhat\u00f3 m\u0171tr\u00e1gya 2Kg<\/h2>\n<p>Sokoldal\u00faan felhaszn\u00e1lhat\u00f3 \u00f6nt\u00f6z\u0151 m\u0171tr\u00e1gya. K\u00e1lium t\u00fals\u00falyos \u00f6sszet\u00e9tele minden kert\u00e9szeti kult\u00far\u00e1nak kiv\u00e1l\u00f3&#8230;<\/p>\n<p><strong>K\u00e9szlet\u00fcnk napi szinten v\u00e1ltozik, ez\u00e9rt k\u00e9rj\u00fck, \u00e9rdekl\u0151dj\u00f6n szem\u00e9lyesen, telefonon vagy email-en.<br \/>\nA v\u00e1ltoztat\u00e1s jog\u00e1t fenntartjuk!\u00a0<\/strong><\/p>\n<p>&nbsp;<\/p>","protected":false},"featured_media":18821,"template":"","meta":{"_et_pb_use_builder":"","_et_pb_old_content":"","_et_gb_content_width":""},"product_brand":[],"product_cat":[1845],"product_tag":[705,4104,4711,4710],"class_list":{"0":"post-18820","1":"product","2":"type-product","3":"status-publish","4":"has-post-thumbnail","6":"product_cat-egyeb-tapoldatok-mutragyak","7":"product_tag-mutragya","8":"product_tag-tapanyag","9":"product_tag-vizoldhato","10":"product_tag-volldunger","12":"first","13":"instock","14":"shipping-taxable","15":"purchasable","16":"product-type-simple"},"yoast_head":"<!-- This site is optimized with the Yoast SEO plugin v27.4 - https:\/\/yoast.com\/product\/yoast-seo-wordpress\/ -->\n<title>VOLLD\u00dcNGER LINZ v\u00edzoldhat\u00f3 m\u0171tr\u00e1gya 2Kg - T\u00e1jkert\u00e9sz<\/title>\n<meta name=\"description\" content=\"VOLLD\u00dcNGER LINZ v\u00edzoldhat\u00f3 m\u0171tr\u00e1gya 2Kg. Sokoldal\u00faan felhaszn\u00e1lhat\u00f3 \u00f6nt\u00f6z\u0151 m\u0171tr\u00e1gya. K\u00e1lium t\u00fals\u00falyos \u00f6sszet\u00e9tele minden kert\u00e9szeti kult\u00far\u00e1nak kiv\u00e1l\u00f3.\" \/>\n<meta name=\"robots\" content=\"index, follow, max-snippet:-1, max-image-preview:large, max-video-preview:-1\" \/>\n<link rel=\"canonical\" href=\"https:\/\/tajkertesz.com\/en_US\/product\/volldunger-linz-vizoldhato-mutragya-2kg\/\" \/>\n<meta property=\"og:locale\" content=\"en_US\" \/>\n<meta property=\"og:type\" content=\"article\" \/>\n<meta property=\"og:title\" content=\"VOLLD\u00dcNGER LINZ v\u00edzoldhat\u00f3 m\u0171tr\u00e1gya 2Kg - T\u00e1jkert\u00e9sz\" \/>\n<meta property=\"og:description\" content=\"VOLLD\u00dcNGER LINZ v\u00edzoldhat\u00f3 m\u0171tr\u00e1gya 2Kg. Sokoldal\u00faan felhaszn\u00e1lhat\u00f3 \u00f6nt\u00f6z\u0151 m\u0171tr\u00e1gya. K\u00e1lium t\u00fals\u00falyos \u00f6sszet\u00e9tele minden kert\u00e9szeti kult\u00far\u00e1nak kiv\u00e1l\u00f3.\" \/>\n<meta property=\"og:url\" content=\"https:\/\/tajkertesz.com\/en_US\/product\/volldunger-linz-vizoldhato-mutragya-2kg\/\" \/>\n<meta property=\"og:site_name\" content=\"T\u00e1jkert\u00e9sz\" \/>\n<meta property=\"article:publisher\" content=\"https:\/\/www.facebook.com\/Tajkertesz\/\" \/>\n<meta property=\"article:modified_time\" content=\"2026-02-13T09:11:14+00:00\" \/>\n<meta property=\"og:image\" content=\"https:\/\/tajkertesz.com\/wp-content\/uploads\/2024\/01\/voll2301.jpg\" \/>\n\t<meta property=\"og:image:width\" content=\"940\" \/>\n\t<meta property=\"og:image:height\" content=\"788\" \/>\n\t<meta property=\"og:image:type\" content=\"image\/jpeg\" \/>\n<meta name=\"twitter:card\" content=\"summary_large_image\" \/>\n<meta name=\"twitter:label1\" content=\"Est. reading time\" \/>\n\t<meta name=\"twitter:data1\" content=\"2 minutes\" \/>\n<script type=\"application\/ld+json\" class=\"yoast-schema-graph\">{\"@context\":\"https:\\\/\\\/schema.org\",\"@graph\":[{\"@type\":\"WebPage\",\"@id\":\"https:\\\/\\\/tajkertesz.com\\\/termek\\\/volldunger-linz-vizoldhato-mutragya-2kg\\\/\",\"url\":\"https:\\\/\\\/tajkertesz.com\\\/termek\\\/volldunger-linz-vizoldhato-mutragya-2kg\\\/\",\"name\":\"VOLLD\u00dcNGER LINZ v\u00edzoldhat\u00f3 m\u0171tr\u00e1gya 2Kg - T\u00e1jkert\u00e9sz\",\"isPartOf\":{\"@id\":\"https:\\\/\\\/tajkertesz.com\\\/#website\"},\"primaryImageOfPage\":{\"@id\":\"https:\\\/\\\/tajkertesz.com\\\/termek\\\/volldunger-linz-vizoldhato-mutragya-2kg\\\/#primaryimage\"},\"image\":{\"@id\":\"https:\\\/\\\/tajkertesz.com\\\/termek\\\/volldunger-linz-vizoldhato-mutragya-2kg\\\/#primaryimage\"},\"thumbnailUrl\":\"https:\\\/\\\/tajkertesz.com\\\/wp-content\\\/uploads\\\/2024\\\/01\\\/voll2301.jpg\",\"datePublished\":\"2024-01-24T12:34:04+00:00\",\"dateModified\":\"2026-02-13T09:11:14+00:00\",\"description\":\"VOLLD\u00dcNGER LINZ v\u00edzoldhat\u00f3 m\u0171tr\u00e1gya 2Kg. Sokoldal\u00faan felhaszn\u00e1lhat\u00f3 \u00f6nt\u00f6z\u0151 m\u0171tr\u00e1gya. K\u00e1lium t\u00fals\u00falyos \u00f6sszet\u00e9tele minden kert\u00e9szeti kult\u00far\u00e1nak kiv\u00e1l\u00f3.\",\"breadcrumb\":{\"@id\":\"https:\\\/\\\/tajkertesz.com\\\/termek\\\/volldunger-linz-vizoldhato-mutragya-2kg\\\/#breadcrumb\"},\"inLanguage\":\"en-US\",\"potentialAction\":[{\"@type\":\"ReadAction\",\"target\":[\"https:\\\/\\\/tajkertesz.com\\\/termek\\\/volldunger-linz-vizoldhato-mutragya-2kg\\\/\"]}]},{\"@type\":\"ImageObject\",\"inLanguage\":\"en-US\",\"@id\":\"https:\\\/\\\/tajkertesz.com\\\/termek\\\/volldunger-linz-vizoldhato-mutragya-2kg\\\/#primaryimage\",\"url\":\"https:\\\/\\\/tajkertesz.com\\\/wp-content\\\/uploads\\\/2024\\\/01\\\/voll2301.jpg\",\"contentUrl\":\"https:\\\/\\\/tajkertesz.com\\\/wp-content\\\/uploads\\\/2024\\\/01\\\/voll2301.jpg\",\"width\":940,\"height\":788},{\"@type\":\"BreadcrumbList\",\"@id\":\"https:\\\/\\\/tajkertesz.com\\\/termek\\\/volldunger-linz-vizoldhato-mutragya-2kg\\\/#breadcrumb\",\"itemListElement\":[{\"@type\":\"ListItem\",\"position\":1,\"name\":\"Home\",\"item\":\"https:\\\/\\\/tajkertesz.com\\\/\"},{\"@type\":\"ListItem\",\"position\":2,\"name\":\"Kezd\u0151lap\",\"item\":\"https:\\\/\\\/tajkertesz.com\\\/\"},{\"@type\":\"ListItem\",\"position\":3,\"name\":\"VOLLD\u00dcNGER LINZ v\u00edzoldhat\u00f3 m\u0171tr\u00e1gya 2Kg\"}]},{\"@type\":\"WebSite\",\"@id\":\"https:\\\/\\\/tajkertesz.com\\\/#website\",\"url\":\"https:\\\/\\\/tajkertesz.com\\\/\",\"name\":\"T\u00e1j-Kert\u00e9sz 84 Kft.\",\"description\":\"Kert\u00e9szeti kis- \u00e9s nagykeresked\u00e9s, D\u00edszn\u00f6v\u00e9ny web\u00e1ruh\u00e1z orsz\u00e1gos h\u00e1zhozsz\u00e1ll\u00edt\u00e1ssal!\",\"publisher\":{\"@id\":\"https:\\\/\\\/tajkertesz.com\\\/#organization\"},\"potentialAction\":[{\"@type\":\"SearchAction\",\"target\":{\"@type\":\"EntryPoint\",\"urlTemplate\":\"https:\\\/\\\/tajkertesz.com\\\/?s={search_term_string}\"},\"query-input\":{\"@type\":\"PropertyValueSpecification\",\"valueRequired\":true,\"valueName\":\"search_term_string\"}}],\"inLanguage\":\"en-US\"},{\"@type\":\"Organization\",\"@id\":\"https:\\\/\\\/tajkertesz.com\\\/#organization\",\"name\":\"T\u00e1j-Kert\u00e9sz 84 Kft.\",\"url\":\"https:\\\/\\\/tajkertesz.com\\\/\",\"logo\":{\"@type\":\"ImageObject\",\"inLanguage\":\"en-US\",\"@id\":\"https:\\\/\\\/tajkertesz.com\\\/#\\\/schema\\\/logo\\\/image\\\/\",\"url\":\"https:\\\/\\\/tajkertesz.com\\\/wp-content\\\/uploads\\\/2018\\\/02\\\/logo-2-e1518678052539.png\",\"contentUrl\":\"https:\\\/\\\/tajkertesz.com\\\/wp-content\\\/uploads\\\/2018\\\/02\\\/logo-2-e1518678052539.png\",\"width\":81,\"height\":140,\"caption\":\"T\u00e1j-Kert\u00e9sz 84 Kft.\"},\"image\":{\"@id\":\"https:\\\/\\\/tajkertesz.com\\\/#\\\/schema\\\/logo\\\/image\\\/\"},\"sameAs\":[\"https:\\\/\\\/www.facebook.com\\\/Tajkertesz\\\/\"]}]}<\/script>\n<!-- \/ Yoast SEO plugin. -->","yoast_head_json":{"title":"VOLLD\u00dcNGER LINZ v\u00edzoldhat\u00f3 m\u0171tr\u00e1gya 2Kg - T\u00e1jkert\u00e9sz","description":"VOLLD\u00dcNGER LINZ v\u00edzoldhat\u00f3 m\u0171tr\u00e1gya 2Kg. Sokoldal\u00faan felhaszn\u00e1lhat\u00f3 \u00f6nt\u00f6z\u0151 m\u0171tr\u00e1gya. K\u00e1lium t\u00fals\u00falyos \u00f6sszet\u00e9tele minden kert\u00e9szeti kult\u00far\u00e1nak kiv\u00e1l\u00f3.","robots":{"index":"index","follow":"follow","max-snippet":"max-snippet:-1","max-image-preview":"max-image-preview:large","max-video-preview":"max-video-preview:-1"},"canonical":"https:\/\/tajkertesz.com\/en_US\/product\/volldunger-linz-vizoldhato-mutragya-2kg\/","og_locale":"en_US","og_type":"article","og_title":"VOLLD\u00dcNGER LINZ v\u00edzoldhat\u00f3 m\u0171tr\u00e1gya 2Kg - T\u00e1jkert\u00e9sz","og_description":"VOLLD\u00dcNGER LINZ v\u00edzoldhat\u00f3 m\u0171tr\u00e1gya 2Kg. Sokoldal\u00faan felhaszn\u00e1lhat\u00f3 \u00f6nt\u00f6z\u0151 m\u0171tr\u00e1gya. K\u00e1lium t\u00fals\u00falyos \u00f6sszet\u00e9tele minden kert\u00e9szeti kult\u00far\u00e1nak kiv\u00e1l\u00f3.","og_url":"https:\/\/tajkertesz.com\/en_US\/product\/volldunger-linz-vizoldhato-mutragya-2kg\/","og_site_name":"T\u00e1jkert\u00e9sz","article_publisher":"https:\/\/www.facebook.com\/Tajkertesz\/","article_modified_time":"2026-02-13T09:11:14+00:00","og_image":[{"width":940,"height":788,"url":"https:\/\/tajkertesz.com\/wp-content\/uploads\/2024\/01\/voll2301.jpg","type":"image\/jpeg"}],"twitter_card":"summary_large_image","twitter_misc":{"Est. reading time":"2 minutes"},"schema":{"@context":"https:\/\/schema.org","@graph":[{"@type":"WebPage","@id":"https:\/\/tajkertesz.com\/termek\/volldunger-linz-vizoldhato-mutragya-2kg\/","url":"https:\/\/tajkertesz.com\/termek\/volldunger-linz-vizoldhato-mutragya-2kg\/","name":"VOLLD\u00dcNGER LINZ v\u00edzoldhat\u00f3 m\u0171tr\u00e1gya 2Kg - T\u00e1jkert\u00e9sz","isPartOf":{"@id":"https:\/\/tajkertesz.com\/#website"},"primaryImageOfPage":{"@id":"https:\/\/tajkertesz.com\/termek\/volldunger-linz-vizoldhato-mutragya-2kg\/#primaryimage"},"image":{"@id":"https:\/\/tajkertesz.com\/termek\/volldunger-linz-vizoldhato-mutragya-2kg\/#primaryimage"},"thumbnailUrl":"https:\/\/tajkertesz.com\/wp-content\/uploads\/2024\/01\/voll2301.jpg","datePublished":"2024-01-24T12:34:04+00:00","dateModified":"2026-02-13T09:11:14+00:00","description":"VOLLD\u00dcNGER LINZ v\u00edzoldhat\u00f3 m\u0171tr\u00e1gya 2Kg. Sokoldal\u00faan felhaszn\u00e1lhat\u00f3 \u00f6nt\u00f6z\u0151 m\u0171tr\u00e1gya. K\u00e1lium t\u00fals\u00falyos \u00f6sszet\u00e9tele minden kert\u00e9szeti kult\u00far\u00e1nak kiv\u00e1l\u00f3.","breadcrumb":{"@id":"https:\/\/tajkertesz.com\/termek\/volldunger-linz-vizoldhato-mutragya-2kg\/#breadcrumb"},"inLanguage":"en-US","potentialAction":[{"@type":"ReadAction","target":["https:\/\/tajkertesz.com\/termek\/volldunger-linz-vizoldhato-mutragya-2kg\/"]}]},{"@type":"ImageObject","inLanguage":"en-US","@id":"https:\/\/tajkertesz.com\/termek\/volldunger-linz-vizoldhato-mutragya-2kg\/#primaryimage","url":"https:\/\/tajkertesz.com\/wp-content\/uploads\/2024\/01\/voll2301.jpg","contentUrl":"https:\/\/tajkertesz.com\/wp-content\/uploads\/2024\/01\/voll2301.jpg","width":940,"height":788},{"@type":"BreadcrumbList","@id":"https:\/\/tajkertesz.com\/termek\/volldunger-linz-vizoldhato-mutragya-2kg\/#breadcrumb","itemListElement":[{"@type":"ListItem","position":1,"name":"Home","item":"https:\/\/tajkertesz.com\/"},{"@type":"ListItem","position":2,"name":"Kezd\u0151lap","item":"https:\/\/tajkertesz.com\/"},{"@type":"ListItem","position":3,"name":"VOLLD\u00dcNGER LINZ v\u00edzoldhat\u00f3 m\u0171tr\u00e1gya 2Kg"}]},{"@type":"WebSite","@id":"https:\/\/tajkertesz.com\/#website","url":"https:\/\/tajkertesz.com\/","name":"T\u00e1j-Kert\u00e9sz 84 Kft.","description":"Kert\u00e9szeti kis- \u00e9s nagykeresked\u00e9s, D\u00edszn\u00f6v\u00e9ny web\u00e1ruh\u00e1z orsz\u00e1gos h\u00e1zhozsz\u00e1ll\u00edt\u00e1ssal!","publisher":{"@id":"https:\/\/tajkertesz.com\/#organization"},"potentialAction":[{"@type":"SearchAction","target":{"@type":"EntryPoint","urlTemplate":"https:\/\/tajkertesz.com\/?s={search_term_string}"},"query-input":{"@type":"PropertyValueSpecification","valueRequired":true,"valueName":"search_term_string"}}],"inLanguage":"en-US"},{"@type":"Organization","@id":"https:\/\/tajkertesz.com\/#organization","name":"T\u00e1j-Kert\u00e9sz 84 Kft.","url":"https:\/\/tajkertesz.com\/","logo":{"@type":"ImageObject","inLanguage":"en-US","@id":"https:\/\/tajkertesz.com\/#\/schema\/logo\/image\/","url":"https:\/\/tajkertesz.com\/wp-content\/uploads\/2018\/02\/logo-2-e1518678052539.png","contentUrl":"https:\/\/tajkertesz.com\/wp-content\/uploads\/2018\/02\/logo-2-e1518678052539.png","width":81,"height":140,"caption":"T\u00e1j-Kert\u00e9sz 84 Kft."},"image":{"@id":"https:\/\/tajkertesz.com\/#\/schema\/logo\/image\/"},"sameAs":["https:\/\/www.facebook.com\/Tajkertesz\/"]}]}},"_links":{"self":[{"href":"https:\/\/tajkertesz.com\/en_US\/wp-json\/wp\/v2\/product\/18820","targetHints":{"allow":["GET"]}}],"collection":[{"href":"https:\/\/tajkertesz.com\/en_US\/wp-json\/wp\/v2\/product"}],"about":[{"href":"https:\/\/tajkertesz.com\/en_US\/wp-json\/wp\/v2\/types\/product"}],"wp:featuredmedia":[{"embeddable":true,"href":"https:\/\/tajkertesz.com\/en_US\/wp-json\/wp\/v2\/media\/18821"}],"wp:attachment":[{"href":"https:\/\/tajkertesz.com\/en_US\/wp-json\/wp\/v2\/media?parent=18820"}],"wp:term":[{"taxonomy":"product_brand","embeddable":true,"href":"https:\/\/tajkertesz.com\/en_US\/wp-json\/wp\/v2\/product_brand?post=18820"},{"taxonomy":"product_cat","embeddable":true,"href":"https:\/\/tajkertesz.com\/en_US\/wp-json\/wp\/v2\/product_cat?post=18820"},{"taxonomy":"product_tag","embeddable":true,"href":"https:\/\/tajkertesz.com\/en_US\/wp-json\/wp\/v2\/product_tag?post=18820"}],"curies":[{"name":"wp","href":"https:\/\/api.w.org\/{rel}","templated":true}]}}