{"id":18827,"date":"2024-01-24T13:45:18","date_gmt":"2024-01-24T13:45:18","guid":{"rendered":"https:\/\/tajkertesz.com\/?post_type=product&#038;p=18827"},"modified":"2026-02-13T09:11:46","modified_gmt":"2026-02-13T09:11:46","slug":"dehidratalt-tozegkorong-csiraztatashoz","status":"publish","type":"product","link":"https:\/\/tajkertesz.com\/en_US\/product\/dehidratalt-tozegkorong-csiraztatashoz\/","title":{"rendered":"Dehidrat\u00e1lt t\u0151zegkorong cs\u00edr\u00e1ztat\u00e1shoz 200-200-5"},"content":{"rendered":"<p>Dehidrat\u00e1lt t\u0151zegkorong cs\u00edr\u00e1ztat\u00e1shoz<\/p>\n<p>A Dehidrat\u00e1lt t\u0151zegkorong cs\u00edr\u00e1ztat\u00e1shoz el\u0151nye nem kell kiszedni a n\u00f6v\u00e9nyt bel\u0151le, hanem vele egy\u00fctt ki\u00fcltethet\u0151, mert 100 %-ban lebomlik.<\/p>\n<p>A v\u00edz \u00e9s a leveg\u0151 teljesen \u00e1tj\u00e1rja.\u00a0 T\u0151zegb\u0151l k\u00e9sz\u00fclt korong. Ide\u00e1lis n\u00f6v\u00e9nyek \u00fcltet\u00e9s\u00e9hez vagy \u00e1t\u00fcltet\u00e9s\u00e9hez. T\u0151zegb\u0151l k\u00e9sz\u00fclt. 4 cm az \u00e1tm\u00e9r\u0151je. 25 db-ot tartalmaz egy csomag.<\/p>\n<div class=\"mt-2 color-brown text-lg\">\n<p><a href=\"https:\/\/tajkertesz.com\/\">https:\/\/tajkertesz.com\/<\/a><\/p>\n<p><a href=\"https:\/\/www.facebook.com\/tajkertesz\/\">https:\/\/www.facebook.com\/tajkertesz\/<\/a><\/p>\n<div id=\"bodyContent\" class=\"mw-body-content\">\n<div id=\"mw-content-text\" class=\"mw-content-ltr\" dir=\"ltr\" lang=\"hu\">\n<div id=\"bodyContent\" class=\"mw-body-content\">\n<div id=\"mw-content-text\" class=\"mw-content-ltr\" dir=\"ltr\" lang=\"hu\">\n<p>Kisz\u00e1ll\u00edt\u00e1s: 200 cm \u00e9s 40 kg is a sz\u00e1ll\u00edt\u00e1s fut\u00e1rszolg\u00e1lattal t\u00f6rt\u00e9nik.<\/p>\n<p>Szem\u00e9lyes \u00e1tv\u00e9tel nyitvatart\u00e1si id\u0151ben a\u00a0 17. ker\u00fclet Bakancsos utca 7. sz\u00e1m alatti Kert\u00e9szeti \u00e1rud\u00e1ban.<\/p>\n<\/div>\n<\/div>\n<\/div>\n<\/div>\n<p><b>K\u00e9szlet\u00fcnk napi szinten v\u00e1ltozik, ez\u00e9rt k\u00e9rj\u00fck, \u00e9rdekl\u0151dj\u00f6n szem\u00e9lyesen, telefonon vagy email-en.<br \/>\nA v\u00e1ltoztat\u00e1s jog\u00e1t fenntartjuk!\u00a0<\/b><\/p>\n<p>\u00d6sszepr\u00e9selt, cellul\u00f3zh\u00e1l\u00f3val k\u00f6r\u00fclvett t\u0151zegkorong, pal\u00e1ntanevel\u00e9sre, dugv\u00e1nygy\u00f6kereztet\u00e9sre. Haszn\u00e1lata nagyon egyszer\u0171, hiszen mind\u00f6ssze vizet kell hozz\u00e1adnunk, \u00e9s azonnal az eredeti m\u00e9ret\u00e9nek a h\u00e9tszeres\u00e9re n\u00f6vekszik.<br \/>\nKiv\u00e1l\u00f3an alkalmas dugv\u00e1nyok gy\u00f6kereztet\u00e9s\u00e9hez, magok cs\u00edr\u00e1ztat\u00e1s\u00e1hoz.<\/p>\n<p>El\u0151nyei:<\/p>\n<div>\n<ul>\n<li>m\u00e1r a kezdetekt\u0151l haszn\u00e1lhat\u00f3<\/li>\n<li>gyors \u00e9s biztos cs\u00edr\u00e1z\u00e1st tesz lehet\u0151v\u00e9 a n\u00f6v\u00e9nyek r\u00e9sz\u00e9re<\/li>\n<li>egyszer\u0171en \u00e9s tiszt\u00e1n alkalmazhat\u00f3<\/li>\n<li>term\u00e9szetes anyagb\u00f3l \u00e1ll\u00edtj\u00e1k el\u0151<\/li>\n<li>praktikus \u00fcltet\u00e9s<\/li>\n<\/ul>\n<p>Alkalmaz\u00e1sa:<\/p>\n<\/div>\n<div>\n<p>\u00d6sszepr\u00e9selt, cellul\u00f3zh\u00e1l\u00f3val k\u00f6r\u00fclvett t\u0151zegkorong, kb.: 33 mm -es \u00e1tm\u00e9r\u0151re \u00e9s 40 mm -es magass\u00e1gra duzzad. Haszn\u00e1lat el\u0151tt a korongot fel kell sz\u00edvatni v\u00edzzel \u00e9s \u00edgy a mag\u00e1ba sz\u00edvott nedvess\u00e9gt\u0151l lesz henger alak\u00fa, majd egy a sz\u00e1m\u00e1ra kialak\u00edtott t\u00e1lc\u00e1ra helyezhet\u0151. Az er\u0151s gy\u00f6k\u00e9rzet kialakul\u00e1s\u00e1ig\u00a0 hagyjuk benne a n\u00f6v\u00e9nyt, azut\u00e1n a koronggal\u00a0 egy\u00fctt \u00e1t\u00fcltethet\u0151.<\/p>\n<p>Fontos inform\u00e1ci\u00f3k a korong haszn\u00e1lat\u00e1r\u00f3l:<\/p>\n<\/div>\n<div>\n<ul>\n<li>Ne engedje, hogy kisz\u00e1radjon!<\/li>\n<li>Nem szabad v\u00edzben \u00e1llnia hossz\u00fa ideig.<\/li>\n<li>Ne tegye ki fagyvesz\u00e9lynek!<\/li>\n<\/ul>\n<\/div>\n<div class=\"mt-2 color-brown text-lg\">\n<div class=\"mt-2 color-brown text-lg\">\n<div class=\"mt-2 color-brown text-lg\">\n<div class=\"mt-2 color-brown text-lg\">\n<h5 class=\"justtellmewhat uppercase color-green-2 text-3xl\"><span style=\"color: #ffffff;\">EL\u0150N<\/span><\/h5>\n<\/div>\n<\/div>\n<\/div>\n<\/div>\n<\/div>","protected":false},"excerpt":{"rendered":"<p>A Dehidrat\u00e1lt t\u0151zegkorong cs\u00edr\u00e1ztat\u00e1shoz el\u0151nye nem kell kiszedni a n\u00f6v\u00e9nyt bel\u0151le, hanem vele egy\u00fctt ki\u00fcltethet\u0151, mert 100 %-ban lebomlik.<\/p>\n<p>A v\u00edz \u00e9s a leveg\u0151 teljesen \u00e1tj\u00e1rja.\u00a0 T\u0151zegb\u0151l k\u00e9sz\u00fclt korong. Ide\u00e1lis n\u00f6v\u00e9nyek \u00fcltet\u00e9s\u00e9hez vagy \u00e1t\u00fcltet\u00e9s\u00e9hez. T\u0151zegb\u0151l k\u00e9sz\u00fclt. 4 cm az \u00e1tm\u00e9r\u0151je. 25 db-ot tartalmaz egy csomag.<\/p>\n<div class=\"mt-2 color-brown text-lg\">\n<p><a href=\"https:\/\/tajkertesz.com\/\">https:\/\/tajkertesz.com\/<\/a><\/p>\n<\/div>","protected":false},"featured_media":18828,"template":"","meta":{"_et_pb_use_builder":"","_et_pb_old_content":"","_et_gb_content_width":""},"product_brand":[],"product_cat":[3652],"product_tag":[4714,3712,4712,1473,3714],"class_list":{"0":"post-18827","1":"product","2":"type-product","3":"status-publish","4":"has-post-thumbnail","6":"product_cat-magvetes-palantazas","7":"product_tag-24-200-5","8":"product_tag-csiraztatashoz","9":"product_tag-tabletta","10":"product_tag-tozeg","11":"product_tag-tozeg-tabletta","13":"first","14":"instock","15":"shipping-taxable","16":"purchasable","17":"product-type-simple"},"yoast_head":"<!-- This site is optimized with the Yoast SEO plugin v27.5 - https:\/\/yoast.com\/product\/yoast-seo-wordpress\/ -->\n<title>Dehidrat\u00e1lt t\u0151zegkorong cs\u00edr\u00e1ztat\u00e1shoz 200-200-5 - T\u00e1jkert\u00e9sz<\/title>\n<meta name=\"description\" content=\"A Dehidrat\u00e1lt t\u0151zegkorong cs\u00edr\u00e1ztat\u00e1shoz el\u0151nye nem kell kiszedni a n\u00f6v\u00e9nyt bel\u0151le, hanem vele egy\u00fctt ki\u00fcltethet\u0151. 100%- ban komposzt\u00e1lhat\u00f3.\" \/>\n<meta name=\"robots\" content=\"index, follow, max-snippet:-1, max-image-preview:large, max-video-preview:-1\" \/>\n<link rel=\"canonical\" href=\"https:\/\/tajkertesz.com\/en_US\/product\/dehidratalt-tozegkorong-csiraztatashoz\/\" \/>\n<meta property=\"og:locale\" content=\"en_US\" \/>\n<meta property=\"og:type\" content=\"article\" \/>\n<meta property=\"og:title\" content=\"Dehidrat\u00e1lt t\u0151zegkorong cs\u00edr\u00e1ztat\u00e1shoz 200-200-5 - T\u00e1jkert\u00e9sz\" \/>\n<meta property=\"og:description\" content=\"A Dehidrat\u00e1lt t\u0151zegkorong cs\u00edr\u00e1ztat\u00e1shoz el\u0151nye nem kell kiszedni a n\u00f6v\u00e9nyt bel\u0151le, hanem vele egy\u00fctt ki\u00fcltethet\u0151. 100%- ban komposzt\u00e1lhat\u00f3.\" \/>\n<meta property=\"og:url\" content=\"https:\/\/tajkertesz.com\/en_US\/product\/dehidratalt-tozegkorong-csiraztatashoz\/\" \/>\n<meta property=\"og:site_name\" content=\"T\u00e1jkert\u00e9sz\" \/>\n<meta property=\"article:publisher\" content=\"https:\/\/www.facebook.com\/Tajkertesz\/\" \/>\n<meta property=\"article:modified_time\" content=\"2026-02-13T09:11:46+00:00\" \/>\n<meta property=\"og:image\" content=\"https:\/\/tajkertesz.com\/wp-content\/uploads\/2024\/01\/24-700-1.png\" \/>\n\t<meta property=\"og:image:width\" content=\"413\" \/>\n\t<meta property=\"og:image:height\" content=\"305\" \/>\n\t<meta property=\"og:image:type\" content=\"image\/png\" \/>\n<meta name=\"twitter:card\" content=\"summary_large_image\" \/>\n<meta name=\"twitter:label1\" content=\"Est. reading time\" \/>\n\t<meta name=\"twitter:data1\" content=\"2 minutes\" \/>\n<script type=\"application\/ld+json\" class=\"yoast-schema-graph\">{\"@context\":\"https:\\\/\\\/schema.org\",\"@graph\":[{\"@type\":\"WebPage\",\"@id\":\"https:\\\/\\\/tajkertesz.com\\\/termek\\\/dehidratalt-tozegkorong-csiraztatashoz\\\/\",\"url\":\"https:\\\/\\\/tajkertesz.com\\\/termek\\\/dehidratalt-tozegkorong-csiraztatashoz\\\/\",\"name\":\"Dehidrat\u00e1lt t\u0151zegkorong cs\u00edr\u00e1ztat\u00e1shoz 200-200-5 - T\u00e1jkert\u00e9sz\",\"isPartOf\":{\"@id\":\"https:\\\/\\\/tajkertesz.com\\\/#website\"},\"primaryImageOfPage\":{\"@id\":\"https:\\\/\\\/tajkertesz.com\\\/termek\\\/dehidratalt-tozegkorong-csiraztatashoz\\\/#primaryimage\"},\"image\":{\"@id\":\"https:\\\/\\\/tajkertesz.com\\\/termek\\\/dehidratalt-tozegkorong-csiraztatashoz\\\/#primaryimage\"},\"thumbnailUrl\":\"https:\\\/\\\/tajkertesz.com\\\/wp-content\\\/uploads\\\/2024\\\/01\\\/24-700-1.png\",\"datePublished\":\"2024-01-24T13:45:18+00:00\",\"dateModified\":\"2026-02-13T09:11:46+00:00\",\"description\":\"A Dehidrat\u00e1lt t\u0151zegkorong cs\u00edr\u00e1ztat\u00e1shoz el\u0151nye nem kell kiszedni a n\u00f6v\u00e9nyt bel\u0151le, hanem vele egy\u00fctt ki\u00fcltethet\u0151. 100%- ban komposzt\u00e1lhat\u00f3.\",\"breadcrumb\":{\"@id\":\"https:\\\/\\\/tajkertesz.com\\\/termek\\\/dehidratalt-tozegkorong-csiraztatashoz\\\/#breadcrumb\"},\"inLanguage\":\"en-US\",\"potentialAction\":[{\"@type\":\"ReadAction\",\"target\":[\"https:\\\/\\\/tajkertesz.com\\\/termek\\\/dehidratalt-tozegkorong-csiraztatashoz\\\/\"]}]},{\"@type\":\"ImageObject\",\"inLanguage\":\"en-US\",\"@id\":\"https:\\\/\\\/tajkertesz.com\\\/termek\\\/dehidratalt-tozegkorong-csiraztatashoz\\\/#primaryimage\",\"url\":\"https:\\\/\\\/tajkertesz.com\\\/wp-content\\\/uploads\\\/2024\\\/01\\\/24-700-1.png\",\"contentUrl\":\"https:\\\/\\\/tajkertesz.com\\\/wp-content\\\/uploads\\\/2024\\\/01\\\/24-700-1.png\",\"width\":413,\"height\":305},{\"@type\":\"BreadcrumbList\",\"@id\":\"https:\\\/\\\/tajkertesz.com\\\/termek\\\/dehidratalt-tozegkorong-csiraztatashoz\\\/#breadcrumb\",\"itemListElement\":[{\"@type\":\"ListItem\",\"position\":1,\"name\":\"Home\",\"item\":\"https:\\\/\\\/tajkertesz.com\\\/\"},{\"@type\":\"ListItem\",\"position\":2,\"name\":\"Kezd\u0151lap\",\"item\":\"https:\\\/\\\/tajkertesz.com\\\/\"},{\"@type\":\"ListItem\",\"position\":3,\"name\":\"Dehidrat\u00e1lt t\u0151zegkorong cs\u00edr\u00e1ztat\u00e1shoz 200-200-5\"}]},{\"@type\":\"WebSite\",\"@id\":\"https:\\\/\\\/tajkertesz.com\\\/#website\",\"url\":\"https:\\\/\\\/tajkertesz.com\\\/\",\"name\":\"T\u00e1j-Kert\u00e9sz 84 Kft.\",\"description\":\"Kert\u00e9szeti kis- \u00e9s nagykeresked\u00e9s, D\u00edszn\u00f6v\u00e9ny web\u00e1ruh\u00e1z orsz\u00e1gos h\u00e1zhozsz\u00e1ll\u00edt\u00e1ssal!\",\"publisher\":{\"@id\":\"https:\\\/\\\/tajkertesz.com\\\/#organization\"},\"potentialAction\":[{\"@type\":\"SearchAction\",\"target\":{\"@type\":\"EntryPoint\",\"urlTemplate\":\"https:\\\/\\\/tajkertesz.com\\\/?s={search_term_string}\"},\"query-input\":{\"@type\":\"PropertyValueSpecification\",\"valueRequired\":true,\"valueName\":\"search_term_string\"}}],\"inLanguage\":\"en-US\"},{\"@type\":\"Organization\",\"@id\":\"https:\\\/\\\/tajkertesz.com\\\/#organization\",\"name\":\"T\u00e1j-Kert\u00e9sz 84 Kft.\",\"url\":\"https:\\\/\\\/tajkertesz.com\\\/\",\"logo\":{\"@type\":\"ImageObject\",\"inLanguage\":\"en-US\",\"@id\":\"https:\\\/\\\/tajkertesz.com\\\/#\\\/schema\\\/logo\\\/image\\\/\",\"url\":\"https:\\\/\\\/tajkertesz.com\\\/wp-content\\\/uploads\\\/2018\\\/02\\\/logo-2-e1518678052539.png\",\"contentUrl\":\"https:\\\/\\\/tajkertesz.com\\\/wp-content\\\/uploads\\\/2018\\\/02\\\/logo-2-e1518678052539.png\",\"width\":81,\"height\":140,\"caption\":\"T\u00e1j-Kert\u00e9sz 84 Kft.\"},\"image\":{\"@id\":\"https:\\\/\\\/tajkertesz.com\\\/#\\\/schema\\\/logo\\\/image\\\/\"},\"sameAs\":[\"https:\\\/\\\/www.facebook.com\\\/Tajkertesz\\\/\"]}]}<\/script>\n<!-- \/ Yoast SEO plugin. -->","yoast_head_json":{"title":"Dehidrat\u00e1lt t\u0151zegkorong cs\u00edr\u00e1ztat\u00e1shoz 200-200-5 - T\u00e1jkert\u00e9sz","description":"A Dehidrat\u00e1lt t\u0151zegkorong cs\u00edr\u00e1ztat\u00e1shoz el\u0151nye nem kell kiszedni a n\u00f6v\u00e9nyt bel\u0151le, hanem vele egy\u00fctt ki\u00fcltethet\u0151. 100%- ban komposzt\u00e1lhat\u00f3.","robots":{"index":"index","follow":"follow","max-snippet":"max-snippet:-1","max-image-preview":"max-image-preview:large","max-video-preview":"max-video-preview:-1"},"canonical":"https:\/\/tajkertesz.com\/en_US\/product\/dehidratalt-tozegkorong-csiraztatashoz\/","og_locale":"en_US","og_type":"article","og_title":"Dehidrat\u00e1lt t\u0151zegkorong cs\u00edr\u00e1ztat\u00e1shoz 200-200-5 - T\u00e1jkert\u00e9sz","og_description":"A Dehidrat\u00e1lt t\u0151zegkorong cs\u00edr\u00e1ztat\u00e1shoz el\u0151nye nem kell kiszedni a n\u00f6v\u00e9nyt bel\u0151le, hanem vele egy\u00fctt ki\u00fcltethet\u0151. 100%- ban komposzt\u00e1lhat\u00f3.","og_url":"https:\/\/tajkertesz.com\/en_US\/product\/dehidratalt-tozegkorong-csiraztatashoz\/","og_site_name":"T\u00e1jkert\u00e9sz","article_publisher":"https:\/\/www.facebook.com\/Tajkertesz\/","article_modified_time":"2026-02-13T09:11:46+00:00","og_image":[{"width":413,"height":305,"url":"https:\/\/tajkertesz.com\/wp-content\/uploads\/2024\/01\/24-700-1.png","type":"image\/png"}],"twitter_card":"summary_large_image","twitter_misc":{"Est. reading time":"2 minutes"},"schema":{"@context":"https:\/\/schema.org","@graph":[{"@type":"WebPage","@id":"https:\/\/tajkertesz.com\/termek\/dehidratalt-tozegkorong-csiraztatashoz\/","url":"https:\/\/tajkertesz.com\/termek\/dehidratalt-tozegkorong-csiraztatashoz\/","name":"Dehidrat\u00e1lt t\u0151zegkorong cs\u00edr\u00e1ztat\u00e1shoz 200-200-5 - T\u00e1jkert\u00e9sz","isPartOf":{"@id":"https:\/\/tajkertesz.com\/#website"},"primaryImageOfPage":{"@id":"https:\/\/tajkertesz.com\/termek\/dehidratalt-tozegkorong-csiraztatashoz\/#primaryimage"},"image":{"@id":"https:\/\/tajkertesz.com\/termek\/dehidratalt-tozegkorong-csiraztatashoz\/#primaryimage"},"thumbnailUrl":"https:\/\/tajkertesz.com\/wp-content\/uploads\/2024\/01\/24-700-1.png","datePublished":"2024-01-24T13:45:18+00:00","dateModified":"2026-02-13T09:11:46+00:00","description":"A Dehidrat\u00e1lt t\u0151zegkorong cs\u00edr\u00e1ztat\u00e1shoz el\u0151nye nem kell kiszedni a n\u00f6v\u00e9nyt bel\u0151le, hanem vele egy\u00fctt ki\u00fcltethet\u0151. 100%- ban komposzt\u00e1lhat\u00f3.","breadcrumb":{"@id":"https:\/\/tajkertesz.com\/termek\/dehidratalt-tozegkorong-csiraztatashoz\/#breadcrumb"},"inLanguage":"en-US","potentialAction":[{"@type":"ReadAction","target":["https:\/\/tajkertesz.com\/termek\/dehidratalt-tozegkorong-csiraztatashoz\/"]}]},{"@type":"ImageObject","inLanguage":"en-US","@id":"https:\/\/tajkertesz.com\/termek\/dehidratalt-tozegkorong-csiraztatashoz\/#primaryimage","url":"https:\/\/tajkertesz.com\/wp-content\/uploads\/2024\/01\/24-700-1.png","contentUrl":"https:\/\/tajkertesz.com\/wp-content\/uploads\/2024\/01\/24-700-1.png","width":413,"height":305},{"@type":"BreadcrumbList","@id":"https:\/\/tajkertesz.com\/termek\/dehidratalt-tozegkorong-csiraztatashoz\/#breadcrumb","itemListElement":[{"@type":"ListItem","position":1,"name":"Home","item":"https:\/\/tajkertesz.com\/"},{"@type":"ListItem","position":2,"name":"Kezd\u0151lap","item":"https:\/\/tajkertesz.com\/"},{"@type":"ListItem","position":3,"name":"Dehidrat\u00e1lt t\u0151zegkorong cs\u00edr\u00e1ztat\u00e1shoz 200-200-5"}]},{"@type":"WebSite","@id":"https:\/\/tajkertesz.com\/#website","url":"https:\/\/tajkertesz.com\/","name":"T\u00e1j-Kert\u00e9sz 84 Kft.","description":"Kert\u00e9szeti kis- \u00e9s nagykeresked\u00e9s, D\u00edszn\u00f6v\u00e9ny web\u00e1ruh\u00e1z orsz\u00e1gos h\u00e1zhozsz\u00e1ll\u00edt\u00e1ssal!","publisher":{"@id":"https:\/\/tajkertesz.com\/#organization"},"potentialAction":[{"@type":"SearchAction","target":{"@type":"EntryPoint","urlTemplate":"https:\/\/tajkertesz.com\/?s={search_term_string}"},"query-input":{"@type":"PropertyValueSpecification","valueRequired":true,"valueName":"search_term_string"}}],"inLanguage":"en-US"},{"@type":"Organization","@id":"https:\/\/tajkertesz.com\/#organization","name":"T\u00e1j-Kert\u00e9sz 84 Kft.","url":"https:\/\/tajkertesz.com\/","logo":{"@type":"ImageObject","inLanguage":"en-US","@id":"https:\/\/tajkertesz.com\/#\/schema\/logo\/image\/","url":"https:\/\/tajkertesz.com\/wp-content\/uploads\/2018\/02\/logo-2-e1518678052539.png","contentUrl":"https:\/\/tajkertesz.com\/wp-content\/uploads\/2018\/02\/logo-2-e1518678052539.png","width":81,"height":140,"caption":"T\u00e1j-Kert\u00e9sz 84 Kft."},"image":{"@id":"https:\/\/tajkertesz.com\/#\/schema\/logo\/image\/"},"sameAs":["https:\/\/www.facebook.com\/Tajkertesz\/"]}]}},"_links":{"self":[{"href":"https:\/\/tajkertesz.com\/en_US\/wp-json\/wp\/v2\/product\/18827","targetHints":{"allow":["GET"]}}],"collection":[{"href":"https:\/\/tajkertesz.com\/en_US\/wp-json\/wp\/v2\/product"}],"about":[{"href":"https:\/\/tajkertesz.com\/en_US\/wp-json\/wp\/v2\/types\/product"}],"wp:featuredmedia":[{"embeddable":true,"href":"https:\/\/tajkertesz.com\/en_US\/wp-json\/wp\/v2\/media\/18828"}],"wp:attachment":[{"href":"https:\/\/tajkertesz.com\/en_US\/wp-json\/wp\/v2\/media?parent=18827"}],"wp:term":[{"taxonomy":"product_brand","embeddable":true,"href":"https:\/\/tajkertesz.com\/en_US\/wp-json\/wp\/v2\/product_brand?post=18827"},{"taxonomy":"product_cat","embeddable":true,"href":"https:\/\/tajkertesz.com\/en_US\/wp-json\/wp\/v2\/product_cat?post=18827"},{"taxonomy":"product_tag","embeddable":true,"href":"https:\/\/tajkertesz.com\/en_US\/wp-json\/wp\/v2\/product_tag?post=18827"}],"curies":[{"name":"wp","href":"https:\/\/api.w.org\/{rel}","templated":true}]}}