{"id":18832,"date":"2024-01-24T14:19:32","date_gmt":"2024-01-24T14:19:32","guid":{"rendered":"https:\/\/tajkertesz.com\/?post_type=product&#038;p=18832"},"modified":"2026-02-13T09:21:04","modified_gmt":"2026-02-13T09:21:04","slug":"cekla-bona-bebicekla-vetomag-4-g","status":"publish","type":"product","link":"https:\/\/tajkertesz.com\/en_US\/product\/cekla-bona-bebicekla-vetomag-4-g\/","title":{"rendered":"C\u00e9kla Bona &#8211; B\u00e9bic\u00e9kla vet\u0151mag 4 g"},"content":{"rendered":"<h1>C\u00e9kla Bona &#8211; B\u00e9bic\u00e9kla vet\u0151mag 4 g<\/h1>\n<p>C\u00e9kla Bona &#8211; B\u00e9bic\u00e9kla vet\u0151mag 4 g gum\u00f3ja szab\u00e1lyos g\u00f6mb alak\u00fa, lil\u00e1sv\u00f6r\u00f6s sz\u00edn\u0171. H\u00e1zikertben kis ter\u00fcleten &#8222;B\u00e9bic\u00e9kla&#8221; termeszt\u00e9s\u00e9re aj\u00e1nlott. A szok\u00e1sosn\u00e1l s\u0171r\u0171bben vetj\u00fck \u00e9s kel\u00e9s ut\u00e1n nem egyelj\u00fck ki. B\u00e9bic\u00e9kl\u00e1nak 3-5 cm \u00e1tm\u00e9r\u0151n\u00e9l szedj\u00fck.<\/p>\n<p>Tipp: Vess\u00fck 2-3 hetes k\u00f6z\u00f6kkel, hogy folyamatosan szedhess\u00fck zsenge term\u00e9s\u00e9t.<\/p>\n<p>A c\u00e9kla a r\u00e9pa (Beta) nemzets\u00e9gbe tartoz\u00f3 z\u00f6lds\u00e9gf\u00e9le, ahova t\u00f6bbek k\u00f6z\u00f6tt a m\u00e1ngold, a cukorr\u00e9pa \u00e9s a takarm\u00e1nyr\u00e9pa is tartozik. C-vitaminban gazdag, \u00edzletes z\u00f6lds\u00e9g, melyb\u0151l remek savany\u00fas\u00e1g, sal\u00e1ta \u00e9s leves (borscs) is k\u00e9sz\u00fclhet.<\/p>\n<p>Nem tartozik a k\u00fcl\u00f6nleges ig\u00e9ny\u0171 z\u00f6lds\u00e9gek k\u00f6z\u00e9. Fejl\u0151d\u00e9si ideje kb. 90-100 nap, ny\u00e1ri \u00e9s \u0151szi betakar\u00edt\u00e1sra is termeszthetj\u00fck. A ny\u00e1ron felszedett c\u00e9kl\u00e1t frissen fogyasztjuk, az \u0151szi term\u00e9s alkalmas hosszabb t\u00e1rol\u00e1sra.<\/p>\n<p>A c\u00e9kla sz\u00e1raz helyen \u00f6sszefonnyad, ez\u00e9rt h\u0171v\u00f6s, p\u00e1r\u00e1s helyen kell t\u00e1rolni, p\u00e9ld\u00e1ul a pinc\u00e9ben. Ha erre nincs lehet\u0151s\u00e9g\u00fcnk, akkor homokba fektetve t\u00e1roljuk, id\u0151nk\u00e9nt v\u00edzzel spriccelj\u00fck, \u00edgy biztos\u00edtva a nedvess\u00e9get.<\/p>\n<p>A c\u00e9kla \u00e1tlagos f\u00e9nyig\u00e9ny\u0171 n\u00f6v\u00e9ny, teljes \u00e1rny\u00e9kot kiv\u00e9ve a kert b\u00e1rmely m\u00e1s pontj\u00e1n j\u00f3l \u00e9rzi mag\u00e1t, a gy\u00f6keresed\u00e9s ide\u00e1lis h\u0151m\u00e9rs\u00e9klettartom\u00e1nya 15-22 fok.<\/p>\n<p>Talajok k\u00f6z\u00fcl legink\u00e1bb a v\u00e1lyogos-homokos-humuszos talajt kedveli, de alapvet\u0151en b\u00e1rmilyen talajban j\u00f3l termeszthet\u0151, ami nem t\u00fals\u00e1gosan k\u00f6t\u00f6tt. A t\u00falzottan k\u00f6t\u00f6tt talajt homokos felt\u00f6lt\u00e9ssel, talajkever\u00e9ssel jav\u00edthatjuk.<\/p>\n<p>A c\u00e9kla a megfelel\u0151 fejl\u0151d\u00e9shez term\u00e9szetesen t\u00e1panyagokat is ig\u00e9nyel, azonban frissen szervestr\u00e1gy\u00e1zott talajban gyeng\u00e9bb min\u0151s\u00e9g\u0171 term\u00e9st hoz. M\u00e1sodvetem\u00e9nyk\u00e9nt, vagy olyan \u00e1gy\u00e1sban \u00e9rdemes termeszteni, ahol az el\u0151z\u0151 \u00e9vben t\u00f6rt\u00e9nt tr\u00e1gy\u00e1z\u00e1s.<\/p>\n<p>Kel\u00e9s ut\u00e1n 3-4 h\u00e9ttel ritk\u00edt\u00e1ssal \u00e1ll\u00edtjuk be a k\u00edv\u00e1nt t\u0151t\u00e1vols\u00e1got. M\u00e1sodvet\u00e9sben soha ne ker\u00fclj\u00f6n a spen\u00f3t hely\u00e9re, mivel egy n\u00f6v\u00e9nycsal\u00e1dhoz tartoznak. A c\u00e9kl\u00e1t mindig h\u00e9jast\u00f3l f\u0151zz\u00fck meg, \u00e9s azut\u00e1n h\u00e1mozzuk, \u00edgy zamatos marad.<\/p>\n<table class=\"csoportinfo\" cellspacing=\"0\">\n<tbody>\n<tr class=\"csoportinfofejlec\">\n<td class=\"csoportinfofejlec\" width=\"15%\">magsz\u00e1m\/gramm<\/td>\n<td class=\"csoportinfofejlec\" width=\"19%\">vet\u0151magig\u00e9ny g\/10nm<\/td>\n<td class=\"csoportinfofejlec\" width=\"19%\">vet\u00e9sid\u0151 szabadf\u00f6ldi termeszt\u00e9shez<\/td>\n<td class=\"csoportinfofejlec\" width=\"15%\">vet\u00e9sm\u00e9lys\u00e9g cm<\/td>\n<td class=\"csoportinfofejlec\" width=\"17%\">sor- \u00e9s t\u0151t\u00e1vols\u00e1g cm<\/td>\n<td class=\"csoportinfofejlec\" width=\"15%\">cs\u00edr\u00e1z\u00e1si nap<br \/>\n6-20C fokon<\/td>\n<\/tr>\n<tr class=\"csoportinfotorzs\">\n<td class=\"csoportinfotorzs\">600-800<\/td>\n<td class=\"csoportinfotorzs\">4-5<\/td>\n<td class=\"csoportinfotorzs\">III-VI. h\u00f3nap<\/td>\n<td class=\"csoportinfotorzs\">1-2<\/td>\n<td class=\"csoportinfotorzs\">25-30 x 3-4<\/td>\n<td class=\"csoportinfotorzs\">15-20 nap<\/td>\n<\/tr>\n<\/tbody>\n<\/table>\n<p><strong>K\u00e9szlet\u00fcnk napi szinten v\u00e1ltozik, ez\u00e9rt k\u00e9rj\u00fck, \u00e9rdekl\u0151dj\u00f6n szem\u00e9lyesen, telefonon vagy email-en.<br \/>\nA v\u00e1ltoztat\u00e1s jog\u00e1t fenntartjuk!\u00a0<\/strong><\/p>\n<p><a href=\"https:\/\/tajkertesz.com\/\">https:\/\/tajkertesz.com\/<\/a><\/p>\n<p><a href=\"https:\/\/www.facebook.com\/tajkertesz\/\">https:\/\/www.facebook.com\/tajkertesz\/<\/a><\/p>\n<p>Kisz\u00e1ll\u00edt\u00e1s: 200cm-ig \u00a0\u00e9s 40 kg-ig a sz\u00e1ll\u00edt\u00e1s fut\u00e1rszolg\u00e1lattal \u00a0t\u00f6rt\u00e9nik!<\/p>\n<p>Szem\u00e9lyes \u00e1tv\u00e9tel nyitvatart\u00e1si id\u0151ben a 17. ker\u00fclet Bakancsos utca 7. sz\u00e1m alatti Kert\u00e9szeti \u00e1rud\u00e1ban<\/p>\n<p>&nbsp;<\/p>\n<p>Szem\u00e9lyes \u00e1tv\u00e9tel ak\u00e1r a mai napon, vagy h\u00e1zhozsz\u00e1ll\u00edt\u00e1s 1-2 napon bel\u00fcl!<\/p>\n<p>&nbsp;<\/p>\n<p>1173.Bp.Bakancsos u.7.<\/p>\n<p><a href=\"https:\/\/www.tajkertesz.com\/\">www.tajkertesz.com<\/a><\/p>\n<p>Kert\u00e9szeti kis-\u00e9s nagykeresked\u00e9s<\/p>","protected":false},"excerpt":{"rendered":"<h1>C\u00e9kla Bona &#8211; B\u00e9bic\u00e9kla vet\u0151mag 4 g<\/h1>\n<p>C\u00e9kla Bona &#8211; B\u00e9bic\u00e9kla vet\u0151mag 4 g gum\u00f3ja szab\u00e1lyos g\u00f6mb alak\u00fa, lil\u00e1sv\u00f6r\u00f6s sz\u00edn\u0171. H\u00e1zikertben kis ter\u00fcleten &#8222;B\u00e9bic\u00e9kla&#8221; termeszt\u00e9s\u00e9re aj\u00e1nlott. A szok\u00e1sosn\u00e1l s\u0171r\u0171bben vetj\u00fck \u00e9s kel\u00e9s ut\u00e1n nem egyelj\u00fck ki. B\u00e9bic\u00e9kl\u00e1nak 3-5 cm \u00e1tm\u00e9r\u0151n\u00e9l szedj\u00fck.<\/p>","protected":false},"featured_media":18833,"template":"","meta":{"_et_pb_use_builder":"","_et_pb_old_content":"","_et_gb_content_width":""},"product_brand":[],"product_cat":[2881],"product_tag":[4110,4115,4138],"class_list":{"0":"post-18832","1":"product","2":"type-product","3":"status-publish","4":"has-post-thumbnail","6":"product_cat-zoldsegnoveny-vetomagok","7":"product_tag-cekla","8":"product_tag-vetomag","9":"product_tag-vetomagok","11":"first","12":"instock","13":"shipping-taxable","14":"purchasable","15":"product-type-simple"},"yoast_head":"<!-- This site is optimized with the Yoast SEO plugin v27.4 - https:\/\/yoast.com\/product\/yoast-seo-wordpress\/ -->\n<title>C\u00e9kla Bona - B\u00e9bic\u00e9kla vet\u0151mag 4 g - T\u00e1jkert\u00e9sz<\/title>\n<meta name=\"description\" content=\"C\u00e9kla Bona - B\u00e9bic\u00e9kla vet\u0151mag 4 g gum\u00f3ja szab\u00e1lyos g\u00f6mb alak\u00fa, lil\u00e1sv\u00f6r\u00f6s sz\u00edn\u0171. H\u00e1zikertben kis ter\u00fcleten &quot;B\u00e9bic\u00e9kla&quot; termeszt\u00e9s\u00e9re aj\u00e1nlott.\" \/>\n<meta name=\"robots\" content=\"index, follow, max-snippet:-1, max-image-preview:large, max-video-preview:-1\" \/>\n<link rel=\"canonical\" href=\"https:\/\/tajkertesz.com\/en_US\/product\/cekla-bona-bebicekla-vetomag-4-g\/\" \/>\n<meta property=\"og:locale\" content=\"en_US\" \/>\n<meta property=\"og:type\" content=\"article\" \/>\n<meta property=\"og:title\" content=\"C\u00e9kla Bona - B\u00e9bic\u00e9kla vet\u0151mag 4 g - T\u00e1jkert\u00e9sz\" \/>\n<meta property=\"og:description\" content=\"C\u00e9kla Bona - B\u00e9bic\u00e9kla vet\u0151mag 4 g gum\u00f3ja szab\u00e1lyos g\u00f6mb alak\u00fa, lil\u00e1sv\u00f6r\u00f6s sz\u00edn\u0171. H\u00e1zikertben kis ter\u00fcleten &quot;B\u00e9bic\u00e9kla&quot; termeszt\u00e9s\u00e9re aj\u00e1nlott.\" \/>\n<meta property=\"og:url\" content=\"https:\/\/tajkertesz.com\/en_US\/product\/cekla-bona-bebicekla-vetomag-4-g\/\" \/>\n<meta property=\"og:site_name\" content=\"T\u00e1jkert\u00e9sz\" \/>\n<meta property=\"article:publisher\" content=\"https:\/\/www.facebook.com\/Tajkertesz\/\" \/>\n<meta property=\"article:modified_time\" content=\"2026-02-13T09:21:04+00:00\" \/>\n<meta property=\"og:image\" content=\"https:\/\/tajkertesz.com\/wp-content\/uploads\/2024\/01\/cekla-bebi.jpg\" \/>\n\t<meta property=\"og:image:width\" content=\"428\" \/>\n\t<meta property=\"og:image:height\" content=\"800\" \/>\n\t<meta property=\"og:image:type\" content=\"image\/jpeg\" \/>\n<meta name=\"twitter:card\" content=\"summary_large_image\" \/>\n<meta name=\"twitter:label1\" content=\"Est. reading time\" \/>\n\t<meta name=\"twitter:data1\" content=\"3 minutes\" \/>\n<script type=\"application\/ld+json\" class=\"yoast-schema-graph\">{\"@context\":\"https:\\\/\\\/schema.org\",\"@graph\":[{\"@type\":\"WebPage\",\"@id\":\"https:\\\/\\\/tajkertesz.com\\\/termek\\\/cekla-bona-bebicekla-vetomag-4-g\\\/\",\"url\":\"https:\\\/\\\/tajkertesz.com\\\/termek\\\/cekla-bona-bebicekla-vetomag-4-g\\\/\",\"name\":\"C\u00e9kla Bona - B\u00e9bic\u00e9kla vet\u0151mag 4 g - T\u00e1jkert\u00e9sz\",\"isPartOf\":{\"@id\":\"https:\\\/\\\/tajkertesz.com\\\/#website\"},\"primaryImageOfPage\":{\"@id\":\"https:\\\/\\\/tajkertesz.com\\\/termek\\\/cekla-bona-bebicekla-vetomag-4-g\\\/#primaryimage\"},\"image\":{\"@id\":\"https:\\\/\\\/tajkertesz.com\\\/termek\\\/cekla-bona-bebicekla-vetomag-4-g\\\/#primaryimage\"},\"thumbnailUrl\":\"https:\\\/\\\/tajkertesz.com\\\/wp-content\\\/uploads\\\/2024\\\/01\\\/cekla-bebi.jpg\",\"datePublished\":\"2024-01-24T14:19:32+00:00\",\"dateModified\":\"2026-02-13T09:21:04+00:00\",\"description\":\"C\u00e9kla Bona - B\u00e9bic\u00e9kla vet\u0151mag 4 g gum\u00f3ja szab\u00e1lyos g\u00f6mb alak\u00fa, lil\u00e1sv\u00f6r\u00f6s sz\u00edn\u0171. H\u00e1zikertben kis ter\u00fcleten \\\"B\u00e9bic\u00e9kla\\\" termeszt\u00e9s\u00e9re aj\u00e1nlott.\",\"breadcrumb\":{\"@id\":\"https:\\\/\\\/tajkertesz.com\\\/termek\\\/cekla-bona-bebicekla-vetomag-4-g\\\/#breadcrumb\"},\"inLanguage\":\"en-US\",\"potentialAction\":[{\"@type\":\"ReadAction\",\"target\":[\"https:\\\/\\\/tajkertesz.com\\\/termek\\\/cekla-bona-bebicekla-vetomag-4-g\\\/\"]}]},{\"@type\":\"ImageObject\",\"inLanguage\":\"en-US\",\"@id\":\"https:\\\/\\\/tajkertesz.com\\\/termek\\\/cekla-bona-bebicekla-vetomag-4-g\\\/#primaryimage\",\"url\":\"https:\\\/\\\/tajkertesz.com\\\/wp-content\\\/uploads\\\/2024\\\/01\\\/cekla-bebi.jpg\",\"contentUrl\":\"https:\\\/\\\/tajkertesz.com\\\/wp-content\\\/uploads\\\/2024\\\/01\\\/cekla-bebi.jpg\",\"width\":428,\"height\":800},{\"@type\":\"BreadcrumbList\",\"@id\":\"https:\\\/\\\/tajkertesz.com\\\/termek\\\/cekla-bona-bebicekla-vetomag-4-g\\\/#breadcrumb\",\"itemListElement\":[{\"@type\":\"ListItem\",\"position\":1,\"name\":\"Home\",\"item\":\"https:\\\/\\\/tajkertesz.com\\\/\"},{\"@type\":\"ListItem\",\"position\":2,\"name\":\"Kezd\u0151lap\",\"item\":\"https:\\\/\\\/tajkertesz.com\\\/\"},{\"@type\":\"ListItem\",\"position\":3,\"name\":\"C\u00e9kla Bona &#8211; B\u00e9bic\u00e9kla vet\u0151mag 4 g\"}]},{\"@type\":\"WebSite\",\"@id\":\"https:\\\/\\\/tajkertesz.com\\\/#website\",\"url\":\"https:\\\/\\\/tajkertesz.com\\\/\",\"name\":\"T\u00e1j-Kert\u00e9sz 84 Kft.\",\"description\":\"Kert\u00e9szeti kis- \u00e9s nagykeresked\u00e9s, D\u00edszn\u00f6v\u00e9ny web\u00e1ruh\u00e1z orsz\u00e1gos h\u00e1zhozsz\u00e1ll\u00edt\u00e1ssal!\",\"publisher\":{\"@id\":\"https:\\\/\\\/tajkertesz.com\\\/#organization\"},\"potentialAction\":[{\"@type\":\"SearchAction\",\"target\":{\"@type\":\"EntryPoint\",\"urlTemplate\":\"https:\\\/\\\/tajkertesz.com\\\/?s={search_term_string}\"},\"query-input\":{\"@type\":\"PropertyValueSpecification\",\"valueRequired\":true,\"valueName\":\"search_term_string\"}}],\"inLanguage\":\"en-US\"},{\"@type\":\"Organization\",\"@id\":\"https:\\\/\\\/tajkertesz.com\\\/#organization\",\"name\":\"T\u00e1j-Kert\u00e9sz 84 Kft.\",\"url\":\"https:\\\/\\\/tajkertesz.com\\\/\",\"logo\":{\"@type\":\"ImageObject\",\"inLanguage\":\"en-US\",\"@id\":\"https:\\\/\\\/tajkertesz.com\\\/#\\\/schema\\\/logo\\\/image\\\/\",\"url\":\"https:\\\/\\\/tajkertesz.com\\\/wp-content\\\/uploads\\\/2018\\\/02\\\/logo-2-e1518678052539.png\",\"contentUrl\":\"https:\\\/\\\/tajkertesz.com\\\/wp-content\\\/uploads\\\/2018\\\/02\\\/logo-2-e1518678052539.png\",\"width\":81,\"height\":140,\"caption\":\"T\u00e1j-Kert\u00e9sz 84 Kft.\"},\"image\":{\"@id\":\"https:\\\/\\\/tajkertesz.com\\\/#\\\/schema\\\/logo\\\/image\\\/\"},\"sameAs\":[\"https:\\\/\\\/www.facebook.com\\\/Tajkertesz\\\/\"]}]}<\/script>\n<!-- \/ Yoast SEO plugin. -->","yoast_head_json":{"title":"C\u00e9kla Bona - B\u00e9bic\u00e9kla vet\u0151mag 4 g - T\u00e1jkert\u00e9sz","description":"C\u00e9kla Bona - B\u00e9bic\u00e9kla vet\u0151mag 4 g gum\u00f3ja szab\u00e1lyos g\u00f6mb alak\u00fa, lil\u00e1sv\u00f6r\u00f6s sz\u00edn\u0171. H\u00e1zikertben kis ter\u00fcleten \"B\u00e9bic\u00e9kla\" termeszt\u00e9s\u00e9re aj\u00e1nlott.","robots":{"index":"index","follow":"follow","max-snippet":"max-snippet:-1","max-image-preview":"max-image-preview:large","max-video-preview":"max-video-preview:-1"},"canonical":"https:\/\/tajkertesz.com\/en_US\/product\/cekla-bona-bebicekla-vetomag-4-g\/","og_locale":"en_US","og_type":"article","og_title":"C\u00e9kla Bona - B\u00e9bic\u00e9kla vet\u0151mag 4 g - T\u00e1jkert\u00e9sz","og_description":"C\u00e9kla Bona - B\u00e9bic\u00e9kla vet\u0151mag 4 g gum\u00f3ja szab\u00e1lyos g\u00f6mb alak\u00fa, lil\u00e1sv\u00f6r\u00f6s sz\u00edn\u0171. H\u00e1zikertben kis ter\u00fcleten \"B\u00e9bic\u00e9kla\" termeszt\u00e9s\u00e9re aj\u00e1nlott.","og_url":"https:\/\/tajkertesz.com\/en_US\/product\/cekla-bona-bebicekla-vetomag-4-g\/","og_site_name":"T\u00e1jkert\u00e9sz","article_publisher":"https:\/\/www.facebook.com\/Tajkertesz\/","article_modified_time":"2026-02-13T09:21:04+00:00","og_image":[{"width":428,"height":800,"url":"https:\/\/tajkertesz.com\/wp-content\/uploads\/2024\/01\/cekla-bebi.jpg","type":"image\/jpeg"}],"twitter_card":"summary_large_image","twitter_misc":{"Est. reading time":"3 minutes"},"schema":{"@context":"https:\/\/schema.org","@graph":[{"@type":"WebPage","@id":"https:\/\/tajkertesz.com\/termek\/cekla-bona-bebicekla-vetomag-4-g\/","url":"https:\/\/tajkertesz.com\/termek\/cekla-bona-bebicekla-vetomag-4-g\/","name":"C\u00e9kla Bona - B\u00e9bic\u00e9kla vet\u0151mag 4 g - T\u00e1jkert\u00e9sz","isPartOf":{"@id":"https:\/\/tajkertesz.com\/#website"},"primaryImageOfPage":{"@id":"https:\/\/tajkertesz.com\/termek\/cekla-bona-bebicekla-vetomag-4-g\/#primaryimage"},"image":{"@id":"https:\/\/tajkertesz.com\/termek\/cekla-bona-bebicekla-vetomag-4-g\/#primaryimage"},"thumbnailUrl":"https:\/\/tajkertesz.com\/wp-content\/uploads\/2024\/01\/cekla-bebi.jpg","datePublished":"2024-01-24T14:19:32+00:00","dateModified":"2026-02-13T09:21:04+00:00","description":"C\u00e9kla Bona - B\u00e9bic\u00e9kla vet\u0151mag 4 g gum\u00f3ja szab\u00e1lyos g\u00f6mb alak\u00fa, lil\u00e1sv\u00f6r\u00f6s sz\u00edn\u0171. H\u00e1zikertben kis ter\u00fcleten \"B\u00e9bic\u00e9kla\" termeszt\u00e9s\u00e9re aj\u00e1nlott.","breadcrumb":{"@id":"https:\/\/tajkertesz.com\/termek\/cekla-bona-bebicekla-vetomag-4-g\/#breadcrumb"},"inLanguage":"en-US","potentialAction":[{"@type":"ReadAction","target":["https:\/\/tajkertesz.com\/termek\/cekla-bona-bebicekla-vetomag-4-g\/"]}]},{"@type":"ImageObject","inLanguage":"en-US","@id":"https:\/\/tajkertesz.com\/termek\/cekla-bona-bebicekla-vetomag-4-g\/#primaryimage","url":"https:\/\/tajkertesz.com\/wp-content\/uploads\/2024\/01\/cekla-bebi.jpg","contentUrl":"https:\/\/tajkertesz.com\/wp-content\/uploads\/2024\/01\/cekla-bebi.jpg","width":428,"height":800},{"@type":"BreadcrumbList","@id":"https:\/\/tajkertesz.com\/termek\/cekla-bona-bebicekla-vetomag-4-g\/#breadcrumb","itemListElement":[{"@type":"ListItem","position":1,"name":"Home","item":"https:\/\/tajkertesz.com\/"},{"@type":"ListItem","position":2,"name":"Kezd\u0151lap","item":"https:\/\/tajkertesz.com\/"},{"@type":"ListItem","position":3,"name":"C\u00e9kla Bona &#8211; B\u00e9bic\u00e9kla vet\u0151mag 4 g"}]},{"@type":"WebSite","@id":"https:\/\/tajkertesz.com\/#website","url":"https:\/\/tajkertesz.com\/","name":"T\u00e1j-Kert\u00e9sz 84 Kft.","description":"Kert\u00e9szeti kis- \u00e9s nagykeresked\u00e9s, D\u00edszn\u00f6v\u00e9ny web\u00e1ruh\u00e1z orsz\u00e1gos h\u00e1zhozsz\u00e1ll\u00edt\u00e1ssal!","publisher":{"@id":"https:\/\/tajkertesz.com\/#organization"},"potentialAction":[{"@type":"SearchAction","target":{"@type":"EntryPoint","urlTemplate":"https:\/\/tajkertesz.com\/?s={search_term_string}"},"query-input":{"@type":"PropertyValueSpecification","valueRequired":true,"valueName":"search_term_string"}}],"inLanguage":"en-US"},{"@type":"Organization","@id":"https:\/\/tajkertesz.com\/#organization","name":"T\u00e1j-Kert\u00e9sz 84 Kft.","url":"https:\/\/tajkertesz.com\/","logo":{"@type":"ImageObject","inLanguage":"en-US","@id":"https:\/\/tajkertesz.com\/#\/schema\/logo\/image\/","url":"https:\/\/tajkertesz.com\/wp-content\/uploads\/2018\/02\/logo-2-e1518678052539.png","contentUrl":"https:\/\/tajkertesz.com\/wp-content\/uploads\/2018\/02\/logo-2-e1518678052539.png","width":81,"height":140,"caption":"T\u00e1j-Kert\u00e9sz 84 Kft."},"image":{"@id":"https:\/\/tajkertesz.com\/#\/schema\/logo\/image\/"},"sameAs":["https:\/\/www.facebook.com\/Tajkertesz\/"]}]}},"_links":{"self":[{"href":"https:\/\/tajkertesz.com\/en_US\/wp-json\/wp\/v2\/product\/18832","targetHints":{"allow":["GET"]}}],"collection":[{"href":"https:\/\/tajkertesz.com\/en_US\/wp-json\/wp\/v2\/product"}],"about":[{"href":"https:\/\/tajkertesz.com\/en_US\/wp-json\/wp\/v2\/types\/product"}],"wp:featuredmedia":[{"embeddable":true,"href":"https:\/\/tajkertesz.com\/en_US\/wp-json\/wp\/v2\/media\/18833"}],"wp:attachment":[{"href":"https:\/\/tajkertesz.com\/en_US\/wp-json\/wp\/v2\/media?parent=18832"}],"wp:term":[{"taxonomy":"product_brand","embeddable":true,"href":"https:\/\/tajkertesz.com\/en_US\/wp-json\/wp\/v2\/product_brand?post=18832"},{"taxonomy":"product_cat","embeddable":true,"href":"https:\/\/tajkertesz.com\/en_US\/wp-json\/wp\/v2\/product_cat?post=18832"},{"taxonomy":"product_tag","embeddable":true,"href":"https:\/\/tajkertesz.com\/en_US\/wp-json\/wp\/v2\/product_tag?post=18832"}],"curies":[{"name":"wp","href":"https:\/\/api.w.org\/{rel}","templated":true}]}}