{"id":18851,"date":"2024-01-24T15:55:51","date_gmt":"2024-01-24T15:55:51","guid":{"rendered":"https:\/\/tajkertesz.com\/?post_type=product&#038;p=18851"},"modified":"2026-03-10T14:17:25","modified_gmt":"2026-03-10T14:17:25","slug":"marhatragya-marha-jo-pelletalt-szarvasmarhatragya-5kg","status":"publish","type":"product","link":"https:\/\/tajkertesz.com\/en_US\/product\/marhatragya-marha-jo-pelletalt-szarvasmarhatragya-5kg\/","title":{"rendered":"Marhatr\u00e1gya\/MARHA-J\u00d3\u00ae pellet\u00e1lt szarvasmarhatr\u00e1gya 5kg"},"content":{"rendered":"<h2>Marhatr\u00e1gya\/MARHA-J\u00d3\u00ae pellet\u00e1lt szarvasmarhatr\u00e1gya 5kg<\/h2>\n<p>Marhatr\u00e1gya\/MARHA-J\u00d3\u00ae pellet\u00e1lt szarvasmarhatr\u00e1gya 5kg<\/p>\n<h2><i>R\u00f6vid ismertet\u00e9se<\/i><\/h2>\n<p style=\"font-weight: 400;\">A Marha-J\u00f3\u00ae kiv\u00e1l\u00f3 min\u0151s\u00e9g\u0171 ferment\u00e1lt, pellet\u00e1lt, mikroelemeket tartalmaz\u00f3, szarvasmarhatr\u00e1gya.<\/p>\n<p style=\"font-weight: 400;\">A v\u00f6dr\u00f6s \u201earomaz\u00e1r\u00f3\u201d csomagol\u00e1snak k\u00f6sz\u00f6nhet\u0151en kis helys\u00e9gben sem \u00e9rezhet\u0151 a szerves tr\u00e1gy\u00e1kra jellemz\u0151 szaga.<\/p>\n<h3>\u00d6sszet\u00e9tele:<\/h3>\n<ul>\n<li style=\"font-weight: 400;\">NPK\u00a0\u00a0\u00a0\u00a0\u00a0\u00a0\u00a0\u00a0\u00a0\u00a0 4-4-4<\/li>\n<li style=\"font-weight: 400;\">MgO\u00a0\u00a0\u00a0\u00a0\u00a0\u00a0\u00a0\u00a0 1 %<\/li>\n<li style=\"font-weight: 400;\">SO3\u00a0\u00a0\u00a0\u00a0\u00a0\u00a0\u00a0\u00a0\u00a0\u00a0 1%<\/li>\n<li style=\"font-weight: 400;\">Mn 350 mg\/kg<\/li>\n<li style=\"font-weight: 400;\">Zn\u00a0 280mg\/kg<\/li>\n<li style=\"font-weight: 400;\">B\u00a0\u00a0\u00a0 25mg\/kg<\/li>\n<li style=\"font-weight: 400;\">Co\u00a0 10 mg\/kg<\/li>\n<li style=\"font-weight: 400;\">Mo 50mg\/kg<\/li>\n<li style=\"font-weight: 400;\">Szerves anyagok 45 %<\/li>\n<li style=\"font-weight: 400;\">Makro \u00e9s mikro elemek<\/li>\n<li style=\"font-weight: 400;\">Aerob (2.164.000.000\/gr.) \u00e9s anaerob (1.715.000.000\/gr.) bakt\u00e9riumok<\/li>\n<li style=\"font-weight: 400;\">Hasznos, a talajban l\u00e9v\u0151 mikroorganizmusok sz\u00e1m\u00e1ra n\u00e9lk\u00fcl\u00f6zhetetlen t\u00e1panyagok<\/li>\n<li style=\"font-weight: 400;\">pH: 7<\/li>\n<\/ul>\n<h2>El\u0151nyei<\/h2>\n<ul>\n<li style=\"font-weight: 400;\">Rep\u00edt\u0151 t\u00e1rcs\u00e1s m\u0171tr\u00e1gyasz\u00f3r\u00f3kkal kiv\u00e1l\u00f3an kijuttathat\u00f3.<\/li>\n<li style=\"font-weight: 400;\">Hat\u00e1smechanizmusai k\u00f6z\u00fcl kiemelj\u00fck, hogy haszn\u00e1lata l\u00e9nyegesen megn\u00f6veli a mikrobiol\u00f3giai tev\u00e9kenys\u00e9get \u00e9s magas szerves anyag tartalm\u00e1nak k\u00f6sz\u00f6nhet\u0151en, megn\u00f6veli a talaj puffer k\u00e9pess\u00e9g\u00e9t, ez\u00e1ltal dinamikusabb\u00e1 v\u00e1lik a t\u00e1panyagfelv\u00e9tel. A Marha-J\u00f3\u00ae-ban tal\u00e1lhat\u00f3 szerves anyagok a talajba ker\u00fclve huminsavra \u00e9s aminosavra bomlanak le. Ez a folyamat oxig\u00e9nt ig\u00e9nyel, ett\u0151l optim\u00e1lisabb lesz a talajszerkezet \u00e9s javul a v\u00edzmegk\u00f6t\u0151 k\u00e9pess\u00e9ge, illetve helyenk\u00e9nt a lek\u00f6t\u0151d\u00f6tt k\u00e1lium is jobban felvehet\u0151v\u00e9 v\u00e1lik. A laz\u00e1bb talajszerkezetnek k\u00f6sz\u00f6nhet\u0151en elker\u00fclhetj\u00fck a gy\u00f6k\u00e9rfullad\u00e1st, illetve fiatal n\u00f6v\u00e9nyekn\u00e9l k\u00f6nnyebb\u00e9, dinamikusabb\u00e1 v\u00e1lik a gy\u00f6k\u00e9rn\u00f6veked\u00e9s. Homokos talajokon nagym\u00e9rt\u00e9kben el\u0151seg\u00edti a humuszk\u00e9pz\u00e9st, ez\u00e1ltal cs\u00f6kkenti a t\u00e1panyagok kimos\u00f3d\u00e1si vesztes\u00e9g\u00e9t.<\/li>\n<li style=\"font-weight: 400;\">Mindezek mellett jelent\u0151s mennyis\u00e9gben tartalmaz aerob \u00e9s anaerob bakt\u00e9riumokat, valamint olyan humin- fulvol- \u00e9s aminosav vegy\u00fcleteket melyek, oldj\u00e1k a talajban l\u00e9v\u0151 \u00e1sv\u00e1nyi anyagokat, \u00edgy ezeket a n\u00f6v\u00e9ny j\u00f3val nagyobb mennyis\u00e9gben k\u00e9pes felvenni. Ha a Marha-J\u00f3\u00ae szerves tr\u00e1gy\u00e1t haszn\u00e1lja, \u0151szi \u00e9s tavaszi alaptr\u00e1gy\u00e1z\u00e1sn\u00e1l akkor a hagyom\u00e1nyos monom\u0171tr\u00e1gy\u00e1k lecser\u00e9lhet\u0151ek. \u00cdgy t\u00f6bbf\u00e9le hat\u00f3anyagot is juttatunk ki \u00e9s k\u00f6lts\u00e9ghat\u00e9konyabb a t\u00e1panyag-ut\u00e1np\u00f3tl\u00e1s.<\/li>\n<li style=\"font-weight: 400;\">A jobb t\u00e1panyag ell\u00e1t\u00e1s miatt term\u00e9smennyis\u00e9g n\u00f6veked\u00e9st v\u00e1rhatunk \u00e9s a n\u00f6v\u00e9ny beltartalmi \u00e9rt\u00e9kei is javulnak.<\/li>\n<\/ul>\n<h2>Egy\u00e9b<\/h2>\n<h3>A Marha-J\u00f3\u00ae adagol\u00e1sa:<\/h3>\n<ul>\n<li style=\"font-weight: 400;\">Sz\u00e1nt\u00f3f\u00f6ldi n\u00f6v\u00e9nyek: 1-1,5t\/ha<\/li>\n<li style=\"font-weight: 400;\">Csemegekukorica: 1,2-1,5t\/ha<\/li>\n<li style=\"font-weight: 400;\">Szabadf\u00f6ldi z\u00f6lds\u00e9gn\u00f6v\u00e9nyek: 1,2-1,5t\/ha<\/li>\n<li style=\"font-weight: 400;\">Hajtatott z\u00f6lds\u00e9gn\u00f6v\u00e9nyek: 100-300 kg\/1000m2<\/li>\n<li style=\"font-weight: 400;\">Gy\u00fcm\u00f6lcs\u00f6s: 0,5-3kg\/t\u0151<\/li>\n<li style=\"font-weight: 400;\">Csemege \u00e9s borsz\u0151l\u0151: 0,5-3kg\/t\u0151<\/li>\n<li style=\"font-weight: 400;\">P\u00e1zsit: 0,25kg\/m2<\/li>\n<li style=\"font-weight: 400;\">D\u00edszn\u00f6v\u00e9nyek: 1,5-2t\/ha<\/li>\n<\/ul>\n<p style=\"font-weight: 400;\">Az aj\u00e1nlott mennyis\u00e9gek \u00e1tlagos t\u00edpus\u00fa \u00e9s t\u00e1p\u00e9rt\u00e9k\u0171 talajokra vonatkoznak. Elt\u00e9r\u0151 esetekben a megfelel\u0151 d\u00f3zist a talajvizsg\u00e1lati eredm\u00e9ny elemz\u00e9se sor\u00e1n kell meg\u00e1llap\u00edtani. Minden egyes n\u00f6v\u00e9nyt\u00edpusnak elt\u00e9r\u0151 ig\u00e9nyei lehetnek. A laz\u00e1bb homokosabb szerkezet\u0171 talajokra az adagol\u00e1st ak\u00e1r 20%-kal is meg lehet emelni.<\/p>\n<h3>Csomagol\u00e1s:<\/h3>\n<ul>\n<li style=\"font-weight: 400;\">25 kg-os zs\u00e1k<\/li>\n<li style=\"font-weight: 400;\">5 kg-os zs\u00e1k<\/li>\n<li style=\"font-weight: 400;\">4 kg-os v\u00f6d\u00f6r<\/li>\n<\/ul>\n<p>El\u00e9rhet\u0151 t\u00f6bbf\u00e9le m\u00e9retben \u00e9s \u00e1rban.<\/p>\n<p><strong>K\u00e9szlet\u00fcnk napi szinten v\u00e1ltozik, ez\u00e9rt k\u00e9rj\u00fck, \u00e9rdekl\u0151dj\u00f6n szem\u00e9lyesen, telefonon vagy email-en.<br \/>\nA v\u00e1ltoztat\u00e1s jog\u00e1t fenntartjuk!\u00a0<\/strong><\/p>\n<p>&nbsp;<\/p>\n<p><a href=\"https:\/\/tajkertesz.com\/\">https:\/\/tajkertesz.com\/<\/a><\/p>\n<p><a href=\"https:\/\/www.facebook.com\/tajkertesz\/\">https:\/\/www.facebook.com\/tajkertesz\/<\/a><\/p>\n<p>Kisz\u00e1ll\u00edt\u00e1s: 200cm-ig \u00a0\u00e9s 40 kg-ig a sz\u00e1ll\u00edt\u00e1s fut\u00e1rszolg\u00e1lattal \u00a0t\u00f6rt\u00e9nik.<\/p>\n<p>Szem\u00e9lyes \u00e1tv\u00e9tel nyitvatart\u00e1si id\u0151ben a 17. ker\u00fclet Bakancsos utca 7. sz\u00e1m alatti Kert\u00e9szeti \u00e1rud\u00e1ban.<\/p>","protected":false},"excerpt":{"rendered":"<h2>Marhatr\u00e1gya\/MARHA-J\u00d3\u00ae pellet\u00e1lt szarvasmarhatr\u00e1gya 5kg<\/h2>\n<p>A Marha-J\u00f3\u00ae kiv\u00e1l\u00f3 min\u0151s\u00e9g\u0171 ferment\u00e1lt, pellet\u00e1lt, mikroelemeket tartalmaz\u00f3 szarvasmarhatr\u00e1gya.<\/p>\n<p><strong>K\u00e9szlet\u00fcnk napi szinten v\u00e1ltozik, ez\u00e9rt k\u00e9rj\u00fck, \u00e9rdekl\u0151dj\u00f6n szem\u00e9lyesen, telefonon vagy email-en.<br \/>\nA v\u00e1ltoztat\u00e1s jog\u00e1t fenntartjuk!\u00a0<\/strong><\/p>","protected":false},"featured_media":18853,"template":"","meta":{"_et_pb_use_builder":"","_et_pb_old_content":"","_et_gb_content_width":""},"product_brand":[],"product_cat":[4274,35],"product_tag":[4875,4723,37,3646,4725,4104,36],"class_list":{"0":"post-18851","1":"product","2":"type-product","3":"status-publish","4":"has-post-thumbnail","6":"product_cat-akcios-termekek","7":"product_cat-tragyak","8":"product_tag-marha-jo","9":"product_tag-marhajo","10":"product_tag-marhatragya","11":"product_tag-pellet","12":"product_tag-szervesanyag","13":"product_tag-tapanyag","14":"product_tag-tragya","16":"first","17":"outofstock","18":"shipping-taxable","19":"product-type-simple"},"yoast_head":"<!-- This site is optimized with the Yoast SEO plugin v27.5 - https:\/\/yoast.com\/product\/yoast-seo-wordpress\/ -->\n<title>Marhatr\u00e1gya\/MARHA-J\u00d3\u00ae pellet\u00e1lt szarvasmarhatr\u00e1gya 5kg - T\u00e1jkert\u00e9sz<\/title>\n<meta name=\"description\" content=\"Marhatr\u00e1gya\/MARHA-J\u00d3\u00ae pellet\u00e1lt szarvasmarhatr\u00e1gya 5kg. A Marha-J\u00f3\u00ae megn\u00f6veli a mikrobiol\u00f3giai tev\u00e9kenys\u00e9get \u00e9s magas szer\u00adves anyag tartalm\u00e1nak k\u00f6sz\u00f6nh...\" \/>\n<meta name=\"robots\" content=\"index, follow, max-snippet:-1, max-image-preview:large, max-video-preview:-1\" \/>\n<link rel=\"canonical\" href=\"https:\/\/tajkertesz.com\/en_US\/product\/marhatragya-marha-jo-pelletalt-szarvasmarhatragya-5kg\/\" \/>\n<meta property=\"og:locale\" content=\"en_US\" \/>\n<meta property=\"og:type\" content=\"article\" \/>\n<meta property=\"og:title\" content=\"Marhatr\u00e1gya\/MARHA-J\u00d3\u00ae pellet\u00e1lt szarvasmarhatr\u00e1gya 5kg - T\u00e1jkert\u00e9sz\" \/>\n<meta property=\"og:description\" content=\"Marhatr\u00e1gya\/MARHA-J\u00d3\u00ae pellet\u00e1lt szarvasmarhatr\u00e1gya 5kg. A Marha-J\u00f3\u00ae megn\u00f6veli a mikrobiol\u00f3giai tev\u00e9kenys\u00e9get \u00e9s magas szer\u00adves anyag tartalm\u00e1nak k\u00f6sz\u00f6nh...\" \/>\n<meta property=\"og:url\" content=\"https:\/\/tajkertesz.com\/en_US\/product\/marhatragya-marha-jo-pelletalt-szarvasmarhatragya-5kg\/\" \/>\n<meta property=\"og:site_name\" content=\"T\u00e1jkert\u00e9sz\" \/>\n<meta property=\"article:publisher\" content=\"https:\/\/www.facebook.com\/Tajkertesz\/\" \/>\n<meta property=\"article:modified_time\" content=\"2026-03-10T14:17:25+00:00\" \/>\n<meta property=\"og:image\" content=\"https:\/\/tajkertesz.com\/wp-content\/uploads\/2024\/01\/marha-jo_2verzia.png\" \/>\n\t<meta property=\"og:image:width\" content=\"370\" \/>\n\t<meta property=\"og:image:height\" content=\"379\" \/>\n\t<meta property=\"og:image:type\" content=\"image\/png\" \/>\n<meta name=\"twitter:card\" content=\"summary_large_image\" \/>\n<meta name=\"twitter:label1\" content=\"Est. reading time\" \/>\n\t<meta name=\"twitter:data1\" content=\"3 minutes\" \/>\n<script type=\"application\/ld+json\" class=\"yoast-schema-graph\">{\"@context\":\"https:\\\/\\\/schema.org\",\"@graph\":[{\"@type\":\"WebPage\",\"@id\":\"https:\\\/\\\/tajkertesz.com\\\/termek\\\/marhatragya-marha-jo-pelletalt-szarvasmarhatragya-5kg\\\/\",\"url\":\"https:\\\/\\\/tajkertesz.com\\\/termek\\\/marhatragya-marha-jo-pelletalt-szarvasmarhatragya-5kg\\\/\",\"name\":\"Marhatr\u00e1gya\\\/MARHA-J\u00d3\u00ae pellet\u00e1lt szarvasmarhatr\u00e1gya 5kg - T\u00e1jkert\u00e9sz\",\"isPartOf\":{\"@id\":\"https:\\\/\\\/tajkertesz.com\\\/#website\"},\"primaryImageOfPage\":{\"@id\":\"https:\\\/\\\/tajkertesz.com\\\/termek\\\/marhatragya-marha-jo-pelletalt-szarvasmarhatragya-5kg\\\/#primaryimage\"},\"image\":{\"@id\":\"https:\\\/\\\/tajkertesz.com\\\/termek\\\/marhatragya-marha-jo-pelletalt-szarvasmarhatragya-5kg\\\/#primaryimage\"},\"thumbnailUrl\":\"https:\\\/\\\/tajkertesz.com\\\/wp-content\\\/uploads\\\/2024\\\/01\\\/marha-jo_2verzia.png\",\"datePublished\":\"2024-01-24T15:55:51+00:00\",\"dateModified\":\"2026-03-10T14:17:25+00:00\",\"description\":\"Marhatr\u00e1gya\\\/MARHA-J\u00d3\u00ae pellet\u00e1lt szarvasmarhatr\u00e1gya 5kg. A Marha-J\u00f3\u00ae megn\u00f6veli a mikrobiol\u00f3giai tev\u00e9kenys\u00e9get \u00e9s magas szer\u00adves anyag tartalm\u00e1nak k\u00f6sz\u00f6nh...\",\"breadcrumb\":{\"@id\":\"https:\\\/\\\/tajkertesz.com\\\/termek\\\/marhatragya-marha-jo-pelletalt-szarvasmarhatragya-5kg\\\/#breadcrumb\"},\"inLanguage\":\"en-US\",\"potentialAction\":[{\"@type\":\"ReadAction\",\"target\":[\"https:\\\/\\\/tajkertesz.com\\\/termek\\\/marhatragya-marha-jo-pelletalt-szarvasmarhatragya-5kg\\\/\"]}]},{\"@type\":\"ImageObject\",\"inLanguage\":\"en-US\",\"@id\":\"https:\\\/\\\/tajkertesz.com\\\/termek\\\/marhatragya-marha-jo-pelletalt-szarvasmarhatragya-5kg\\\/#primaryimage\",\"url\":\"https:\\\/\\\/tajkertesz.com\\\/wp-content\\\/uploads\\\/2024\\\/01\\\/marha-jo_2verzia.png\",\"contentUrl\":\"https:\\\/\\\/tajkertesz.com\\\/wp-content\\\/uploads\\\/2024\\\/01\\\/marha-jo_2verzia.png\",\"width\":370,\"height\":379},{\"@type\":\"BreadcrumbList\",\"@id\":\"https:\\\/\\\/tajkertesz.com\\\/termek\\\/marhatragya-marha-jo-pelletalt-szarvasmarhatragya-5kg\\\/#breadcrumb\",\"itemListElement\":[{\"@type\":\"ListItem\",\"position\":1,\"name\":\"Home\",\"item\":\"https:\\\/\\\/tajkertesz.com\\\/\"},{\"@type\":\"ListItem\",\"position\":2,\"name\":\"Kezd\u0151lap\",\"item\":\"https:\\\/\\\/tajkertesz.com\\\/\"},{\"@type\":\"ListItem\",\"position\":3,\"name\":\"Marhatr\u00e1gya\\\/MARHA-J\u00d3\u00ae pellet\u00e1lt szarvasmarhatr\u00e1gya 5kg\"}]},{\"@type\":\"WebSite\",\"@id\":\"https:\\\/\\\/tajkertesz.com\\\/#website\",\"url\":\"https:\\\/\\\/tajkertesz.com\\\/\",\"name\":\"T\u00e1j-Kert\u00e9sz 84 Kft.\",\"description\":\"Kert\u00e9szeti kis- \u00e9s nagykeresked\u00e9s, D\u00edszn\u00f6v\u00e9ny web\u00e1ruh\u00e1z orsz\u00e1gos h\u00e1zhozsz\u00e1ll\u00edt\u00e1ssal!\",\"publisher\":{\"@id\":\"https:\\\/\\\/tajkertesz.com\\\/#organization\"},\"potentialAction\":[{\"@type\":\"SearchAction\",\"target\":{\"@type\":\"EntryPoint\",\"urlTemplate\":\"https:\\\/\\\/tajkertesz.com\\\/?s={search_term_string}\"},\"query-input\":{\"@type\":\"PropertyValueSpecification\",\"valueRequired\":true,\"valueName\":\"search_term_string\"}}],\"inLanguage\":\"en-US\"},{\"@type\":\"Organization\",\"@id\":\"https:\\\/\\\/tajkertesz.com\\\/#organization\",\"name\":\"T\u00e1j-Kert\u00e9sz 84 Kft.\",\"url\":\"https:\\\/\\\/tajkertesz.com\\\/\",\"logo\":{\"@type\":\"ImageObject\",\"inLanguage\":\"en-US\",\"@id\":\"https:\\\/\\\/tajkertesz.com\\\/#\\\/schema\\\/logo\\\/image\\\/\",\"url\":\"https:\\\/\\\/tajkertesz.com\\\/wp-content\\\/uploads\\\/2018\\\/02\\\/logo-2-e1518678052539.png\",\"contentUrl\":\"https:\\\/\\\/tajkertesz.com\\\/wp-content\\\/uploads\\\/2018\\\/02\\\/logo-2-e1518678052539.png\",\"width\":81,\"height\":140,\"caption\":\"T\u00e1j-Kert\u00e9sz 84 Kft.\"},\"image\":{\"@id\":\"https:\\\/\\\/tajkertesz.com\\\/#\\\/schema\\\/logo\\\/image\\\/\"},\"sameAs\":[\"https:\\\/\\\/www.facebook.com\\\/Tajkertesz\\\/\"]}]}<\/script>\n<!-- \/ Yoast SEO plugin. -->","yoast_head_json":{"title":"Marhatr\u00e1gya\/MARHA-J\u00d3\u00ae pellet\u00e1lt szarvasmarhatr\u00e1gya 5kg - T\u00e1jkert\u00e9sz","description":"Marhatr\u00e1gya\/MARHA-J\u00d3\u00ae pellet\u00e1lt szarvasmarhatr\u00e1gya 5kg. A Marha-J\u00f3\u00ae megn\u00f6veli a mikrobiol\u00f3giai tev\u00e9kenys\u00e9get \u00e9s magas szer\u00adves anyag tartalm\u00e1nak k\u00f6sz\u00f6nh...","robots":{"index":"index","follow":"follow","max-snippet":"max-snippet:-1","max-image-preview":"max-image-preview:large","max-video-preview":"max-video-preview:-1"},"canonical":"https:\/\/tajkertesz.com\/en_US\/product\/marhatragya-marha-jo-pelletalt-szarvasmarhatragya-5kg\/","og_locale":"en_US","og_type":"article","og_title":"Marhatr\u00e1gya\/MARHA-J\u00d3\u00ae pellet\u00e1lt szarvasmarhatr\u00e1gya 5kg - T\u00e1jkert\u00e9sz","og_description":"Marhatr\u00e1gya\/MARHA-J\u00d3\u00ae pellet\u00e1lt szarvasmarhatr\u00e1gya 5kg. A Marha-J\u00f3\u00ae megn\u00f6veli a mikrobiol\u00f3giai tev\u00e9kenys\u00e9get \u00e9s magas szer\u00adves anyag tartalm\u00e1nak k\u00f6sz\u00f6nh...","og_url":"https:\/\/tajkertesz.com\/en_US\/product\/marhatragya-marha-jo-pelletalt-szarvasmarhatragya-5kg\/","og_site_name":"T\u00e1jkert\u00e9sz","article_publisher":"https:\/\/www.facebook.com\/Tajkertesz\/","article_modified_time":"2026-03-10T14:17:25+00:00","og_image":[{"width":370,"height":379,"url":"https:\/\/tajkertesz.com\/wp-content\/uploads\/2024\/01\/marha-jo_2verzia.png","type":"image\/png"}],"twitter_card":"summary_large_image","twitter_misc":{"Est. reading time":"3 minutes"},"schema":{"@context":"https:\/\/schema.org","@graph":[{"@type":"WebPage","@id":"https:\/\/tajkertesz.com\/termek\/marhatragya-marha-jo-pelletalt-szarvasmarhatragya-5kg\/","url":"https:\/\/tajkertesz.com\/termek\/marhatragya-marha-jo-pelletalt-szarvasmarhatragya-5kg\/","name":"Marhatr\u00e1gya\/MARHA-J\u00d3\u00ae pellet\u00e1lt szarvasmarhatr\u00e1gya 5kg - T\u00e1jkert\u00e9sz","isPartOf":{"@id":"https:\/\/tajkertesz.com\/#website"},"primaryImageOfPage":{"@id":"https:\/\/tajkertesz.com\/termek\/marhatragya-marha-jo-pelletalt-szarvasmarhatragya-5kg\/#primaryimage"},"image":{"@id":"https:\/\/tajkertesz.com\/termek\/marhatragya-marha-jo-pelletalt-szarvasmarhatragya-5kg\/#primaryimage"},"thumbnailUrl":"https:\/\/tajkertesz.com\/wp-content\/uploads\/2024\/01\/marha-jo_2verzia.png","datePublished":"2024-01-24T15:55:51+00:00","dateModified":"2026-03-10T14:17:25+00:00","description":"Marhatr\u00e1gya\/MARHA-J\u00d3\u00ae pellet\u00e1lt szarvasmarhatr\u00e1gya 5kg. A Marha-J\u00f3\u00ae megn\u00f6veli a mikrobiol\u00f3giai tev\u00e9kenys\u00e9get \u00e9s magas szer\u00adves anyag tartalm\u00e1nak k\u00f6sz\u00f6nh...","breadcrumb":{"@id":"https:\/\/tajkertesz.com\/termek\/marhatragya-marha-jo-pelletalt-szarvasmarhatragya-5kg\/#breadcrumb"},"inLanguage":"en-US","potentialAction":[{"@type":"ReadAction","target":["https:\/\/tajkertesz.com\/termek\/marhatragya-marha-jo-pelletalt-szarvasmarhatragya-5kg\/"]}]},{"@type":"ImageObject","inLanguage":"en-US","@id":"https:\/\/tajkertesz.com\/termek\/marhatragya-marha-jo-pelletalt-szarvasmarhatragya-5kg\/#primaryimage","url":"https:\/\/tajkertesz.com\/wp-content\/uploads\/2024\/01\/marha-jo_2verzia.png","contentUrl":"https:\/\/tajkertesz.com\/wp-content\/uploads\/2024\/01\/marha-jo_2verzia.png","width":370,"height":379},{"@type":"BreadcrumbList","@id":"https:\/\/tajkertesz.com\/termek\/marhatragya-marha-jo-pelletalt-szarvasmarhatragya-5kg\/#breadcrumb","itemListElement":[{"@type":"ListItem","position":1,"name":"Home","item":"https:\/\/tajkertesz.com\/"},{"@type":"ListItem","position":2,"name":"Kezd\u0151lap","item":"https:\/\/tajkertesz.com\/"},{"@type":"ListItem","position":3,"name":"Marhatr\u00e1gya\/MARHA-J\u00d3\u00ae pellet\u00e1lt szarvasmarhatr\u00e1gya 5kg"}]},{"@type":"WebSite","@id":"https:\/\/tajkertesz.com\/#website","url":"https:\/\/tajkertesz.com\/","name":"T\u00e1j-Kert\u00e9sz 84 Kft.","description":"Kert\u00e9szeti kis- \u00e9s nagykeresked\u00e9s, D\u00edszn\u00f6v\u00e9ny web\u00e1ruh\u00e1z orsz\u00e1gos h\u00e1zhozsz\u00e1ll\u00edt\u00e1ssal!","publisher":{"@id":"https:\/\/tajkertesz.com\/#organization"},"potentialAction":[{"@type":"SearchAction","target":{"@type":"EntryPoint","urlTemplate":"https:\/\/tajkertesz.com\/?s={search_term_string}"},"query-input":{"@type":"PropertyValueSpecification","valueRequired":true,"valueName":"search_term_string"}}],"inLanguage":"en-US"},{"@type":"Organization","@id":"https:\/\/tajkertesz.com\/#organization","name":"T\u00e1j-Kert\u00e9sz 84 Kft.","url":"https:\/\/tajkertesz.com\/","logo":{"@type":"ImageObject","inLanguage":"en-US","@id":"https:\/\/tajkertesz.com\/#\/schema\/logo\/image\/","url":"https:\/\/tajkertesz.com\/wp-content\/uploads\/2018\/02\/logo-2-e1518678052539.png","contentUrl":"https:\/\/tajkertesz.com\/wp-content\/uploads\/2018\/02\/logo-2-e1518678052539.png","width":81,"height":140,"caption":"T\u00e1j-Kert\u00e9sz 84 Kft."},"image":{"@id":"https:\/\/tajkertesz.com\/#\/schema\/logo\/image\/"},"sameAs":["https:\/\/www.facebook.com\/Tajkertesz\/"]}]}},"_links":{"self":[{"href":"https:\/\/tajkertesz.com\/en_US\/wp-json\/wp\/v2\/product\/18851","targetHints":{"allow":["GET"]}}],"collection":[{"href":"https:\/\/tajkertesz.com\/en_US\/wp-json\/wp\/v2\/product"}],"about":[{"href":"https:\/\/tajkertesz.com\/en_US\/wp-json\/wp\/v2\/types\/product"}],"wp:featuredmedia":[{"embeddable":true,"href":"https:\/\/tajkertesz.com\/en_US\/wp-json\/wp\/v2\/media\/18853"}],"wp:attachment":[{"href":"https:\/\/tajkertesz.com\/en_US\/wp-json\/wp\/v2\/media?parent=18851"}],"wp:term":[{"taxonomy":"product_brand","embeddable":true,"href":"https:\/\/tajkertesz.com\/en_US\/wp-json\/wp\/v2\/product_brand?post=18851"},{"taxonomy":"product_cat","embeddable":true,"href":"https:\/\/tajkertesz.com\/en_US\/wp-json\/wp\/v2\/product_cat?post=18851"},{"taxonomy":"product_tag","embeddable":true,"href":"https:\/\/tajkertesz.com\/en_US\/wp-json\/wp\/v2\/product_tag?post=18851"}],"curies":[{"name":"wp","href":"https:\/\/api.w.org\/{rel}","templated":true}]}}