{"id":18869,"date":"2024-01-25T12:24:27","date_gmt":"2024-01-25T12:24:27","guid":{"rendered":"https:\/\/tajkertesz.com\/?post_type=product&#038;p=18869"},"modified":"2026-02-13T09:23:04","modified_gmt":"2026-02-13T09:23:04","slug":"petrezselyem-simalevelu-metelopetrezselyem-vetomag-5-g","status":"publish","type":"product","link":"https:\/\/tajkertesz.com\/en_US\/product\/petrezselyem-simalevelu-metelopetrezselyem-vetomag-5-g\/","title":{"rendered":"Petrezselyem Simalevel\u0171 met\u00e9l\u0151petrezselyem vet\u0151mag 5 g"},"content":{"rendered":"<div>\n<h2>Petrezselyem Simalevel\u0171 met\u00e9l\u0151petrezselyem vet\u0151mag<\/h2>\n<\/div>\n<div>\n<p>Petrezselyem Simalevel\u0171 met\u00e9l\u0151petrezselyem vet\u0151mag<\/p>\n<p>Kiz\u00e1r\u00f3lag a lombj\u00e1\u00e9rt termesztj\u00fck, gy\u00f6kere v\u00e9kony, el\u00e1gaz\u00f3. Levelei s\u0171r\u0171 \u00e1ll\u00e1s\u00faak \u00e9s csipk\u00e9zett sz\u00e9l\u0171ek. J\u00f3l b\u00edrja a t\u00f6bbsz\u00f6ri v\u00e1g\u00e1st, gyorsan regener\u00e1l\u00f3dik. Levesek, hidegt\u00e1lak, burgonya \u00e9s m\u00e1rt\u00e1sok \u00edzes\u00edt\u0151je. Ne f\u0151zz\u00fck, a k\u00e9sz \u00e9telhez adjuk!<\/p>\n<\/div>\n<div>\n<p>Vet\u00e9s: III-IV, 25 cm sort\u00e1vols\u00e1gra. Kel\u00e9s ut\u00e1n 4-5 cm t\u0151t\u00e1vols\u00e1gra ritk\u00edtsuk. Vet\u00e9sm\u00e9lys\u00e9g 1-2 cm. Optim\u00e1lis cs\u00edr\u00e1z\u00e1si talajh\u0151m\u00e9rs\u00e9klet 12-15\u00b0C. A petrezselyem nagyon lassan (3-4 h\u00e9tig) cs\u00edr\u00e1zik. A vet\u00e9st kel\u00e9sig tartsuk \u00e1lland\u00f3an nedvesen!<br \/>\nSzed\u00e9s: VI-X.<br \/>\nTipp: szedj\u00fcnk fel egy p\u00e1r t\u00f6vet \u0151sszel, \u00fcltess\u00fck cser\u00e9pbe \u00e9s helyezz\u00fck ablak k\u00f6zel\u00e9be. Eg\u00e9sz t\u00e9len friss z\u00f6lds\u00e9glevelet szedhet\u00fcnk.<\/p>\n<p>Tartalma cca. 20 foly\u00f3m\u00e9ter vet\u00e9s\u00e9re elegend\u0151.<\/p>\n<p>A petrezselyem hidegt\u0171r\u0151 n\u00f6v\u00e9ny, mely m\u00e9lyr\u00e9teg\u0171, t\u00e1panyagban gazdag, \u00fcde talajban fejl\u0151dik legszebben. Ha nincs el\u00e9g m\u00e9lyen megm\u0171velve a talaj, a petrezselyem gy\u00f6kerek el\u00e1gaznak, vagy g\u00f6rb\u00e9k lesznek.<\/p>\n<p>A gy\u00f6k\u00e9rpetrezselyem fiatalabb gy\u00fcm\u00f6lcsf\u00e1k alatt, vagy sz\u0151l\u0151sorok k\u00f6z\u00f6tt is termeszthet\u0151, nem kimondottan f\u00e9nyig\u00e9nyes, a met\u00e9l\u0151petrezselyem vil\u00e1gos helyre val\u00f3, ut\u00f3bbi a gy\u00f6k\u00e9rpetrezselyem sz\u00e1m\u00e1ra is megfelel\u0151.<\/p>\n<p>A petrezselyem v\u00edzig\u00e9nyes n\u00f6v\u00e9nynek sz\u00e1m\u00edt, ugyanakkor a vizet m\u00e9lyebbr\u0151l is felveszi, \u00e9s j\u00f3l hasznos\u00edtja. A cs\u00edr\u00e1z\u00e1shoz \u00e9s a kezdeti n\u00f6veked\u00e9shez ig\u00e9nyli a legt\u00f6bb vizet, ha sz\u00e1raz a tavasz, m\u00e1r tavasszal is \u00f6nt\u00f6z\u00e9st ig\u00e9nyel.<\/p>\n<p>A petrezselyem termeszt\u00e9s\u00e9vel kapcsolatos teend\u0151k k\u00f6z\u00f6tt meg kell eml\u00edteni a gyoml\u00e1l\u00e1st is, k\u00e9zzel h\u00fazzuk ki a gyomokat, ne haszn\u00e1ljunk gyomirt\u00f3t. A petrezselyem k\u00e1rtev\u0151i k\u00f6z\u00fcl a talajlak\u00f3 k\u00e1rtev\u0151ket, valamint a lev\u00e9ltetveket lehet megeml\u00edteni, illetve id\u0151nk\u00e9nt lisztharmat is k\u00e1ros\u00edthatja a n\u00f6v\u00e9nyt.<\/p>\n<p>&nbsp;<\/p>\n<\/div>\n<p><strong>K\u00e9szlet\u00fcnk napi szinten v\u00e1ltozik, ez\u00e9rt k\u00e9rj\u00fck, \u00e9rdekl\u0151dj\u00f6n szem\u00e9lyesen, telefonon vagy email-en.<br \/>\nA v\u00e1ltoztat\u00e1s jog\u00e1t fenntartjuk!\u00a0<\/strong><\/p>\n<p><a href=\"https:\/\/tajkertesz.com\/\">https:\/\/tajkertesz.com\/<\/a><\/p>\n<p><a href=\"https:\/\/www.facebook.com\/tajkertesz\/\">https:\/\/www.facebook.com\/tajkertesz\/<\/a><\/p>\n<p>Kisz\u00e1ll\u00edt\u00e1s: 200cm-ig \u00a0\u00e9s 40 kg-ig a sz\u00e1ll\u00edt\u00e1s fut\u00e1rszolg\u00e1lattal \u00a0t\u00f6rt\u00e9nik!<\/p>\n<p>Szem\u00e9lyes \u00e1tv\u00e9tel nyitvatart\u00e1si id\u0151ben a 17. ker\u00fclet Bakancsos utca 7. sz\u00e1m alatti Kert\u00e9szeti \u00e1rud\u00e1ban<\/p>\n<p>&nbsp;<\/p>\n<p>Szem\u00e9lyes \u00e1tv\u00e9tel ak\u00e1r a mai napon, vagy h\u00e1zhozsz\u00e1ll\u00edt\u00e1s 1-2 napon bel\u00fcl!<\/p>\n<p>&nbsp;<\/p>\n<p>1173.Bp.Bakancsos u.7.<\/p>\n<p><a href=\"https:\/\/www.tajkertesz.com\/\">www.tajkertesz.com<\/a><\/p>\n<p>Kert\u00e9szeti kis-\u00e9s nagykeresked\u00e9s<\/p>","protected":false},"excerpt":{"rendered":"<h1>Petrezselyem Simalevel\u0171 met\u00e9l\u0151petrezselyem vet\u0151mag<\/h1>\n<p>Kiz\u00e1r\u00f3lag a lombj\u00e1\u00e9rt termesztj\u00fck, gy\u00f6kere v\u00e9kony, el\u00e1gaz\u00f3. Levelei s\u0171r\u0171 \u00e1ll\u00e1s\u00faak \u00e9s csipk\u00e9zett sz\u00e9l\u0171ek. J\u00f3l b\u00edrja a t\u00f6bbsz\u00f6ri v\u00e1g\u00e1st, gyorsan regener\u00e1l\u00f3dik. Levesek, hidegt\u00e1lak, burgonya \u00e9s m\u00e1rt\u00e1sok \u00edzes\u00edt\u0151je. Ne f\u0151zz\u00fck, a k\u00e9sz \u00e9telhez adjuk!<\/p>","protected":false},"featured_media":18871,"template":"","meta":{"_et_pb_use_builder":"","_et_pb_old_content":"","_et_gb_content_width":""},"product_brand":[],"product_cat":[2881],"product_tag":[1250,2814,4115,4138],"class_list":{"0":"post-18869","1":"product","2":"type-product","3":"status-publish","4":"has-post-thumbnail","6":"product_cat-zoldsegnoveny-vetomagok","7":"product_tag-petrezselyem","8":"product_tag-simalevelu-metelopetrezselyem","9":"product_tag-vetomag","10":"product_tag-vetomagok","12":"first","13":"instock","14":"shipping-taxable","15":"purchasable","16":"product-type-simple"},"yoast_head":"<!-- This site is optimized with the Yoast SEO plugin v27.3 - https:\/\/yoast.com\/product\/yoast-seo-wordpress\/ -->\n<title>Petrezselyem Simalevel\u0171 met\u00e9l\u0151petrezselyem vet\u0151mag 5 g - T\u00e1jkert\u00e9sz<\/title>\n<meta name=\"description\" content=\"Petrezselyem Simalevel\u0171 met\u00e9l\u0151petrezselyem vet\u0151magKiz\u00e1r\u00f3lag a lombj\u00e1\u00e9rt termesztj\u00fck, gy\u00f6kere v\u00e9kony, el\u00e1gaz\u00f3. Levelei s\u0171r\u0171 \u00e1ll\u00e1s\u00faak \u00e9s csipk\u00e9zett sz\u00e9l\u0171ek.\" \/>\n<meta name=\"robots\" content=\"index, follow, max-snippet:-1, max-image-preview:large, max-video-preview:-1\" \/>\n<link rel=\"canonical\" href=\"https:\/\/tajkertesz.com\/en_US\/product\/petrezselyem-simalevelu-metelopetrezselyem-vetomag-5-g\/\" \/>\n<meta property=\"og:locale\" content=\"en_US\" \/>\n<meta property=\"og:type\" content=\"article\" \/>\n<meta property=\"og:title\" content=\"Petrezselyem Simalevel\u0171 met\u00e9l\u0151petrezselyem vet\u0151mag 5 g - T\u00e1jkert\u00e9sz\" \/>\n<meta property=\"og:description\" content=\"Petrezselyem Simalevel\u0171 met\u00e9l\u0151petrezselyem vet\u0151magKiz\u00e1r\u00f3lag a lombj\u00e1\u00e9rt termesztj\u00fck, gy\u00f6kere v\u00e9kony, el\u00e1gaz\u00f3. Levelei s\u0171r\u0171 \u00e1ll\u00e1s\u00faak \u00e9s csipk\u00e9zett sz\u00e9l\u0171ek.\" \/>\n<meta property=\"og:url\" content=\"https:\/\/tajkertesz.com\/en_US\/product\/petrezselyem-simalevelu-metelopetrezselyem-vetomag-5-g\/\" \/>\n<meta property=\"og:site_name\" content=\"T\u00e1jkert\u00e9sz\" \/>\n<meta property=\"article:publisher\" content=\"https:\/\/www.facebook.com\/Tajkertesz\/\" \/>\n<meta property=\"article:modified_time\" content=\"2026-02-13T09:23:04+00:00\" \/>\n<meta property=\"og:image\" content=\"https:\/\/tajkertesz.com\/wp-content\/uploads\/2024\/01\/035900.jpg\" \/>\n\t<meta property=\"og:image:width\" content=\"625\" \/>\n\t<meta property=\"og:image:height\" content=\"1000\" \/>\n\t<meta property=\"og:image:type\" content=\"image\/jpeg\" \/>\n<meta name=\"twitter:card\" content=\"summary_large_image\" \/>\n<meta name=\"twitter:label1\" content=\"Est. reading time\" \/>\n\t<meta name=\"twitter:data1\" content=\"2 minutes\" \/>\n<script type=\"application\/ld+json\" class=\"yoast-schema-graph\">{\"@context\":\"https:\\\/\\\/schema.org\",\"@graph\":[{\"@type\":\"WebPage\",\"@id\":\"https:\\\/\\\/tajkertesz.com\\\/termek\\\/petrezselyem-simalevelu-metelopetrezselyem-vetomag-5-g\\\/\",\"url\":\"https:\\\/\\\/tajkertesz.com\\\/termek\\\/petrezselyem-simalevelu-metelopetrezselyem-vetomag-5-g\\\/\",\"name\":\"Petrezselyem Simalevel\u0171 met\u00e9l\u0151petrezselyem vet\u0151mag 5 g - T\u00e1jkert\u00e9sz\",\"isPartOf\":{\"@id\":\"https:\\\/\\\/tajkertesz.com\\\/#website\"},\"primaryImageOfPage\":{\"@id\":\"https:\\\/\\\/tajkertesz.com\\\/termek\\\/petrezselyem-simalevelu-metelopetrezselyem-vetomag-5-g\\\/#primaryimage\"},\"image\":{\"@id\":\"https:\\\/\\\/tajkertesz.com\\\/termek\\\/petrezselyem-simalevelu-metelopetrezselyem-vetomag-5-g\\\/#primaryimage\"},\"thumbnailUrl\":\"https:\\\/\\\/tajkertesz.com\\\/wp-content\\\/uploads\\\/2024\\\/01\\\/035900.jpg\",\"datePublished\":\"2024-01-25T12:24:27+00:00\",\"dateModified\":\"2026-02-13T09:23:04+00:00\",\"description\":\"Petrezselyem Simalevel\u0171 met\u00e9l\u0151petrezselyem vet\u0151magKiz\u00e1r\u00f3lag a lombj\u00e1\u00e9rt termesztj\u00fck, gy\u00f6kere v\u00e9kony, el\u00e1gaz\u00f3. Levelei s\u0171r\u0171 \u00e1ll\u00e1s\u00faak \u00e9s csipk\u00e9zett sz\u00e9l\u0171ek.\",\"breadcrumb\":{\"@id\":\"https:\\\/\\\/tajkertesz.com\\\/termek\\\/petrezselyem-simalevelu-metelopetrezselyem-vetomag-5-g\\\/#breadcrumb\"},\"inLanguage\":\"en-US\",\"potentialAction\":[{\"@type\":\"ReadAction\",\"target\":[\"https:\\\/\\\/tajkertesz.com\\\/termek\\\/petrezselyem-simalevelu-metelopetrezselyem-vetomag-5-g\\\/\"]}]},{\"@type\":\"ImageObject\",\"inLanguage\":\"en-US\",\"@id\":\"https:\\\/\\\/tajkertesz.com\\\/termek\\\/petrezselyem-simalevelu-metelopetrezselyem-vetomag-5-g\\\/#primaryimage\",\"url\":\"https:\\\/\\\/tajkertesz.com\\\/wp-content\\\/uploads\\\/2024\\\/01\\\/035900.jpg\",\"contentUrl\":\"https:\\\/\\\/tajkertesz.com\\\/wp-content\\\/uploads\\\/2024\\\/01\\\/035900.jpg\",\"width\":625,\"height\":1000},{\"@type\":\"BreadcrumbList\",\"@id\":\"https:\\\/\\\/tajkertesz.com\\\/termek\\\/petrezselyem-simalevelu-metelopetrezselyem-vetomag-5-g\\\/#breadcrumb\",\"itemListElement\":[{\"@type\":\"ListItem\",\"position\":1,\"name\":\"Home\",\"item\":\"https:\\\/\\\/tajkertesz.com\\\/\"},{\"@type\":\"ListItem\",\"position\":2,\"name\":\"Kezd\u0151lap\",\"item\":\"https:\\\/\\\/tajkertesz.com\\\/\"},{\"@type\":\"ListItem\",\"position\":3,\"name\":\"Petrezselyem Simalevel\u0171 met\u00e9l\u0151petrezselyem vet\u0151mag 5 g\"}]},{\"@type\":\"WebSite\",\"@id\":\"https:\\\/\\\/tajkertesz.com\\\/#website\",\"url\":\"https:\\\/\\\/tajkertesz.com\\\/\",\"name\":\"T\u00e1j-Kert\u00e9sz 84 Kft.\",\"description\":\"Kert\u00e9szeti kis- \u00e9s nagykeresked\u00e9s, D\u00edszn\u00f6v\u00e9ny web\u00e1ruh\u00e1z orsz\u00e1gos h\u00e1zhozsz\u00e1ll\u00edt\u00e1ssal!\",\"publisher\":{\"@id\":\"https:\\\/\\\/tajkertesz.com\\\/#organization\"},\"potentialAction\":[{\"@type\":\"SearchAction\",\"target\":{\"@type\":\"EntryPoint\",\"urlTemplate\":\"https:\\\/\\\/tajkertesz.com\\\/?s={search_term_string}\"},\"query-input\":{\"@type\":\"PropertyValueSpecification\",\"valueRequired\":true,\"valueName\":\"search_term_string\"}}],\"inLanguage\":\"en-US\"},{\"@type\":\"Organization\",\"@id\":\"https:\\\/\\\/tajkertesz.com\\\/#organization\",\"name\":\"T\u00e1j-Kert\u00e9sz 84 Kft.\",\"url\":\"https:\\\/\\\/tajkertesz.com\\\/\",\"logo\":{\"@type\":\"ImageObject\",\"inLanguage\":\"en-US\",\"@id\":\"https:\\\/\\\/tajkertesz.com\\\/#\\\/schema\\\/logo\\\/image\\\/\",\"url\":\"https:\\\/\\\/tajkertesz.com\\\/wp-content\\\/uploads\\\/2018\\\/02\\\/logo-2-e1518678052539.png\",\"contentUrl\":\"https:\\\/\\\/tajkertesz.com\\\/wp-content\\\/uploads\\\/2018\\\/02\\\/logo-2-e1518678052539.png\",\"width\":81,\"height\":140,\"caption\":\"T\u00e1j-Kert\u00e9sz 84 Kft.\"},\"image\":{\"@id\":\"https:\\\/\\\/tajkertesz.com\\\/#\\\/schema\\\/logo\\\/image\\\/\"},\"sameAs\":[\"https:\\\/\\\/www.facebook.com\\\/Tajkertesz\\\/\"]}]}<\/script>\n<!-- \/ Yoast SEO plugin. -->","yoast_head_json":{"title":"Petrezselyem Simalevel\u0171 met\u00e9l\u0151petrezselyem vet\u0151mag 5 g - T\u00e1jkert\u00e9sz","description":"Petrezselyem Simalevel\u0171 met\u00e9l\u0151petrezselyem vet\u0151magKiz\u00e1r\u00f3lag a lombj\u00e1\u00e9rt termesztj\u00fck, gy\u00f6kere v\u00e9kony, el\u00e1gaz\u00f3. Levelei s\u0171r\u0171 \u00e1ll\u00e1s\u00faak \u00e9s csipk\u00e9zett sz\u00e9l\u0171ek.","robots":{"index":"index","follow":"follow","max-snippet":"max-snippet:-1","max-image-preview":"max-image-preview:large","max-video-preview":"max-video-preview:-1"},"canonical":"https:\/\/tajkertesz.com\/en_US\/product\/petrezselyem-simalevelu-metelopetrezselyem-vetomag-5-g\/","og_locale":"en_US","og_type":"article","og_title":"Petrezselyem Simalevel\u0171 met\u00e9l\u0151petrezselyem vet\u0151mag 5 g - T\u00e1jkert\u00e9sz","og_description":"Petrezselyem Simalevel\u0171 met\u00e9l\u0151petrezselyem vet\u0151magKiz\u00e1r\u00f3lag a lombj\u00e1\u00e9rt termesztj\u00fck, gy\u00f6kere v\u00e9kony, el\u00e1gaz\u00f3. Levelei s\u0171r\u0171 \u00e1ll\u00e1s\u00faak \u00e9s csipk\u00e9zett sz\u00e9l\u0171ek.","og_url":"https:\/\/tajkertesz.com\/en_US\/product\/petrezselyem-simalevelu-metelopetrezselyem-vetomag-5-g\/","og_site_name":"T\u00e1jkert\u00e9sz","article_publisher":"https:\/\/www.facebook.com\/Tajkertesz\/","article_modified_time":"2026-02-13T09:23:04+00:00","og_image":[{"width":625,"height":1000,"url":"https:\/\/tajkertesz.com\/wp-content\/uploads\/2024\/01\/035900.jpg","type":"image\/jpeg"}],"twitter_card":"summary_large_image","twitter_misc":{"Est. reading time":"2 minutes"},"schema":{"@context":"https:\/\/schema.org","@graph":[{"@type":"WebPage","@id":"https:\/\/tajkertesz.com\/termek\/petrezselyem-simalevelu-metelopetrezselyem-vetomag-5-g\/","url":"https:\/\/tajkertesz.com\/termek\/petrezselyem-simalevelu-metelopetrezselyem-vetomag-5-g\/","name":"Petrezselyem Simalevel\u0171 met\u00e9l\u0151petrezselyem vet\u0151mag 5 g - T\u00e1jkert\u00e9sz","isPartOf":{"@id":"https:\/\/tajkertesz.com\/#website"},"primaryImageOfPage":{"@id":"https:\/\/tajkertesz.com\/termek\/petrezselyem-simalevelu-metelopetrezselyem-vetomag-5-g\/#primaryimage"},"image":{"@id":"https:\/\/tajkertesz.com\/termek\/petrezselyem-simalevelu-metelopetrezselyem-vetomag-5-g\/#primaryimage"},"thumbnailUrl":"https:\/\/tajkertesz.com\/wp-content\/uploads\/2024\/01\/035900.jpg","datePublished":"2024-01-25T12:24:27+00:00","dateModified":"2026-02-13T09:23:04+00:00","description":"Petrezselyem Simalevel\u0171 met\u00e9l\u0151petrezselyem vet\u0151magKiz\u00e1r\u00f3lag a lombj\u00e1\u00e9rt termesztj\u00fck, gy\u00f6kere v\u00e9kony, el\u00e1gaz\u00f3. Levelei s\u0171r\u0171 \u00e1ll\u00e1s\u00faak \u00e9s csipk\u00e9zett sz\u00e9l\u0171ek.","breadcrumb":{"@id":"https:\/\/tajkertesz.com\/termek\/petrezselyem-simalevelu-metelopetrezselyem-vetomag-5-g\/#breadcrumb"},"inLanguage":"en-US","potentialAction":[{"@type":"ReadAction","target":["https:\/\/tajkertesz.com\/termek\/petrezselyem-simalevelu-metelopetrezselyem-vetomag-5-g\/"]}]},{"@type":"ImageObject","inLanguage":"en-US","@id":"https:\/\/tajkertesz.com\/termek\/petrezselyem-simalevelu-metelopetrezselyem-vetomag-5-g\/#primaryimage","url":"https:\/\/tajkertesz.com\/wp-content\/uploads\/2024\/01\/035900.jpg","contentUrl":"https:\/\/tajkertesz.com\/wp-content\/uploads\/2024\/01\/035900.jpg","width":625,"height":1000},{"@type":"BreadcrumbList","@id":"https:\/\/tajkertesz.com\/termek\/petrezselyem-simalevelu-metelopetrezselyem-vetomag-5-g\/#breadcrumb","itemListElement":[{"@type":"ListItem","position":1,"name":"Home","item":"https:\/\/tajkertesz.com\/"},{"@type":"ListItem","position":2,"name":"Kezd\u0151lap","item":"https:\/\/tajkertesz.com\/"},{"@type":"ListItem","position":3,"name":"Petrezselyem Simalevel\u0171 met\u00e9l\u0151petrezselyem vet\u0151mag 5 g"}]},{"@type":"WebSite","@id":"https:\/\/tajkertesz.com\/#website","url":"https:\/\/tajkertesz.com\/","name":"T\u00e1j-Kert\u00e9sz 84 Kft.","description":"Kert\u00e9szeti kis- \u00e9s nagykeresked\u00e9s, D\u00edszn\u00f6v\u00e9ny web\u00e1ruh\u00e1z orsz\u00e1gos h\u00e1zhozsz\u00e1ll\u00edt\u00e1ssal!","publisher":{"@id":"https:\/\/tajkertesz.com\/#organization"},"potentialAction":[{"@type":"SearchAction","target":{"@type":"EntryPoint","urlTemplate":"https:\/\/tajkertesz.com\/?s={search_term_string}"},"query-input":{"@type":"PropertyValueSpecification","valueRequired":true,"valueName":"search_term_string"}}],"inLanguage":"en-US"},{"@type":"Organization","@id":"https:\/\/tajkertesz.com\/#organization","name":"T\u00e1j-Kert\u00e9sz 84 Kft.","url":"https:\/\/tajkertesz.com\/","logo":{"@type":"ImageObject","inLanguage":"en-US","@id":"https:\/\/tajkertesz.com\/#\/schema\/logo\/image\/","url":"https:\/\/tajkertesz.com\/wp-content\/uploads\/2018\/02\/logo-2-e1518678052539.png","contentUrl":"https:\/\/tajkertesz.com\/wp-content\/uploads\/2018\/02\/logo-2-e1518678052539.png","width":81,"height":140,"caption":"T\u00e1j-Kert\u00e9sz 84 Kft."},"image":{"@id":"https:\/\/tajkertesz.com\/#\/schema\/logo\/image\/"},"sameAs":["https:\/\/www.facebook.com\/Tajkertesz\/"]}]}},"_links":{"self":[{"href":"https:\/\/tajkertesz.com\/en_US\/wp-json\/wp\/v2\/product\/18869","targetHints":{"allow":["GET"]}}],"collection":[{"href":"https:\/\/tajkertesz.com\/en_US\/wp-json\/wp\/v2\/product"}],"about":[{"href":"https:\/\/tajkertesz.com\/en_US\/wp-json\/wp\/v2\/types\/product"}],"wp:featuredmedia":[{"embeddable":true,"href":"https:\/\/tajkertesz.com\/en_US\/wp-json\/wp\/v2\/media\/18871"}],"wp:attachment":[{"href":"https:\/\/tajkertesz.com\/en_US\/wp-json\/wp\/v2\/media?parent=18869"}],"wp:term":[{"taxonomy":"product_brand","embeddable":true,"href":"https:\/\/tajkertesz.com\/en_US\/wp-json\/wp\/v2\/product_brand?post=18869"},{"taxonomy":"product_cat","embeddable":true,"href":"https:\/\/tajkertesz.com\/en_US\/wp-json\/wp\/v2\/product_cat?post=18869"},{"taxonomy":"product_tag","embeddable":true,"href":"https:\/\/tajkertesz.com\/en_US\/wp-json\/wp\/v2\/product_tag?post=18869"}],"curies":[{"name":"wp","href":"https:\/\/api.w.org\/{rel}","templated":true}]}}