{"id":18898,"date":"2024-01-25T15:46:01","date_gmt":"2024-01-25T15:46:01","guid":{"rendered":"https:\/\/tajkertesz.com\/?post_type=product&#038;p=18898"},"modified":"2026-04-14T13:44:48","modified_gmt":"2026-04-14T13:44:48","slug":"uborka-barbara-f1-hibrid-vetomag-2g","status":"publish","type":"product","link":"https:\/\/tajkertesz.com\/en_US\/product\/uborka-barbara-f1-hibrid-vetomag-2g\/","title":{"rendered":"Uborka Barbara F1- hibrid vet\u0151mag 2g"},"content":{"rendered":"<h1>Uborka Barbara F1- hibrid vet\u0151mag 2g<\/h1>\n<p>Uborka Barbara F1- hibrid vet\u0151mag 2g<\/p>\n<p><strong>Barbara F1:<\/strong>\u00a0Igen korai szabadf\u00f6ldi, er\u0151teljes n\u00f6veked\u00e9s\u0171, t\u00falnyom\u00f3an n\u0151vir\u00e1g\u00fa, konzervuborka hibrid. Term\u00e9se s\u00f6t\u00e9tz\u00f6ld, finoman szem\u00f6lcs\u00f6s, apr\u00f3 t\u00fcsk\u00e9s, kesered\u00e9smentes. Kladosp\u00f3riumos m\u00e9zg\u00e1s varasod\u00e1ssal, lisztharmattal \u00e9s uborka mozaik v\u00edrussal szemben ellen\u00e1ll\u00f3.<\/p>\n<p>Az uborka f\u00e9ny \u00e9s melegig\u00e9nyes n\u00f6v\u00e9ny, mely a kert napos, sz\u00e9lv\u00e9dett r\u00e9sz\u00e9n \u00e9rzi legjobban mag\u00e1t. T\u00e1panyag ig\u00e9nye jelent\u0151s, j\u00f3 v\u00edzgazd\u00e1lkod\u00e1s\u00fa, semleges k\u00e9mhat\u00e1s\u00fa, t\u00e1panyagban gazdag talajba \u00fcltetve fejl\u0151dik legszebben.<\/p>\n<p>A talajt komposzttal vagy \u00e9rett ist\u00e1ll\u00f3tr\u00e1gy\u00e1val jav\u00edthatjuk fel, a szerves tr\u00e1gy\u00e1z\u00e1st \u0151sszel v\u00e9gezz\u00fck el. A megfelel\u0151 fejl\u0151d\u00e9shez \u00e9s \u00edzletes term\u00e9shez az uborka, \u00f6nt\u00f6z\u00e9st ig\u00e9nyel, v\u00edz \u00e9s p\u00e1raig\u00e9nyes n\u00f6v\u00e9ny.<\/p>\n<p>Ink\u00e1bb kis v\u00edzadagokkal, de gyakran \u00f6nt\u00f6zz\u00fcnk, \u00edgy megel\u0151zhet\u0151, hogy a talaj t\u00fals\u00e1gosan t\u00f6m\u00f6r\u00f6dj\u00f6n. Hasznos, ha mulcsoz\u00e1sr\u00f3l is gondoskodunk, \u00edgy lassabban sz\u00e1rad ki a talaj \u00e9s a gyomoknak is g\u00e1tat szabhatunk.<\/p>\n<p>A t\u00e1maszt\u00e9kra felfuttatott uborka eset\u00e9ben nem szabad elfeledkezni a metsz\u00e9sr\u0151l sem. A f\u00f6ldt\u0151l sz\u00e1m\u00edtott kb. 40 cm-ig, t\u00e1vol\u00edtsuk el t\u0151b\u0151l a h\u00f3naljhajt\u00e1sokat, az ef\u00f6l\u00f6tt l\u00e9v\u0151 hajt\u00e1st 1-2, k\u00e9s\u0151bb 3-4 lev\u00e9lig t\u00f6rj\u00fck vissza. Ezzel megel\u0151zhet\u0151 az uborka elburj\u00e1nz\u00e1sa.<\/p>\n<p>Az ubork\u00e1t sz\u00e1mos k\u00e1rtev\u0151 \u00e9s betegs\u00e9g t\u00e1madhatja meg ez\u00e9rt mindenk\u00e9ppen sz\u00e1molnunk kell n\u00f6v\u00e9nyv\u00e9delmi feladatokkal. Jellemz\u0151 k\u00e1rtev\u0151i a tripszek, tak\u00e1csatk\u00e1k, pajorok, dr\u00f3tf\u00e9rgek, l\u00f3t\u00fccsk\u00f6k, valamint megt\u00e1madhatja \u00fcvegh\u00e1zi molytet\u0171 \u00e9s uborka lev\u00e9ltet\u0171 is.<\/p>\n<p>Betegs\u00e9gek k\u00f6z\u00fcl a lisztharmat, peronoszp\u00f3ra, uborkamozaik is jelent\u0151s k\u00e1rokat okozhat, el\u0151fordul az uborka botr\u00edtiszes betegs\u00e9ge \u00e9s az uborka szklerot\u00edni\u00e1s betegs\u00e9ge is.<\/p>\n<p>Az ubork\u00e1t el\u0151nevelt pal\u00e1nta ki\u00fcltet\u00e9s\u00e9vel \u00e9s szabadf\u00f6ldbe vet\u00e9ssel is termeszthetj\u00fck. A pal\u00e1ntanevel\u00e9shez m\u00e1rcius v\u00e9g\u00e9n \u00e9s \u00e1prilisban vetj\u00fck el a magokat laza szerkezet\u0171 f\u00f6lddel megt\u00f6lt\u00f6tt cserepekbe.<\/p>\n<p>A pal\u00e1nt\u00e1k kb. 4 h\u00e9t alatt \u00e9rik el az a fejletts\u00e9get, amikor m\u00e1r ki\u00fcltethet\u0151k a szabadba. Az uborka gy\u00f6kere s\u00e9r\u00fcl\u00e9keny, ez\u00e9rt figyelj\u00fcnk oda az \u00fcltet\u00e9skor. A pal\u00e1nt\u00e1kat m\u00e1jus v\u00e9g\u00e9n \u00fcltess\u00fck ki a szabadba \u00e9s gondozzuk tov\u00e1bb.<\/p>\n<p style=\"line-height: 18.0pt; background: white; margin: 0cm 0cm 15.0pt 0cm;\"><b><span style=\"font-family: 'Ubuntu',serif; color: black;\">K\u00e9szlet\u00fcnk napi szinten v\u00e1ltozik, ez\u00e9rt k\u00e9rj\u00fck, \u00e9rdekl\u0151dj\u00f6n szem\u00e9lyesen, telefonon vagy email-en.<br \/>\nA v\u00e1ltoztat\u00e1s jog\u00e1t fenntartjuk!\u00a0<\/span><\/b><\/p>\n<p><a href=\"https:\/\/tajkertesz.com\/\">https:\/\/tajkertesz.com\/<\/a><\/p>\n<p><a href=\"https:\/\/www.facebook.com\/tajkertesz\">https:\/\/www.facebook.com\/tajkertesz<\/a><\/p>\n<p>&nbsp;<\/p>","protected":false},"excerpt":{"rendered":"<h1>Uborka Barbara F1- hibrid vet\u0151mag 2g<\/h1>\n<p><strong>Barbara F1:<\/strong>\u00a0Igen korai szabadf\u00f6ldi, er\u0151teljes n\u00f6veked\u00e9s\u0171, t\u00falnyom\u00f3an n\u0151vir\u00e1g\u00fa, konzervuborka hibrid. Term\u00e9se s\u00f6t\u00e9tz\u00f6ld, finoman szem\u00f6lcs\u00f6s, apr\u00f3 t\u00fcsk\u00e9s, kesered\u00e9smentes. Kladosp\u00f3riumos m\u00e9zg\u00e1s varasod\u00e1ssal, lisztharmattal \u00e9s uborka mozaik v\u00edrussal szemben ellen\u00e1ll\u00f3.<\/p>","protected":false},"featured_media":18899,"template":"","meta":{"_et_pb_use_builder":"","_et_pb_old_content":"","_et_gb_content_width":""},"product_brand":[],"product_cat":[2881],"product_tag":[],"class_list":{"0":"post-18898","1":"product","2":"type-product","3":"status-publish","4":"has-post-thumbnail","6":"product_cat-zoldsegnoveny-vetomagok","8":"first","9":"instock","10":"shipping-taxable","11":"purchasable","12":"product-type-simple"},"yoast_head":"<!-- This site is optimized with the Yoast SEO plugin v27.5 - https:\/\/yoast.com\/product\/yoast-seo-wordpress\/ -->\n<title>Uborka Barbara F1- hibrid vet\u0151mag 2g - T\u00e1jkert\u00e9sz<\/title>\n<meta name=\"description\" content=\"Barbara F1:\u00a0Igen korai szabadf\u00f6ldi, er\u0151teljes n\u00f6veked\u00e9s\u0171, t\u00falnyom\u00f3an n\u0151vir\u00e1g\u00fa, konzervuborka hibrid. Term\u00e9se s\u00f6t\u00e9tz\u00f6ld, finoman szem\u00f6lcs\u00f6s\" \/>\n<meta name=\"robots\" content=\"index, follow, max-snippet:-1, max-image-preview:large, max-video-preview:-1\" \/>\n<link rel=\"canonical\" href=\"https:\/\/tajkertesz.com\/en_US\/product\/uborka-barbara-f1-hibrid-vetomag-2g\/\" \/>\n<meta property=\"og:locale\" content=\"en_US\" \/>\n<meta property=\"og:type\" content=\"article\" \/>\n<meta property=\"og:title\" content=\"Uborka Barbara F1- hibrid vet\u0151mag 2g - T\u00e1jkert\u00e9sz\" \/>\n<meta property=\"og:description\" content=\"Barbara F1:\u00a0Igen korai szabadf\u00f6ldi, er\u0151teljes n\u00f6veked\u00e9s\u0171, t\u00falnyom\u00f3an n\u0151vir\u00e1g\u00fa, konzervuborka hibrid. Term\u00e9se s\u00f6t\u00e9tz\u00f6ld, finoman szem\u00f6lcs\u00f6s\" \/>\n<meta property=\"og:url\" content=\"https:\/\/tajkertesz.com\/en_US\/product\/uborka-barbara-f1-hibrid-vetomag-2g\/\" \/>\n<meta property=\"og:site_name\" content=\"T\u00e1jkert\u00e9sz\" \/>\n<meta property=\"article:publisher\" content=\"https:\/\/www.facebook.com\/Tajkertesz\/\" \/>\n<meta property=\"article:modified_time\" content=\"2026-04-14T13:44:48+00:00\" \/>\n<meta property=\"og:image\" content=\"https:\/\/tajkertesz.com\/wp-content\/uploads\/2024\/01\/608646.jpg\" \/>\n\t<meta property=\"og:image:width\" content=\"326\" \/>\n\t<meta property=\"og:image:height\" content=\"591\" \/>\n\t<meta property=\"og:image:type\" content=\"image\/jpeg\" \/>\n<meta name=\"twitter:card\" content=\"summary_large_image\" \/>\n<meta name=\"twitter:label1\" content=\"Est. reading time\" \/>\n\t<meta name=\"twitter:data1\" content=\"2 minutes\" \/>\n<script type=\"application\/ld+json\" class=\"yoast-schema-graph\">{\"@context\":\"https:\\\/\\\/schema.org\",\"@graph\":[{\"@type\":\"WebPage\",\"@id\":\"https:\\\/\\\/tajkertesz.com\\\/termek\\\/uborka-barbara-f1-hibrid-vetomag-2g\\\/\",\"url\":\"https:\\\/\\\/tajkertesz.com\\\/termek\\\/uborka-barbara-f1-hibrid-vetomag-2g\\\/\",\"name\":\"Uborka Barbara F1- hibrid vet\u0151mag 2g - T\u00e1jkert\u00e9sz\",\"isPartOf\":{\"@id\":\"https:\\\/\\\/tajkertesz.com\\\/#website\"},\"primaryImageOfPage\":{\"@id\":\"https:\\\/\\\/tajkertesz.com\\\/termek\\\/uborka-barbara-f1-hibrid-vetomag-2g\\\/#primaryimage\"},\"image\":{\"@id\":\"https:\\\/\\\/tajkertesz.com\\\/termek\\\/uborka-barbara-f1-hibrid-vetomag-2g\\\/#primaryimage\"},\"thumbnailUrl\":\"https:\\\/\\\/tajkertesz.com\\\/wp-content\\\/uploads\\\/2024\\\/01\\\/608646.jpg\",\"datePublished\":\"2024-01-25T15:46:01+00:00\",\"dateModified\":\"2026-04-14T13:44:48+00:00\",\"description\":\"Barbara F1:\u00a0Igen korai szabadf\u00f6ldi, er\u0151teljes n\u00f6veked\u00e9s\u0171, t\u00falnyom\u00f3an n\u0151vir\u00e1g\u00fa, konzervuborka hibrid. Term\u00e9se s\u00f6t\u00e9tz\u00f6ld, finoman szem\u00f6lcs\u00f6s\",\"breadcrumb\":{\"@id\":\"https:\\\/\\\/tajkertesz.com\\\/termek\\\/uborka-barbara-f1-hibrid-vetomag-2g\\\/#breadcrumb\"},\"inLanguage\":\"en-US\",\"potentialAction\":[{\"@type\":\"ReadAction\",\"target\":[\"https:\\\/\\\/tajkertesz.com\\\/termek\\\/uborka-barbara-f1-hibrid-vetomag-2g\\\/\"]}]},{\"@type\":\"ImageObject\",\"inLanguage\":\"en-US\",\"@id\":\"https:\\\/\\\/tajkertesz.com\\\/termek\\\/uborka-barbara-f1-hibrid-vetomag-2g\\\/#primaryimage\",\"url\":\"https:\\\/\\\/tajkertesz.com\\\/wp-content\\\/uploads\\\/2024\\\/01\\\/608646.jpg\",\"contentUrl\":\"https:\\\/\\\/tajkertesz.com\\\/wp-content\\\/uploads\\\/2024\\\/01\\\/608646.jpg\",\"width\":326,\"height\":591},{\"@type\":\"BreadcrumbList\",\"@id\":\"https:\\\/\\\/tajkertesz.com\\\/termek\\\/uborka-barbara-f1-hibrid-vetomag-2g\\\/#breadcrumb\",\"itemListElement\":[{\"@type\":\"ListItem\",\"position\":1,\"name\":\"Home\",\"item\":\"https:\\\/\\\/tajkertesz.com\\\/\"},{\"@type\":\"ListItem\",\"position\":2,\"name\":\"Kezd\u0151lap\",\"item\":\"https:\\\/\\\/tajkertesz.com\\\/\"},{\"@type\":\"ListItem\",\"position\":3,\"name\":\"Uborka Barbara F1- hibrid vet\u0151mag 2g\"}]},{\"@type\":\"WebSite\",\"@id\":\"https:\\\/\\\/tajkertesz.com\\\/#website\",\"url\":\"https:\\\/\\\/tajkertesz.com\\\/\",\"name\":\"T\u00e1j-Kert\u00e9sz 84 Kft.\",\"description\":\"Kert\u00e9szeti kis- \u00e9s nagykeresked\u00e9s, D\u00edszn\u00f6v\u00e9ny web\u00e1ruh\u00e1z orsz\u00e1gos h\u00e1zhozsz\u00e1ll\u00edt\u00e1ssal!\",\"publisher\":{\"@id\":\"https:\\\/\\\/tajkertesz.com\\\/#organization\"},\"potentialAction\":[{\"@type\":\"SearchAction\",\"target\":{\"@type\":\"EntryPoint\",\"urlTemplate\":\"https:\\\/\\\/tajkertesz.com\\\/?s={search_term_string}\"},\"query-input\":{\"@type\":\"PropertyValueSpecification\",\"valueRequired\":true,\"valueName\":\"search_term_string\"}}],\"inLanguage\":\"en-US\"},{\"@type\":\"Organization\",\"@id\":\"https:\\\/\\\/tajkertesz.com\\\/#organization\",\"name\":\"T\u00e1j-Kert\u00e9sz 84 Kft.\",\"url\":\"https:\\\/\\\/tajkertesz.com\\\/\",\"logo\":{\"@type\":\"ImageObject\",\"inLanguage\":\"en-US\",\"@id\":\"https:\\\/\\\/tajkertesz.com\\\/#\\\/schema\\\/logo\\\/image\\\/\",\"url\":\"https:\\\/\\\/tajkertesz.com\\\/wp-content\\\/uploads\\\/2018\\\/02\\\/logo-2-e1518678052539.png\",\"contentUrl\":\"https:\\\/\\\/tajkertesz.com\\\/wp-content\\\/uploads\\\/2018\\\/02\\\/logo-2-e1518678052539.png\",\"width\":81,\"height\":140,\"caption\":\"T\u00e1j-Kert\u00e9sz 84 Kft.\"},\"image\":{\"@id\":\"https:\\\/\\\/tajkertesz.com\\\/#\\\/schema\\\/logo\\\/image\\\/\"},\"sameAs\":[\"https:\\\/\\\/www.facebook.com\\\/Tajkertesz\\\/\"]}]}<\/script>\n<!-- \/ Yoast SEO plugin. -->","yoast_head_json":{"title":"Uborka Barbara F1- hibrid vet\u0151mag 2g - T\u00e1jkert\u00e9sz","description":"Barbara F1:\u00a0Igen korai szabadf\u00f6ldi, er\u0151teljes n\u00f6veked\u00e9s\u0171, t\u00falnyom\u00f3an n\u0151vir\u00e1g\u00fa, konzervuborka hibrid. Term\u00e9se s\u00f6t\u00e9tz\u00f6ld, finoman szem\u00f6lcs\u00f6s","robots":{"index":"index","follow":"follow","max-snippet":"max-snippet:-1","max-image-preview":"max-image-preview:large","max-video-preview":"max-video-preview:-1"},"canonical":"https:\/\/tajkertesz.com\/en_US\/product\/uborka-barbara-f1-hibrid-vetomag-2g\/","og_locale":"en_US","og_type":"article","og_title":"Uborka Barbara F1- hibrid vet\u0151mag 2g - T\u00e1jkert\u00e9sz","og_description":"Barbara F1:\u00a0Igen korai szabadf\u00f6ldi, er\u0151teljes n\u00f6veked\u00e9s\u0171, t\u00falnyom\u00f3an n\u0151vir\u00e1g\u00fa, konzervuborka hibrid. Term\u00e9se s\u00f6t\u00e9tz\u00f6ld, finoman szem\u00f6lcs\u00f6s","og_url":"https:\/\/tajkertesz.com\/en_US\/product\/uborka-barbara-f1-hibrid-vetomag-2g\/","og_site_name":"T\u00e1jkert\u00e9sz","article_publisher":"https:\/\/www.facebook.com\/Tajkertesz\/","article_modified_time":"2026-04-14T13:44:48+00:00","og_image":[{"width":326,"height":591,"url":"https:\/\/tajkertesz.com\/wp-content\/uploads\/2024\/01\/608646.jpg","type":"image\/jpeg"}],"twitter_card":"summary_large_image","twitter_misc":{"Est. reading time":"2 minutes"},"schema":{"@context":"https:\/\/schema.org","@graph":[{"@type":"WebPage","@id":"https:\/\/tajkertesz.com\/termek\/uborka-barbara-f1-hibrid-vetomag-2g\/","url":"https:\/\/tajkertesz.com\/termek\/uborka-barbara-f1-hibrid-vetomag-2g\/","name":"Uborka Barbara F1- hibrid vet\u0151mag 2g - T\u00e1jkert\u00e9sz","isPartOf":{"@id":"https:\/\/tajkertesz.com\/#website"},"primaryImageOfPage":{"@id":"https:\/\/tajkertesz.com\/termek\/uborka-barbara-f1-hibrid-vetomag-2g\/#primaryimage"},"image":{"@id":"https:\/\/tajkertesz.com\/termek\/uborka-barbara-f1-hibrid-vetomag-2g\/#primaryimage"},"thumbnailUrl":"https:\/\/tajkertesz.com\/wp-content\/uploads\/2024\/01\/608646.jpg","datePublished":"2024-01-25T15:46:01+00:00","dateModified":"2026-04-14T13:44:48+00:00","description":"Barbara F1:\u00a0Igen korai szabadf\u00f6ldi, er\u0151teljes n\u00f6veked\u00e9s\u0171, t\u00falnyom\u00f3an n\u0151vir\u00e1g\u00fa, konzervuborka hibrid. Term\u00e9se s\u00f6t\u00e9tz\u00f6ld, finoman szem\u00f6lcs\u00f6s","breadcrumb":{"@id":"https:\/\/tajkertesz.com\/termek\/uborka-barbara-f1-hibrid-vetomag-2g\/#breadcrumb"},"inLanguage":"en-US","potentialAction":[{"@type":"ReadAction","target":["https:\/\/tajkertesz.com\/termek\/uborka-barbara-f1-hibrid-vetomag-2g\/"]}]},{"@type":"ImageObject","inLanguage":"en-US","@id":"https:\/\/tajkertesz.com\/termek\/uborka-barbara-f1-hibrid-vetomag-2g\/#primaryimage","url":"https:\/\/tajkertesz.com\/wp-content\/uploads\/2024\/01\/608646.jpg","contentUrl":"https:\/\/tajkertesz.com\/wp-content\/uploads\/2024\/01\/608646.jpg","width":326,"height":591},{"@type":"BreadcrumbList","@id":"https:\/\/tajkertesz.com\/termek\/uborka-barbara-f1-hibrid-vetomag-2g\/#breadcrumb","itemListElement":[{"@type":"ListItem","position":1,"name":"Home","item":"https:\/\/tajkertesz.com\/"},{"@type":"ListItem","position":2,"name":"Kezd\u0151lap","item":"https:\/\/tajkertesz.com\/"},{"@type":"ListItem","position":3,"name":"Uborka Barbara F1- hibrid vet\u0151mag 2g"}]},{"@type":"WebSite","@id":"https:\/\/tajkertesz.com\/#website","url":"https:\/\/tajkertesz.com\/","name":"T\u00e1j-Kert\u00e9sz 84 Kft.","description":"Kert\u00e9szeti kis- \u00e9s nagykeresked\u00e9s, D\u00edszn\u00f6v\u00e9ny web\u00e1ruh\u00e1z orsz\u00e1gos h\u00e1zhozsz\u00e1ll\u00edt\u00e1ssal!","publisher":{"@id":"https:\/\/tajkertesz.com\/#organization"},"potentialAction":[{"@type":"SearchAction","target":{"@type":"EntryPoint","urlTemplate":"https:\/\/tajkertesz.com\/?s={search_term_string}"},"query-input":{"@type":"PropertyValueSpecification","valueRequired":true,"valueName":"search_term_string"}}],"inLanguage":"en-US"},{"@type":"Organization","@id":"https:\/\/tajkertesz.com\/#organization","name":"T\u00e1j-Kert\u00e9sz 84 Kft.","url":"https:\/\/tajkertesz.com\/","logo":{"@type":"ImageObject","inLanguage":"en-US","@id":"https:\/\/tajkertesz.com\/#\/schema\/logo\/image\/","url":"https:\/\/tajkertesz.com\/wp-content\/uploads\/2018\/02\/logo-2-e1518678052539.png","contentUrl":"https:\/\/tajkertesz.com\/wp-content\/uploads\/2018\/02\/logo-2-e1518678052539.png","width":81,"height":140,"caption":"T\u00e1j-Kert\u00e9sz 84 Kft."},"image":{"@id":"https:\/\/tajkertesz.com\/#\/schema\/logo\/image\/"},"sameAs":["https:\/\/www.facebook.com\/Tajkertesz\/"]}]}},"_links":{"self":[{"href":"https:\/\/tajkertesz.com\/en_US\/wp-json\/wp\/v2\/product\/18898","targetHints":{"allow":["GET"]}}],"collection":[{"href":"https:\/\/tajkertesz.com\/en_US\/wp-json\/wp\/v2\/product"}],"about":[{"href":"https:\/\/tajkertesz.com\/en_US\/wp-json\/wp\/v2\/types\/product"}],"wp:featuredmedia":[{"embeddable":true,"href":"https:\/\/tajkertesz.com\/en_US\/wp-json\/wp\/v2\/media\/18899"}],"wp:attachment":[{"href":"https:\/\/tajkertesz.com\/en_US\/wp-json\/wp\/v2\/media?parent=18898"}],"wp:term":[{"taxonomy":"product_brand","embeddable":true,"href":"https:\/\/tajkertesz.com\/en_US\/wp-json\/wp\/v2\/product_brand?post=18898"},{"taxonomy":"product_cat","embeddable":true,"href":"https:\/\/tajkertesz.com\/en_US\/wp-json\/wp\/v2\/product_cat?post=18898"},{"taxonomy":"product_tag","embeddable":true,"href":"https:\/\/tajkertesz.com\/en_US\/wp-json\/wp\/v2\/product_tag?post=18898"}],"curies":[{"name":"wp","href":"https:\/\/api.w.org\/{rel}","templated":true}]}}