{"id":18911,"date":"2024-01-29T10:01:36","date_gmt":"2024-01-29T10:01:36","guid":{"rendered":"https:\/\/tajkertesz.com\/?post_type=product&#038;p=18911"},"modified":"2026-02-13T09:22:27","modified_gmt":"2026-02-13T09:22:27","slug":"clean-kill-original-plus-rovarirto-utantolto-5l","status":"publish","type":"product","link":"https:\/\/tajkertesz.com\/en_US\/product\/clean-kill-original-plus-rovarirto-utantolto-5l\/","title":{"rendered":"Clean-Kill\/Biokill Original Plus rovar\u00edrt\u00f3 ut\u00e1nt\u00f6lt\u0151 5L"},"content":{"rendered":"<div class=\"artdet__name-rating d-none d-lg-block\">\n<div class=\"row gutters-5\">\n<div class=\"col\">\n<div class=\"artdet__name-pagination-wrap d-flex\">\n<div class=\"top product-page-top\">\n<div class=\"center product-page-center\">\n<div class=\"artdet__name-pagination-wrap d-flex\">\n<div class=\"summary entry-summary\">\n<div class=\"elementor-column elementor-col-50 elementor-inner-column elementor-element elementor-element-072daa9\" data-id=\"072daa9\" data-element_type=\"column\">\n<div class=\"elementor-widget-wrap elementor-element-populated\">\n<div class=\"elementor-element elementor-element-54ae97b elementor-widget__width-auto elementor-widget elementor-widget-jet-single-title\" data-id=\"54ae97b\" data-element_type=\"widget\" data-widget_type=\"jet-single-title.default\">\n<div class=\"elementor-widget-container\">\n<div class=\"elementor-jet-single-title jet-woo-builder\">\n<div class=\"top product-page-top\">\n<div class=\"center product-page-center\">\n<h1 class=\"product-title\">Clean-Kill\/Biokill Original Plus rovar\u00edrt\u00f3 ut\u00e1nt\u00f6lt\u0151 5L<\/h1>\n<div class=\"product-title-addittional\">\n<p class=\"product-title\">Clean-Kill\/Biokill Original Plus rovar\u00edrt\u00f3 ut\u00e1nt\u00f6lt\u0151 5L<\/p>\n<p>Emberre \u00e9s a melegv\u00e9r\u0171 \u00e1llatokra vesz\u00e9lytelen rovarirt\u00f3 permet, mely bevethet\u0151 mindenf\u00e9le rovar k\u00e1rtev\u0151vel szemben. Biol\u00f3giailag lebomlik,hossz\u00fa hat\u00e9konys\u00e1g\u00fa. Hajt\u00f3g\u00e1z mentes, szagtalan, foltot nem hagy\u00f3 szer.<\/p>\n<h3>El\u0151ny\u00f6k<\/h3>\n<ul>\n<li>Minden rovart elpuszt\u00edt (gyors hat\u00e1s)<\/li>\n<li>Hossz\u00fa hat\u00e9konys\u00e1g<\/li>\n<li>Biol\u00f3giailag lebomlik<\/li>\n<li>Hajt\u00f3g\u00e1z mentes<\/li>\n<li>Szagtalan<\/li>\n<li>Nem hagy foltot<\/li>\n<li>Gyerekszob\u00e1ban is alkalmazhat\u00f3<\/li>\n<\/ul>\n<p>Hat\u00f3anyag \/ \u00f6sszet\u00e9tel:\u00a00,1% transz-fenotrin+ 0,01 %pralletrin<\/p>\n<h3>Felhaszn\u00e1lhat\u00f3:<\/h3>\n<p>L\u00e9gy, hangya, bolha, sz\u00fanyog, cs\u00f3t\u00e1ny, atka, \u00e1gyi poloska, dar\u00e1zs, poloska, ruhamoly, molylepke, kullancs, f\u00fclbem\u00e1sz\u00f3, gabonabog\u00e1r, lisztbig\u00e1r, p\u00f3k, tet\u0171, egy\u00e9b rejtett \u00e9letm\u00f3dot \u00e9l\u0151 rovarok ellen.<\/p>\n<h3>Alkalmaz\u00e1s:<\/h3>\n<p>Felhaszn\u00e1l\u00e1s el\u0151tt alaposan r\u00e1zzuk fel a k\u00e9sz\u00edtm\u00e9nyt. A sz\u00f3r\u00f3fejet ford\u00edtsuk el, a kezelend\u0151 fel\u00fclett\u0151l 30cm t\u00e1vols\u00e1gra finoman permetezz\u00fck fel. A fel\u00fclet kiss\u00e9 legyen nedves a k\u00e9sz\u00edtm\u00e9nyt\u0151l. Alkalmazza a padl\u00f3n, a falr\u00e9sekbe, ajt\u00f3reped\u00e9sekbe, a szem\u00e9tt\u00e1rol\u00f3 k\u00f6rny\u00e9k\u00e9n, mosogat\u00f3, mosd\u00f3kagyl\u00f3 k\u00f6r\u00fcl. f\u00fcrd\u0151k\u00e1d, WC k\u00f6rny\u00e9k\u00e9n.<\/p>\n<p>Ruhamoly eset\u00e9n a szekr\u00e9ny \u00e9s fi\u00f3kok bels\u0151 fel\u00fclet\u00e9t kezelj\u00fck le.<\/p>\n<p>H\u00e1zi\u00e1llatok eset\u00e9n:<\/p>\n<p>K\u00f6zvetlen\u00fcl az \u00e1llatra ne f\u00fajjuk!! Kezelj\u00fck a k\u00f6rnyezet\u00fcket, fekhely\u00fcket! Bolha eset\u00e9n 4 hetente, kullancs illetve vemhess\u00e9g eset\u00e9n 7-10 hetente kezelj\u00fck le a fel\u00fcleteket.<span style=\"color: #ffffff;\">pedig \u00e1ltal\u00e1nos rovarirt\u00f3szerekben alkalmaznak. K\u00f6rnyezetk\u00e1ros\u00edt\u00f3 hat\u00e1sa miatt 2003 \u00f3ta az Eur\u00f3pai Uni\u00f3ban nem haszn\u00e1lhat\u00f3 n\u00f6v\u00e9nyv\u00e9d\u0151szerk\u00e9nt. Az \u0151szi margitvir\u00e1gban tal\u00e1lhat\u00f3 term\u00e9szetes rovar\u00f6l\u0151 anyag alapj\u00e1n fejlesztett\u00e9k ki, majd kezdt\u00e9k el ipari gy\u00e1rt\u00e1s\u00e1t.<\/span><\/p>\n<\/div>\n<\/div>\n<\/div>\n<\/div>\n<\/div>\n<\/div>\n<\/div>\n<\/div>\n<\/div>\n<\/div>\n<\/div>\n<\/div>\n<\/div>\n<\/div>\n<\/div>\n<\/div>\n<p>El\u00e9rhet\u0151 t\u00f6bbf\u00e9le m\u00e9retben \u00e9s \u00e1rban.<\/p>\n<p><strong>K\u00e9szlet\u00fcnk napi szinten v\u00e1ltozik, ez\u00e9rt k\u00e9rj\u00fck, \u00e9rdekl\u0151dj\u00f6n szem\u00e9lyesen, telefonon vagy email-en.<br \/>\nA v\u00e1ltoztat\u00e1s jog\u00e1t fenntartjuk!\u00a0<\/strong><\/p>\n<p>&nbsp;<\/p>\n<p><a href=\"https:\/\/tajkertesz.com\/\">https:\/\/tajkertesz.com\/<\/a><\/p>\n<p><a href=\"https:\/\/www.facebook.com\/tajkertesz\/\">https:\/\/www.facebook.com\/tajkertesz\/<\/a><\/p>\n<p>Kisz\u00e1ll\u00edt\u00e1s: 200cm-ig \u00a0\u00e9s 40 kg-ig a sz\u00e1ll\u00edt\u00e1s fut\u00e1rszolg\u00e1lattal \u00a0t\u00f6rt\u00e9nik.<\/p>\n<p>Szem\u00e9lyes \u00e1tv\u00e9tel nyitvatart\u00e1si id\u0151ben a 17. ker\u00fclet Bakancsos utca 7. sz\u00e1m alatti Kert\u00e9szeti \u00e1rud\u00e1ban.<\/p>\n<h6><span style=\"color: #000000;\">A\u00a0<b>rovarriaszt\u00f3, repellens:<\/b><\/span><span style=\"color: #000000;\">(<i>latin:<\/i>\u00a0elriaszt\u00f3, t\u00e1vol tart\u00f3, pl.: rovart<sup id=\"cite_ref-1\" class=\"reference\"><\/sup>) olyan anyag,\u00a0 fizikai elj\u00e1r\u00e1s, amely elriasztja, t\u00e1vol tartja a rovarokat az ember b\u0151r\u00e9t\u0151l, ruh\u00e1zat\u00e1t\u00f3l, lak\u00f3hely\u00e9t\u0151l vagy az \u00e1llatok k\u00fcltakar\u00f3j\u00e1t\u00f3l, k\u00f6rnyezet\u00e9t\u0151l, \u00e9l\u0151hely\u00e9t\u0151l. <sup id=\"cite_ref-2\" class=\"reference\"><\/sup>Repellens hat\u00e1s alatt bizonyos hat\u00f3anyagok kullancsokra \u00e9s rovarokra kifejtett t\u00e1vol tart\u00f3 hat\u00e1s\u00e1t \u00e9rtj\u00fck, ami megakad\u00e1lyozza a parazit\u00e1k megtapad\u00e1s\u00e1t, sz\u00far\u00e1s\u00e1t vagy v\u00e9rsz\u00edv\u00e1s\u00e1t a kezelt emberen, \u00e1llaton. Fert\u0151z\u00f6tt rovarok cs\u00edp\u00e9se betegs\u00e9g terjed\u00e9s\u00e9nek forr\u00e1sa lehet.<sup id=\"cite_ref-3\" class=\"reference\"><\/sup><\/span><span style=\"color: #000000;\">Elengedhetetlen fontoss\u00e1g\u00fa annak ismerete, hogy melyik\u00a0<i>rovarriaszt\u00f3<\/i>\u00a0term\u00e9kek kisz\u00e1m\u00edthat\u00f3k \u00e9s tart\u00f3s v\u00e9delmet ny\u00fajtanak. K\u00f6zel 100%-os v\u00e9delem \u00e9rhet\u0151 el, ha hosszabb hat\u00e1startam\u00fa rovar\u0171z\u0151 szereket c\u00e9lszer\u0171 haszn\u00e1lunk, kombin\u00e1lva\u00a0<i>permetrinnel<\/i> kezelt ruh\u00e1zattal. Ugyanolyan szem\u00e9lyi v\u00e9delmi int\u00e9zked\u00e9seket kell foganatos\u00edtani kullancsok \u00e9s cs\u00edp\u0151s rovarok, legyek eset\u00e9ben, mint a sz\u00fanyogokn\u00e1l, mert ezek az \u00e9l\u0151sk\u00f6d\u0151k is tov\u00e1bb\u00edtja a Lyme-k\u00f3rt, kullancsencephalitist, visszat\u00e9r\u0151 l\u00e1zt, t\u00edfuszt, leishmaniasist, onchocerciasist, trypanosomiasist, \u00e9s sz\u00e1mos m\u00e1s tr\u00f3pusi \u00e9s fert\u0151z\u0151 betegs\u00e9geket.<\/span><span style=\"color: #000000;\">A\u00a0<b>permetrin:<\/b><\/span><span style=\"color: #ffffff;\"><span style=\"color: #000000;\">a piretroidok k\u00f6z\u00e9 tartoz\u00f3 rovar- \u00e9s atkairt\u00f3 hat\u00f3anyag, amely<\/span>et tet\u0171- \u00e9s bo<\/span><\/h6>","protected":false},"excerpt":{"rendered":"<h1 class=\"product-title\">Clean-Kill\/ Biokill Original Plus rovar\u00edrt\u00f3 ut\u00e1nt\u00f6lt\u0151 5L<\/h1>\n<p>Emberre \u00e9s a melegv\u00e9r\u0171 \u00e1llatokra vesz\u00e9lytelen rovarirt\u00f3 permet, mely bevethet\u0151 mindenf\u00e9le rovar k\u00e1rtev\u0151vel szemben&#8230;<\/p>\n<p><strong>K\u00e9szlet\u00fcnk napi szinten v\u00e1ltozik, ez\u00e9rt k\u00e9rj\u00fck, \u00e9rdekl\u0151dj\u00f6n szem\u00e9lyesen, telefonon vagy email-en.<br \/>\nA v\u00e1ltoztat\u00e1s jog\u00e1t fenntartjuk!\u00a0<\/strong><\/p>","protected":false},"featured_media":18912,"template":"","meta":{"_et_pb_use_builder":"","_et_pb_old_content":"","_et_gb_content_width":""},"product_brand":[],"product_cat":[4091],"product_tag":[4731,2357,4733,4734,4732],"class_list":{"0":"post-18911","1":"product","2":"type-product","3":"status-publish","4":"has-post-thumbnail","6":"product_cat-egyeb-csapdak-riasztok","7":"product_tag-biokill","8":"product_tag-clean-kill-original-plus-rovarirto-utantolto-500-ml","9":"product_tag-hangya","10":"product_tag-rovar","11":"product_tag-szunyog","13":"first","14":"onbackorder","15":"shipping-taxable","16":"purchasable","17":"product-type-simple"},"yoast_head":"<!-- This site is optimized with the Yoast SEO plugin v27.4 - https:\/\/yoast.com\/product\/yoast-seo-wordpress\/ -->\n<title>Clean-Kill\/Biokill Original Plus rovar\u00edrt\u00f3 ut\u00e1nt\u00f6lt\u0151 5L - T\u00e1jkert\u00e9sz<\/title>\n<meta name=\"description\" content=\"Clean-Kill Original Plus rovar\u00edrt\u00f3 ut\u00e1nt\u00f6lt\u0151 5L. Emberre \u00e9s a melegv\u00e9r\u0171 \u00e1llatokra vesz\u00e9lytelen rovarirt\u00f3 permet, mely bevethet\u0151 mindenf\u00e9le rovar k\u00e1rtev\u0151...\" \/>\n<meta name=\"robots\" content=\"index, follow, max-snippet:-1, max-image-preview:large, max-video-preview:-1\" \/>\n<link rel=\"canonical\" href=\"https:\/\/tajkertesz.com\/en_US\/product\/clean-kill-original-plus-rovarirto-utantolto-5l\/\" \/>\n<meta property=\"og:locale\" content=\"en_US\" \/>\n<meta property=\"og:type\" content=\"article\" \/>\n<meta property=\"og:title\" content=\"Clean-Kill\/Biokill Original Plus rovar\u00edrt\u00f3 ut\u00e1nt\u00f6lt\u0151 5L - T\u00e1jkert\u00e9sz\" \/>\n<meta property=\"og:description\" content=\"Clean-Kill Original Plus rovar\u00edrt\u00f3 ut\u00e1nt\u00f6lt\u0151 5L. Emberre \u00e9s a melegv\u00e9r\u0171 \u00e1llatokra vesz\u00e9lytelen rovarirt\u00f3 permet, mely bevethet\u0151 mindenf\u00e9le rovar k\u00e1rtev\u0151...\" \/>\n<meta property=\"og:url\" content=\"https:\/\/tajkertesz.com\/en_US\/product\/clean-kill-original-plus-rovarirto-utantolto-5l\/\" \/>\n<meta property=\"og:site_name\" content=\"T\u00e1jkert\u00e9sz\" \/>\n<meta property=\"article:publisher\" content=\"https:\/\/www.facebook.com\/Tajkertesz\/\" \/>\n<meta property=\"article:modified_time\" content=\"2026-02-13T09:22:27+00:00\" \/>\n<meta property=\"og:image\" content=\"https:\/\/tajkertesz.com\/wp-content\/uploads\/2024\/01\/biok5701.jpg\" \/>\n\t<meta property=\"og:image:width\" content=\"940\" \/>\n\t<meta property=\"og:image:height\" content=\"788\" \/>\n\t<meta property=\"og:image:type\" content=\"image\/jpeg\" \/>\n<meta name=\"twitter:card\" content=\"summary_large_image\" \/>\n<meta name=\"twitter:label1\" content=\"Est. reading time\" \/>\n\t<meta name=\"twitter:data1\" content=\"3 minutes\" \/>\n<script type=\"application\/ld+json\" class=\"yoast-schema-graph\">{\"@context\":\"https:\\\/\\\/schema.org\",\"@graph\":[{\"@type\":\"WebPage\",\"@id\":\"https:\\\/\\\/tajkertesz.com\\\/termek\\\/clean-kill-original-plus-rovarirto-utantolto-5l\\\/\",\"url\":\"https:\\\/\\\/tajkertesz.com\\\/termek\\\/clean-kill-original-plus-rovarirto-utantolto-5l\\\/\",\"name\":\"Clean-Kill\\\/Biokill Original Plus rovar\u00edrt\u00f3 ut\u00e1nt\u00f6lt\u0151 5L - T\u00e1jkert\u00e9sz\",\"isPartOf\":{\"@id\":\"https:\\\/\\\/tajkertesz.com\\\/#website\"},\"primaryImageOfPage\":{\"@id\":\"https:\\\/\\\/tajkertesz.com\\\/termek\\\/clean-kill-original-plus-rovarirto-utantolto-5l\\\/#primaryimage\"},\"image\":{\"@id\":\"https:\\\/\\\/tajkertesz.com\\\/termek\\\/clean-kill-original-plus-rovarirto-utantolto-5l\\\/#primaryimage\"},\"thumbnailUrl\":\"https:\\\/\\\/tajkertesz.com\\\/wp-content\\\/uploads\\\/2024\\\/01\\\/biok5701.jpg\",\"datePublished\":\"2024-01-29T10:01:36+00:00\",\"dateModified\":\"2026-02-13T09:22:27+00:00\",\"description\":\"Clean-Kill Original Plus rovar\u00edrt\u00f3 ut\u00e1nt\u00f6lt\u0151 5L. Emberre \u00e9s a melegv\u00e9r\u0171 \u00e1llatokra vesz\u00e9lytelen rovarirt\u00f3 permet, mely bevethet\u0151 mindenf\u00e9le rovar k\u00e1rtev\u0151...\",\"breadcrumb\":{\"@id\":\"https:\\\/\\\/tajkertesz.com\\\/termek\\\/clean-kill-original-plus-rovarirto-utantolto-5l\\\/#breadcrumb\"},\"inLanguage\":\"en-US\",\"potentialAction\":[{\"@type\":\"ReadAction\",\"target\":[\"https:\\\/\\\/tajkertesz.com\\\/termek\\\/clean-kill-original-plus-rovarirto-utantolto-5l\\\/\"]}]},{\"@type\":\"ImageObject\",\"inLanguage\":\"en-US\",\"@id\":\"https:\\\/\\\/tajkertesz.com\\\/termek\\\/clean-kill-original-plus-rovarirto-utantolto-5l\\\/#primaryimage\",\"url\":\"https:\\\/\\\/tajkertesz.com\\\/wp-content\\\/uploads\\\/2024\\\/01\\\/biok5701.jpg\",\"contentUrl\":\"https:\\\/\\\/tajkertesz.com\\\/wp-content\\\/uploads\\\/2024\\\/01\\\/biok5701.jpg\",\"width\":940,\"height\":788},{\"@type\":\"BreadcrumbList\",\"@id\":\"https:\\\/\\\/tajkertesz.com\\\/termek\\\/clean-kill-original-plus-rovarirto-utantolto-5l\\\/#breadcrumb\",\"itemListElement\":[{\"@type\":\"ListItem\",\"position\":1,\"name\":\"Home\",\"item\":\"https:\\\/\\\/tajkertesz.com\\\/\"},{\"@type\":\"ListItem\",\"position\":2,\"name\":\"Kezd\u0151lap\",\"item\":\"https:\\\/\\\/tajkertesz.com\\\/\"},{\"@type\":\"ListItem\",\"position\":3,\"name\":\"Clean-Kill\\\/Biokill Original Plus rovar\u00edrt\u00f3 ut\u00e1nt\u00f6lt\u0151 5L\"}]},{\"@type\":\"WebSite\",\"@id\":\"https:\\\/\\\/tajkertesz.com\\\/#website\",\"url\":\"https:\\\/\\\/tajkertesz.com\\\/\",\"name\":\"T\u00e1j-Kert\u00e9sz 84 Kft.\",\"description\":\"Kert\u00e9szeti kis- \u00e9s nagykeresked\u00e9s, D\u00edszn\u00f6v\u00e9ny web\u00e1ruh\u00e1z orsz\u00e1gos h\u00e1zhozsz\u00e1ll\u00edt\u00e1ssal!\",\"publisher\":{\"@id\":\"https:\\\/\\\/tajkertesz.com\\\/#organization\"},\"potentialAction\":[{\"@type\":\"SearchAction\",\"target\":{\"@type\":\"EntryPoint\",\"urlTemplate\":\"https:\\\/\\\/tajkertesz.com\\\/?s={search_term_string}\"},\"query-input\":{\"@type\":\"PropertyValueSpecification\",\"valueRequired\":true,\"valueName\":\"search_term_string\"}}],\"inLanguage\":\"en-US\"},{\"@type\":\"Organization\",\"@id\":\"https:\\\/\\\/tajkertesz.com\\\/#organization\",\"name\":\"T\u00e1j-Kert\u00e9sz 84 Kft.\",\"url\":\"https:\\\/\\\/tajkertesz.com\\\/\",\"logo\":{\"@type\":\"ImageObject\",\"inLanguage\":\"en-US\",\"@id\":\"https:\\\/\\\/tajkertesz.com\\\/#\\\/schema\\\/logo\\\/image\\\/\",\"url\":\"https:\\\/\\\/tajkertesz.com\\\/wp-content\\\/uploads\\\/2018\\\/02\\\/logo-2-e1518678052539.png\",\"contentUrl\":\"https:\\\/\\\/tajkertesz.com\\\/wp-content\\\/uploads\\\/2018\\\/02\\\/logo-2-e1518678052539.png\",\"width\":81,\"height\":140,\"caption\":\"T\u00e1j-Kert\u00e9sz 84 Kft.\"},\"image\":{\"@id\":\"https:\\\/\\\/tajkertesz.com\\\/#\\\/schema\\\/logo\\\/image\\\/\"},\"sameAs\":[\"https:\\\/\\\/www.facebook.com\\\/Tajkertesz\\\/\"]}]}<\/script>\n<!-- \/ Yoast SEO plugin. -->","yoast_head_json":{"title":"Clean-Kill\/Biokill Original Plus rovar\u00edrt\u00f3 ut\u00e1nt\u00f6lt\u0151 5L - T\u00e1jkert\u00e9sz","description":"Clean-Kill Original Plus rovar\u00edrt\u00f3 ut\u00e1nt\u00f6lt\u0151 5L. Emberre \u00e9s a melegv\u00e9r\u0171 \u00e1llatokra vesz\u00e9lytelen rovarirt\u00f3 permet, mely bevethet\u0151 mindenf\u00e9le rovar k\u00e1rtev\u0151...","robots":{"index":"index","follow":"follow","max-snippet":"max-snippet:-1","max-image-preview":"max-image-preview:large","max-video-preview":"max-video-preview:-1"},"canonical":"https:\/\/tajkertesz.com\/en_US\/product\/clean-kill-original-plus-rovarirto-utantolto-5l\/","og_locale":"en_US","og_type":"article","og_title":"Clean-Kill\/Biokill Original Plus rovar\u00edrt\u00f3 ut\u00e1nt\u00f6lt\u0151 5L - T\u00e1jkert\u00e9sz","og_description":"Clean-Kill Original Plus rovar\u00edrt\u00f3 ut\u00e1nt\u00f6lt\u0151 5L. Emberre \u00e9s a melegv\u00e9r\u0171 \u00e1llatokra vesz\u00e9lytelen rovarirt\u00f3 permet, mely bevethet\u0151 mindenf\u00e9le rovar k\u00e1rtev\u0151...","og_url":"https:\/\/tajkertesz.com\/en_US\/product\/clean-kill-original-plus-rovarirto-utantolto-5l\/","og_site_name":"T\u00e1jkert\u00e9sz","article_publisher":"https:\/\/www.facebook.com\/Tajkertesz\/","article_modified_time":"2026-02-13T09:22:27+00:00","og_image":[{"width":940,"height":788,"url":"https:\/\/tajkertesz.com\/wp-content\/uploads\/2024\/01\/biok5701.jpg","type":"image\/jpeg"}],"twitter_card":"summary_large_image","twitter_misc":{"Est. reading time":"3 minutes"},"schema":{"@context":"https:\/\/schema.org","@graph":[{"@type":"WebPage","@id":"https:\/\/tajkertesz.com\/termek\/clean-kill-original-plus-rovarirto-utantolto-5l\/","url":"https:\/\/tajkertesz.com\/termek\/clean-kill-original-plus-rovarirto-utantolto-5l\/","name":"Clean-Kill\/Biokill Original Plus rovar\u00edrt\u00f3 ut\u00e1nt\u00f6lt\u0151 5L - T\u00e1jkert\u00e9sz","isPartOf":{"@id":"https:\/\/tajkertesz.com\/#website"},"primaryImageOfPage":{"@id":"https:\/\/tajkertesz.com\/termek\/clean-kill-original-plus-rovarirto-utantolto-5l\/#primaryimage"},"image":{"@id":"https:\/\/tajkertesz.com\/termek\/clean-kill-original-plus-rovarirto-utantolto-5l\/#primaryimage"},"thumbnailUrl":"https:\/\/tajkertesz.com\/wp-content\/uploads\/2024\/01\/biok5701.jpg","datePublished":"2024-01-29T10:01:36+00:00","dateModified":"2026-02-13T09:22:27+00:00","description":"Clean-Kill Original Plus rovar\u00edrt\u00f3 ut\u00e1nt\u00f6lt\u0151 5L. Emberre \u00e9s a melegv\u00e9r\u0171 \u00e1llatokra vesz\u00e9lytelen rovarirt\u00f3 permet, mely bevethet\u0151 mindenf\u00e9le rovar k\u00e1rtev\u0151...","breadcrumb":{"@id":"https:\/\/tajkertesz.com\/termek\/clean-kill-original-plus-rovarirto-utantolto-5l\/#breadcrumb"},"inLanguage":"en-US","potentialAction":[{"@type":"ReadAction","target":["https:\/\/tajkertesz.com\/termek\/clean-kill-original-plus-rovarirto-utantolto-5l\/"]}]},{"@type":"ImageObject","inLanguage":"en-US","@id":"https:\/\/tajkertesz.com\/termek\/clean-kill-original-plus-rovarirto-utantolto-5l\/#primaryimage","url":"https:\/\/tajkertesz.com\/wp-content\/uploads\/2024\/01\/biok5701.jpg","contentUrl":"https:\/\/tajkertesz.com\/wp-content\/uploads\/2024\/01\/biok5701.jpg","width":940,"height":788},{"@type":"BreadcrumbList","@id":"https:\/\/tajkertesz.com\/termek\/clean-kill-original-plus-rovarirto-utantolto-5l\/#breadcrumb","itemListElement":[{"@type":"ListItem","position":1,"name":"Home","item":"https:\/\/tajkertesz.com\/"},{"@type":"ListItem","position":2,"name":"Kezd\u0151lap","item":"https:\/\/tajkertesz.com\/"},{"@type":"ListItem","position":3,"name":"Clean-Kill\/Biokill Original Plus rovar\u00edrt\u00f3 ut\u00e1nt\u00f6lt\u0151 5L"}]},{"@type":"WebSite","@id":"https:\/\/tajkertesz.com\/#website","url":"https:\/\/tajkertesz.com\/","name":"T\u00e1j-Kert\u00e9sz 84 Kft.","description":"Kert\u00e9szeti kis- \u00e9s nagykeresked\u00e9s, D\u00edszn\u00f6v\u00e9ny web\u00e1ruh\u00e1z orsz\u00e1gos h\u00e1zhozsz\u00e1ll\u00edt\u00e1ssal!","publisher":{"@id":"https:\/\/tajkertesz.com\/#organization"},"potentialAction":[{"@type":"SearchAction","target":{"@type":"EntryPoint","urlTemplate":"https:\/\/tajkertesz.com\/?s={search_term_string}"},"query-input":{"@type":"PropertyValueSpecification","valueRequired":true,"valueName":"search_term_string"}}],"inLanguage":"en-US"},{"@type":"Organization","@id":"https:\/\/tajkertesz.com\/#organization","name":"T\u00e1j-Kert\u00e9sz 84 Kft.","url":"https:\/\/tajkertesz.com\/","logo":{"@type":"ImageObject","inLanguage":"en-US","@id":"https:\/\/tajkertesz.com\/#\/schema\/logo\/image\/","url":"https:\/\/tajkertesz.com\/wp-content\/uploads\/2018\/02\/logo-2-e1518678052539.png","contentUrl":"https:\/\/tajkertesz.com\/wp-content\/uploads\/2018\/02\/logo-2-e1518678052539.png","width":81,"height":140,"caption":"T\u00e1j-Kert\u00e9sz 84 Kft."},"image":{"@id":"https:\/\/tajkertesz.com\/#\/schema\/logo\/image\/"},"sameAs":["https:\/\/www.facebook.com\/Tajkertesz\/"]}]}},"_links":{"self":[{"href":"https:\/\/tajkertesz.com\/en_US\/wp-json\/wp\/v2\/product\/18911","targetHints":{"allow":["GET"]}}],"collection":[{"href":"https:\/\/tajkertesz.com\/en_US\/wp-json\/wp\/v2\/product"}],"about":[{"href":"https:\/\/tajkertesz.com\/en_US\/wp-json\/wp\/v2\/types\/product"}],"wp:featuredmedia":[{"embeddable":true,"href":"https:\/\/tajkertesz.com\/en_US\/wp-json\/wp\/v2\/media\/18912"}],"wp:attachment":[{"href":"https:\/\/tajkertesz.com\/en_US\/wp-json\/wp\/v2\/media?parent=18911"}],"wp:term":[{"taxonomy":"product_brand","embeddable":true,"href":"https:\/\/tajkertesz.com\/en_US\/wp-json\/wp\/v2\/product_brand?post=18911"},{"taxonomy":"product_cat","embeddable":true,"href":"https:\/\/tajkertesz.com\/en_US\/wp-json\/wp\/v2\/product_cat?post=18911"},{"taxonomy":"product_tag","embeddable":true,"href":"https:\/\/tajkertesz.com\/en_US\/wp-json\/wp\/v2\/product_tag?post=18911"}],"curies":[{"name":"wp","href":"https:\/\/api.w.org\/{rel}","templated":true}]}}