{"id":18918,"date":"2024-01-29T11:51:33","date_gmt":"2024-01-29T11:51:33","guid":{"rendered":"https:\/\/tajkertesz.com\/?post_type=product&#038;p=18918"},"modified":"2026-03-02T09:04:02","modified_gmt":"2026-03-02T09:04:02","slug":"vitisan-sp-gombaolo-szer-1kg","status":"publish","type":"product","link":"https:\/\/tajkertesz.com\/en_US\/product\/vitisan-sp-gombaolo-szer-1kg\/","title":{"rendered":"Vitisan SP. gomba\u00f6l\u0151 szer 1kg"},"content":{"rendered":"<div class=\"et_pb_module et_pb_text et_pb_text_9 et_pb_text_align_left et_pb_bg_layout_light\">\n<div class=\"et_pb_text_inner\">\n<h1>Vitisan SP. gomba\u00f6l\u0151 szer 1kg<\/h1>\n<h4>Vitisan SP. gomba\u00f6l\u0151 szer 1kg<\/h4>\n<\/div>\n<\/div>\n<div class=\"et_pb_module et_pb_text et_pb_text_10 et_pb_text_align_left et_pb_bg_layout_light\">\n<div class=\"et_pb_text_inner\">\n<p><strong>Hogyan hat?<\/strong><\/p>\n<p>A kezelt n\u00f6v\u00e9nyfelsz\u00ednen l\u00fagos k\u00e9mhat\u00e1s kialak\u00edt\u00e1s\u00e1val is akad\u00e1lyozza a betegs\u00e9get okoz\u00f3 gomb\u00e1k megteleped\u00e9s\u00e9t. A k\u00f3rokoz\u00f3k fedetts\u00e9ge a\u00a0<strong>VitiSan SP\u00ae\u00a0<\/strong>gomba\u00f6l\u0151 szer permetlev\u00e9vel azok k\u00e9pleteinek kisz\u00e1rad\u00e1s\u00e1t eredm\u00e9nyezi, illetve megakad\u00e1lyozza a fert\u0151z\u00e9st. A\u00a0<strong>VitiSan SP\u00ae<\/strong>\u00a0gomba\u00f6l\u0151 szer megfelel\u0151 hat\u00e1sa \u00e9rdek\u00e9ben egyenletes fedetts\u00e9gre, teljes permetl\u00e9 bor\u00edt\u00e1sra kell t\u00f6rekedni minden, betegs\u00e9gnek kitett n\u00f6v\u00e9nyfelsz\u00ednen, melyet hat\u00e1sfokoz\u00f3 adal\u00e9kanyag (pl.\u00a0<a href=\"https:\/\/biocontmagyarorszag.hu\/termek\/wetcit\">Wetcit<\/a>) hozz\u00e1ad\u00e1s\u00e1val jelent\u0151sen fokozni lehet.<br \/>\nA k\u00e1lium alapvet\u0151 \u00e9s kulcsfontoss\u00e1g\u00fa szerepet t\u00f6lt be a betegs\u00e9g ellen\u00e1ll\u00f3s\u00e1gon t\u00falmen\u0151en a n\u00f6v\u00e9nyek t\u00e1panyagell\u00e1t\u00e1s\u00e1ban is. A k\u00f6nnyen felvehet\u0151 k\u00e1lium biztos\u00edt\u00e1s\u00e1val, azaz a\u00a0<strong>VitiSan SP\u00ae\u00a0<\/strong>gomba\u00f6l\u0151 szer t\u00f6bbsz\u00f6ri haszn\u00e1lat\u00e1val a n\u00f6v\u00e9ny ellen\u00e1ll\u00f3 k\u00e9pess\u00e9ge \u00e9s stresszt\u0171r\u00e9se, k\u00fcl\u00f6n\u00f6sen a sz\u00e1razs\u00e1gt\u0171r\u00e9se fokoz\u00f3dik. A n\u00f6v\u00e9ny k\u00f3rokoz\u00f3kkal, els\u0151sorban a lisztharmattal \u00e9s sz\u00fcrkepen\u00e9sszel szembeni ellen\u00e1ll\u00f3 k\u00e9pess\u00e9ge jelent\u0151sen feler\u0151s\u00f6dik, a term\u00e9s mennyis\u00e9ge n\u0151 \u00e9s min\u0151s\u00e9ge javul.<\/p>\n<p><strong>Felhaszn\u00e1l\u00e1s:<\/strong><br \/>\nFelhaszn\u00e1l\u00e1sa amennyire csak lehet \u2013 prevent\u00edven, a veget\u00e1ci\u00f3 kezdet\u00e9t\u0151l, vagy legk\u00e9s\u0151bb a fert\u0151z\u00e9sre hajlamos\u00edt\u00f3 k\u00f6r\u00fclm\u00e9nyek bek\u00f6vetkez\u00e9sekor javasolt, azonban eradikat\u00edv hat\u00e1s\u00e1nak k\u00f6sz\u00f6nhet\u0151en a kialakul\u00f3 fert\u0151z\u00e9seket is blokkolja. Sz\u00fcks\u00e9g eset\u00e9n 7-10 naponta javasolt a kijuttat\u00e1sa, sz\u0151l\u0151ben 500-800 (nagy lombt\u00f6meg eset\u00e9n 1.000-, ak\u00e1r 1.200) l\/ha; egy\u00e9b n\u00f6v\u00e9nyekben is -lehet\u0151leg lombt\u00f6meghez igaz\u00edtott \u2013 b\u0151s\u00e9ges permetl\u00e9-mennyis\u00e9ggel (t\u00e1bl\u00e1zat szerint). Fokozott fert\u0151z\u00e9sre hajlamos\u00edt\u00f3 k\u00f6r\u00fclm\u00e9nyek fenn\u00e1ll\u00e1sa eset\u00e9n r\u00f6videbb v\u00e9dekez\u00e9si fordul\u00f3k, \u2013 \u00e9s d\u00f3zisintervallum eset\u00e9n \u2013 magasabb d\u00f3zis alkalmaz\u00e1sa sz\u00fcks\u00e9ges. A sz\u00fcrkerothad\u00e1s megel\u0151z\u00e9s\u00e9ben j\u00f3 eredm\u00e9nyeket \u00e9rhet\u00fcnk el a\u00a0<strong>VitiSan SP\u00ae<\/strong>\u00a0gomba\u00f6l\u0151 szer haszn\u00e1lata mellett. A kialakul\u00f3ban l\u00e9v\u0151 fert\u0151z\u00e9st blokkolja, illetve a kialakul\u00f3 pen\u00e9szgyepet \u2013 megfelel\u0151 nedves\u00edt\u00e9s eset\u00e9n \u2013 lesz\u00e1r\u00edtja, valamint a rothad\u00e1snak indult n\u00f6v\u00e9nyr\u00e9szeket, bogy\u00f3kat besz\u00e1r\u00edtja. A betakar\u00edt\u00e1s\/sz\u00fcret el\u0151tt 0-1 napos v\u00e1rakoz\u00e1si idej\u00e9vel kock\u00e1zat n\u00e9lk\u00fcl haszn\u00e1lhat\u00f3. A hagyom\u00e1nyos sz\u00fcrkepen\u00e9sz, illetve lisztharmat elleni szerekt\u0151l elt\u00e9r\u0151 hat\u00e1sm\u00f3dja, kontakt hat\u00e1sa r\u00e9v\u00e9n rezisztencia kezel\u00e9shez kiv\u00e1l\u00f3 seg\u00edts\u00e9get ny\u00fajt.<\/p>\n<p><strong>Hasznos inform\u00e1ci\u00f3k:<\/strong><br \/>\n<em>Bacillus thuringiensis<\/em>\u00a0hat\u00f3anyag\u00fa rovar\u00f6l\u0151 szerekkel nem keverhet\u0151! K\u00e9nnel egy\u00fctt kijuttatva a k\u00e9nk\u00e9sz\u00edtm\u00e9ny maxim\u00e1lis d\u00f3zisa 4 kg\/ha. L\u00fagos k\u00e9mhat\u00e1sra \u00e9rz\u00e9keny n\u00f6v\u00e9nyv\u00e9d\u0151 szerekkel nem keverhet\u0151, m\u00e1s n\u00f6v\u00e9nyv\u00e9d\u0151 szerekkel \u00e9s term\u00e9sn\u00f6vel\u0151 anyagokkal t\u00f6rt\u00e9n\u0151 egy\u00fcttes kijuttat\u00e1sa el\u0151tt c\u00e9lszer\u0171 keverhet\u0151s\u00e9gi pr\u00f3b\u00e1t v\u00e9gezni.<br \/>\nA n\u00f6v\u00e9nyfajt\u00e1k\/hibridek elt\u00e9r\u0151 \u00e9rz\u00e9kenys\u00e9ge miatt \u2013 els\u0151sorban kor\u00e1bbi tapasztalatok hi\u00e1ny\u00e1ban el\u0151zetesen fitotoxicit\u00e1si vizsg\u00e1latot kell v\u00e9gezni. R\u00e9ztartalm\u00fa k\u00e9sz\u00edtm\u00e9nyekkel \u00e9rz\u00e9keny almafajt\u00e1kban nem javasolt kombin\u00e1lni, illetve d\u00edszn\u00f6v\u00e9nyekben mindenk\u00e9ppen el\u0151zetes fitotoxicit\u00e1si vizsg\u00e1lat javasolt.<\/p>\n<p><strong>T\u00e1rol\u00e1s:<\/strong>\u00a0H\u0171v\u00f6s, de fagymentes, sz\u00e1raz, j\u00f3l szell\u0151z\u0151, fedett, savakt\u00f3l mentes helyen.<\/p>\n<p><strong>\u00c9lelmez\u00e9s-eg\u00e9szs\u00e9g\u00fcgyi v\u00e1rakoz\u00e1si id\u0151:<\/strong>\u00a00 vagy 1 nap<\/p>\n<p><strong>Kiszerel\u00e9s:<\/strong>\u00a025kg, 1kg \u00e9s 100g<\/p>\n<p><a href=\"https:\/\/biocontmagyarorszag.hu\/dokumentumok\/Vitisan-SP\/Biztonsagtechnikai-adatlap.pdf\">https:\/\/biocontmagyarorszag.hu\/dokumentumok\/Vitisan-SP\/Biztonsagtechnikai-adatlap.pdf<\/a><\/p>\n<h3 align=\"justify\"><span style=\"color: #ff0000;\">Kiz\u00e1r\u00f3lag szem\u00e9lyes \u00e1tv\u00e9tellel lehets\u00e9ges a n\u00f6v\u00e9nyv\u00e9d\u0151szerek megv\u00e1s\u00e1rl\u00e1sa!<\/span><\/h3>\n<p><iframe loading=\"lazy\" title=\"Uborka lisztharmat elleni szermarad\u00e9kmentes megold\u00e1s - WETCIT - Vitisan SP - Biocont\" width=\"1080\" height=\"608\" src=\"https:\/\/www.youtube.com\/embed\/gF0pKAqXosg?feature=oembed\"  allow=\"accelerometer; autoplay; clipboard-write; encrypted-media; gyroscope; picture-in-picture; web-share\" referrerpolicy=\"strict-origin-when-cross-origin\" allowfullscreen><\/iframe><\/p>\n<p>El\u00e9rhet\u0151 t\u00f6bbf\u00e9le m\u00e9retben \u00e9s \u00e1rban.<\/p>\n<p><strong>K\u00e9szlet\u00fcnk napi szinten v\u00e1ltozik, ez\u00e9rt k\u00e9rj\u00fck, \u00e9rdekl\u0151dj\u00f6n szem\u00e9lyesen, telefonon vagy email-en.<br \/>\nA v\u00e1ltoztat\u00e1s jog\u00e1t fenntartjuk!\u00a0<\/strong><\/p>\n<p>&nbsp;<\/p>\n<p><a href=\"https:\/\/tajkertesz.com\/\">https:\/\/tajkertesz.com\/<\/a><\/p>\n<p><a href=\"https:\/\/www.facebook.com\/tajkertesz\/\">https:\/\/www.facebook.com\/tajkertesz\/<\/a><\/p>\n<p>Kisz\u00e1ll\u00edt\u00e1s: 200cm-ig \u00a0\u00e9s 40 kg-ig a sz\u00e1ll\u00edt\u00e1s fut\u00e1rszolg\u00e1lattal \u00a0t\u00f6rt\u00e9nik.<\/p>\n<p>Szem\u00e9lyes \u00e1tv\u00e9tel nyitvatart\u00e1si id\u0151ben a 17. ker\u00fclet Bakancsos utca 7. sz\u00e1m alatti Kert\u00e9szeti \u00e1rud\u00e1ban.<\/p>\n<p>&nbsp;<\/p>\n<\/div>\n<\/div>","protected":false},"excerpt":{"rendered":"<div class=\"et_pb_module et_pb_text et_pb_text_9 et_pb_text_align_left et_pb_bg_layout_light\">\n<div class=\"et_pb_text_inner\">\n<h1>Vitisan SP. gomba\u00f6l\u0151 szer 1kg<\/h1>\n<p><strong><em>Kontakt hat\u00e1s\u00fa gomba\u00f6l\u0151 szer lisztharmat, sz\u00fcrkepen\u00e9sz \u00e9s varasod\u00e1s ellen<\/em><\/strong><\/p>\n<div class=\"et_pb_module et_pb_text et_pb_text_12 et_pb_text_align_left et_pb_bg_layout_light\">\n<div class=\"et_pb_text_inner\">\n<p><i class=\"fa fa-exclamation-triangle\" aria-hidden=\"true\"><\/i>\u00a0Hasznos inform\u00e1ci\u00f3k<\/p>\n<\/div>\n<\/div>\n<div class=\"et_pb_module et_pb_text et_pb_text_13 et_pb_text_align_left et_pb_bg_layout_light\">\n<div class=\"et_pb_text_inner\">\n<ul>\n<li>A\u00a0<strong>Vitisan SP<\/strong>\u00a0\u00f6kol\u00f3giai gazd\u00e1lkod\u00e1sban haszn\u00e1lhat\u00f3!<\/li>\n<li>K\u00e9pviseleti gazdaboltjainkban\u00a0<strong>kiskerti kiszerel\u00e9sben<\/strong>\u00a0is kaphat\u00f3<\/li>\n<li><strong>Megel\u0151z\u0151, gy\u00f3gy\u00edt\u00f3<\/strong>\u00a0\u00e9s\u00a0<strong>eradikat\u00edv\u00a0<\/strong>hat\u00e1s<\/li>\n<li>Foszfit mentes technol\u00f3gia<\/li>\n<li>R\u00f6vid \u00e9lelmez\u00e9s- eg\u00e9szs\u00e9g\u00fcgyi v\u00e1rakoz\u00e1si id\u0151<\/li>\n<li>T\u00f6k\u00e9letes lisztharmat elleni v\u00e9delem<\/li>\n<\/ul>\n<\/div>\n<\/div>\n<\/div>\n<\/div>\n<div class=\"et_pb_module et_pb_text et_pb_text_10 et_pb_text_align_left et_pb_bg_layout_light\">\n<div class=\"et_pb_text_inner\">\n<p><strong>Felhaszn\u00e1lhat\u00f3:<\/strong>\u00a0sz\u0151l\u0151, alma, sp\u00e1rga, szam\u00f3ca, k\u00f6szm\u00e9te, pirosribiszke, feketeribiszke, m\u00e1lna, szeder, uborka, s\u00fct\u0151t\u00f6k, sp\u00e1rgat\u00f6k, cukkini, patisszon, s\u00e1rgadinnye, g\u00f6r\u00f6gdinnye, paradicsom (hajtat\u00e1sban), toj\u00e1sgy\u00f6m\u00fclcs (hajtat\u00e1sban), end\u00edvia, galambbegy, sal\u00e1ta, d\u00edszn\u00f6v\u00e9nyek<\/p>\n<p><strong>K\u00e1ros\u00edtok:<\/strong>\u00a0lisztharmat, varasod\u00e1s, sz\u00fcrkepen\u00e9sz (botrytis), sztemf\u00edliumos foltoss\u00e1g ellen<\/p>\n<p><strong>D\u00f3zis:\u00a0<\/strong>enged\u00e9lyokirat szerint!<\/p>\n<p><strong>Hat\u00f3anyag:<\/strong>\u00a0K\u00e1lium-hidrog\u00e9n-karbon\u00e1t<\/p>\n<h3 align=\"justify\"><span style=\"color: #ff0000;\">Kiz\u00e1r\u00f3lag szem\u00e9lyes \u00e1tv\u00e9tellel lehets\u00e9ges a n\u00f6v\u00e9nyv\u00e9d\u0151szerek megv\u00e1s\u00e1rl\u00e1sa!<\/span><\/h3>\n<\/div>\n<\/div>","protected":false},"featured_media":15819,"template":"","meta":{"_et_pb_use_builder":"","_et_pb_old_content":"","_et_gb_content_width":""},"product_brand":[],"product_cat":[4204,3421],"product_tag":[1486,4744,4742,4740,4743,4332,4741],"class_list":{"0":"post-18918","1":"product","2":"type-product","3":"status-publish","4":"has-post-thumbnail","6":"product_cat-biologiai-novenyvedelem","7":"product_cat-gombaolo-szer","8":"product_tag-bio","9":"product_tag-biocont","10":"product_tag-biopermet","11":"product_tag-gombaolo","12":"product_tag-lisztharmat","13":"product_tag-permetszer","14":"product_tag-vitisan","16":"first","17":"outofstock","18":"shipping-taxable","19":"purchasable","20":"product-type-simple"},"yoast_head":"<!-- This site is optimized with the Yoast SEO plugin v27.3 - https:\/\/yoast.com\/product\/yoast-seo-wordpress\/ -->\n<title>Vitisan SP. gomba\u00f6l\u0151 szer 1kg - T\u00e1jkert\u00e9sz<\/title>\n<meta name=\"description\" content=\"Vitisan SP. gomba\u00f6l\u0151 szer 1kg A VitiSan SP\u00ae gombak\u00f3rokoz\u00f3k elleni megel\u0151z\u0151 \u00e9s gy\u00f3gy\u00edt\u00f3 hat\u00e1s\u00fa kontakt gomba\u00f6l\u0151 szer \u00e9s makro-t\u00e1pelemtr\u00e1gya.\" \/>\n<meta name=\"robots\" content=\"index, follow, max-snippet:-1, max-image-preview:large, max-video-preview:-1\" \/>\n<link rel=\"canonical\" href=\"https:\/\/tajkertesz.com\/en_US\/product\/vitisan-sp-gombaolo-szer-1kg\/\" \/>\n<meta property=\"og:locale\" content=\"en_US\" \/>\n<meta property=\"og:type\" content=\"article\" \/>\n<meta property=\"og:title\" content=\"Vitisan SP. gomba\u00f6l\u0151 szer 1kg - T\u00e1jkert\u00e9sz\" \/>\n<meta property=\"og:description\" content=\"Vitisan SP. gomba\u00f6l\u0151 szer 1kg A VitiSan SP\u00ae gombak\u00f3rokoz\u00f3k elleni megel\u0151z\u0151 \u00e9s gy\u00f3gy\u00edt\u00f3 hat\u00e1s\u00fa kontakt gomba\u00f6l\u0151 szer \u00e9s makro-t\u00e1pelemtr\u00e1gya.\" \/>\n<meta property=\"og:url\" content=\"https:\/\/tajkertesz.com\/en_US\/product\/vitisan-sp-gombaolo-szer-1kg\/\" \/>\n<meta property=\"og:site_name\" content=\"T\u00e1jkert\u00e9sz\" \/>\n<meta property=\"article:publisher\" content=\"https:\/\/www.facebook.com\/Tajkertesz\/\" \/>\n<meta property=\"article:modified_time\" content=\"2026-03-02T09:04:02+00:00\" \/>\n<meta property=\"og:image\" content=\"https:\/\/tajkertesz.com\/wp-content\/uploads\/2023\/06\/Vitisan-scaled-1.jpg\" \/>\n\t<meta property=\"og:image:width\" content=\"1920\" \/>\n\t<meta property=\"og:image:height\" content=\"1440\" \/>\n\t<meta property=\"og:image:type\" content=\"image\/jpeg\" \/>\n<meta name=\"twitter:card\" content=\"summary_large_image\" \/>\n<meta name=\"twitter:label1\" content=\"Est. reading time\" \/>\n\t<meta name=\"twitter:data1\" content=\"3 minutes\" \/>\n<script type=\"application\/ld+json\" class=\"yoast-schema-graph\">{\"@context\":\"https:\\\/\\\/schema.org\",\"@graph\":[{\"@type\":\"WebPage\",\"@id\":\"https:\\\/\\\/tajkertesz.com\\\/termek\\\/vitisan-sp-gombaolo-szer-1kg\\\/\",\"url\":\"https:\\\/\\\/tajkertesz.com\\\/termek\\\/vitisan-sp-gombaolo-szer-1kg\\\/\",\"name\":\"Vitisan SP. gomba\u00f6l\u0151 szer 1kg - T\u00e1jkert\u00e9sz\",\"isPartOf\":{\"@id\":\"https:\\\/\\\/tajkertesz.com\\\/#website\"},\"primaryImageOfPage\":{\"@id\":\"https:\\\/\\\/tajkertesz.com\\\/termek\\\/vitisan-sp-gombaolo-szer-1kg\\\/#primaryimage\"},\"image\":{\"@id\":\"https:\\\/\\\/tajkertesz.com\\\/termek\\\/vitisan-sp-gombaolo-szer-1kg\\\/#primaryimage\"},\"thumbnailUrl\":\"https:\\\/\\\/tajkertesz.com\\\/wp-content\\\/uploads\\\/2023\\\/06\\\/Vitisan-scaled-1.jpg\",\"datePublished\":\"2024-01-29T11:51:33+00:00\",\"dateModified\":\"2026-03-02T09:04:02+00:00\",\"description\":\"Vitisan SP. gomba\u00f6l\u0151 szer 1kg A VitiSan SP\u00ae gombak\u00f3rokoz\u00f3k elleni megel\u0151z\u0151 \u00e9s gy\u00f3gy\u00edt\u00f3 hat\u00e1s\u00fa kontakt gomba\u00f6l\u0151 szer \u00e9s makro-t\u00e1pelemtr\u00e1gya.\",\"breadcrumb\":{\"@id\":\"https:\\\/\\\/tajkertesz.com\\\/termek\\\/vitisan-sp-gombaolo-szer-1kg\\\/#breadcrumb\"},\"inLanguage\":\"en-US\",\"potentialAction\":[{\"@type\":\"ReadAction\",\"target\":[\"https:\\\/\\\/tajkertesz.com\\\/termek\\\/vitisan-sp-gombaolo-szer-1kg\\\/\"]}]},{\"@type\":\"ImageObject\",\"inLanguage\":\"en-US\",\"@id\":\"https:\\\/\\\/tajkertesz.com\\\/termek\\\/vitisan-sp-gombaolo-szer-1kg\\\/#primaryimage\",\"url\":\"https:\\\/\\\/tajkertesz.com\\\/wp-content\\\/uploads\\\/2023\\\/06\\\/Vitisan-scaled-1.jpg\",\"contentUrl\":\"https:\\\/\\\/tajkertesz.com\\\/wp-content\\\/uploads\\\/2023\\\/06\\\/Vitisan-scaled-1.jpg\",\"width\":1920,\"height\":1440,\"caption\":\"Vitisan\"},{\"@type\":\"BreadcrumbList\",\"@id\":\"https:\\\/\\\/tajkertesz.com\\\/termek\\\/vitisan-sp-gombaolo-szer-1kg\\\/#breadcrumb\",\"itemListElement\":[{\"@type\":\"ListItem\",\"position\":1,\"name\":\"Home\",\"item\":\"https:\\\/\\\/tajkertesz.com\\\/\"},{\"@type\":\"ListItem\",\"position\":2,\"name\":\"Kezd\u0151lap\",\"item\":\"https:\\\/\\\/tajkertesz.com\\\/\"},{\"@type\":\"ListItem\",\"position\":3,\"name\":\"Vitisan SP. gomba\u00f6l\u0151 szer 1kg\"}]},{\"@type\":\"WebSite\",\"@id\":\"https:\\\/\\\/tajkertesz.com\\\/#website\",\"url\":\"https:\\\/\\\/tajkertesz.com\\\/\",\"name\":\"T\u00e1j-Kert\u00e9sz 84 Kft.\",\"description\":\"Kert\u00e9szeti kis- \u00e9s nagykeresked\u00e9s, D\u00edszn\u00f6v\u00e9ny web\u00e1ruh\u00e1z orsz\u00e1gos h\u00e1zhozsz\u00e1ll\u00edt\u00e1ssal!\",\"publisher\":{\"@id\":\"https:\\\/\\\/tajkertesz.com\\\/#organization\"},\"potentialAction\":[{\"@type\":\"SearchAction\",\"target\":{\"@type\":\"EntryPoint\",\"urlTemplate\":\"https:\\\/\\\/tajkertesz.com\\\/?s={search_term_string}\"},\"query-input\":{\"@type\":\"PropertyValueSpecification\",\"valueRequired\":true,\"valueName\":\"search_term_string\"}}],\"inLanguage\":\"en-US\"},{\"@type\":\"Organization\",\"@id\":\"https:\\\/\\\/tajkertesz.com\\\/#organization\",\"name\":\"T\u00e1j-Kert\u00e9sz 84 Kft.\",\"url\":\"https:\\\/\\\/tajkertesz.com\\\/\",\"logo\":{\"@type\":\"ImageObject\",\"inLanguage\":\"en-US\",\"@id\":\"https:\\\/\\\/tajkertesz.com\\\/#\\\/schema\\\/logo\\\/image\\\/\",\"url\":\"https:\\\/\\\/tajkertesz.com\\\/wp-content\\\/uploads\\\/2018\\\/02\\\/logo-2-e1518678052539.png\",\"contentUrl\":\"https:\\\/\\\/tajkertesz.com\\\/wp-content\\\/uploads\\\/2018\\\/02\\\/logo-2-e1518678052539.png\",\"width\":81,\"height\":140,\"caption\":\"T\u00e1j-Kert\u00e9sz 84 Kft.\"},\"image\":{\"@id\":\"https:\\\/\\\/tajkertesz.com\\\/#\\\/schema\\\/logo\\\/image\\\/\"},\"sameAs\":[\"https:\\\/\\\/www.facebook.com\\\/Tajkertesz\\\/\"]}]}<\/script>\n<!-- \/ Yoast SEO plugin. -->","yoast_head_json":{"title":"Vitisan SP. gomba\u00f6l\u0151 szer 1kg - T\u00e1jkert\u00e9sz","description":"Vitisan SP. gomba\u00f6l\u0151 szer 1kg A VitiSan SP\u00ae gombak\u00f3rokoz\u00f3k elleni megel\u0151z\u0151 \u00e9s gy\u00f3gy\u00edt\u00f3 hat\u00e1s\u00fa kontakt gomba\u00f6l\u0151 szer \u00e9s makro-t\u00e1pelemtr\u00e1gya.","robots":{"index":"index","follow":"follow","max-snippet":"max-snippet:-1","max-image-preview":"max-image-preview:large","max-video-preview":"max-video-preview:-1"},"canonical":"https:\/\/tajkertesz.com\/en_US\/product\/vitisan-sp-gombaolo-szer-1kg\/","og_locale":"en_US","og_type":"article","og_title":"Vitisan SP. gomba\u00f6l\u0151 szer 1kg - T\u00e1jkert\u00e9sz","og_description":"Vitisan SP. gomba\u00f6l\u0151 szer 1kg A VitiSan SP\u00ae gombak\u00f3rokoz\u00f3k elleni megel\u0151z\u0151 \u00e9s gy\u00f3gy\u00edt\u00f3 hat\u00e1s\u00fa kontakt gomba\u00f6l\u0151 szer \u00e9s makro-t\u00e1pelemtr\u00e1gya.","og_url":"https:\/\/tajkertesz.com\/en_US\/product\/vitisan-sp-gombaolo-szer-1kg\/","og_site_name":"T\u00e1jkert\u00e9sz","article_publisher":"https:\/\/www.facebook.com\/Tajkertesz\/","article_modified_time":"2026-03-02T09:04:02+00:00","og_image":[{"width":1920,"height":1440,"url":"https:\/\/tajkertesz.com\/wp-content\/uploads\/2023\/06\/Vitisan-scaled-1.jpg","type":"image\/jpeg"}],"twitter_card":"summary_large_image","twitter_misc":{"Est. reading time":"3 minutes"},"schema":{"@context":"https:\/\/schema.org","@graph":[{"@type":"WebPage","@id":"https:\/\/tajkertesz.com\/termek\/vitisan-sp-gombaolo-szer-1kg\/","url":"https:\/\/tajkertesz.com\/termek\/vitisan-sp-gombaolo-szer-1kg\/","name":"Vitisan SP. gomba\u00f6l\u0151 szer 1kg - T\u00e1jkert\u00e9sz","isPartOf":{"@id":"https:\/\/tajkertesz.com\/#website"},"primaryImageOfPage":{"@id":"https:\/\/tajkertesz.com\/termek\/vitisan-sp-gombaolo-szer-1kg\/#primaryimage"},"image":{"@id":"https:\/\/tajkertesz.com\/termek\/vitisan-sp-gombaolo-szer-1kg\/#primaryimage"},"thumbnailUrl":"https:\/\/tajkertesz.com\/wp-content\/uploads\/2023\/06\/Vitisan-scaled-1.jpg","datePublished":"2024-01-29T11:51:33+00:00","dateModified":"2026-03-02T09:04:02+00:00","description":"Vitisan SP. gomba\u00f6l\u0151 szer 1kg A VitiSan SP\u00ae gombak\u00f3rokoz\u00f3k elleni megel\u0151z\u0151 \u00e9s gy\u00f3gy\u00edt\u00f3 hat\u00e1s\u00fa kontakt gomba\u00f6l\u0151 szer \u00e9s makro-t\u00e1pelemtr\u00e1gya.","breadcrumb":{"@id":"https:\/\/tajkertesz.com\/termek\/vitisan-sp-gombaolo-szer-1kg\/#breadcrumb"},"inLanguage":"en-US","potentialAction":[{"@type":"ReadAction","target":["https:\/\/tajkertesz.com\/termek\/vitisan-sp-gombaolo-szer-1kg\/"]}]},{"@type":"ImageObject","inLanguage":"en-US","@id":"https:\/\/tajkertesz.com\/termek\/vitisan-sp-gombaolo-szer-1kg\/#primaryimage","url":"https:\/\/tajkertesz.com\/wp-content\/uploads\/2023\/06\/Vitisan-scaled-1.jpg","contentUrl":"https:\/\/tajkertesz.com\/wp-content\/uploads\/2023\/06\/Vitisan-scaled-1.jpg","width":1920,"height":1440,"caption":"Vitisan"},{"@type":"BreadcrumbList","@id":"https:\/\/tajkertesz.com\/termek\/vitisan-sp-gombaolo-szer-1kg\/#breadcrumb","itemListElement":[{"@type":"ListItem","position":1,"name":"Home","item":"https:\/\/tajkertesz.com\/"},{"@type":"ListItem","position":2,"name":"Kezd\u0151lap","item":"https:\/\/tajkertesz.com\/"},{"@type":"ListItem","position":3,"name":"Vitisan SP. gomba\u00f6l\u0151 szer 1kg"}]},{"@type":"WebSite","@id":"https:\/\/tajkertesz.com\/#website","url":"https:\/\/tajkertesz.com\/","name":"T\u00e1j-Kert\u00e9sz 84 Kft.","description":"Kert\u00e9szeti kis- \u00e9s nagykeresked\u00e9s, D\u00edszn\u00f6v\u00e9ny web\u00e1ruh\u00e1z orsz\u00e1gos h\u00e1zhozsz\u00e1ll\u00edt\u00e1ssal!","publisher":{"@id":"https:\/\/tajkertesz.com\/#organization"},"potentialAction":[{"@type":"SearchAction","target":{"@type":"EntryPoint","urlTemplate":"https:\/\/tajkertesz.com\/?s={search_term_string}"},"query-input":{"@type":"PropertyValueSpecification","valueRequired":true,"valueName":"search_term_string"}}],"inLanguage":"en-US"},{"@type":"Organization","@id":"https:\/\/tajkertesz.com\/#organization","name":"T\u00e1j-Kert\u00e9sz 84 Kft.","url":"https:\/\/tajkertesz.com\/","logo":{"@type":"ImageObject","inLanguage":"en-US","@id":"https:\/\/tajkertesz.com\/#\/schema\/logo\/image\/","url":"https:\/\/tajkertesz.com\/wp-content\/uploads\/2018\/02\/logo-2-e1518678052539.png","contentUrl":"https:\/\/tajkertesz.com\/wp-content\/uploads\/2018\/02\/logo-2-e1518678052539.png","width":81,"height":140,"caption":"T\u00e1j-Kert\u00e9sz 84 Kft."},"image":{"@id":"https:\/\/tajkertesz.com\/#\/schema\/logo\/image\/"},"sameAs":["https:\/\/www.facebook.com\/Tajkertesz\/"]}]}},"_links":{"self":[{"href":"https:\/\/tajkertesz.com\/en_US\/wp-json\/wp\/v2\/product\/18918","targetHints":{"allow":["GET"]}}],"collection":[{"href":"https:\/\/tajkertesz.com\/en_US\/wp-json\/wp\/v2\/product"}],"about":[{"href":"https:\/\/tajkertesz.com\/en_US\/wp-json\/wp\/v2\/types\/product"}],"wp:featuredmedia":[{"embeddable":true,"href":"https:\/\/tajkertesz.com\/en_US\/wp-json\/wp\/v2\/media\/15819"}],"wp:attachment":[{"href":"https:\/\/tajkertesz.com\/en_US\/wp-json\/wp\/v2\/media?parent=18918"}],"wp:term":[{"taxonomy":"product_brand","embeddable":true,"href":"https:\/\/tajkertesz.com\/en_US\/wp-json\/wp\/v2\/product_brand?post=18918"},{"taxonomy":"product_cat","embeddable":true,"href":"https:\/\/tajkertesz.com\/en_US\/wp-json\/wp\/v2\/product_cat?post=18918"},{"taxonomy":"product_tag","embeddable":true,"href":"https:\/\/tajkertesz.com\/en_US\/wp-json\/wp\/v2\/product_tag?post=18918"}],"curies":[{"name":"wp","href":"https:\/\/api.w.org\/{rel}","templated":true}]}}