{"id":18920,"date":"2024-01-29T12:29:19","date_gmt":"2024-01-29T12:29:19","guid":{"rendered":"https:\/\/tajkertesz.com\/?post_type=product&#038;p=18920"},"modified":"2026-02-13T09:22:08","modified_gmt":"2026-02-13T09:22:08","slug":"wetcit-hatasfokozo-adjuvans-vizoldhato-koncentratum-1l","status":"publish","type":"product","link":"https:\/\/tajkertesz.com\/en_US\/product\/wetcit-hatasfokozo-adjuvans-vizoldhato-koncentratum-1l\/","title":{"rendered":"Wetcit hat\u00e1sfokoz\u00f3 adjuv\u00e1ns, v\u00edzoldhat\u00f3 koncentr\u00e1tum 1L"},"content":{"rendered":"<h2>Wetcit hat\u00e1sfokoz\u00f3 adjuv\u00e1ns, v\u00edzoldhat\u00f3 koncentr\u00e1tum 1L<\/h2>\n<p>Wetcit hat\u00e1sfokoz\u00f3 adjuv\u00e1ns, v\u00edzoldhat\u00f3 koncentr\u00e1tum 1L<\/p>\n<p><strong>Hat\u00f3anyag:<\/strong>\u00a0zs\u00edralkohol-etoxil\u00e1t<br \/>\n<strong><br \/>\nFelhaszn\u00e1lhat\u00f3:<\/strong>\u00a0sz\u00e1nt\u00f3f\u00f6ldi \u00e9s kert\u00e9szeti kult\u00far\u00e1kban, gomba-, rovar-, \u00e9s atka\u00f6l\u0151 szerekhez adagolhat\u00f3 tapad\u00e1s \u00e9s hat\u00e1sfokoz\u00f3<\/p>\n<p><strong>Hat\u00e1smehanizmus:<\/strong><\/p>\n<p>Kellemes narancs illat\u00fa, felhaszn\u00e1l\u00f3bar\u00e1t, biol\u00f3giai \u00faton leboml\u00f3<strong>\u00a0term\u00e9szetes adjuv\u00e1ns<\/strong>.<\/p>\n<p>A k\u00e9sz\u00edtm\u00e9ny term\u00e9szetes n\u00f6v\u00e9nyi kivonatok kever\u00e9k\u00e9t \u00e9s biol\u00f3giai \u00faton leboml\u00f3 nedves\u00edt\u0151 hat\u00f3anyagot tartalmaz. A\u00a0<strong>Wetcit\u00a0<\/strong>permetl\u00e9hez ad\u00e1sa hat\u00e9konyan cs\u00f6kkenti a permetl\u00e9 fel\u00fcleti fesz\u00fclts\u00e9g\u00e9t, ez\u00e1ltal jav\u00edtja a permetl\u00e9 fedetts\u00e9get \u00e9s a permetcseppek ter\u00fcl\u00e9s\u00e9t a kezelt fel\u00fcleten. A term\u00e9k el\u0151seg\u00edti a permetl\u00e9 bejut\u00e1s\u00e1t \u00e9s ter\u00fcl\u00e9s\u00e9t a nehezen el\u00e9rhet\u0151 ter\u00fcleteken, k\u00e9regreped\u00e9sekben. A\u00a0<strong>Wetcit\u00a0<\/strong>adjuv\u00e1ns jav\u00edtja a n\u00f6v\u00e9nyv\u00e9d\u0151 szerek hat\u00e9konys\u00e1g\u00e1t, benedves\u00edti a rovarok viaszos k\u00fcls\u0151 kitinv\u00e1z\u00e1t, a v\u00edztasz\u00edt\u00f3 gombamic\u00e9liumokat \u00e9s sp\u00f3r\u00e1kat, bejuttatja a rovar\u00f6l\u0151 szereket a testmembr\u00e1non \u00e1t \u00e9s a l\u00e9gz\u0151ny\u00edl\u00e1sokon kereszt\u00fcl a rovarok test\u00e9be. A lev\u00e9l \u00fajranedvesed\u00e9s\u00e9vel (pl. harmat) \u00fajra ter\u00edti a lev\u00e9len l\u00e9v\u0151 hat\u00f3anyagot, de nem hosszabb\u00edtja meg a n\u00f6v\u00e9nyv\u00e9d\u0151 szerek leboml\u00e1si idej\u00e9t.<\/p>\n<p><strong>Felhaszn\u00e1l\u00e1s:<\/strong><\/p>\n<p>Magyarorsz\u00e1gon a\u00a0<strong>Wetcit\u00a0<\/strong>herbicidekkel kombin\u00e1lva nem enged\u00e9lyezett, ez\u00e9rt herbicidek hat\u00e1sfokoz\u00e1s\u00e1ra nem haszn\u00e1lhat\u00f3! A\u00a0<strong>Wetcit\u00a0<\/strong>adjuv\u00e1ns tankkever\u00e9khez ad\u00e1sa megel\u0151zi a n\u00f6v\u00e9nyv\u00e9d\u0151 szerek marad\u00e9kainak nem k\u00edv\u00e1natos kiv\u00e1l\u00e1s\u00e1t a tart\u00e1lyban \u00e9s a permetez\u0151 berendez\u00e9sben. Megakad\u00e1lyozza a f\u00fav\u00f3k\u00e1k eldugul\u00e1s\u00e1t, ezzel is n\u00f6velve a kezel\u00e9s hat\u00e9konys\u00e1g\u00e1t. Korompen\u00e9sz \u00e9s m\u00e9zharmat lemos\u00e1s\u00e1ra is eredm\u00e9nyesen alkalmazhat\u00f3!<\/p>\n<p>A\u00a0<strong>Wetcit\u00a0<\/strong>80 %-os k\u00e9n mell\u00e9 adagolva a gombamic\u00e9liumokon dehidrat\u00e1l\u00f3 hat\u00e1st \u00e9r el. Ker\u00fclj\u00fck a\u00a0<strong>Wetcit\u00a0<\/strong>alkalmaz\u00e1s\u00e1t k\u00e9ntartalm\u00fa k\u00e9sz\u00edtm\u00e9nnyel kombin\u00e1lva magas h\u0151m\u00e9rs\u00e9klet eset\u00e9n.<\/p>\n<p>Az adjuv\u00e1ns vir\u00e1gz\u00e1sban alkalmazhat\u00f3, azonban \u00fcgyelj\u00fcnk a cs\u00f6kkentett r\u00e9ztartalomra.<\/p>\n<p>Az \u00e1sv\u00e1nyi olajsz\u00e1rmaz\u00e9kokkal szemben a\u00a0<strong>Wetcit<\/strong>\u00a0nem z\u00e1rja el a n\u00f6v\u00e9ny\u00a0l\u00e9gz\u0151ny\u00edl\u00e1sait, \u00edgy azokkal ellent\u00e9tben sokkal kisebb a fitotoxikuss\u00e1g kock\u00e1zata!<\/p>\n<p><strong>T\u00e1rol\u00e1s:<\/strong>\u00a0sz\u00e1raz, h\u0171v\u00f6s helyen, n\u00f6v\u00e9nyv\u00e9d\u0151 szer rakt\u00e1rban<br \/>\n<strong>Kiszerel\u00e9s:<\/strong>\u00a010l, 5l, 1l<br \/>\n<strong>\u00c9lelmez\u00e9s eg\u00e9szs\u00e9g\u00fcgyi v\u00e1rakoz\u00e1si id\u0151:<\/strong>\u00a00 nap<br \/>\n<strong>Forgalmi kateg\u00f3ria:<\/strong>\u00a0III. kateg\u00f3ria<\/p>\n<p>El\u00e9rhet\u0151 t\u00f6bbf\u00e9le m\u00e9retben \u00e9s \u00e1rban.<\/p>\n<p><strong>K\u00e9szlet\u00fcnk napi szinten v\u00e1ltozik, ez\u00e9rt k\u00e9rj\u00fck, \u00e9rdekl\u0151dj\u00f6n szem\u00e9lyesen, telefonon vagy email-en.<br \/>\nA v\u00e1ltoztat\u00e1s jog\u00e1t fenntartjuk!\u00a0<\/strong><\/p>\n<p>&nbsp;<\/p>\n<p><a href=\"https:\/\/tajkertesz.com\/\">https:\/\/tajkertesz.com\/<\/a><\/p>\n<p><a href=\"https:\/\/www.facebook.com\/tajkertesz\/\">https:\/\/www.facebook.com\/tajkertesz\/<\/a><\/p>\n<p>Kisz\u00e1ll\u00edt\u00e1s: 200cm-ig \u00a0\u00e9s 40 kg-ig a sz\u00e1ll\u00edt\u00e1s fut\u00e1rszolg\u00e1lattal \u00a0t\u00f6rt\u00e9nik.<\/p>\n<p>Szem\u00e9lyes \u00e1tv\u00e9tel nyitvatart\u00e1si id\u0151ben a 17. ker\u00fclet Bakancsos utca 7. sz\u00e1m alatti Kert\u00e9szeti \u00e1rud\u00e1ban.<\/p>","protected":false},"excerpt":{"rendered":"<h2>Wetcit hat\u00e1sfokoz\u00f3 adjuv\u00e1ns, v\u00edzoldhat\u00f3 koncentr\u00e1tum 1L<\/h2>\n<p>Kellemes narancs illat\u00fa, felhaszn\u00e1l\u00f3bar\u00e1t, biol\u00f3giai \u00faton leboml\u00f3<strong>\u00a0term\u00e9szetes adjuv\u00e1ns<\/strong>&#8230;<\/p>\n<p><strong>K\u00e9szlet\u00fcnk napi szinten v\u00e1ltozik, ez\u00e9rt k\u00e9rj\u00fck, \u00e9rdekl\u0151dj\u00f6n szem\u00e9lyesen, telefonon vagy email-en.<br \/>\nA v\u00e1ltoztat\u00e1s jog\u00e1t fenntartjuk!\u00a0<\/strong><\/p>","protected":false},"featured_media":18922,"template":"","meta":{"_et_pb_use_builder":"","_et_pb_old_content":"","_et_gb_content_width":""},"product_brand":[],"product_cat":[3569,4204],"product_tag":[4748,4744,4750,4332,4749],"class_list":{"0":"post-18920","1":"product","2":"type-product","3":"status-publish","4":"has-post-thumbnail","6":"product_cat-adalekanyag","7":"product_cat-biologiai-novenyvedelem","8":"product_tag-adjuvans","9":"product_tag-biocont","10":"product_tag-hatasfokozo","11":"product_tag-permetszer","12":"product_tag-wetcit","14":"first","15":"instock","16":"shipping-taxable","17":"purchasable","18":"product-type-simple"},"yoast_head":"<!-- This site is optimized with the Yoast SEO plugin v27.4 - https:\/\/yoast.com\/product\/yoast-seo-wordpress\/ -->\n<title>Wetcit hat\u00e1sfokoz\u00f3 adjuv\u00e1ns, v\u00edzoldhat\u00f3 koncentr\u00e1tum 1L - T\u00e1jkert\u00e9sz<\/title>\n<meta name=\"description\" content=\"Wetcit hat\u00e1sfokoz\u00f3 adjuv\u00e1ns, v\u00edzoldhat\u00f3 koncentr\u00e1tum 1L\" \/>\n<meta name=\"robots\" content=\"index, follow, max-snippet:-1, max-image-preview:large, max-video-preview:-1\" \/>\n<link rel=\"canonical\" href=\"https:\/\/tajkertesz.com\/en_US\/product\/wetcit-hatasfokozo-adjuvans-vizoldhato-koncentratum-1l\/\" \/>\n<meta property=\"og:locale\" content=\"en_US\" \/>\n<meta property=\"og:type\" content=\"article\" \/>\n<meta property=\"og:title\" content=\"Wetcit hat\u00e1sfokoz\u00f3 adjuv\u00e1ns, v\u00edzoldhat\u00f3 koncentr\u00e1tum 1L - T\u00e1jkert\u00e9sz\" \/>\n<meta property=\"og:description\" content=\"Wetcit hat\u00e1sfokoz\u00f3 adjuv\u00e1ns, v\u00edzoldhat\u00f3 koncentr\u00e1tum 1L\" \/>\n<meta property=\"og:url\" content=\"https:\/\/tajkertesz.com\/en_US\/product\/wetcit-hatasfokozo-adjuvans-vizoldhato-koncentratum-1l\/\" \/>\n<meta property=\"og:site_name\" content=\"T\u00e1jkert\u00e9sz\" \/>\n<meta property=\"article:publisher\" content=\"https:\/\/www.facebook.com\/Tajkertesz\/\" \/>\n<meta property=\"article:modified_time\" content=\"2026-02-13T09:22:08+00:00\" \/>\n<meta property=\"og:image\" content=\"https:\/\/tajkertesz.com\/wp-content\/uploads\/2024\/01\/wetc4001.jpg\" \/>\n\t<meta property=\"og:image:width\" content=\"940\" \/>\n\t<meta property=\"og:image:height\" content=\"788\" \/>\n\t<meta property=\"og:image:type\" content=\"image\/jpeg\" \/>\n<meta name=\"twitter:card\" content=\"summary_large_image\" \/>\n<meta name=\"twitter:label1\" content=\"Est. reading time\" \/>\n\t<meta name=\"twitter:data1\" content=\"2 minutes\" \/>\n<script type=\"application\/ld+json\" class=\"yoast-schema-graph\">{\"@context\":\"https:\\\/\\\/schema.org\",\"@graph\":[{\"@type\":\"WebPage\",\"@id\":\"https:\\\/\\\/tajkertesz.com\\\/termek\\\/wetcit-hatasfokozo-adjuvans-vizoldhato-koncentratum-1l\\\/\",\"url\":\"https:\\\/\\\/tajkertesz.com\\\/termek\\\/wetcit-hatasfokozo-adjuvans-vizoldhato-koncentratum-1l\\\/\",\"name\":\"Wetcit hat\u00e1sfokoz\u00f3 adjuv\u00e1ns, v\u00edzoldhat\u00f3 koncentr\u00e1tum 1L - T\u00e1jkert\u00e9sz\",\"isPartOf\":{\"@id\":\"https:\\\/\\\/tajkertesz.com\\\/#website\"},\"primaryImageOfPage\":{\"@id\":\"https:\\\/\\\/tajkertesz.com\\\/termek\\\/wetcit-hatasfokozo-adjuvans-vizoldhato-koncentratum-1l\\\/#primaryimage\"},\"image\":{\"@id\":\"https:\\\/\\\/tajkertesz.com\\\/termek\\\/wetcit-hatasfokozo-adjuvans-vizoldhato-koncentratum-1l\\\/#primaryimage\"},\"thumbnailUrl\":\"https:\\\/\\\/tajkertesz.com\\\/wp-content\\\/uploads\\\/2024\\\/01\\\/wetc4001.jpg\",\"datePublished\":\"2024-01-29T12:29:19+00:00\",\"dateModified\":\"2026-02-13T09:22:08+00:00\",\"description\":\"Wetcit hat\u00e1sfokoz\u00f3 adjuv\u00e1ns, v\u00edzoldhat\u00f3 koncentr\u00e1tum 1L\",\"breadcrumb\":{\"@id\":\"https:\\\/\\\/tajkertesz.com\\\/termek\\\/wetcit-hatasfokozo-adjuvans-vizoldhato-koncentratum-1l\\\/#breadcrumb\"},\"inLanguage\":\"en-US\",\"potentialAction\":[{\"@type\":\"ReadAction\",\"target\":[\"https:\\\/\\\/tajkertesz.com\\\/termek\\\/wetcit-hatasfokozo-adjuvans-vizoldhato-koncentratum-1l\\\/\"]}]},{\"@type\":\"ImageObject\",\"inLanguage\":\"en-US\",\"@id\":\"https:\\\/\\\/tajkertesz.com\\\/termek\\\/wetcit-hatasfokozo-adjuvans-vizoldhato-koncentratum-1l\\\/#primaryimage\",\"url\":\"https:\\\/\\\/tajkertesz.com\\\/wp-content\\\/uploads\\\/2024\\\/01\\\/wetc4001.jpg\",\"contentUrl\":\"https:\\\/\\\/tajkertesz.com\\\/wp-content\\\/uploads\\\/2024\\\/01\\\/wetc4001.jpg\",\"width\":940,\"height\":788},{\"@type\":\"BreadcrumbList\",\"@id\":\"https:\\\/\\\/tajkertesz.com\\\/termek\\\/wetcit-hatasfokozo-adjuvans-vizoldhato-koncentratum-1l\\\/#breadcrumb\",\"itemListElement\":[{\"@type\":\"ListItem\",\"position\":1,\"name\":\"Home\",\"item\":\"https:\\\/\\\/tajkertesz.com\\\/\"},{\"@type\":\"ListItem\",\"position\":2,\"name\":\"Kezd\u0151lap\",\"item\":\"https:\\\/\\\/tajkertesz.com\\\/\"},{\"@type\":\"ListItem\",\"position\":3,\"name\":\"Wetcit hat\u00e1sfokoz\u00f3 adjuv\u00e1ns, v\u00edzoldhat\u00f3 koncentr\u00e1tum 1L\"}]},{\"@type\":\"WebSite\",\"@id\":\"https:\\\/\\\/tajkertesz.com\\\/#website\",\"url\":\"https:\\\/\\\/tajkertesz.com\\\/\",\"name\":\"T\u00e1j-Kert\u00e9sz 84 Kft.\",\"description\":\"Kert\u00e9szeti kis- \u00e9s nagykeresked\u00e9s, D\u00edszn\u00f6v\u00e9ny web\u00e1ruh\u00e1z orsz\u00e1gos h\u00e1zhozsz\u00e1ll\u00edt\u00e1ssal!\",\"publisher\":{\"@id\":\"https:\\\/\\\/tajkertesz.com\\\/#organization\"},\"potentialAction\":[{\"@type\":\"SearchAction\",\"target\":{\"@type\":\"EntryPoint\",\"urlTemplate\":\"https:\\\/\\\/tajkertesz.com\\\/?s={search_term_string}\"},\"query-input\":{\"@type\":\"PropertyValueSpecification\",\"valueRequired\":true,\"valueName\":\"search_term_string\"}}],\"inLanguage\":\"en-US\"},{\"@type\":\"Organization\",\"@id\":\"https:\\\/\\\/tajkertesz.com\\\/#organization\",\"name\":\"T\u00e1j-Kert\u00e9sz 84 Kft.\",\"url\":\"https:\\\/\\\/tajkertesz.com\\\/\",\"logo\":{\"@type\":\"ImageObject\",\"inLanguage\":\"en-US\",\"@id\":\"https:\\\/\\\/tajkertesz.com\\\/#\\\/schema\\\/logo\\\/image\\\/\",\"url\":\"https:\\\/\\\/tajkertesz.com\\\/wp-content\\\/uploads\\\/2018\\\/02\\\/logo-2-e1518678052539.png\",\"contentUrl\":\"https:\\\/\\\/tajkertesz.com\\\/wp-content\\\/uploads\\\/2018\\\/02\\\/logo-2-e1518678052539.png\",\"width\":81,\"height\":140,\"caption\":\"T\u00e1j-Kert\u00e9sz 84 Kft.\"},\"image\":{\"@id\":\"https:\\\/\\\/tajkertesz.com\\\/#\\\/schema\\\/logo\\\/image\\\/\"},\"sameAs\":[\"https:\\\/\\\/www.facebook.com\\\/Tajkertesz\\\/\"]}]}<\/script>\n<!-- \/ Yoast SEO plugin. -->","yoast_head_json":{"title":"Wetcit hat\u00e1sfokoz\u00f3 adjuv\u00e1ns, v\u00edzoldhat\u00f3 koncentr\u00e1tum 1L - T\u00e1jkert\u00e9sz","description":"Wetcit hat\u00e1sfokoz\u00f3 adjuv\u00e1ns, v\u00edzoldhat\u00f3 koncentr\u00e1tum 1L","robots":{"index":"index","follow":"follow","max-snippet":"max-snippet:-1","max-image-preview":"max-image-preview:large","max-video-preview":"max-video-preview:-1"},"canonical":"https:\/\/tajkertesz.com\/en_US\/product\/wetcit-hatasfokozo-adjuvans-vizoldhato-koncentratum-1l\/","og_locale":"en_US","og_type":"article","og_title":"Wetcit hat\u00e1sfokoz\u00f3 adjuv\u00e1ns, v\u00edzoldhat\u00f3 koncentr\u00e1tum 1L - T\u00e1jkert\u00e9sz","og_description":"Wetcit hat\u00e1sfokoz\u00f3 adjuv\u00e1ns, v\u00edzoldhat\u00f3 koncentr\u00e1tum 1L","og_url":"https:\/\/tajkertesz.com\/en_US\/product\/wetcit-hatasfokozo-adjuvans-vizoldhato-koncentratum-1l\/","og_site_name":"T\u00e1jkert\u00e9sz","article_publisher":"https:\/\/www.facebook.com\/Tajkertesz\/","article_modified_time":"2026-02-13T09:22:08+00:00","og_image":[{"width":940,"height":788,"url":"https:\/\/tajkertesz.com\/wp-content\/uploads\/2024\/01\/wetc4001.jpg","type":"image\/jpeg"}],"twitter_card":"summary_large_image","twitter_misc":{"Est. reading time":"2 minutes"},"schema":{"@context":"https:\/\/schema.org","@graph":[{"@type":"WebPage","@id":"https:\/\/tajkertesz.com\/termek\/wetcit-hatasfokozo-adjuvans-vizoldhato-koncentratum-1l\/","url":"https:\/\/tajkertesz.com\/termek\/wetcit-hatasfokozo-adjuvans-vizoldhato-koncentratum-1l\/","name":"Wetcit hat\u00e1sfokoz\u00f3 adjuv\u00e1ns, v\u00edzoldhat\u00f3 koncentr\u00e1tum 1L - T\u00e1jkert\u00e9sz","isPartOf":{"@id":"https:\/\/tajkertesz.com\/#website"},"primaryImageOfPage":{"@id":"https:\/\/tajkertesz.com\/termek\/wetcit-hatasfokozo-adjuvans-vizoldhato-koncentratum-1l\/#primaryimage"},"image":{"@id":"https:\/\/tajkertesz.com\/termek\/wetcit-hatasfokozo-adjuvans-vizoldhato-koncentratum-1l\/#primaryimage"},"thumbnailUrl":"https:\/\/tajkertesz.com\/wp-content\/uploads\/2024\/01\/wetc4001.jpg","datePublished":"2024-01-29T12:29:19+00:00","dateModified":"2026-02-13T09:22:08+00:00","description":"Wetcit hat\u00e1sfokoz\u00f3 adjuv\u00e1ns, v\u00edzoldhat\u00f3 koncentr\u00e1tum 1L","breadcrumb":{"@id":"https:\/\/tajkertesz.com\/termek\/wetcit-hatasfokozo-adjuvans-vizoldhato-koncentratum-1l\/#breadcrumb"},"inLanguage":"en-US","potentialAction":[{"@type":"ReadAction","target":["https:\/\/tajkertesz.com\/termek\/wetcit-hatasfokozo-adjuvans-vizoldhato-koncentratum-1l\/"]}]},{"@type":"ImageObject","inLanguage":"en-US","@id":"https:\/\/tajkertesz.com\/termek\/wetcit-hatasfokozo-adjuvans-vizoldhato-koncentratum-1l\/#primaryimage","url":"https:\/\/tajkertesz.com\/wp-content\/uploads\/2024\/01\/wetc4001.jpg","contentUrl":"https:\/\/tajkertesz.com\/wp-content\/uploads\/2024\/01\/wetc4001.jpg","width":940,"height":788},{"@type":"BreadcrumbList","@id":"https:\/\/tajkertesz.com\/termek\/wetcit-hatasfokozo-adjuvans-vizoldhato-koncentratum-1l\/#breadcrumb","itemListElement":[{"@type":"ListItem","position":1,"name":"Home","item":"https:\/\/tajkertesz.com\/"},{"@type":"ListItem","position":2,"name":"Kezd\u0151lap","item":"https:\/\/tajkertesz.com\/"},{"@type":"ListItem","position":3,"name":"Wetcit hat\u00e1sfokoz\u00f3 adjuv\u00e1ns, v\u00edzoldhat\u00f3 koncentr\u00e1tum 1L"}]},{"@type":"WebSite","@id":"https:\/\/tajkertesz.com\/#website","url":"https:\/\/tajkertesz.com\/","name":"T\u00e1j-Kert\u00e9sz 84 Kft.","description":"Kert\u00e9szeti kis- \u00e9s nagykeresked\u00e9s, D\u00edszn\u00f6v\u00e9ny web\u00e1ruh\u00e1z orsz\u00e1gos h\u00e1zhozsz\u00e1ll\u00edt\u00e1ssal!","publisher":{"@id":"https:\/\/tajkertesz.com\/#organization"},"potentialAction":[{"@type":"SearchAction","target":{"@type":"EntryPoint","urlTemplate":"https:\/\/tajkertesz.com\/?s={search_term_string}"},"query-input":{"@type":"PropertyValueSpecification","valueRequired":true,"valueName":"search_term_string"}}],"inLanguage":"en-US"},{"@type":"Organization","@id":"https:\/\/tajkertesz.com\/#organization","name":"T\u00e1j-Kert\u00e9sz 84 Kft.","url":"https:\/\/tajkertesz.com\/","logo":{"@type":"ImageObject","inLanguage":"en-US","@id":"https:\/\/tajkertesz.com\/#\/schema\/logo\/image\/","url":"https:\/\/tajkertesz.com\/wp-content\/uploads\/2018\/02\/logo-2-e1518678052539.png","contentUrl":"https:\/\/tajkertesz.com\/wp-content\/uploads\/2018\/02\/logo-2-e1518678052539.png","width":81,"height":140,"caption":"T\u00e1j-Kert\u00e9sz 84 Kft."},"image":{"@id":"https:\/\/tajkertesz.com\/#\/schema\/logo\/image\/"},"sameAs":["https:\/\/www.facebook.com\/Tajkertesz\/"]}]}},"_links":{"self":[{"href":"https:\/\/tajkertesz.com\/en_US\/wp-json\/wp\/v2\/product\/18920","targetHints":{"allow":["GET"]}}],"collection":[{"href":"https:\/\/tajkertesz.com\/en_US\/wp-json\/wp\/v2\/product"}],"about":[{"href":"https:\/\/tajkertesz.com\/en_US\/wp-json\/wp\/v2\/types\/product"}],"wp:featuredmedia":[{"embeddable":true,"href":"https:\/\/tajkertesz.com\/en_US\/wp-json\/wp\/v2\/media\/18922"}],"wp:attachment":[{"href":"https:\/\/tajkertesz.com\/en_US\/wp-json\/wp\/v2\/media?parent=18920"}],"wp:term":[{"taxonomy":"product_brand","embeddable":true,"href":"https:\/\/tajkertesz.com\/en_US\/wp-json\/wp\/v2\/product_brand?post=18920"},{"taxonomy":"product_cat","embeddable":true,"href":"https:\/\/tajkertesz.com\/en_US\/wp-json\/wp\/v2\/product_cat?post=18920"},{"taxonomy":"product_tag","embeddable":true,"href":"https:\/\/tajkertesz.com\/en_US\/wp-json\/wp\/v2\/product_tag?post=18920"}],"curies":[{"name":"wp","href":"https:\/\/api.w.org\/{rel}","templated":true}]}}