{"id":18925,"date":"2024-01-29T13:21:38","date_gmt":"2024-01-29T13:21:38","guid":{"rendered":"https:\/\/tajkertesz.com\/?post_type=product&#038;p=18925"},"modified":"2026-02-13T09:10:08","modified_gmt":"2026-02-13T09:10:08","slug":"deltam-rovarolo-permetezoszer-30ml","status":"publish","type":"product","link":"https:\/\/tajkertesz.com\/en_US\/product\/deltam-rovarolo-permetezoszer-30ml\/","title":{"rendered":"Deltam rovar\u00f6l\u0151 permetez\u0151szer 30ml"},"content":{"rendered":"<h2>Deltam rovar\u00f6l\u0151 permetez\u0151szer 30ml<\/h2>\n<p>Deltam rovar\u00f6l\u0151 permetez\u0151szer 30ml<\/p>\n<p><strong>Kontakt hat\u00e1s\u00fa rovar\u00f6l\u0151szer.<\/strong><\/p>\n<p><strong>\u00a0Azonnali hat\u00f3anyag felv\u00e9tel \u00e9s tagl\u00f3z\u00f3 hat\u00e1s jellemzi.<br \/>\nHossz\u00fa hat\u00e1startam \u00e9s nagyon j\u00f3 es\u0151\u00e1ll\u00f3s\u00e1g jellemzi.<br \/>\nFelhaszn\u00e1lhat\u00f3 sz\u0151l\u0151, gy\u00fcm\u00f6lcs, z\u00f6lds\u00e9g, d\u00edszn\u00f6v\u00e9ny kult\u00far\u00e1kban.<\/strong><\/p>\n<p><strong>H\u00e1zikerti adagol\u00e1sa:5-8ml\/ 10-15l v\u00edzhez<br \/>\n<\/strong><strong>Hat\u00f3anyag: deltametrin. 15g\/l<br \/>\nSzerforma: olajemulzi\u00f3 vizes f\u00e1zisban (EW)<br \/>\nForgalmaz\u00e1si kateg\u00f3ria: III. (szabadforgalm\u00fa)<\/strong><\/p>\n<p><strong>Enged\u00e9lyezett kult\u00far\u00e1k:<\/strong><\/p>\n<table class=\"prodTable prodUsage\" width=\"509\" cellspacing=\"0\" cellpadding=\"0\">\n<thead>\n<tr>\n<td><strong>Kult\u00fara<\/strong><\/td>\n<td><strong>K\u00e1ros\u00edt\u00f3<\/strong><\/td>\n<td><strong>D\u00f3zis (ml\/100m\u00b2 )<\/strong><\/td>\n<td>&nbsp;<\/p>\n<p><strong>\u00c9vi(\u00e9lelmez\u00e9s\u00fcgyi v\u00e1rakoz\u00e1si id\u0151)<\/strong><\/td>\n<\/tr>\n<\/thead>\n<tbody>\n<tr id=\"row_szerj_17670\">\n<td>D\u00edszn\u00f6v\u00e9nyek<\/td>\n<td>lev\u00e9ltetvek,lisztesk\u00e9k,<\/p>\n<p>bogarak,lombr\u00e1g\u00f3 herny\u00f3k<\/td>\n<td>8<\/p>\n<p>5<\/td>\n<td>0<\/td>\n<\/tr>\n<tr id=\"row_szerj_17671\" class=\"odd\">\n<td>C\u00e9kla,s\u00e1rgar\u00e9pa, pasztern\u00e1k<\/td>\n<td>lev\u00e9ltetvek<\/p>\n<p>lombr\u00e1g\u00f3 herny\u00f3k,r\u00e9pal\u00e9gy<\/td>\n<td>8<\/p>\n<p>5<\/td>\n<td>7<\/td>\n<\/tr>\n<tr id=\"row_szerj_17672\">\n<td>Retek,fekete retek, jap\u00e1n retek,j\u00e9gcsapretek<\/td>\n<td>f\u00f6ldi bolh\u00e1k<\/td>\n<td>5<\/td>\n<td>3<\/td>\n<\/tr>\n<tr id=\"row_szerj_17673\" class=\"odd\">\n<td>Hajtatott fekete retek,hajtatott jap\u00e1n retek<\/td>\n<td>f\u00f6ldi bolh\u00e1k<\/p>\n<p>lombr\u00e1g\u00f3 herny\u00f3k<\/td>\n<td>8<\/p>\n<p>5<\/td>\n<td>7<\/td>\n<\/tr>\n<tr id=\"row_szerj_17674\">\n<td>Feketegy\u00f6k\u00e9r<\/td>\n<td>f\u00f6ldi bolh\u00e1k<\/td>\n<td>5<\/td>\n<td>3<\/td>\n<\/tr>\n<tr id=\"row_szerj_17675\" class=\"odd\">\n<td>Tarl\u00f3r\u00e9pa<\/td>\n<td>lev\u00e9ltetvek<\/p>\n<p>lombr\u00e1g\u00f3 herny\u00f3k, akn\u00e1z\u00f3molyok<\/td>\n<td>8<\/p>\n<p>5<\/td>\n<td>3<\/td>\n<\/tr>\n<tr>\n<td>Torma<\/td>\n<td>lev\u00e9ltetvek<\/p>\n<p>lombr\u00e1g\u00f3 herny\u00f3k<\/td>\n<td>\u00a08<\/p>\n<p>5<\/td>\n<td>\u00a07<\/td>\n<\/tr>\n<tr>\n<td>V\u00f6r\u00f6shagyma<\/td>\n<td>lev\u00e9ltetvek<\/p>\n<p>akn\u00e1z\u00f3l\u00e9gy,hagymal\u00e9gy, k\u00e1rtev\u0151 lepk\u00e9k,tripsz<\/td>\n<td>\u00a08<\/p>\n<p>5<\/td>\n<td>\u00a07<\/td>\n<\/tr>\n<tr>\n<td>Mogyor\u00f3hagyma,fokhagyma<\/td>\n<td>lev\u00e9ltetvek<\/p>\n<p>akn\u00e1z\u00f3l\u00e9gy,hagymal\u00e9gy,k\u00e1rtev\u0151 lepk\u00e9k<\/td>\n<td>\u00a08<\/p>\n<p>5<\/td>\n<td>\u00a07<\/td>\n<\/tr>\n<tr>\n<td>Paradicsom,padlizs\u00e1n<\/td>\n<td>lev\u00e9ltetvek<\/p>\n<p>lisztesk\u00e9k,lombr\u00e1g\u00f3 herny\u00f3k<\/td>\n<td>\u00a08<\/p>\n<p>5<\/td>\n<td>\u00a03<\/td>\n<\/tr>\n<tr>\n<td>Cukkini, uborka<\/td>\n<td>lev\u00e9ltetvek<\/p>\n<p>lisztesk\u00e9k,lombr\u00e1g\u00f3 herny\u00f3k<\/td>\n<td>\u00a08<\/p>\n<p>5<\/td>\n<td>\u00a03<\/td>\n<\/tr>\n<tr>\n<td>Bimb\u00f3skel<\/td>\n<td>lev\u00e9ltetvek<\/p>\n<p>lisztesk\u00e9k,lombr\u00e1g\u00f3 herny\u00f3k<\/td>\n<td>\u00a08<\/p>\n<p>5<\/td>\n<td>\u00a07<\/td>\n<\/tr>\n<tr>\n<td>Brokkoli<\/td>\n<td>lev\u00e9ltetvek<\/p>\n<p>lombr\u00e1g\u00f3 herny\u00f3k,akn\u00e1z\u00f3 k\u00e1rtev\u0151k<\/td>\n<td>\u00a08<\/p>\n<p>5<\/td>\n<td>\u00a07<\/td>\n<\/tr>\n<tr>\n<td>Karfiol(feh\u00e9r \u00e9s z\u00f6ld)<\/td>\n<td>lev\u00e9ltetvek<\/p>\n<p>lombr\u00e1g\u00f3 herny\u00f3k,akn\u00e1z\u00f3 k\u00e1rtev\u0151k<\/td>\n<td>\u00a08<\/p>\n<p>5<\/td>\n<td>\u00a07<\/td>\n<\/tr>\n<tr>\n<td>Fejes k\u00e1poszta,kelk\u00e1poszta,cs\u00facsos k\u00e1poszt.<\/td>\n<td>lev\u00e9ltetvek<\/p>\n<p>lombr\u00e1g\u00f3 herny\u00f3k,akn\u00e1z\u00f3 k\u00e1rtev\u0151k<\/td>\n<td>\u00a08<\/p>\n<p>5<\/td>\n<td>\u00a07<\/td>\n<\/tr>\n<tr>\n<td>Karal\u00e1b\u00e9<\/td>\n<td>lev\u00e9ltetvek<\/p>\n<p>lombr\u00e1g\u00f3 herny\u00f3k,akn\u00e1z\u00f3 k\u00e1rtev\u0151k<\/td>\n<td>\u00a08<\/p>\n<p>5<\/td>\n<td>\u00a07<\/td>\n<\/tr>\n<tr>\n<td>Sal\u00e1ta(szabadf\u00f6ldi \u00e9s hajtatott)<\/td>\n<td>lev\u00e9ltetvek<\/p>\n<p>lombr\u00e1g\u00f3 herny\u00f3k<\/td>\n<td>\u00a05<\/td>\n<td>\u00a07<\/td>\n<\/tr>\n<tr>\n<td>End\u00edvia, v\u00f6r\u00f6s cik\u00f3ria,cukors\u00fcveg end\u00edvia<\/td>\n<td>lev\u00e9ltetvek<\/p>\n<p>lombr\u00e1g\u00f3 herny\u00f3k<\/td>\n<td>\u00a05<\/td>\n<td>\u00a07<\/td>\n<\/tr>\n<tr>\n<td>Cik\u00f3ria gy\u00f6k\u00e9rtermeszt\u00e9s<\/td>\n<td>lev\u00e9ltetvek<\/p>\n<p>lombr\u00e1g\u00f3 herny\u00f3k<\/td>\n<td>\u00a05<\/td>\n<td>\u00a07<\/td>\n<\/tr>\n<tr>\n<td>Spen\u0151t,galambbegy sal\u00e1ta,kerti zs\u00e1zsa,rukkola<\/td>\n<td>lev\u00e9ltetvek<\/p>\n<p>lombr\u00e1g\u00f3 herny\u00f3k<\/td>\n<td>\u00a08<\/p>\n<p>5<\/td>\n<td>\u00a07<\/td>\n<\/tr>\n<tr>\n<td>Lev\u00e9lzeller(szabadf\u00f6ldi \u00e9s hajtatott)<\/td>\n<td>lev\u00e9ltetvek<\/p>\n<p>lombr\u00e1g\u00f3 herny\u00f3k<\/td>\n<td>\u00a08<\/p>\n<p>5<\/td>\n<td>\u00a07<\/td>\n<\/tr>\n<tr>\n<td>Z\u00f6ldbab(szabadf\u00f6ldi \u00e9s hajtatott)<\/td>\n<td>lev\u00e9ltetvek<\/td>\n<td>\u00a05<\/td>\n<td>\u00a07<\/td>\n<\/tr>\n<tr>\n<td>Bors\u00f3<\/td>\n<td>lev\u00e9ltetvek<\/p>\n<p>bors\u00f3 tripsz,csipk\u00e9z\u0151 bogarak<\/td>\n<td>\u00a08<\/p>\n<p>5<\/td>\n<td>\u00a07<\/td>\n<\/tr>\n<tr>\n<td>P\u00f3r\u00e9hagyma<\/td>\n<td>lombr\u00e1g\u00f3 herny\u00f3k<\/td>\n<td>\u00a05<\/td>\n<td>\u00a07<\/td>\n<\/tr>\n<tr>\n<td>Hajtatott p\u00f3r\u00e9hagyma<\/td>\n<td>lombr\u00e1g\u00f3 herny\u00f3k<\/td>\n<td>\u00a05<\/td>\n<td>\u00a07<\/td>\n<\/tr>\n<tr>\n<td>Sp\u00e1rga(szabadf\u00f6ldi \u00e9s hajtatott)<\/td>\n<td>lev\u00e9ltetvek, bogarak<\/p>\n<p>lombr\u00e1g\u00f3 herny\u00f3k<\/td>\n<td>\u00a08<\/p>\n<p>5<\/td>\n<td>\u00a00<\/td>\n<\/tr>\n<tr>\n<td>Burgonya<\/td>\n<td>lev\u00e9ltetvek<\/td>\n<td>\u00a08<\/td>\n<td>\u00a07<\/td>\n<\/tr>\n<\/tbody>\n<\/table>\n<p><strong>\u00a0Munkaeg\u00e9szs\u00e9g\u00fcgyi v\u00e1rakoz\u00e1si id\u0151: 0 nap<\/strong><\/p>\n<div>\n<p>A hat\u00e9konys\u00e1g \u00e9rdek\u00e9ben a szer haszn\u00e1lat\u00e1t \u00e9rdemes 7-10 naponta megism\u00e9telni.<\/p>\n<p>Kijuttat\u00e1skor v\u00e9d\u0151felszerel\u00e9s visel\u00e9se aj\u00e1nlott!<\/p>\n<\/div>\n<table class=\"general green\" width=\"500\">\n<tbody>\n<tr>\n<td><strong>Gy\u00e1rt\u00f3:<\/strong><\/td>\n<td><strong>Bayer Crop\/Kwizda<\/strong><\/td>\n<\/tr>\n<tr>\n<td><strong>Kateg\u00f3ria:<\/strong><\/td>\n<td><strong>Rovar\u00f6l\u0151 szer<\/strong><\/td>\n<\/tr>\n<tr>\n<td><strong>T\u00f6meg:<\/strong><\/td>\n<td><strong>30ml<\/strong><\/td>\n<\/tr>\n<tr>\n<td><strong>Forgalmaz\u00e1si kateg\u00f3ria<\/strong><\/td>\n<td><strong>III<\/strong><\/td>\n<\/tr>\n<\/tbody>\n<\/table>\n<p><strong><br \/>\nA term\u00e9kle\u00edr\u00e1s t\u00e1j\u00e9koztat\u00f3 jelleg\u0171, a k\u00e9sz\u00edtm\u00e9ny felhaszn\u00e1l\u00e1sa el\u0151tt k\u00e9rj\u00fck olvassa el a term\u00e9k haszn\u00e1lati utas\u00edt\u00e1st!<\/strong><\/p>\n<p>El\u00e9rhet\u0151 t\u00f6bbf\u00e9le m\u00e9retben \u00e9s \u00e1rban.<\/p>\n<p><strong>K\u00e9szlet\u00fcnk napi szinten v\u00e1ltozik, ez\u00e9rt k\u00e9rj\u00fck, \u00e9rdekl\u0151dj\u00f6n szem\u00e9lyesen, telefonon vagy email-en.<br \/>\nA v\u00e1ltoztat\u00e1s jog\u00e1t fenntartjuk!\u00a0<\/strong><\/p>\n<p>&nbsp;<\/p>\n<p><a href=\"https:\/\/tajkertesz.com\/\">https:\/\/tajkertesz.com\/<\/a><\/p>\n<p><a href=\"https:\/\/www.facebook.com\/tajkertesz\/\">https:\/\/www.facebook.com\/tajkertesz\/<\/a><\/p>\n<p>Kisz\u00e1ll\u00edt\u00e1s: 200cm-ig \u00a0\u00e9s 40 kg-ig a sz\u00e1ll\u00edt\u00e1s fut\u00e1rszolg\u00e1lattal \u00a0t\u00f6rt\u00e9nik.<\/p>\n<p>Szem\u00e9lyes \u00e1tv\u00e9tel nyitvatart\u00e1si id\u0151ben a 17. ker\u00fclet Bakancsos utca 7. sz\u00e1m alatti Kert\u00e9szeti \u00e1rud\u00e1ban.<\/p>","protected":false},"excerpt":{"rendered":"<h2>Deltam rovar\u00f6l\u0151 permetez\u0151szer 30ml<\/h2>\n<p><strong>Kontakt hat\u00e1s\u00fa rovar\u00f6l\u0151szer.<\/strong><\/p>\n<p><strong>\u00a0Azonnali hat\u00f3anyag felv\u00e9tel \u00e9s tagl\u00f3z\u00f3 hat\u00e1s jellemzi.<br \/>\nHossz\u00fa hat\u00e1startam \u00e9s nagyon j\u00f3 es\u0151\u00e1ll\u00f3s\u00e1g jellemzi.<br \/>\nFelhaszn\u00e1lhat\u00f3 sz\u0151l\u0151, gy\u00fcm\u00f6lcs, z\u00f6lds\u00e9g, d\u00edszn\u00f6v\u00e9ny kult\u00far\u00e1kban&#8230;<\/strong><\/p>\n<p><strong>K\u00e9szlet\u00fcnk napi szinten v\u00e1ltozik, ez\u00e9rt k\u00e9rj\u00fck, \u00e9rdekl\u0151dj\u00f6n szem\u00e9lyesen, telefonon vagy email-en.<br \/>\nA v\u00e1ltoztat\u00e1s jog\u00e1t fenntartjuk!\u00a0<\/strong><\/p>","protected":false},"featured_media":18926,"template":"","meta":{"_et_pb_use_builder":"","_et_pb_old_content":"","_et_gb_content_width":""},"product_brand":[],"product_cat":[3423],"product_tag":[4753,4752,4135],"class_list":{"0":"post-18925","1":"product","2":"type-product","3":"status-publish","4":"has-post-thumbnail","6":"product_cat-rovarolo-szer","7":"product_tag-deltam","8":"product_tag-permetezoszer","9":"product_tag-rovarolo","11":"first","12":"onbackorder","13":"shipping-taxable","14":"product-type-simple"},"yoast_head":"<!-- This site is optimized with the Yoast SEO plugin v27.3 - https:\/\/yoast.com\/product\/yoast-seo-wordpress\/ -->\n<title>Deltam rovar\u00f6l\u0151 permetez\u0151szer 30ml - T\u00e1jkert\u00e9sz<\/title>\n<meta name=\"description\" content=\"Deltam rovar\u00f6l\u0151 permetez\u0151szer 30ml. Kontakt hat\u00e1s\u00fa rovar\u00f6l\u0151szer. Azonnali hat\u00f3anyag felv\u00e9tel \u00e9s tagl\u00f3z\u00f3 hat\u00e1s jellemzi. Hossz\u00fa hat\u00e1startam \u00e9s nagyon j\u00f3...\" \/>\n<meta name=\"robots\" content=\"index, follow, max-snippet:-1, max-image-preview:large, max-video-preview:-1\" \/>\n<link rel=\"canonical\" href=\"https:\/\/tajkertesz.com\/en_US\/product\/deltam-rovarolo-permetezoszer-30ml\/\" \/>\n<meta property=\"og:locale\" content=\"en_US\" \/>\n<meta property=\"og:type\" content=\"article\" \/>\n<meta property=\"og:title\" content=\"Deltam rovar\u00f6l\u0151 permetez\u0151szer 30ml - T\u00e1jkert\u00e9sz\" \/>\n<meta property=\"og:description\" content=\"Deltam rovar\u00f6l\u0151 permetez\u0151szer 30ml. Kontakt hat\u00e1s\u00fa rovar\u00f6l\u0151szer. Azonnali hat\u00f3anyag felv\u00e9tel \u00e9s tagl\u00f3z\u00f3 hat\u00e1s jellemzi. Hossz\u00fa hat\u00e1startam \u00e9s nagyon j\u00f3...\" \/>\n<meta property=\"og:url\" content=\"https:\/\/tajkertesz.com\/en_US\/product\/deltam-rovarolo-permetezoszer-30ml\/\" \/>\n<meta property=\"og:site_name\" content=\"T\u00e1jkert\u00e9sz\" \/>\n<meta property=\"article:publisher\" content=\"https:\/\/www.facebook.com\/Tajkertesz\/\" \/>\n<meta property=\"article:modified_time\" content=\"2026-02-13T09:10:08+00:00\" \/>\n<meta property=\"og:image\" content=\"https:\/\/tajkertesz.com\/wp-content\/uploads\/2024\/01\/delt4001.jpg\" \/>\n\t<meta property=\"og:image:width\" content=\"940\" \/>\n\t<meta property=\"og:image:height\" content=\"788\" \/>\n\t<meta property=\"og:image:type\" content=\"image\/jpeg\" \/>\n<meta name=\"twitter:card\" content=\"summary_large_image\" \/>\n<meta name=\"twitter:label1\" content=\"Est. reading time\" \/>\n\t<meta name=\"twitter:data1\" content=\"3 minutes\" \/>\n<script type=\"application\/ld+json\" class=\"yoast-schema-graph\">{\"@context\":\"https:\\\/\\\/schema.org\",\"@graph\":[{\"@type\":\"WebPage\",\"@id\":\"https:\\\/\\\/tajkertesz.com\\\/termek\\\/deltam-rovarolo-permetezoszer-30ml\\\/\",\"url\":\"https:\\\/\\\/tajkertesz.com\\\/termek\\\/deltam-rovarolo-permetezoszer-30ml\\\/\",\"name\":\"Deltam rovar\u00f6l\u0151 permetez\u0151szer 30ml - T\u00e1jkert\u00e9sz\",\"isPartOf\":{\"@id\":\"https:\\\/\\\/tajkertesz.com\\\/#website\"},\"primaryImageOfPage\":{\"@id\":\"https:\\\/\\\/tajkertesz.com\\\/termek\\\/deltam-rovarolo-permetezoszer-30ml\\\/#primaryimage\"},\"image\":{\"@id\":\"https:\\\/\\\/tajkertesz.com\\\/termek\\\/deltam-rovarolo-permetezoszer-30ml\\\/#primaryimage\"},\"thumbnailUrl\":\"https:\\\/\\\/tajkertesz.com\\\/wp-content\\\/uploads\\\/2024\\\/01\\\/delt4001.jpg\",\"datePublished\":\"2024-01-29T13:21:38+00:00\",\"dateModified\":\"2026-02-13T09:10:08+00:00\",\"description\":\"Deltam rovar\u00f6l\u0151 permetez\u0151szer 30ml. Kontakt hat\u00e1s\u00fa rovar\u00f6l\u0151szer. Azonnali hat\u00f3anyag felv\u00e9tel \u00e9s tagl\u00f3z\u00f3 hat\u00e1s jellemzi. Hossz\u00fa hat\u00e1startam \u00e9s nagyon j\u00f3...\",\"breadcrumb\":{\"@id\":\"https:\\\/\\\/tajkertesz.com\\\/termek\\\/deltam-rovarolo-permetezoszer-30ml\\\/#breadcrumb\"},\"inLanguage\":\"en-US\",\"potentialAction\":[{\"@type\":\"ReadAction\",\"target\":[\"https:\\\/\\\/tajkertesz.com\\\/termek\\\/deltam-rovarolo-permetezoszer-30ml\\\/\"]}]},{\"@type\":\"ImageObject\",\"inLanguage\":\"en-US\",\"@id\":\"https:\\\/\\\/tajkertesz.com\\\/termek\\\/deltam-rovarolo-permetezoszer-30ml\\\/#primaryimage\",\"url\":\"https:\\\/\\\/tajkertesz.com\\\/wp-content\\\/uploads\\\/2024\\\/01\\\/delt4001.jpg\",\"contentUrl\":\"https:\\\/\\\/tajkertesz.com\\\/wp-content\\\/uploads\\\/2024\\\/01\\\/delt4001.jpg\",\"width\":940,\"height\":788},{\"@type\":\"BreadcrumbList\",\"@id\":\"https:\\\/\\\/tajkertesz.com\\\/termek\\\/deltam-rovarolo-permetezoszer-30ml\\\/#breadcrumb\",\"itemListElement\":[{\"@type\":\"ListItem\",\"position\":1,\"name\":\"Home\",\"item\":\"https:\\\/\\\/tajkertesz.com\\\/\"},{\"@type\":\"ListItem\",\"position\":2,\"name\":\"Kezd\u0151lap\",\"item\":\"https:\\\/\\\/tajkertesz.com\\\/\"},{\"@type\":\"ListItem\",\"position\":3,\"name\":\"Deltam rovar\u00f6l\u0151 permetez\u0151szer 30ml\"}]},{\"@type\":\"WebSite\",\"@id\":\"https:\\\/\\\/tajkertesz.com\\\/#website\",\"url\":\"https:\\\/\\\/tajkertesz.com\\\/\",\"name\":\"T\u00e1j-Kert\u00e9sz 84 Kft.\",\"description\":\"Kert\u00e9szeti kis- \u00e9s nagykeresked\u00e9s, D\u00edszn\u00f6v\u00e9ny web\u00e1ruh\u00e1z orsz\u00e1gos h\u00e1zhozsz\u00e1ll\u00edt\u00e1ssal!\",\"publisher\":{\"@id\":\"https:\\\/\\\/tajkertesz.com\\\/#organization\"},\"potentialAction\":[{\"@type\":\"SearchAction\",\"target\":{\"@type\":\"EntryPoint\",\"urlTemplate\":\"https:\\\/\\\/tajkertesz.com\\\/?s={search_term_string}\"},\"query-input\":{\"@type\":\"PropertyValueSpecification\",\"valueRequired\":true,\"valueName\":\"search_term_string\"}}],\"inLanguage\":\"en-US\"},{\"@type\":\"Organization\",\"@id\":\"https:\\\/\\\/tajkertesz.com\\\/#organization\",\"name\":\"T\u00e1j-Kert\u00e9sz 84 Kft.\",\"url\":\"https:\\\/\\\/tajkertesz.com\\\/\",\"logo\":{\"@type\":\"ImageObject\",\"inLanguage\":\"en-US\",\"@id\":\"https:\\\/\\\/tajkertesz.com\\\/#\\\/schema\\\/logo\\\/image\\\/\",\"url\":\"https:\\\/\\\/tajkertesz.com\\\/wp-content\\\/uploads\\\/2018\\\/02\\\/logo-2-e1518678052539.png\",\"contentUrl\":\"https:\\\/\\\/tajkertesz.com\\\/wp-content\\\/uploads\\\/2018\\\/02\\\/logo-2-e1518678052539.png\",\"width\":81,\"height\":140,\"caption\":\"T\u00e1j-Kert\u00e9sz 84 Kft.\"},\"image\":{\"@id\":\"https:\\\/\\\/tajkertesz.com\\\/#\\\/schema\\\/logo\\\/image\\\/\"},\"sameAs\":[\"https:\\\/\\\/www.facebook.com\\\/Tajkertesz\\\/\"]}]}<\/script>\n<!-- \/ Yoast SEO plugin. -->","yoast_head_json":{"title":"Deltam rovar\u00f6l\u0151 permetez\u0151szer 30ml - T\u00e1jkert\u00e9sz","description":"Deltam rovar\u00f6l\u0151 permetez\u0151szer 30ml. Kontakt hat\u00e1s\u00fa rovar\u00f6l\u0151szer. Azonnali hat\u00f3anyag felv\u00e9tel \u00e9s tagl\u00f3z\u00f3 hat\u00e1s jellemzi. Hossz\u00fa hat\u00e1startam \u00e9s nagyon j\u00f3...","robots":{"index":"index","follow":"follow","max-snippet":"max-snippet:-1","max-image-preview":"max-image-preview:large","max-video-preview":"max-video-preview:-1"},"canonical":"https:\/\/tajkertesz.com\/en_US\/product\/deltam-rovarolo-permetezoszer-30ml\/","og_locale":"en_US","og_type":"article","og_title":"Deltam rovar\u00f6l\u0151 permetez\u0151szer 30ml - T\u00e1jkert\u00e9sz","og_description":"Deltam rovar\u00f6l\u0151 permetez\u0151szer 30ml. Kontakt hat\u00e1s\u00fa rovar\u00f6l\u0151szer. Azonnali hat\u00f3anyag felv\u00e9tel \u00e9s tagl\u00f3z\u00f3 hat\u00e1s jellemzi. Hossz\u00fa hat\u00e1startam \u00e9s nagyon j\u00f3...","og_url":"https:\/\/tajkertesz.com\/en_US\/product\/deltam-rovarolo-permetezoszer-30ml\/","og_site_name":"T\u00e1jkert\u00e9sz","article_publisher":"https:\/\/www.facebook.com\/Tajkertesz\/","article_modified_time":"2026-02-13T09:10:08+00:00","og_image":[{"width":940,"height":788,"url":"https:\/\/tajkertesz.com\/wp-content\/uploads\/2024\/01\/delt4001.jpg","type":"image\/jpeg"}],"twitter_card":"summary_large_image","twitter_misc":{"Est. reading time":"3 minutes"},"schema":{"@context":"https:\/\/schema.org","@graph":[{"@type":"WebPage","@id":"https:\/\/tajkertesz.com\/termek\/deltam-rovarolo-permetezoszer-30ml\/","url":"https:\/\/tajkertesz.com\/termek\/deltam-rovarolo-permetezoszer-30ml\/","name":"Deltam rovar\u00f6l\u0151 permetez\u0151szer 30ml - T\u00e1jkert\u00e9sz","isPartOf":{"@id":"https:\/\/tajkertesz.com\/#website"},"primaryImageOfPage":{"@id":"https:\/\/tajkertesz.com\/termek\/deltam-rovarolo-permetezoszer-30ml\/#primaryimage"},"image":{"@id":"https:\/\/tajkertesz.com\/termek\/deltam-rovarolo-permetezoszer-30ml\/#primaryimage"},"thumbnailUrl":"https:\/\/tajkertesz.com\/wp-content\/uploads\/2024\/01\/delt4001.jpg","datePublished":"2024-01-29T13:21:38+00:00","dateModified":"2026-02-13T09:10:08+00:00","description":"Deltam rovar\u00f6l\u0151 permetez\u0151szer 30ml. Kontakt hat\u00e1s\u00fa rovar\u00f6l\u0151szer. Azonnali hat\u00f3anyag felv\u00e9tel \u00e9s tagl\u00f3z\u00f3 hat\u00e1s jellemzi. Hossz\u00fa hat\u00e1startam \u00e9s nagyon j\u00f3...","breadcrumb":{"@id":"https:\/\/tajkertesz.com\/termek\/deltam-rovarolo-permetezoszer-30ml\/#breadcrumb"},"inLanguage":"en-US","potentialAction":[{"@type":"ReadAction","target":["https:\/\/tajkertesz.com\/termek\/deltam-rovarolo-permetezoszer-30ml\/"]}]},{"@type":"ImageObject","inLanguage":"en-US","@id":"https:\/\/tajkertesz.com\/termek\/deltam-rovarolo-permetezoszer-30ml\/#primaryimage","url":"https:\/\/tajkertesz.com\/wp-content\/uploads\/2024\/01\/delt4001.jpg","contentUrl":"https:\/\/tajkertesz.com\/wp-content\/uploads\/2024\/01\/delt4001.jpg","width":940,"height":788},{"@type":"BreadcrumbList","@id":"https:\/\/tajkertesz.com\/termek\/deltam-rovarolo-permetezoszer-30ml\/#breadcrumb","itemListElement":[{"@type":"ListItem","position":1,"name":"Home","item":"https:\/\/tajkertesz.com\/"},{"@type":"ListItem","position":2,"name":"Kezd\u0151lap","item":"https:\/\/tajkertesz.com\/"},{"@type":"ListItem","position":3,"name":"Deltam rovar\u00f6l\u0151 permetez\u0151szer 30ml"}]},{"@type":"WebSite","@id":"https:\/\/tajkertesz.com\/#website","url":"https:\/\/tajkertesz.com\/","name":"T\u00e1j-Kert\u00e9sz 84 Kft.","description":"Kert\u00e9szeti kis- \u00e9s nagykeresked\u00e9s, D\u00edszn\u00f6v\u00e9ny web\u00e1ruh\u00e1z orsz\u00e1gos h\u00e1zhozsz\u00e1ll\u00edt\u00e1ssal!","publisher":{"@id":"https:\/\/tajkertesz.com\/#organization"},"potentialAction":[{"@type":"SearchAction","target":{"@type":"EntryPoint","urlTemplate":"https:\/\/tajkertesz.com\/?s={search_term_string}"},"query-input":{"@type":"PropertyValueSpecification","valueRequired":true,"valueName":"search_term_string"}}],"inLanguage":"en-US"},{"@type":"Organization","@id":"https:\/\/tajkertesz.com\/#organization","name":"T\u00e1j-Kert\u00e9sz 84 Kft.","url":"https:\/\/tajkertesz.com\/","logo":{"@type":"ImageObject","inLanguage":"en-US","@id":"https:\/\/tajkertesz.com\/#\/schema\/logo\/image\/","url":"https:\/\/tajkertesz.com\/wp-content\/uploads\/2018\/02\/logo-2-e1518678052539.png","contentUrl":"https:\/\/tajkertesz.com\/wp-content\/uploads\/2018\/02\/logo-2-e1518678052539.png","width":81,"height":140,"caption":"T\u00e1j-Kert\u00e9sz 84 Kft."},"image":{"@id":"https:\/\/tajkertesz.com\/#\/schema\/logo\/image\/"},"sameAs":["https:\/\/www.facebook.com\/Tajkertesz\/"]}]}},"_links":{"self":[{"href":"https:\/\/tajkertesz.com\/en_US\/wp-json\/wp\/v2\/product\/18925","targetHints":{"allow":["GET"]}}],"collection":[{"href":"https:\/\/tajkertesz.com\/en_US\/wp-json\/wp\/v2\/product"}],"about":[{"href":"https:\/\/tajkertesz.com\/en_US\/wp-json\/wp\/v2\/types\/product"}],"wp:featuredmedia":[{"embeddable":true,"href":"https:\/\/tajkertesz.com\/en_US\/wp-json\/wp\/v2\/media\/18926"}],"wp:attachment":[{"href":"https:\/\/tajkertesz.com\/en_US\/wp-json\/wp\/v2\/media?parent=18925"}],"wp:term":[{"taxonomy":"product_brand","embeddable":true,"href":"https:\/\/tajkertesz.com\/en_US\/wp-json\/wp\/v2\/product_brand?post=18925"},{"taxonomy":"product_cat","embeddable":true,"href":"https:\/\/tajkertesz.com\/en_US\/wp-json\/wp\/v2\/product_cat?post=18925"},{"taxonomy":"product_tag","embeddable":true,"href":"https:\/\/tajkertesz.com\/en_US\/wp-json\/wp\/v2\/product_tag?post=18925"}],"curies":[{"name":"wp","href":"https:\/\/api.w.org\/{rel}","templated":true}]}}