{"id":18949,"date":"2024-01-30T11:42:56","date_gmt":"2024-01-30T11:42:56","guid":{"rendered":"https:\/\/tajkertesz.com\/?post_type=product&#038;p=18949"},"modified":"2026-02-13T09:09:34","modified_gmt":"2026-02-13T09:09:34","slug":"zeba-novenymester-vizraktarozo-50g","status":"publish","type":"product","link":"https:\/\/tajkertesz.com\/en_US\/product\/zeba-novenymester-vizraktarozo-50g\/","title":{"rendered":"Zeba N\u00f6v\u00e9nymester v\u00edzrakt\u00e1roz\u00f3 50g."},"content":{"rendered":"<h2>Zeba N\u00f6v\u00e9nymester v\u00edzrakt\u00e1roz\u00f3 50g.<\/h2>\n<p>Zeba N\u00f6v\u00e9nymester v\u00edzrakt\u00e1roz\u00f3 50g.<\/p>\n<p style=\"font-weight: 400;\"><b><em>Eltarthat\u00f3s\u00e1g<\/em><\/b>: korl\u00e1tlan ideig<\/p>\n<h2><i>ADAGOL\u00c1S<\/i><\/h2>\n<p style=\"font-weight: 400;\"><strong>Gy\u00fcm\u00f6lcsf\u00e9l\u00e9k<\/strong>, sz\u0151l\u0151, d\u00edszf\u00e1k, d\u00edszcserj\u00e9k telep\u00edt\u00e9s\u00e9hez\u00a0<strong>7,0-14,0 g\/\u00fcltet\u0151 g\u00f6d\u00f6r<\/strong>\u00a0mennyis\u00e9gben, a fele mennyis\u00e9get az \u00fcltet\u0151 g\u00f6d\u00f6r alj\u00e1ba helyezve, fele mennyis\u00e9get a ki\u00e1sott talajjal \u00f6sszekeverve \u00e9s visszat\u00f6ltve,<\/p>\n<p style=\"font-weight: 400;\"><strong>Gyeptelep\u00edt\u00e9sn\u00e9l<\/strong>\u00a0vet\u00e9s el\u0151tt\u00a0<strong>500 g-1,0 kg \/100 m<sup>2<\/sup><\/strong>\u00a0mennyis\u00e9gben kisz\u00f3rva \u00e9s 10-15 cm m\u00e9lyen bedolgozva,<\/p>\n<p style=\"font-weight: 400;\"><strong>Termeszt\u0151 k\u00f6zegekhez<\/strong>\u00a0<strong>0,3-0,9 g\/liter<\/strong>\u00a0mennyis\u00e9gben a k\u00f6zeghez hozz\u00e1keverve. (10 liter f\u00f6ldh\u00f6z 4-9 gramm Zeba sz\u00fcks\u00e9ges \u2013 vagyis\u00a0<strong>egy zacsk\u00f3 50 grammos Zeba 2 db 50 literes vir\u00e1gf\u00f6ldh\u00f6z is elegend\u0151<\/strong>)<\/p>\n<p style=\"font-weight: 400;\">\n<h2><i>R\u00d6VID ISMERTET\u00c9SE<\/i><\/h2>\n<p style=\"font-weight: 400;\">A Zeba egy kem\u00e9ny\u00edt\u0151 alap\u00fa szuperabszorbens, egy innovat\u00edv v\u00edzrakt\u00e1roz\u00f3 hidrog\u00e9l, amely forradalmas\u00edtja a talaj v\u00edzgazd\u00e1lkod\u00e1s\u00e1t. Jav\u00edtja a talaj nedvess\u00e9gmegtart\u00f3 k\u00e9pess\u00e9g\u00e9t, cs\u00f6kkenti az \u00f6nt\u00f6z\u00e9si ig\u00e9nyt \u00e9s optimaliz\u00e1lja a n\u00f6v\u00e9nyek n\u00f6veked\u00e9s\u00e9t.<\/p>\n<p style=\"font-weight: 400;\">A Zeba hidrog\u00e9l szemcs\u00e9k k\u00e9pesek a saj\u00e1t t\u00f6meg\u00fck t\u00f6bbsz\u00f6r\u00f6s\u00e9t v\u00edzben t\u00e1rolni, \u00edgy biztos\u00edtva a folyamatos v\u00edzell\u00e1t\u00e1st a n\u00f6v\u00e9nyek sz\u00e1m\u00e1ra. A talaj nedvess\u00e9g\u00e9t megtartva a Zeba cs\u00f6kkenti az \u00f6nt\u00f6z\u00e9si ig\u00e9nyt \u00e9s a v\u00edzvesztes\u00e9get, tov\u00e1bb\u00e1 az egyenetlen v\u00edzell\u00e1t\u00e1sb\u00f3l ad\u00f3d\u00f3 stressz hat\u00e1sokat minim\u00e1lisra cs\u00f6kkenti a veget\u00e1ci\u00f3 ideje alatt.<\/p>\n<p style=\"font-weight: 400;\">\n<p style=\"font-weight: 400;\"><strong><u>A Zeba k\u00fcl\u00f6n\u00f6sen hasznos<\/u><\/strong><\/p>\n<p style=\"font-weight: 400;\">&#8211;\u00a0\u00a0\u00a0\u00a0\u00a0\u00a0\u00a0\u00a0<strong>f\u0171telep\u00edt\u00e9sn\u00e9l,<\/strong><\/p>\n<p style=\"font-weight: 400;\">&#8211;\u00a0\u00a0\u00a0\u00a0\u00a0\u00a0\u00a0\u00a0<strong>pal\u00e1nt\u00e1z\u00e1sn\u00e1l,<\/strong><\/p>\n<p style=\"font-weight: 400;\">&#8211;\u00a0\u00a0\u00a0\u00a0\u00a0\u00a0\u00a0\u00a0<strong>kont\u00e9neres \u00e9s balkon n\u00f6v\u00e9nyekn\u00e9l,<\/strong><\/p>\n<p style=\"font-weight: 400;\">&#8211;\u00a0\u00a0\u00a0\u00a0\u00a0\u00a0\u00a0\u00a0<strong>\u00fajonnan telep\u00edtett n\u00f6v\u00e9nyekn\u00e9l, \u00edgy p\u00e9ld\u00e1ul gy\u00fcm\u00f6lcsfa \u00fcltet\u00e9sn\u00e9l,<\/strong><\/p>\n<p style=\"font-weight: 400;\">&#8211;\u00a0\u00a0\u00a0\u00a0\u00a0\u00a0\u00a0\u00a0<strong>z\u00f6lds\u00e9geskertekben \u00e9s vetem\u00e9nyesekben,<\/strong><\/p>\n<p style=\"font-weight: 400;\">&#8211;\u00a0\u00a0\u00a0\u00a0\u00a0\u00a0\u00a0\u00a0<strong>valamint t\u00e1j\u00e9p\u00edt\u00e9szetben \u00e9s k\u00f6zter\u00fcleteken<\/strong><\/p>\n<p style=\"font-weight: 400;\">\n<p style=\"font-weight: 400;\">A Zeba hidrog\u00e9l k\u00f6nnyen haszn\u00e1lhat\u00f3 \u00e9s biztons\u00e1gosan alkalmazhat\u00f3. Egyszer\u0171en keverje \u00f6ssze a talajjal a k\u00edv\u00e1nt ter\u00fcleten vagy \u00fcltet\u0151ed\u00e9nyben, \u00e9s hagyja, hogy a Zeba gondoskodjon a t\u00f6bbi feladatr\u00f3l.<\/p>\n<p style=\"font-weight: 400;\">\n<p style=\"font-weight: 400;\">A ZEBA sem a talajban, sem a vizekben nem halmoz\u00f3dik fel.\u00a0K\u00e9t \u00e9v ut\u00e1n biol\u00f3giailag\u00a0ugyan olyan\u00a0t\u00f6k\u00e9letesen lebomlik,\u00a0mint b\u00e1rmely m\u00e1s term\u00e9szetes n\u00f6v\u00e9nyi maradv\u00e1ny, mik\u00f6zben a n\u00f6v\u00e9nyeinknek nitrog\u00e9n-, foszfor- \u00e9s k\u00e1lium-ut\u00e1np\u00f3tl\u00e1st biztos\u00edtanak.<\/p>\n<p style=\"font-weight: 400;\">\n<p style=\"font-weight: 400;\"><i><strong>EGYSZER\u0170 A KIJUTTAT\u00c1SA<\/strong><\/i><\/p>\n<p style=\"font-weight: 400;\">A Zeba kijuttat\u00e1sa a felhaszn\u00e1l\u00e1s c\u00e9lj\u00e1t\u00f3l f\u00fcgg\u0151en t\u00f6bbf\u00e9le m\u00f3don elv\u00e9gezhet\u0151. A sz\u00e1raz granul\u00e1tum talajhoz, termeszt\u0151k\u00f6zeghez keverve, cserepekbe, balkonl\u00e1d\u00e1kba, kont\u00e9nerekbe bekeverve, sorkezel\u00e9shez, \u00fcltet\u0151g\u00f6dr\u00f6kbe sz\u00f3rva, illetve teljes fel\u00fcletre kisz\u00f3rva is felhaszn\u00e1lhat\u00f3. A ZEBA kisz\u00f3r\u00e1s\u00e1t elv\u00e9gezhetj\u00fck b\u00e1rmelyik granul\u00e1tumsz\u00f3r\u00f3val. Ha \u00fcltet\u00e9skor korl\u00e1tozott m\u00e9rt\u00e9kben \u00e1ll rendelkez\u00e9s\u00fcnkre \u00f6nt\u00f6z\u0151v\u00edz, illetve az \u00fcltet\u00e9s v\u00e1rhat\u00f3an hosszabb id\u0151t vesz ig\u00e9nybe, \u00e9s nem szeretn\u00e9nk, hogy k\u00f6zben a szabad gy\u00f6ker\u0171 n\u00f6v\u00e9nyeink gy\u00f6k\u00e9rzete k\u00e1rosodjon. akkor el\u0151nedves\u00edtett g\u00e9lk\u00e9nt alkalmazzuk a ZEBA-t. A g\u00e9l kijuttathat\u00f3 a gy\u00f6kerek bem\u00e1rtogat\u00e1s\u00e1val, beiszapol\u00e1s\u00e1val. az \u00fcltet\u0151g\u00f6d\u00f6rbe, bar\u00e1zd\u00e1ba juttatva, vagy ut\u00f3lagosan talajba injekt\u00e1l\u00e1ssal is.<\/p>\n<p style=\"font-weight: 400;\">Munkaeg\u00e9szs\u00e9g\u00fcgyi v\u00e1rakoz\u00e1si id\u0151: 0 nap.<\/p>\n<p style=\"font-weight: 400;\">\u00c9lelmez\u00e9s-eg\u00e9szs\u00e9g\u00fcgyi v\u00e1rakoz\u00e1si id\u0151: 0 nap.<\/p>\n<p style=\"font-weight: 400;\">Kiszerel\u00e9s: 50 g, 250 g<\/p>\n<p style=\"font-weight: 400;\">Term\u00e9kismertet\u0151 vide\u00f3:<\/p>\n<p style=\"font-weight: 400;\"><a href=\"https:\/\/youtu.be\/9P6T4Z2UiLk\">https:\/\/youtu.be\/9P6T4Z2UiLk<\/a><\/p>\n<p>El\u00e9rhet\u0151 t\u00f6bbf\u00e9le m\u00e9retben \u00e9s \u00e1rban.<\/p>\n<p><strong>K\u00e9szlet\u00fcnk napi szinten v\u00e1ltozik, ez\u00e9rt k\u00e9rj\u00fck, \u00e9rdekl\u0151dj\u00f6n szem\u00e9lyesen, telefonon vagy email-en.<br \/>\nA v\u00e1ltoztat\u00e1s jog\u00e1t fenntartjuk!\u00a0<\/strong><\/p>\n<p><a href=\"https:\/\/tajkertesz.com\/\">https:\/\/tajkertesz.com\/<\/a><\/p>\n<p><a href=\"https:\/\/www.facebook.com\/tajkertesz\/\">https:\/\/www.facebook.com\/tajkertesz\/<\/a><\/p>\n<p>Kisz\u00e1ll\u00edt\u00e1s: 200cm-ig \u00a0\u00e9s 40 kg-ig a sz\u00e1ll\u00edt\u00e1s fut\u00e1rszolg\u00e1lattal \u00a0t\u00f6rt\u00e9nik.<\/p>\n<p>Szem\u00e9lyes \u00e1tv\u00e9tel nyitvatart\u00e1si id\u0151ben a 17. ker\u00fclet Bakancsos utca 7. sz\u00e1m alatti Kert\u00e9szeti \u00e1rud\u00e1ban.<\/p>\n<p>&nbsp;<\/p>","protected":false},"excerpt":{"rendered":"<h2>Zeba N\u00f6v\u00e9nymester v\u00edzrakt\u00e1roz\u00f3 50g.<\/h2>\n<p>Jav\u00edtja a talaj nedvess\u00e9gmegtart\u00f3 k\u00e9pess\u00e9g\u00e9t, cs\u00f6kkenti az \u00f6nt\u00f6z\u00e9si ig\u00e9nyt \u00e9s optimaliz\u00e1lja a n\u00f6v\u00e9nyek n\u00f6veked\u00e9s\u00e9t&#8230;.<\/p>\n<p><strong>K\u00e9szlet\u00fcnk napi szinten v\u00e1ltozik, ez\u00e9rt k\u00e9rj\u00fck, \u00e9rdekl\u0151dj\u00f6n szem\u00e9lyesen, telefonon vagy email-en.<br \/>\nA v\u00e1ltoztat\u00e1s jog\u00e1t fenntartjuk!\u00a0<\/strong><\/p>","protected":false},"featured_media":18950,"template":"","meta":{"_et_pb_use_builder":"","_et_pb_old_content":"","_et_gb_content_width":""},"product_brand":[],"product_cat":[3652,35],"product_tag":[4766,4728,4767,4765,4764],"class_list":{"0":"post-18949","1":"product","2":"type-product","3":"status-publish","4":"has-post-thumbnail","6":"product_cat-magvetes-palantazas","7":"product_cat-tragyak","8":"product_tag-hidrogel","9":"product_tag-ontozes","10":"product_tag-talaj","11":"product_tag-vizraktarozo","12":"product_tag-zeba","14":"first","15":"instock","16":"shipping-taxable","17":"purchasable","18":"product-type-simple"},"yoast_head":"<!-- This site is optimized with the Yoast SEO plugin v27.3 - https:\/\/yoast.com\/product\/yoast-seo-wordpress\/ -->\n<title>Zeba N\u00f6v\u00e9nymester v\u00edzrakt\u00e1roz\u00f3 50g. - T\u00e1jkert\u00e9sz<\/title>\n<meta name=\"description\" content=\"Zeba N\u00f6v\u00e9nymester v\u00edzrakt\u00e1roz\u00f3 50g. Jav\u00edtja a talaj nedvess\u00e9gmegtart\u00f3 k\u00e9pess\u00e9g\u00e9t, cs\u00f6kkenti az \u00f6nt\u00f6z\u00e9si ig\u00e9nyt \u00e9s optimaliz\u00e1lja a n\u00f6v\u00e9nyek n\u00f6veked\u00e9s\u00e9t.\" \/>\n<meta name=\"robots\" content=\"index, follow, max-snippet:-1, max-image-preview:large, max-video-preview:-1\" \/>\n<link rel=\"canonical\" href=\"https:\/\/tajkertesz.com\/en_US\/product\/zeba-novenymester-vizraktarozo-50g\/\" \/>\n<meta property=\"og:locale\" content=\"en_US\" \/>\n<meta property=\"og:type\" content=\"article\" \/>\n<meta property=\"og:title\" content=\"Zeba N\u00f6v\u00e9nymester v\u00edzrakt\u00e1roz\u00f3 50g. - T\u00e1jkert\u00e9sz\" \/>\n<meta property=\"og:description\" content=\"Zeba N\u00f6v\u00e9nymester v\u00edzrakt\u00e1roz\u00f3 50g. Jav\u00edtja a talaj nedvess\u00e9gmegtart\u00f3 k\u00e9pess\u00e9g\u00e9t, cs\u00f6kkenti az \u00f6nt\u00f6z\u00e9si ig\u00e9nyt \u00e9s optimaliz\u00e1lja a n\u00f6v\u00e9nyek n\u00f6veked\u00e9s\u00e9t.\" \/>\n<meta property=\"og:url\" content=\"https:\/\/tajkertesz.com\/en_US\/product\/zeba-novenymester-vizraktarozo-50g\/\" \/>\n<meta property=\"og:site_name\" content=\"T\u00e1jkert\u00e9sz\" \/>\n<meta property=\"article:publisher\" content=\"https:\/\/www.facebook.com\/Tajkertesz\/\" \/>\n<meta property=\"article:modified_time\" content=\"2026-02-13T09:09:34+00:00\" \/>\n<meta property=\"og:image\" content=\"https:\/\/tajkertesz.com\/wp-content\/uploads\/2024\/01\/zeba4001.jpg\" \/>\n\t<meta property=\"og:image:width\" content=\"1414\" \/>\n\t<meta property=\"og:image:height\" content=\"2000\" \/>\n\t<meta property=\"og:image:type\" content=\"image\/jpeg\" \/>\n<meta name=\"twitter:card\" content=\"summary_large_image\" \/>\n<meta name=\"twitter:label1\" content=\"Est. reading time\" \/>\n\t<meta name=\"twitter:data1\" content=\"3 minutes\" \/>\n<script type=\"application\/ld+json\" class=\"yoast-schema-graph\">{\"@context\":\"https:\\\/\\\/schema.org\",\"@graph\":[{\"@type\":\"WebPage\",\"@id\":\"https:\\\/\\\/tajkertesz.com\\\/termek\\\/zeba-novenymester-vizraktarozo-50g\\\/\",\"url\":\"https:\\\/\\\/tajkertesz.com\\\/termek\\\/zeba-novenymester-vizraktarozo-50g\\\/\",\"name\":\"Zeba N\u00f6v\u00e9nymester v\u00edzrakt\u00e1roz\u00f3 50g. - T\u00e1jkert\u00e9sz\",\"isPartOf\":{\"@id\":\"https:\\\/\\\/tajkertesz.com\\\/#website\"},\"primaryImageOfPage\":{\"@id\":\"https:\\\/\\\/tajkertesz.com\\\/termek\\\/zeba-novenymester-vizraktarozo-50g\\\/#primaryimage\"},\"image\":{\"@id\":\"https:\\\/\\\/tajkertesz.com\\\/termek\\\/zeba-novenymester-vizraktarozo-50g\\\/#primaryimage\"},\"thumbnailUrl\":\"https:\\\/\\\/tajkertesz.com\\\/wp-content\\\/uploads\\\/2024\\\/01\\\/zeba4001.jpg\",\"datePublished\":\"2024-01-30T11:42:56+00:00\",\"dateModified\":\"2026-02-13T09:09:34+00:00\",\"description\":\"Zeba N\u00f6v\u00e9nymester v\u00edzrakt\u00e1roz\u00f3 50g. Jav\u00edtja a talaj nedvess\u00e9gmegtart\u00f3 k\u00e9pess\u00e9g\u00e9t, cs\u00f6kkenti az \u00f6nt\u00f6z\u00e9si ig\u00e9nyt \u00e9s optimaliz\u00e1lja a n\u00f6v\u00e9nyek n\u00f6veked\u00e9s\u00e9t.\",\"breadcrumb\":{\"@id\":\"https:\\\/\\\/tajkertesz.com\\\/termek\\\/zeba-novenymester-vizraktarozo-50g\\\/#breadcrumb\"},\"inLanguage\":\"en-US\",\"potentialAction\":[{\"@type\":\"ReadAction\",\"target\":[\"https:\\\/\\\/tajkertesz.com\\\/termek\\\/zeba-novenymester-vizraktarozo-50g\\\/\"]}]},{\"@type\":\"ImageObject\",\"inLanguage\":\"en-US\",\"@id\":\"https:\\\/\\\/tajkertesz.com\\\/termek\\\/zeba-novenymester-vizraktarozo-50g\\\/#primaryimage\",\"url\":\"https:\\\/\\\/tajkertesz.com\\\/wp-content\\\/uploads\\\/2024\\\/01\\\/zeba4001.jpg\",\"contentUrl\":\"https:\\\/\\\/tajkertesz.com\\\/wp-content\\\/uploads\\\/2024\\\/01\\\/zeba4001.jpg\",\"width\":1414,\"height\":2000},{\"@type\":\"BreadcrumbList\",\"@id\":\"https:\\\/\\\/tajkertesz.com\\\/termek\\\/zeba-novenymester-vizraktarozo-50g\\\/#breadcrumb\",\"itemListElement\":[{\"@type\":\"ListItem\",\"position\":1,\"name\":\"Home\",\"item\":\"https:\\\/\\\/tajkertesz.com\\\/\"},{\"@type\":\"ListItem\",\"position\":2,\"name\":\"Kezd\u0151lap\",\"item\":\"https:\\\/\\\/tajkertesz.com\\\/\"},{\"@type\":\"ListItem\",\"position\":3,\"name\":\"Zeba N\u00f6v\u00e9nymester v\u00edzrakt\u00e1roz\u00f3 50g.\"}]},{\"@type\":\"WebSite\",\"@id\":\"https:\\\/\\\/tajkertesz.com\\\/#website\",\"url\":\"https:\\\/\\\/tajkertesz.com\\\/\",\"name\":\"T\u00e1j-Kert\u00e9sz 84 Kft.\",\"description\":\"Kert\u00e9szeti kis- \u00e9s nagykeresked\u00e9s, D\u00edszn\u00f6v\u00e9ny web\u00e1ruh\u00e1z orsz\u00e1gos h\u00e1zhozsz\u00e1ll\u00edt\u00e1ssal!\",\"publisher\":{\"@id\":\"https:\\\/\\\/tajkertesz.com\\\/#organization\"},\"potentialAction\":[{\"@type\":\"SearchAction\",\"target\":{\"@type\":\"EntryPoint\",\"urlTemplate\":\"https:\\\/\\\/tajkertesz.com\\\/?s={search_term_string}\"},\"query-input\":{\"@type\":\"PropertyValueSpecification\",\"valueRequired\":true,\"valueName\":\"search_term_string\"}}],\"inLanguage\":\"en-US\"},{\"@type\":\"Organization\",\"@id\":\"https:\\\/\\\/tajkertesz.com\\\/#organization\",\"name\":\"T\u00e1j-Kert\u00e9sz 84 Kft.\",\"url\":\"https:\\\/\\\/tajkertesz.com\\\/\",\"logo\":{\"@type\":\"ImageObject\",\"inLanguage\":\"en-US\",\"@id\":\"https:\\\/\\\/tajkertesz.com\\\/#\\\/schema\\\/logo\\\/image\\\/\",\"url\":\"https:\\\/\\\/tajkertesz.com\\\/wp-content\\\/uploads\\\/2018\\\/02\\\/logo-2-e1518678052539.png\",\"contentUrl\":\"https:\\\/\\\/tajkertesz.com\\\/wp-content\\\/uploads\\\/2018\\\/02\\\/logo-2-e1518678052539.png\",\"width\":81,\"height\":140,\"caption\":\"T\u00e1j-Kert\u00e9sz 84 Kft.\"},\"image\":{\"@id\":\"https:\\\/\\\/tajkertesz.com\\\/#\\\/schema\\\/logo\\\/image\\\/\"},\"sameAs\":[\"https:\\\/\\\/www.facebook.com\\\/Tajkertesz\\\/\"]}]}<\/script>\n<!-- \/ Yoast SEO plugin. -->","yoast_head_json":{"title":"Zeba N\u00f6v\u00e9nymester v\u00edzrakt\u00e1roz\u00f3 50g. - T\u00e1jkert\u00e9sz","description":"Zeba N\u00f6v\u00e9nymester v\u00edzrakt\u00e1roz\u00f3 50g. Jav\u00edtja a talaj nedvess\u00e9gmegtart\u00f3 k\u00e9pess\u00e9g\u00e9t, cs\u00f6kkenti az \u00f6nt\u00f6z\u00e9si ig\u00e9nyt \u00e9s optimaliz\u00e1lja a n\u00f6v\u00e9nyek n\u00f6veked\u00e9s\u00e9t.","robots":{"index":"index","follow":"follow","max-snippet":"max-snippet:-1","max-image-preview":"max-image-preview:large","max-video-preview":"max-video-preview:-1"},"canonical":"https:\/\/tajkertesz.com\/en_US\/product\/zeba-novenymester-vizraktarozo-50g\/","og_locale":"en_US","og_type":"article","og_title":"Zeba N\u00f6v\u00e9nymester v\u00edzrakt\u00e1roz\u00f3 50g. - T\u00e1jkert\u00e9sz","og_description":"Zeba N\u00f6v\u00e9nymester v\u00edzrakt\u00e1roz\u00f3 50g. Jav\u00edtja a talaj nedvess\u00e9gmegtart\u00f3 k\u00e9pess\u00e9g\u00e9t, cs\u00f6kkenti az \u00f6nt\u00f6z\u00e9si ig\u00e9nyt \u00e9s optimaliz\u00e1lja a n\u00f6v\u00e9nyek n\u00f6veked\u00e9s\u00e9t.","og_url":"https:\/\/tajkertesz.com\/en_US\/product\/zeba-novenymester-vizraktarozo-50g\/","og_site_name":"T\u00e1jkert\u00e9sz","article_publisher":"https:\/\/www.facebook.com\/Tajkertesz\/","article_modified_time":"2026-02-13T09:09:34+00:00","og_image":[{"width":1414,"height":2000,"url":"https:\/\/tajkertesz.com\/wp-content\/uploads\/2024\/01\/zeba4001.jpg","type":"image\/jpeg"}],"twitter_card":"summary_large_image","twitter_misc":{"Est. reading time":"3 minutes"},"schema":{"@context":"https:\/\/schema.org","@graph":[{"@type":"WebPage","@id":"https:\/\/tajkertesz.com\/termek\/zeba-novenymester-vizraktarozo-50g\/","url":"https:\/\/tajkertesz.com\/termek\/zeba-novenymester-vizraktarozo-50g\/","name":"Zeba N\u00f6v\u00e9nymester v\u00edzrakt\u00e1roz\u00f3 50g. - T\u00e1jkert\u00e9sz","isPartOf":{"@id":"https:\/\/tajkertesz.com\/#website"},"primaryImageOfPage":{"@id":"https:\/\/tajkertesz.com\/termek\/zeba-novenymester-vizraktarozo-50g\/#primaryimage"},"image":{"@id":"https:\/\/tajkertesz.com\/termek\/zeba-novenymester-vizraktarozo-50g\/#primaryimage"},"thumbnailUrl":"https:\/\/tajkertesz.com\/wp-content\/uploads\/2024\/01\/zeba4001.jpg","datePublished":"2024-01-30T11:42:56+00:00","dateModified":"2026-02-13T09:09:34+00:00","description":"Zeba N\u00f6v\u00e9nymester v\u00edzrakt\u00e1roz\u00f3 50g. Jav\u00edtja a talaj nedvess\u00e9gmegtart\u00f3 k\u00e9pess\u00e9g\u00e9t, cs\u00f6kkenti az \u00f6nt\u00f6z\u00e9si ig\u00e9nyt \u00e9s optimaliz\u00e1lja a n\u00f6v\u00e9nyek n\u00f6veked\u00e9s\u00e9t.","breadcrumb":{"@id":"https:\/\/tajkertesz.com\/termek\/zeba-novenymester-vizraktarozo-50g\/#breadcrumb"},"inLanguage":"en-US","potentialAction":[{"@type":"ReadAction","target":["https:\/\/tajkertesz.com\/termek\/zeba-novenymester-vizraktarozo-50g\/"]}]},{"@type":"ImageObject","inLanguage":"en-US","@id":"https:\/\/tajkertesz.com\/termek\/zeba-novenymester-vizraktarozo-50g\/#primaryimage","url":"https:\/\/tajkertesz.com\/wp-content\/uploads\/2024\/01\/zeba4001.jpg","contentUrl":"https:\/\/tajkertesz.com\/wp-content\/uploads\/2024\/01\/zeba4001.jpg","width":1414,"height":2000},{"@type":"BreadcrumbList","@id":"https:\/\/tajkertesz.com\/termek\/zeba-novenymester-vizraktarozo-50g\/#breadcrumb","itemListElement":[{"@type":"ListItem","position":1,"name":"Home","item":"https:\/\/tajkertesz.com\/"},{"@type":"ListItem","position":2,"name":"Kezd\u0151lap","item":"https:\/\/tajkertesz.com\/"},{"@type":"ListItem","position":3,"name":"Zeba N\u00f6v\u00e9nymester v\u00edzrakt\u00e1roz\u00f3 50g."}]},{"@type":"WebSite","@id":"https:\/\/tajkertesz.com\/#website","url":"https:\/\/tajkertesz.com\/","name":"T\u00e1j-Kert\u00e9sz 84 Kft.","description":"Kert\u00e9szeti kis- \u00e9s nagykeresked\u00e9s, D\u00edszn\u00f6v\u00e9ny web\u00e1ruh\u00e1z orsz\u00e1gos h\u00e1zhozsz\u00e1ll\u00edt\u00e1ssal!","publisher":{"@id":"https:\/\/tajkertesz.com\/#organization"},"potentialAction":[{"@type":"SearchAction","target":{"@type":"EntryPoint","urlTemplate":"https:\/\/tajkertesz.com\/?s={search_term_string}"},"query-input":{"@type":"PropertyValueSpecification","valueRequired":true,"valueName":"search_term_string"}}],"inLanguage":"en-US"},{"@type":"Organization","@id":"https:\/\/tajkertesz.com\/#organization","name":"T\u00e1j-Kert\u00e9sz 84 Kft.","url":"https:\/\/tajkertesz.com\/","logo":{"@type":"ImageObject","inLanguage":"en-US","@id":"https:\/\/tajkertesz.com\/#\/schema\/logo\/image\/","url":"https:\/\/tajkertesz.com\/wp-content\/uploads\/2018\/02\/logo-2-e1518678052539.png","contentUrl":"https:\/\/tajkertesz.com\/wp-content\/uploads\/2018\/02\/logo-2-e1518678052539.png","width":81,"height":140,"caption":"T\u00e1j-Kert\u00e9sz 84 Kft."},"image":{"@id":"https:\/\/tajkertesz.com\/#\/schema\/logo\/image\/"},"sameAs":["https:\/\/www.facebook.com\/Tajkertesz\/"]}]}},"_links":{"self":[{"href":"https:\/\/tajkertesz.com\/en_US\/wp-json\/wp\/v2\/product\/18949","targetHints":{"allow":["GET"]}}],"collection":[{"href":"https:\/\/tajkertesz.com\/en_US\/wp-json\/wp\/v2\/product"}],"about":[{"href":"https:\/\/tajkertesz.com\/en_US\/wp-json\/wp\/v2\/types\/product"}],"wp:featuredmedia":[{"embeddable":true,"href":"https:\/\/tajkertesz.com\/en_US\/wp-json\/wp\/v2\/media\/18950"}],"wp:attachment":[{"href":"https:\/\/tajkertesz.com\/en_US\/wp-json\/wp\/v2\/media?parent=18949"}],"wp:term":[{"taxonomy":"product_brand","embeddable":true,"href":"https:\/\/tajkertesz.com\/en_US\/wp-json\/wp\/v2\/product_brand?post=18949"},{"taxonomy":"product_cat","embeddable":true,"href":"https:\/\/tajkertesz.com\/en_US\/wp-json\/wp\/v2\/product_cat?post=18949"},{"taxonomy":"product_tag","embeddable":true,"href":"https:\/\/tajkertesz.com\/en_US\/wp-json\/wp\/v2\/product_tag?post=18949"}],"curies":[{"name":"wp","href":"https:\/\/api.w.org\/{rel}","templated":true}]}}