{"id":18954,"date":"2024-01-30T12:04:08","date_gmt":"2024-01-30T12:04:08","guid":{"rendered":"https:\/\/tajkertesz.com\/?post_type=product&#038;p=18954"},"modified":"2026-02-13T09:09:16","modified_gmt":"2026-02-13T09:09:16","slug":"alfa-solo-01l-gombaolo-permetezoszer","status":"publish","type":"product","link":"https:\/\/tajkertesz.com\/en_US\/product\/alfa-solo-01l-gombaolo-permetezoszer\/","title":{"rendered":"Alfa Solo 0,1L gomba\u00f6l\u0151 permetez\u0151szer"},"content":{"rendered":"<h2>Alfa Solo 0,1L gomba\u00f6l\u0151 permetez\u0151szer<\/h2>\n<p>Alfa Solo 0,1L gomba\u00f6l\u0151 permetez\u0151szer<\/p>\n<h2>Param\u00e9terei<\/h2>\n<p style=\"font-weight: 400;\"><b><em>Formul\u00e1ci\u00f3<\/em><\/b>: EC, emulzi\u00f3k\u00e9pz\u0151 foly\u00e9kony permetez\u0151szer<\/p>\n<p style=\"font-weight: 400;\"><b><em>Kiszerel\u00e9s<\/em><\/b>: 0,1 liter<\/p>\n<p style=\"font-weight: 400;\"><b><em>Gy\u0171jt\u0151 csomagol\u00e1s<\/em><\/b>: nem<\/p>\n<p style=\"font-weight: 400;\"><b><em>Eltarthat\u00f3s\u00e1g<\/em><\/b>: 3 \u00e9v<\/p>\n<p style=\"font-weight: 400;\"><b><em>Forgalmaz\u00e1si kateg\u00f3ria<\/em><\/b>: III<\/p>\n<h2><i>R\u00f6vid ismertet\u00e9se<\/i><\/h2>\n<p>Gomba\u00f6l\u0151 permetez\u0151 szer lisztharmat, varasod\u00e1s, rozsdabetegs\u00e9gek, \u00e9s lev\u00e9llikaszt\u00f3 betegs\u00e9gek kezel\u00e9s\u00e9re. Az Alfa Solo azonos a Score 250EC gomba\u00f6l\u0151 szerrel. Emulzi\u00f3k\u00e9pz\u0151 koncentr\u00e1tum.<\/p>\n<p><strong><span class=\"autohelp\" style=\"box-sizing: border-box; color: #0ca4d6; cursor: pointer;\">Adagol\u00e1sa<\/span>\u00a0h\u00e1zikertben:<\/strong>\u00a01 ampulla (3ml) 10 liter v\u00edzhez.<br \/>\n<strong>Hat\u00f3anyaga:\u00a0<\/strong>difenokonazol (250g\/l, 25,0%m\/m)<\/p>\n<p><strong>Alm\u00e1ban:<\/strong>\u00a0lisztharmat, almafavarasod\u00e1s<\/p>\n<ul>\n<li>Kezel\u00e9sek maxim\u00e1lis sz\u00e1ma: 4,<\/li>\n<li>K\u00e9t kezel\u00e9s k\u00f6zt eltelt minim\u00e1lis id\u0151tartam: 8 nap<\/li>\n<li>Kezel\u00e9s ideje: pirosbimb\u00f3s \u00e1llapott\u00f3l (2-3cm) a fel\u00e1ll\u00f3, di\u00f3 nagys\u00e1g\u00fa gy\u00fcm\u00f6lcs\u00f6k kialakul\u00e1s\u00e1ig.<\/li>\n<\/ul>\n<p><strong>K\u00f6rte:\u00a0<\/strong>k\u00f6rtevarasod\u00e1s, k\u00f6rterozsda<\/p>\n<ul>\n<li>Kezel\u00e9sek maxim\u00e1lis sz\u00e1ma: 4,<\/li>\n<li>K\u00e9t kezel\u00e9s k\u00f6zt eltelt minim\u00e1lis id\u0151tartam: 8 nap<\/li>\n<li>Kezel\u00e9s ideje: feh\u00e9rbimb\u00f3s \u00e1llapott\u00f3l (2-3cm) a fel\u00e1ll\u00f3, di\u00f3 nagys\u00e1g\u00fa gy\u00fcm\u00f6lcs\u00f6k kialakul\u00e1s\u00e1ig.<\/li>\n<\/ul>\n<p><strong>\u0150szibarack:\u00a0<\/strong>tafrin\u00e1s lev\u00e9lfodrosod\u00e1s, lisztharmat, lev\u00e9llikaszt\u00f3 betegs\u00e9g<\/p>\n<ul>\n<li>Kezel\u00e9sek maxim\u00e1lis sz\u00e1ma: 3,<\/li>\n<li>K\u00e9t kezel\u00e9s k\u00f6zt eltelt minim\u00e1lis id\u0151tartam: 8 nap<\/li>\n<li>Kezel\u00e9s ideje: r\u00fcgypattan\u00e1st\u00f3l gy\u00fcm\u00f6lcsn\u00f6veked\u00e9sig.<\/li>\n<\/ul>\n<p>Alm\u00e1ban \u00e9s k\u00f6rt\u00e9ben varasod\u00e1s \u00e9s lisztharmat ellen a kezel\u00e9seket az el\u0151rejelz\u00e9sre alapozva, a n\u00f6v\u00e9ny piros bimb\u00f3s \u00e1llapot\u00e1t\u00f3l a gy\u00fcm\u00f6lcs\u00f6k z\u00f6ld di\u00f3 nagys\u00e1gig terjed\u0151 id\u0151szakban kell elv\u00e9gezni. \u00c1ltal\u00e1ban 3-4 alkalommal, a fert\u0151z\u00e9s vesz\u00e9lyhelyzet\u00e9t\u0151l f\u00fcgg\u0151en, 8-14 naponk\u00e9nt sz\u00fcks\u00e9ges permetezni. A k\u00e9sz\u00edtm\u00e9ny kurat\u00edv hat\u00e1sa a fert\u0151z\u00e9st\u0151l sz\u00e1m\u00edtott 96 \u00f3ra. \u0150szibarackban tafrin\u00e1s lev\u00e9lfodrosod\u00e1s ellen, r\u00fcgypattan\u00e1s ut\u00e1n \u00e1ltal\u00e1ban 2-3 kezel\u00e9s indokolt. A k\u00e9sz\u00edtm\u00e9ny l\u00e9gi \u00faton nem juttathat\u00f3 ki.<\/p>\n<h2>El\u0151nyei<\/h2>\n<p style=\"font-weight: 400;\">Kiemelked\u0151 hat\u00e9konys\u00e1g az almavarasod\u00e1s ellen<\/p>\n<p style=\"font-weight: 400;\"><a href=\"https:\/\/novenyvedoszer.nebih.gov.hu\/Engedelykereso\/kereso\">https:\/\/novenyvedoszer.nebih.gov.hu\/Engedelykereso\/kereso<\/a><\/p>\n<p style=\"font-weight: 400;\"><i>Ez a term\u00e9kle\u00edr\u00e1s t\u00e1j\u00e9koztat\u00f3 jelleg\u0171, a k\u00e9sz\u00edtm\u00e9ny felhaszn\u00e1l\u00e1sa el\u0151tt olvassa el a c\u00edmk\u00e9ken tal\u00e1lhat\u00f3 haszn\u00e1lati utas\u00edt\u00e1st!<\/i><\/p>\n<p>El\u00e9rhet\u0151 t\u00f6bbf\u00e9le m\u00e9retben \u00e9s \u00e1rban.<\/p>\n<p><strong>K\u00e9szlet\u00fcnk napi szinten v\u00e1ltozik, ez\u00e9rt k\u00e9rj\u00fck, \u00e9rdekl\u0151dj\u00f6n szem\u00e9lyesen, telefonon vagy email-en.<br \/>\nA v\u00e1ltoztat\u00e1s jog\u00e1t fenntartjuk!\u00a0<\/strong><\/p>\n<p><a href=\"https:\/\/tajkertesz.com\/\">https:\/\/tajkertesz.com\/<\/a><\/p>\n<p><a href=\"https:\/\/www.facebook.com\/tajkertesz\/\">https:\/\/www.facebook.com\/tajkertesz\/<\/a><\/p>\n<p>Kisz\u00e1ll\u00edt\u00e1s: 200cm-ig \u00a0\u00e9s 40 kg-ig a sz\u00e1ll\u00edt\u00e1s fut\u00e1rszolg\u00e1lattal \u00a0t\u00f6rt\u00e9nik.<\/p>\n<p>Szem\u00e9lyes \u00e1tv\u00e9tel nyitvatart\u00e1si id\u0151ben a 17. ker\u00fclet Bakancsos utca 7. sz\u00e1m alatti Kert\u00e9szeti \u00e1rud\u00e1ban.<\/p>","protected":false},"excerpt":{"rendered":"<h2>Alfa Solo 0,1L gomba\u00f6l\u0151 permetez\u0151szer<\/h2>\n<p>&nbsp;<\/p>\n<p><strong>K\u00e9szlet\u00fcnk napi szinten v\u00e1ltozik, ez\u00e9rt k\u00e9rj\u00fck, \u00e9rdekl\u0151dj\u00f6n szem\u00e9lyesen, telefonon vagy email-en.<br \/>\nA v\u00e1ltoztat\u00e1s jog\u00e1t fenntartjuk!\u00a0<\/strong><\/p>","protected":false},"featured_media":18956,"template":"","meta":{"_et_pb_use_builder":"","_et_pb_old_content":"","_et_gb_content_width":""},"product_brand":[],"product_cat":[3421],"product_tag":[4768,4769,4740,4752],"class_list":{"0":"post-18954","1":"product","2":"type-product","3":"status-publish","4":"has-post-thumbnail","6":"product_cat-gombaolo-szer","7":"product_tag-alfa-solo","8":"product_tag-csore","9":"product_tag-gombaolo","10":"product_tag-permetezoszer","12":"first","13":"instock","14":"shipping-taxable","15":"purchasable","16":"product-type-simple"},"yoast_head":"<!-- This site is optimized with the Yoast SEO plugin v27.5 - https:\/\/yoast.com\/product\/yoast-seo-wordpress\/ -->\n<title>Alfa Solo 0,1L gomba\u00f6l\u0151 permetez\u0151szer - T\u00e1jkert\u00e9sz<\/title>\n<meta name=\"description\" content=\"Alfa Solo 0,1L gomba\u00f6l\u0151 permetez\u0151szer. Gomba\u00f6l\u0151 permetez\u0151 szer lisztharmat, varasod\u00e1s, rozsdabetegs\u00e9gek, \u00e9s lev\u00e9llikaszt\u00f3 betegs\u00e9gek kezel\u00e9s\u00e9re.\" \/>\n<meta name=\"robots\" content=\"index, follow, max-snippet:-1, max-image-preview:large, max-video-preview:-1\" \/>\n<link rel=\"canonical\" href=\"https:\/\/tajkertesz.com\/en_US\/product\/alfa-solo-01l-gombaolo-permetezoszer\/\" \/>\n<meta property=\"og:locale\" content=\"en_US\" \/>\n<meta property=\"og:type\" content=\"article\" \/>\n<meta property=\"og:title\" content=\"Alfa Solo 0,1L gomba\u00f6l\u0151 permetez\u0151szer - T\u00e1jkert\u00e9sz\" \/>\n<meta property=\"og:description\" content=\"Alfa Solo 0,1L gomba\u00f6l\u0151 permetez\u0151szer. Gomba\u00f6l\u0151 permetez\u0151 szer lisztharmat, varasod\u00e1s, rozsdabetegs\u00e9gek, \u00e9s lev\u00e9llikaszt\u00f3 betegs\u00e9gek kezel\u00e9s\u00e9re.\" \/>\n<meta property=\"og:url\" content=\"https:\/\/tajkertesz.com\/en_US\/product\/alfa-solo-01l-gombaolo-permetezoszer\/\" \/>\n<meta property=\"og:site_name\" content=\"T\u00e1jkert\u00e9sz\" \/>\n<meta property=\"article:publisher\" content=\"https:\/\/www.facebook.com\/Tajkertesz\/\" \/>\n<meta property=\"article:modified_time\" content=\"2026-02-13T09:09:16+00:00\" \/>\n<meta property=\"og:image\" content=\"https:\/\/tajkertesz.com\/wp-content\/uploads\/2024\/01\/alfa3801.jpg\" \/>\n\t<meta property=\"og:image:width\" content=\"940\" \/>\n\t<meta property=\"og:image:height\" content=\"788\" \/>\n\t<meta property=\"og:image:type\" content=\"image\/jpeg\" \/>\n<meta name=\"twitter:card\" content=\"summary_large_image\" \/>\n<meta name=\"twitter:label1\" content=\"Est. reading time\" \/>\n\t<meta name=\"twitter:data1\" content=\"2 minutes\" \/>\n<script type=\"application\/ld+json\" class=\"yoast-schema-graph\">{\"@context\":\"https:\\\/\\\/schema.org\",\"@graph\":[{\"@type\":\"WebPage\",\"@id\":\"https:\\\/\\\/tajkertesz.com\\\/termek\\\/alfa-solo-01l-gombaolo-permetezoszer\\\/\",\"url\":\"https:\\\/\\\/tajkertesz.com\\\/termek\\\/alfa-solo-01l-gombaolo-permetezoszer\\\/\",\"name\":\"Alfa Solo 0,1L gomba\u00f6l\u0151 permetez\u0151szer - T\u00e1jkert\u00e9sz\",\"isPartOf\":{\"@id\":\"https:\\\/\\\/tajkertesz.com\\\/#website\"},\"primaryImageOfPage\":{\"@id\":\"https:\\\/\\\/tajkertesz.com\\\/termek\\\/alfa-solo-01l-gombaolo-permetezoszer\\\/#primaryimage\"},\"image\":{\"@id\":\"https:\\\/\\\/tajkertesz.com\\\/termek\\\/alfa-solo-01l-gombaolo-permetezoszer\\\/#primaryimage\"},\"thumbnailUrl\":\"https:\\\/\\\/tajkertesz.com\\\/wp-content\\\/uploads\\\/2024\\\/01\\\/alfa3801.jpg\",\"datePublished\":\"2024-01-30T12:04:08+00:00\",\"dateModified\":\"2026-02-13T09:09:16+00:00\",\"description\":\"Alfa Solo 0,1L gomba\u00f6l\u0151 permetez\u0151szer. Gomba\u00f6l\u0151 permetez\u0151 szer lisztharmat, varasod\u00e1s, rozsdabetegs\u00e9gek, \u00e9s lev\u00e9llikaszt\u00f3 betegs\u00e9gek kezel\u00e9s\u00e9re.\",\"breadcrumb\":{\"@id\":\"https:\\\/\\\/tajkertesz.com\\\/termek\\\/alfa-solo-01l-gombaolo-permetezoszer\\\/#breadcrumb\"},\"inLanguage\":\"en-US\",\"potentialAction\":[{\"@type\":\"ReadAction\",\"target\":[\"https:\\\/\\\/tajkertesz.com\\\/termek\\\/alfa-solo-01l-gombaolo-permetezoszer\\\/\"]}]},{\"@type\":\"ImageObject\",\"inLanguage\":\"en-US\",\"@id\":\"https:\\\/\\\/tajkertesz.com\\\/termek\\\/alfa-solo-01l-gombaolo-permetezoszer\\\/#primaryimage\",\"url\":\"https:\\\/\\\/tajkertesz.com\\\/wp-content\\\/uploads\\\/2024\\\/01\\\/alfa3801.jpg\",\"contentUrl\":\"https:\\\/\\\/tajkertesz.com\\\/wp-content\\\/uploads\\\/2024\\\/01\\\/alfa3801.jpg\",\"width\":940,\"height\":788},{\"@type\":\"BreadcrumbList\",\"@id\":\"https:\\\/\\\/tajkertesz.com\\\/termek\\\/alfa-solo-01l-gombaolo-permetezoszer\\\/#breadcrumb\",\"itemListElement\":[{\"@type\":\"ListItem\",\"position\":1,\"name\":\"Home\",\"item\":\"https:\\\/\\\/tajkertesz.com\\\/\"},{\"@type\":\"ListItem\",\"position\":2,\"name\":\"Kezd\u0151lap\",\"item\":\"https:\\\/\\\/tajkertesz.com\\\/\"},{\"@type\":\"ListItem\",\"position\":3,\"name\":\"Alfa Solo 0,1L gomba\u00f6l\u0151 permetez\u0151szer\"}]},{\"@type\":\"WebSite\",\"@id\":\"https:\\\/\\\/tajkertesz.com\\\/#website\",\"url\":\"https:\\\/\\\/tajkertesz.com\\\/\",\"name\":\"T\u00e1j-Kert\u00e9sz 84 Kft.\",\"description\":\"Kert\u00e9szeti kis- \u00e9s nagykeresked\u00e9s, D\u00edszn\u00f6v\u00e9ny web\u00e1ruh\u00e1z orsz\u00e1gos h\u00e1zhozsz\u00e1ll\u00edt\u00e1ssal!\",\"publisher\":{\"@id\":\"https:\\\/\\\/tajkertesz.com\\\/#organization\"},\"potentialAction\":[{\"@type\":\"SearchAction\",\"target\":{\"@type\":\"EntryPoint\",\"urlTemplate\":\"https:\\\/\\\/tajkertesz.com\\\/?s={search_term_string}\"},\"query-input\":{\"@type\":\"PropertyValueSpecification\",\"valueRequired\":true,\"valueName\":\"search_term_string\"}}],\"inLanguage\":\"en-US\"},{\"@type\":\"Organization\",\"@id\":\"https:\\\/\\\/tajkertesz.com\\\/#organization\",\"name\":\"T\u00e1j-Kert\u00e9sz 84 Kft.\",\"url\":\"https:\\\/\\\/tajkertesz.com\\\/\",\"logo\":{\"@type\":\"ImageObject\",\"inLanguage\":\"en-US\",\"@id\":\"https:\\\/\\\/tajkertesz.com\\\/#\\\/schema\\\/logo\\\/image\\\/\",\"url\":\"https:\\\/\\\/tajkertesz.com\\\/wp-content\\\/uploads\\\/2018\\\/02\\\/logo-2-e1518678052539.png\",\"contentUrl\":\"https:\\\/\\\/tajkertesz.com\\\/wp-content\\\/uploads\\\/2018\\\/02\\\/logo-2-e1518678052539.png\",\"width\":81,\"height\":140,\"caption\":\"T\u00e1j-Kert\u00e9sz 84 Kft.\"},\"image\":{\"@id\":\"https:\\\/\\\/tajkertesz.com\\\/#\\\/schema\\\/logo\\\/image\\\/\"},\"sameAs\":[\"https:\\\/\\\/www.facebook.com\\\/Tajkertesz\\\/\"]}]}<\/script>\n<!-- \/ Yoast SEO plugin. -->","yoast_head_json":{"title":"Alfa Solo 0,1L gomba\u00f6l\u0151 permetez\u0151szer - T\u00e1jkert\u00e9sz","description":"Alfa Solo 0,1L gomba\u00f6l\u0151 permetez\u0151szer. Gomba\u00f6l\u0151 permetez\u0151 szer lisztharmat, varasod\u00e1s, rozsdabetegs\u00e9gek, \u00e9s lev\u00e9llikaszt\u00f3 betegs\u00e9gek kezel\u00e9s\u00e9re.","robots":{"index":"index","follow":"follow","max-snippet":"max-snippet:-1","max-image-preview":"max-image-preview:large","max-video-preview":"max-video-preview:-1"},"canonical":"https:\/\/tajkertesz.com\/en_US\/product\/alfa-solo-01l-gombaolo-permetezoszer\/","og_locale":"en_US","og_type":"article","og_title":"Alfa Solo 0,1L gomba\u00f6l\u0151 permetez\u0151szer - T\u00e1jkert\u00e9sz","og_description":"Alfa Solo 0,1L gomba\u00f6l\u0151 permetez\u0151szer. Gomba\u00f6l\u0151 permetez\u0151 szer lisztharmat, varasod\u00e1s, rozsdabetegs\u00e9gek, \u00e9s lev\u00e9llikaszt\u00f3 betegs\u00e9gek kezel\u00e9s\u00e9re.","og_url":"https:\/\/tajkertesz.com\/en_US\/product\/alfa-solo-01l-gombaolo-permetezoszer\/","og_site_name":"T\u00e1jkert\u00e9sz","article_publisher":"https:\/\/www.facebook.com\/Tajkertesz\/","article_modified_time":"2026-02-13T09:09:16+00:00","og_image":[{"width":940,"height":788,"url":"https:\/\/tajkertesz.com\/wp-content\/uploads\/2024\/01\/alfa3801.jpg","type":"image\/jpeg"}],"twitter_card":"summary_large_image","twitter_misc":{"Est. reading time":"2 minutes"},"schema":{"@context":"https:\/\/schema.org","@graph":[{"@type":"WebPage","@id":"https:\/\/tajkertesz.com\/termek\/alfa-solo-01l-gombaolo-permetezoszer\/","url":"https:\/\/tajkertesz.com\/termek\/alfa-solo-01l-gombaolo-permetezoszer\/","name":"Alfa Solo 0,1L gomba\u00f6l\u0151 permetez\u0151szer - T\u00e1jkert\u00e9sz","isPartOf":{"@id":"https:\/\/tajkertesz.com\/#website"},"primaryImageOfPage":{"@id":"https:\/\/tajkertesz.com\/termek\/alfa-solo-01l-gombaolo-permetezoszer\/#primaryimage"},"image":{"@id":"https:\/\/tajkertesz.com\/termek\/alfa-solo-01l-gombaolo-permetezoszer\/#primaryimage"},"thumbnailUrl":"https:\/\/tajkertesz.com\/wp-content\/uploads\/2024\/01\/alfa3801.jpg","datePublished":"2024-01-30T12:04:08+00:00","dateModified":"2026-02-13T09:09:16+00:00","description":"Alfa Solo 0,1L gomba\u00f6l\u0151 permetez\u0151szer. Gomba\u00f6l\u0151 permetez\u0151 szer lisztharmat, varasod\u00e1s, rozsdabetegs\u00e9gek, \u00e9s lev\u00e9llikaszt\u00f3 betegs\u00e9gek kezel\u00e9s\u00e9re.","breadcrumb":{"@id":"https:\/\/tajkertesz.com\/termek\/alfa-solo-01l-gombaolo-permetezoszer\/#breadcrumb"},"inLanguage":"en-US","potentialAction":[{"@type":"ReadAction","target":["https:\/\/tajkertesz.com\/termek\/alfa-solo-01l-gombaolo-permetezoszer\/"]}]},{"@type":"ImageObject","inLanguage":"en-US","@id":"https:\/\/tajkertesz.com\/termek\/alfa-solo-01l-gombaolo-permetezoszer\/#primaryimage","url":"https:\/\/tajkertesz.com\/wp-content\/uploads\/2024\/01\/alfa3801.jpg","contentUrl":"https:\/\/tajkertesz.com\/wp-content\/uploads\/2024\/01\/alfa3801.jpg","width":940,"height":788},{"@type":"BreadcrumbList","@id":"https:\/\/tajkertesz.com\/termek\/alfa-solo-01l-gombaolo-permetezoszer\/#breadcrumb","itemListElement":[{"@type":"ListItem","position":1,"name":"Home","item":"https:\/\/tajkertesz.com\/"},{"@type":"ListItem","position":2,"name":"Kezd\u0151lap","item":"https:\/\/tajkertesz.com\/"},{"@type":"ListItem","position":3,"name":"Alfa Solo 0,1L gomba\u00f6l\u0151 permetez\u0151szer"}]},{"@type":"WebSite","@id":"https:\/\/tajkertesz.com\/#website","url":"https:\/\/tajkertesz.com\/","name":"T\u00e1j-Kert\u00e9sz 84 Kft.","description":"Kert\u00e9szeti kis- \u00e9s nagykeresked\u00e9s, D\u00edszn\u00f6v\u00e9ny web\u00e1ruh\u00e1z orsz\u00e1gos h\u00e1zhozsz\u00e1ll\u00edt\u00e1ssal!","publisher":{"@id":"https:\/\/tajkertesz.com\/#organization"},"potentialAction":[{"@type":"SearchAction","target":{"@type":"EntryPoint","urlTemplate":"https:\/\/tajkertesz.com\/?s={search_term_string}"},"query-input":{"@type":"PropertyValueSpecification","valueRequired":true,"valueName":"search_term_string"}}],"inLanguage":"en-US"},{"@type":"Organization","@id":"https:\/\/tajkertesz.com\/#organization","name":"T\u00e1j-Kert\u00e9sz 84 Kft.","url":"https:\/\/tajkertesz.com\/","logo":{"@type":"ImageObject","inLanguage":"en-US","@id":"https:\/\/tajkertesz.com\/#\/schema\/logo\/image\/","url":"https:\/\/tajkertesz.com\/wp-content\/uploads\/2018\/02\/logo-2-e1518678052539.png","contentUrl":"https:\/\/tajkertesz.com\/wp-content\/uploads\/2018\/02\/logo-2-e1518678052539.png","width":81,"height":140,"caption":"T\u00e1j-Kert\u00e9sz 84 Kft."},"image":{"@id":"https:\/\/tajkertesz.com\/#\/schema\/logo\/image\/"},"sameAs":["https:\/\/www.facebook.com\/Tajkertesz\/"]}]}},"_links":{"self":[{"href":"https:\/\/tajkertesz.com\/en_US\/wp-json\/wp\/v2\/product\/18954","targetHints":{"allow":["GET"]}}],"collection":[{"href":"https:\/\/tajkertesz.com\/en_US\/wp-json\/wp\/v2\/product"}],"about":[{"href":"https:\/\/tajkertesz.com\/en_US\/wp-json\/wp\/v2\/types\/product"}],"wp:featuredmedia":[{"embeddable":true,"href":"https:\/\/tajkertesz.com\/en_US\/wp-json\/wp\/v2\/media\/18956"}],"wp:attachment":[{"href":"https:\/\/tajkertesz.com\/en_US\/wp-json\/wp\/v2\/media?parent=18954"}],"wp:term":[{"taxonomy":"product_brand","embeddable":true,"href":"https:\/\/tajkertesz.com\/en_US\/wp-json\/wp\/v2\/product_brand?post=18954"},{"taxonomy":"product_cat","embeddable":true,"href":"https:\/\/tajkertesz.com\/en_US\/wp-json\/wp\/v2\/product_cat?post=18954"},{"taxonomy":"product_tag","embeddable":true,"href":"https:\/\/tajkertesz.com\/en_US\/wp-json\/wp\/v2\/product_tag?post=18954"}],"curies":[{"name":"wp","href":"https:\/\/api.w.org\/{rel}","templated":true}]}}