{"id":18970,"date":"2024-01-30T14:03:01","date_gmt":"2024-01-30T14:03:01","guid":{"rendered":"https:\/\/tajkertesz.com\/?post_type=product&#038;p=18970"},"modified":"2026-02-13T09:08:29","modified_gmt":"2026-02-13T09:08:29","slug":"picador-08-mg-1000g","status":"publish","type":"product","link":"https:\/\/tajkertesz.com\/en_US\/product\/picador-08-mg-1000g\/","title":{"rendered":"Picador 0,8 MG 1000g"},"content":{"rendered":"<h1 class=\"product-detail-name\">Picador 0,8 MG 1000g<\/h1>\n<p class=\"product-detail-name\">Picador 0,8 MG 1000g<\/p>\n<div class=\"product-detail-title-after\">\n<div class=\"product-detail-manufacturer-wrap\">\n<p>H\u00e1zikerti felhaszn\u00e1l\u00e1s:12 g\/10 m2<\/p>\n<p>Hat\u00f3anyag: cipermetrin (HPLC\/UV) 0,8 \u00b1 0,2 %(m\/m)<br \/>\nGy\u00e1rt\u00f3\/Hazai k\u00e9pviselet: SBM FORMULATION<\/p>\n<p>M\u00e9hvesz\u00e9lyess\u00e9g: nem jel\u00f6l\u00e9sk\u00f6teles<\/p>\n<p>V\u00edzi vesz\u00e9lyess\u00e9g: kifejezetten vesz\u00e9lyes<br \/>\nT\u0171zvesz\u00e9lyess\u00e9g: nem jel\u00f6l\u00e9sk\u00f6teles<\/p>\n<p>Kukoric\u00e1ban \u00e9s napraforg\u00f3ban, burgony\u00e1ban, cukorr\u00e9p\u00e1ban, paradicsomban, k\u00e1posztaf\u00e9l\u00e9kben (fejes k\u00e1poszta, kelk\u00e1poszta, v\u00f6r\u00f6sk\u00e1poszta) \u00e9s gy\u00f6k\u00e9rz\u00f6lds\u00e9gekben (s\u00e1rgar\u00e9pa, petrezselyem, pasztin\u00e1k, gum\u00f3s zeller, c\u00e9kla, torma) a vet\u00e9ssel egy menetben vagy a vet\u00e9s el\u0151tt kell a rovar\u00f6l\u0151 talajfert\u0151tlen\u00edt\u0151 szert kijuttatni \u00e9s a talajba dolgozni.<br \/>\nA vet\u00e9s sor\u00e1n biztos\u00edtani kell a granul\u00e1tumok talajjal val\u00f3 teljes fedetts\u00e9g\u00e9t, a talaj felsz\u00edn\u00e9re sz\u00f3r\u00f3dott granul\u00e1tumok marad\u00e9ktalan \u00f6sszegy\u0171jt\u00e9s\u00e9t \u00e9s elt\u00e1vol\u00edt\u00e1s\u00e1t.<br \/>\nA k\u00e9sz\u00edtm\u00e9ny egy veget\u00e1ci\u00f3s id\u0151szakban csak egy alkalommal haszn\u00e1lhat\u00f3!<br \/>\nHat\u00e1smechanizmus: A term\u00e9kben l\u00e9v\u0151, piretroidok k\u00f6z\u00e9 tartoz\u00f3 cipermetrin az azonnali, gyors tagl\u00f3z\u00f3 hat\u00e1st biztos\u00edtja az idegsejtek inger\u00fclet tov\u00e1bbad\u00e1s\u00e1nak megakad\u00e1lyoz\u00e1s\u00e1val. A hat\u00f3anyag mikrogranul\u00e1tum form\u00e1ban ker\u00fcl a mag\u00e1rokba, \u00edgy biztos\u00edtja a vet\u0151mag hossz\u00fat\u00e1v\u00fa v\u00e9delm\u00e9t. Egyedi formul\u00e1ci\u00f3j\u00e1nak k\u00f6sz\u00f6nhet\u0151en a hat\u00f3anyag kev\u00e9sb\u00e9 mobil a talajban, \u00edgy a mag k\u00f6rny\u00e9k\u00e9n tudja kifejteni rovar\u00f6l\u0151 hat\u00e1s\u00e1t.<br \/>\nA cipermetrin hat\u00f3anyag k\u00edm\u00e9l\u0151bb hat\u00e1ssal rendelkezik a talajban l\u00e9v\u0151 hasznos \u00e9l\u0151 szervezetekre pl. f\u00f6ldigiliszta.<\/p>\n<\/div>\n<\/div>\n<p align=\"justify\"><a href=\"https:\/\/www.facebook.com\/tajkertesz\">https:\/\/www.facebook.com\/tajkertesz<\/a><\/p>\n<p align=\"justify\"><a href=\"http:\/\/www.tajkertesz.hu\">http:\/\/www.tajkertesz.hu<\/a><\/p>\n<p align=\"justify\"><a href=\"https:\/\/tajkertesz.com\/wp-content\/uploads\/2021\/12\/Picador_201504201.pdf\">Picador_201504201<\/a><\/p>\n<h3 align=\"justify\">Kiz\u00e1r\u00f3lag szem\u00e9lyes \u00e1tv\u00e9tellel lehets\u00e9ges a term\u00e9k megv\u00e1s\u00e1rl\u00e1sa!<\/h3>\n<p align=\"justify\"><span style=\"color: #ffffff;\">A k\u00e9sz\u00edtm\u00e9nyt a gyep ny\u00edr\u00e1s\u00e1t k\u00f6vet\u0151en, a k\u00e9tszik\u0171 gyomn\u00f6v\u00e9nyek n\u00f6veked\u00e9s\u00e9nek \u00fajb\u00f3li megindul\u00e1sa ut\u00e1n kell kijuttatni 10 l\/ha (100 ml \/ 100 m2) d\u00f3zisban. A kijuttat\u00e1shoz sz\u00fcks\u00e9ges v\u00edzmennyis\u00e9g 10 l \/ 100 m2. A kezel\u00e9sn\u00e9l \u00fcgyelni kell arra, hogy a permetl\u00e9 kult\u00farn\u00f6v\u00e9nyekre ne ker\u00fclj\u00f6n, mert azokat maradand\u00f3an k\u00e1ros\u00edtja.<\/span><\/p>\n<p align=\"justify\"><span style=\"color: #ffffff;\">A k\u00e9sz\u00edtm\u00e9ny alkalmazhat\u00f3 foltkezel\u00e9s \u00e9s teljes fel\u00fcletkezel\u00e9s form\u00e1j\u00e1ban. Egy veget\u00e1ci\u00f3s szakaszban maximum k\u00e9t kezel\u00e9s v\u00e9gezhet\u0151.<\/span><\/p>\n<div align=\"justify\"><\/div>","protected":false},"excerpt":{"rendered":"<h2 class=\"product-detail-name\" style=\"text-align: left;\">Picador 0,8 MG 1000g<\/h2>\n<h2><i>R\u00f6vid ismertet\u00e9se<\/i><\/h2>\n<p style=\"font-weight: 400;\">Rovar\u00f6l\u0151 talajfert\u0151tlen\u00edt\u0151 szer.<\/p>\n<p style=\"font-weight: 400;\">Kukoric\u00e1ban \u00e9s napraforg\u00f3ban, burgony\u00e1ban, cukorr\u00e9p\u00e1ban, paradicsomban, k\u00e1posztaf\u00e9l\u00e9kben (fejesk\u00e1poszta, kelk\u00e1poszta, v\u00f6r\u00f6s k\u00e1poszta) \u00e9s gy\u00f6k\u00e9rz\u00f6lds\u00e9gekben (s\u00e1rgar\u00e9pa, petrezselyem, pasztin\u00e1k, gum\u00f3s zeller, c\u00e9kla, torma) a vet\u00e9s illetve \u00fcltet\u00e9s el\u0151 vagy azokkal egy menetben kell a rovar\u00f6l\u0151 talajfert\u0151tlen\u00edt\u0151 szert kijuttatni \u00e9s a talajba dolgozni. A vet\u00e9s sor\u00e1n biztos\u00edtani kell a granul\u00e1tumok talajjal val\u00f3 teljes fedetts\u00e9g\u00e9t, a talaj felsz\u00edn\u00e9re sz\u00f3r\u00f3dott granul\u00e1tumok marad\u00e9ktalan \u00f6sszegy\u0171jt\u00e9s\u00e9t \u00e9s elt\u00e1vol\u00edt\u00e1s\u00e1t. A k\u00e9sz\u00edtm\u00e9ny egy veget\u00e1ci\u00f3s id\u0151szakban csak egy alkalommal haszn\u00e1lhat\u00f3!<\/p>\n<h3 align=\"justify\">Kiz\u00e1r\u00f3lag szem\u00e9lyes \u00e1tv\u00e9tellel lehets\u00e9ges a term\u00e9k megv\u00e1s\u00e1rl\u00e1sa!<\/h3>\n<div class=\"product-detail-title-after\">\n<div class=\"product-detail-manufacturer-wrap\"><\/div>\n<\/div>","protected":false},"featured_media":18971,"template":"","meta":{"_et_pb_use_builder":"","_et_pb_old_content":"","_et_gb_content_width":""},"product_brand":[],"product_cat":[3546],"product_tag":[3548,3547,4135,4775],"class_list":{"0":"post-18970","1":"product","2":"type-product","3":"status-publish","4":"has-post-thumbnail","6":"product_cat-talajfertotlenito","7":"product_tag-8-mg-300g","8":"product_tag-picador-0","9":"product_tag-rovarolo","10":"product_tag-talajfertotlenito","12":"first","13":"outofstock","14":"shipping-taxable","15":"product-type-simple"},"yoast_head":"<!-- This site is optimized with the Yoast SEO plugin v27.4 - https:\/\/yoast.com\/product\/yoast-seo-wordpress\/ -->\n<title>Picador 0,8 MG 1000g - T\u00e1jkert\u00e9sz<\/title>\n<meta name=\"description\" content=\"Picador 0,8 MG 1000g. Rovar\u00f6l\u0151 talajfert\u0151tlen\u00edt\u0151 szer.\" \/>\n<meta name=\"robots\" content=\"index, follow, max-snippet:-1, max-image-preview:large, max-video-preview:-1\" \/>\n<link rel=\"canonical\" href=\"https:\/\/tajkertesz.com\/en_US\/product\/picador-08-mg-1000g\/\" \/>\n<meta property=\"og:locale\" content=\"en_US\" \/>\n<meta property=\"og:type\" content=\"article\" \/>\n<meta property=\"og:title\" content=\"Picador 0,8 MG 1000g - T\u00e1jkert\u00e9sz\" \/>\n<meta property=\"og:description\" content=\"Picador 0,8 MG 1000g. Rovar\u00f6l\u0151 talajfert\u0151tlen\u00edt\u0151 szer.\" \/>\n<meta property=\"og:url\" content=\"https:\/\/tajkertesz.com\/en_US\/product\/picador-08-mg-1000g\/\" \/>\n<meta property=\"og:site_name\" content=\"T\u00e1jkert\u00e9sz\" \/>\n<meta property=\"article:publisher\" content=\"https:\/\/www.facebook.com\/Tajkertesz\/\" \/>\n<meta property=\"article:modified_time\" content=\"2026-02-13T09:08:29+00:00\" \/>\n<meta property=\"og:image\" content=\"https:\/\/tajkertesz.com\/wp-content\/uploads\/2024\/01\/pica4201.jpg\" \/>\n\t<meta property=\"og:image:width\" content=\"940\" \/>\n\t<meta property=\"og:image:height\" content=\"788\" \/>\n\t<meta property=\"og:image:type\" content=\"image\/jpeg\" \/>\n<meta name=\"twitter:card\" content=\"summary_large_image\" \/>\n<meta name=\"twitter:label1\" content=\"Est. reading time\" \/>\n\t<meta name=\"twitter:data1\" content=\"2 minutes\" \/>\n<script type=\"application\/ld+json\" class=\"yoast-schema-graph\">{\"@context\":\"https:\\\/\\\/schema.org\",\"@graph\":[{\"@type\":\"WebPage\",\"@id\":\"https:\\\/\\\/tajkertesz.com\\\/termek\\\/picador-08-mg-1000g\\\/\",\"url\":\"https:\\\/\\\/tajkertesz.com\\\/termek\\\/picador-08-mg-1000g\\\/\",\"name\":\"Picador 0,8 MG 1000g - T\u00e1jkert\u00e9sz\",\"isPartOf\":{\"@id\":\"https:\\\/\\\/tajkertesz.com\\\/#website\"},\"primaryImageOfPage\":{\"@id\":\"https:\\\/\\\/tajkertesz.com\\\/termek\\\/picador-08-mg-1000g\\\/#primaryimage\"},\"image\":{\"@id\":\"https:\\\/\\\/tajkertesz.com\\\/termek\\\/picador-08-mg-1000g\\\/#primaryimage\"},\"thumbnailUrl\":\"https:\\\/\\\/tajkertesz.com\\\/wp-content\\\/uploads\\\/2024\\\/01\\\/pica4201.jpg\",\"datePublished\":\"2024-01-30T14:03:01+00:00\",\"dateModified\":\"2026-02-13T09:08:29+00:00\",\"description\":\"Picador 0,8 MG 1000g. Rovar\u00f6l\u0151 talajfert\u0151tlen\u00edt\u0151 szer.\",\"breadcrumb\":{\"@id\":\"https:\\\/\\\/tajkertesz.com\\\/termek\\\/picador-08-mg-1000g\\\/#breadcrumb\"},\"inLanguage\":\"en-US\",\"potentialAction\":[{\"@type\":\"ReadAction\",\"target\":[\"https:\\\/\\\/tajkertesz.com\\\/termek\\\/picador-08-mg-1000g\\\/\"]}]},{\"@type\":\"ImageObject\",\"inLanguage\":\"en-US\",\"@id\":\"https:\\\/\\\/tajkertesz.com\\\/termek\\\/picador-08-mg-1000g\\\/#primaryimage\",\"url\":\"https:\\\/\\\/tajkertesz.com\\\/wp-content\\\/uploads\\\/2024\\\/01\\\/pica4201.jpg\",\"contentUrl\":\"https:\\\/\\\/tajkertesz.com\\\/wp-content\\\/uploads\\\/2024\\\/01\\\/pica4201.jpg\",\"width\":940,\"height\":788},{\"@type\":\"BreadcrumbList\",\"@id\":\"https:\\\/\\\/tajkertesz.com\\\/termek\\\/picador-08-mg-1000g\\\/#breadcrumb\",\"itemListElement\":[{\"@type\":\"ListItem\",\"position\":1,\"name\":\"Home\",\"item\":\"https:\\\/\\\/tajkertesz.com\\\/\"},{\"@type\":\"ListItem\",\"position\":2,\"name\":\"Kezd\u0151lap\",\"item\":\"https:\\\/\\\/tajkertesz.com\\\/\"},{\"@type\":\"ListItem\",\"position\":3,\"name\":\"Picador 0,8 MG 1000g\"}]},{\"@type\":\"WebSite\",\"@id\":\"https:\\\/\\\/tajkertesz.com\\\/#website\",\"url\":\"https:\\\/\\\/tajkertesz.com\\\/\",\"name\":\"T\u00e1j-Kert\u00e9sz 84 Kft.\",\"description\":\"Kert\u00e9szeti kis- \u00e9s nagykeresked\u00e9s, D\u00edszn\u00f6v\u00e9ny web\u00e1ruh\u00e1z orsz\u00e1gos h\u00e1zhozsz\u00e1ll\u00edt\u00e1ssal!\",\"publisher\":{\"@id\":\"https:\\\/\\\/tajkertesz.com\\\/#organization\"},\"potentialAction\":[{\"@type\":\"SearchAction\",\"target\":{\"@type\":\"EntryPoint\",\"urlTemplate\":\"https:\\\/\\\/tajkertesz.com\\\/?s={search_term_string}\"},\"query-input\":{\"@type\":\"PropertyValueSpecification\",\"valueRequired\":true,\"valueName\":\"search_term_string\"}}],\"inLanguage\":\"en-US\"},{\"@type\":\"Organization\",\"@id\":\"https:\\\/\\\/tajkertesz.com\\\/#organization\",\"name\":\"T\u00e1j-Kert\u00e9sz 84 Kft.\",\"url\":\"https:\\\/\\\/tajkertesz.com\\\/\",\"logo\":{\"@type\":\"ImageObject\",\"inLanguage\":\"en-US\",\"@id\":\"https:\\\/\\\/tajkertesz.com\\\/#\\\/schema\\\/logo\\\/image\\\/\",\"url\":\"https:\\\/\\\/tajkertesz.com\\\/wp-content\\\/uploads\\\/2018\\\/02\\\/logo-2-e1518678052539.png\",\"contentUrl\":\"https:\\\/\\\/tajkertesz.com\\\/wp-content\\\/uploads\\\/2018\\\/02\\\/logo-2-e1518678052539.png\",\"width\":81,\"height\":140,\"caption\":\"T\u00e1j-Kert\u00e9sz 84 Kft.\"},\"image\":{\"@id\":\"https:\\\/\\\/tajkertesz.com\\\/#\\\/schema\\\/logo\\\/image\\\/\"},\"sameAs\":[\"https:\\\/\\\/www.facebook.com\\\/Tajkertesz\\\/\"]}]}<\/script>\n<!-- \/ Yoast SEO plugin. -->","yoast_head_json":{"title":"Picador 0,8 MG 1000g - T\u00e1jkert\u00e9sz","description":"Picador 0,8 MG 1000g. Rovar\u00f6l\u0151 talajfert\u0151tlen\u00edt\u0151 szer.","robots":{"index":"index","follow":"follow","max-snippet":"max-snippet:-1","max-image-preview":"max-image-preview:large","max-video-preview":"max-video-preview:-1"},"canonical":"https:\/\/tajkertesz.com\/en_US\/product\/picador-08-mg-1000g\/","og_locale":"en_US","og_type":"article","og_title":"Picador 0,8 MG 1000g - T\u00e1jkert\u00e9sz","og_description":"Picador 0,8 MG 1000g. Rovar\u00f6l\u0151 talajfert\u0151tlen\u00edt\u0151 szer.","og_url":"https:\/\/tajkertesz.com\/en_US\/product\/picador-08-mg-1000g\/","og_site_name":"T\u00e1jkert\u00e9sz","article_publisher":"https:\/\/www.facebook.com\/Tajkertesz\/","article_modified_time":"2026-02-13T09:08:29+00:00","og_image":[{"width":940,"height":788,"url":"https:\/\/tajkertesz.com\/wp-content\/uploads\/2024\/01\/pica4201.jpg","type":"image\/jpeg"}],"twitter_card":"summary_large_image","twitter_misc":{"Est. reading time":"2 minutes"},"schema":{"@context":"https:\/\/schema.org","@graph":[{"@type":"WebPage","@id":"https:\/\/tajkertesz.com\/termek\/picador-08-mg-1000g\/","url":"https:\/\/tajkertesz.com\/termek\/picador-08-mg-1000g\/","name":"Picador 0,8 MG 1000g - T\u00e1jkert\u00e9sz","isPartOf":{"@id":"https:\/\/tajkertesz.com\/#website"},"primaryImageOfPage":{"@id":"https:\/\/tajkertesz.com\/termek\/picador-08-mg-1000g\/#primaryimage"},"image":{"@id":"https:\/\/tajkertesz.com\/termek\/picador-08-mg-1000g\/#primaryimage"},"thumbnailUrl":"https:\/\/tajkertesz.com\/wp-content\/uploads\/2024\/01\/pica4201.jpg","datePublished":"2024-01-30T14:03:01+00:00","dateModified":"2026-02-13T09:08:29+00:00","description":"Picador 0,8 MG 1000g. Rovar\u00f6l\u0151 talajfert\u0151tlen\u00edt\u0151 szer.","breadcrumb":{"@id":"https:\/\/tajkertesz.com\/termek\/picador-08-mg-1000g\/#breadcrumb"},"inLanguage":"en-US","potentialAction":[{"@type":"ReadAction","target":["https:\/\/tajkertesz.com\/termek\/picador-08-mg-1000g\/"]}]},{"@type":"ImageObject","inLanguage":"en-US","@id":"https:\/\/tajkertesz.com\/termek\/picador-08-mg-1000g\/#primaryimage","url":"https:\/\/tajkertesz.com\/wp-content\/uploads\/2024\/01\/pica4201.jpg","contentUrl":"https:\/\/tajkertesz.com\/wp-content\/uploads\/2024\/01\/pica4201.jpg","width":940,"height":788},{"@type":"BreadcrumbList","@id":"https:\/\/tajkertesz.com\/termek\/picador-08-mg-1000g\/#breadcrumb","itemListElement":[{"@type":"ListItem","position":1,"name":"Home","item":"https:\/\/tajkertesz.com\/"},{"@type":"ListItem","position":2,"name":"Kezd\u0151lap","item":"https:\/\/tajkertesz.com\/"},{"@type":"ListItem","position":3,"name":"Picador 0,8 MG 1000g"}]},{"@type":"WebSite","@id":"https:\/\/tajkertesz.com\/#website","url":"https:\/\/tajkertesz.com\/","name":"T\u00e1j-Kert\u00e9sz 84 Kft.","description":"Kert\u00e9szeti kis- \u00e9s nagykeresked\u00e9s, D\u00edszn\u00f6v\u00e9ny web\u00e1ruh\u00e1z orsz\u00e1gos h\u00e1zhozsz\u00e1ll\u00edt\u00e1ssal!","publisher":{"@id":"https:\/\/tajkertesz.com\/#organization"},"potentialAction":[{"@type":"SearchAction","target":{"@type":"EntryPoint","urlTemplate":"https:\/\/tajkertesz.com\/?s={search_term_string}"},"query-input":{"@type":"PropertyValueSpecification","valueRequired":true,"valueName":"search_term_string"}}],"inLanguage":"en-US"},{"@type":"Organization","@id":"https:\/\/tajkertesz.com\/#organization","name":"T\u00e1j-Kert\u00e9sz 84 Kft.","url":"https:\/\/tajkertesz.com\/","logo":{"@type":"ImageObject","inLanguage":"en-US","@id":"https:\/\/tajkertesz.com\/#\/schema\/logo\/image\/","url":"https:\/\/tajkertesz.com\/wp-content\/uploads\/2018\/02\/logo-2-e1518678052539.png","contentUrl":"https:\/\/tajkertesz.com\/wp-content\/uploads\/2018\/02\/logo-2-e1518678052539.png","width":81,"height":140,"caption":"T\u00e1j-Kert\u00e9sz 84 Kft."},"image":{"@id":"https:\/\/tajkertesz.com\/#\/schema\/logo\/image\/"},"sameAs":["https:\/\/www.facebook.com\/Tajkertesz\/"]}]}},"_links":{"self":[{"href":"https:\/\/tajkertesz.com\/en_US\/wp-json\/wp\/v2\/product\/18970","targetHints":{"allow":["GET"]}}],"collection":[{"href":"https:\/\/tajkertesz.com\/en_US\/wp-json\/wp\/v2\/product"}],"about":[{"href":"https:\/\/tajkertesz.com\/en_US\/wp-json\/wp\/v2\/types\/product"}],"wp:featuredmedia":[{"embeddable":true,"href":"https:\/\/tajkertesz.com\/en_US\/wp-json\/wp\/v2\/media\/18971"}],"wp:attachment":[{"href":"https:\/\/tajkertesz.com\/en_US\/wp-json\/wp\/v2\/media?parent=18970"}],"wp:term":[{"taxonomy":"product_brand","embeddable":true,"href":"https:\/\/tajkertesz.com\/en_US\/wp-json\/wp\/v2\/product_brand?post=18970"},{"taxonomy":"product_cat","embeddable":true,"href":"https:\/\/tajkertesz.com\/en_US\/wp-json\/wp\/v2\/product_cat?post=18970"},{"taxonomy":"product_tag","embeddable":true,"href":"https:\/\/tajkertesz.com\/en_US\/wp-json\/wp\/v2\/product_tag?post=18970"}],"curies":[{"name":"wp","href":"https:\/\/api.w.org\/{rel}","templated":true}]}}