{"id":18973,"date":"2024-01-30T14:18:08","date_gmt":"2024-01-30T14:18:08","guid":{"rendered":"https:\/\/tajkertesz.com\/?post_type=product&#038;p=18973"},"modified":"2026-02-13T09:08:22","modified_gmt":"2026-02-13T09:08:22","slug":"vegesol-eres-5l","status":"publish","type":"product","link":"https:\/\/tajkertesz.com\/en_US\/product\/vegesol-eres-5l\/","title":{"rendered":"Vegesol eReS 5L"},"content":{"rendered":"<h1 class=\"product-detail-name\">Vegesol eReS 5L<\/h1>\n<div class=\"product-detail-title-after\">\n<div class=\"product-detail-manufacturer-wrap\">\n<p class=\"product-detail-name\">Vegesol eReS 5L<\/p>\n<div class=\"product-detail-title-after\">\n<div class=\"product-detail-manufacturer-wrap\">\n<div class=\"product-detail-tabs\">\n<div class=\"card card-tabs\">\n<div class=\"product-detail-tabs-content card-body\">\n<div class=\"tab-content\">\n<div id=\"description-tab-pane\" class=\"tab-pane fade active show\" role=\"tabpanel\" aria-labelledby=\"description-tab\">\n<div class=\"offcanvas-content-container\">\n<div class=\"product-detail-description tab-pane-container\">\n<div class=\"product-detail-description-text\">\n<p>H\u00e1zikerti felhaszn\u00e1l\u00e1s: 100 ml\/10 l v\u00edz.<\/p>\n<p>Hat\u00f3anyag: 300 g\/l elemi k\u00e9n + 95 g\/l r\u00e9ztartalm\u00fa (150 g\/l r\u00e9zhidroxid) vizes szuszpoemulzi\u00f3 koncentr\u00e1tum.<\/p>\n<p>A k\u00e9sz\u00edtm\u00e9ny az al\u00e1bbi n\u00f6v\u00e9nyi betegs\u00e9gek ellen hat\u00e1sos.<\/p>\n<p>bakt\u00e9riumos megbeteged\u00e9sek (Preudomonas, Xanthomonas, Erwinia sp), szept\u00f3ri\u00e1s megbeteged\u00e9sek (Septoria apiicola, Septoria lycopersici), altern\u00e1ri\u00e1s megbeteged\u00e9sek (Alternaria solani, Alternaria lycopersici, Alternaria pori), peronoszp\u00f3r\u00e1s megbeteged\u00e9sek (Plasmopara viticola, Pseudoperonospora cubensis, Peronospora brassical, Bremia lactucae, Peronospora destructor, Pseudoperonospora humuli),cerkosp\u00f3r\u00e1s megbeteged\u00e9sek (Cerkospora beticola), almafa varasod\u00e1s (Venturia inaequalis), burgonya \u00e9s paradicsomv\u00e9sz (Phytaphtora infestans), almaf\u00e9l\u00e9k nektri\u00e1s r\u00e1kja (Nectria galligena), csonth\u00e9jasok \u00e9s almaf\u00e9l\u00e9k monili\u00e1s megbeteged\u00e9se (Monilia laxa), csonth\u00e9jasok sztigmin\u00e1s lev\u00e9llyukacsosod\u00e1sa (Stigmina carpophila), \u0151szibarack lev\u00e9lfodrosod\u00e1s (Tophrina deformans), gabonaf\u00e9l\u00e9k lisztharmatos betegs\u00e9ge (Erysiphe graminis),\u00a0 gabonaf\u00e9l\u00e9k rozsdabetegs\u00e9gei (Puccinia graminis, Puccinia glumarum, Puccinia reconita), almafalisztharmat (Podosphaera leucotricha), sz\u0151l\u0151lisztharmat (Uncinula necator), uborkaf\u00e9l\u00e9k lisztharmatos betegs\u00e9ge (Erysiphe cichoracearum), k\u00e1posztaf\u00e9l\u00e9k lisztharmatos betegs\u00e9ge (Erysiphe communis)<\/p>\n<p><strong>Javasolt technol\u00f3gia:<\/strong><br \/>\nAlmaf\u00e9l\u00e9kben gomb\u00e1s eredet\u0171 megbeteged\u00e9sek ellen a tavaszi \u00e9s a k\u00e9s\u0151 \u0151szi id\u0151szakban lemos\u00f3 permetez\u00e9s form\u00e1j\u00e1ban c\u00e9lszer\u0171 kijuttatni. A v\u00e9dekez\u00e9seket r\u00fcgypattan\u00e1st\u00f3l a z\u00f6ldbimb\u00f3s \u00e1llapot v\u00e9g\u00e9ig lehet elv\u00e9gezni 2-3 alkalommal 7-10 naponk\u00e9nt. Sz\u0151l\u0151ben a kezel\u00e9seket a lisztharmat \u00e9s\/vagy a peronoszp\u00f3ra v\u00e1rhat\u00f3 megjelen\u00e9sekor prevent\u00edven sz\u00fcks\u00e9ges elkezdeni 3-4 leveles \u00e1llapotban, majd f\u00fcrtz\u00e1r\u00f3d\u00e1sig 4-6 alkalommal 7-10 naponk\u00e9nt sz\u00fcks\u00e9ges megism\u00e9telni.<\/p>\n<p>Vir\u00e1gz\u00e1s el\u0151tt a magasabb, ut\u00e1na az alacsonyabb d\u00f3zist kell haszn\u00e1lni.<\/p>\n<p>\u0150szi- \u00e9s kajszibarackban r\u00fcgyfakad\u00e1st\u00f3l pirosbimb\u00f3s \u00e1llapotig, szilv\u00e1ban, meggyben \u00e9s csereszny\u00e9ben feh\u00e9rbimb\u00f3s \u00e1llapotig lehet v\u00e9dekezni.<\/p>\n<p>\u0150sszel lombhull\u00e1s kezdet\u00e9n a permetez\u00e9s ism\u00e9tl\u00e9se aj\u00e1nlott. A v\u00e9dekez\u00e9st nagy l\u00e9mennyis\u00e9ggel, lemos\u00e1s szer\u0171en kell elv\u00e9gezni.<\/p>\n<p>A k\u00e1posztaf\u00e9l\u00e9k betegs\u00e9gei ellen a melegebb id\u0151j\u00e1r\u00e1s bek\u00f6sz\u00f6nt\u00e9vel j\u00fanius elej\u00e9t\u0151l augusztus v\u00e9g\u00e9ig 5-6 alkalommal sz\u00fcks\u00e9ges v\u00e9dekezni prevent\u00edv jelleggel. Ubork\u00e1ban 4 leveles \u00e1llapotn\u00e1l prevent\u00edven 3-4 alkalommal kell v\u00e9dekezni 5-7 naponk\u00e9nt.<\/p>\n<p>A k\u00e9sz\u00edtm\u00e9ny 25oC feletti h\u0151m\u00e9rs\u00e9klet est\u00e9n perzsel\u00e9st okozhat. A k\u00e9sz\u00edtm\u00e9nyhez nedves\u00edt\u0151szer hozz\u00e1ad\u00e1sa nem sz\u00fcks\u00e9ges.<\/p>\n<p>Eltarthat\u00f3s\u00e1g: 3 \u00e9v.<\/p>\n<\/div>\n<\/div>\n<\/div>\n<\/div>\n<\/div>\n<\/div>\n<\/div>\n<\/div>\n<\/div>\n<\/div>\n<\/div>\n<\/div>\n<p align=\"justify\"><a href=\"https:\/\/www.facebook.com\/tajkertesz\">https:\/\/www.facebook.com\/tajkertesz<\/a><\/p>\n<p align=\"justify\"><a href=\"http:\/\/www.tajkertesz.hu\">http:\/\/www.tajkertesz.hu<\/a><\/p>\n<p align=\"justify\"><a href=\"https:\/\/tajkertesz.com\/wp-content\/uploads\/2021\/12\/VegesoleReS.doc\">VegesoleReS<\/a><\/p>\n<h3 align=\"justify\">Kiz\u00e1r\u00f3lag szem\u00e9lyes \u00e1tv\u00e9tellel lehets\u00e9ges a term\u00e9k megv\u00e1s\u00e1rl\u00e1sa!<\/h3>\n<p style=\"line-height: 18.0pt; background: white; margin: 0cm 0cm 15.0pt 0cm;\"><b><span style=\"font-family: 'Ubuntu',sans-serif; color: black;\">K\u00e9szlet\u00fcnk napi szinten v\u00e1ltozik, ez\u00e9rt k\u00e9rj\u00fck, \u00e9rdekl\u0151dj\u00f6n szem\u00e9lyesen, telefonon vagy email-en.<br \/>\nA v\u00e1ltoztat\u00e1s jog\u00e1t fenntartjuk!\u00a0<\/span><\/b><\/p>\n<p><a href=\"https:\/\/tajkertesz.com\/\">https:\/\/tajkertesz.com\/<\/a><\/p>\n<p><a href=\"https:\/\/www.facebook.com\/tajkertesz\/\">https:\/\/www.facebook.com\/tajkertesz\/<\/a><\/p>\n<p>Kisz\u00e1ll\u00edt\u00e1s: 200cm-ig \u00e9s 40 kg-ig a sz\u00e1ll\u00edt\u00e1s fut\u00e1rszolg\u00e1lattal t\u00f6rt\u00e9nik.<\/p>\n<p>Szem\u00e9lyes \u00e1tv\u00e9tel nyitvatart\u00e1si id\u0151ben a 17. ker\u00fclet Bakancsos utca 7. sz\u00e1m alatti Kert\u00e9szeti \u00e1rud\u00e1nkban.<\/p>\n<p><b><u>Kert\u00e9p\u00edt\u0151k \u00e9s viszontelad\u00f3k regisztr\u00e1l\u00e1s ut\u00e1n egyedi kedvezm\u00e9nnyel v\u00e1s\u00e1rolhatnak kert\u00e9szeti kis-\u00e9s nagykeresked\u00e9s\u00fcnkben.<\/u><\/b><\/p>\n<p align=\"justify\"><span style=\"color: #ffffff;\">A<\/span><\/p>","protected":false},"excerpt":{"rendered":"<h2 class=\"product-detail-name\" style=\"text-align: left;\">Vegesol eReS 5L<\/h2>\n<p>Lemos\u00f3 permetez\u0151szer<\/p>\n<p>A Vegesol eReS m\u00e9rs\u00e9kli a n\u00f6v\u00e9nyi v\u00edrusok terjed\u00e9s\u00e9t is az\u00e1ltal, hogy a lev\u00e9lfelsz\u00ednen l\u00e9v\u0151 olaj elt\u00f6m\u00edti a v\u00edrusvektor lev\u00e9ltetvek \u00e9s kab\u00f3c\u00e1k sz\u00edv\u00f3szerv\u00e9t, \u00edgy azok nem tudnak \u00fajabb n\u00f6v\u00e9nyeket megfert\u0151zni.<br \/>\nFelhaszn\u00e1lhat\u00f3: lisztharmatos, peronoszp\u00f3r\u00e1s, monili\u00e1s, fuzikl\u00e1diumos megbeteged\u00e9sek ellen&#8230;<\/p>\n<h3 align=\"justify\">Kiz\u00e1r\u00f3lag szem\u00e9lyes \u00e1tv\u00e9tellel lehets\u00e9ges a term\u00e9k megv\u00e1s\u00e1rl\u00e1sa!<\/h3>\n<div class=\"product-detail-title-after\">\n<div class=\"product-detail-manufacturer-wrap\"><\/div>\n<\/div>\n<div class=\"product-detail-title-after\">\n<div class=\"product-detail-manufacturer-wrap\"><\/div>\n<\/div>\n<div class=\"product-detail-title-after\">\n<div class=\"product-detail-manufacturer-wrap\"><\/div>\n<\/div>\n<div class=\"product-detail-title-after\">\n<div class=\"product-detail-manufacturer-wrap\"><\/div>\n<\/div>","protected":false},"featured_media":18974,"template":"","meta":{"_et_pb_use_builder":"","_et_pb_old_content":"","_et_gb_content_width":""},"product_brand":[],"product_cat":[4274,3424],"product_tag":[4751,4752,3557],"class_list":{"0":"post-18973","1":"product","2":"type-product","3":"status-publish","4":"has-post-thumbnail","6":"product_cat-akcios-termekek","7":"product_cat-lemoso-permetezoszerek","8":"product_tag-lemoso","9":"product_tag-permetezoszer","10":"product_tag-vegesol-eres","12":"first","13":"instock","14":"sale","15":"shipping-taxable","16":"purchasable","17":"product-type-simple"},"yoast_head":"<!-- This site is optimized with the Yoast SEO plugin v27.5 - https:\/\/yoast.com\/product\/yoast-seo-wordpress\/ -->\n<title>Vegesol eReS 5L - T\u00e1jkert\u00e9sz<\/title>\n<meta name=\"description\" content=\"Vegesol eReS 5L. Almaf\u00e9l\u00e9kben gomb\u00e1s eredet\u0171 megbeteged\u00e9sek ellen a tavaszi \u00e9s a k\u00e9s\u0151 \u0151szi id\u0151szakban lemos\u00f3 permetez\u00e9s form\u00e1j\u00e1ban c\u00e9lszer\u0171\" \/>\n<meta name=\"robots\" content=\"index, follow, max-snippet:-1, max-image-preview:large, max-video-preview:-1\" \/>\n<link rel=\"canonical\" href=\"https:\/\/tajkertesz.com\/en_US\/product\/vegesol-eres-5l\/\" \/>\n<meta property=\"og:locale\" content=\"en_US\" \/>\n<meta property=\"og:type\" content=\"article\" \/>\n<meta property=\"og:title\" content=\"Vegesol eReS 5L - T\u00e1jkert\u00e9sz\" \/>\n<meta property=\"og:description\" content=\"Vegesol eReS 5L. Almaf\u00e9l\u00e9kben gomb\u00e1s eredet\u0171 megbeteged\u00e9sek ellen a tavaszi \u00e9s a k\u00e9s\u0151 \u0151szi id\u0151szakban lemos\u00f3 permetez\u00e9s form\u00e1j\u00e1ban c\u00e9lszer\u0171\" \/>\n<meta property=\"og:url\" content=\"https:\/\/tajkertesz.com\/en_US\/product\/vegesol-eres-5l\/\" \/>\n<meta property=\"og:site_name\" content=\"T\u00e1jkert\u00e9sz\" \/>\n<meta property=\"article:publisher\" content=\"https:\/\/www.facebook.com\/Tajkertesz\/\" \/>\n<meta property=\"article:modified_time\" content=\"2026-02-13T09:08:22+00:00\" \/>\n<meta property=\"og:image\" content=\"https:\/\/tajkertesz.com\/wp-content\/uploads\/2024\/01\/vege3001.jpg\" \/>\n\t<meta property=\"og:image:width\" content=\"940\" \/>\n\t<meta property=\"og:image:height\" content=\"788\" \/>\n\t<meta property=\"og:image:type\" content=\"image\/jpeg\" \/>\n<meta name=\"twitter:card\" content=\"summary_large_image\" \/>\n<meta name=\"twitter:label1\" content=\"Est. reading time\" \/>\n\t<meta name=\"twitter:data1\" content=\"3 minutes\" \/>\n<script type=\"application\/ld+json\" class=\"yoast-schema-graph\">{\"@context\":\"https:\\\/\\\/schema.org\",\"@graph\":[{\"@type\":\"WebPage\",\"@id\":\"https:\\\/\\\/tajkertesz.com\\\/termek\\\/vegesol-eres-5l\\\/\",\"url\":\"https:\\\/\\\/tajkertesz.com\\\/termek\\\/vegesol-eres-5l\\\/\",\"name\":\"Vegesol eReS 5L - T\u00e1jkert\u00e9sz\",\"isPartOf\":{\"@id\":\"https:\\\/\\\/tajkertesz.com\\\/#website\"},\"primaryImageOfPage\":{\"@id\":\"https:\\\/\\\/tajkertesz.com\\\/termek\\\/vegesol-eres-5l\\\/#primaryimage\"},\"image\":{\"@id\":\"https:\\\/\\\/tajkertesz.com\\\/termek\\\/vegesol-eres-5l\\\/#primaryimage\"},\"thumbnailUrl\":\"https:\\\/\\\/tajkertesz.com\\\/wp-content\\\/uploads\\\/2024\\\/01\\\/vege3001.jpg\",\"datePublished\":\"2024-01-30T14:18:08+00:00\",\"dateModified\":\"2026-02-13T09:08:22+00:00\",\"description\":\"Vegesol eReS 5L. Almaf\u00e9l\u00e9kben gomb\u00e1s eredet\u0171 megbeteged\u00e9sek ellen a tavaszi \u00e9s a k\u00e9s\u0151 \u0151szi id\u0151szakban lemos\u00f3 permetez\u00e9s form\u00e1j\u00e1ban c\u00e9lszer\u0171\",\"breadcrumb\":{\"@id\":\"https:\\\/\\\/tajkertesz.com\\\/termek\\\/vegesol-eres-5l\\\/#breadcrumb\"},\"inLanguage\":\"en-US\",\"potentialAction\":[{\"@type\":\"ReadAction\",\"target\":[\"https:\\\/\\\/tajkertesz.com\\\/termek\\\/vegesol-eres-5l\\\/\"]}]},{\"@type\":\"ImageObject\",\"inLanguage\":\"en-US\",\"@id\":\"https:\\\/\\\/tajkertesz.com\\\/termek\\\/vegesol-eres-5l\\\/#primaryimage\",\"url\":\"https:\\\/\\\/tajkertesz.com\\\/wp-content\\\/uploads\\\/2024\\\/01\\\/vege3001.jpg\",\"contentUrl\":\"https:\\\/\\\/tajkertesz.com\\\/wp-content\\\/uploads\\\/2024\\\/01\\\/vege3001.jpg\",\"width\":940,\"height\":788,\"caption\":\"Vegesol eReS 5L\"},{\"@type\":\"BreadcrumbList\",\"@id\":\"https:\\\/\\\/tajkertesz.com\\\/termek\\\/vegesol-eres-5l\\\/#breadcrumb\",\"itemListElement\":[{\"@type\":\"ListItem\",\"position\":1,\"name\":\"Home\",\"item\":\"https:\\\/\\\/tajkertesz.com\\\/\"},{\"@type\":\"ListItem\",\"position\":2,\"name\":\"Kezd\u0151lap\",\"item\":\"https:\\\/\\\/tajkertesz.com\\\/\"},{\"@type\":\"ListItem\",\"position\":3,\"name\":\"Vegesol eReS 5L\"}]},{\"@type\":\"WebSite\",\"@id\":\"https:\\\/\\\/tajkertesz.com\\\/#website\",\"url\":\"https:\\\/\\\/tajkertesz.com\\\/\",\"name\":\"T\u00e1j-Kert\u00e9sz 84 Kft.\",\"description\":\"Kert\u00e9szeti kis- \u00e9s nagykeresked\u00e9s, D\u00edszn\u00f6v\u00e9ny web\u00e1ruh\u00e1z orsz\u00e1gos h\u00e1zhozsz\u00e1ll\u00edt\u00e1ssal!\",\"publisher\":{\"@id\":\"https:\\\/\\\/tajkertesz.com\\\/#organization\"},\"potentialAction\":[{\"@type\":\"SearchAction\",\"target\":{\"@type\":\"EntryPoint\",\"urlTemplate\":\"https:\\\/\\\/tajkertesz.com\\\/?s={search_term_string}\"},\"query-input\":{\"@type\":\"PropertyValueSpecification\",\"valueRequired\":true,\"valueName\":\"search_term_string\"}}],\"inLanguage\":\"en-US\"},{\"@type\":\"Organization\",\"@id\":\"https:\\\/\\\/tajkertesz.com\\\/#organization\",\"name\":\"T\u00e1j-Kert\u00e9sz 84 Kft.\",\"url\":\"https:\\\/\\\/tajkertesz.com\\\/\",\"logo\":{\"@type\":\"ImageObject\",\"inLanguage\":\"en-US\",\"@id\":\"https:\\\/\\\/tajkertesz.com\\\/#\\\/schema\\\/logo\\\/image\\\/\",\"url\":\"https:\\\/\\\/tajkertesz.com\\\/wp-content\\\/uploads\\\/2018\\\/02\\\/logo-2-e1518678052539.png\",\"contentUrl\":\"https:\\\/\\\/tajkertesz.com\\\/wp-content\\\/uploads\\\/2018\\\/02\\\/logo-2-e1518678052539.png\",\"width\":81,\"height\":140,\"caption\":\"T\u00e1j-Kert\u00e9sz 84 Kft.\"},\"image\":{\"@id\":\"https:\\\/\\\/tajkertesz.com\\\/#\\\/schema\\\/logo\\\/image\\\/\"},\"sameAs\":[\"https:\\\/\\\/www.facebook.com\\\/Tajkertesz\\\/\"]}]}<\/script>\n<!-- \/ Yoast SEO plugin. -->","yoast_head_json":{"title":"Vegesol eReS 5L - T\u00e1jkert\u00e9sz","description":"Vegesol eReS 5L. Almaf\u00e9l\u00e9kben gomb\u00e1s eredet\u0171 megbeteged\u00e9sek ellen a tavaszi \u00e9s a k\u00e9s\u0151 \u0151szi id\u0151szakban lemos\u00f3 permetez\u00e9s form\u00e1j\u00e1ban c\u00e9lszer\u0171","robots":{"index":"index","follow":"follow","max-snippet":"max-snippet:-1","max-image-preview":"max-image-preview:large","max-video-preview":"max-video-preview:-1"},"canonical":"https:\/\/tajkertesz.com\/en_US\/product\/vegesol-eres-5l\/","og_locale":"en_US","og_type":"article","og_title":"Vegesol eReS 5L - T\u00e1jkert\u00e9sz","og_description":"Vegesol eReS 5L. Almaf\u00e9l\u00e9kben gomb\u00e1s eredet\u0171 megbeteged\u00e9sek ellen a tavaszi \u00e9s a k\u00e9s\u0151 \u0151szi id\u0151szakban lemos\u00f3 permetez\u00e9s form\u00e1j\u00e1ban c\u00e9lszer\u0171","og_url":"https:\/\/tajkertesz.com\/en_US\/product\/vegesol-eres-5l\/","og_site_name":"T\u00e1jkert\u00e9sz","article_publisher":"https:\/\/www.facebook.com\/Tajkertesz\/","article_modified_time":"2026-02-13T09:08:22+00:00","og_image":[{"width":940,"height":788,"url":"https:\/\/tajkertesz.com\/wp-content\/uploads\/2024\/01\/vege3001.jpg","type":"image\/jpeg"}],"twitter_card":"summary_large_image","twitter_misc":{"Est. reading time":"3 minutes"},"schema":{"@context":"https:\/\/schema.org","@graph":[{"@type":"WebPage","@id":"https:\/\/tajkertesz.com\/termek\/vegesol-eres-5l\/","url":"https:\/\/tajkertesz.com\/termek\/vegesol-eres-5l\/","name":"Vegesol eReS 5L - T\u00e1jkert\u00e9sz","isPartOf":{"@id":"https:\/\/tajkertesz.com\/#website"},"primaryImageOfPage":{"@id":"https:\/\/tajkertesz.com\/termek\/vegesol-eres-5l\/#primaryimage"},"image":{"@id":"https:\/\/tajkertesz.com\/termek\/vegesol-eres-5l\/#primaryimage"},"thumbnailUrl":"https:\/\/tajkertesz.com\/wp-content\/uploads\/2024\/01\/vege3001.jpg","datePublished":"2024-01-30T14:18:08+00:00","dateModified":"2026-02-13T09:08:22+00:00","description":"Vegesol eReS 5L. Almaf\u00e9l\u00e9kben gomb\u00e1s eredet\u0171 megbeteged\u00e9sek ellen a tavaszi \u00e9s a k\u00e9s\u0151 \u0151szi id\u0151szakban lemos\u00f3 permetez\u00e9s form\u00e1j\u00e1ban c\u00e9lszer\u0171","breadcrumb":{"@id":"https:\/\/tajkertesz.com\/termek\/vegesol-eres-5l\/#breadcrumb"},"inLanguage":"en-US","potentialAction":[{"@type":"ReadAction","target":["https:\/\/tajkertesz.com\/termek\/vegesol-eres-5l\/"]}]},{"@type":"ImageObject","inLanguage":"en-US","@id":"https:\/\/tajkertesz.com\/termek\/vegesol-eres-5l\/#primaryimage","url":"https:\/\/tajkertesz.com\/wp-content\/uploads\/2024\/01\/vege3001.jpg","contentUrl":"https:\/\/tajkertesz.com\/wp-content\/uploads\/2024\/01\/vege3001.jpg","width":940,"height":788,"caption":"Vegesol eReS 5L"},{"@type":"BreadcrumbList","@id":"https:\/\/tajkertesz.com\/termek\/vegesol-eres-5l\/#breadcrumb","itemListElement":[{"@type":"ListItem","position":1,"name":"Home","item":"https:\/\/tajkertesz.com\/"},{"@type":"ListItem","position":2,"name":"Kezd\u0151lap","item":"https:\/\/tajkertesz.com\/"},{"@type":"ListItem","position":3,"name":"Vegesol eReS 5L"}]},{"@type":"WebSite","@id":"https:\/\/tajkertesz.com\/#website","url":"https:\/\/tajkertesz.com\/","name":"T\u00e1j-Kert\u00e9sz 84 Kft.","description":"Kert\u00e9szeti kis- \u00e9s nagykeresked\u00e9s, D\u00edszn\u00f6v\u00e9ny web\u00e1ruh\u00e1z orsz\u00e1gos h\u00e1zhozsz\u00e1ll\u00edt\u00e1ssal!","publisher":{"@id":"https:\/\/tajkertesz.com\/#organization"},"potentialAction":[{"@type":"SearchAction","target":{"@type":"EntryPoint","urlTemplate":"https:\/\/tajkertesz.com\/?s={search_term_string}"},"query-input":{"@type":"PropertyValueSpecification","valueRequired":true,"valueName":"search_term_string"}}],"inLanguage":"en-US"},{"@type":"Organization","@id":"https:\/\/tajkertesz.com\/#organization","name":"T\u00e1j-Kert\u00e9sz 84 Kft.","url":"https:\/\/tajkertesz.com\/","logo":{"@type":"ImageObject","inLanguage":"en-US","@id":"https:\/\/tajkertesz.com\/#\/schema\/logo\/image\/","url":"https:\/\/tajkertesz.com\/wp-content\/uploads\/2018\/02\/logo-2-e1518678052539.png","contentUrl":"https:\/\/tajkertesz.com\/wp-content\/uploads\/2018\/02\/logo-2-e1518678052539.png","width":81,"height":140,"caption":"T\u00e1j-Kert\u00e9sz 84 Kft."},"image":{"@id":"https:\/\/tajkertesz.com\/#\/schema\/logo\/image\/"},"sameAs":["https:\/\/www.facebook.com\/Tajkertesz\/"]}]}},"_links":{"self":[{"href":"https:\/\/tajkertesz.com\/en_US\/wp-json\/wp\/v2\/product\/18973","targetHints":{"allow":["GET"]}}],"collection":[{"href":"https:\/\/tajkertesz.com\/en_US\/wp-json\/wp\/v2\/product"}],"about":[{"href":"https:\/\/tajkertesz.com\/en_US\/wp-json\/wp\/v2\/types\/product"}],"wp:featuredmedia":[{"embeddable":true,"href":"https:\/\/tajkertesz.com\/en_US\/wp-json\/wp\/v2\/media\/18974"}],"wp:attachment":[{"href":"https:\/\/tajkertesz.com\/en_US\/wp-json\/wp\/v2\/media?parent=18973"}],"wp:term":[{"taxonomy":"product_brand","embeddable":true,"href":"https:\/\/tajkertesz.com\/en_US\/wp-json\/wp\/v2\/product_brand?post=18973"},{"taxonomy":"product_cat","embeddable":true,"href":"https:\/\/tajkertesz.com\/en_US\/wp-json\/wp\/v2\/product_cat?post=18973"},{"taxonomy":"product_tag","embeddable":true,"href":"https:\/\/tajkertesz.com\/en_US\/wp-json\/wp\/v2\/product_tag?post=18973"}],"curies":[{"name":"wp","href":"https:\/\/api.w.org\/{rel}","templated":true}]}}