{"id":18975,"date":"2024-01-30T14:45:28","date_gmt":"2024-01-30T14:45:28","guid":{"rendered":"https:\/\/tajkertesz.com\/?post_type=product&#038;p=18975"},"modified":"2026-02-13T09:08:16","modified_gmt":"2026-02-13T09:08:16","slug":"csapadekmero-esomero","status":"publish","type":"product","link":"https:\/\/tajkertesz.com\/en_US\/product\/csapadekmero-esomero\/","title":{"rendered":"Csapad\u00e9km\u00e9r\u0151\/es\u0151m\u00e9r\u0151"},"content":{"rendered":"<h2>Csapad\u00e9km\u00e9r\u0151\/es\u0151m\u00e9r\u0151<\/h2>\n<p>Csapad\u00e9km\u00e9r\u0151\/es\u0151m\u00e9r\u0151<\/p>\n<h2>Param\u00e9terei<\/h2>\n<p style=\"font-weight: 400;\"><b><em>Cikksz\u00e1m<\/em><\/b>: csap2001<\/p>\n<p style=\"font-weight: 400;\"><b><em>Kiszerel\u00e9s<\/em><\/b>: 1db.<\/p>\n<p style=\"font-weight: 400;\"><b><em>Gy\u0171jt\u0151 csomagol\u00e1s<\/em><\/b>: nem<\/p>\n<p style=\"font-weight: 400;\"><b><em>Eltarthat\u00f3s\u00e1g<\/em><\/b>: korl\u00e1tlan<\/p>\n<p style=\"font-weight: 400;\"><b><em>Sz\u00e1rmaz\u00e1si hely<\/em><\/b>: K\u00edna<\/p>\n<h2><i>R\u00f6vid ismertet\u00e9se<\/i><\/h2>\n<p style=\"font-weight: 400;\">A csapad\u00e9km\u00e9r\u0151 egy olyan &#8211; \u00e1ltal\u00e1ban henger alak\u00fa &#8211; eszk\u00f6z, mellyel a lehull\u00f3 csapad\u00e9k mennyis\u00e9g\u00e9t hat\u00e1rozhatjuk meg. A csapad\u00e9kot eg\u00e9sz \u00e9s tized millim\u00e9terekben m\u00e9rik. 1 mm csapad\u00e9k egy n\u00e9gyzetm\u00e9teren egyenl\u0151 1 liter v\u00edzzel (p\u00e9ld\u00e1ul: 0,1 mm csapad\u00e9k = 1 dl, 10 mm csapad\u00e9k = 10 l stb.) A csapad\u00e9km\u00e9r\u0151 befogad\u00f3 fel\u00fclet\u00e9nek 1 m magasan kell elhelyezkednie.<\/p>\n<p><strong>Haszn\u00e1lati javaslatok:<\/strong> Az Es\u0151m\u00e9r\u0151 haszn\u00e1lata rendk\u00edv\u00fcl egyszer\u0171. Csak helyezd el a kerted kiv\u00e1lasztott hely\u00e9n, \u00e9s hagyd, hogy az es\u0151v\u00edz gy\u0171lj\u00f6n az eszk\u00f6z tart\u00e1ly\u00e1ban. A v\u00edzmennyis\u00e9g k\u00f6nnyed\u00e9n leolvashat\u00f3 a tart\u00e1lyon tal\u00e1lhat\u00f3 sk\u00e1l\u00e1r\u00f3l, \u00edgy mindig pontosan tudhatod, mennyi es\u0151 esett.<\/p>\n<ul>\n<li><strong>Ide\u00e1lis M\u00e9ret:<\/strong>\u00a0A 24 cm magas \u00e9s k\u00f6nnyen l\u00e1that\u00f3 kialak\u00edt\u00e1snak k\u00f6sz\u00f6nhet\u0151en az es\u0151m\u00e9r\u0151 mindenki sz\u00e1m\u00e1ra k\u00f6nnyen olvashat\u00f3, \u00e9s d\u00edsz\u00edt\u0151 elemk\u00e9nt is j\u00f3l mutat a kertben vagy a teraszon.<\/li>\n<\/ul>\n<p>&nbsp;<\/p>\n<p>El\u00e9rhet\u0151 t\u00f6bbf\u00e9le m\u00e9retben \u00e9s \u00e1rban.<\/p>\n<p><strong>K\u00e9szlet\u00fcnk napi szinten v\u00e1ltozik, ez\u00e9rt k\u00e9rj\u00fck, \u00e9rdekl\u0151dj\u00f6n szem\u00e9lyesen, telefonon vagy email-en.<br \/>\nA v\u00e1ltoztat\u00e1s jog\u00e1t fenntartjuk!\u00a0<\/strong><\/p>\n<p><a href=\"https:\/\/tajkertesz.com\/\">https:\/\/tajkertesz.com\/<\/a><\/p>\n<p><a href=\"https:\/\/www.facebook.com\/tajkertesz\/\">https:\/\/www.facebook.com\/tajkertesz\/<\/a><\/p>\n<p>Kisz\u00e1ll\u00edt\u00e1s: 200cm-ig \u00a0\u00e9s 40 kg-ig a sz\u00e1ll\u00edt\u00e1s fut\u00e1rszolg\u00e1lattal \u00a0t\u00f6rt\u00e9nik.<\/p>\n<p>Szem\u00e9lyes \u00e1tv\u00e9tel nyitvatart\u00e1si id\u0151ben a 17. ker\u00fclet Bakancsos utca 7. sz\u00e1m alatti Kert\u00e9szeti \u00e1rud\u00e1ban.<\/p>\n<h6><span style=\"color: #ffffff;\">A csapad\u00e9km\u00e9r\u0151 egy olyan &#8211; \u00e1ltal\u00e1ban henger alak\u00fa &#8211; eszk\u00f6z, mellyel a lehull\u00f3 csapad\u00e9k mennyis\u00e9g\u00e9t hat\u00e1rozhatjuk meg. A csapad\u00e9kot eg\u00e9sz \u00e9s tized millim\u00e9terekben m\u00e9rik. 1 mm csapad\u00e9k egy n\u00e9gyzetm\u00e9teren egyenl\u0151 1 liter v\u00edzzel (p\u00e9ld\u00e1ul: 0,1 mm csapad\u00e9k = 1 dl, 10 mm csapad\u00e9k = 10 l stb.) A csapad\u00e9km\u00e9r\u0151 befogad\u00f3 fel\u00fclet\u00e9nek 1 m magasan kell elhelyezkednie.<\/span><\/h6>","protected":false},"excerpt":{"rendered":"<h2>Csapad\u00e9km\u00e9r\u0151\/es\u0151m\u00e9r\u0151<\/h2>\n<p>A csapad\u00e9km\u00e9r\u0151 egy olyan &#8211; \u00e1ltal\u00e1ban henger alak\u00fa &#8211; eszk\u00f6z, mellyel a lehull\u00f3 csapad\u00e9k mennyis\u00e9g\u00e9t hat\u00e1rozhatjuk meg.<\/p>\n<p><strong>K\u00e9szlet\u00fcnk napi szinten v\u00e1ltozik, ez\u00e9rt k\u00e9rj\u00fck, \u00e9rdekl\u0151dj\u00f6n szem\u00e9lyesen, telefonon vagy email-en.<br \/>\nA v\u00e1ltoztat\u00e1s jog\u00e1t fenntartjuk!\u00a0<\/strong><\/p>\n<p>&nbsp;<\/p>","protected":false},"featured_media":18976,"template":"","meta":{"_et_pb_use_builder":"","_et_pb_old_content":"","_et_gb_content_width":""},"product_brand":[],"product_cat":[1539],"product_tag":[4777,4776,4778],"class_list":{"0":"post-18975","1":"product","2":"type-product","3":"status-publish","4":"has-post-thumbnail","6":"product_cat-kellekek","7":"product_tag-csapadak","8":"product_tag-eso","9":"product_tag-esoszintmero","11":"first","12":"instock","13":"shipping-taxable","14":"purchasable","15":"product-type-simple"},"yoast_head":"<!-- This site is optimized with the Yoast SEO plugin v27.5 - https:\/\/yoast.com\/product\/yoast-seo-wordpress\/ -->\n<title>Csapad\u00e9km\u00e9r\u0151\/es\u0151m\u00e9r\u0151 - T\u00e1jkert\u00e9sz<\/title>\n<meta name=\"description\" content=\"Csapad\u00e9km\u00e9r\u0151\/es\u0151m\u00e9r\u0151. A csapad\u00e9km\u00e9r\u0151 egy olyan - \u00e1ltal\u00e1ban henger alak\u00fa - eszk\u00f6z, mellyel a lehull\u00f3 csapad\u00e9k mennyis\u00e9g\u00e9t hat\u00e1rozhatjuk meg.\" \/>\n<meta name=\"robots\" content=\"index, follow, max-snippet:-1, max-image-preview:large, max-video-preview:-1\" \/>\n<link rel=\"canonical\" href=\"https:\/\/tajkertesz.com\/en_US\/product\/csapadekmero-esomero\/\" \/>\n<meta property=\"og:locale\" content=\"en_US\" \/>\n<meta property=\"og:type\" content=\"article\" \/>\n<meta property=\"og:title\" content=\"Csapad\u00e9km\u00e9r\u0151\/es\u0151m\u00e9r\u0151 - T\u00e1jkert\u00e9sz\" \/>\n<meta property=\"og:description\" content=\"Csapad\u00e9km\u00e9r\u0151\/es\u0151m\u00e9r\u0151. A csapad\u00e9km\u00e9r\u0151 egy olyan - \u00e1ltal\u00e1ban henger alak\u00fa - eszk\u00f6z, mellyel a lehull\u00f3 csapad\u00e9k mennyis\u00e9g\u00e9t hat\u00e1rozhatjuk meg.\" \/>\n<meta property=\"og:url\" content=\"https:\/\/tajkertesz.com\/en_US\/product\/csapadekmero-esomero\/\" \/>\n<meta property=\"og:site_name\" content=\"T\u00e1jkert\u00e9sz\" \/>\n<meta property=\"article:publisher\" content=\"https:\/\/www.facebook.com\/Tajkertesz\/\" \/>\n<meta property=\"article:modified_time\" content=\"2026-02-13T09:08:16+00:00\" \/>\n<meta property=\"og:image\" content=\"https:\/\/tajkertesz.com\/wp-content\/uploads\/2024\/01\/csap2001.jpg\" \/>\n\t<meta property=\"og:image:width\" content=\"940\" \/>\n\t<meta property=\"og:image:height\" content=\"788\" \/>\n\t<meta property=\"og:image:type\" content=\"image\/jpeg\" \/>\n<meta name=\"twitter:card\" content=\"summary_large_image\" \/>\n<meta name=\"twitter:label1\" content=\"Est. reading time\" \/>\n\t<meta name=\"twitter:data1\" content=\"2 minutes\" \/>\n<script type=\"application\/ld+json\" class=\"yoast-schema-graph\">{\"@context\":\"https:\\\/\\\/schema.org\",\"@graph\":[{\"@type\":\"WebPage\",\"@id\":\"https:\\\/\\\/tajkertesz.com\\\/termek\\\/csapadekmero-esomero\\\/\",\"url\":\"https:\\\/\\\/tajkertesz.com\\\/termek\\\/csapadekmero-esomero\\\/\",\"name\":\"Csapad\u00e9km\u00e9r\u0151\\\/es\u0151m\u00e9r\u0151 - T\u00e1jkert\u00e9sz\",\"isPartOf\":{\"@id\":\"https:\\\/\\\/tajkertesz.com\\\/#website\"},\"primaryImageOfPage\":{\"@id\":\"https:\\\/\\\/tajkertesz.com\\\/termek\\\/csapadekmero-esomero\\\/#primaryimage\"},\"image\":{\"@id\":\"https:\\\/\\\/tajkertesz.com\\\/termek\\\/csapadekmero-esomero\\\/#primaryimage\"},\"thumbnailUrl\":\"https:\\\/\\\/tajkertesz.com\\\/wp-content\\\/uploads\\\/2024\\\/01\\\/csap2001.jpg\",\"datePublished\":\"2024-01-30T14:45:28+00:00\",\"dateModified\":\"2026-02-13T09:08:16+00:00\",\"description\":\"Csapad\u00e9km\u00e9r\u0151\\\/es\u0151m\u00e9r\u0151. A csapad\u00e9km\u00e9r\u0151 egy olyan - \u00e1ltal\u00e1ban henger alak\u00fa - eszk\u00f6z, mellyel a lehull\u00f3 csapad\u00e9k mennyis\u00e9g\u00e9t hat\u00e1rozhatjuk meg.\",\"breadcrumb\":{\"@id\":\"https:\\\/\\\/tajkertesz.com\\\/termek\\\/csapadekmero-esomero\\\/#breadcrumb\"},\"inLanguage\":\"en-US\",\"potentialAction\":[{\"@type\":\"ReadAction\",\"target\":[\"https:\\\/\\\/tajkertesz.com\\\/termek\\\/csapadekmero-esomero\\\/\"]}]},{\"@type\":\"ImageObject\",\"inLanguage\":\"en-US\",\"@id\":\"https:\\\/\\\/tajkertesz.com\\\/termek\\\/csapadekmero-esomero\\\/#primaryimage\",\"url\":\"https:\\\/\\\/tajkertesz.com\\\/wp-content\\\/uploads\\\/2024\\\/01\\\/csap2001.jpg\",\"contentUrl\":\"https:\\\/\\\/tajkertesz.com\\\/wp-content\\\/uploads\\\/2024\\\/01\\\/csap2001.jpg\",\"width\":940,\"height\":788},{\"@type\":\"BreadcrumbList\",\"@id\":\"https:\\\/\\\/tajkertesz.com\\\/termek\\\/csapadekmero-esomero\\\/#breadcrumb\",\"itemListElement\":[{\"@type\":\"ListItem\",\"position\":1,\"name\":\"Home\",\"item\":\"https:\\\/\\\/tajkertesz.com\\\/\"},{\"@type\":\"ListItem\",\"position\":2,\"name\":\"Kezd\u0151lap\",\"item\":\"https:\\\/\\\/tajkertesz.com\\\/\"},{\"@type\":\"ListItem\",\"position\":3,\"name\":\"Csapad\u00e9km\u00e9r\u0151\\\/es\u0151m\u00e9r\u0151\"}]},{\"@type\":\"WebSite\",\"@id\":\"https:\\\/\\\/tajkertesz.com\\\/#website\",\"url\":\"https:\\\/\\\/tajkertesz.com\\\/\",\"name\":\"T\u00e1j-Kert\u00e9sz 84 Kft.\",\"description\":\"Kert\u00e9szeti kis- \u00e9s nagykeresked\u00e9s, D\u00edszn\u00f6v\u00e9ny web\u00e1ruh\u00e1z orsz\u00e1gos h\u00e1zhozsz\u00e1ll\u00edt\u00e1ssal!\",\"publisher\":{\"@id\":\"https:\\\/\\\/tajkertesz.com\\\/#organization\"},\"potentialAction\":[{\"@type\":\"SearchAction\",\"target\":{\"@type\":\"EntryPoint\",\"urlTemplate\":\"https:\\\/\\\/tajkertesz.com\\\/?s={search_term_string}\"},\"query-input\":{\"@type\":\"PropertyValueSpecification\",\"valueRequired\":true,\"valueName\":\"search_term_string\"}}],\"inLanguage\":\"en-US\"},{\"@type\":\"Organization\",\"@id\":\"https:\\\/\\\/tajkertesz.com\\\/#organization\",\"name\":\"T\u00e1j-Kert\u00e9sz 84 Kft.\",\"url\":\"https:\\\/\\\/tajkertesz.com\\\/\",\"logo\":{\"@type\":\"ImageObject\",\"inLanguage\":\"en-US\",\"@id\":\"https:\\\/\\\/tajkertesz.com\\\/#\\\/schema\\\/logo\\\/image\\\/\",\"url\":\"https:\\\/\\\/tajkertesz.com\\\/wp-content\\\/uploads\\\/2018\\\/02\\\/logo-2-e1518678052539.png\",\"contentUrl\":\"https:\\\/\\\/tajkertesz.com\\\/wp-content\\\/uploads\\\/2018\\\/02\\\/logo-2-e1518678052539.png\",\"width\":81,\"height\":140,\"caption\":\"T\u00e1j-Kert\u00e9sz 84 Kft.\"},\"image\":{\"@id\":\"https:\\\/\\\/tajkertesz.com\\\/#\\\/schema\\\/logo\\\/image\\\/\"},\"sameAs\":[\"https:\\\/\\\/www.facebook.com\\\/Tajkertesz\\\/\"]}]}<\/script>\n<!-- \/ Yoast SEO plugin. -->","yoast_head_json":{"title":"Csapad\u00e9km\u00e9r\u0151\/es\u0151m\u00e9r\u0151 - T\u00e1jkert\u00e9sz","description":"Csapad\u00e9km\u00e9r\u0151\/es\u0151m\u00e9r\u0151. A csapad\u00e9km\u00e9r\u0151 egy olyan - \u00e1ltal\u00e1ban henger alak\u00fa - eszk\u00f6z, mellyel a lehull\u00f3 csapad\u00e9k mennyis\u00e9g\u00e9t hat\u00e1rozhatjuk meg.","robots":{"index":"index","follow":"follow","max-snippet":"max-snippet:-1","max-image-preview":"max-image-preview:large","max-video-preview":"max-video-preview:-1"},"canonical":"https:\/\/tajkertesz.com\/en_US\/product\/csapadekmero-esomero\/","og_locale":"en_US","og_type":"article","og_title":"Csapad\u00e9km\u00e9r\u0151\/es\u0151m\u00e9r\u0151 - T\u00e1jkert\u00e9sz","og_description":"Csapad\u00e9km\u00e9r\u0151\/es\u0151m\u00e9r\u0151. A csapad\u00e9km\u00e9r\u0151 egy olyan - \u00e1ltal\u00e1ban henger alak\u00fa - eszk\u00f6z, mellyel a lehull\u00f3 csapad\u00e9k mennyis\u00e9g\u00e9t hat\u00e1rozhatjuk meg.","og_url":"https:\/\/tajkertesz.com\/en_US\/product\/csapadekmero-esomero\/","og_site_name":"T\u00e1jkert\u00e9sz","article_publisher":"https:\/\/www.facebook.com\/Tajkertesz\/","article_modified_time":"2026-02-13T09:08:16+00:00","og_image":[{"width":940,"height":788,"url":"https:\/\/tajkertesz.com\/wp-content\/uploads\/2024\/01\/csap2001.jpg","type":"image\/jpeg"}],"twitter_card":"summary_large_image","twitter_misc":{"Est. reading time":"2 minutes"},"schema":{"@context":"https:\/\/schema.org","@graph":[{"@type":"WebPage","@id":"https:\/\/tajkertesz.com\/termek\/csapadekmero-esomero\/","url":"https:\/\/tajkertesz.com\/termek\/csapadekmero-esomero\/","name":"Csapad\u00e9km\u00e9r\u0151\/es\u0151m\u00e9r\u0151 - T\u00e1jkert\u00e9sz","isPartOf":{"@id":"https:\/\/tajkertesz.com\/#website"},"primaryImageOfPage":{"@id":"https:\/\/tajkertesz.com\/termek\/csapadekmero-esomero\/#primaryimage"},"image":{"@id":"https:\/\/tajkertesz.com\/termek\/csapadekmero-esomero\/#primaryimage"},"thumbnailUrl":"https:\/\/tajkertesz.com\/wp-content\/uploads\/2024\/01\/csap2001.jpg","datePublished":"2024-01-30T14:45:28+00:00","dateModified":"2026-02-13T09:08:16+00:00","description":"Csapad\u00e9km\u00e9r\u0151\/es\u0151m\u00e9r\u0151. A csapad\u00e9km\u00e9r\u0151 egy olyan - \u00e1ltal\u00e1ban henger alak\u00fa - eszk\u00f6z, mellyel a lehull\u00f3 csapad\u00e9k mennyis\u00e9g\u00e9t hat\u00e1rozhatjuk meg.","breadcrumb":{"@id":"https:\/\/tajkertesz.com\/termek\/csapadekmero-esomero\/#breadcrumb"},"inLanguage":"en-US","potentialAction":[{"@type":"ReadAction","target":["https:\/\/tajkertesz.com\/termek\/csapadekmero-esomero\/"]}]},{"@type":"ImageObject","inLanguage":"en-US","@id":"https:\/\/tajkertesz.com\/termek\/csapadekmero-esomero\/#primaryimage","url":"https:\/\/tajkertesz.com\/wp-content\/uploads\/2024\/01\/csap2001.jpg","contentUrl":"https:\/\/tajkertesz.com\/wp-content\/uploads\/2024\/01\/csap2001.jpg","width":940,"height":788},{"@type":"BreadcrumbList","@id":"https:\/\/tajkertesz.com\/termek\/csapadekmero-esomero\/#breadcrumb","itemListElement":[{"@type":"ListItem","position":1,"name":"Home","item":"https:\/\/tajkertesz.com\/"},{"@type":"ListItem","position":2,"name":"Kezd\u0151lap","item":"https:\/\/tajkertesz.com\/"},{"@type":"ListItem","position":3,"name":"Csapad\u00e9km\u00e9r\u0151\/es\u0151m\u00e9r\u0151"}]},{"@type":"WebSite","@id":"https:\/\/tajkertesz.com\/#website","url":"https:\/\/tajkertesz.com\/","name":"T\u00e1j-Kert\u00e9sz 84 Kft.","description":"Kert\u00e9szeti kis- \u00e9s nagykeresked\u00e9s, D\u00edszn\u00f6v\u00e9ny web\u00e1ruh\u00e1z orsz\u00e1gos h\u00e1zhozsz\u00e1ll\u00edt\u00e1ssal!","publisher":{"@id":"https:\/\/tajkertesz.com\/#organization"},"potentialAction":[{"@type":"SearchAction","target":{"@type":"EntryPoint","urlTemplate":"https:\/\/tajkertesz.com\/?s={search_term_string}"},"query-input":{"@type":"PropertyValueSpecification","valueRequired":true,"valueName":"search_term_string"}}],"inLanguage":"en-US"},{"@type":"Organization","@id":"https:\/\/tajkertesz.com\/#organization","name":"T\u00e1j-Kert\u00e9sz 84 Kft.","url":"https:\/\/tajkertesz.com\/","logo":{"@type":"ImageObject","inLanguage":"en-US","@id":"https:\/\/tajkertesz.com\/#\/schema\/logo\/image\/","url":"https:\/\/tajkertesz.com\/wp-content\/uploads\/2018\/02\/logo-2-e1518678052539.png","contentUrl":"https:\/\/tajkertesz.com\/wp-content\/uploads\/2018\/02\/logo-2-e1518678052539.png","width":81,"height":140,"caption":"T\u00e1j-Kert\u00e9sz 84 Kft."},"image":{"@id":"https:\/\/tajkertesz.com\/#\/schema\/logo\/image\/"},"sameAs":["https:\/\/www.facebook.com\/Tajkertesz\/"]}]}},"_links":{"self":[{"href":"https:\/\/tajkertesz.com\/en_US\/wp-json\/wp\/v2\/product\/18975","targetHints":{"allow":["GET"]}}],"collection":[{"href":"https:\/\/tajkertesz.com\/en_US\/wp-json\/wp\/v2\/product"}],"about":[{"href":"https:\/\/tajkertesz.com\/en_US\/wp-json\/wp\/v2\/types\/product"}],"wp:featuredmedia":[{"embeddable":true,"href":"https:\/\/tajkertesz.com\/en_US\/wp-json\/wp\/v2\/media\/18976"}],"wp:attachment":[{"href":"https:\/\/tajkertesz.com\/en_US\/wp-json\/wp\/v2\/media?parent=18975"}],"wp:term":[{"taxonomy":"product_brand","embeddable":true,"href":"https:\/\/tajkertesz.com\/en_US\/wp-json\/wp\/v2\/product_brand?post=18975"},{"taxonomy":"product_cat","embeddable":true,"href":"https:\/\/tajkertesz.com\/en_US\/wp-json\/wp\/v2\/product_cat?post=18975"},{"taxonomy":"product_tag","embeddable":true,"href":"https:\/\/tajkertesz.com\/en_US\/wp-json\/wp\/v2\/product_tag?post=18975"}],"curies":[{"name":"wp","href":"https:\/\/api.w.org\/{rel}","templated":true}]}}