{"id":18977,"date":"2024-01-30T15:11:55","date_gmt":"2024-01-30T15:11:55","guid":{"rendered":"https:\/\/tajkertesz.com\/?post_type=product&#038;p=18977"},"modified":"2026-02-13T09:08:07","modified_gmt":"2026-02-13T09:08:07","slug":"olajos-rezken-se-1-l-2","status":"publish","type":"product","link":"https:\/\/tajkertesz.com\/en_US\/product\/olajos-rezken-se-1-l-2\/","title":{"rendered":"Olajos R\u00e9zk\u00e9n SE 1 l"},"content":{"rendered":"<h1 class=\"product-detail-name\">Olajos R\u00e9zk\u00e9n SE 1 l<\/h1>\n<p class=\"product-detail-name\">Olajos R\u00e9zk\u00e9n SE 1 l<\/p>\n<div class=\"product-detail-title-after\">\n<div class=\"product-detail-manufacturer-wrap\">\n<p>H\u00e1zikerti felhaszn\u00e1l\u00e1s: 250 ml\/10 l v\u00edz.<\/p>\n<p>\u00d6kol\u00f3giai termeszt\u00e9sben enged\u00e9lyezett. Foly\u00e9kony lemos\u00f3 \u00e9s gomba\u00f6l\u0151 permetez\u0151szer Almaterm\u00e9s\u0171ekben, sz\u0151l\u0151ben bakt\u00e9riumos \u00e9s gomb\u00e1s eredet\u0171 betegs\u00e9gek ellen, lev\u00e9ltetvek, pajzstetvek \u00e9s atkak\u00e1rtev\u0151k gy\u00e9r\u00edt\u00e9s\u00e9re alkalmazhat\u00f3 kora tavaszi lemos\u00f3 permetez\u0151szer. Hat\u00f3anyaga: 90 g\/l f\u00e9mr\u00e9z (r\u00e9zoxiklorid form\u00e1ban) + 210 g\/l k\u00e9n + 420 g\/l \u00e1sv\u00e1nyolaj Az Olajos R\u00e9zk\u00e9n gy\u00e1ri kombin\u00e1ci\u00f3ban tartalmazza a n\u00f6v\u00e9nyv\u00e9delemben k\u00fcl\u00f6n-k\u00fcl\u00f6n m\u00e1r r\u00e9g\u00f3ta alkalmazott \u00e9s k\u00f6zkedvelt r\u00e9zoxikloridot, a mikroniz\u00e1lt elemi k\u00e9nt \u00e9s \u00e1sv\u00e1nyolajat (feh\u00e9rolajat). A h\u00e1rmas hat\u00f3anyag kombin\u00e1ci\u00f3ja miatt h\u00e1rmas a hat\u00e1sa is: lisztharmat gomb\u00e1k, bakt\u00e9riumos \u00e9s egy\u00e9b gomb\u00e1s betegs\u00e9gek (\u00e1gelhal\u00e1sok, t\u0171zelhal\u00e1s, stb.), rovarok \u00e1ttelel\u0151 alakjait puszt\u00edtja, gy\u00e9r\u00edti.<br \/>\nJavasolt n\u00f6v\u00e9nyv\u00e9delmi technol\u00f3gia:<\/p>\n<p>A k\u00e9sz\u00edtm\u00e9ny alkalmaz\u00e1sa az almaterm\u00e9s\u0171ekben r\u00fcgyfakad\u00e1st\u00f3l az esetleges fitotoxicit\u00e1s elker\u00fcl\u00e9se \u00e9rdek\u00e9ben tilos! De a r\u00fcgyfakad\u00e1shoz a lehet\u0151 legk\u00f6zelebbi id\u0151pontban kell a permetez\u00e9st elv\u00e9gezni, mert a lev\u00e9ltetvek \u00e9s tak\u00e1csatk\u00e1k \u00e1ttelel\u0151 toj\u00e1sai ugyanis ebben az id\u0151szakban, az embrion\u00e1lis fejl\u0151d\u00e9s utols\u00f3 szakasz\u00e1ban a leg\u00e9rz\u00e9kenyebbek.<br \/>\nA kijuttat\u00e1s sor\u00e1n a gy\u00fcm\u00f6lcsf\u00e1k \u00e9s sz\u0151l\u0151 t\u0151k\u00e9k lemos\u00e1sszer\u0171 fedetts\u00e9g\u00e9re \u00fcgyelni kell.<\/p>\n<p>alma, k\u00f6rte, birs, naspolya<br \/>\n3-4l 1000-1500l v\u00edz\/ha<br \/>\n3-4 dl 10-15l v\u00edz\/100m2<br \/>\nbakt\u00e9riumos \u00e9s gomb\u00e1s eredet\u0171 betegs\u00e9gek, lev\u00e9ltetvek, atk\u00e1k, pajzstetvek (gy\u00e9r\u00edt\u00e9s)<br \/>\nmax 2 kezel\u00e9s, kezel\u00e9sk k\u00f6zti min id\u0151 10 nap<br \/>\nutols\u00f3 kezel\u00e9s fenost\u00e1diuma r\u00fcgypattan\u00e1s (BBCH 07)<\/p>\n<p>sz\u0151l\u0151 (bor-, csemege)<br \/>\n4l\/ha 800-1500l v\u00edz\/ha<br \/>\n4 dl 8-15l v\u00edz\/100m2<br \/>\nbakt\u00e9riumos \u00e9s gomb\u00e1s eredet\u0171 betegs\u00e9gek, lev\u00e9ltetvek, atk\u00e1k, pajzstetvek (gy\u00e9r\u00edt\u00e9s)<br \/>\nmax 2 kezel\u00e9s, kezel\u00e9sk k\u00f6zti min id\u0151 10 nap<br \/>\nutols\u00f3 kezel\u00e9s fenost\u00e1diuma r\u00fcgypattan\u00e1s (BBCH 07)<\/p>\n<p>csonth\u00e9jasok (\u0151szibarack, nektarin, kajszi, mandula, meggy, cseresznye, szilva)<br \/>\n3l\/ha 800-1500l v\u00edz\/ha<br \/>\n3 dl 8-15l v\u00edz\/100m2<br \/>\nbakt\u00e9riumos \u00e9s gomb\u00e1s eredet\u0171 betegs\u00e9gek, lev\u00e9ltetvek, atk\u00e1k, pajzstetvek (gy\u00e9r\u00edt\u00e9s)<br \/>\nmax 2 kezel\u00e9s, kezel\u00e9sk k\u00f6zti min id\u0151 10 nap<br \/>\nutols\u00f3 kezel\u00e9s fenost\u00e1diuma r\u00fcgypattan\u00e1s (BBCH 07)<\/p>\n<p>bogy\u00f3sok (m\u00e1lna, szeder, k\u00f6szm\u00e9te, piros \u00e9s fekete ribiszke, josta)<br \/>\n3l\/ha 700-1500l v\u00edz\/ha<br \/>\n3 dl 7-15l v\u00edz\/100m2<br \/>\nbakt\u00e9riumos \u00e9s gomb\u00e1s eredet\u0171 betegs\u00e9gek, lev\u00e9ltetvek, atk\u00e1k, pajzstetvek (gy\u00e9r\u00edt\u00e9s)<br \/>\nmax 2 kezel\u00e9s, kezel\u00e9sk k\u00f6zti min id\u0151 10 nap<br \/>\nutols\u00f3 kezel\u00e9s fenost\u00e1diuma r\u00fcgypattan\u00e1s (BBCH 07)<\/p>\n<p>d\u00edszf\u00e1k, d\u00edszcserj\u00e9k<br \/>\n3l\/ha 700-1500l v\u00edz\/ha<br \/>\n3 dl 7-15l v\u00edz\/100m2<br \/>\nbakt\u00e9riumos \u00e9s gomb\u00e1s eredet\u0171 betegs\u00e9gek, lev\u00e9ltetvek, atk\u00e1k, pajzstetvek (gy\u00e9r\u00edt\u00e9s)<br \/>\nmax 2 kezel\u00e9s, kezel\u00e9sk k\u00f6zti min id\u0151 10 nap<br \/>\nutols\u00f3 kezel\u00e9s fenost\u00e1diuma r\u00fcgypattan\u00e1s (BBCH 07)<\/p>\n<p>A k\u00e9sz\u00edtm\u00e9nyt felhaszn\u00e1l\u00e1s el\u0151tt fel kell r\u00e1zni!<\/p>\n<\/div>\n<\/div>\n<p align=\"justify\"><a href=\"https:\/\/www.facebook.com\/tajkertesz\">https:\/\/www.facebook.com\/tajkertesz<\/a><\/p>\n<p align=\"justify\"><a href=\"http:\/\/www.tajkertesz.hu\">http:\/\/www.tajkertesz.hu<\/a><\/p>\n<p align=\"justify\"><a href=\"https:\/\/tajkertesz.com\/wp-content\/uploads\/2021\/12\/olajos_rezken1.pdf\">olajos_rezken1<\/a><\/p>\n<h3 align=\"justify\">Kiz\u00e1r\u00f3lag szem\u00e9lyes \u00e1tv\u00e9tellel lehets\u00e9ges a term\u00e9k megv\u00e1s\u00e1rl\u00e1sa!<\/h3>\n<p align=\"justify\"><span style=\"color: #ffffff;\">A k\u00e9sz\u00edtm\u00e9nyt a gyep ny\u00edr\u00e1s\u00e1t k\u00f6vet\u0151en, a k\u00e9tszik\u0171 gyomn\u00f6v\u00e9nyek n\u00f6veked\u00e9s\u00e9nek \u00fajb\u00f3li megindul\u00e1sa ut\u00e1n kell kijuttatni 10 l\/ha (100 ml \/ 100 m2) d\u00f3zisban. A kijuttat\u00e1shoz sz\u00fcks\u00e9ges v\u00edzmennyis\u00e9g 10 l \/ 100 m2. A kezel\u00e9sn\u00e9l \u00fcgyelni kell arra, hogy a permetl\u00e9 kult\u00farn\u00f6v\u00e9nyekre ne ker\u00fclj\u00f6n, mert azokat maradand\u00f3an k\u00e1ros\u00edtja.<\/span><\/p>\n<p align=\"justify\"><span style=\"color: #ffffff;\">A k\u00e9sz\u00edtm\u00e9ny alkalmazhat\u00f3 foltkezel\u00e9s \u00e9s teljes fel\u00fcletkezel\u00e9s form\u00e1j\u00e1ban. Egy veget\u00e1ci\u00f3s szakaszban maximum k\u00e9t kezel\u00e9s v\u00e9gezhet\u0151.<\/span><\/p>\n<div align=\"justify\"><\/div>","protected":false},"excerpt":{"rendered":"<h2 class=\"product-detail-name\" style=\"text-align: left;\">Olajos R\u00e9zk\u00e9n SE 1 l<\/h2>\n<div class=\"product-detail-title-after\">\n<div class=\"product-detail-manufacturer-wrap\">Foly\u00e9kony lemos\u00f3 \u00e9s gomba\u00f6l\u0151 permetez\u0151szer Almaterm\u00e9s\u0171ekben, sz\u0151l\u0151ben bakt\u00e9riumos \u00e9s gomb\u00e1s eredet\u0171 betegs\u00e9gek ellen&#8230;<\/div>\n<div><\/div>\n<div>10 liter permetl\u00e9hez sz\u00fcks\u00e9ges Olajos R\u00e9zk\u00e9n mennyis\u00e9g:<br \/>\n&#8211; Almaterm\u00e9s\u0171ekben a r\u00fcgypattan\u00e1shoz a lehet\u0151 legk\u00f6zelebbi id\u0151pontban 0,3-0,4 liter<br \/>\n&#8211; Sz\u0151l\u0151ben a gyapjas \u00e1llapotig 0,4 liter<br \/>\nA 10 l permetl\u00e9 \u00e1ltal\u00e1ban 100 m2-nyi ter\u00fcletre elegend\u0151!<\/div>\n<div>\n<h3 align=\"justify\">Kiz\u00e1r\u00f3lag szem\u00e9lyes \u00e1tv\u00e9tellel lehets\u00e9ges a term\u00e9k megv\u00e1s\u00e1rl\u00e1sa!<\/h3>\n<\/div>\n<\/div>\n<div class=\"product-detail-title-after\">\n<div class=\"product-detail-manufacturer-wrap\"><\/div>\n<\/div>\n<div class=\"product-detail-title-after\">\n<div class=\"product-detail-manufacturer-wrap\"><\/div>\n<\/div>\n<div class=\"product-detail-title-after\">\n<div class=\"product-detail-manufacturer-wrap\"><\/div>\n<\/div>","protected":false},"featured_media":12108,"template":"","meta":{"_et_pb_use_builder":"","_et_pb_old_content":"","_et_gb_content_width":""},"product_brand":[],"product_cat":[4274,3424],"product_tag":[4751,4781,3565,4752,4780],"class_list":{"0":"post-18977","1":"product","2":"type-product","3":"status-publish","4":"has-post-thumbnail","6":"product_cat-akcios-termekek","7":"product_cat-lemoso-permetezoszerek","8":"product_tag-lemoso","9":"product_tag-olaj","10":"product_tag-olajos-rezken-se-1-l","11":"product_tag-permetezoszer","12":"product_tag-rezken","14":"first","15":"instock","16":"shipping-taxable","17":"purchasable","18":"product-type-simple"},"yoast_head":"<!-- This site is optimized with the Yoast SEO plugin v27.5 - https:\/\/yoast.com\/product\/yoast-seo-wordpress\/ -->\n<title>Olajos R\u00e9zk\u00e9n SE 1 l - T\u00e1jkert\u00e9sz<\/title>\n<meta name=\"description\" content=\"Olajos R\u00e9zk\u00e9n SE 1 l\" \/>\n<meta name=\"robots\" content=\"index, follow, max-snippet:-1, max-image-preview:large, max-video-preview:-1\" \/>\n<link rel=\"canonical\" href=\"https:\/\/tajkertesz.com\/en_US\/product\/olajos-rezken-se-1-l-2\/\" \/>\n<meta property=\"og:locale\" content=\"en_US\" \/>\n<meta property=\"og:type\" content=\"article\" \/>\n<meta property=\"og:title\" content=\"Olajos R\u00e9zk\u00e9n SE 1 l - T\u00e1jkert\u00e9sz\" \/>\n<meta property=\"og:description\" content=\"Olajos R\u00e9zk\u00e9n SE 1 l\" \/>\n<meta property=\"og:url\" content=\"https:\/\/tajkertesz.com\/en_US\/product\/olajos-rezken-se-1-l-2\/\" \/>\n<meta property=\"og:site_name\" content=\"T\u00e1jkert\u00e9sz\" \/>\n<meta property=\"article:publisher\" content=\"https:\/\/www.facebook.com\/Tajkertesz\/\" \/>\n<meta property=\"article:modified_time\" content=\"2026-02-13T09:08:07+00:00\" \/>\n<meta property=\"og:image\" content=\"https:\/\/tajkertesz.com\/wp-content\/uploads\/2021\/12\/Olajosrezken1l.jpg\" \/>\n\t<meta property=\"og:image:width\" content=\"1920\" \/>\n\t<meta property=\"og:image:height\" content=\"1280\" \/>\n\t<meta property=\"og:image:type\" content=\"image\/jpeg\" \/>\n<meta name=\"twitter:card\" content=\"summary_large_image\" \/>\n<meta name=\"twitter:label1\" content=\"Est. reading time\" \/>\n\t<meta name=\"twitter:data1\" content=\"3 minutes\" \/>\n<script type=\"application\/ld+json\" class=\"yoast-schema-graph\">{\"@context\":\"https:\\\/\\\/schema.org\",\"@graph\":[{\"@type\":\"WebPage\",\"@id\":\"https:\\\/\\\/tajkertesz.com\\\/termek\\\/olajos-rezken-se-1-l-2\\\/\",\"url\":\"https:\\\/\\\/tajkertesz.com\\\/termek\\\/olajos-rezken-se-1-l-2\\\/\",\"name\":\"Olajos R\u00e9zk\u00e9n SE 1 l - T\u00e1jkert\u00e9sz\",\"isPartOf\":{\"@id\":\"https:\\\/\\\/tajkertesz.com\\\/#website\"},\"primaryImageOfPage\":{\"@id\":\"https:\\\/\\\/tajkertesz.com\\\/termek\\\/olajos-rezken-se-1-l-2\\\/#primaryimage\"},\"image\":{\"@id\":\"https:\\\/\\\/tajkertesz.com\\\/termek\\\/olajos-rezken-se-1-l-2\\\/#primaryimage\"},\"thumbnailUrl\":\"https:\\\/\\\/tajkertesz.com\\\/wp-content\\\/uploads\\\/2021\\\/12\\\/Olajosrezken1l.jpg\",\"datePublished\":\"2024-01-30T15:11:55+00:00\",\"dateModified\":\"2026-02-13T09:08:07+00:00\",\"description\":\"Olajos R\u00e9zk\u00e9n SE 1 l\",\"breadcrumb\":{\"@id\":\"https:\\\/\\\/tajkertesz.com\\\/termek\\\/olajos-rezken-se-1-l-2\\\/#breadcrumb\"},\"inLanguage\":\"en-US\",\"potentialAction\":[{\"@type\":\"ReadAction\",\"target\":[\"https:\\\/\\\/tajkertesz.com\\\/termek\\\/olajos-rezken-se-1-l-2\\\/\"]}]},{\"@type\":\"ImageObject\",\"inLanguage\":\"en-US\",\"@id\":\"https:\\\/\\\/tajkertesz.com\\\/termek\\\/olajos-rezken-se-1-l-2\\\/#primaryimage\",\"url\":\"https:\\\/\\\/tajkertesz.com\\\/wp-content\\\/uploads\\\/2021\\\/12\\\/Olajosrezken1l.jpg\",\"contentUrl\":\"https:\\\/\\\/tajkertesz.com\\\/wp-content\\\/uploads\\\/2021\\\/12\\\/Olajosrezken1l.jpg\",\"width\":1920,\"height\":1280},{\"@type\":\"BreadcrumbList\",\"@id\":\"https:\\\/\\\/tajkertesz.com\\\/termek\\\/olajos-rezken-se-1-l-2\\\/#breadcrumb\",\"itemListElement\":[{\"@type\":\"ListItem\",\"position\":1,\"name\":\"Home\",\"item\":\"https:\\\/\\\/tajkertesz.com\\\/\"},{\"@type\":\"ListItem\",\"position\":2,\"name\":\"Kezd\u0151lap\",\"item\":\"https:\\\/\\\/tajkertesz.com\\\/\"},{\"@type\":\"ListItem\",\"position\":3,\"name\":\"Olajos R\u00e9zk\u00e9n SE 1 l\"}]},{\"@type\":\"WebSite\",\"@id\":\"https:\\\/\\\/tajkertesz.com\\\/#website\",\"url\":\"https:\\\/\\\/tajkertesz.com\\\/\",\"name\":\"T\u00e1j-Kert\u00e9sz 84 Kft.\",\"description\":\"Kert\u00e9szeti kis- \u00e9s nagykeresked\u00e9s, D\u00edszn\u00f6v\u00e9ny web\u00e1ruh\u00e1z orsz\u00e1gos h\u00e1zhozsz\u00e1ll\u00edt\u00e1ssal!\",\"publisher\":{\"@id\":\"https:\\\/\\\/tajkertesz.com\\\/#organization\"},\"potentialAction\":[{\"@type\":\"SearchAction\",\"target\":{\"@type\":\"EntryPoint\",\"urlTemplate\":\"https:\\\/\\\/tajkertesz.com\\\/?s={search_term_string}\"},\"query-input\":{\"@type\":\"PropertyValueSpecification\",\"valueRequired\":true,\"valueName\":\"search_term_string\"}}],\"inLanguage\":\"en-US\"},{\"@type\":\"Organization\",\"@id\":\"https:\\\/\\\/tajkertesz.com\\\/#organization\",\"name\":\"T\u00e1j-Kert\u00e9sz 84 Kft.\",\"url\":\"https:\\\/\\\/tajkertesz.com\\\/\",\"logo\":{\"@type\":\"ImageObject\",\"inLanguage\":\"en-US\",\"@id\":\"https:\\\/\\\/tajkertesz.com\\\/#\\\/schema\\\/logo\\\/image\\\/\",\"url\":\"https:\\\/\\\/tajkertesz.com\\\/wp-content\\\/uploads\\\/2018\\\/02\\\/logo-2-e1518678052539.png\",\"contentUrl\":\"https:\\\/\\\/tajkertesz.com\\\/wp-content\\\/uploads\\\/2018\\\/02\\\/logo-2-e1518678052539.png\",\"width\":81,\"height\":140,\"caption\":\"T\u00e1j-Kert\u00e9sz 84 Kft.\"},\"image\":{\"@id\":\"https:\\\/\\\/tajkertesz.com\\\/#\\\/schema\\\/logo\\\/image\\\/\"},\"sameAs\":[\"https:\\\/\\\/www.facebook.com\\\/Tajkertesz\\\/\"]}]}<\/script>\n<!-- \/ Yoast SEO plugin. -->","yoast_head_json":{"title":"Olajos R\u00e9zk\u00e9n SE 1 l - T\u00e1jkert\u00e9sz","description":"Olajos R\u00e9zk\u00e9n SE 1 l","robots":{"index":"index","follow":"follow","max-snippet":"max-snippet:-1","max-image-preview":"max-image-preview:large","max-video-preview":"max-video-preview:-1"},"canonical":"https:\/\/tajkertesz.com\/en_US\/product\/olajos-rezken-se-1-l-2\/","og_locale":"en_US","og_type":"article","og_title":"Olajos R\u00e9zk\u00e9n SE 1 l - T\u00e1jkert\u00e9sz","og_description":"Olajos R\u00e9zk\u00e9n SE 1 l","og_url":"https:\/\/tajkertesz.com\/en_US\/product\/olajos-rezken-se-1-l-2\/","og_site_name":"T\u00e1jkert\u00e9sz","article_publisher":"https:\/\/www.facebook.com\/Tajkertesz\/","article_modified_time":"2026-02-13T09:08:07+00:00","og_image":[{"width":1920,"height":1280,"url":"https:\/\/tajkertesz.com\/wp-content\/uploads\/2021\/12\/Olajosrezken1l.jpg","type":"image\/jpeg"}],"twitter_card":"summary_large_image","twitter_misc":{"Est. reading time":"3 minutes"},"schema":{"@context":"https:\/\/schema.org","@graph":[{"@type":"WebPage","@id":"https:\/\/tajkertesz.com\/termek\/olajos-rezken-se-1-l-2\/","url":"https:\/\/tajkertesz.com\/termek\/olajos-rezken-se-1-l-2\/","name":"Olajos R\u00e9zk\u00e9n SE 1 l - T\u00e1jkert\u00e9sz","isPartOf":{"@id":"https:\/\/tajkertesz.com\/#website"},"primaryImageOfPage":{"@id":"https:\/\/tajkertesz.com\/termek\/olajos-rezken-se-1-l-2\/#primaryimage"},"image":{"@id":"https:\/\/tajkertesz.com\/termek\/olajos-rezken-se-1-l-2\/#primaryimage"},"thumbnailUrl":"https:\/\/tajkertesz.com\/wp-content\/uploads\/2021\/12\/Olajosrezken1l.jpg","datePublished":"2024-01-30T15:11:55+00:00","dateModified":"2026-02-13T09:08:07+00:00","description":"Olajos R\u00e9zk\u00e9n SE 1 l","breadcrumb":{"@id":"https:\/\/tajkertesz.com\/termek\/olajos-rezken-se-1-l-2\/#breadcrumb"},"inLanguage":"en-US","potentialAction":[{"@type":"ReadAction","target":["https:\/\/tajkertesz.com\/termek\/olajos-rezken-se-1-l-2\/"]}]},{"@type":"ImageObject","inLanguage":"en-US","@id":"https:\/\/tajkertesz.com\/termek\/olajos-rezken-se-1-l-2\/#primaryimage","url":"https:\/\/tajkertesz.com\/wp-content\/uploads\/2021\/12\/Olajosrezken1l.jpg","contentUrl":"https:\/\/tajkertesz.com\/wp-content\/uploads\/2021\/12\/Olajosrezken1l.jpg","width":1920,"height":1280},{"@type":"BreadcrumbList","@id":"https:\/\/tajkertesz.com\/termek\/olajos-rezken-se-1-l-2\/#breadcrumb","itemListElement":[{"@type":"ListItem","position":1,"name":"Home","item":"https:\/\/tajkertesz.com\/"},{"@type":"ListItem","position":2,"name":"Kezd\u0151lap","item":"https:\/\/tajkertesz.com\/"},{"@type":"ListItem","position":3,"name":"Olajos R\u00e9zk\u00e9n SE 1 l"}]},{"@type":"WebSite","@id":"https:\/\/tajkertesz.com\/#website","url":"https:\/\/tajkertesz.com\/","name":"T\u00e1j-Kert\u00e9sz 84 Kft.","description":"Kert\u00e9szeti kis- \u00e9s nagykeresked\u00e9s, D\u00edszn\u00f6v\u00e9ny web\u00e1ruh\u00e1z orsz\u00e1gos h\u00e1zhozsz\u00e1ll\u00edt\u00e1ssal!","publisher":{"@id":"https:\/\/tajkertesz.com\/#organization"},"potentialAction":[{"@type":"SearchAction","target":{"@type":"EntryPoint","urlTemplate":"https:\/\/tajkertesz.com\/?s={search_term_string}"},"query-input":{"@type":"PropertyValueSpecification","valueRequired":true,"valueName":"search_term_string"}}],"inLanguage":"en-US"},{"@type":"Organization","@id":"https:\/\/tajkertesz.com\/#organization","name":"T\u00e1j-Kert\u00e9sz 84 Kft.","url":"https:\/\/tajkertesz.com\/","logo":{"@type":"ImageObject","inLanguage":"en-US","@id":"https:\/\/tajkertesz.com\/#\/schema\/logo\/image\/","url":"https:\/\/tajkertesz.com\/wp-content\/uploads\/2018\/02\/logo-2-e1518678052539.png","contentUrl":"https:\/\/tajkertesz.com\/wp-content\/uploads\/2018\/02\/logo-2-e1518678052539.png","width":81,"height":140,"caption":"T\u00e1j-Kert\u00e9sz 84 Kft."},"image":{"@id":"https:\/\/tajkertesz.com\/#\/schema\/logo\/image\/"},"sameAs":["https:\/\/www.facebook.com\/Tajkertesz\/"]}]}},"_links":{"self":[{"href":"https:\/\/tajkertesz.com\/en_US\/wp-json\/wp\/v2\/product\/18977","targetHints":{"allow":["GET"]}}],"collection":[{"href":"https:\/\/tajkertesz.com\/en_US\/wp-json\/wp\/v2\/product"}],"about":[{"href":"https:\/\/tajkertesz.com\/en_US\/wp-json\/wp\/v2\/types\/product"}],"wp:featuredmedia":[{"embeddable":true,"href":"https:\/\/tajkertesz.com\/en_US\/wp-json\/wp\/v2\/media\/12108"}],"wp:attachment":[{"href":"https:\/\/tajkertesz.com\/en_US\/wp-json\/wp\/v2\/media?parent=18977"}],"wp:term":[{"taxonomy":"product_brand","embeddable":true,"href":"https:\/\/tajkertesz.com\/en_US\/wp-json\/wp\/v2\/product_brand?post=18977"},{"taxonomy":"product_cat","embeddable":true,"href":"https:\/\/tajkertesz.com\/en_US\/wp-json\/wp\/v2\/product_cat?post=18977"},{"taxonomy":"product_tag","embeddable":true,"href":"https:\/\/tajkertesz.com\/en_US\/wp-json\/wp\/v2\/product_tag?post=18977"}],"curies":[{"name":"wp","href":"https:\/\/api.w.org\/{rel}","templated":true}]}}