{"id":18978,"date":"2024-01-30T15:12:09","date_gmt":"2024-01-30T15:12:09","guid":{"rendered":"https:\/\/tajkertesz.com\/?post_type=product&#038;p=18978"},"modified":"2026-02-13T09:08:00","modified_gmt":"2026-02-13T09:08:00","slug":"olajos-rezken-se-05l","status":"publish","type":"product","link":"https:\/\/tajkertesz.com\/en_US\/product\/olajos-rezken-se-05l\/","title":{"rendered":"Olajos R\u00e9zk\u00e9n SE 0,5l"},"content":{"rendered":"<h1 class=\"product-detail-name\">Olajos R\u00e9zk\u00e9n SE 0,5l<\/h1>\n<p class=\"product-detail-name\">Olajos R\u00e9zk\u00e9n SE 0,5l<\/p>\n<div class=\"product-detail-title-after\">\n<div class=\"product-detail-manufacturer-wrap\">\n<p>H\u00e1zikerti felhaszn\u00e1l\u00e1s: 250 ml\/10 l v\u00edz.<\/p>\n<p>Hat\u00e1sm\u00f3d \u00e9s hat\u00e9konys\u00e1g<br \/>\nAz Olajos r\u00e9zk\u00e9n gy\u00e1ri kombin\u00e1ci\u00f3 tartalmazza a r\u00e9zoxikloridot, a k\u00e9nt \u00e9s az \u00e1sv\u00e1nyi olajat, \u00edgy egy k\u00e9sz\u00edtm\u00e9nnyel v\u00e9dekezhet\u00fcnk nyugalmi \u00e1llapotban a bakt\u00e9riumos \u00e9s gomb\u00e1s eredet\u0171 betegs\u00e9gek \u00e9s k\u00e1rtev\u0151k ellen.<\/p>\n<p>A r\u00e9z a lebont\u00f3 folyamatokat g\u00e1tolja, a gl\u00fckolizisben az SH- csoportok megk\u00f6t\u00e9s\u00e9vel blokkolja a pirosz\u0151l\u0151sav dehidrogen\u00e1z enzimrendszert. Fungicid hat\u00e1sa abban rejlik, hogy a sp\u00f3r\u00e1ban felhalmoz\u00f3dik a CU 2+-ion. Jellemz\u0151 r\u00e1 a sz\u00e9les hat\u00e1sspektrum: bakt\u00e9riumos betegs\u00e9gek, peronoszp\u00f3ra, t\u0171zelhal\u00e1s, mon\u00edlia, lev\u00e9lfodrosod\u00e1s.<\/p>\n<p>A k\u00e9n a gomb\u00e1ba jutva k\u00e9nhidrog\u00e9nn\u00e9 alakul, ami fungicid hat\u00e1s\u00fa. Hat\u00e9kony a lisztharmat ellen \u00e9s atkagy\u00e9r\u00edt\u0151 hat\u00e1sa van.<\/p>\n<p>Az olaj bevonatot k\u00e9pez a k\u00e1rtev\u0151k fel\u00fclet\u00e9n, \u00edgy azok l\u00e9gz\u00e9s\u00e9t g\u00e1tolja. J\u00f3 a hat\u00e9konys\u00e1ga a rovark\u00e1rtev\u0151k ellen: pajzstetvek, atk\u00e1k, lev\u00e9ltetvek, molyok.<\/p>\n<p>Lemos\u00f3 permetez\u00e9sn\u00e9l rendk\u00edv\u00fcl fontos a permetez\u00e9s id\u0151pontj\u00e1nak a megv\u00e1laszt\u00e1sa. A t\u00fal korai permetez\u00e9sn\u00e9l a k\u00e1ros\u00edt\u00f3k m\u00e9g nem kezdik meg \u00e9lettev\u00e9kenys\u00e9geiket, a k\u00e9s\u0151i permetez\u00e9s perzsel\u00e9st okozhat. A kezel\u00e9st a r\u00fcgypattan\u00e1shoz k\u00f6zeli id\u0151pontban aj\u00e1nlatos elv\u00e9gezni, mert ilyenkor a r\u00fcgypikkely levelek al\u00e1 k\u00f6nnyebben behatolnak a n\u00f6v\u00e9nyv\u00e9d\u0151 szerek. A gondosan, idej\u00e9ben elv\u00e9gzett lemos\u00f3 permetez\u00e9s jelent\u0151sen n\u00f6veli a teny\u00e9szid\u0151szakban v\u00e9gzett k\u00e9miai v\u00e9dekez\u00e9s hat\u00e9konys\u00e1g\u00e1t. A rezes lemos\u00f3 kezel\u00e9ssel lez\u00e1rjuk a metsz\u00e9s sor\u00e1n keletkezett kisebb-nagyobb sebfel\u00fcleteket.<\/p>\n<p>Felhaszn\u00e1l\u00e1si javaslatok<br \/>\nAlmaterm\u00e9s\u0171ekben j\u00f3 hat\u00e9konys\u00e1g\u00fa a bakt\u00e9riumos \u00e9s gomb\u00e1s \u00e1gelhal\u00e1s, t\u0171zelhal\u00e1s, lisztharmat ellen. A kaliforniai pajzstet\u0171 elleni v\u00e9dekez\u00e9s alapja a lemos\u00f3szeres v\u00e9dekez\u00e9s, ilyenkor lehet olyan t\u00f6m\u00e9nys\u00e9gben haszn\u00e1lni permetez\u0151szert, amely hat\u00e1sos ellene. Sodr\u00f3molyok, bimb\u00f3likaszt\u00f3 bog\u00e1r \u00e1ttelel\u0151 nemzed\u00e9ke ellen \u00e9s a tak\u00e1csatk\u00e1k gy\u00e9r\u00edt\u00e9s\u00e9re is hat\u00e1sos. A k\u00e9sz\u00edtm\u00e9nyt r\u00fcgypattan\u00e1sig lehet felhaszn\u00e1lni 3-4%-os t\u00f6m\u00e9nys\u00e9gben.<\/p>\n<p>Sz\u0151l\u0151ben els\u0151sorban a f\u00e1s r\u00e9szeket (t\u00f6rzs, kordonkar) t\u00e1mad\u00f3 k\u00f3rokoz\u00f3k (Esca) megel\u0151z\u00e9s\u00e9re. A lisztharmat, pajzstetvek, lev\u00e9l-, gubacsatka, molyok ellen hat\u00e1sos. A k\u00e9sz\u00edtm\u00e9nyt gyapjas \u00e1llapotig lehet felhaszn\u00e1lni 4%-os t\u00f6m\u00e9nys\u00e9gben.<\/p>\n<p>A lemos\u00e1st olyan nagy l\u00e9mennyis\u00e9ggel (kb. 1000-1200 l v\u00edz), \u00e1ztat\u00e1sszer\u0171en kell elv\u00e9gezni, hogy a t\u00f6rzseken \u00e9s az \u00e1gakon az egyenletes fed\u00e9s biztos\u00edtva legyen.<\/p>\n<p>Csonth\u00e9jasok, bogy\u00f3sok, d\u00edszf\u00e1k, d\u00edszcserj\u00e9k kult\u00far\u00e1kban, nyugalmi id\u0151szakban (legk\u00e9s\u0151bb r\u00fcgypattan\u00e1skor), 1-2 alkalommal, c\u00e9lszer\u0171 v\u00e9dekezni, lemos\u00e1sszer\u0171 permetez\u00e9ssel. A permetl\u00e9 mennyis\u00e9g\u00e9t a lombfel\u00fclet nagys\u00e1g\u00e1t\u00f3l, valamint az alkalmazott g\u00e9pt\u00edpust\u00f3l f\u00fcgg\u0151en kell megv\u00e1lasztani.<\/p>\n<\/div>\n<\/div>\n<p align=\"justify\"><a href=\"https:\/\/www.facebook.com\/tajkertesz\">https:\/\/www.facebook.com\/tajkertesz<\/a><\/p>\n<p align=\"justify\"><a href=\"http:\/\/www.tajkertesz.hu\">http:\/\/www.tajkertesz.hu<\/a><\/p>\n<p align=\"justify\"><a href=\"https:\/\/tajkertesz.com\/wp-content\/uploads\/2021\/12\/Olajosrezken.pdf\">Olajosrezken<\/a><\/p>\n<h3 align=\"justify\">Kiz\u00e1r\u00f3lag szem\u00e9lyes \u00e1tv\u00e9tellel lehets\u00e9ges a term\u00e9k megv\u00e1s\u00e1rl\u00e1sa!<\/h3>\n<p align=\"justify\"><span style=\"color: #ffffff;\">A k\u00e9sz\u00edtm\u00e9nyt a gyep ny\u00edr\u00e1s\u00e1t k\u00f6vet\u0151en, a k\u00e9tszik\u0171 gyomn\u00f6v\u00e9nyek n\u00f6veked\u00e9s\u00e9nek \u00fajb\u00f3li megindul\u00e1sa ut\u00e1n kell kijuttatni 10 l\/ha (100 ml \/ 100 m2) d\u00f3zisban. A kijuttat\u00e1shoz sz\u00fcks\u00e9ges v\u00edzmennyis\u00e9g 10 l \/ 100 m2. A kezel\u00e9sn\u00e9l \u00fcgyelni kell arra, hogy a permetl\u00e9 kult\u00farn\u00f6v\u00e9nyekre ne ker\u00fclj\u00f6n, mert azokat maradand\u00f3an k\u00e1ros\u00edtja.<\/span><\/p>\n<p align=\"justify\"><span style=\"color: #ffffff;\">A k\u00e9sz\u00edtm\u00e9ny alkalmazhat\u00f3 foltkezel\u00e9s \u00e9s teljes fel\u00fcletkezel\u00e9s form\u00e1j\u00e1ban. Egy veget\u00e1ci\u00f3s szakaszban maximum k\u00e9t kezel\u00e9s v\u00e9gezhet\u0151.<\/span><\/p>\n<div align=\"justify\"><\/div>","protected":false},"excerpt":{"rendered":"<h2 class=\"product-detail-name\" style=\"text-align: left;\">Olajos R\u00e9zk\u00e9n SE 0,5l<\/h2>\n<p>Lemos\u00f3 permetez\u0151szer<\/p>\n<p>A lemos\u00e1st olyan nagy l\u00e9mennyis\u00e9ggel (kb. 1000-1200 l v\u00edz), \u00e1ztat\u00e1sszer\u0171en kell elv\u00e9gezni, hogy a t\u00f6rzseken \u00e9s az \u00e1gakon az egyenletes fed\u00e9s biztos\u00edtva legyen&#8230;<\/p>\n<p style=\"line-height: 18.0pt; background: white; margin: 0cm 0cm 15.0pt 0cm;\"><b><span style=\"font-family: 'Ubuntu',sans-serif; color: black;\">K\u00e9szlet\u00fcnk napi szinten v\u00e1ltozik, ez\u00e9rt k\u00e9rj\u00fck, \u00e9rdekl\u0151dj\u00f6n szem\u00e9lyesen, telefonon vagy email-en.<br \/>\nA v\u00e1ltoztat\u00e1s jog\u00e1t fenntartjuk!\u00a0<\/span><\/b><\/p>\n<div class=\"product-detail-title-after\">\n<div class=\"product-detail-manufacturer-wrap\"><\/div>\n<\/div>\n<div class=\"product-detail-title-after\">\n<div class=\"product-detail-manufacturer-wrap\"><\/div>\n<\/div>\n<div class=\"product-detail-title-after\">\n<div class=\"product-detail-manufacturer-wrap\"><\/div>\n<\/div>\n<div class=\"product-detail-title-after\">\n<div class=\"product-detail-manufacturer-wrap\"><\/div>\n<\/div>","protected":false},"featured_media":18979,"template":"","meta":{"_et_pb_use_builder":"","_et_pb_old_content":"","_et_gb_content_width":""},"product_brand":[],"product_cat":[3424],"product_tag":[4751,3566,4752],"class_list":{"0":"post-18978","1":"product","2":"type-product","3":"status-publish","4":"has-post-thumbnail","6":"product_cat-lemoso-permetezoszerek","7":"product_tag-lemoso","8":"product_tag-olajos-rezken-se","9":"product_tag-permetezoszer","11":"first","12":"instock","13":"shipping-taxable","14":"purchasable","15":"product-type-simple"},"yoast_head":"<!-- This site is optimized with the Yoast SEO plugin v27.4 - https:\/\/yoast.com\/product\/yoast-seo-wordpress\/ -->\n<title>Olajos R\u00e9zk\u00e9n SE 0,5l - T\u00e1jkert\u00e9sz<\/title>\n<meta name=\"description\" content=\"Olajos R\u00e9zk\u00e9n SE 0,5l. Lemos\u00f3 permetez\u00e9sn\u00e9l rendk\u00edv\u00fcl fontos a permetez\u00e9s id\u0151pontj\u00e1nak a megv\u00e1laszt\u00e1sa. Kert\u00e9szeti kis-\u00e9s nagykeresked\u00e9s\" \/>\n<meta name=\"robots\" content=\"index, follow, max-snippet:-1, max-image-preview:large, max-video-preview:-1\" \/>\n<link rel=\"canonical\" href=\"https:\/\/tajkertesz.com\/en_US\/product\/olajos-rezken-se-05l\/\" \/>\n<meta property=\"og:locale\" content=\"en_US\" \/>\n<meta property=\"og:type\" content=\"article\" \/>\n<meta property=\"og:title\" content=\"Olajos R\u00e9zk\u00e9n SE 0,5l - T\u00e1jkert\u00e9sz\" \/>\n<meta property=\"og:description\" content=\"Olajos R\u00e9zk\u00e9n SE 0,5l. Lemos\u00f3 permetez\u00e9sn\u00e9l rendk\u00edv\u00fcl fontos a permetez\u00e9s id\u0151pontj\u00e1nak a megv\u00e1laszt\u00e1sa. Kert\u00e9szeti kis-\u00e9s nagykeresked\u00e9s\" \/>\n<meta property=\"og:url\" content=\"https:\/\/tajkertesz.com\/en_US\/product\/olajos-rezken-se-05l\/\" \/>\n<meta property=\"og:site_name\" content=\"T\u00e1jkert\u00e9sz\" \/>\n<meta property=\"article:publisher\" content=\"https:\/\/www.facebook.com\/Tajkertesz\/\" \/>\n<meta property=\"article:modified_time\" content=\"2026-02-13T09:08:00+00:00\" \/>\n<meta property=\"og:image\" content=\"https:\/\/tajkertesz.com\/wp-content\/uploads\/2024\/01\/olai4401.jpg\" \/>\n\t<meta property=\"og:image:width\" content=\"940\" \/>\n\t<meta property=\"og:image:height\" content=\"788\" \/>\n\t<meta property=\"og:image:type\" content=\"image\/jpeg\" \/>\n<meta name=\"twitter:card\" content=\"summary_large_image\" \/>\n<meta name=\"twitter:label1\" content=\"Est. reading time\" \/>\n\t<meta name=\"twitter:data1\" content=\"3 minutes\" \/>\n<script type=\"application\/ld+json\" class=\"yoast-schema-graph\">{\"@context\":\"https:\\\/\\\/schema.org\",\"@graph\":[{\"@type\":\"WebPage\",\"@id\":\"https:\\\/\\\/tajkertesz.com\\\/termek\\\/olajos-rezken-se-05l\\\/\",\"url\":\"https:\\\/\\\/tajkertesz.com\\\/termek\\\/olajos-rezken-se-05l\\\/\",\"name\":\"Olajos R\u00e9zk\u00e9n SE 0,5l - T\u00e1jkert\u00e9sz\",\"isPartOf\":{\"@id\":\"https:\\\/\\\/tajkertesz.com\\\/#website\"},\"primaryImageOfPage\":{\"@id\":\"https:\\\/\\\/tajkertesz.com\\\/termek\\\/olajos-rezken-se-05l\\\/#primaryimage\"},\"image\":{\"@id\":\"https:\\\/\\\/tajkertesz.com\\\/termek\\\/olajos-rezken-se-05l\\\/#primaryimage\"},\"thumbnailUrl\":\"https:\\\/\\\/tajkertesz.com\\\/wp-content\\\/uploads\\\/2024\\\/01\\\/olai4401.jpg\",\"datePublished\":\"2024-01-30T15:12:09+00:00\",\"dateModified\":\"2026-02-13T09:08:00+00:00\",\"description\":\"Olajos R\u00e9zk\u00e9n SE 0,5l. Lemos\u00f3 permetez\u00e9sn\u00e9l rendk\u00edv\u00fcl fontos a permetez\u00e9s id\u0151pontj\u00e1nak a megv\u00e1laszt\u00e1sa. Kert\u00e9szeti kis-\u00e9s nagykeresked\u00e9s\",\"breadcrumb\":{\"@id\":\"https:\\\/\\\/tajkertesz.com\\\/termek\\\/olajos-rezken-se-05l\\\/#breadcrumb\"},\"inLanguage\":\"en-US\",\"potentialAction\":[{\"@type\":\"ReadAction\",\"target\":[\"https:\\\/\\\/tajkertesz.com\\\/termek\\\/olajos-rezken-se-05l\\\/\"]}]},{\"@type\":\"ImageObject\",\"inLanguage\":\"en-US\",\"@id\":\"https:\\\/\\\/tajkertesz.com\\\/termek\\\/olajos-rezken-se-05l\\\/#primaryimage\",\"url\":\"https:\\\/\\\/tajkertesz.com\\\/wp-content\\\/uploads\\\/2024\\\/01\\\/olai4401.jpg\",\"contentUrl\":\"https:\\\/\\\/tajkertesz.com\\\/wp-content\\\/uploads\\\/2024\\\/01\\\/olai4401.jpg\",\"width\":940,\"height\":788},{\"@type\":\"BreadcrumbList\",\"@id\":\"https:\\\/\\\/tajkertesz.com\\\/termek\\\/olajos-rezken-se-05l\\\/#breadcrumb\",\"itemListElement\":[{\"@type\":\"ListItem\",\"position\":1,\"name\":\"Home\",\"item\":\"https:\\\/\\\/tajkertesz.com\\\/\"},{\"@type\":\"ListItem\",\"position\":2,\"name\":\"Kezd\u0151lap\",\"item\":\"https:\\\/\\\/tajkertesz.com\\\/\"},{\"@type\":\"ListItem\",\"position\":3,\"name\":\"Olajos R\u00e9zk\u00e9n SE 0,5l\"}]},{\"@type\":\"WebSite\",\"@id\":\"https:\\\/\\\/tajkertesz.com\\\/#website\",\"url\":\"https:\\\/\\\/tajkertesz.com\\\/\",\"name\":\"T\u00e1j-Kert\u00e9sz 84 Kft.\",\"description\":\"Kert\u00e9szeti kis- \u00e9s nagykeresked\u00e9s, D\u00edszn\u00f6v\u00e9ny web\u00e1ruh\u00e1z orsz\u00e1gos h\u00e1zhozsz\u00e1ll\u00edt\u00e1ssal!\",\"publisher\":{\"@id\":\"https:\\\/\\\/tajkertesz.com\\\/#organization\"},\"potentialAction\":[{\"@type\":\"SearchAction\",\"target\":{\"@type\":\"EntryPoint\",\"urlTemplate\":\"https:\\\/\\\/tajkertesz.com\\\/?s={search_term_string}\"},\"query-input\":{\"@type\":\"PropertyValueSpecification\",\"valueRequired\":true,\"valueName\":\"search_term_string\"}}],\"inLanguage\":\"en-US\"},{\"@type\":\"Organization\",\"@id\":\"https:\\\/\\\/tajkertesz.com\\\/#organization\",\"name\":\"T\u00e1j-Kert\u00e9sz 84 Kft.\",\"url\":\"https:\\\/\\\/tajkertesz.com\\\/\",\"logo\":{\"@type\":\"ImageObject\",\"inLanguage\":\"en-US\",\"@id\":\"https:\\\/\\\/tajkertesz.com\\\/#\\\/schema\\\/logo\\\/image\\\/\",\"url\":\"https:\\\/\\\/tajkertesz.com\\\/wp-content\\\/uploads\\\/2018\\\/02\\\/logo-2-e1518678052539.png\",\"contentUrl\":\"https:\\\/\\\/tajkertesz.com\\\/wp-content\\\/uploads\\\/2018\\\/02\\\/logo-2-e1518678052539.png\",\"width\":81,\"height\":140,\"caption\":\"T\u00e1j-Kert\u00e9sz 84 Kft.\"},\"image\":{\"@id\":\"https:\\\/\\\/tajkertesz.com\\\/#\\\/schema\\\/logo\\\/image\\\/\"},\"sameAs\":[\"https:\\\/\\\/www.facebook.com\\\/Tajkertesz\\\/\"]}]}<\/script>\n<!-- \/ Yoast SEO plugin. -->","yoast_head_json":{"title":"Olajos R\u00e9zk\u00e9n SE 0,5l - T\u00e1jkert\u00e9sz","description":"Olajos R\u00e9zk\u00e9n SE 0,5l. Lemos\u00f3 permetez\u00e9sn\u00e9l rendk\u00edv\u00fcl fontos a permetez\u00e9s id\u0151pontj\u00e1nak a megv\u00e1laszt\u00e1sa. Kert\u00e9szeti kis-\u00e9s nagykeresked\u00e9s","robots":{"index":"index","follow":"follow","max-snippet":"max-snippet:-1","max-image-preview":"max-image-preview:large","max-video-preview":"max-video-preview:-1"},"canonical":"https:\/\/tajkertesz.com\/en_US\/product\/olajos-rezken-se-05l\/","og_locale":"en_US","og_type":"article","og_title":"Olajos R\u00e9zk\u00e9n SE 0,5l - T\u00e1jkert\u00e9sz","og_description":"Olajos R\u00e9zk\u00e9n SE 0,5l. Lemos\u00f3 permetez\u00e9sn\u00e9l rendk\u00edv\u00fcl fontos a permetez\u00e9s id\u0151pontj\u00e1nak a megv\u00e1laszt\u00e1sa. Kert\u00e9szeti kis-\u00e9s nagykeresked\u00e9s","og_url":"https:\/\/tajkertesz.com\/en_US\/product\/olajos-rezken-se-05l\/","og_site_name":"T\u00e1jkert\u00e9sz","article_publisher":"https:\/\/www.facebook.com\/Tajkertesz\/","article_modified_time":"2026-02-13T09:08:00+00:00","og_image":[{"width":940,"height":788,"url":"https:\/\/tajkertesz.com\/wp-content\/uploads\/2024\/01\/olai4401.jpg","type":"image\/jpeg"}],"twitter_card":"summary_large_image","twitter_misc":{"Est. reading time":"3 minutes"},"schema":{"@context":"https:\/\/schema.org","@graph":[{"@type":"WebPage","@id":"https:\/\/tajkertesz.com\/termek\/olajos-rezken-se-05l\/","url":"https:\/\/tajkertesz.com\/termek\/olajos-rezken-se-05l\/","name":"Olajos R\u00e9zk\u00e9n SE 0,5l - T\u00e1jkert\u00e9sz","isPartOf":{"@id":"https:\/\/tajkertesz.com\/#website"},"primaryImageOfPage":{"@id":"https:\/\/tajkertesz.com\/termek\/olajos-rezken-se-05l\/#primaryimage"},"image":{"@id":"https:\/\/tajkertesz.com\/termek\/olajos-rezken-se-05l\/#primaryimage"},"thumbnailUrl":"https:\/\/tajkertesz.com\/wp-content\/uploads\/2024\/01\/olai4401.jpg","datePublished":"2024-01-30T15:12:09+00:00","dateModified":"2026-02-13T09:08:00+00:00","description":"Olajos R\u00e9zk\u00e9n SE 0,5l. Lemos\u00f3 permetez\u00e9sn\u00e9l rendk\u00edv\u00fcl fontos a permetez\u00e9s id\u0151pontj\u00e1nak a megv\u00e1laszt\u00e1sa. Kert\u00e9szeti kis-\u00e9s nagykeresked\u00e9s","breadcrumb":{"@id":"https:\/\/tajkertesz.com\/termek\/olajos-rezken-se-05l\/#breadcrumb"},"inLanguage":"en-US","potentialAction":[{"@type":"ReadAction","target":["https:\/\/tajkertesz.com\/termek\/olajos-rezken-se-05l\/"]}]},{"@type":"ImageObject","inLanguage":"en-US","@id":"https:\/\/tajkertesz.com\/termek\/olajos-rezken-se-05l\/#primaryimage","url":"https:\/\/tajkertesz.com\/wp-content\/uploads\/2024\/01\/olai4401.jpg","contentUrl":"https:\/\/tajkertesz.com\/wp-content\/uploads\/2024\/01\/olai4401.jpg","width":940,"height":788},{"@type":"BreadcrumbList","@id":"https:\/\/tajkertesz.com\/termek\/olajos-rezken-se-05l\/#breadcrumb","itemListElement":[{"@type":"ListItem","position":1,"name":"Home","item":"https:\/\/tajkertesz.com\/"},{"@type":"ListItem","position":2,"name":"Kezd\u0151lap","item":"https:\/\/tajkertesz.com\/"},{"@type":"ListItem","position":3,"name":"Olajos R\u00e9zk\u00e9n SE 0,5l"}]},{"@type":"WebSite","@id":"https:\/\/tajkertesz.com\/#website","url":"https:\/\/tajkertesz.com\/","name":"T\u00e1j-Kert\u00e9sz 84 Kft.","description":"Kert\u00e9szeti kis- \u00e9s nagykeresked\u00e9s, D\u00edszn\u00f6v\u00e9ny web\u00e1ruh\u00e1z orsz\u00e1gos h\u00e1zhozsz\u00e1ll\u00edt\u00e1ssal!","publisher":{"@id":"https:\/\/tajkertesz.com\/#organization"},"potentialAction":[{"@type":"SearchAction","target":{"@type":"EntryPoint","urlTemplate":"https:\/\/tajkertesz.com\/?s={search_term_string}"},"query-input":{"@type":"PropertyValueSpecification","valueRequired":true,"valueName":"search_term_string"}}],"inLanguage":"en-US"},{"@type":"Organization","@id":"https:\/\/tajkertesz.com\/#organization","name":"T\u00e1j-Kert\u00e9sz 84 Kft.","url":"https:\/\/tajkertesz.com\/","logo":{"@type":"ImageObject","inLanguage":"en-US","@id":"https:\/\/tajkertesz.com\/#\/schema\/logo\/image\/","url":"https:\/\/tajkertesz.com\/wp-content\/uploads\/2018\/02\/logo-2-e1518678052539.png","contentUrl":"https:\/\/tajkertesz.com\/wp-content\/uploads\/2018\/02\/logo-2-e1518678052539.png","width":81,"height":140,"caption":"T\u00e1j-Kert\u00e9sz 84 Kft."},"image":{"@id":"https:\/\/tajkertesz.com\/#\/schema\/logo\/image\/"},"sameAs":["https:\/\/www.facebook.com\/Tajkertesz\/"]}]}},"_links":{"self":[{"href":"https:\/\/tajkertesz.com\/en_US\/wp-json\/wp\/v2\/product\/18978","targetHints":{"allow":["GET"]}}],"collection":[{"href":"https:\/\/tajkertesz.com\/en_US\/wp-json\/wp\/v2\/product"}],"about":[{"href":"https:\/\/tajkertesz.com\/en_US\/wp-json\/wp\/v2\/types\/product"}],"wp:featuredmedia":[{"embeddable":true,"href":"https:\/\/tajkertesz.com\/en_US\/wp-json\/wp\/v2\/media\/18979"}],"wp:attachment":[{"href":"https:\/\/tajkertesz.com\/en_US\/wp-json\/wp\/v2\/media?parent=18978"}],"wp:term":[{"taxonomy":"product_brand","embeddable":true,"href":"https:\/\/tajkertesz.com\/en_US\/wp-json\/wp\/v2\/product_brand?post=18978"},{"taxonomy":"product_cat","embeddable":true,"href":"https:\/\/tajkertesz.com\/en_US\/wp-json\/wp\/v2\/product_cat?post=18978"},{"taxonomy":"product_tag","embeddable":true,"href":"https:\/\/tajkertesz.com\/en_US\/wp-json\/wp\/v2\/product_tag?post=18978"}],"curies":[{"name":"wp","href":"https:\/\/api.w.org\/{rel}","templated":true}]}}